{"id":457506,"date":"2016-12-01T09:29:04","date_gmt":"2016-12-01T07:29:04","guid":{"rendered":"https:\/\/beebipood.ee\/toode\/hauck-jalutuskaru-shopper-neo-ii-grey\/"},"modified":"2025-01-09T10:49:43","modified_gmt":"2025-01-09T08:49:43","slug":"hauck-jalutuskaru-shopper-neo-ii-grey","status":"publish","type":"product","link":"https:\/\/beebipood.ee\/ru\/produkt\/hauck-jalutuskaru-shopper-neo-ii-grey\/","title":{"rendered":"Hauck jalutusk\u00e4ru Shopper Neo II, Grey"},"content":{"rendered":"<p>Shopper Neo II on t\u00e4iuslik kaaslane linnas, shoppamisel ja reisil<br \/>Sportlik ja kerge, hea man\u00f6\u00f6verdamisv\u00f5imega jalutusk\u00e4ru.<br \/>T\u00e4nu innovatiivsele One-hand s\u00fcsteemile k\u00e4ib v\u00e4ga kergesti kokku\/lahti<br \/>kokkupandav \u00fche k\u00e4ega<br \/>vedrustus<br \/>l\u00fckkesangal mugav topsihoidja<br \/>esirattad keerlevad\/lukustatavad<br \/>tagumine jalgpidur<br \/>jala- ja seljatugi reguleeritavad mitmesse asendisse<br \/>5-punkti pehmendusega turvav\u00f6\u00f6<br \/>turvakaar eemadatav<br \/>suur ostukorv<br \/>katted eemaldatavad<br \/>kasutatav s\u00fcnnist 0 kuni 25kg<br \/><span style=\"text-decoration: underline;\">Andmed<\/span><br \/>m\u00f5\u00f5dud lahtiselt 92 x 54 x 106 cm\u00a0<br \/>m\u00f5\u00f5dud kokkupandult 92 x 54 x 38 cm\u00a0<br \/>istme laius 33 cm<br \/>istme s\u00fcgavus 22 cm<br \/>seljatoe k\u00f5rgus 44 cm<br \/>lamamisosa pikkus 78 cm<br \/>lamamiskalle 104 &#8212; 156 \u00b0\u00a0<br \/>esiratta l\u00e4bim\u00f5\u00f5t 17,5 cm\u00a0<br \/>tagumiste rataste l\u00e4bim\u00f5\u00f5t 17,5 cm<br \/>jalutusk\u00e4ru kaal 7,95 kg<br \/>kandev\u00f5ime: 25kg<\/p>\n","protected":false},"excerpt":{"rendered":"<p>Shopper Neo II on t\u00e4iuslik kaaslane linnas, shoppamisel ja reisilSportlik ja kerge, hea man\u00f6\u00f6verdamisv\u00f5imega jalutusk\u00e4ru.T\u00e4nu innovatiivsele One-hand s\u00fcsteemile k\u00e4ib v\u00e4ga kergesti kokku\/lahtikokkupandav \u00fche k\u00e4egavedrustusl\u00fckkesangal mugav topsihoidjaesirattad keerlevad\/lukustatavadtagumine jalgpidurjala- ja seljatugi reguleeritavad mitmesse asendisse5-punkti pehmendusega turvav\u00f6\u00f6turvakaar eemadatavsuur ostukorvkatted eemaldatavadkasutatav s\u00fcnnist 0 kuni 25kgAndmedm\u00f5\u00f5dud lahtiselt 92 x 54 x 106 cm\u00a0m\u00f5\u00f5dud kokkupandult 92 x 54 x 38 [&hellip;]<\/p>\n","protected":false},"featured_media":115694,"template":"","meta":{"_acf_changed":false},"pwb-brand":[11952],"product_brand":[],"product_cat":[11721,11717],"product_tag":[],"class_list":{"0":"post-457506","1":"product","2":"type-product","3":"status-publish","4":"has-post-thumbnail","6":"pwb-brand-hauck-ru","7":"product_cat-jalutuskarud-ru","8":"product_cat-lastevankrid-ja-karud-ru","9":"pa_manufacturer-hauck-ru","11":"first","12":"onbackorder","13":"taxable","14":"shipping-taxable","15":"purchasable","16":"product-type-simple"},"exclude_global_add_ons":[],"addons":[],"acf":[],"yoast_head":"<!-- This site is optimized with the Yoast SEO plugin v27.1.1 - https:\/\/yoast.com\/product\/yoast-seo-wordpress\/ -->\n<title>Hauck jalutusk\u00e4ru Shopper Neo II, Grey, \u041a\u043e\u043b\u044f\u0441\u043a\u0438, \u041f\u0440\u043e\u0433\u0443\u043b\u043e\u0447\u043d\u044b\u0435 \u043a\u043e\u043b\u044f\u0441\u043a\u0438, Beebipood<\/title>\n<meta name=\"description\" content=\"Hauck jalutusk\u00e4ru Shopper Neo II, Grey, Shopper Neo II on t&auml;iuslik kaaslane linnas, shoppamisel ja reisilSportlik ja kerge, hea man&ouml;&ouml;ve\" \/>\n<meta name=\"robots\" content=\"index, follow, max-snippet:-1, max-image-preview:large, max-video-preview:-1\" \/>\n<link rel=\"canonical\" href=\"https:\/\/beebipood.ee\/ru\/produkt\/hauck-jalutuskaru-shopper-neo-ii-grey\/\" \/>\n<meta property=\"og:locale\" content=\"ru_RU\" \/>\n<meta property=\"og:type\" content=\"article\" \/>\n<meta property=\"og:title\" content=\"Hauck jalutusk\u00e4ru Shopper Neo II, Grey, \u041a\u043e\u043b\u044f\u0441\u043a\u0438, \u041f\u0440\u043e\u0433\u0443\u043b\u043e\u0447\u043d\u044b\u0435 \u043a\u043e\u043b\u044f\u0441\u043a\u0438, Beebipood\" \/>\n<meta property=\"og:description\" content=\"Hauck jalutusk\u00e4ru Shopper Neo II, Grey, Shopper Neo II on t&auml;iuslik kaaslane linnas, shoppamisel ja reisilSportlik ja kerge, hea man&ouml;&ouml;ve\" \/>\n<meta property=\"og:url\" content=\"https:\/\/beebipood.ee\/ru\/produkt\/hauck-jalutuskaru-shopper-neo-ii-grey\/\" \/>\n<meta property=\"og:site_name\" content=\"Beebipood\" \/>\n<meta property=\"article:modified_time\" content=\"2025-01-09T08:49:43+00:00\" \/>\n<meta property=\"og:image\" content=\"https:\/\/beebipood.ee\/wp-content\/uploads\/2016\/12\/Hauck-jalutuskaru-Shopper-Neo-II-Grey-Lastevankrid-ja-karud-Jalutuskarud_1-7ab.jpg\" \/>\n\t<meta property=\"og:image:width\" content=\"1500\" \/>\n\t<meta property=\"og:image:height\" content=\"1500\" \/>\n\t<meta property=\"og:image:type\" content=\"image\/jpeg\" \/>\n<meta name=\"twitter:card\" content=\"summary_large_image\" \/>\n<script type=\"application\/ld+json\" class=\"yoast-schema-graph\">{\"@context\":\"https:\/\/schema.org\",\"@graph\":[{\"@type\":\"WebPage\",\"@id\":\"https:\/\/beebipood.ee\/ru\/produkt\/hauck-jalutuskaru-shopper-neo-ii-grey\/\",\"url\":\"https:\/\/beebipood.ee\/ru\/produkt\/hauck-jalutuskaru-shopper-neo-ii-grey\/\",\"name\":\"Hauck jalutusk\u00e4ru Shopper Neo II, Grey, \u041a\u043e\u043b\u044f\u0441\u043a\u0438, \u041f\u0440\u043e\u0433\u0443\u043b\u043e\u0447\u043d\u044b\u0435 \u043a\u043e\u043b\u044f\u0441\u043a\u0438, Beebipood\",\"isPartOf\":{\"@id\":\"https:\/\/beebipood.ee\/ru\/#website\"},\"primaryImageOfPage\":{\"@id\":\"https:\/\/beebipood.ee\/ru\/produkt\/hauck-jalutuskaru-shopper-neo-ii-grey\/#primaryimage\"},\"image\":{\"@id\":\"https:\/\/beebipood.ee\/ru\/produkt\/hauck-jalutuskaru-shopper-neo-ii-grey\/#primaryimage\"},\"thumbnailUrl\":\"https:\/\/beebipood.ee\/wp-content\/uploads\/2016\/12\/Hauck-jalutuskaru-Shopper-Neo-II-Grey-Lastevankrid-ja-karud-Jalutuskarud_1-7ab.jpg\",\"datePublished\":\"2016-12-01T07:29:04+00:00\",\"dateModified\":\"2025-01-09T08:49:43+00:00\",\"description\":\"Hauck jalutusk\u00e4ru Shopper Neo II, Grey, Shopper Neo II on t&auml;iuslik kaaslane linnas, shoppamisel ja reisilSportlik ja kerge, hea man&ouml;&ouml;ve\",\"breadcrumb\":{\"@id\":\"https:\/\/beebipood.ee\/ru\/produkt\/hauck-jalutuskaru-shopper-neo-ii-grey\/#breadcrumb\"},\"inLanguage\":\"ru-RU\",\"potentialAction\":[{\"@type\":\"ReadAction\",\"target\":[\"https:\/\/beebipood.ee\/ru\/produkt\/hauck-jalutuskaru-shopper-neo-ii-grey\/\"]}]},{\"@type\":\"ImageObject\",\"inLanguage\":\"ru-RU\",\"@id\":\"https:\/\/beebipood.ee\/ru\/produkt\/hauck-jalutuskaru-shopper-neo-ii-grey\/#primaryimage\",\"url\":\"https:\/\/beebipood.ee\/wp-content\/uploads\/2016\/12\/Hauck-jalutuskaru-Shopper-Neo-II-Grey-Lastevankrid-ja-karud-Jalutuskarud_1-7ab.jpg\",\"contentUrl\":\"https:\/\/beebipood.ee\/wp-content\/uploads\/2016\/12\/Hauck-jalutuskaru-Shopper-Neo-II-Grey-Lastevankrid-ja-karud-Jalutuskarud_1-7ab.jpg\",\"width\":1500,\"height\":1500},{\"@type\":\"BreadcrumbList\",\"@id\":\"https:\/\/beebipood.ee\/ru\/produkt\/hauck-jalutuskaru-shopper-neo-ii-grey\/#breadcrumb\",\"itemListElement\":[{\"@type\":\"ListItem\",\"position\":1,\"name\":\"Home\",\"item\":\"https:\/\/beebipood.ee\/ru\/\"},{\"@type\":\"ListItem\",\"position\":2,\"name\":\"\u041a\u0430\u0442\u0430\u043b\u043e\u0433 \u0442\u043e\u0432\u0430\u0440\u043e\u0432\",\"item\":\"https:\/\/beebipood.ee\/tooted\/\"},{\"@type\":\"ListItem\",\"position\":3,\"name\":\"Hauck jalutusk\u00e4ru Shopper Neo II, Grey\"}]},{\"@type\":\"WebSite\",\"@id\":\"https:\/\/beebipood.ee\/ru\/#website\",\"url\":\"https:\/\/beebipood.ee\/ru\/\",\"name\":\"Beebipood\",\"description\":\"Lastekaubad, beebikaubad, m\u00e4nguasjad\",\"publisher\":{\"@id\":\"https:\/\/beebipood.ee\/ru\/#organization\"},\"potentialAction\":[{\"@type\":\"SearchAction\",\"target\":{\"@type\":\"EntryPoint\",\"urlTemplate\":\"https:\/\/beebipood.ee\/ru\/?s={search_term_string}\"},\"query-input\":{\"@type\":\"PropertyValueSpecification\",\"valueRequired\":true,\"valueName\":\"search_term_string\"}}],\"inLanguage\":\"ru-RU\"},{\"@type\":\"Organization\",\"@id\":\"https:\/\/beebipood.ee\/ru\/#organization\",\"name\":\"Beebipood\",\"url\":\"https:\/\/beebipood.ee\/ru\/\",\"logo\":{\"@type\":\"ImageObject\",\"inLanguage\":\"ru-RU\",\"@id\":\"https:\/\/beebipood.ee\/ru\/#\/schema\/logo\/image\/\",\"url\":\"https:\/\/beebipood.ee\/wp-content\/uploads\/2025\/03\/beebipood.ee-logo-1.svg\",\"contentUrl\":\"https:\/\/beebipood.ee\/wp-content\/uploads\/2025\/03\/beebipood.ee-logo-1.svg\",\"caption\":\"Beebipood\"},\"image\":{\"@id\":\"https:\/\/beebipood.ee\/ru\/#\/schema\/logo\/image\/\"}}]}<\/script>\n<!-- \/ Yoast SEO plugin. -->","yoast_head_json":{"title":"Hauck jalutusk\u00e4ru Shopper Neo II, Grey, \u041a\u043e\u043b\u044f\u0441\u043a\u0438, \u041f\u0440\u043e\u0433\u0443\u043b\u043e\u0447\u043d\u044b\u0435 \u043a\u043e\u043b\u044f\u0441\u043a\u0438, Beebipood","description":"Hauck jalutusk\u00e4ru Shopper Neo II, Grey, Shopper Neo II on t&auml;iuslik kaaslane linnas, shoppamisel ja reisilSportlik ja kerge, hea man&ouml;&ouml;ve","robots":{"index":"index","follow":"follow","max-snippet":"max-snippet:-1","max-image-preview":"max-image-preview:large","max-video-preview":"max-video-preview:-1"},"canonical":"https:\/\/beebipood.ee\/ru\/produkt\/hauck-jalutuskaru-shopper-neo-ii-grey\/","og_locale":"ru_RU","og_type":"article","og_title":"Hauck jalutusk\u00e4ru Shopper Neo II, Grey, \u041a\u043e\u043b\u044f\u0441\u043a\u0438, \u041f\u0440\u043e\u0433\u0443\u043b\u043e\u0447\u043d\u044b\u0435 \u043a\u043e\u043b\u044f\u0441\u043a\u0438, Beebipood","og_description":"Hauck jalutusk\u00e4ru Shopper Neo II, Grey, Shopper Neo II on t&auml;iuslik kaaslane linnas, shoppamisel ja reisilSportlik ja kerge, hea man&ouml;&ouml;ve","og_url":"https:\/\/beebipood.ee\/ru\/produkt\/hauck-jalutuskaru-shopper-neo-ii-grey\/","og_site_name":"Beebipood","article_modified_time":"2025-01-09T08:49:43+00:00","og_image":[{"width":1500,"height":1500,"url":"https:\/\/beebipood.ee\/wp-content\/uploads\/2016\/12\/Hauck-jalutuskaru-Shopper-Neo-II-Grey-Lastevankrid-ja-karud-Jalutuskarud_1-7ab.jpg","type":"image\/jpeg"}],"twitter_card":"summary_large_image","schema":{"@context":"https:\/\/schema.org","@graph":[{"@type":"WebPage","@id":"https:\/\/beebipood.ee\/ru\/produkt\/hauck-jalutuskaru-shopper-neo-ii-grey\/","url":"https:\/\/beebipood.ee\/ru\/produkt\/hauck-jalutuskaru-shopper-neo-ii-grey\/","name":"Hauck jalutusk\u00e4ru Shopper Neo II, Grey, \u041a\u043e\u043b\u044f\u0441\u043a\u0438, \u041f\u0440\u043e\u0433\u0443\u043b\u043e\u0447\u043d\u044b\u0435 \u043a\u043e\u043b\u044f\u0441\u043a\u0438, Beebipood","isPartOf":{"@id":"https:\/\/beebipood.ee\/ru\/#website"},"primaryImageOfPage":{"@id":"https:\/\/beebipood.ee\/ru\/produkt\/hauck-jalutuskaru-shopper-neo-ii-grey\/#primaryimage"},"image":{"@id":"https:\/\/beebipood.ee\/ru\/produkt\/hauck-jalutuskaru-shopper-neo-ii-grey\/#primaryimage"},"thumbnailUrl":"https:\/\/beebipood.ee\/wp-content\/uploads\/2016\/12\/Hauck-jalutuskaru-Shopper-Neo-II-Grey-Lastevankrid-ja-karud-Jalutuskarud_1-7ab.jpg","datePublished":"2016-12-01T07:29:04+00:00","dateModified":"2025-01-09T08:49:43+00:00","description":"Hauck jalutusk\u00e4ru Shopper Neo II, Grey, Shopper Neo II on t&auml;iuslik kaaslane linnas, shoppamisel ja reisilSportlik ja kerge, hea man&ouml;&ouml;ve","breadcrumb":{"@id":"https:\/\/beebipood.ee\/ru\/produkt\/hauck-jalutuskaru-shopper-neo-ii-grey\/#breadcrumb"},"inLanguage":"ru-RU","potentialAction":[{"@type":"ReadAction","target":["https:\/\/beebipood.ee\/ru\/produkt\/hauck-jalutuskaru-shopper-neo-ii-grey\/"]}]},{"@type":"ImageObject","inLanguage":"ru-RU","@id":"https:\/\/beebipood.ee\/ru\/produkt\/hauck-jalutuskaru-shopper-neo-ii-grey\/#primaryimage","url":"https:\/\/beebipood.ee\/wp-content\/uploads\/2016\/12\/Hauck-jalutuskaru-Shopper-Neo-II-Grey-Lastevankrid-ja-karud-Jalutuskarud_1-7ab.jpg","contentUrl":"https:\/\/beebipood.ee\/wp-content\/uploads\/2016\/12\/Hauck-jalutuskaru-Shopper-Neo-II-Grey-Lastevankrid-ja-karud-Jalutuskarud_1-7ab.jpg","width":1500,"height":1500},{"@type":"BreadcrumbList","@id":"https:\/\/beebipood.ee\/ru\/produkt\/hauck-jalutuskaru-shopper-neo-ii-grey\/#breadcrumb","itemListElement":[{"@type":"ListItem","position":1,"name":"Home","item":"https:\/\/beebipood.ee\/ru\/"},{"@type":"ListItem","position":2,"name":"\u041a\u0430\u0442\u0430\u043b\u043e\u0433 \u0442\u043e\u0432\u0430\u0440\u043e\u0432","item":"https:\/\/beebipood.ee\/tooted\/"},{"@type":"ListItem","position":3,"name":"Hauck jalutusk\u00e4ru Shopper Neo II, Grey"}]},{"@type":"WebSite","@id":"https:\/\/beebipood.ee\/ru\/#website","url":"https:\/\/beebipood.ee\/ru\/","name":"Beebipood","description":"Lastekaubad, beebikaubad, m\u00e4nguasjad","publisher":{"@id":"https:\/\/beebipood.ee\/ru\/#organization"},"potentialAction":[{"@type":"SearchAction","target":{"@type":"EntryPoint","urlTemplate":"https:\/\/beebipood.ee\/ru\/?s={search_term_string}"},"query-input":{"@type":"PropertyValueSpecification","valueRequired":true,"valueName":"search_term_string"}}],"inLanguage":"ru-RU"},{"@type":"Organization","@id":"https:\/\/beebipood.ee\/ru\/#organization","name":"Beebipood","url":"https:\/\/beebipood.ee\/ru\/","logo":{"@type":"ImageObject","inLanguage":"ru-RU","@id":"https:\/\/beebipood.ee\/ru\/#\/schema\/logo\/image\/","url":"https:\/\/beebipood.ee\/wp-content\/uploads\/2025\/03\/beebipood.ee-logo-1.svg","contentUrl":"https:\/\/beebipood.ee\/wp-content\/uploads\/2025\/03\/beebipood.ee-logo-1.svg","caption":"Beebipood"},"image":{"@id":"https:\/\/beebipood.ee\/ru\/#\/schema\/logo\/image\/"}}]}},"brands":[{"id":11952,"name":"Hauck","slug":"hauck-ru"}],"_links":{"self":[{"href":"https:\/\/beebipood.ee\/ru\/wp-json\/wp\/v2\/product\/457506","targetHints":{"allow":["GET"]}}],"collection":[{"href":"https:\/\/beebipood.ee\/ru\/wp-json\/wp\/v2\/product"}],"about":[{"href":"https:\/\/beebipood.ee\/ru\/wp-json\/wp\/v2\/types\/product"}],"wp:featuredmedia":[{"embeddable":true,"href":"https:\/\/beebipood.ee\/ru\/wp-json\/wp\/v2\/media\/115694"}],"wp:attachment":[{"href":"https:\/\/beebipood.ee\/ru\/wp-json\/wp\/v2\/media?parent=457506"}],"wp:term":[{"taxonomy":"pwb-brand","embeddable":true,"href":"https:\/\/beebipood.ee\/ru\/wp-json\/wp\/v2\/pwb-brand?post=457506"},{"taxonomy":"product_brand","embeddable":true,"href":"https:\/\/beebipood.ee\/ru\/wp-json\/wp\/v2\/product_brand?post=457506"},{"taxonomy":"product_cat","embeddable":true,"href":"https:\/\/beebipood.ee\/ru\/wp-json\/wp\/v2\/product_cat?post=457506"},{"taxonomy":"product_tag","embeddable":true,"href":"https:\/\/beebipood.ee\/ru\/wp-json\/wp\/v2\/product_tag?post=457506"}],"curies":[{"name":"wp","href":"https:\/\/api.w.org\/{rel}","templated":true}]}}