{"id":457512,"date":"2016-12-01T11:05:03","date_gmt":"2016-12-01T09:05:03","guid":{"rendered":"https:\/\/beebipood.ee\/toode\/hauck-swift-x-duo-kaksikute-kergkaru-black\/"},"modified":"2025-01-09T10:49:42","modified_gmt":"2025-01-09T08:49:42","slug":"hauck-swift-x-duo-kaksikute-kergkaru-black","status":"publish","type":"product","link":"https:\/\/beebipood.ee\/ru\/produkt\/hauck-swift-x-duo-kaksikute-kergkaru-black\/","title":{"rendered":"Hauck Swift X Duo kaksikute kergk\u00e4ru, Black"},"content":{"rendered":"<p>Kompaktne ja kerge kaksikute jalustusk\u00e4ru<\/p>\n<p>T\u00e4nu innovatiivsele One Hand Fold s\u00fcsteemile k\u00e4ib v\u00e4ga kergesti kokku\/lahti<br \/>Mugavad ja hingavad kangad, vetth\u00fclgav ja UPF 50+<br \/>Kaarvarju saab vajadusel pikendada \u00fche sektsiooni v\u00f5rra<br \/>Polsterdatud 5-punkti turvarihmad<br \/>Mugav polsterdatud iste<br \/>Allalastav seljatugi<br \/>Seljatuge on v\u00f5imalik lasta alla moodustades peaaegu horisontaalse tasapinna (80cm)<br \/>Reguleeritav jalgade tugi ei j\u00e4ta magava lapse jalgu rippuma<br \/>Turvakaar eemadatav<br \/>Mahukas kaubakorv<br \/>Katted eemaldatavad<br \/>K\u00f5rgkvaliteetsed rattad<br \/>P\u00f6\u00f6rlevad (360\u02da) ja lukustatavad esirattad<br \/>Jalaga seisupidur<br \/>Kasutatav s\u00fcnnist 0 kuni 2x15kg<br \/>Aimult 75 cm lai &#8212; mahub h\u00e4sti l\u00e4bi uste ning ka liti<\/p>\n<p>M\u00f5\u00f5dud lahtiselt: 84 x 75 x 102cm<br \/>M\u00f5\u00f5dud kokkupandult: 58 x 75,5 x 32 cm<br \/>Istme laius: 26 cm<br \/>Lamamiskalle: 117 &#8212; 161 \u00b0<br \/>Esiratta l\u00e4bim\u00f5\u00f5t 13,5 cm<br \/>Tagumiste rataste l\u00e4bim\u00f5\u00f5t 17 cm<br \/>Jalutusk\u00e4ru kaal 12,30 kg<br \/>Kandev\u00f5ime: 2x15kg k\u00e4ru + 2x3kg kaubakorv (36kg)<\/p>\n","protected":false},"excerpt":{"rendered":"<p>Kompaktne ja kerge kaksikute jalustusk\u00e4ru T\u00e4nu innovatiivsele One Hand Fold s\u00fcsteemile k\u00e4ib v\u00e4ga kergesti kokku\/lahtiMugavad ja hingavad kangad, vetth\u00fclgav ja UPF 50+Kaarvarju saab vajadusel pikendada \u00fche sektsiooni v\u00f5rraPolsterdatud 5-punkti turvarihmadMugav polsterdatud isteAllalastav seljatugiSeljatuge on v\u00f5imalik lasta alla moodustades peaaegu horisontaalse tasapinna (80cm)Reguleeritav jalgade tugi ei j\u00e4ta magava lapse jalgu rippumaTurvakaar eemadatavMahukas kaubakorvKatted eemaldatavadK\u00f5rgkvaliteetsed rattadP\u00f6\u00f6rlevad (360\u02da) [&hellip;]<\/p>\n","protected":false},"featured_media":115798,"template":"","meta":{"_acf_changed":false},"pwb-brand":[11952],"product_brand":[],"product_cat":[11723,11717],"product_tag":[],"class_list":{"0":"post-457512","1":"product","2":"type-product","3":"status-publish","4":"has-post-thumbnail","6":"pwb-brand-hauck-ru","7":"product_cat-kaksikutele-ru","8":"product_cat-lastevankrid-ja-karud-ru","9":"pa_manufacturer-hauck-ru","11":"first","12":"onbackorder","13":"taxable","14":"shipping-taxable","15":"purchasable","16":"product-type-simple"},"exclude_global_add_ons":[],"addons":[],"acf":[],"yoast_head":"<!-- This site is optimized with the Yoast SEO plugin v27.3 - https:\/\/yoast.com\/product\/yoast-seo-wordpress\/ -->\n<title>Hauck Swift X Duo kaksikute kergk\u00e4ru, Black, \u041a\u043e\u043b\u044f\u0441\u043a\u0438, \u0414\u043b\u044f \u0434\u0432\u043e\u0439\u043d\u044f\u0448\u0435\u043a, Beebipood<\/title>\n<meta name=\"description\" content=\"Hauck Swift X Duo kaksikute kergk\u00e4ru, Black, Kompaktne ja kerge kaksikute jalustusk&auml;ruT&auml;nu innovatiivsele One Hand Fold s&uuml;steemil\" \/>\n<meta name=\"robots\" content=\"index, follow, max-snippet:-1, max-image-preview:large, max-video-preview:-1\" \/>\n<link rel=\"canonical\" href=\"https:\/\/beebipood.ee\/ru\/produkt\/hauck-swift-x-duo-kaksikute-kergkaru-black\/\" \/>\n<meta property=\"og:locale\" content=\"ru_RU\" \/>\n<meta property=\"og:type\" content=\"article\" \/>\n<meta property=\"og:title\" content=\"Hauck Swift X Duo kaksikute kergk\u00e4ru, Black, \u041a\u043e\u043b\u044f\u0441\u043a\u0438, \u0414\u043b\u044f \u0434\u0432\u043e\u0439\u043d\u044f\u0448\u0435\u043a, Beebipood\" \/>\n<meta property=\"og:description\" content=\"Hauck Swift X Duo kaksikute kergk\u00e4ru, Black, Kompaktne ja kerge kaksikute jalustusk&auml;ruT&auml;nu innovatiivsele One Hand Fold s&uuml;steemil\" \/>\n<meta property=\"og:url\" content=\"https:\/\/beebipood.ee\/ru\/produkt\/hauck-swift-x-duo-kaksikute-kergkaru-black\/\" \/>\n<meta property=\"og:site_name\" content=\"Beebipood\" \/>\n<meta property=\"article:modified_time\" content=\"2025-01-09T08:49:42+00:00\" \/>\n<meta property=\"og:image\" content=\"https:\/\/beebipood.ee\/wp-content\/uploads\/2016\/12\/Hauck-Swift-X-Duo-kaksikute-kergkaru-Black-Lastevankrid-ja-karud-Kaksikutele_2-1fb.jpg\" \/>\n\t<meta property=\"og:image:width\" content=\"1500\" \/>\n\t<meta property=\"og:image:height\" content=\"1500\" \/>\n\t<meta property=\"og:image:type\" content=\"image\/jpeg\" \/>\n<meta name=\"twitter:card\" content=\"summary_large_image\" \/>\n<meta name=\"twitter:label1\" content=\"\u041f\u0440\u0438\u043c\u0435\u0440\u043d\u043e\u0435 \u0432\u0440\u0435\u043c\u044f \u0434\u043b\u044f \u0447\u0442\u0435\u043d\u0438\u044f\" \/>\n\t<meta name=\"twitter:data1\" content=\"1 \u043c\u0438\u043d\u0443\u0442\u0430\" \/>\n<script type=\"application\/ld+json\" class=\"yoast-schema-graph\">{\"@context\":\"https:\\\/\\\/schema.org\",\"@graph\":[{\"@type\":\"WebPage\",\"@id\":\"https:\\\/\\\/beebipood.ee\\\/ru\\\/produkt\\\/hauck-swift-x-duo-kaksikute-kergkaru-black\\\/\",\"url\":\"https:\\\/\\\/beebipood.ee\\\/ru\\\/produkt\\\/hauck-swift-x-duo-kaksikute-kergkaru-black\\\/\",\"name\":\"Hauck Swift X Duo kaksikute kergk\u00e4ru, Black, \u041a\u043e\u043b\u044f\u0441\u043a\u0438, \u0414\u043b\u044f \u0434\u0432\u043e\u0439\u043d\u044f\u0448\u0435\u043a, Beebipood\",\"isPartOf\":{\"@id\":\"https:\\\/\\\/beebipood.ee\\\/ru\\\/#website\"},\"primaryImageOfPage\":{\"@id\":\"https:\\\/\\\/beebipood.ee\\\/ru\\\/produkt\\\/hauck-swift-x-duo-kaksikute-kergkaru-black\\\/#primaryimage\"},\"image\":{\"@id\":\"https:\\\/\\\/beebipood.ee\\\/ru\\\/produkt\\\/hauck-swift-x-duo-kaksikute-kergkaru-black\\\/#primaryimage\"},\"thumbnailUrl\":\"https:\\\/\\\/beebipood.ee\\\/wp-content\\\/uploads\\\/2016\\\/12\\\/Hauck-Swift-X-Duo-kaksikute-kergkaru-Black-Lastevankrid-ja-karud-Kaksikutele_2-1fb.jpg\",\"datePublished\":\"2016-12-01T09:05:03+00:00\",\"dateModified\":\"2025-01-09T08:49:42+00:00\",\"description\":\"Hauck Swift X Duo kaksikute kergk\u00e4ru, Black, Kompaktne ja kerge kaksikute jalustusk&auml;ruT&auml;nu innovatiivsele One Hand Fold s&uuml;steemil\",\"breadcrumb\":{\"@id\":\"https:\\\/\\\/beebipood.ee\\\/ru\\\/produkt\\\/hauck-swift-x-duo-kaksikute-kergkaru-black\\\/#breadcrumb\"},\"inLanguage\":\"ru-RU\",\"potentialAction\":[{\"@type\":\"ReadAction\",\"target\":[\"https:\\\/\\\/beebipood.ee\\\/ru\\\/produkt\\\/hauck-swift-x-duo-kaksikute-kergkaru-black\\\/\"]}]},{\"@type\":\"ImageObject\",\"inLanguage\":\"ru-RU\",\"@id\":\"https:\\\/\\\/beebipood.ee\\\/ru\\\/produkt\\\/hauck-swift-x-duo-kaksikute-kergkaru-black\\\/#primaryimage\",\"url\":\"https:\\\/\\\/beebipood.ee\\\/wp-content\\\/uploads\\\/2016\\\/12\\\/Hauck-Swift-X-Duo-kaksikute-kergkaru-Black-Lastevankrid-ja-karud-Kaksikutele_2-1fb.jpg\",\"contentUrl\":\"https:\\\/\\\/beebipood.ee\\\/wp-content\\\/uploads\\\/2016\\\/12\\\/Hauck-Swift-X-Duo-kaksikute-kergkaru-Black-Lastevankrid-ja-karud-Kaksikutele_2-1fb.jpg\",\"width\":1500,\"height\":1500},{\"@type\":\"BreadcrumbList\",\"@id\":\"https:\\\/\\\/beebipood.ee\\\/ru\\\/produkt\\\/hauck-swift-x-duo-kaksikute-kergkaru-black\\\/#breadcrumb\",\"itemListElement\":[{\"@type\":\"ListItem\",\"position\":1,\"name\":\"Home\",\"item\":\"https:\\\/\\\/beebipood.ee\\\/ru\\\/\"},{\"@type\":\"ListItem\",\"position\":2,\"name\":\"\u041a\u0430\u0442\u0430\u043b\u043e\u0433 \u0442\u043e\u0432\u0430\u0440\u043e\u0432\",\"item\":\"https:\\\/\\\/beebipood.ee\\\/tooted\\\/\"},{\"@type\":\"ListItem\",\"position\":3,\"name\":\"Hauck Swift X Duo kaksikute kergk\u00e4ru, Black\"}]},{\"@type\":\"WebSite\",\"@id\":\"https:\\\/\\\/beebipood.ee\\\/ru\\\/#website\",\"url\":\"https:\\\/\\\/beebipood.ee\\\/ru\\\/\",\"name\":\"Beebipood\",\"description\":\"Lastekaubad, beebikaubad, m\u00e4nguasjad\",\"publisher\":{\"@id\":\"https:\\\/\\\/beebipood.ee\\\/ru\\\/#organization\"},\"potentialAction\":[{\"@type\":\"SearchAction\",\"target\":{\"@type\":\"EntryPoint\",\"urlTemplate\":\"https:\\\/\\\/beebipood.ee\\\/ru\\\/?s={search_term_string}\"},\"query-input\":{\"@type\":\"PropertyValueSpecification\",\"valueRequired\":true,\"valueName\":\"search_term_string\"}}],\"inLanguage\":\"ru-RU\"},{\"@type\":\"Organization\",\"@id\":\"https:\\\/\\\/beebipood.ee\\\/ru\\\/#organization\",\"name\":\"Beebipood\",\"url\":\"https:\\\/\\\/beebipood.ee\\\/ru\\\/\",\"logo\":{\"@type\":\"ImageObject\",\"inLanguage\":\"ru-RU\",\"@id\":\"https:\\\/\\\/beebipood.ee\\\/ru\\\/#\\\/schema\\\/logo\\\/image\\\/\",\"url\":\"https:\\\/\\\/beebipood.ee\\\/wp-content\\\/uploads\\\/2025\\\/03\\\/beebipood.ee-logo-1.svg\",\"contentUrl\":\"https:\\\/\\\/beebipood.ee\\\/wp-content\\\/uploads\\\/2025\\\/03\\\/beebipood.ee-logo-1.svg\",\"caption\":\"Beebipood\"},\"image\":{\"@id\":\"https:\\\/\\\/beebipood.ee\\\/ru\\\/#\\\/schema\\\/logo\\\/image\\\/\"}}]}<\/script>\n<!-- \/ Yoast SEO plugin. -->","yoast_head_json":{"title":"Hauck Swift X Duo kaksikute kergk\u00e4ru, Black, \u041a\u043e\u043b\u044f\u0441\u043a\u0438, \u0414\u043b\u044f \u0434\u0432\u043e\u0439\u043d\u044f\u0448\u0435\u043a, Beebipood","description":"Hauck Swift X Duo kaksikute kergk\u00e4ru, Black, Kompaktne ja kerge kaksikute jalustusk&auml;ruT&auml;nu innovatiivsele One Hand Fold s&uuml;steemil","robots":{"index":"index","follow":"follow","max-snippet":"max-snippet:-1","max-image-preview":"max-image-preview:large","max-video-preview":"max-video-preview:-1"},"canonical":"https:\/\/beebipood.ee\/ru\/produkt\/hauck-swift-x-duo-kaksikute-kergkaru-black\/","og_locale":"ru_RU","og_type":"article","og_title":"Hauck Swift X Duo kaksikute kergk\u00e4ru, Black, \u041a\u043e\u043b\u044f\u0441\u043a\u0438, \u0414\u043b\u044f \u0434\u0432\u043e\u0439\u043d\u044f\u0448\u0435\u043a, Beebipood","og_description":"Hauck Swift X Duo kaksikute kergk\u00e4ru, Black, Kompaktne ja kerge kaksikute jalustusk&auml;ruT&auml;nu innovatiivsele One Hand Fold s&uuml;steemil","og_url":"https:\/\/beebipood.ee\/ru\/produkt\/hauck-swift-x-duo-kaksikute-kergkaru-black\/","og_site_name":"Beebipood","article_modified_time":"2025-01-09T08:49:42+00:00","og_image":[{"width":1500,"height":1500,"url":"https:\/\/beebipood.ee\/wp-content\/uploads\/2016\/12\/Hauck-Swift-X-Duo-kaksikute-kergkaru-Black-Lastevankrid-ja-karud-Kaksikutele_2-1fb.jpg","type":"image\/jpeg"}],"twitter_card":"summary_large_image","twitter_misc":{"\u041f\u0440\u0438\u043c\u0435\u0440\u043d\u043e\u0435 \u0432\u0440\u0435\u043c\u044f \u0434\u043b\u044f \u0447\u0442\u0435\u043d\u0438\u044f":"1 \u043c\u0438\u043d\u0443\u0442\u0430"},"schema":{"@context":"https:\/\/schema.org","@graph":[{"@type":"WebPage","@id":"https:\/\/beebipood.ee\/ru\/produkt\/hauck-swift-x-duo-kaksikute-kergkaru-black\/","url":"https:\/\/beebipood.ee\/ru\/produkt\/hauck-swift-x-duo-kaksikute-kergkaru-black\/","name":"Hauck Swift X Duo kaksikute kergk\u00e4ru, Black, \u041a\u043e\u043b\u044f\u0441\u043a\u0438, \u0414\u043b\u044f \u0434\u0432\u043e\u0439\u043d\u044f\u0448\u0435\u043a, Beebipood","isPartOf":{"@id":"https:\/\/beebipood.ee\/ru\/#website"},"primaryImageOfPage":{"@id":"https:\/\/beebipood.ee\/ru\/produkt\/hauck-swift-x-duo-kaksikute-kergkaru-black\/#primaryimage"},"image":{"@id":"https:\/\/beebipood.ee\/ru\/produkt\/hauck-swift-x-duo-kaksikute-kergkaru-black\/#primaryimage"},"thumbnailUrl":"https:\/\/beebipood.ee\/wp-content\/uploads\/2016\/12\/Hauck-Swift-X-Duo-kaksikute-kergkaru-Black-Lastevankrid-ja-karud-Kaksikutele_2-1fb.jpg","datePublished":"2016-12-01T09:05:03+00:00","dateModified":"2025-01-09T08:49:42+00:00","description":"Hauck Swift X Duo kaksikute kergk\u00e4ru, Black, Kompaktne ja kerge kaksikute jalustusk&auml;ruT&auml;nu innovatiivsele One Hand Fold s&uuml;steemil","breadcrumb":{"@id":"https:\/\/beebipood.ee\/ru\/produkt\/hauck-swift-x-duo-kaksikute-kergkaru-black\/#breadcrumb"},"inLanguage":"ru-RU","potentialAction":[{"@type":"ReadAction","target":["https:\/\/beebipood.ee\/ru\/produkt\/hauck-swift-x-duo-kaksikute-kergkaru-black\/"]}]},{"@type":"ImageObject","inLanguage":"ru-RU","@id":"https:\/\/beebipood.ee\/ru\/produkt\/hauck-swift-x-duo-kaksikute-kergkaru-black\/#primaryimage","url":"https:\/\/beebipood.ee\/wp-content\/uploads\/2016\/12\/Hauck-Swift-X-Duo-kaksikute-kergkaru-Black-Lastevankrid-ja-karud-Kaksikutele_2-1fb.jpg","contentUrl":"https:\/\/beebipood.ee\/wp-content\/uploads\/2016\/12\/Hauck-Swift-X-Duo-kaksikute-kergkaru-Black-Lastevankrid-ja-karud-Kaksikutele_2-1fb.jpg","width":1500,"height":1500},{"@type":"BreadcrumbList","@id":"https:\/\/beebipood.ee\/ru\/produkt\/hauck-swift-x-duo-kaksikute-kergkaru-black\/#breadcrumb","itemListElement":[{"@type":"ListItem","position":1,"name":"Home","item":"https:\/\/beebipood.ee\/ru\/"},{"@type":"ListItem","position":2,"name":"\u041a\u0430\u0442\u0430\u043b\u043e\u0433 \u0442\u043e\u0432\u0430\u0440\u043e\u0432","item":"https:\/\/beebipood.ee\/tooted\/"},{"@type":"ListItem","position":3,"name":"Hauck Swift X Duo kaksikute kergk\u00e4ru, Black"}]},{"@type":"WebSite","@id":"https:\/\/beebipood.ee\/ru\/#website","url":"https:\/\/beebipood.ee\/ru\/","name":"Beebipood","description":"Lastekaubad, beebikaubad, m\u00e4nguasjad","publisher":{"@id":"https:\/\/beebipood.ee\/ru\/#organization"},"potentialAction":[{"@type":"SearchAction","target":{"@type":"EntryPoint","urlTemplate":"https:\/\/beebipood.ee\/ru\/?s={search_term_string}"},"query-input":{"@type":"PropertyValueSpecification","valueRequired":true,"valueName":"search_term_string"}}],"inLanguage":"ru-RU"},{"@type":"Organization","@id":"https:\/\/beebipood.ee\/ru\/#organization","name":"Beebipood","url":"https:\/\/beebipood.ee\/ru\/","logo":{"@type":"ImageObject","inLanguage":"ru-RU","@id":"https:\/\/beebipood.ee\/ru\/#\/schema\/logo\/image\/","url":"https:\/\/beebipood.ee\/wp-content\/uploads\/2025\/03\/beebipood.ee-logo-1.svg","contentUrl":"https:\/\/beebipood.ee\/wp-content\/uploads\/2025\/03\/beebipood.ee-logo-1.svg","caption":"Beebipood"},"image":{"@id":"https:\/\/beebipood.ee\/ru\/#\/schema\/logo\/image\/"}}]}},"brands":[{"id":11952,"name":"Hauck","slug":"hauck-ru"}],"_links":{"self":[{"href":"https:\/\/beebipood.ee\/ru\/wp-json\/wp\/v2\/product\/457512","targetHints":{"allow":["GET"]}}],"collection":[{"href":"https:\/\/beebipood.ee\/ru\/wp-json\/wp\/v2\/product"}],"about":[{"href":"https:\/\/beebipood.ee\/ru\/wp-json\/wp\/v2\/types\/product"}],"wp:featuredmedia":[{"embeddable":true,"href":"https:\/\/beebipood.ee\/ru\/wp-json\/wp\/v2\/media\/115798"}],"wp:attachment":[{"href":"https:\/\/beebipood.ee\/ru\/wp-json\/wp\/v2\/media?parent=457512"}],"wp:term":[{"taxonomy":"pwb-brand","embeddable":true,"href":"https:\/\/beebipood.ee\/ru\/wp-json\/wp\/v2\/pwb-brand?post=457512"},{"taxonomy":"product_brand","embeddable":true,"href":"https:\/\/beebipood.ee\/ru\/wp-json\/wp\/v2\/product_brand?post=457512"},{"taxonomy":"product_cat","embeddable":true,"href":"https:\/\/beebipood.ee\/ru\/wp-json\/wp\/v2\/product_cat?post=457512"},{"taxonomy":"product_tag","embeddable":true,"href":"https:\/\/beebipood.ee\/ru\/wp-json\/wp\/v2\/product_tag?post=457512"}],"curies":[{"name":"wp","href":"https:\/\/api.w.org\/{rel}","templated":true}]}}