{"id":457516,"date":"2016-12-05T09:56:42","date_gmt":"2016-12-05T07:56:42","guid":{"rendered":"https:\/\/beebipood.ee\/toode\/hauck-sleep-n-play-sq-manguaedik-dark-green\/"},"modified":"2025-01-09T10:49:42","modified_gmt":"2025-01-09T08:49:42","slug":"hauck-sleep-n-play-sq-manguaedik-dark-green","status":"publish","type":"product","link":"https:\/\/beebipood.ee\/ru\/produkt\/hauck-sleep-n-play-sq-manguaedik-dark-green\/","title":{"rendered":"Hauck Sleep&#8217;n Play SQ m\u00e4nguaedik, Dark Green"},"content":{"rendered":"<p><span>Sleep N Play SQ komplekt on mugav reisivoodi<\/span><br \/><span>ja m\u00e4nguaed vasts\u00fcndinutele ja v\u00e4ikelastele.<\/span><br \/><span>Komplektis on mugav t\u00e4issuuruses madrats.<\/span><br \/><span>Saate toote v\u00e4ga kiiresti \u00fcles seada ja kokku voltida<\/span><br \/><span>Aediku sees olevad aasad hoiavad teie lapse lemmikm\u00e4nguasju alati k\u00e4ep\u00e4rast.<\/span><br \/><span>Ruumis\u00e4\u00e4stlik ja praktiline<\/span><br \/><span>Sleep N Play SQ komplekti saab suurep\u00e4raselt peidus hoida<\/span><br \/><span>sest kaasas on transpordikott millega on aedikut lihtne kaasa v\u00f5tta.<\/span><br \/><span>Parim ventilatsioon: neli suurt v\u00f5rkk\u00fclge v\u00f5imaldavad \u00f5hul eriti h\u00e4sti ringelda.<\/span><br \/><span>See loob v\u00e4ga m\u00f5nus magamiskeskkonna teie lapsele.<\/span><br \/><span>Samuti saate lapsel kogu aeg silma peal hoida.<\/span><br \/><span>Sleep N Play SQ komplektil on suur juurdep\u00e4\u00e4su ava,<\/span><br \/><span>mida saate avada v\u00e4ljastpoolt.<\/span><br \/><span>Juurdep\u00e4\u00e4su ava v\u00f5imaldab teie lapsel iseseisvalt voodist v\u00e4lja roomata,<\/span><br \/><span>samuti tagasi sisse!<\/span><br \/><span>m\u00f5\u00f5dud: 97 x 97 x 76 cm,<\/span><br \/><span>kokkupanduna: 76 x 20 x 20 cm,<\/span><br \/><span>madratsi m\u00f5\u00f5dud: 87 x 87 cm<\/span><br \/><span>kaal: 7,60 kg<\/span><br \/><span>kandev\u00f5ime kuni 15 kg<\/span><\/p>\n","protected":false},"excerpt":{"rendered":"<p>Sleep N Play SQ komplekt on mugav reisivoodija m\u00e4nguaed vasts\u00fcndinutele ja v\u00e4ikelastele.Komplektis on mugav t\u00e4issuuruses madrats.Saate toote v\u00e4ga kiiresti \u00fcles seada ja kokku voltidaAediku sees olevad aasad hoiavad teie lapse lemmikm\u00e4nguasju alati k\u00e4ep\u00e4rast.Ruumis\u00e4\u00e4stlik ja praktilineSleep N Play SQ komplekti saab suurep\u00e4raselt peidus hoidasest kaasas on transpordikott millega on aedikut lihtne kaasa v\u00f5tta.Parim ventilatsioon: neli suurt [&hellip;]<\/p>\n","protected":false},"featured_media":167323,"template":"","meta":{"_acf_changed":false},"pwb-brand":[11952],"product_brand":[],"product_cat":[11569,11553,11789,11667],"product_tag":[],"class_list":{"0":"post-457516","1":"product","2":"type-product","3":"status-publish","4":"has-post-thumbnail","6":"pwb-brand-hauck-ru","7":"product_cat-reisivoodid-ru","8":"product_cat-beebivoodid-reisivoodid-hallid-ru","9":"product_cat-lastemoobel-ja-sisustus-ru","10":"product_cat-maneezid-ru","11":"pa_manufacturer-hauck-ru","13":"first","14":"onbackorder","15":"taxable","16":"shipping-taxable","17":"purchasable","18":"product-type-simple"},"exclude_global_add_ons":[],"addons":[],"acf":[],"yoast_head":"<!-- This site is optimized with the Yoast SEO plugin v27.1.1 - https:\/\/yoast.com\/product\/yoast-seo-wordpress\/ -->\n<title>Hauck Sleep&#039;n Play SQ m\u00e4nguaedik, Dark Green, \u0414\u0435\u0442\u0441\u043a\u0438e \u043a\u0440\u043e\u0432\u0430\u0442\u043a\u0438, \u043f\u0435\u0440\u0435\u043d\u043e\u0441\u043d\u044b\u0435 \u043a\u0440\u043e\u0432\u0430\u0442\u043a\u0438, \u043b\u044e\u043b\u044c\u043a\u0438, \u041f\u0435\u0440\u0435\u043d\u043e\u0441\u043d\u044b\u0435 \u043a\u0440\u043e\u0432\u0430\u0442\u043a\u0438, \u041d\u041e\u0412\u042b\u0415 \u0422\u041e\u0412\u0410\u0420\u042b, M\u0430\u043d\u0435\u0436\u0438, M\u0435\u0431\u0435\u043b\u044c, Beebipood<\/title>\n<meta name=\"description\" content=\"Hauck Sleep&#039;n Play SQ m\u00e4nguaedik, Dark Green, Sleep N Play SQ komplekt on mugav reisivoodija m&auml;nguaed vasts&uuml;ndinutele ja\" \/>\n<meta name=\"robots\" content=\"index, follow, max-snippet:-1, max-image-preview:large, max-video-preview:-1\" \/>\n<link rel=\"canonical\" href=\"https:\/\/beebipood.ee\/ru\/produkt\/hauck-sleep-n-play-sq-manguaedik-dark-green\/\" \/>\n<meta property=\"og:locale\" content=\"ru_RU\" \/>\n<meta property=\"og:type\" content=\"article\" \/>\n<meta property=\"og:title\" content=\"Hauck Sleep&#039;n Play SQ m\u00e4nguaedik, Dark Green, \u0414\u0435\u0442\u0441\u043a\u0438e \u043a\u0440\u043e\u0432\u0430\u0442\u043a\u0438, \u043f\u0435\u0440\u0435\u043d\u043e\u0441\u043d\u044b\u0435 \u043a\u0440\u043e\u0432\u0430\u0442\u043a\u0438, \u043b\u044e\u043b\u044c\u043a\u0438, \u041f\u0435\u0440\u0435\u043d\u043e\u0441\u043d\u044b\u0435 \u043a\u0440\u043e\u0432\u0430\u0442\u043a\u0438, \u041d\u041e\u0412\u042b\u0415 \u0422\u041e\u0412\u0410\u0420\u042b, M\u0430\u043d\u0435\u0436\u0438, M\u0435\u0431\u0435\u043b\u044c, Beebipood\" \/>\n<meta property=\"og:description\" content=\"Hauck Sleep&#039;n Play SQ m\u00e4nguaedik, Dark Green, Sleep N Play SQ komplekt on mugav reisivoodija m&auml;nguaed vasts&uuml;ndinutele ja\" \/>\n<meta property=\"og:url\" content=\"https:\/\/beebipood.ee\/ru\/produkt\/hauck-sleep-n-play-sq-manguaedik-dark-green\/\" \/>\n<meta property=\"og:site_name\" content=\"Beebipood\" \/>\n<meta property=\"article:modified_time\" content=\"2025-01-09T08:49:42+00:00\" \/>\n<meta property=\"og:image\" content=\"https:\/\/beebipood.ee\/wp-content\/uploads\/2016\/12\/Hauck-Sleepn-Play-SQ-manguaedik-Dark-Green-Beebivoodid-reisivoodid-hallid-Reisivoodid-Lastemoobel-ja-sisustus_3-41e.jpg\" \/>\n\t<meta property=\"og:image:width\" content=\"1500\" \/>\n\t<meta property=\"og:image:height\" content=\"1500\" \/>\n\t<meta property=\"og:image:type\" content=\"image\/jpeg\" \/>\n<meta name=\"twitter:card\" content=\"summary_large_image\" \/>\n<meta name=\"twitter:label1\" content=\"\u041f\u0440\u0438\u043c\u0435\u0440\u043d\u043e\u0435 \u0432\u0440\u0435\u043c\u044f \u0434\u043b\u044f \u0447\u0442\u0435\u043d\u0438\u044f\" \/>\n\t<meta name=\"twitter:data1\" content=\"1 \u043c\u0438\u043d\u0443\u0442\u0430\" \/>\n<script type=\"application\/ld+json\" class=\"yoast-schema-graph\">{\"@context\":\"https:\/\/schema.org\",\"@graph\":[{\"@type\":\"WebPage\",\"@id\":\"https:\/\/beebipood.ee\/ru\/produkt\/hauck-sleep-n-play-sq-manguaedik-dark-green\/\",\"url\":\"https:\/\/beebipood.ee\/ru\/produkt\/hauck-sleep-n-play-sq-manguaedik-dark-green\/\",\"name\":\"Hauck Sleep'n Play SQ m\u00e4nguaedik, Dark Green, \u0414\u0435\u0442\u0441\u043a\u0438e \u043a\u0440\u043e\u0432\u0430\u0442\u043a\u0438, \u043f\u0435\u0440\u0435\u043d\u043e\u0441\u043d\u044b\u0435 \u043a\u0440\u043e\u0432\u0430\u0442\u043a\u0438, \u043b\u044e\u043b\u044c\u043a\u0438, \u041f\u0435\u0440\u0435\u043d\u043e\u0441\u043d\u044b\u0435 \u043a\u0440\u043e\u0432\u0430\u0442\u043a\u0438, \u041d\u041e\u0412\u042b\u0415 \u0422\u041e\u0412\u0410\u0420\u042b, M\u0430\u043d\u0435\u0436\u0438, M\u0435\u0431\u0435\u043b\u044c, Beebipood\",\"isPartOf\":{\"@id\":\"https:\/\/beebipood.ee\/ru\/#website\"},\"primaryImageOfPage\":{\"@id\":\"https:\/\/beebipood.ee\/ru\/produkt\/hauck-sleep-n-play-sq-manguaedik-dark-green\/#primaryimage\"},\"image\":{\"@id\":\"https:\/\/beebipood.ee\/ru\/produkt\/hauck-sleep-n-play-sq-manguaedik-dark-green\/#primaryimage\"},\"thumbnailUrl\":\"https:\/\/beebipood.ee\/wp-content\/uploads\/2016\/12\/Hauck-Sleepn-Play-SQ-manguaedik-Dark-Green-Beebivoodid-reisivoodid-hallid-Reisivoodid-Lastemoobel-ja-sisustus_3-41e.jpg\",\"datePublished\":\"2016-12-05T07:56:42+00:00\",\"dateModified\":\"2025-01-09T08:49:42+00:00\",\"description\":\"Hauck Sleep'n Play SQ m\u00e4nguaedik, Dark Green, Sleep N Play SQ komplekt on mugav reisivoodija m&auml;nguaed vasts&uuml;ndinutele ja\",\"breadcrumb\":{\"@id\":\"https:\/\/beebipood.ee\/ru\/produkt\/hauck-sleep-n-play-sq-manguaedik-dark-green\/#breadcrumb\"},\"inLanguage\":\"ru-RU\",\"potentialAction\":[{\"@type\":\"ReadAction\",\"target\":[\"https:\/\/beebipood.ee\/ru\/produkt\/hauck-sleep-n-play-sq-manguaedik-dark-green\/\"]}]},{\"@type\":\"ImageObject\",\"inLanguage\":\"ru-RU\",\"@id\":\"https:\/\/beebipood.ee\/ru\/produkt\/hauck-sleep-n-play-sq-manguaedik-dark-green\/#primaryimage\",\"url\":\"https:\/\/beebipood.ee\/wp-content\/uploads\/2016\/12\/Hauck-Sleepn-Play-SQ-manguaedik-Dark-Green-Beebivoodid-reisivoodid-hallid-Reisivoodid-Lastemoobel-ja-sisustus_3-41e.jpg\",\"contentUrl\":\"https:\/\/beebipood.ee\/wp-content\/uploads\/2016\/12\/Hauck-Sleepn-Play-SQ-manguaedik-Dark-Green-Beebivoodid-reisivoodid-hallid-Reisivoodid-Lastemoobel-ja-sisustus_3-41e.jpg\",\"width\":1500,\"height\":1500},{\"@type\":\"BreadcrumbList\",\"@id\":\"https:\/\/beebipood.ee\/ru\/produkt\/hauck-sleep-n-play-sq-manguaedik-dark-green\/#breadcrumb\",\"itemListElement\":[{\"@type\":\"ListItem\",\"position\":1,\"name\":\"Home\",\"item\":\"https:\/\/beebipood.ee\/ru\/\"},{\"@type\":\"ListItem\",\"position\":2,\"name\":\"\u041a\u0430\u0442\u0430\u043b\u043e\u0433 \u0442\u043e\u0432\u0430\u0440\u043e\u0432\",\"item\":\"https:\/\/beebipood.ee\/tooted\/\"},{\"@type\":\"ListItem\",\"position\":3,\"name\":\"Hauck Sleep&#8217;n Play SQ m\u00e4nguaedik, Dark Green\"}]},{\"@type\":\"WebSite\",\"@id\":\"https:\/\/beebipood.ee\/ru\/#website\",\"url\":\"https:\/\/beebipood.ee\/ru\/\",\"name\":\"Beebipood\",\"description\":\"Lastekaubad, beebikaubad, m\u00e4nguasjad\",\"publisher\":{\"@id\":\"https:\/\/beebipood.ee\/ru\/#organization\"},\"potentialAction\":[{\"@type\":\"SearchAction\",\"target\":{\"@type\":\"EntryPoint\",\"urlTemplate\":\"https:\/\/beebipood.ee\/ru\/?s={search_term_string}\"},\"query-input\":{\"@type\":\"PropertyValueSpecification\",\"valueRequired\":true,\"valueName\":\"search_term_string\"}}],\"inLanguage\":\"ru-RU\"},{\"@type\":\"Organization\",\"@id\":\"https:\/\/beebipood.ee\/ru\/#organization\",\"name\":\"Beebipood\",\"url\":\"https:\/\/beebipood.ee\/ru\/\",\"logo\":{\"@type\":\"ImageObject\",\"inLanguage\":\"ru-RU\",\"@id\":\"https:\/\/beebipood.ee\/ru\/#\/schema\/logo\/image\/\",\"url\":\"https:\/\/beebipood.ee\/wp-content\/uploads\/2025\/03\/beebipood.ee-logo-1.svg\",\"contentUrl\":\"https:\/\/beebipood.ee\/wp-content\/uploads\/2025\/03\/beebipood.ee-logo-1.svg\",\"caption\":\"Beebipood\"},\"image\":{\"@id\":\"https:\/\/beebipood.ee\/ru\/#\/schema\/logo\/image\/\"}}]}<\/script>\n<!-- \/ Yoast SEO plugin. -->","yoast_head_json":{"title":"Hauck Sleep'n Play SQ m\u00e4nguaedik, Dark Green, \u0414\u0435\u0442\u0441\u043a\u0438e \u043a\u0440\u043e\u0432\u0430\u0442\u043a\u0438, \u043f\u0435\u0440\u0435\u043d\u043e\u0441\u043d\u044b\u0435 \u043a\u0440\u043e\u0432\u0430\u0442\u043a\u0438, \u043b\u044e\u043b\u044c\u043a\u0438, \u041f\u0435\u0440\u0435\u043d\u043e\u0441\u043d\u044b\u0435 \u043a\u0440\u043e\u0432\u0430\u0442\u043a\u0438, \u041d\u041e\u0412\u042b\u0415 \u0422\u041e\u0412\u0410\u0420\u042b, M\u0430\u043d\u0435\u0436\u0438, M\u0435\u0431\u0435\u043b\u044c, Beebipood","description":"Hauck Sleep'n Play SQ m\u00e4nguaedik, Dark Green, Sleep N Play SQ komplekt on mugav reisivoodija m&auml;nguaed vasts&uuml;ndinutele ja","robots":{"index":"index","follow":"follow","max-snippet":"max-snippet:-1","max-image-preview":"max-image-preview:large","max-video-preview":"max-video-preview:-1"},"canonical":"https:\/\/beebipood.ee\/ru\/produkt\/hauck-sleep-n-play-sq-manguaedik-dark-green\/","og_locale":"ru_RU","og_type":"article","og_title":"Hauck Sleep'n Play SQ m\u00e4nguaedik, Dark Green, \u0414\u0435\u0442\u0441\u043a\u0438e \u043a\u0440\u043e\u0432\u0430\u0442\u043a\u0438, \u043f\u0435\u0440\u0435\u043d\u043e\u0441\u043d\u044b\u0435 \u043a\u0440\u043e\u0432\u0430\u0442\u043a\u0438, \u043b\u044e\u043b\u044c\u043a\u0438, \u041f\u0435\u0440\u0435\u043d\u043e\u0441\u043d\u044b\u0435 \u043a\u0440\u043e\u0432\u0430\u0442\u043a\u0438, \u041d\u041e\u0412\u042b\u0415 \u0422\u041e\u0412\u0410\u0420\u042b, M\u0430\u043d\u0435\u0436\u0438, M\u0435\u0431\u0435\u043b\u044c, Beebipood","og_description":"Hauck Sleep'n Play SQ m\u00e4nguaedik, Dark Green, Sleep N Play SQ komplekt on mugav reisivoodija m&auml;nguaed vasts&uuml;ndinutele ja","og_url":"https:\/\/beebipood.ee\/ru\/produkt\/hauck-sleep-n-play-sq-manguaedik-dark-green\/","og_site_name":"Beebipood","article_modified_time":"2025-01-09T08:49:42+00:00","og_image":[{"width":1500,"height":1500,"url":"https:\/\/beebipood.ee\/wp-content\/uploads\/2016\/12\/Hauck-Sleepn-Play-SQ-manguaedik-Dark-Green-Beebivoodid-reisivoodid-hallid-Reisivoodid-Lastemoobel-ja-sisustus_3-41e.jpg","type":"image\/jpeg"}],"twitter_card":"summary_large_image","twitter_misc":{"\u041f\u0440\u0438\u043c\u0435\u0440\u043d\u043e\u0435 \u0432\u0440\u0435\u043c\u044f \u0434\u043b\u044f \u0447\u0442\u0435\u043d\u0438\u044f":"1 \u043c\u0438\u043d\u0443\u0442\u0430"},"schema":{"@context":"https:\/\/schema.org","@graph":[{"@type":"WebPage","@id":"https:\/\/beebipood.ee\/ru\/produkt\/hauck-sleep-n-play-sq-manguaedik-dark-green\/","url":"https:\/\/beebipood.ee\/ru\/produkt\/hauck-sleep-n-play-sq-manguaedik-dark-green\/","name":"Hauck Sleep'n Play SQ m\u00e4nguaedik, Dark Green, \u0414\u0435\u0442\u0441\u043a\u0438e \u043a\u0440\u043e\u0432\u0430\u0442\u043a\u0438, \u043f\u0435\u0440\u0435\u043d\u043e\u0441\u043d\u044b\u0435 \u043a\u0440\u043e\u0432\u0430\u0442\u043a\u0438, \u043b\u044e\u043b\u044c\u043a\u0438, \u041f\u0435\u0440\u0435\u043d\u043e\u0441\u043d\u044b\u0435 \u043a\u0440\u043e\u0432\u0430\u0442\u043a\u0438, \u041d\u041e\u0412\u042b\u0415 \u0422\u041e\u0412\u0410\u0420\u042b, M\u0430\u043d\u0435\u0436\u0438, M\u0435\u0431\u0435\u043b\u044c, Beebipood","isPartOf":{"@id":"https:\/\/beebipood.ee\/ru\/#website"},"primaryImageOfPage":{"@id":"https:\/\/beebipood.ee\/ru\/produkt\/hauck-sleep-n-play-sq-manguaedik-dark-green\/#primaryimage"},"image":{"@id":"https:\/\/beebipood.ee\/ru\/produkt\/hauck-sleep-n-play-sq-manguaedik-dark-green\/#primaryimage"},"thumbnailUrl":"https:\/\/beebipood.ee\/wp-content\/uploads\/2016\/12\/Hauck-Sleepn-Play-SQ-manguaedik-Dark-Green-Beebivoodid-reisivoodid-hallid-Reisivoodid-Lastemoobel-ja-sisustus_3-41e.jpg","datePublished":"2016-12-05T07:56:42+00:00","dateModified":"2025-01-09T08:49:42+00:00","description":"Hauck Sleep'n Play SQ m\u00e4nguaedik, Dark Green, Sleep N Play SQ komplekt on mugav reisivoodija m&auml;nguaed vasts&uuml;ndinutele ja","breadcrumb":{"@id":"https:\/\/beebipood.ee\/ru\/produkt\/hauck-sleep-n-play-sq-manguaedik-dark-green\/#breadcrumb"},"inLanguage":"ru-RU","potentialAction":[{"@type":"ReadAction","target":["https:\/\/beebipood.ee\/ru\/produkt\/hauck-sleep-n-play-sq-manguaedik-dark-green\/"]}]},{"@type":"ImageObject","inLanguage":"ru-RU","@id":"https:\/\/beebipood.ee\/ru\/produkt\/hauck-sleep-n-play-sq-manguaedik-dark-green\/#primaryimage","url":"https:\/\/beebipood.ee\/wp-content\/uploads\/2016\/12\/Hauck-Sleepn-Play-SQ-manguaedik-Dark-Green-Beebivoodid-reisivoodid-hallid-Reisivoodid-Lastemoobel-ja-sisustus_3-41e.jpg","contentUrl":"https:\/\/beebipood.ee\/wp-content\/uploads\/2016\/12\/Hauck-Sleepn-Play-SQ-manguaedik-Dark-Green-Beebivoodid-reisivoodid-hallid-Reisivoodid-Lastemoobel-ja-sisustus_3-41e.jpg","width":1500,"height":1500},{"@type":"BreadcrumbList","@id":"https:\/\/beebipood.ee\/ru\/produkt\/hauck-sleep-n-play-sq-manguaedik-dark-green\/#breadcrumb","itemListElement":[{"@type":"ListItem","position":1,"name":"Home","item":"https:\/\/beebipood.ee\/ru\/"},{"@type":"ListItem","position":2,"name":"\u041a\u0430\u0442\u0430\u043b\u043e\u0433 \u0442\u043e\u0432\u0430\u0440\u043e\u0432","item":"https:\/\/beebipood.ee\/tooted\/"},{"@type":"ListItem","position":3,"name":"Hauck Sleep&#8217;n Play SQ m\u00e4nguaedik, Dark Green"}]},{"@type":"WebSite","@id":"https:\/\/beebipood.ee\/ru\/#website","url":"https:\/\/beebipood.ee\/ru\/","name":"Beebipood","description":"Lastekaubad, beebikaubad, m\u00e4nguasjad","publisher":{"@id":"https:\/\/beebipood.ee\/ru\/#organization"},"potentialAction":[{"@type":"SearchAction","target":{"@type":"EntryPoint","urlTemplate":"https:\/\/beebipood.ee\/ru\/?s={search_term_string}"},"query-input":{"@type":"PropertyValueSpecification","valueRequired":true,"valueName":"search_term_string"}}],"inLanguage":"ru-RU"},{"@type":"Organization","@id":"https:\/\/beebipood.ee\/ru\/#organization","name":"Beebipood","url":"https:\/\/beebipood.ee\/ru\/","logo":{"@type":"ImageObject","inLanguage":"ru-RU","@id":"https:\/\/beebipood.ee\/ru\/#\/schema\/logo\/image\/","url":"https:\/\/beebipood.ee\/wp-content\/uploads\/2025\/03\/beebipood.ee-logo-1.svg","contentUrl":"https:\/\/beebipood.ee\/wp-content\/uploads\/2025\/03\/beebipood.ee-logo-1.svg","caption":"Beebipood"},"image":{"@id":"https:\/\/beebipood.ee\/ru\/#\/schema\/logo\/image\/"}}]}},"brands":[{"id":11952,"name":"Hauck","slug":"hauck-ru"}],"_links":{"self":[{"href":"https:\/\/beebipood.ee\/ru\/wp-json\/wp\/v2\/product\/457516","targetHints":{"allow":["GET"]}}],"collection":[{"href":"https:\/\/beebipood.ee\/ru\/wp-json\/wp\/v2\/product"}],"about":[{"href":"https:\/\/beebipood.ee\/ru\/wp-json\/wp\/v2\/types\/product"}],"wp:featuredmedia":[{"embeddable":true,"href":"https:\/\/beebipood.ee\/ru\/wp-json\/wp\/v2\/media\/167323"}],"wp:attachment":[{"href":"https:\/\/beebipood.ee\/ru\/wp-json\/wp\/v2\/media?parent=457516"}],"wp:term":[{"taxonomy":"pwb-brand","embeddable":true,"href":"https:\/\/beebipood.ee\/ru\/wp-json\/wp\/v2\/pwb-brand?post=457516"},{"taxonomy":"product_brand","embeddable":true,"href":"https:\/\/beebipood.ee\/ru\/wp-json\/wp\/v2\/product_brand?post=457516"},{"taxonomy":"product_cat","embeddable":true,"href":"https:\/\/beebipood.ee\/ru\/wp-json\/wp\/v2\/product_cat?post=457516"},{"taxonomy":"product_tag","embeddable":true,"href":"https:\/\/beebipood.ee\/ru\/wp-json\/wp\/v2\/product_tag?post=457516"}],"curies":[{"name":"wp","href":"https:\/\/api.w.org\/{rel}","templated":true}]}}