{"id":457518,"date":"2016-12-05T10:58:22","date_gmt":"2016-12-05T08:58:22","guid":{"rendered":"https:\/\/beebipood.ee\/toode\/hauck-muhv-vankri-kaepidemele-black\/"},"modified":"2025-01-09T10:49:42","modified_gmt":"2025-01-09T08:49:42","slug":"hauck-muhv-vankri-kaepidemele-black","status":"publish","type":"product","link":"https:\/\/beebipood.ee\/ru\/produkt\/hauck-muhv-vankri-kaepidemele-black\/","title":{"rendered":"Hauck muhv vankri k\u00e4epidemele, Black"},"content":{"rendered":"<p>Soe k\u00e4temuhv sobib enamus lapsevankrite l\u00fckkesangadele\/k\u00e4epidemetele.<br \/>Muhv on nii tuule- kui ka veekindel ning hoiab teie k\u00e4ed ilusti soojas ja kuivas.<br \/>Turvaline tasku teie mobiiltelefonile.<br \/>T\u00e4nu puutetundlikule l\u00e4bipaistvale taskule,<br \/>saate oma telefoni igal ajal n\u00e4ha ja kasutada ilma seda v\u00e4lja v\u00f5tmata.<br \/>Muhv on masinpestav 40\u00b0C juures ja<br \/>t\u00e4nu kvaliteetsele materjalile saab kasutada v\u00e4ga pikka aega.<br \/>Muhvi m\u00f5\u00f5dud: 57x34cm (pikkus, laius)<\/p>\n","protected":false},"excerpt":{"rendered":"<p>Soe k\u00e4temuhv sobib enamus lapsevankrite l\u00fckkesangadele\/k\u00e4epidemetele.Muhv on nii tuule- kui ka veekindel ning hoiab teie k\u00e4ed ilusti soojas ja kuivas.Turvaline tasku teie mobiiltelefonile.T\u00e4nu puutetundlikule l\u00e4bipaistvale taskule,saate oma telefoni igal ajal n\u00e4ha ja kasutada ilma seda v\u00e4lja v\u00f5tmata.Muhv on masinpestav 40\u00b0C juures jat\u00e4nu kvaliteetsele materjalile saab kasutada v\u00e4ga pikka aega.Muhvi m\u00f5\u00f5dud: 57x34cm (pikkus, laius)<\/p>\n","protected":false},"featured_media":115859,"template":"","meta":{"_acf_changed":false},"pwb-brand":[11952],"product_brand":[],"product_cat":[11919,11725,11717],"product_tag":[],"class_list":{"0":"post-457518","1":"product","2":"type-product","3":"status-publish","4":"has-post-thumbnail","6":"pwb-brand-hauck-ru","7":"product_cat-kindad-ja-muhvid-ru","8":"product_cat-lisatarvikud-ru","9":"product_cat-lastevankrid-ja-karud-ru","10":"pa_manufacturer-hauck-ru","12":"first","13":"instock","14":"taxable","15":"shipping-taxable","16":"purchasable","17":"product-type-simple"},"exclude_global_add_ons":[],"addons":[],"acf":[],"yoast_head":"<!-- This site is optimized with the Yoast SEO plugin v27.1.1 - https:\/\/yoast.com\/product\/yoast-seo-wordpress\/ -->\n<title>Hauck muhv vankri k\u00e4epidemele, Black, \u041d\u041e\u0412\u042b\u0415 \u0422\u041e\u0412\u0410\u0420\u042b, \u041a\u043e\u043b\u044f\u0441\u043a\u0438, \u041f\u0440\u0438\u043d\u0430\u0434\u043b\u0435\u0436\u043d\u043e\u0441\u0442\u0438, Kindad ja muhvid, Beebipood<\/title>\n<meta name=\"description\" content=\"Hauck muhv vankri k\u00e4epidemele, Black, Soe k&auml;temuhv sobib enamus lapsevankrite l&uuml;kkesangadele\/k&auml;epidemetele.Muhv on nii tuule- kui ka ve\" \/>\n<meta name=\"robots\" content=\"index, follow, max-snippet:-1, max-image-preview:large, max-video-preview:-1\" \/>\n<link rel=\"canonical\" href=\"https:\/\/beebipood.ee\/ru\/produkt\/hauck-muhv-vankri-kaepidemele-black\/\" \/>\n<meta property=\"og:locale\" content=\"ru_RU\" \/>\n<meta property=\"og:type\" content=\"article\" \/>\n<meta property=\"og:title\" content=\"Hauck muhv vankri k\u00e4epidemele, Black, \u041d\u041e\u0412\u042b\u0415 \u0422\u041e\u0412\u0410\u0420\u042b, \u041a\u043e\u043b\u044f\u0441\u043a\u0438, \u041f\u0440\u0438\u043d\u0430\u0434\u043b\u0435\u0436\u043d\u043e\u0441\u0442\u0438, Kindad ja muhvid, Beebipood\" \/>\n<meta property=\"og:description\" content=\"Hauck muhv vankri k\u00e4epidemele, Black, Soe k&auml;temuhv sobib enamus lapsevankrite l&uuml;kkesangadele\/k&auml;epidemetele.Muhv on nii tuule- kui ka ve\" \/>\n<meta property=\"og:url\" content=\"https:\/\/beebipood.ee\/ru\/produkt\/hauck-muhv-vankri-kaepidemele-black\/\" \/>\n<meta property=\"og:site_name\" content=\"Beebipood\" \/>\n<meta property=\"article:modified_time\" content=\"2025-01-09T08:49:42+00:00\" \/>\n<meta property=\"og:image\" content=\"https:\/\/beebipood.ee\/wp-content\/uploads\/2016\/12\/Hauck-muhv-vankri-kaepidemele-Black-Beebivoodid-reisivoodid-hallid-Reisivoodid-Lastemoobel-ja-sisustus_3-e58.jpg\" \/>\n\t<meta property=\"og:image:width\" content=\"1500\" \/>\n\t<meta property=\"og:image:height\" content=\"1500\" \/>\n\t<meta property=\"og:image:type\" content=\"image\/jpeg\" \/>\n<meta name=\"twitter:card\" content=\"summary_large_image\" \/>\n<script type=\"application\/ld+json\" class=\"yoast-schema-graph\">{\"@context\":\"https:\/\/schema.org\",\"@graph\":[{\"@type\":\"WebPage\",\"@id\":\"https:\/\/beebipood.ee\/ru\/produkt\/hauck-muhv-vankri-kaepidemele-black\/\",\"url\":\"https:\/\/beebipood.ee\/ru\/produkt\/hauck-muhv-vankri-kaepidemele-black\/\",\"name\":\"Hauck muhv vankri k\u00e4epidemele, Black, \u041d\u041e\u0412\u042b\u0415 \u0422\u041e\u0412\u0410\u0420\u042b, \u041a\u043e\u043b\u044f\u0441\u043a\u0438, \u041f\u0440\u0438\u043d\u0430\u0434\u043b\u0435\u0436\u043d\u043e\u0441\u0442\u0438, Kindad ja muhvid, Beebipood\",\"isPartOf\":{\"@id\":\"https:\/\/beebipood.ee\/ru\/#website\"},\"primaryImageOfPage\":{\"@id\":\"https:\/\/beebipood.ee\/ru\/produkt\/hauck-muhv-vankri-kaepidemele-black\/#primaryimage\"},\"image\":{\"@id\":\"https:\/\/beebipood.ee\/ru\/produkt\/hauck-muhv-vankri-kaepidemele-black\/#primaryimage\"},\"thumbnailUrl\":\"https:\/\/beebipood.ee\/wp-content\/uploads\/2016\/12\/Hauck-muhv-vankri-kaepidemele-Black-Beebivoodid-reisivoodid-hallid-Reisivoodid-Lastemoobel-ja-sisustus_3-e58.jpg\",\"datePublished\":\"2016-12-05T08:58:22+00:00\",\"dateModified\":\"2025-01-09T08:49:42+00:00\",\"description\":\"Hauck muhv vankri k\u00e4epidemele, Black, Soe k&auml;temuhv sobib enamus lapsevankrite l&uuml;kkesangadele\/k&auml;epidemetele.Muhv on nii tuule- kui ka ve\",\"breadcrumb\":{\"@id\":\"https:\/\/beebipood.ee\/ru\/produkt\/hauck-muhv-vankri-kaepidemele-black\/#breadcrumb\"},\"inLanguage\":\"ru-RU\",\"potentialAction\":[{\"@type\":\"ReadAction\",\"target\":[\"https:\/\/beebipood.ee\/ru\/produkt\/hauck-muhv-vankri-kaepidemele-black\/\"]}]},{\"@type\":\"ImageObject\",\"inLanguage\":\"ru-RU\",\"@id\":\"https:\/\/beebipood.ee\/ru\/produkt\/hauck-muhv-vankri-kaepidemele-black\/#primaryimage\",\"url\":\"https:\/\/beebipood.ee\/wp-content\/uploads\/2016\/12\/Hauck-muhv-vankri-kaepidemele-Black-Beebivoodid-reisivoodid-hallid-Reisivoodid-Lastemoobel-ja-sisustus_3-e58.jpg\",\"contentUrl\":\"https:\/\/beebipood.ee\/wp-content\/uploads\/2016\/12\/Hauck-muhv-vankri-kaepidemele-Black-Beebivoodid-reisivoodid-hallid-Reisivoodid-Lastemoobel-ja-sisustus_3-e58.jpg\",\"width\":1500,\"height\":1500},{\"@type\":\"BreadcrumbList\",\"@id\":\"https:\/\/beebipood.ee\/ru\/produkt\/hauck-muhv-vankri-kaepidemele-black\/#breadcrumb\",\"itemListElement\":[{\"@type\":\"ListItem\",\"position\":1,\"name\":\"Home\",\"item\":\"https:\/\/beebipood.ee\/ru\/\"},{\"@type\":\"ListItem\",\"position\":2,\"name\":\"\u041a\u0430\u0442\u0430\u043b\u043e\u0433 \u0442\u043e\u0432\u0430\u0440\u043e\u0432\",\"item\":\"https:\/\/beebipood.ee\/tooted\/\"},{\"@type\":\"ListItem\",\"position\":3,\"name\":\"Hauck muhv vankri k\u00e4epidemele, Black\"}]},{\"@type\":\"WebSite\",\"@id\":\"https:\/\/beebipood.ee\/ru\/#website\",\"url\":\"https:\/\/beebipood.ee\/ru\/\",\"name\":\"Beebipood\",\"description\":\"Lastekaubad, beebikaubad, m\u00e4nguasjad\",\"publisher\":{\"@id\":\"https:\/\/beebipood.ee\/ru\/#organization\"},\"potentialAction\":[{\"@type\":\"SearchAction\",\"target\":{\"@type\":\"EntryPoint\",\"urlTemplate\":\"https:\/\/beebipood.ee\/ru\/?s={search_term_string}\"},\"query-input\":{\"@type\":\"PropertyValueSpecification\",\"valueRequired\":true,\"valueName\":\"search_term_string\"}}],\"inLanguage\":\"ru-RU\"},{\"@type\":\"Organization\",\"@id\":\"https:\/\/beebipood.ee\/ru\/#organization\",\"name\":\"Beebipood\",\"url\":\"https:\/\/beebipood.ee\/ru\/\",\"logo\":{\"@type\":\"ImageObject\",\"inLanguage\":\"ru-RU\",\"@id\":\"https:\/\/beebipood.ee\/ru\/#\/schema\/logo\/image\/\",\"url\":\"https:\/\/beebipood.ee\/wp-content\/uploads\/2025\/03\/beebipood.ee-logo-1.svg\",\"contentUrl\":\"https:\/\/beebipood.ee\/wp-content\/uploads\/2025\/03\/beebipood.ee-logo-1.svg\",\"caption\":\"Beebipood\"},\"image\":{\"@id\":\"https:\/\/beebipood.ee\/ru\/#\/schema\/logo\/image\/\"}}]}<\/script>\n<!-- \/ Yoast SEO plugin. -->","yoast_head_json":{"title":"Hauck muhv vankri k\u00e4epidemele, Black, \u041d\u041e\u0412\u042b\u0415 \u0422\u041e\u0412\u0410\u0420\u042b, \u041a\u043e\u043b\u044f\u0441\u043a\u0438, \u041f\u0440\u0438\u043d\u0430\u0434\u043b\u0435\u0436\u043d\u043e\u0441\u0442\u0438, Kindad ja muhvid, Beebipood","description":"Hauck muhv vankri k\u00e4epidemele, Black, Soe k&auml;temuhv sobib enamus lapsevankrite l&uuml;kkesangadele\/k&auml;epidemetele.Muhv on nii tuule- kui ka ve","robots":{"index":"index","follow":"follow","max-snippet":"max-snippet:-1","max-image-preview":"max-image-preview:large","max-video-preview":"max-video-preview:-1"},"canonical":"https:\/\/beebipood.ee\/ru\/produkt\/hauck-muhv-vankri-kaepidemele-black\/","og_locale":"ru_RU","og_type":"article","og_title":"Hauck muhv vankri k\u00e4epidemele, Black, \u041d\u041e\u0412\u042b\u0415 \u0422\u041e\u0412\u0410\u0420\u042b, \u041a\u043e\u043b\u044f\u0441\u043a\u0438, \u041f\u0440\u0438\u043d\u0430\u0434\u043b\u0435\u0436\u043d\u043e\u0441\u0442\u0438, Kindad ja muhvid, Beebipood","og_description":"Hauck muhv vankri k\u00e4epidemele, Black, Soe k&auml;temuhv sobib enamus lapsevankrite l&uuml;kkesangadele\/k&auml;epidemetele.Muhv on nii tuule- kui ka ve","og_url":"https:\/\/beebipood.ee\/ru\/produkt\/hauck-muhv-vankri-kaepidemele-black\/","og_site_name":"Beebipood","article_modified_time":"2025-01-09T08:49:42+00:00","og_image":[{"width":1500,"height":1500,"url":"https:\/\/beebipood.ee\/wp-content\/uploads\/2016\/12\/Hauck-muhv-vankri-kaepidemele-Black-Beebivoodid-reisivoodid-hallid-Reisivoodid-Lastemoobel-ja-sisustus_3-e58.jpg","type":"image\/jpeg"}],"twitter_card":"summary_large_image","schema":{"@context":"https:\/\/schema.org","@graph":[{"@type":"WebPage","@id":"https:\/\/beebipood.ee\/ru\/produkt\/hauck-muhv-vankri-kaepidemele-black\/","url":"https:\/\/beebipood.ee\/ru\/produkt\/hauck-muhv-vankri-kaepidemele-black\/","name":"Hauck muhv vankri k\u00e4epidemele, Black, \u041d\u041e\u0412\u042b\u0415 \u0422\u041e\u0412\u0410\u0420\u042b, \u041a\u043e\u043b\u044f\u0441\u043a\u0438, \u041f\u0440\u0438\u043d\u0430\u0434\u043b\u0435\u0436\u043d\u043e\u0441\u0442\u0438, Kindad ja muhvid, Beebipood","isPartOf":{"@id":"https:\/\/beebipood.ee\/ru\/#website"},"primaryImageOfPage":{"@id":"https:\/\/beebipood.ee\/ru\/produkt\/hauck-muhv-vankri-kaepidemele-black\/#primaryimage"},"image":{"@id":"https:\/\/beebipood.ee\/ru\/produkt\/hauck-muhv-vankri-kaepidemele-black\/#primaryimage"},"thumbnailUrl":"https:\/\/beebipood.ee\/wp-content\/uploads\/2016\/12\/Hauck-muhv-vankri-kaepidemele-Black-Beebivoodid-reisivoodid-hallid-Reisivoodid-Lastemoobel-ja-sisustus_3-e58.jpg","datePublished":"2016-12-05T08:58:22+00:00","dateModified":"2025-01-09T08:49:42+00:00","description":"Hauck muhv vankri k\u00e4epidemele, Black, Soe k&auml;temuhv sobib enamus lapsevankrite l&uuml;kkesangadele\/k&auml;epidemetele.Muhv on nii tuule- kui ka ve","breadcrumb":{"@id":"https:\/\/beebipood.ee\/ru\/produkt\/hauck-muhv-vankri-kaepidemele-black\/#breadcrumb"},"inLanguage":"ru-RU","potentialAction":[{"@type":"ReadAction","target":["https:\/\/beebipood.ee\/ru\/produkt\/hauck-muhv-vankri-kaepidemele-black\/"]}]},{"@type":"ImageObject","inLanguage":"ru-RU","@id":"https:\/\/beebipood.ee\/ru\/produkt\/hauck-muhv-vankri-kaepidemele-black\/#primaryimage","url":"https:\/\/beebipood.ee\/wp-content\/uploads\/2016\/12\/Hauck-muhv-vankri-kaepidemele-Black-Beebivoodid-reisivoodid-hallid-Reisivoodid-Lastemoobel-ja-sisustus_3-e58.jpg","contentUrl":"https:\/\/beebipood.ee\/wp-content\/uploads\/2016\/12\/Hauck-muhv-vankri-kaepidemele-Black-Beebivoodid-reisivoodid-hallid-Reisivoodid-Lastemoobel-ja-sisustus_3-e58.jpg","width":1500,"height":1500},{"@type":"BreadcrumbList","@id":"https:\/\/beebipood.ee\/ru\/produkt\/hauck-muhv-vankri-kaepidemele-black\/#breadcrumb","itemListElement":[{"@type":"ListItem","position":1,"name":"Home","item":"https:\/\/beebipood.ee\/ru\/"},{"@type":"ListItem","position":2,"name":"\u041a\u0430\u0442\u0430\u043b\u043e\u0433 \u0442\u043e\u0432\u0430\u0440\u043e\u0432","item":"https:\/\/beebipood.ee\/tooted\/"},{"@type":"ListItem","position":3,"name":"Hauck muhv vankri k\u00e4epidemele, Black"}]},{"@type":"WebSite","@id":"https:\/\/beebipood.ee\/ru\/#website","url":"https:\/\/beebipood.ee\/ru\/","name":"Beebipood","description":"Lastekaubad, beebikaubad, m\u00e4nguasjad","publisher":{"@id":"https:\/\/beebipood.ee\/ru\/#organization"},"potentialAction":[{"@type":"SearchAction","target":{"@type":"EntryPoint","urlTemplate":"https:\/\/beebipood.ee\/ru\/?s={search_term_string}"},"query-input":{"@type":"PropertyValueSpecification","valueRequired":true,"valueName":"search_term_string"}}],"inLanguage":"ru-RU"},{"@type":"Organization","@id":"https:\/\/beebipood.ee\/ru\/#organization","name":"Beebipood","url":"https:\/\/beebipood.ee\/ru\/","logo":{"@type":"ImageObject","inLanguage":"ru-RU","@id":"https:\/\/beebipood.ee\/ru\/#\/schema\/logo\/image\/","url":"https:\/\/beebipood.ee\/wp-content\/uploads\/2025\/03\/beebipood.ee-logo-1.svg","contentUrl":"https:\/\/beebipood.ee\/wp-content\/uploads\/2025\/03\/beebipood.ee-logo-1.svg","caption":"Beebipood"},"image":{"@id":"https:\/\/beebipood.ee\/ru\/#\/schema\/logo\/image\/"}}]}},"brands":[{"id":11952,"name":"Hauck","slug":"hauck-ru"}],"_links":{"self":[{"href":"https:\/\/beebipood.ee\/ru\/wp-json\/wp\/v2\/product\/457518","targetHints":{"allow":["GET"]}}],"collection":[{"href":"https:\/\/beebipood.ee\/ru\/wp-json\/wp\/v2\/product"}],"about":[{"href":"https:\/\/beebipood.ee\/ru\/wp-json\/wp\/v2\/types\/product"}],"wp:featuredmedia":[{"embeddable":true,"href":"https:\/\/beebipood.ee\/ru\/wp-json\/wp\/v2\/media\/115859"}],"wp:attachment":[{"href":"https:\/\/beebipood.ee\/ru\/wp-json\/wp\/v2\/media?parent=457518"}],"wp:term":[{"taxonomy":"pwb-brand","embeddable":true,"href":"https:\/\/beebipood.ee\/ru\/wp-json\/wp\/v2\/pwb-brand?post=457518"},{"taxonomy":"product_brand","embeddable":true,"href":"https:\/\/beebipood.ee\/ru\/wp-json\/wp\/v2\/product_brand?post=457518"},{"taxonomy":"product_cat","embeddable":true,"href":"https:\/\/beebipood.ee\/ru\/wp-json\/wp\/v2\/product_cat?post=457518"},{"taxonomy":"product_tag","embeddable":true,"href":"https:\/\/beebipood.ee\/ru\/wp-json\/wp\/v2\/product_tag?post=457518"}],"curies":[{"name":"wp","href":"https:\/\/api.w.org\/{rel}","templated":true}]}}