{"id":457520,"date":"2016-12-05T11:29:37","date_gmt":"2016-12-05T09:29:37","guid":{"rendered":"https:\/\/beebipood.ee\/toode\/hauck-tegelustekk-relax-n-watch-water-animals\/"},"modified":"2025-12-16T11:02:52","modified_gmt":"2025-12-16T09:02:52","slug":"hauck-tegelustekk-relax-n-watch-water-animals","status":"publish","type":"product","link":"https:\/\/beebipood.ee\/ru\/produkt\/hauck-tegelustekk-relax-n-watch-water-animals\/","title":{"rendered":"Hauck tegelustekk Relax N Watch, Water Animals"},"content":{"rendered":"<p>Olenemata sellest, kas nad lamavad, istuvad v\u00f5i roomavad,<br \/>siis teie laps avastab alati midagi uut m\u00e4ngides Relax N Watch matil<br \/>M\u00e4ngukaar sisaldab loomi, kes teevad naljakat h\u00e4\u00e4lt, <br \/>see sobib suurep\u00e4raselt beebi kuulmisele.<br \/>M\u00e4gumatile on tikitud riidest rannakarbid,<br \/>ning tekk v\u00f5imaldab m\u00e4nguloomi peita ja \u00fcllatada last. <br \/>Imikud armastavad ka kahisevat h\u00e4\u00e4lt tegevat merevetikat.<br \/>Piiksuv krabi, p\u00f5risev meduus, tikitud rannakarp ja kilpkonn koos peegliga<br \/>K\u00f5ik m\u00e4ngukaare armsad loomad on suurep\u00e4rasedm\u00e4ngukaaslased<br \/>K\u00f5iki neid m\u00e4nguasju saab eemaldada javahetada nii, <br \/>et m\u00e4ngukaar saab pakkuda lapsele vaheldust. <br \/>See t\u00e4hendab lapsel on alati avastada uus m\u00e4ngumaailm.<br \/>M\u00e4ngumati l\u00e4bim\u00f5\u00f5t 95cm<br \/>Kui teie tegelustekil on mustuse m\u00e4rke <br \/>siis pange see lihtsalt pesumasinasse ja peske 30\u00b0 C juures. <br \/>Kergesti puhastatav puuvillane kangas on \u00fclimalt vastupidav.<\/p>\n","protected":false},"excerpt":{"rendered":"<p>Olenemata sellest, kas nad lamavad, istuvad v\u00f5i roomavad,siis teie laps avastab alati midagi uut m\u00e4ngides Relax N Watch matilM\u00e4ngukaar sisaldab loomi, kes teevad naljakat h\u00e4\u00e4lt, see sobib suurep\u00e4raselt beebi kuulmisele.M\u00e4gumatile on tikitud riidest rannakarbid,ning tekk v\u00f5imaldab m\u00e4nguloomi peita ja \u00fcllatada last. Imikud armastavad ka kahisevat h\u00e4\u00e4lt tegevat merevetikat.Piiksuv krabi, p\u00f5risev meduus, tikitud rannakarp ja kilpkonn [&hellip;]<\/p>\n","protected":false},"featured_media":115883,"template":"","meta":{"_acf_changed":false},"pwb-brand":[11952],"product_brand":[],"product_cat":[11683,11675,11689],"product_tag":[],"class_list":{"0":"post-457520","1":"product","2":"type-product","3":"status-publish","4":"has-post-thumbnail","6":"pwb-brand-hauck-ru","7":"product_cat-mangud-ru","8":"product_cat-aktiivne-tegevus-ja-vaba-aeg-ru","9":"product_cat-manguasjad-mangud-nukud-mangumoobel-ru","10":"pa_manufacturer-hauck-ru","12":"first","13":"instock","14":"taxable","15":"shipping-taxable","16":"purchasable","17":"product-type-simple"},"exclude_global_add_ons":[],"addons":[],"acf":[],"yoast_head":"<!-- This site is optimized with the Yoast SEO plugin v27.1.1 - https:\/\/yoast.com\/product\/yoast-seo-wordpress\/ -->\n<title>Hauck tegelustekk Relax N Watch, Water Animals, \u0410\u043a\u0442\u0438\u0432\u043d\u044b\u0435 \u0434\u0435\u0439\u0441\u0442\u0432\u0438\u044f, \u0418\u0433\u0440\u044b, \u0418\u0433\u0440\u0443\u0448\u043a\u0438, Beebipood<\/title>\n<meta name=\"description\" content=\"Hauck tegelustekk Relax N Watch, Water Animals, Olenemata sellest, kas nad lamavad, istuvad v&otilde;i roomavad,siis teie laps avastab alati midagi uut\" \/>\n<meta name=\"robots\" content=\"index, follow, max-snippet:-1, max-image-preview:large, max-video-preview:-1\" \/>\n<link rel=\"canonical\" href=\"https:\/\/beebipood.ee\/ru\/produkt\/hauck-tegelustekk-relax-n-watch-water-animals\/\" \/>\n<meta property=\"og:locale\" content=\"ru_RU\" \/>\n<meta property=\"og:type\" content=\"article\" \/>\n<meta property=\"og:title\" content=\"Hauck tegelustekk Relax N Watch, Water Animals, \u0410\u043a\u0442\u0438\u0432\u043d\u044b\u0435 \u0434\u0435\u0439\u0441\u0442\u0432\u0438\u044f, \u0418\u0433\u0440\u044b, \u0418\u0433\u0440\u0443\u0448\u043a\u0438, Beebipood\" \/>\n<meta property=\"og:description\" content=\"Hauck tegelustekk Relax N Watch, Water Animals, Olenemata sellest, kas nad lamavad, istuvad v&otilde;i roomavad,siis teie laps avastab alati midagi uut\" \/>\n<meta property=\"og:url\" content=\"https:\/\/beebipood.ee\/ru\/produkt\/hauck-tegelustekk-relax-n-watch-water-animals\/\" \/>\n<meta property=\"og:site_name\" content=\"Beebipood\" \/>\n<meta property=\"article:modified_time\" content=\"2025-12-16T09:02:52+00:00\" \/>\n<meta property=\"og:image\" content=\"https:\/\/beebipood.ee\/wp-content\/uploads\/2016\/12\/Hauck-tegelustekk-Relax-N-Watch-Water-Animals-Beebivoodid-reisivoodid-hallid-Reisivoodid-Lastemoobel-ja-sisustus_1-fc2.jpg\" \/>\n\t<meta property=\"og:image:width\" content=\"1500\" \/>\n\t<meta property=\"og:image:height\" content=\"1500\" \/>\n\t<meta property=\"og:image:type\" content=\"image\/jpeg\" \/>\n<meta name=\"twitter:card\" content=\"summary_large_image\" \/>\n<meta name=\"twitter:label1\" content=\"\u041f\u0440\u0438\u043c\u0435\u0440\u043d\u043e\u0435 \u0432\u0440\u0435\u043c\u044f \u0434\u043b\u044f \u0447\u0442\u0435\u043d\u0438\u044f\" \/>\n\t<meta name=\"twitter:data1\" content=\"1 \u043c\u0438\u043d\u0443\u0442\u0430\" \/>\n<script type=\"application\/ld+json\" class=\"yoast-schema-graph\">{\"@context\":\"https:\/\/schema.org\",\"@graph\":[{\"@type\":\"WebPage\",\"@id\":\"https:\/\/beebipood.ee\/ru\/produkt\/hauck-tegelustekk-relax-n-watch-water-animals\/\",\"url\":\"https:\/\/beebipood.ee\/ru\/produkt\/hauck-tegelustekk-relax-n-watch-water-animals\/\",\"name\":\"Hauck tegelustekk Relax N Watch, Water Animals, \u0410\u043a\u0442\u0438\u0432\u043d\u044b\u0435 \u0434\u0435\u0439\u0441\u0442\u0432\u0438\u044f, \u0418\u0433\u0440\u044b, \u0418\u0433\u0440\u0443\u0448\u043a\u0438, Beebipood\",\"isPartOf\":{\"@id\":\"https:\/\/beebipood.ee\/ru\/#website\"},\"primaryImageOfPage\":{\"@id\":\"https:\/\/beebipood.ee\/ru\/produkt\/hauck-tegelustekk-relax-n-watch-water-animals\/#primaryimage\"},\"image\":{\"@id\":\"https:\/\/beebipood.ee\/ru\/produkt\/hauck-tegelustekk-relax-n-watch-water-animals\/#primaryimage\"},\"thumbnailUrl\":\"https:\/\/beebipood.ee\/wp-content\/uploads\/2016\/12\/Hauck-tegelustekk-Relax-N-Watch-Water-Animals-Beebivoodid-reisivoodid-hallid-Reisivoodid-Lastemoobel-ja-sisustus_1-fc2.jpg\",\"datePublished\":\"2016-12-05T09:29:37+00:00\",\"dateModified\":\"2025-12-16T09:02:52+00:00\",\"description\":\"Hauck tegelustekk Relax N Watch, Water Animals, Olenemata sellest, kas nad lamavad, istuvad v&otilde;i roomavad,siis teie laps avastab alati midagi uut\",\"breadcrumb\":{\"@id\":\"https:\/\/beebipood.ee\/ru\/produkt\/hauck-tegelustekk-relax-n-watch-water-animals\/#breadcrumb\"},\"inLanguage\":\"ru-RU\",\"potentialAction\":[{\"@type\":\"ReadAction\",\"target\":[\"https:\/\/beebipood.ee\/ru\/produkt\/hauck-tegelustekk-relax-n-watch-water-animals\/\"]}]},{\"@type\":\"ImageObject\",\"inLanguage\":\"ru-RU\",\"@id\":\"https:\/\/beebipood.ee\/ru\/produkt\/hauck-tegelustekk-relax-n-watch-water-animals\/#primaryimage\",\"url\":\"https:\/\/beebipood.ee\/wp-content\/uploads\/2016\/12\/Hauck-tegelustekk-Relax-N-Watch-Water-Animals-Beebivoodid-reisivoodid-hallid-Reisivoodid-Lastemoobel-ja-sisustus_1-fc2.jpg\",\"contentUrl\":\"https:\/\/beebipood.ee\/wp-content\/uploads\/2016\/12\/Hauck-tegelustekk-Relax-N-Watch-Water-Animals-Beebivoodid-reisivoodid-hallid-Reisivoodid-Lastemoobel-ja-sisustus_1-fc2.jpg\",\"width\":1500,\"height\":1500},{\"@type\":\"BreadcrumbList\",\"@id\":\"https:\/\/beebipood.ee\/ru\/produkt\/hauck-tegelustekk-relax-n-watch-water-animals\/#breadcrumb\",\"itemListElement\":[{\"@type\":\"ListItem\",\"position\":1,\"name\":\"Home\",\"item\":\"https:\/\/beebipood.ee\/ru\/\"},{\"@type\":\"ListItem\",\"position\":2,\"name\":\"\u041a\u0430\u0442\u0430\u043b\u043e\u0433 \u0442\u043e\u0432\u0430\u0440\u043e\u0432\",\"item\":\"https:\/\/beebipood.ee\/tooted\/\"},{\"@type\":\"ListItem\",\"position\":3,\"name\":\"Hauck tegelustekk Relax N Watch, Water Animals\"}]},{\"@type\":\"WebSite\",\"@id\":\"https:\/\/beebipood.ee\/ru\/#website\",\"url\":\"https:\/\/beebipood.ee\/ru\/\",\"name\":\"Beebipood\",\"description\":\"Lastekaubad, beebikaubad, m\u00e4nguasjad\",\"publisher\":{\"@id\":\"https:\/\/beebipood.ee\/ru\/#organization\"},\"potentialAction\":[{\"@type\":\"SearchAction\",\"target\":{\"@type\":\"EntryPoint\",\"urlTemplate\":\"https:\/\/beebipood.ee\/ru\/?s={search_term_string}\"},\"query-input\":{\"@type\":\"PropertyValueSpecification\",\"valueRequired\":true,\"valueName\":\"search_term_string\"}}],\"inLanguage\":\"ru-RU\"},{\"@type\":\"Organization\",\"@id\":\"https:\/\/beebipood.ee\/ru\/#organization\",\"name\":\"Beebipood\",\"url\":\"https:\/\/beebipood.ee\/ru\/\",\"logo\":{\"@type\":\"ImageObject\",\"inLanguage\":\"ru-RU\",\"@id\":\"https:\/\/beebipood.ee\/ru\/#\/schema\/logo\/image\/\",\"url\":\"https:\/\/beebipood.ee\/wp-content\/uploads\/2025\/03\/beebipood.ee-logo-1.svg\",\"contentUrl\":\"https:\/\/beebipood.ee\/wp-content\/uploads\/2025\/03\/beebipood.ee-logo-1.svg\",\"caption\":\"Beebipood\"},\"image\":{\"@id\":\"https:\/\/beebipood.ee\/ru\/#\/schema\/logo\/image\/\"}}]}<\/script>\n<!-- \/ Yoast SEO plugin. -->","yoast_head_json":{"title":"Hauck tegelustekk Relax N Watch, Water Animals, \u0410\u043a\u0442\u0438\u0432\u043d\u044b\u0435 \u0434\u0435\u0439\u0441\u0442\u0432\u0438\u044f, \u0418\u0433\u0440\u044b, \u0418\u0433\u0440\u0443\u0448\u043a\u0438, Beebipood","description":"Hauck tegelustekk Relax N Watch, Water Animals, Olenemata sellest, kas nad lamavad, istuvad v&otilde;i roomavad,siis teie laps avastab alati midagi uut","robots":{"index":"index","follow":"follow","max-snippet":"max-snippet:-1","max-image-preview":"max-image-preview:large","max-video-preview":"max-video-preview:-1"},"canonical":"https:\/\/beebipood.ee\/ru\/produkt\/hauck-tegelustekk-relax-n-watch-water-animals\/","og_locale":"ru_RU","og_type":"article","og_title":"Hauck tegelustekk Relax N Watch, Water Animals, \u0410\u043a\u0442\u0438\u0432\u043d\u044b\u0435 \u0434\u0435\u0439\u0441\u0442\u0432\u0438\u044f, \u0418\u0433\u0440\u044b, \u0418\u0433\u0440\u0443\u0448\u043a\u0438, Beebipood","og_description":"Hauck tegelustekk Relax N Watch, Water Animals, Olenemata sellest, kas nad lamavad, istuvad v&otilde;i roomavad,siis teie laps avastab alati midagi uut","og_url":"https:\/\/beebipood.ee\/ru\/produkt\/hauck-tegelustekk-relax-n-watch-water-animals\/","og_site_name":"Beebipood","article_modified_time":"2025-12-16T09:02:52+00:00","og_image":[{"width":1500,"height":1500,"url":"https:\/\/beebipood.ee\/wp-content\/uploads\/2016\/12\/Hauck-tegelustekk-Relax-N-Watch-Water-Animals-Beebivoodid-reisivoodid-hallid-Reisivoodid-Lastemoobel-ja-sisustus_1-fc2.jpg","type":"image\/jpeg"}],"twitter_card":"summary_large_image","twitter_misc":{"\u041f\u0440\u0438\u043c\u0435\u0440\u043d\u043e\u0435 \u0432\u0440\u0435\u043c\u044f \u0434\u043b\u044f \u0447\u0442\u0435\u043d\u0438\u044f":"1 \u043c\u0438\u043d\u0443\u0442\u0430"},"schema":{"@context":"https:\/\/schema.org","@graph":[{"@type":"WebPage","@id":"https:\/\/beebipood.ee\/ru\/produkt\/hauck-tegelustekk-relax-n-watch-water-animals\/","url":"https:\/\/beebipood.ee\/ru\/produkt\/hauck-tegelustekk-relax-n-watch-water-animals\/","name":"Hauck tegelustekk Relax N Watch, Water Animals, \u0410\u043a\u0442\u0438\u0432\u043d\u044b\u0435 \u0434\u0435\u0439\u0441\u0442\u0432\u0438\u044f, \u0418\u0433\u0440\u044b, \u0418\u0433\u0440\u0443\u0448\u043a\u0438, Beebipood","isPartOf":{"@id":"https:\/\/beebipood.ee\/ru\/#website"},"primaryImageOfPage":{"@id":"https:\/\/beebipood.ee\/ru\/produkt\/hauck-tegelustekk-relax-n-watch-water-animals\/#primaryimage"},"image":{"@id":"https:\/\/beebipood.ee\/ru\/produkt\/hauck-tegelustekk-relax-n-watch-water-animals\/#primaryimage"},"thumbnailUrl":"https:\/\/beebipood.ee\/wp-content\/uploads\/2016\/12\/Hauck-tegelustekk-Relax-N-Watch-Water-Animals-Beebivoodid-reisivoodid-hallid-Reisivoodid-Lastemoobel-ja-sisustus_1-fc2.jpg","datePublished":"2016-12-05T09:29:37+00:00","dateModified":"2025-12-16T09:02:52+00:00","description":"Hauck tegelustekk Relax N Watch, Water Animals, Olenemata sellest, kas nad lamavad, istuvad v&otilde;i roomavad,siis teie laps avastab alati midagi uut","breadcrumb":{"@id":"https:\/\/beebipood.ee\/ru\/produkt\/hauck-tegelustekk-relax-n-watch-water-animals\/#breadcrumb"},"inLanguage":"ru-RU","potentialAction":[{"@type":"ReadAction","target":["https:\/\/beebipood.ee\/ru\/produkt\/hauck-tegelustekk-relax-n-watch-water-animals\/"]}]},{"@type":"ImageObject","inLanguage":"ru-RU","@id":"https:\/\/beebipood.ee\/ru\/produkt\/hauck-tegelustekk-relax-n-watch-water-animals\/#primaryimage","url":"https:\/\/beebipood.ee\/wp-content\/uploads\/2016\/12\/Hauck-tegelustekk-Relax-N-Watch-Water-Animals-Beebivoodid-reisivoodid-hallid-Reisivoodid-Lastemoobel-ja-sisustus_1-fc2.jpg","contentUrl":"https:\/\/beebipood.ee\/wp-content\/uploads\/2016\/12\/Hauck-tegelustekk-Relax-N-Watch-Water-Animals-Beebivoodid-reisivoodid-hallid-Reisivoodid-Lastemoobel-ja-sisustus_1-fc2.jpg","width":1500,"height":1500},{"@type":"BreadcrumbList","@id":"https:\/\/beebipood.ee\/ru\/produkt\/hauck-tegelustekk-relax-n-watch-water-animals\/#breadcrumb","itemListElement":[{"@type":"ListItem","position":1,"name":"Home","item":"https:\/\/beebipood.ee\/ru\/"},{"@type":"ListItem","position":2,"name":"\u041a\u0430\u0442\u0430\u043b\u043e\u0433 \u0442\u043e\u0432\u0430\u0440\u043e\u0432","item":"https:\/\/beebipood.ee\/tooted\/"},{"@type":"ListItem","position":3,"name":"Hauck tegelustekk Relax N Watch, Water Animals"}]},{"@type":"WebSite","@id":"https:\/\/beebipood.ee\/ru\/#website","url":"https:\/\/beebipood.ee\/ru\/","name":"Beebipood","description":"Lastekaubad, beebikaubad, m\u00e4nguasjad","publisher":{"@id":"https:\/\/beebipood.ee\/ru\/#organization"},"potentialAction":[{"@type":"SearchAction","target":{"@type":"EntryPoint","urlTemplate":"https:\/\/beebipood.ee\/ru\/?s={search_term_string}"},"query-input":{"@type":"PropertyValueSpecification","valueRequired":true,"valueName":"search_term_string"}}],"inLanguage":"ru-RU"},{"@type":"Organization","@id":"https:\/\/beebipood.ee\/ru\/#organization","name":"Beebipood","url":"https:\/\/beebipood.ee\/ru\/","logo":{"@type":"ImageObject","inLanguage":"ru-RU","@id":"https:\/\/beebipood.ee\/ru\/#\/schema\/logo\/image\/","url":"https:\/\/beebipood.ee\/wp-content\/uploads\/2025\/03\/beebipood.ee-logo-1.svg","contentUrl":"https:\/\/beebipood.ee\/wp-content\/uploads\/2025\/03\/beebipood.ee-logo-1.svg","caption":"Beebipood"},"image":{"@id":"https:\/\/beebipood.ee\/ru\/#\/schema\/logo\/image\/"}}]}},"brands":[{"id":11952,"name":"Hauck","slug":"hauck-ru"}],"_links":{"self":[{"href":"https:\/\/beebipood.ee\/ru\/wp-json\/wp\/v2\/product\/457520","targetHints":{"allow":["GET"]}}],"collection":[{"href":"https:\/\/beebipood.ee\/ru\/wp-json\/wp\/v2\/product"}],"about":[{"href":"https:\/\/beebipood.ee\/ru\/wp-json\/wp\/v2\/types\/product"}],"wp:featuredmedia":[{"embeddable":true,"href":"https:\/\/beebipood.ee\/ru\/wp-json\/wp\/v2\/media\/115883"}],"wp:attachment":[{"href":"https:\/\/beebipood.ee\/ru\/wp-json\/wp\/v2\/media?parent=457520"}],"wp:term":[{"taxonomy":"pwb-brand","embeddable":true,"href":"https:\/\/beebipood.ee\/ru\/wp-json\/wp\/v2\/pwb-brand?post=457520"},{"taxonomy":"product_brand","embeddable":true,"href":"https:\/\/beebipood.ee\/ru\/wp-json\/wp\/v2\/product_brand?post=457520"},{"taxonomy":"product_cat","embeddable":true,"href":"https:\/\/beebipood.ee\/ru\/wp-json\/wp\/v2\/product_cat?post=457520"},{"taxonomy":"product_tag","embeddable":true,"href":"https:\/\/beebipood.ee\/ru\/wp-json\/wp\/v2\/product_tag?post=457520"}],"curies":[{"name":"wp","href":"https:\/\/api.w.org\/{rel}","templated":true}]}}