{"id":457604,"date":"2025-10-16T11:24:47","date_gmt":"2025-10-16T08:24:47","guid":{"rendered":"https:\/\/beebipood.ee\/toode\/lastevoodi-luki-80x160-valge\/"},"modified":"2025-10-16T17:39:38","modified_gmt":"2025-10-16T14:39:38","slug":"lastevoodi-luki-80x160-valge-pildivalik","status":"publish","type":"product","link":"https:\/\/beebipood.ee\/ru\/produkt\/lastevoodi-luki-80x160-valge-pildivalik\/","title":{"rendered":"Lastevoodi Luki 80&#215;160 valge (pildivalik)"},"content":{"rendered":"<p>Lastevoodi Luki on m\u00f5eldud inimestele, kes hindavad funktsionaalsust,<br \/>\nkaasaegset disaini ja viimistluse k\u00f5rget kvaliteeti.<br \/>\nvalmistatud MDF\u2019st, m\u00f6\u00f6bliplaadist ja m\u00e4nnipuidust<br \/>\nm\u00f5eldes lapse ohutusele on voodi k\u00f5ik servad \u00fcmardatud<br \/>\nkvaliteetne ja vastupidav, lihtne kokku panna, kergesti puhastatav<br \/>\nsaab seadistada vasaku v\u00f5i parema poolseks<br \/>\nkomplekti kuulub: voodi, voodikast, voodip\u00f5hi,<br \/>\nturvapiirded ja poroloonmadrats m\u00f5\u00f5dus 80\u00d7160 cm<br \/>\nviimistluses on kasutatud \u00f6koloogiliselt puhtaid ja ohutuid v\u00e4rve<br \/>\nmagamisruum: 80 cm x 160 cm<br \/>\nvoodikast liigub ratastel<br \/>\nVoodi kandev\u00f5ime: 100kg<br \/>\n<span dir=\"auto\">Sertifitseeritud voodi \u2013 kvaliteet ja ohutus vastavalt T\u00dcV standarditele<\/span><\/p>\n","protected":false},"excerpt":{"rendered":"<p>Lastevoodi Luki on m\u00f5eldud inimestele, kes hindavad funktsionaalsust, kaasaegset disaini ja viimistluse k\u00f5rget kvaliteeti. valmistatud MDF\u2019st, m\u00f6\u00f6bliplaadist ja m\u00e4nnipuidust m\u00f5eldes lapse ohutusele on voodi k\u00f5ik servad \u00fcmardatud kvaliteetne ja vastupidav, lihtne kokku panna, kergesti puhastatav saab seadistada vasaku v\u00f5i parema poolseks komplekti kuulub: voodi, voodikast, voodip\u00f5hi, turvapiirded ja poroloonmadrats m\u00f5\u00f5dus 80\u00d7160 cm viimistluses on kasutatud [&hellip;]<\/p>\n","protected":false},"featured_media":508192,"template":"","meta":{"_acf_changed":false},"pwb-brand":[],"product_brand":[],"product_cat":[11588,11558,11788],"product_tag":[],"class_list":{"0":"post-457604","1":"product","2":"type-product","3":"status-publish","4":"has-post-thumbnail","6":"product_cat-80cm-laiused","7":"product_cat-laste-ja-noortevoodid","8":"product_cat-lastemoobel-ja-sisustus","10":"first","11":"onbackorder","12":"taxable","13":"shipping-taxable","14":"purchasable","15":"product-type-simple"},"exclude_global_add_ons":false,"addons":[{"name":"Vali pilt","type":"multiple_choice","position":0,"required":true,"title_format":"heading","default":"","description_enable":false,"description":"","placeholder_enable":false,"placeholder":"","display":"images","restrictions_type":"any_text","adjust_price":false,"price":"","price_type":"flat_fee","restrictions":false,"min":"0","max":"0","options":[{"label":"Cars","price":"","price_type":"quantity_based","image":501859,"visibility":true},{"label":"Hello Kids","price":"","price_type":"quantity_based","image":501861,"visibility":true}],"id":1760636379}],"acf":[],"yoast_head":"<!-- This site is optimized with the Yoast SEO plugin v27.3 - https:\/\/yoast.com\/product\/yoast-seo-wordpress\/ -->\n<title>Lastevoodi Luki 80x160 valge, \u041a\u0440\u043e\u0432\u0430\u0442\u0438 \u0434\u043b\u044f \u0434\u0435\u0442\u0435\u0439 \u0438 \u043f\u043e\u0434\u0440\u043e\u0441\u0442\u043a\u043e\u0432, \u0428\u0438\u0440\u0438\u043d\u0430 80c\u043c, M\u0435\u0431\u0435\u043b\u044c, Beebipood<\/title>\n<meta name=\"description\" content=\"Lastevoodi Luki 80x160 valge, Lastevoodi Luki on m\u00f5eldud inimestele, kes hindavad funktsionaalsust,kaasaegset disaini ja viimistluse k\u00f5rg\" \/>\n<meta name=\"robots\" content=\"index, follow, max-snippet:-1, max-image-preview:large, max-video-preview:-1\" \/>\n<link rel=\"canonical\" href=\"https:\/\/beebipood.ee\/ru\/produkt\/lastevoodi-luki-80x160-valge-pildivalik\/\" \/>\n<meta property=\"og:locale\" content=\"ru_RU\" \/>\n<meta property=\"og:type\" content=\"article\" \/>\n<meta property=\"og:title\" content=\"Lastevoodi Luki 80x160 valge, \u041a\u0440\u043e\u0432\u0430\u0442\u0438 \u0434\u043b\u044f \u0434\u0435\u0442\u0435\u0439 \u0438 \u043f\u043e\u0434\u0440\u043e\u0441\u0442\u043a\u043e\u0432, \u0428\u0438\u0440\u0438\u043d\u0430 80c\u043c, M\u0435\u0431\u0435\u043b\u044c, Beebipood\" \/>\n<meta property=\"og:description\" content=\"Lastevoodi Luki 80x160 valge, Lastevoodi Luki on m\u00f5eldud inimestele, kes hindavad funktsionaalsust,kaasaegset disaini ja viimistluse k\u00f5rg\" \/>\n<meta property=\"og:url\" content=\"https:\/\/beebipood.ee\/ru\/produkt\/lastevoodi-luki-80x160-valge-pildivalik\/\" \/>\n<meta property=\"og:site_name\" content=\"Beebipood\" \/>\n<meta property=\"article:modified_time\" content=\"2025-10-16T14:39:38+00:00\" \/>\n<meta property=\"og:image\" content=\"https:\/\/beebipood.ee\/wp-content\/uploads\/2016\/12\/luki_lozko_dla_dzieci_parterowe_jednoosobowe__bialy_tommy.jpg\" \/>\n\t<meta property=\"og:image:width\" content=\"800\" \/>\n\t<meta property=\"og:image:height\" content=\"532\" \/>\n\t<meta property=\"og:image:type\" content=\"image\/jpeg\" \/>\n<meta name=\"twitter:card\" content=\"summary_large_image\" \/>\n<meta name=\"twitter:label1\" content=\"\u041f\u0440\u0438\u043c\u0435\u0440\u043d\u043e\u0435 \u0432\u0440\u0435\u043c\u044f \u0434\u043b\u044f \u0447\u0442\u0435\u043d\u0438\u044f\" \/>\n\t<meta name=\"twitter:data1\" content=\"1 \u043c\u0438\u043d\u0443\u0442\u0430\" \/>\n<script type=\"application\/ld+json\" class=\"yoast-schema-graph\">{\"@context\":\"https:\\\/\\\/schema.org\",\"@graph\":[{\"@type\":\"WebPage\",\"@id\":\"https:\\\/\\\/beebipood.ee\\\/ru\\\/produkt\\\/lastevoodi-luki-80x160-valge-pildivalik\\\/\",\"url\":\"https:\\\/\\\/beebipood.ee\\\/ru\\\/produkt\\\/lastevoodi-luki-80x160-valge-pildivalik\\\/\",\"name\":\"Lastevoodi Luki 80x160 valge, \u041a\u0440\u043e\u0432\u0430\u0442\u0438 \u0434\u043b\u044f \u0434\u0435\u0442\u0435\u0439 \u0438 \u043f\u043e\u0434\u0440\u043e\u0441\u0442\u043a\u043e\u0432, \u0428\u0438\u0440\u0438\u043d\u0430 80c\u043c, M\u0435\u0431\u0435\u043b\u044c, Beebipood\",\"isPartOf\":{\"@id\":\"https:\\\/\\\/beebipood.ee\\\/ru\\\/#website\"},\"primaryImageOfPage\":{\"@id\":\"https:\\\/\\\/beebipood.ee\\\/ru\\\/produkt\\\/lastevoodi-luki-80x160-valge-pildivalik\\\/#primaryimage\"},\"image\":{\"@id\":\"https:\\\/\\\/beebipood.ee\\\/ru\\\/produkt\\\/lastevoodi-luki-80x160-valge-pildivalik\\\/#primaryimage\"},\"thumbnailUrl\":\"https:\\\/\\\/beebipood.ee\\\/wp-content\\\/uploads\\\/2016\\\/12\\\/luki_lozko_dla_dzieci_parterowe_jednoosobowe__bialy_tommy.jpg\",\"datePublished\":\"2025-10-16T08:24:47+00:00\",\"dateModified\":\"2025-10-16T14:39:38+00:00\",\"description\":\"Lastevoodi Luki 80x160 valge, Lastevoodi Luki on m\u00f5eldud inimestele, kes hindavad funktsionaalsust,kaasaegset disaini ja viimistluse k\u00f5rg\",\"breadcrumb\":{\"@id\":\"https:\\\/\\\/beebipood.ee\\\/ru\\\/produkt\\\/lastevoodi-luki-80x160-valge-pildivalik\\\/#breadcrumb\"},\"inLanguage\":\"ru-RU\",\"potentialAction\":[{\"@type\":\"ReadAction\",\"target\":[\"https:\\\/\\\/beebipood.ee\\\/ru\\\/produkt\\\/lastevoodi-luki-80x160-valge-pildivalik\\\/\"]}]},{\"@type\":\"ImageObject\",\"inLanguage\":\"ru-RU\",\"@id\":\"https:\\\/\\\/beebipood.ee\\\/ru\\\/produkt\\\/lastevoodi-luki-80x160-valge-pildivalik\\\/#primaryimage\",\"url\":\"https:\\\/\\\/beebipood.ee\\\/wp-content\\\/uploads\\\/2016\\\/12\\\/luki_lozko_dla_dzieci_parterowe_jednoosobowe__bialy_tommy.jpg\",\"contentUrl\":\"https:\\\/\\\/beebipood.ee\\\/wp-content\\\/uploads\\\/2016\\\/12\\\/luki_lozko_dla_dzieci_parterowe_jednoosobowe__bialy_tommy.jpg\",\"width\":800,\"height\":532},{\"@type\":\"BreadcrumbList\",\"@id\":\"https:\\\/\\\/beebipood.ee\\\/ru\\\/produkt\\\/lastevoodi-luki-80x160-valge-pildivalik\\\/#breadcrumb\",\"itemListElement\":[{\"@type\":\"ListItem\",\"position\":1,\"name\":\"Home\",\"item\":\"https:\\\/\\\/beebipood.ee\\\/ru\\\/\"},{\"@type\":\"ListItem\",\"position\":2,\"name\":\"\u041a\u0430\u0442\u0430\u043b\u043e\u0433 \u0442\u043e\u0432\u0430\u0440\u043e\u0432\",\"item\":\"https:\\\/\\\/beebipood.ee\\\/tooted\\\/\"},{\"@type\":\"ListItem\",\"position\":3,\"name\":\"Lastevoodi Luki 80&#215;160 valge (pildivalik)\"}]},{\"@type\":\"WebSite\",\"@id\":\"https:\\\/\\\/beebipood.ee\\\/ru\\\/#website\",\"url\":\"https:\\\/\\\/beebipood.ee\\\/ru\\\/\",\"name\":\"Beebipood\",\"description\":\"Lastekaubad, beebikaubad, m\u00e4nguasjad\",\"publisher\":{\"@id\":\"https:\\\/\\\/beebipood.ee\\\/ru\\\/#organization\"},\"potentialAction\":[{\"@type\":\"SearchAction\",\"target\":{\"@type\":\"EntryPoint\",\"urlTemplate\":\"https:\\\/\\\/beebipood.ee\\\/ru\\\/?s={search_term_string}\"},\"query-input\":{\"@type\":\"PropertyValueSpecification\",\"valueRequired\":true,\"valueName\":\"search_term_string\"}}],\"inLanguage\":\"ru-RU\"},{\"@type\":\"Organization\",\"@id\":\"https:\\\/\\\/beebipood.ee\\\/ru\\\/#organization\",\"name\":\"Beebipood\",\"url\":\"https:\\\/\\\/beebipood.ee\\\/ru\\\/\",\"logo\":{\"@type\":\"ImageObject\",\"inLanguage\":\"ru-RU\",\"@id\":\"https:\\\/\\\/beebipood.ee\\\/ru\\\/#\\\/schema\\\/logo\\\/image\\\/\",\"url\":\"https:\\\/\\\/beebipood.ee\\\/wp-content\\\/uploads\\\/2025\\\/03\\\/beebipood.ee-logo-1.svg\",\"contentUrl\":\"https:\\\/\\\/beebipood.ee\\\/wp-content\\\/uploads\\\/2025\\\/03\\\/beebipood.ee-logo-1.svg\",\"caption\":\"Beebipood\"},\"image\":{\"@id\":\"https:\\\/\\\/beebipood.ee\\\/ru\\\/#\\\/schema\\\/logo\\\/image\\\/\"}}]}<\/script>\n<!-- \/ Yoast SEO plugin. -->","yoast_head_json":{"title":"Lastevoodi Luki 80x160 valge, \u041a\u0440\u043e\u0432\u0430\u0442\u0438 \u0434\u043b\u044f \u0434\u0435\u0442\u0435\u0439 \u0438 \u043f\u043e\u0434\u0440\u043e\u0441\u0442\u043a\u043e\u0432, \u0428\u0438\u0440\u0438\u043d\u0430 80c\u043c, M\u0435\u0431\u0435\u043b\u044c, Beebipood","description":"Lastevoodi Luki 80x160 valge, Lastevoodi Luki on m\u00f5eldud inimestele, kes hindavad funktsionaalsust,kaasaegset disaini ja viimistluse k\u00f5rg","robots":{"index":"index","follow":"follow","max-snippet":"max-snippet:-1","max-image-preview":"max-image-preview:large","max-video-preview":"max-video-preview:-1"},"canonical":"https:\/\/beebipood.ee\/ru\/produkt\/lastevoodi-luki-80x160-valge-pildivalik\/","og_locale":"ru_RU","og_type":"article","og_title":"Lastevoodi Luki 80x160 valge, \u041a\u0440\u043e\u0432\u0430\u0442\u0438 \u0434\u043b\u044f \u0434\u0435\u0442\u0435\u0439 \u0438 \u043f\u043e\u0434\u0440\u043e\u0441\u0442\u043a\u043e\u0432, \u0428\u0438\u0440\u0438\u043d\u0430 80c\u043c, M\u0435\u0431\u0435\u043b\u044c, Beebipood","og_description":"Lastevoodi Luki 80x160 valge, Lastevoodi Luki on m\u00f5eldud inimestele, kes hindavad funktsionaalsust,kaasaegset disaini ja viimistluse k\u00f5rg","og_url":"https:\/\/beebipood.ee\/ru\/produkt\/lastevoodi-luki-80x160-valge-pildivalik\/","og_site_name":"Beebipood","article_modified_time":"2025-10-16T14:39:38+00:00","og_image":[{"width":800,"height":532,"url":"https:\/\/beebipood.ee\/wp-content\/uploads\/2016\/12\/luki_lozko_dla_dzieci_parterowe_jednoosobowe__bialy_tommy.jpg","type":"image\/jpeg"}],"twitter_card":"summary_large_image","twitter_misc":{"\u041f\u0440\u0438\u043c\u0435\u0440\u043d\u043e\u0435 \u0432\u0440\u0435\u043c\u044f \u0434\u043b\u044f \u0447\u0442\u0435\u043d\u0438\u044f":"1 \u043c\u0438\u043d\u0443\u0442\u0430"},"schema":{"@context":"https:\/\/schema.org","@graph":[{"@type":"WebPage","@id":"https:\/\/beebipood.ee\/ru\/produkt\/lastevoodi-luki-80x160-valge-pildivalik\/","url":"https:\/\/beebipood.ee\/ru\/produkt\/lastevoodi-luki-80x160-valge-pildivalik\/","name":"Lastevoodi Luki 80x160 valge, \u041a\u0440\u043e\u0432\u0430\u0442\u0438 \u0434\u043b\u044f \u0434\u0435\u0442\u0435\u0439 \u0438 \u043f\u043e\u0434\u0440\u043e\u0441\u0442\u043a\u043e\u0432, \u0428\u0438\u0440\u0438\u043d\u0430 80c\u043c, M\u0435\u0431\u0435\u043b\u044c, Beebipood","isPartOf":{"@id":"https:\/\/beebipood.ee\/ru\/#website"},"primaryImageOfPage":{"@id":"https:\/\/beebipood.ee\/ru\/produkt\/lastevoodi-luki-80x160-valge-pildivalik\/#primaryimage"},"image":{"@id":"https:\/\/beebipood.ee\/ru\/produkt\/lastevoodi-luki-80x160-valge-pildivalik\/#primaryimage"},"thumbnailUrl":"https:\/\/beebipood.ee\/wp-content\/uploads\/2016\/12\/luki_lozko_dla_dzieci_parterowe_jednoosobowe__bialy_tommy.jpg","datePublished":"2025-10-16T08:24:47+00:00","dateModified":"2025-10-16T14:39:38+00:00","description":"Lastevoodi Luki 80x160 valge, Lastevoodi Luki on m\u00f5eldud inimestele, kes hindavad funktsionaalsust,kaasaegset disaini ja viimistluse k\u00f5rg","breadcrumb":{"@id":"https:\/\/beebipood.ee\/ru\/produkt\/lastevoodi-luki-80x160-valge-pildivalik\/#breadcrumb"},"inLanguage":"ru-RU","potentialAction":[{"@type":"ReadAction","target":["https:\/\/beebipood.ee\/ru\/produkt\/lastevoodi-luki-80x160-valge-pildivalik\/"]}]},{"@type":"ImageObject","inLanguage":"ru-RU","@id":"https:\/\/beebipood.ee\/ru\/produkt\/lastevoodi-luki-80x160-valge-pildivalik\/#primaryimage","url":"https:\/\/beebipood.ee\/wp-content\/uploads\/2016\/12\/luki_lozko_dla_dzieci_parterowe_jednoosobowe__bialy_tommy.jpg","contentUrl":"https:\/\/beebipood.ee\/wp-content\/uploads\/2016\/12\/luki_lozko_dla_dzieci_parterowe_jednoosobowe__bialy_tommy.jpg","width":800,"height":532},{"@type":"BreadcrumbList","@id":"https:\/\/beebipood.ee\/ru\/produkt\/lastevoodi-luki-80x160-valge-pildivalik\/#breadcrumb","itemListElement":[{"@type":"ListItem","position":1,"name":"Home","item":"https:\/\/beebipood.ee\/ru\/"},{"@type":"ListItem","position":2,"name":"\u041a\u0430\u0442\u0430\u043b\u043e\u0433 \u0442\u043e\u0432\u0430\u0440\u043e\u0432","item":"https:\/\/beebipood.ee\/tooted\/"},{"@type":"ListItem","position":3,"name":"Lastevoodi Luki 80&#215;160 valge (pildivalik)"}]},{"@type":"WebSite","@id":"https:\/\/beebipood.ee\/ru\/#website","url":"https:\/\/beebipood.ee\/ru\/","name":"Beebipood","description":"Lastekaubad, beebikaubad, m\u00e4nguasjad","publisher":{"@id":"https:\/\/beebipood.ee\/ru\/#organization"},"potentialAction":[{"@type":"SearchAction","target":{"@type":"EntryPoint","urlTemplate":"https:\/\/beebipood.ee\/ru\/?s={search_term_string}"},"query-input":{"@type":"PropertyValueSpecification","valueRequired":true,"valueName":"search_term_string"}}],"inLanguage":"ru-RU"},{"@type":"Organization","@id":"https:\/\/beebipood.ee\/ru\/#organization","name":"Beebipood","url":"https:\/\/beebipood.ee\/ru\/","logo":{"@type":"ImageObject","inLanguage":"ru-RU","@id":"https:\/\/beebipood.ee\/ru\/#\/schema\/logo\/image\/","url":"https:\/\/beebipood.ee\/wp-content\/uploads\/2025\/03\/beebipood.ee-logo-1.svg","contentUrl":"https:\/\/beebipood.ee\/wp-content\/uploads\/2025\/03\/beebipood.ee-logo-1.svg","caption":"Beebipood"},"image":{"@id":"https:\/\/beebipood.ee\/ru\/#\/schema\/logo\/image\/"}}]}},"brands":[],"_links":{"self":[{"href":"https:\/\/beebipood.ee\/ru\/wp-json\/wp\/v2\/product\/457604","targetHints":{"allow":["GET"]}}],"collection":[{"href":"https:\/\/beebipood.ee\/ru\/wp-json\/wp\/v2\/product"}],"about":[{"href":"https:\/\/beebipood.ee\/ru\/wp-json\/wp\/v2\/types\/product"}],"wp:featuredmedia":[{"embeddable":true,"href":"https:\/\/beebipood.ee\/ru\/wp-json\/wp\/v2\/media\/508192"}],"wp:attachment":[{"href":"https:\/\/beebipood.ee\/ru\/wp-json\/wp\/v2\/media?parent=457604"}],"wp:term":[{"taxonomy":"pwb-brand","embeddable":true,"href":"https:\/\/beebipood.ee\/ru\/wp-json\/wp\/v2\/pwb-brand?post=457604"},{"taxonomy":"product_brand","embeddable":true,"href":"https:\/\/beebipood.ee\/ru\/wp-json\/wp\/v2\/product_brand?post=457604"},{"taxonomy":"product_cat","embeddable":true,"href":"https:\/\/beebipood.ee\/ru\/wp-json\/wp\/v2\/product_cat?post=457604"},{"taxonomy":"product_tag","embeddable":true,"href":"https:\/\/beebipood.ee\/ru\/wp-json\/wp\/v2\/product_tag?post=457604"}],"curies":[{"name":"wp","href":"https:\/\/api.w.org\/{rel}","templated":true}]}}