{"id":457630,"date":"2017-01-10T11:26:30","date_gmt":"2017-01-10T09:26:30","guid":{"rendered":"https:\/\/beebipood.ee\/toode\/lastevoodi-kacper-voodikastiga-90x200-grafiit\/"},"modified":"2025-03-04T11:38:46","modified_gmt":"2025-03-04T09:38:46","slug":"lastevoodi-kacper-voodikastiga-90x200-grafiit","status":"publish","type":"product","link":"https:\/\/beebipood.ee\/ru\/produkt\/lastevoodi-kacper-voodikastiga-90x200-grafiit\/","title":{"rendered":"Lastevoodi Kacper voodikastiga 90&#215;200, grafiit"},"content":{"rendered":"<p><span>* m\u00e4nnipuidust\u00a0valmistatud voodi<br \/>* kvaliteetne ja vastupidav, lihtne kokku panna<br \/><\/span><span>* viimistletud peitsi ja lakiga<br \/>* viimistluses on kasutatud \u00f6koloogiliselt puhtaid ja ohutuid v\u00e4rve<\/span><br \/><span>* sahtel liigub ratastel<br \/><\/span>*\u00a0<span>voodikasti k\u00fcljed, mis on valmistatud m\u00f6\u00f6bliplaadist<\/span><br \/><span><span>*\u00a0<\/span><strong>Komplekti kuulub<\/strong><span>: voodi, voodip\u00f5hi, voodikasti,<\/span><br \/><span>\u00a0 \u00fcks poroloonmadratsit m\u00f5\u00f5dus 8x90x200 cm <br \/>\u00a0 ja voodi\u00a0<\/span><strong>turvapiirded<\/strong><br \/><span>* madratsi kott \u00e4rav\u00f5etav ja pestav<\/span><br \/><\/span><\/p>\n","protected":false},"excerpt":{"rendered":"<p>* m\u00e4nnipuidust\u00a0valmistatud voodi* kvaliteetne ja vastupidav, lihtne kokku panna* viimistletud peitsi ja lakiga* viimistluses on kasutatud \u00f6koloogiliselt puhtaid ja ohutuid v\u00e4rve* sahtel liigub ratastel*\u00a0voodikasti k\u00fcljed, mis on valmistatud m\u00f6\u00f6bliplaadist*\u00a0Komplekti kuulub: voodi, voodip\u00f5hi, voodikasti,\u00a0 \u00fcks poroloonmadratsit m\u00f5\u00f5dus 8x90x200 cm \u00a0 ja voodi\u00a0turvapiirded* madratsi kott \u00e4rav\u00f5etav ja pestav<\/p>\n","protected":false},"featured_media":116962,"template":"","meta":{"_acf_changed":false},"pwb-brand":[],"product_brand":[],"product_cat":[11591,11559,11789],"product_tag":[],"class_list":{"0":"post-457630","1":"product","2":"type-product","3":"status-publish","4":"has-post-thumbnail","6":"product_cat-90cm-laiused-ru","7":"product_cat-laste-ja-noortevoodid-ru","8":"product_cat-lastemoobel-ja-sisustus-ru","10":"first","11":"onbackorder","12":"sale","13":"taxable","14":"shipping-taxable","15":"purchasable","16":"product-type-simple"},"exclude_global_add_ons":false,"addons":[{"name":"Vali v\u00e4rv","type":"multiple_choice","position":0,"required":true,"title_format":"heading","default":"","description_enable":false,"description":"","placeholder_enable":false,"placeholder":"","display":"images","restrictions_type":"any_text","adjust_price":false,"price":"","price_type":"flat_fee","restrictions":false,"min":"0","max":"0","options":[{"label":"valge","price":"","price_type":"quantity_based","image":501961,"visibility":true},{"label":"grafiit","price":"","price_type":"quantity_based","image":501963,"visibility":true},{"label":"roheline","price":"","price_type":"quantity_based","image":501965,"visibility":true},{"label":"sinine","price":"","price_type":"quantity_based","image":501967,"visibility":true},{"label":"roosa","price":"","price_type":"quantity_based","image":501969,"visibility":true}]}],"acf":[],"yoast_head":"<!-- This site is optimized with the Yoast SEO plugin v27.1.1 - https:\/\/yoast.com\/product\/yoast-seo-wordpress\/ -->\n<title>Lastevoodi Kacper voodikastiga 90x200, grafiit, \u041a\u0440\u043e\u0432\u0430\u0442\u0438 \u0434\u043b\u044f \u0434\u0435\u0442\u0435\u0439 \u0438 \u043f\u043e\u0434\u0440\u043e\u0441\u0442\u043a\u043e\u0432, \u0428\u0438\u0440\u0438\u043d\u0430 90c\u043c, M\u0435\u0431\u0435\u043b\u044c, Beebipood<\/title>\n<meta name=\"description\" content=\"Lastevoodi Kacper voodikastiga 90x200, grafiit, * m&auml;nnipuidust&nbsp;valmistatud voodi* kvaliteetne ja vastupidav, lihtne kokku panna&lt;\/\" \/>\n<meta name=\"robots\" content=\"index, follow, max-snippet:-1, max-image-preview:large, max-video-preview:-1\" \/>\n<link rel=\"canonical\" href=\"https:\/\/beebipood.ee\/ru\/produkt\/lastevoodi-kacper-voodikastiga-90x200-grafiit\/\" \/>\n<meta property=\"og:locale\" content=\"ru_RU\" \/>\n<meta property=\"og:type\" content=\"article\" \/>\n<meta property=\"og:title\" content=\"Lastevoodi Kacper voodikastiga 90x200, grafiit, \u041a\u0440\u043e\u0432\u0430\u0442\u0438 \u0434\u043b\u044f \u0434\u0435\u0442\u0435\u0439 \u0438 \u043f\u043e\u0434\u0440\u043e\u0441\u0442\u043a\u043e\u0432, \u0428\u0438\u0440\u0438\u043d\u0430 90c\u043c, M\u0435\u0431\u0435\u043b\u044c, Beebipood\" \/>\n<meta property=\"og:description\" content=\"Lastevoodi Kacper voodikastiga 90x200, grafiit, * m&auml;nnipuidust&nbsp;valmistatud voodi* kvaliteetne ja vastupidav, lihtne kokku panna&lt;\/\" \/>\n<meta property=\"og:url\" content=\"https:\/\/beebipood.ee\/ru\/produkt\/lastevoodi-kacper-voodikastiga-90x200-grafiit\/\" \/>\n<meta property=\"og:site_name\" content=\"Beebipood\" \/>\n<meta property=\"article:modified_time\" content=\"2025-03-04T09:38:46+00:00\" \/>\n<meta property=\"og:image\" content=\"https:\/\/beebipood.ee\/wp-content\/uploads\/2017\/01\/Lastevoodi-Kacper-voodikastiga-90x200-grafiit-Laste-ja-noortevoodid-UUED-TOOTED-90cm-laiused-Lastemoobel-ja-sisustus_2-6b4.jpg\" \/>\n\t<meta property=\"og:image:width\" content=\"1200\" \/>\n\t<meta property=\"og:image:height\" content=\"799\" \/>\n\t<meta property=\"og:image:type\" content=\"image\/jpeg\" \/>\n<meta name=\"twitter:card\" content=\"summary_large_image\" \/>\n<script type=\"application\/ld+json\" class=\"yoast-schema-graph\">{\"@context\":\"https:\/\/schema.org\",\"@graph\":[{\"@type\":\"WebPage\",\"@id\":\"https:\/\/beebipood.ee\/ru\/produkt\/lastevoodi-kacper-voodikastiga-90x200-grafiit\/\",\"url\":\"https:\/\/beebipood.ee\/ru\/produkt\/lastevoodi-kacper-voodikastiga-90x200-grafiit\/\",\"name\":\"Lastevoodi Kacper voodikastiga 90x200, grafiit, \u041a\u0440\u043e\u0432\u0430\u0442\u0438 \u0434\u043b\u044f \u0434\u0435\u0442\u0435\u0439 \u0438 \u043f\u043e\u0434\u0440\u043e\u0441\u0442\u043a\u043e\u0432, \u0428\u0438\u0440\u0438\u043d\u0430 90c\u043c, M\u0435\u0431\u0435\u043b\u044c, Beebipood\",\"isPartOf\":{\"@id\":\"https:\/\/beebipood.ee\/ru\/#website\"},\"primaryImageOfPage\":{\"@id\":\"https:\/\/beebipood.ee\/ru\/produkt\/lastevoodi-kacper-voodikastiga-90x200-grafiit\/#primaryimage\"},\"image\":{\"@id\":\"https:\/\/beebipood.ee\/ru\/produkt\/lastevoodi-kacper-voodikastiga-90x200-grafiit\/#primaryimage\"},\"thumbnailUrl\":\"https:\/\/beebipood.ee\/wp-content\/uploads\/2017\/01\/Lastevoodi-Kacper-voodikastiga-90x200-grafiit-Laste-ja-noortevoodid-UUED-TOOTED-90cm-laiused-Lastemoobel-ja-sisustus_2-6b4.jpg\",\"datePublished\":\"2017-01-10T09:26:30+00:00\",\"dateModified\":\"2025-03-04T09:38:46+00:00\",\"description\":\"Lastevoodi Kacper voodikastiga 90x200, grafiit, * m&auml;nnipuidust&nbsp;valmistatud voodi* kvaliteetne ja vastupidav, lihtne kokku panna&lt;\/\",\"breadcrumb\":{\"@id\":\"https:\/\/beebipood.ee\/ru\/produkt\/lastevoodi-kacper-voodikastiga-90x200-grafiit\/#breadcrumb\"},\"inLanguage\":\"ru-RU\",\"potentialAction\":[{\"@type\":\"ReadAction\",\"target\":[\"https:\/\/beebipood.ee\/ru\/produkt\/lastevoodi-kacper-voodikastiga-90x200-grafiit\/\"]}]},{\"@type\":\"ImageObject\",\"inLanguage\":\"ru-RU\",\"@id\":\"https:\/\/beebipood.ee\/ru\/produkt\/lastevoodi-kacper-voodikastiga-90x200-grafiit\/#primaryimage\",\"url\":\"https:\/\/beebipood.ee\/wp-content\/uploads\/2017\/01\/Lastevoodi-Kacper-voodikastiga-90x200-grafiit-Laste-ja-noortevoodid-UUED-TOOTED-90cm-laiused-Lastemoobel-ja-sisustus_2-6b4.jpg\",\"contentUrl\":\"https:\/\/beebipood.ee\/wp-content\/uploads\/2017\/01\/Lastevoodi-Kacper-voodikastiga-90x200-grafiit-Laste-ja-noortevoodid-UUED-TOOTED-90cm-laiused-Lastemoobel-ja-sisustus_2-6b4.jpg\",\"width\":1200,\"height\":799},{\"@type\":\"BreadcrumbList\",\"@id\":\"https:\/\/beebipood.ee\/ru\/produkt\/lastevoodi-kacper-voodikastiga-90x200-grafiit\/#breadcrumb\",\"itemListElement\":[{\"@type\":\"ListItem\",\"position\":1,\"name\":\"Home\",\"item\":\"https:\/\/beebipood.ee\/ru\/\"},{\"@type\":\"ListItem\",\"position\":2,\"name\":\"\u041a\u0430\u0442\u0430\u043b\u043e\u0433 \u0442\u043e\u0432\u0430\u0440\u043e\u0432\",\"item\":\"https:\/\/beebipood.ee\/tooted\/\"},{\"@type\":\"ListItem\",\"position\":3,\"name\":\"Lastevoodi Kacper voodikastiga 90&#215;200, grafiit\"}]},{\"@type\":\"WebSite\",\"@id\":\"https:\/\/beebipood.ee\/ru\/#website\",\"url\":\"https:\/\/beebipood.ee\/ru\/\",\"name\":\"Beebipood\",\"description\":\"Lastekaubad, beebikaubad, m\u00e4nguasjad\",\"publisher\":{\"@id\":\"https:\/\/beebipood.ee\/ru\/#organization\"},\"potentialAction\":[{\"@type\":\"SearchAction\",\"target\":{\"@type\":\"EntryPoint\",\"urlTemplate\":\"https:\/\/beebipood.ee\/ru\/?s={search_term_string}\"},\"query-input\":{\"@type\":\"PropertyValueSpecification\",\"valueRequired\":true,\"valueName\":\"search_term_string\"}}],\"inLanguage\":\"ru-RU\"},{\"@type\":\"Organization\",\"@id\":\"https:\/\/beebipood.ee\/ru\/#organization\",\"name\":\"Beebipood\",\"url\":\"https:\/\/beebipood.ee\/ru\/\",\"logo\":{\"@type\":\"ImageObject\",\"inLanguage\":\"ru-RU\",\"@id\":\"https:\/\/beebipood.ee\/ru\/#\/schema\/logo\/image\/\",\"url\":\"https:\/\/beebipood.ee\/wp-content\/uploads\/2025\/03\/beebipood.ee-logo-1.svg\",\"contentUrl\":\"https:\/\/beebipood.ee\/wp-content\/uploads\/2025\/03\/beebipood.ee-logo-1.svg\",\"caption\":\"Beebipood\"},\"image\":{\"@id\":\"https:\/\/beebipood.ee\/ru\/#\/schema\/logo\/image\/\"}}]}<\/script>\n<!-- \/ Yoast SEO plugin. -->","yoast_head_json":{"title":"Lastevoodi Kacper voodikastiga 90x200, grafiit, \u041a\u0440\u043e\u0432\u0430\u0442\u0438 \u0434\u043b\u044f \u0434\u0435\u0442\u0435\u0439 \u0438 \u043f\u043e\u0434\u0440\u043e\u0441\u0442\u043a\u043e\u0432, \u0428\u0438\u0440\u0438\u043d\u0430 90c\u043c, M\u0435\u0431\u0435\u043b\u044c, Beebipood","description":"Lastevoodi Kacper voodikastiga 90x200, grafiit, * m&auml;nnipuidust&nbsp;valmistatud voodi* kvaliteetne ja vastupidav, lihtne kokku panna&lt;\/","robots":{"index":"index","follow":"follow","max-snippet":"max-snippet:-1","max-image-preview":"max-image-preview:large","max-video-preview":"max-video-preview:-1"},"canonical":"https:\/\/beebipood.ee\/ru\/produkt\/lastevoodi-kacper-voodikastiga-90x200-grafiit\/","og_locale":"ru_RU","og_type":"article","og_title":"Lastevoodi Kacper voodikastiga 90x200, grafiit, \u041a\u0440\u043e\u0432\u0430\u0442\u0438 \u0434\u043b\u044f \u0434\u0435\u0442\u0435\u0439 \u0438 \u043f\u043e\u0434\u0440\u043e\u0441\u0442\u043a\u043e\u0432, \u0428\u0438\u0440\u0438\u043d\u0430 90c\u043c, M\u0435\u0431\u0435\u043b\u044c, Beebipood","og_description":"Lastevoodi Kacper voodikastiga 90x200, grafiit, * m&auml;nnipuidust&nbsp;valmistatud voodi* kvaliteetne ja vastupidav, lihtne kokku panna&lt;\/","og_url":"https:\/\/beebipood.ee\/ru\/produkt\/lastevoodi-kacper-voodikastiga-90x200-grafiit\/","og_site_name":"Beebipood","article_modified_time":"2025-03-04T09:38:46+00:00","og_image":[{"width":1200,"height":799,"url":"https:\/\/beebipood.ee\/wp-content\/uploads\/2017\/01\/Lastevoodi-Kacper-voodikastiga-90x200-grafiit-Laste-ja-noortevoodid-UUED-TOOTED-90cm-laiused-Lastemoobel-ja-sisustus_2-6b4.jpg","type":"image\/jpeg"}],"twitter_card":"summary_large_image","schema":{"@context":"https:\/\/schema.org","@graph":[{"@type":"WebPage","@id":"https:\/\/beebipood.ee\/ru\/produkt\/lastevoodi-kacper-voodikastiga-90x200-grafiit\/","url":"https:\/\/beebipood.ee\/ru\/produkt\/lastevoodi-kacper-voodikastiga-90x200-grafiit\/","name":"Lastevoodi Kacper voodikastiga 90x200, grafiit, \u041a\u0440\u043e\u0432\u0430\u0442\u0438 \u0434\u043b\u044f \u0434\u0435\u0442\u0435\u0439 \u0438 \u043f\u043e\u0434\u0440\u043e\u0441\u0442\u043a\u043e\u0432, \u0428\u0438\u0440\u0438\u043d\u0430 90c\u043c, M\u0435\u0431\u0435\u043b\u044c, Beebipood","isPartOf":{"@id":"https:\/\/beebipood.ee\/ru\/#website"},"primaryImageOfPage":{"@id":"https:\/\/beebipood.ee\/ru\/produkt\/lastevoodi-kacper-voodikastiga-90x200-grafiit\/#primaryimage"},"image":{"@id":"https:\/\/beebipood.ee\/ru\/produkt\/lastevoodi-kacper-voodikastiga-90x200-grafiit\/#primaryimage"},"thumbnailUrl":"https:\/\/beebipood.ee\/wp-content\/uploads\/2017\/01\/Lastevoodi-Kacper-voodikastiga-90x200-grafiit-Laste-ja-noortevoodid-UUED-TOOTED-90cm-laiused-Lastemoobel-ja-sisustus_2-6b4.jpg","datePublished":"2017-01-10T09:26:30+00:00","dateModified":"2025-03-04T09:38:46+00:00","description":"Lastevoodi Kacper voodikastiga 90x200, grafiit, * m&auml;nnipuidust&nbsp;valmistatud voodi* kvaliteetne ja vastupidav, lihtne kokku panna&lt;\/","breadcrumb":{"@id":"https:\/\/beebipood.ee\/ru\/produkt\/lastevoodi-kacper-voodikastiga-90x200-grafiit\/#breadcrumb"},"inLanguage":"ru-RU","potentialAction":[{"@type":"ReadAction","target":["https:\/\/beebipood.ee\/ru\/produkt\/lastevoodi-kacper-voodikastiga-90x200-grafiit\/"]}]},{"@type":"ImageObject","inLanguage":"ru-RU","@id":"https:\/\/beebipood.ee\/ru\/produkt\/lastevoodi-kacper-voodikastiga-90x200-grafiit\/#primaryimage","url":"https:\/\/beebipood.ee\/wp-content\/uploads\/2017\/01\/Lastevoodi-Kacper-voodikastiga-90x200-grafiit-Laste-ja-noortevoodid-UUED-TOOTED-90cm-laiused-Lastemoobel-ja-sisustus_2-6b4.jpg","contentUrl":"https:\/\/beebipood.ee\/wp-content\/uploads\/2017\/01\/Lastevoodi-Kacper-voodikastiga-90x200-grafiit-Laste-ja-noortevoodid-UUED-TOOTED-90cm-laiused-Lastemoobel-ja-sisustus_2-6b4.jpg","width":1200,"height":799},{"@type":"BreadcrumbList","@id":"https:\/\/beebipood.ee\/ru\/produkt\/lastevoodi-kacper-voodikastiga-90x200-grafiit\/#breadcrumb","itemListElement":[{"@type":"ListItem","position":1,"name":"Home","item":"https:\/\/beebipood.ee\/ru\/"},{"@type":"ListItem","position":2,"name":"\u041a\u0430\u0442\u0430\u043b\u043e\u0433 \u0442\u043e\u0432\u0430\u0440\u043e\u0432","item":"https:\/\/beebipood.ee\/tooted\/"},{"@type":"ListItem","position":3,"name":"Lastevoodi Kacper voodikastiga 90&#215;200, grafiit"}]},{"@type":"WebSite","@id":"https:\/\/beebipood.ee\/ru\/#website","url":"https:\/\/beebipood.ee\/ru\/","name":"Beebipood","description":"Lastekaubad, beebikaubad, m\u00e4nguasjad","publisher":{"@id":"https:\/\/beebipood.ee\/ru\/#organization"},"potentialAction":[{"@type":"SearchAction","target":{"@type":"EntryPoint","urlTemplate":"https:\/\/beebipood.ee\/ru\/?s={search_term_string}"},"query-input":{"@type":"PropertyValueSpecification","valueRequired":true,"valueName":"search_term_string"}}],"inLanguage":"ru-RU"},{"@type":"Organization","@id":"https:\/\/beebipood.ee\/ru\/#organization","name":"Beebipood","url":"https:\/\/beebipood.ee\/ru\/","logo":{"@type":"ImageObject","inLanguage":"ru-RU","@id":"https:\/\/beebipood.ee\/ru\/#\/schema\/logo\/image\/","url":"https:\/\/beebipood.ee\/wp-content\/uploads\/2025\/03\/beebipood.ee-logo-1.svg","contentUrl":"https:\/\/beebipood.ee\/wp-content\/uploads\/2025\/03\/beebipood.ee-logo-1.svg","caption":"Beebipood"},"image":{"@id":"https:\/\/beebipood.ee\/ru\/#\/schema\/logo\/image\/"}}]}},"brands":[],"_links":{"self":[{"href":"https:\/\/beebipood.ee\/ru\/wp-json\/wp\/v2\/product\/457630","targetHints":{"allow":["GET"]}}],"collection":[{"href":"https:\/\/beebipood.ee\/ru\/wp-json\/wp\/v2\/product"}],"about":[{"href":"https:\/\/beebipood.ee\/ru\/wp-json\/wp\/v2\/types\/product"}],"wp:featuredmedia":[{"embeddable":true,"href":"https:\/\/beebipood.ee\/ru\/wp-json\/wp\/v2\/media\/116962"}],"wp:attachment":[{"href":"https:\/\/beebipood.ee\/ru\/wp-json\/wp\/v2\/media?parent=457630"}],"wp:term":[{"taxonomy":"pwb-brand","embeddable":true,"href":"https:\/\/beebipood.ee\/ru\/wp-json\/wp\/v2\/pwb-brand?post=457630"},{"taxonomy":"product_brand","embeddable":true,"href":"https:\/\/beebipood.ee\/ru\/wp-json\/wp\/v2\/product_brand?post=457630"},{"taxonomy":"product_cat","embeddable":true,"href":"https:\/\/beebipood.ee\/ru\/wp-json\/wp\/v2\/product_cat?post=457630"},{"taxonomy":"product_tag","embeddable":true,"href":"https:\/\/beebipood.ee\/ru\/wp-json\/wp\/v2\/product_tag?post=457630"}],"curies":[{"name":"wp","href":"https:\/\/api.w.org\/{rel}","templated":true}]}}