{"id":457638,"date":"2017-01-23T13:37:18","date_gmt":"2017-01-23T11:37:18","guid":{"rendered":"https:\/\/beebipood.ee\/toode\/babydan-elin-turvavarav-beech-silver\/"},"modified":"2025-01-09T10:49:36","modified_gmt":"2025-01-09T08:49:36","slug":"babydan-elin-turvavarav-beech-silver","status":"publish","type":"product","link":"https:\/\/beebipood.ee\/ru\/produkt\/babydan-elin-turvavarav-beech-silver\/","title":{"rendered":"BabyDan Elin turvav\u00e4rav, Beech-Silver"},"content":{"rendered":"<p>BabyDan Elin on unikaalne ja v\u00e4ga paindlik turvav\u00e4rava s\u00fcsteem, <br \/>mis mahub pea igasse avasse. Seinakinnitused saab paigaldada <br \/>nii ukseraami v\u00e4limistele kui ka sisemistele k\u00fclgedele. <br \/>Turvav\u00e4rava osa on puidust.<br \/><span style=\"text-decoration: underline;\"><br \/>Omadused<\/span><br \/>Kruvidega kinnitatav turvav\u00e4rav (seinakinnitused komplektis kaasas)<br \/>BabyDan Elin turvav\u00e4rav avaneb m\u00f5lemas suunas ja on opereeritav \u00fche k\u00e4ega<br \/>Tootel on Quick Release mehhanism, <br \/>mis v\u00f5imaldab turvav\u00e4ravat h\u00f5lpsasti ja kiirelt eemaldada ja taas paigaldada<br \/>V\u00f5imalik kinnitada nii ukseraami sisemisele kui ka v\u00e4limisele k\u00fcljele<br \/>Vastab Euroopa turvastandardile EN1930:2011<br \/>Taani disain<br \/>Materjal: puit (p\u00f6\u00f6k) \/ plastik<br \/>100% PVC vaba<br \/><span style=\"text-decoration: underline;\">N\u00e4itajad<\/span><br \/>Ukseraami sisemistele k\u00fclgedele paigaldades sobivad avad suuruses 69-106,5cm.<br \/>Kui v\u00e4rav paigaldatakse aga ukseraami v\u00e4limistele k\u00fclgedele, <br \/>siis on ava maksimum laius ca. 5cm v\u00e4hem.<br \/>V\u00e4rava k\u00f5rgus 73cm<\/p>\n","protected":false},"excerpt":{"rendered":"<p>BabyDan Elin on unikaalne ja v\u00e4ga paindlik turvav\u00e4rava s\u00fcsteem, mis mahub pea igasse avasse. Seinakinnitused saab paigaldada nii ukseraami v\u00e4limistele kui ka sisemistele k\u00fclgedele. Turvav\u00e4rava osa on puidust.OmadusedKruvidega kinnitatav turvav\u00e4rav (seinakinnitused komplektis kaasas)BabyDan Elin turvav\u00e4rav avaneb m\u00f5lemas suunas ja on opereeritav \u00fche k\u00e4egaTootel on Quick Release mehhanism, mis v\u00f5imaldab turvav\u00e4ravat h\u00f5lpsasti ja kiirelt eemaldada ja [&hellip;]<\/p>\n","protected":false},"featured_media":117166,"template":"","meta":{"_acf_changed":false},"pwb-brand":[11971],"product_brand":[],"product_cat":[11703,11705,11791],"product_tag":[],"class_list":{"0":"post-457638","1":"product","2":"type-product","3":"status-publish","4":"has-post-thumbnail","6":"pwb-brand-babydan-ru","7":"product_cat-turvalisus-maneezid-turvavaravad-piirded-ru","8":"product_cat-turvavaravad-ru","9":"product_cat-turvavarustus-ru","10":"pa_manufacturer-babydan-ru","12":"first","13":"onbackorder","14":"taxable","15":"shipping-taxable","16":"purchasable","17":"product-type-simple"},"exclude_global_add_ons":[],"addons":[],"acf":[],"yoast_head":"<!-- This site is optimized with the Yoast SEO plugin v27.1.1 - https:\/\/yoast.com\/product\/yoast-seo-wordpress\/ -->\n<title>BabyDan Elin turvav\u00e4rav, Beech-Silver , \u0421\u041a\u0418\u0414\u041a\u0418, \u0411\u0435\u0437\u043e\u043f\u0430\u0441\u043d\u043e\u0441\u0442\u044c, \u0432\u043e\u0440\u043e\u0442\u0430 \u0431\u0435\u0437\u043e\u043f\u0430\u0441\u043d\u043e\u0441\u0442\u0438,\u043c\u0430\u043d\u0435\u0436\u0438, \u0412\u043e\u0440\u043e\u0442\u0430 \u0431\u0435\u0437\u043e\u043f\u0430\u0441\u043d\u043e\u0441\u0442\u0438, \u0421\u043d\u0430\u0440\u044f\u0436\u0435\u043d\u0438\u044f \u0431\u0435\u0437\u043e\u043f\u0430\u0441\u043d\u043e\u0441\u0442\u0438, Beebipood<\/title>\n<meta name=\"description\" content=\"BabyDan Elin turvav\u00e4rav, Beech-Silver , BabyDan Elin on unikaalne ja v&auml;ga paindlik turvav&auml;rava s&uuml;steem, mis mahub pea igasse avasse. Se\" \/>\n<meta name=\"robots\" content=\"index, follow, max-snippet:-1, max-image-preview:large, max-video-preview:-1\" \/>\n<link rel=\"canonical\" href=\"https:\/\/beebipood.ee\/ru\/produkt\/babydan-elin-turvavarav-beech-silver\/\" \/>\n<meta property=\"og:locale\" content=\"ru_RU\" \/>\n<meta property=\"og:type\" content=\"article\" \/>\n<meta property=\"og:title\" content=\"BabyDan Elin turvav\u00e4rav, Beech-Silver , \u0421\u041a\u0418\u0414\u041a\u0418, \u0411\u0435\u0437\u043e\u043f\u0430\u0441\u043d\u043e\u0441\u0442\u044c, \u0432\u043e\u0440\u043e\u0442\u0430 \u0431\u0435\u0437\u043e\u043f\u0430\u0441\u043d\u043e\u0441\u0442\u0438,\u043c\u0430\u043d\u0435\u0436\u0438, \u0412\u043e\u0440\u043e\u0442\u0430 \u0431\u0435\u0437\u043e\u043f\u0430\u0441\u043d\u043e\u0441\u0442\u0438, \u0421\u043d\u0430\u0440\u044f\u0436\u0435\u043d\u0438\u044f \u0431\u0435\u0437\u043e\u043f\u0430\u0441\u043d\u043e\u0441\u0442\u0438, Beebipood\" \/>\n<meta property=\"og:description\" content=\"BabyDan Elin turvav\u00e4rav, Beech-Silver , BabyDan Elin on unikaalne ja v&auml;ga paindlik turvav&auml;rava s&uuml;steem, mis mahub pea igasse avasse. Se\" \/>\n<meta property=\"og:url\" content=\"https:\/\/beebipood.ee\/ru\/produkt\/babydan-elin-turvavarav-beech-silver\/\" \/>\n<meta property=\"og:site_name\" content=\"Beebipood\" \/>\n<meta property=\"article:modified_time\" content=\"2025-01-09T08:49:36+00:00\" \/>\n<meta property=\"og:image\" content=\"https:\/\/beebipood.ee\/wp-content\/uploads\/2017\/01\/BabyDan-Elin-turvavarav-BeechSilver-UUED-TOOTED-Turvalisus-maneeid-turvavaravad-piirded-Turvavaravad-Turvavarustus_2-26d.jpg\" \/>\n\t<meta property=\"og:image:width\" content=\"1392\" \/>\n\t<meta property=\"og:image:height\" content=\"1200\" \/>\n\t<meta property=\"og:image:type\" content=\"image\/jpeg\" \/>\n<meta name=\"twitter:card\" content=\"summary_large_image\" \/>\n<meta name=\"twitter:label1\" content=\"\u041f\u0440\u0438\u043c\u0435\u0440\u043d\u043e\u0435 \u0432\u0440\u0435\u043c\u044f \u0434\u043b\u044f \u0447\u0442\u0435\u043d\u0438\u044f\" \/>\n\t<meta name=\"twitter:data1\" content=\"1 \u043c\u0438\u043d\u0443\u0442\u0430\" \/>\n<script type=\"application\/ld+json\" class=\"yoast-schema-graph\">{\"@context\":\"https:\/\/schema.org\",\"@graph\":[{\"@type\":\"WebPage\",\"@id\":\"https:\/\/beebipood.ee\/ru\/produkt\/babydan-elin-turvavarav-beech-silver\/\",\"url\":\"https:\/\/beebipood.ee\/ru\/produkt\/babydan-elin-turvavarav-beech-silver\/\",\"name\":\"BabyDan Elin turvav\u00e4rav, Beech-Silver , \u0421\u041a\u0418\u0414\u041a\u0418, \u0411\u0435\u0437\u043e\u043f\u0430\u0441\u043d\u043e\u0441\u0442\u044c, \u0432\u043e\u0440\u043e\u0442\u0430 \u0431\u0435\u0437\u043e\u043f\u0430\u0441\u043d\u043e\u0441\u0442\u0438,\u043c\u0430\u043d\u0435\u0436\u0438, \u0412\u043e\u0440\u043e\u0442\u0430 \u0431\u0435\u0437\u043e\u043f\u0430\u0441\u043d\u043e\u0441\u0442\u0438, \u0421\u043d\u0430\u0440\u044f\u0436\u0435\u043d\u0438\u044f \u0431\u0435\u0437\u043e\u043f\u0430\u0441\u043d\u043e\u0441\u0442\u0438, Beebipood\",\"isPartOf\":{\"@id\":\"https:\/\/beebipood.ee\/ru\/#website\"},\"primaryImageOfPage\":{\"@id\":\"https:\/\/beebipood.ee\/ru\/produkt\/babydan-elin-turvavarav-beech-silver\/#primaryimage\"},\"image\":{\"@id\":\"https:\/\/beebipood.ee\/ru\/produkt\/babydan-elin-turvavarav-beech-silver\/#primaryimage\"},\"thumbnailUrl\":\"https:\/\/beebipood.ee\/wp-content\/uploads\/2017\/01\/BabyDan-Elin-turvavarav-BeechSilver-UUED-TOOTED-Turvalisus-maneeid-turvavaravad-piirded-Turvavaravad-Turvavarustus_2-26d.jpg\",\"datePublished\":\"2017-01-23T11:37:18+00:00\",\"dateModified\":\"2025-01-09T08:49:36+00:00\",\"description\":\"BabyDan Elin turvav\u00e4rav, Beech-Silver , BabyDan Elin on unikaalne ja v&auml;ga paindlik turvav&auml;rava s&uuml;steem, mis mahub pea igasse avasse. Se\",\"breadcrumb\":{\"@id\":\"https:\/\/beebipood.ee\/ru\/produkt\/babydan-elin-turvavarav-beech-silver\/#breadcrumb\"},\"inLanguage\":\"ru-RU\",\"potentialAction\":[{\"@type\":\"ReadAction\",\"target\":[\"https:\/\/beebipood.ee\/ru\/produkt\/babydan-elin-turvavarav-beech-silver\/\"]}]},{\"@type\":\"ImageObject\",\"inLanguage\":\"ru-RU\",\"@id\":\"https:\/\/beebipood.ee\/ru\/produkt\/babydan-elin-turvavarav-beech-silver\/#primaryimage\",\"url\":\"https:\/\/beebipood.ee\/wp-content\/uploads\/2017\/01\/BabyDan-Elin-turvavarav-BeechSilver-UUED-TOOTED-Turvalisus-maneeid-turvavaravad-piirded-Turvavaravad-Turvavarustus_2-26d.jpg\",\"contentUrl\":\"https:\/\/beebipood.ee\/wp-content\/uploads\/2017\/01\/BabyDan-Elin-turvavarav-BeechSilver-UUED-TOOTED-Turvalisus-maneeid-turvavaravad-piirded-Turvavaravad-Turvavarustus_2-26d.jpg\",\"width\":1392,\"height\":1200},{\"@type\":\"BreadcrumbList\",\"@id\":\"https:\/\/beebipood.ee\/ru\/produkt\/babydan-elin-turvavarav-beech-silver\/#breadcrumb\",\"itemListElement\":[{\"@type\":\"ListItem\",\"position\":1,\"name\":\"Home\",\"item\":\"https:\/\/beebipood.ee\/ru\/\"},{\"@type\":\"ListItem\",\"position\":2,\"name\":\"\u041a\u0430\u0442\u0430\u043b\u043e\u0433 \u0442\u043e\u0432\u0430\u0440\u043e\u0432\",\"item\":\"https:\/\/beebipood.ee\/tooted\/\"},{\"@type\":\"ListItem\",\"position\":3,\"name\":\"BabyDan Elin turvav\u00e4rav, Beech-Silver\"}]},{\"@type\":\"WebSite\",\"@id\":\"https:\/\/beebipood.ee\/ru\/#website\",\"url\":\"https:\/\/beebipood.ee\/ru\/\",\"name\":\"Beebipood\",\"description\":\"Lastekaubad, beebikaubad, m\u00e4nguasjad\",\"publisher\":{\"@id\":\"https:\/\/beebipood.ee\/ru\/#organization\"},\"potentialAction\":[{\"@type\":\"SearchAction\",\"target\":{\"@type\":\"EntryPoint\",\"urlTemplate\":\"https:\/\/beebipood.ee\/ru\/?s={search_term_string}\"},\"query-input\":{\"@type\":\"PropertyValueSpecification\",\"valueRequired\":true,\"valueName\":\"search_term_string\"}}],\"inLanguage\":\"ru-RU\"},{\"@type\":\"Organization\",\"@id\":\"https:\/\/beebipood.ee\/ru\/#organization\",\"name\":\"Beebipood\",\"url\":\"https:\/\/beebipood.ee\/ru\/\",\"logo\":{\"@type\":\"ImageObject\",\"inLanguage\":\"ru-RU\",\"@id\":\"https:\/\/beebipood.ee\/ru\/#\/schema\/logo\/image\/\",\"url\":\"https:\/\/beebipood.ee\/wp-content\/uploads\/2025\/03\/beebipood.ee-logo-1.svg\",\"contentUrl\":\"https:\/\/beebipood.ee\/wp-content\/uploads\/2025\/03\/beebipood.ee-logo-1.svg\",\"caption\":\"Beebipood\"},\"image\":{\"@id\":\"https:\/\/beebipood.ee\/ru\/#\/schema\/logo\/image\/\"}}]}<\/script>\n<!-- \/ Yoast SEO plugin. -->","yoast_head_json":{"title":"BabyDan Elin turvav\u00e4rav, Beech-Silver , \u0421\u041a\u0418\u0414\u041a\u0418, \u0411\u0435\u0437\u043e\u043f\u0430\u0441\u043d\u043e\u0441\u0442\u044c, \u0432\u043e\u0440\u043e\u0442\u0430 \u0431\u0435\u0437\u043e\u043f\u0430\u0441\u043d\u043e\u0441\u0442\u0438,\u043c\u0430\u043d\u0435\u0436\u0438, \u0412\u043e\u0440\u043e\u0442\u0430 \u0431\u0435\u0437\u043e\u043f\u0430\u0441\u043d\u043e\u0441\u0442\u0438, \u0421\u043d\u0430\u0440\u044f\u0436\u0435\u043d\u0438\u044f \u0431\u0435\u0437\u043e\u043f\u0430\u0441\u043d\u043e\u0441\u0442\u0438, Beebipood","description":"BabyDan Elin turvav\u00e4rav, Beech-Silver , BabyDan Elin on unikaalne ja v&auml;ga paindlik turvav&auml;rava s&uuml;steem, mis mahub pea igasse avasse. Se","robots":{"index":"index","follow":"follow","max-snippet":"max-snippet:-1","max-image-preview":"max-image-preview:large","max-video-preview":"max-video-preview:-1"},"canonical":"https:\/\/beebipood.ee\/ru\/produkt\/babydan-elin-turvavarav-beech-silver\/","og_locale":"ru_RU","og_type":"article","og_title":"BabyDan Elin turvav\u00e4rav, Beech-Silver , \u0421\u041a\u0418\u0414\u041a\u0418, \u0411\u0435\u0437\u043e\u043f\u0430\u0441\u043d\u043e\u0441\u0442\u044c, \u0432\u043e\u0440\u043e\u0442\u0430 \u0431\u0435\u0437\u043e\u043f\u0430\u0441\u043d\u043e\u0441\u0442\u0438,\u043c\u0430\u043d\u0435\u0436\u0438, \u0412\u043e\u0440\u043e\u0442\u0430 \u0431\u0435\u0437\u043e\u043f\u0430\u0441\u043d\u043e\u0441\u0442\u0438, \u0421\u043d\u0430\u0440\u044f\u0436\u0435\u043d\u0438\u044f \u0431\u0435\u0437\u043e\u043f\u0430\u0441\u043d\u043e\u0441\u0442\u0438, Beebipood","og_description":"BabyDan Elin turvav\u00e4rav, Beech-Silver , BabyDan Elin on unikaalne ja v&auml;ga paindlik turvav&auml;rava s&uuml;steem, mis mahub pea igasse avasse. Se","og_url":"https:\/\/beebipood.ee\/ru\/produkt\/babydan-elin-turvavarav-beech-silver\/","og_site_name":"Beebipood","article_modified_time":"2025-01-09T08:49:36+00:00","og_image":[{"width":1392,"height":1200,"url":"https:\/\/beebipood.ee\/wp-content\/uploads\/2017\/01\/BabyDan-Elin-turvavarav-BeechSilver-UUED-TOOTED-Turvalisus-maneeid-turvavaravad-piirded-Turvavaravad-Turvavarustus_2-26d.jpg","type":"image\/jpeg"}],"twitter_card":"summary_large_image","twitter_misc":{"\u041f\u0440\u0438\u043c\u0435\u0440\u043d\u043e\u0435 \u0432\u0440\u0435\u043c\u044f \u0434\u043b\u044f \u0447\u0442\u0435\u043d\u0438\u044f":"1 \u043c\u0438\u043d\u0443\u0442\u0430"},"schema":{"@context":"https:\/\/schema.org","@graph":[{"@type":"WebPage","@id":"https:\/\/beebipood.ee\/ru\/produkt\/babydan-elin-turvavarav-beech-silver\/","url":"https:\/\/beebipood.ee\/ru\/produkt\/babydan-elin-turvavarav-beech-silver\/","name":"BabyDan Elin turvav\u00e4rav, Beech-Silver , \u0421\u041a\u0418\u0414\u041a\u0418, \u0411\u0435\u0437\u043e\u043f\u0430\u0441\u043d\u043e\u0441\u0442\u044c, \u0432\u043e\u0440\u043e\u0442\u0430 \u0431\u0435\u0437\u043e\u043f\u0430\u0441\u043d\u043e\u0441\u0442\u0438,\u043c\u0430\u043d\u0435\u0436\u0438, \u0412\u043e\u0440\u043e\u0442\u0430 \u0431\u0435\u0437\u043e\u043f\u0430\u0441\u043d\u043e\u0441\u0442\u0438, \u0421\u043d\u0430\u0440\u044f\u0436\u0435\u043d\u0438\u044f \u0431\u0435\u0437\u043e\u043f\u0430\u0441\u043d\u043e\u0441\u0442\u0438, Beebipood","isPartOf":{"@id":"https:\/\/beebipood.ee\/ru\/#website"},"primaryImageOfPage":{"@id":"https:\/\/beebipood.ee\/ru\/produkt\/babydan-elin-turvavarav-beech-silver\/#primaryimage"},"image":{"@id":"https:\/\/beebipood.ee\/ru\/produkt\/babydan-elin-turvavarav-beech-silver\/#primaryimage"},"thumbnailUrl":"https:\/\/beebipood.ee\/wp-content\/uploads\/2017\/01\/BabyDan-Elin-turvavarav-BeechSilver-UUED-TOOTED-Turvalisus-maneeid-turvavaravad-piirded-Turvavaravad-Turvavarustus_2-26d.jpg","datePublished":"2017-01-23T11:37:18+00:00","dateModified":"2025-01-09T08:49:36+00:00","description":"BabyDan Elin turvav\u00e4rav, Beech-Silver , BabyDan Elin on unikaalne ja v&auml;ga paindlik turvav&auml;rava s&uuml;steem, mis mahub pea igasse avasse. Se","breadcrumb":{"@id":"https:\/\/beebipood.ee\/ru\/produkt\/babydan-elin-turvavarav-beech-silver\/#breadcrumb"},"inLanguage":"ru-RU","potentialAction":[{"@type":"ReadAction","target":["https:\/\/beebipood.ee\/ru\/produkt\/babydan-elin-turvavarav-beech-silver\/"]}]},{"@type":"ImageObject","inLanguage":"ru-RU","@id":"https:\/\/beebipood.ee\/ru\/produkt\/babydan-elin-turvavarav-beech-silver\/#primaryimage","url":"https:\/\/beebipood.ee\/wp-content\/uploads\/2017\/01\/BabyDan-Elin-turvavarav-BeechSilver-UUED-TOOTED-Turvalisus-maneeid-turvavaravad-piirded-Turvavaravad-Turvavarustus_2-26d.jpg","contentUrl":"https:\/\/beebipood.ee\/wp-content\/uploads\/2017\/01\/BabyDan-Elin-turvavarav-BeechSilver-UUED-TOOTED-Turvalisus-maneeid-turvavaravad-piirded-Turvavaravad-Turvavarustus_2-26d.jpg","width":1392,"height":1200},{"@type":"BreadcrumbList","@id":"https:\/\/beebipood.ee\/ru\/produkt\/babydan-elin-turvavarav-beech-silver\/#breadcrumb","itemListElement":[{"@type":"ListItem","position":1,"name":"Home","item":"https:\/\/beebipood.ee\/ru\/"},{"@type":"ListItem","position":2,"name":"\u041a\u0430\u0442\u0430\u043b\u043e\u0433 \u0442\u043e\u0432\u0430\u0440\u043e\u0432","item":"https:\/\/beebipood.ee\/tooted\/"},{"@type":"ListItem","position":3,"name":"BabyDan Elin turvav\u00e4rav, Beech-Silver"}]},{"@type":"WebSite","@id":"https:\/\/beebipood.ee\/ru\/#website","url":"https:\/\/beebipood.ee\/ru\/","name":"Beebipood","description":"Lastekaubad, beebikaubad, m\u00e4nguasjad","publisher":{"@id":"https:\/\/beebipood.ee\/ru\/#organization"},"potentialAction":[{"@type":"SearchAction","target":{"@type":"EntryPoint","urlTemplate":"https:\/\/beebipood.ee\/ru\/?s={search_term_string}"},"query-input":{"@type":"PropertyValueSpecification","valueRequired":true,"valueName":"search_term_string"}}],"inLanguage":"ru-RU"},{"@type":"Organization","@id":"https:\/\/beebipood.ee\/ru\/#organization","name":"Beebipood","url":"https:\/\/beebipood.ee\/ru\/","logo":{"@type":"ImageObject","inLanguage":"ru-RU","@id":"https:\/\/beebipood.ee\/ru\/#\/schema\/logo\/image\/","url":"https:\/\/beebipood.ee\/wp-content\/uploads\/2025\/03\/beebipood.ee-logo-1.svg","contentUrl":"https:\/\/beebipood.ee\/wp-content\/uploads\/2025\/03\/beebipood.ee-logo-1.svg","caption":"Beebipood"},"image":{"@id":"https:\/\/beebipood.ee\/ru\/#\/schema\/logo\/image\/"}}]}},"brands":[{"id":11971,"name":"BabyDan","slug":"babydan-ru"}],"_links":{"self":[{"href":"https:\/\/beebipood.ee\/ru\/wp-json\/wp\/v2\/product\/457638","targetHints":{"allow":["GET"]}}],"collection":[{"href":"https:\/\/beebipood.ee\/ru\/wp-json\/wp\/v2\/product"}],"about":[{"href":"https:\/\/beebipood.ee\/ru\/wp-json\/wp\/v2\/types\/product"}],"wp:featuredmedia":[{"embeddable":true,"href":"https:\/\/beebipood.ee\/ru\/wp-json\/wp\/v2\/media\/117166"}],"wp:attachment":[{"href":"https:\/\/beebipood.ee\/ru\/wp-json\/wp\/v2\/media?parent=457638"}],"wp:term":[{"taxonomy":"pwb-brand","embeddable":true,"href":"https:\/\/beebipood.ee\/ru\/wp-json\/wp\/v2\/pwb-brand?post=457638"},{"taxonomy":"product_brand","embeddable":true,"href":"https:\/\/beebipood.ee\/ru\/wp-json\/wp\/v2\/product_brand?post=457638"},{"taxonomy":"product_cat","embeddable":true,"href":"https:\/\/beebipood.ee\/ru\/wp-json\/wp\/v2\/product_cat?post=457638"},{"taxonomy":"product_tag","embeddable":true,"href":"https:\/\/beebipood.ee\/ru\/wp-json\/wp\/v2\/product_tag?post=457638"}],"curies":[{"name":"wp","href":"https:\/\/api.w.org\/{rel}","templated":true}]}}