{"id":457644,"date":"2017-01-28T09:10:36","date_gmt":"2017-01-28T07:10:36","guid":{"rendered":"https:\/\/beebipood.ee\/toode\/maxi-cosi-familyfix-360-pro-isofix-alus\/"},"modified":"2025-06-01T00:00:25","modified_gmt":"2025-05-31T21:00:25","slug":"maxi-cosi-familyfix-360-pro-isofix-alus","status":"publish","type":"product","link":"https:\/\/beebipood.ee\/ru\/produkt\/maxi-cosi-familyfix-360-pro-isofix-alus\/","title":{"rendered":"Maxi-Cosi FamilyFix 360 Pro isofix alus"},"content":{"rendered":"<p>Revolutsiooniline v\u00e4ljat\u00f5mmatav alus teeb lapsevanema iga p\u00e4eva lihtsamaks.<br \/>FamilyFix 360 Pro on ainus ISOFIX alus, <br \/>mis p\u00f6\u00f6rleb ja liugleb teie poole, <br \/>kasutades Maxi-Cosi patenteeritud SlideTech\u2122 tehnoloogiat.<br \/>See ainulaadne lahendus v\u00f5imaldab alusel <br \/>turvaistme nihutada autoistmelt ukse avasse. <br \/>T\u00e4nu sellele on lapse turvatooli ja sealt v\u00e4lja t\u00f5stmine palju mugavam.<br \/>FamilyFix 360 Pro alusel saavad lapsed nautida turvalist <br \/>autos\u00f5itu alates s\u00fcnnist kuni 4. eluaastani v\u00e4lja <br \/>(kasutades Pebble 360 Pro turvah\u00e4lli ja Pearl 360 Pro turvatooli).<br \/><span style=\"text-decoration: underline;\"><br \/>Kasutajamugavus<\/span><br \/>Revolutsiooniline SlideTech\u2122 s\u00fcsteem muudab lapsevanema elu lihtsamaks. <br \/>Enam pole vaja turvah\u00e4lli t\u00f5stes valutada selga, <br \/>last turvatooli paigutades tema pead \u00e4ra l\u00fc\u00fca v\u00f5i muid sarnaseid muresid<br \/>FamilyFix360 alusel on v\u00f5imalik lihtsasti \u00fche k\u00e4e abil p\u00f6\u00f6rata <br \/>sobivaid turvah\u00e4lle ning turvatoole<br \/>FlexiSpin tehnoloogia v\u00f5imaldab p\u00f6\u00f6rata turvatooli <br \/>\u00fcksk\u00f5ik millise kaldenurga all (ka siis kui laps on magavas asendis)<br \/>Lihtne ja kiire kinnitus<br \/><span style=\"text-decoration: underline;\">Turvalisus<\/span><br \/>Turvaline autos\u00f5it lastele seljaga v\u00f5i n\u00e4oga s\u00f5idusuunas kuni 4. eluaastani<br \/>V\u00e4\u00e4rkasutamise vastane p\u00f6\u00f6rlemislukk annab meelerahu, <br \/>teades, et teie laps reisib alati seljaga s\u00f5idusuunas, v\u00e4hemalt kuni 15 kuud.<br \/>ISOFIX kinnitus ja tugijalg pakuvad k\u00f5ige turvalisemat, <br \/>lihtsamat ning kiiremat lahendust turvaistme kinnitamiseks<br \/>i-Size turvastandardile vastav<br \/><span style=\"text-decoration: underline;\">\u00dcldine<\/span><br \/>M\u00f5eldud kasutamiseks lastele s\u00fcnnist kuni 4. eluaastani <br \/>\/ pikkusele 40-105cm \/ kaalule 0-17,5kg<br \/>N\u00e4itajad<br \/>M\u00f5\u00f5dud 39 x 65 x 35cm (laius, pikkus, k\u00f5rgus)<br \/>Kaal 8.6kg<br \/><span style=\"text-decoration: underline;\">Sobivus<\/span><br \/>FamilyFix 360 Pro alusele kinnituvad j\u00e4rgmised Maxi-Cosi tooted<br \/>Pebble 360 Pro turvah\u00e4ll<br \/>Pearl 360 Pro turvatool<br \/>Pebble 360 turvah\u00e4ll<br \/>Coral 360 turvah\u00e4ll<\/p>\n","protected":false},"excerpt":{"rendered":"<p>Revolutsiooniline v\u00e4ljat\u00f5mmatav alus teeb lapsevanema iga p\u00e4eva lihtsamaks.FamilyFix 360 Pro on ainus ISOFIX alus, mis p\u00f6\u00f6rleb ja liugleb teie poole, kasutades Maxi-Cosi patenteeritud SlideTech\u2122 tehnoloogiat.See ainulaadne lahendus v\u00f5imaldab alusel turvaistme nihutada autoistmelt ukse avasse. T\u00e4nu sellele on lapse turvatooli ja sealt v\u00e4lja t\u00f5stmine palju mugavam.FamilyFix 360 Pro alusel saavad lapsed nautida turvalist autos\u00f5itu alates s\u00fcnnist [&hellip;]<\/p>\n","protected":false},"featured_media":117262,"template":"","meta":{"_acf_changed":false},"pwb-brand":[11961],"product_brand":[],"product_cat":[11573,11727,11797,11791],"product_tag":[],"class_list":{"0":"post-457644","1":"product","2":"type-product","3":"status-publish","4":"has-post-thumbnail","6":"pwb-brand-maxi-cosi-ru","7":"product_cat-sooduspakkumised-ru","8":"product_cat-turvatoolid-hallid-ru","9":"product_cat-lisatarvikud-ru-1","10":"product_cat-turvavarustus-ru","11":"pa_manufacturer-maxi_cosi-ru","13":"first","14":"onbackorder","15":"sale","16":"taxable","17":"shipping-taxable","18":"purchasable","19":"product-type-simple"},"exclude_global_add_ons":[],"addons":[],"acf":[],"yoast_head":"<!-- This site is optimized with the Yoast SEO plugin v27.1.1 - https:\/\/yoast.com\/product\/yoast-seo-wordpress\/ -->\n<title>Maxi-Cosi FamilyFix 360 Pro isofix alus, \u0421\u041a\u0418\u0414\u041a\u0418, \u0410\u0432\u0442\u043e\u043a\u0440\u0435\u0441\u043b\u0430, \u043b\u044e\u043b\u044c\u043a\u0438, \u0421\u043d\u0430\u0440\u044f\u0436\u0435\u043d\u0438\u044f \u0431\u0435\u0437\u043e\u043f\u0430\u0441\u043d\u043e\u0441\u0442\u0438, \u0410\u043a\u0441\u0435\u0441\u0441\u0443\u0430\u0440\u044b, Beebipood<\/title>\n<meta name=\"description\" content=\"Maxi-Cosi FamilyFix 360 Pro isofix alus, Revolutsiooniline v&auml;ljat&otilde;mmatav alus teeb lapsevanema iga p&auml;eva lihtsamaks.FamilyFix 360 Pro\" \/>\n<meta name=\"robots\" content=\"index, follow, max-snippet:-1, max-image-preview:large, max-video-preview:-1\" \/>\n<link rel=\"canonical\" href=\"https:\/\/beebipood.ee\/ru\/produkt\/maxi-cosi-familyfix-360-pro-isofix-alus\/\" \/>\n<meta property=\"og:locale\" content=\"ru_RU\" \/>\n<meta property=\"og:type\" content=\"article\" \/>\n<meta property=\"og:title\" content=\"Maxi-Cosi FamilyFix 360 Pro isofix alus, \u0421\u041a\u0418\u0414\u041a\u0418, \u0410\u0432\u0442\u043e\u043a\u0440\u0435\u0441\u043b\u0430, \u043b\u044e\u043b\u044c\u043a\u0438, \u0421\u043d\u0430\u0440\u044f\u0436\u0435\u043d\u0438\u044f \u0431\u0435\u0437\u043e\u043f\u0430\u0441\u043d\u043e\u0441\u0442\u0438, \u0410\u043a\u0441\u0435\u0441\u0441\u0443\u0430\u0440\u044b, Beebipood\" \/>\n<meta property=\"og:description\" content=\"Maxi-Cosi FamilyFix 360 Pro isofix alus, Revolutsiooniline v&auml;ljat&otilde;mmatav alus teeb lapsevanema iga p&auml;eva lihtsamaks.FamilyFix 360 Pro\" \/>\n<meta property=\"og:url\" content=\"https:\/\/beebipood.ee\/ru\/produkt\/maxi-cosi-familyfix-360-pro-isofix-alus\/\" \/>\n<meta property=\"og:site_name\" content=\"Beebipood\" \/>\n<meta property=\"article:modified_time\" content=\"2025-05-31T21:00:25+00:00\" \/>\n<meta property=\"og:image\" content=\"https:\/\/beebipood.ee\/wp-content\/uploads\/2017\/01\/MaxiCosi-FamilyFix-360-Pro-isofix-alus-Turvatoolid-hallid-Turvavarustus-Lisatarvikud_1-177.jpg\" \/>\n\t<meta property=\"og:image:width\" content=\"1200\" \/>\n\t<meta property=\"og:image:height\" content=\"1200\" \/>\n\t<meta property=\"og:image:type\" content=\"image\/jpeg\" \/>\n<meta name=\"twitter:card\" content=\"summary_large_image\" \/>\n<meta name=\"twitter:label1\" content=\"\u041f\u0440\u0438\u043c\u0435\u0440\u043d\u043e\u0435 \u0432\u0440\u0435\u043c\u044f \u0434\u043b\u044f \u0447\u0442\u0435\u043d\u0438\u044f\" \/>\n\t<meta name=\"twitter:data1\" content=\"1 \u043c\u0438\u043d\u0443\u0442\u0430\" \/>\n<script type=\"application\/ld+json\" class=\"yoast-schema-graph\">{\"@context\":\"https:\/\/schema.org\",\"@graph\":[{\"@type\":\"WebPage\",\"@id\":\"https:\/\/beebipood.ee\/ru\/produkt\/maxi-cosi-familyfix-360-pro-isofix-alus\/\",\"url\":\"https:\/\/beebipood.ee\/ru\/produkt\/maxi-cosi-familyfix-360-pro-isofix-alus\/\",\"name\":\"Maxi-Cosi FamilyFix 360 Pro isofix alus, \u0421\u041a\u0418\u0414\u041a\u0418, \u0410\u0432\u0442\u043e\u043a\u0440\u0435\u0441\u043b\u0430, \u043b\u044e\u043b\u044c\u043a\u0438, \u0421\u043d\u0430\u0440\u044f\u0436\u0435\u043d\u0438\u044f \u0431\u0435\u0437\u043e\u043f\u0430\u0441\u043d\u043e\u0441\u0442\u0438, \u0410\u043a\u0441\u0435\u0441\u0441\u0443\u0430\u0440\u044b, Beebipood\",\"isPartOf\":{\"@id\":\"https:\/\/beebipood.ee\/ru\/#website\"},\"primaryImageOfPage\":{\"@id\":\"https:\/\/beebipood.ee\/ru\/produkt\/maxi-cosi-familyfix-360-pro-isofix-alus\/#primaryimage\"},\"image\":{\"@id\":\"https:\/\/beebipood.ee\/ru\/produkt\/maxi-cosi-familyfix-360-pro-isofix-alus\/#primaryimage\"},\"thumbnailUrl\":\"https:\/\/beebipood.ee\/wp-content\/uploads\/2017\/01\/MaxiCosi-FamilyFix-360-Pro-isofix-alus-Turvatoolid-hallid-Turvavarustus-Lisatarvikud_1-177.jpg\",\"datePublished\":\"2017-01-28T07:10:36+00:00\",\"dateModified\":\"2025-05-31T21:00:25+00:00\",\"description\":\"Maxi-Cosi FamilyFix 360 Pro isofix alus, Revolutsiooniline v&auml;ljat&otilde;mmatav alus teeb lapsevanema iga p&auml;eva lihtsamaks.FamilyFix 360 Pro\",\"breadcrumb\":{\"@id\":\"https:\/\/beebipood.ee\/ru\/produkt\/maxi-cosi-familyfix-360-pro-isofix-alus\/#breadcrumb\"},\"inLanguage\":\"ru-RU\",\"potentialAction\":[{\"@type\":\"ReadAction\",\"target\":[\"https:\/\/beebipood.ee\/ru\/produkt\/maxi-cosi-familyfix-360-pro-isofix-alus\/\"]}]},{\"@type\":\"ImageObject\",\"inLanguage\":\"ru-RU\",\"@id\":\"https:\/\/beebipood.ee\/ru\/produkt\/maxi-cosi-familyfix-360-pro-isofix-alus\/#primaryimage\",\"url\":\"https:\/\/beebipood.ee\/wp-content\/uploads\/2017\/01\/MaxiCosi-FamilyFix-360-Pro-isofix-alus-Turvatoolid-hallid-Turvavarustus-Lisatarvikud_1-177.jpg\",\"contentUrl\":\"https:\/\/beebipood.ee\/wp-content\/uploads\/2017\/01\/MaxiCosi-FamilyFix-360-Pro-isofix-alus-Turvatoolid-hallid-Turvavarustus-Lisatarvikud_1-177.jpg\",\"width\":1200,\"height\":1200},{\"@type\":\"BreadcrumbList\",\"@id\":\"https:\/\/beebipood.ee\/ru\/produkt\/maxi-cosi-familyfix-360-pro-isofix-alus\/#breadcrumb\",\"itemListElement\":[{\"@type\":\"ListItem\",\"position\":1,\"name\":\"Home\",\"item\":\"https:\/\/beebipood.ee\/ru\/\"},{\"@type\":\"ListItem\",\"position\":2,\"name\":\"\u041a\u0430\u0442\u0430\u043b\u043e\u0433 \u0442\u043e\u0432\u0430\u0440\u043e\u0432\",\"item\":\"https:\/\/beebipood.ee\/tooted\/\"},{\"@type\":\"ListItem\",\"position\":3,\"name\":\"Maxi-Cosi FamilyFix 360 Pro isofix alus\"}]},{\"@type\":\"WebSite\",\"@id\":\"https:\/\/beebipood.ee\/ru\/#website\",\"url\":\"https:\/\/beebipood.ee\/ru\/\",\"name\":\"Beebipood\",\"description\":\"Lastekaubad, beebikaubad, m\u00e4nguasjad\",\"publisher\":{\"@id\":\"https:\/\/beebipood.ee\/ru\/#organization\"},\"potentialAction\":[{\"@type\":\"SearchAction\",\"target\":{\"@type\":\"EntryPoint\",\"urlTemplate\":\"https:\/\/beebipood.ee\/ru\/?s={search_term_string}\"},\"query-input\":{\"@type\":\"PropertyValueSpecification\",\"valueRequired\":true,\"valueName\":\"search_term_string\"}}],\"inLanguage\":\"ru-RU\"},{\"@type\":\"Organization\",\"@id\":\"https:\/\/beebipood.ee\/ru\/#organization\",\"name\":\"Beebipood\",\"url\":\"https:\/\/beebipood.ee\/ru\/\",\"logo\":{\"@type\":\"ImageObject\",\"inLanguage\":\"ru-RU\",\"@id\":\"https:\/\/beebipood.ee\/ru\/#\/schema\/logo\/image\/\",\"url\":\"https:\/\/beebipood.ee\/wp-content\/uploads\/2025\/03\/beebipood.ee-logo-1.svg\",\"contentUrl\":\"https:\/\/beebipood.ee\/wp-content\/uploads\/2025\/03\/beebipood.ee-logo-1.svg\",\"caption\":\"Beebipood\"},\"image\":{\"@id\":\"https:\/\/beebipood.ee\/ru\/#\/schema\/logo\/image\/\"}}]}<\/script>\n<!-- \/ Yoast SEO plugin. -->","yoast_head_json":{"title":"Maxi-Cosi FamilyFix 360 Pro isofix alus, \u0421\u041a\u0418\u0414\u041a\u0418, \u0410\u0432\u0442\u043e\u043a\u0440\u0435\u0441\u043b\u0430, \u043b\u044e\u043b\u044c\u043a\u0438, \u0421\u043d\u0430\u0440\u044f\u0436\u0435\u043d\u0438\u044f \u0431\u0435\u0437\u043e\u043f\u0430\u0441\u043d\u043e\u0441\u0442\u0438, \u0410\u043a\u0441\u0435\u0441\u0441\u0443\u0430\u0440\u044b, Beebipood","description":"Maxi-Cosi FamilyFix 360 Pro isofix alus, Revolutsiooniline v&auml;ljat&otilde;mmatav alus teeb lapsevanema iga p&auml;eva lihtsamaks.FamilyFix 360 Pro","robots":{"index":"index","follow":"follow","max-snippet":"max-snippet:-1","max-image-preview":"max-image-preview:large","max-video-preview":"max-video-preview:-1"},"canonical":"https:\/\/beebipood.ee\/ru\/produkt\/maxi-cosi-familyfix-360-pro-isofix-alus\/","og_locale":"ru_RU","og_type":"article","og_title":"Maxi-Cosi FamilyFix 360 Pro isofix alus, \u0421\u041a\u0418\u0414\u041a\u0418, \u0410\u0432\u0442\u043e\u043a\u0440\u0435\u0441\u043b\u0430, \u043b\u044e\u043b\u044c\u043a\u0438, \u0421\u043d\u0430\u0440\u044f\u0436\u0435\u043d\u0438\u044f \u0431\u0435\u0437\u043e\u043f\u0430\u0441\u043d\u043e\u0441\u0442\u0438, \u0410\u043a\u0441\u0435\u0441\u0441\u0443\u0430\u0440\u044b, Beebipood","og_description":"Maxi-Cosi FamilyFix 360 Pro isofix alus, Revolutsiooniline v&auml;ljat&otilde;mmatav alus teeb lapsevanema iga p&auml;eva lihtsamaks.FamilyFix 360 Pro","og_url":"https:\/\/beebipood.ee\/ru\/produkt\/maxi-cosi-familyfix-360-pro-isofix-alus\/","og_site_name":"Beebipood","article_modified_time":"2025-05-31T21:00:25+00:00","og_image":[{"width":1200,"height":1200,"url":"https:\/\/beebipood.ee\/wp-content\/uploads\/2017\/01\/MaxiCosi-FamilyFix-360-Pro-isofix-alus-Turvatoolid-hallid-Turvavarustus-Lisatarvikud_1-177.jpg","type":"image\/jpeg"}],"twitter_card":"summary_large_image","twitter_misc":{"\u041f\u0440\u0438\u043c\u0435\u0440\u043d\u043e\u0435 \u0432\u0440\u0435\u043c\u044f \u0434\u043b\u044f \u0447\u0442\u0435\u043d\u0438\u044f":"1 \u043c\u0438\u043d\u0443\u0442\u0430"},"schema":{"@context":"https:\/\/schema.org","@graph":[{"@type":"WebPage","@id":"https:\/\/beebipood.ee\/ru\/produkt\/maxi-cosi-familyfix-360-pro-isofix-alus\/","url":"https:\/\/beebipood.ee\/ru\/produkt\/maxi-cosi-familyfix-360-pro-isofix-alus\/","name":"Maxi-Cosi FamilyFix 360 Pro isofix alus, \u0421\u041a\u0418\u0414\u041a\u0418, \u0410\u0432\u0442\u043e\u043a\u0440\u0435\u0441\u043b\u0430, \u043b\u044e\u043b\u044c\u043a\u0438, \u0421\u043d\u0430\u0440\u044f\u0436\u0435\u043d\u0438\u044f \u0431\u0435\u0437\u043e\u043f\u0430\u0441\u043d\u043e\u0441\u0442\u0438, \u0410\u043a\u0441\u0435\u0441\u0441\u0443\u0430\u0440\u044b, Beebipood","isPartOf":{"@id":"https:\/\/beebipood.ee\/ru\/#website"},"primaryImageOfPage":{"@id":"https:\/\/beebipood.ee\/ru\/produkt\/maxi-cosi-familyfix-360-pro-isofix-alus\/#primaryimage"},"image":{"@id":"https:\/\/beebipood.ee\/ru\/produkt\/maxi-cosi-familyfix-360-pro-isofix-alus\/#primaryimage"},"thumbnailUrl":"https:\/\/beebipood.ee\/wp-content\/uploads\/2017\/01\/MaxiCosi-FamilyFix-360-Pro-isofix-alus-Turvatoolid-hallid-Turvavarustus-Lisatarvikud_1-177.jpg","datePublished":"2017-01-28T07:10:36+00:00","dateModified":"2025-05-31T21:00:25+00:00","description":"Maxi-Cosi FamilyFix 360 Pro isofix alus, Revolutsiooniline v&auml;ljat&otilde;mmatav alus teeb lapsevanema iga p&auml;eva lihtsamaks.FamilyFix 360 Pro","breadcrumb":{"@id":"https:\/\/beebipood.ee\/ru\/produkt\/maxi-cosi-familyfix-360-pro-isofix-alus\/#breadcrumb"},"inLanguage":"ru-RU","potentialAction":[{"@type":"ReadAction","target":["https:\/\/beebipood.ee\/ru\/produkt\/maxi-cosi-familyfix-360-pro-isofix-alus\/"]}]},{"@type":"ImageObject","inLanguage":"ru-RU","@id":"https:\/\/beebipood.ee\/ru\/produkt\/maxi-cosi-familyfix-360-pro-isofix-alus\/#primaryimage","url":"https:\/\/beebipood.ee\/wp-content\/uploads\/2017\/01\/MaxiCosi-FamilyFix-360-Pro-isofix-alus-Turvatoolid-hallid-Turvavarustus-Lisatarvikud_1-177.jpg","contentUrl":"https:\/\/beebipood.ee\/wp-content\/uploads\/2017\/01\/MaxiCosi-FamilyFix-360-Pro-isofix-alus-Turvatoolid-hallid-Turvavarustus-Lisatarvikud_1-177.jpg","width":1200,"height":1200},{"@type":"BreadcrumbList","@id":"https:\/\/beebipood.ee\/ru\/produkt\/maxi-cosi-familyfix-360-pro-isofix-alus\/#breadcrumb","itemListElement":[{"@type":"ListItem","position":1,"name":"Home","item":"https:\/\/beebipood.ee\/ru\/"},{"@type":"ListItem","position":2,"name":"\u041a\u0430\u0442\u0430\u043b\u043e\u0433 \u0442\u043e\u0432\u0430\u0440\u043e\u0432","item":"https:\/\/beebipood.ee\/tooted\/"},{"@type":"ListItem","position":3,"name":"Maxi-Cosi FamilyFix 360 Pro isofix alus"}]},{"@type":"WebSite","@id":"https:\/\/beebipood.ee\/ru\/#website","url":"https:\/\/beebipood.ee\/ru\/","name":"Beebipood","description":"Lastekaubad, beebikaubad, m\u00e4nguasjad","publisher":{"@id":"https:\/\/beebipood.ee\/ru\/#organization"},"potentialAction":[{"@type":"SearchAction","target":{"@type":"EntryPoint","urlTemplate":"https:\/\/beebipood.ee\/ru\/?s={search_term_string}"},"query-input":{"@type":"PropertyValueSpecification","valueRequired":true,"valueName":"search_term_string"}}],"inLanguage":"ru-RU"},{"@type":"Organization","@id":"https:\/\/beebipood.ee\/ru\/#organization","name":"Beebipood","url":"https:\/\/beebipood.ee\/ru\/","logo":{"@type":"ImageObject","inLanguage":"ru-RU","@id":"https:\/\/beebipood.ee\/ru\/#\/schema\/logo\/image\/","url":"https:\/\/beebipood.ee\/wp-content\/uploads\/2025\/03\/beebipood.ee-logo-1.svg","contentUrl":"https:\/\/beebipood.ee\/wp-content\/uploads\/2025\/03\/beebipood.ee-logo-1.svg","caption":"Beebipood"},"image":{"@id":"https:\/\/beebipood.ee\/ru\/#\/schema\/logo\/image\/"}}]}},"brands":[{"id":11961,"name":"Maxi-Cosi","slug":"maxi-cosi-ru"}],"_links":{"self":[{"href":"https:\/\/beebipood.ee\/ru\/wp-json\/wp\/v2\/product\/457644","targetHints":{"allow":["GET"]}}],"collection":[{"href":"https:\/\/beebipood.ee\/ru\/wp-json\/wp\/v2\/product"}],"about":[{"href":"https:\/\/beebipood.ee\/ru\/wp-json\/wp\/v2\/types\/product"}],"wp:featuredmedia":[{"embeddable":true,"href":"https:\/\/beebipood.ee\/ru\/wp-json\/wp\/v2\/media\/117262"}],"wp:attachment":[{"href":"https:\/\/beebipood.ee\/ru\/wp-json\/wp\/v2\/media?parent=457644"}],"wp:term":[{"taxonomy":"pwb-brand","embeddable":true,"href":"https:\/\/beebipood.ee\/ru\/wp-json\/wp\/v2\/pwb-brand?post=457644"},{"taxonomy":"product_brand","embeddable":true,"href":"https:\/\/beebipood.ee\/ru\/wp-json\/wp\/v2\/product_brand?post=457644"},{"taxonomy":"product_cat","embeddable":true,"href":"https:\/\/beebipood.ee\/ru\/wp-json\/wp\/v2\/product_cat?post=457644"},{"taxonomy":"product_tag","embeddable":true,"href":"https:\/\/beebipood.ee\/ru\/wp-json\/wp\/v2\/product_tag?post=457644"}],"curies":[{"name":"wp","href":"https:\/\/api.w.org\/{rel}","templated":true}]}}