{"id":457682,"date":"2017-02-28T06:46:57","date_gmt":"2017-02-28T04:46:57","guid":{"rendered":"https:\/\/beebipood.ee\/toode\/lastevoodi-komplekt-dawid-90x200-grafiit\/"},"modified":"2025-03-05T07:10:50","modified_gmt":"2025-03-05T05:10:50","slug":"lastevoodi-komplekt-dawid-90x200-grafiit","status":"publish","type":"product","link":"https:\/\/beebipood.ee\/ru\/produkt\/lastevoodi-komplekt-dawid-90x200-grafiit\/","title":{"rendered":"Noortevoodi komplekt Dawid 90&#215;200, grafiit"},"content":{"rendered":"<ul>\n<li>DAVID voodi on ideaalne lahendus inimestele, kes hindavad funktsionaalsust ja kaasaegset disain<\/li>\n<li>raam on valmistatud\u00a0sertifitseeritud (FSC)\u00a0m\u00e4nnipuidust ja v\u00e4rvilised osad on MDF m\u00f6\u00f6bliplaadist<\/li>\n<li>Komplekti kuulub: voodi, voodisahtel, voodip\u00f5hjad<br \/>2 poroloonmadratsit m\u00f5\u00f5dus 90&#215;200 cm ja 90&#215;190 cm<\/li>\n<li>viimistletud v\u00e4rvi ja lakiga<\/li>\n<li>viimistluses on kasutatud \u00f6koloogiliselt puhtaid ja ohutuid v\u00e4rve (vastavad\u00a0EN 71\/3)<\/li>\n<li>raami viimistlus\u00a0<strong>grafiit<\/strong><\/li>\n<li>Lihtne kokkupanna, kaasas korralik<span class=\"goog-text-highlight\">\u00a0paigaldusjuhend<\/span><\/li>\n<li>voodeid on v\u00f5imalik kasutada ka eraldi<\/li>\n<li>suured seljatoepadjad<strong>\u00a0kuuluvad komplekti<\/strong><\/li>\n<li>dekoratiivpadjad ei kuulu komplekti<\/li>\n<li>Kandev\u00f5ime 200kg\u00a0<\/li>\n<\/ul>\n","protected":false},"excerpt":{"rendered":"<p>DAVID voodi on ideaalne lahendus inimestele, kes hindavad funktsionaalsust ja kaasaegset disain raam on valmistatud\u00a0sertifitseeritud (FSC)\u00a0m\u00e4nnipuidust ja v\u00e4rvilised osad on MDF m\u00f6\u00f6bliplaadist Komplekti kuulub: voodi, voodisahtel, voodip\u00f5hjad2 poroloonmadratsit m\u00f5\u00f5dus 90&#215;200 cm ja 90&#215;190 cm viimistletud v\u00e4rvi ja lakiga viimistluses on kasutatud \u00f6koloogiliselt puhtaid ja ohutuid v\u00e4rve (vastavad\u00a0EN 71\/3) raami viimistlus\u00a0grafiit Lihtne kokkupanna, kaasas korralik\u00a0paigaldusjuhend voodeid [&hellip;]<\/p>\n","protected":false},"featured_media":167799,"template":"","meta":{"_acf_changed":false},"pwb-brand":[],"product_brand":[],"product_cat":[11591,11559,11789],"product_tag":[],"class_list":{"0":"post-457682","1":"product","2":"type-product","3":"status-publish","4":"has-post-thumbnail","6":"product_cat-90cm-laiused-ru","7":"product_cat-laste-ja-noortevoodid-ru","8":"product_cat-lastemoobel-ja-sisustus-ru","10":"first","11":"onbackorder","12":"sale","13":"taxable","14":"shipping-taxable","15":"purchasable","16":"product-type-simple"},"exclude_global_add_ons":false,"addons":[{"name":"Vali v\u00e4rv","type":"multiple_choice","position":1,"required":true,"title_format":"heading","default":"","description_enable":false,"description":"","placeholder_enable":false,"placeholder":"","display":"images","restrictions_type":"any_text","adjust_price":false,"price":"","price_type":"flat_fee","restrictions":false,"min":"0","max":"0","options":[{"label":"roheline","price":"","price_type":"quantity_based","image":502027,"visibility":true},{"label":"roosa","price":"","price_type":"quantity_based","image":502029,"visibility":true},{"label":"grafiit","price":"","price_type":"quantity_based","image":502031,"visibility":true},{"label":"sinine","price":"","price_type":"quantity_based","image":502033,"visibility":true}]}],"acf":[],"yoast_head":"<!-- This site is optimized with the Yoast SEO plugin v27.3 - https:\/\/yoast.com\/product\/yoast-seo-wordpress\/ -->\n<title>Noortevoodi komplekt Dawid 90x200, grafiit, \u041a\u0440\u043e\u0432\u0430\u0442\u0438 \u0434\u043b\u044f \u0434\u0435\u0442\u0435\u0439 \u0438 \u043f\u043e\u0434\u0440\u043e\u0441\u0442\u043a\u043e\u0432, \u0428\u0438\u0440\u0438\u043d\u0430 90c\u043c, M\u0435\u0431\u0435\u043b\u044c, Beebipood<\/title>\n<meta name=\"description\" content=\"Noortevoodi komplekt Dawid 90x200, grafiit, DAVID voodi on ideaalne lahendus inimestele, kes hindavad funktsionaalsust ja kaasaegset disain\" \/>\n<meta name=\"robots\" content=\"index, follow, max-snippet:-1, max-image-preview:large, max-video-preview:-1\" \/>\n<link rel=\"canonical\" href=\"https:\/\/beebipood.ee\/ru\/produkt\/lastevoodi-komplekt-dawid-90x200-grafiit\/\" \/>\n<meta property=\"og:locale\" content=\"ru_RU\" \/>\n<meta property=\"og:type\" content=\"article\" \/>\n<meta property=\"og:title\" content=\"Noortevoodi komplekt Dawid 90x200, grafiit, \u041a\u0440\u043e\u0432\u0430\u0442\u0438 \u0434\u043b\u044f \u0434\u0435\u0442\u0435\u0439 \u0438 \u043f\u043e\u0434\u0440\u043e\u0441\u0442\u043a\u043e\u0432, \u0428\u0438\u0440\u0438\u043d\u0430 90c\u043c, M\u0435\u0431\u0435\u043b\u044c, Beebipood\" \/>\n<meta property=\"og:description\" content=\"Noortevoodi komplekt Dawid 90x200, grafiit, DAVID voodi on ideaalne lahendus inimestele, kes hindavad funktsionaalsust ja kaasaegset disain\" \/>\n<meta property=\"og:url\" content=\"https:\/\/beebipood.ee\/ru\/produkt\/lastevoodi-komplekt-dawid-90x200-grafiit\/\" \/>\n<meta property=\"og:site_name\" content=\"Beebipood\" \/>\n<meta property=\"article:modified_time\" content=\"2025-03-05T05:10:50+00:00\" \/>\n<meta property=\"og:image\" content=\"https:\/\/beebipood.ee\/wp-content\/uploads\/2017\/02\/Lastevoodi-komplekt-Dawid-90x200-grafiit-Laste-ja-noortevoodid-UUED-TOOTED-90cm-laiused-Lastemoobel-ja-sisustus_9-e53.jpg\" \/>\n\t<meta property=\"og:image:width\" content=\"1192\" \/>\n\t<meta property=\"og:image:height\" content=\"792\" \/>\n\t<meta property=\"og:image:type\" content=\"image\/jpeg\" \/>\n<meta name=\"twitter:card\" content=\"summary_large_image\" \/>\n<script type=\"application\/ld+json\" class=\"yoast-schema-graph\">{\"@context\":\"https:\\\/\\\/schema.org\",\"@graph\":[{\"@type\":\"WebPage\",\"@id\":\"https:\\\/\\\/beebipood.ee\\\/ru\\\/produkt\\\/lastevoodi-komplekt-dawid-90x200-grafiit\\\/\",\"url\":\"https:\\\/\\\/beebipood.ee\\\/ru\\\/produkt\\\/lastevoodi-komplekt-dawid-90x200-grafiit\\\/\",\"name\":\"Noortevoodi komplekt Dawid 90x200, grafiit, \u041a\u0440\u043e\u0432\u0430\u0442\u0438 \u0434\u043b\u044f \u0434\u0435\u0442\u0435\u0439 \u0438 \u043f\u043e\u0434\u0440\u043e\u0441\u0442\u043a\u043e\u0432, \u0428\u0438\u0440\u0438\u043d\u0430 90c\u043c, M\u0435\u0431\u0435\u043b\u044c, Beebipood\",\"isPartOf\":{\"@id\":\"https:\\\/\\\/beebipood.ee\\\/ru\\\/#website\"},\"primaryImageOfPage\":{\"@id\":\"https:\\\/\\\/beebipood.ee\\\/ru\\\/produkt\\\/lastevoodi-komplekt-dawid-90x200-grafiit\\\/#primaryimage\"},\"image\":{\"@id\":\"https:\\\/\\\/beebipood.ee\\\/ru\\\/produkt\\\/lastevoodi-komplekt-dawid-90x200-grafiit\\\/#primaryimage\"},\"thumbnailUrl\":\"https:\\\/\\\/beebipood.ee\\\/wp-content\\\/uploads\\\/2017\\\/02\\\/Lastevoodi-komplekt-Dawid-90x200-grafiit-Laste-ja-noortevoodid-UUED-TOOTED-90cm-laiused-Lastemoobel-ja-sisustus_9-e53.jpg\",\"datePublished\":\"2017-02-28T04:46:57+00:00\",\"dateModified\":\"2025-03-05T05:10:50+00:00\",\"description\":\"Noortevoodi komplekt Dawid 90x200, grafiit, DAVID voodi on ideaalne lahendus inimestele, kes hindavad funktsionaalsust ja kaasaegset disain\",\"breadcrumb\":{\"@id\":\"https:\\\/\\\/beebipood.ee\\\/ru\\\/produkt\\\/lastevoodi-komplekt-dawid-90x200-grafiit\\\/#breadcrumb\"},\"inLanguage\":\"ru-RU\",\"potentialAction\":[{\"@type\":\"ReadAction\",\"target\":[\"https:\\\/\\\/beebipood.ee\\\/ru\\\/produkt\\\/lastevoodi-komplekt-dawid-90x200-grafiit\\\/\"]}]},{\"@type\":\"ImageObject\",\"inLanguage\":\"ru-RU\",\"@id\":\"https:\\\/\\\/beebipood.ee\\\/ru\\\/produkt\\\/lastevoodi-komplekt-dawid-90x200-grafiit\\\/#primaryimage\",\"url\":\"https:\\\/\\\/beebipood.ee\\\/wp-content\\\/uploads\\\/2017\\\/02\\\/Lastevoodi-komplekt-Dawid-90x200-grafiit-Laste-ja-noortevoodid-UUED-TOOTED-90cm-laiused-Lastemoobel-ja-sisustus_9-e53.jpg\",\"contentUrl\":\"https:\\\/\\\/beebipood.ee\\\/wp-content\\\/uploads\\\/2017\\\/02\\\/Lastevoodi-komplekt-Dawid-90x200-grafiit-Laste-ja-noortevoodid-UUED-TOOTED-90cm-laiused-Lastemoobel-ja-sisustus_9-e53.jpg\",\"width\":1192,\"height\":792},{\"@type\":\"BreadcrumbList\",\"@id\":\"https:\\\/\\\/beebipood.ee\\\/ru\\\/produkt\\\/lastevoodi-komplekt-dawid-90x200-grafiit\\\/#breadcrumb\",\"itemListElement\":[{\"@type\":\"ListItem\",\"position\":1,\"name\":\"Home\",\"item\":\"https:\\\/\\\/beebipood.ee\\\/ru\\\/\"},{\"@type\":\"ListItem\",\"position\":2,\"name\":\"\u041a\u0430\u0442\u0430\u043b\u043e\u0433 \u0442\u043e\u0432\u0430\u0440\u043e\u0432\",\"item\":\"https:\\\/\\\/beebipood.ee\\\/tooted\\\/\"},{\"@type\":\"ListItem\",\"position\":3,\"name\":\"Noortevoodi komplekt Dawid 90&#215;200, grafiit\"}]},{\"@type\":\"WebSite\",\"@id\":\"https:\\\/\\\/beebipood.ee\\\/ru\\\/#website\",\"url\":\"https:\\\/\\\/beebipood.ee\\\/ru\\\/\",\"name\":\"Beebipood\",\"description\":\"Lastekaubad, beebikaubad, m\u00e4nguasjad\",\"publisher\":{\"@id\":\"https:\\\/\\\/beebipood.ee\\\/ru\\\/#organization\"},\"potentialAction\":[{\"@type\":\"SearchAction\",\"target\":{\"@type\":\"EntryPoint\",\"urlTemplate\":\"https:\\\/\\\/beebipood.ee\\\/ru\\\/?s={search_term_string}\"},\"query-input\":{\"@type\":\"PropertyValueSpecification\",\"valueRequired\":true,\"valueName\":\"search_term_string\"}}],\"inLanguage\":\"ru-RU\"},{\"@type\":\"Organization\",\"@id\":\"https:\\\/\\\/beebipood.ee\\\/ru\\\/#organization\",\"name\":\"Beebipood\",\"url\":\"https:\\\/\\\/beebipood.ee\\\/ru\\\/\",\"logo\":{\"@type\":\"ImageObject\",\"inLanguage\":\"ru-RU\",\"@id\":\"https:\\\/\\\/beebipood.ee\\\/ru\\\/#\\\/schema\\\/logo\\\/image\\\/\",\"url\":\"https:\\\/\\\/beebipood.ee\\\/wp-content\\\/uploads\\\/2025\\\/03\\\/beebipood.ee-logo-1.svg\",\"contentUrl\":\"https:\\\/\\\/beebipood.ee\\\/wp-content\\\/uploads\\\/2025\\\/03\\\/beebipood.ee-logo-1.svg\",\"caption\":\"Beebipood\"},\"image\":{\"@id\":\"https:\\\/\\\/beebipood.ee\\\/ru\\\/#\\\/schema\\\/logo\\\/image\\\/\"}}]}<\/script>\n<!-- \/ Yoast SEO plugin. -->","yoast_head_json":{"title":"Noortevoodi komplekt Dawid 90x200, grafiit, \u041a\u0440\u043e\u0432\u0430\u0442\u0438 \u0434\u043b\u044f \u0434\u0435\u0442\u0435\u0439 \u0438 \u043f\u043e\u0434\u0440\u043e\u0441\u0442\u043a\u043e\u0432, \u0428\u0438\u0440\u0438\u043d\u0430 90c\u043c, M\u0435\u0431\u0435\u043b\u044c, Beebipood","description":"Noortevoodi komplekt Dawid 90x200, grafiit, DAVID voodi on ideaalne lahendus inimestele, kes hindavad funktsionaalsust ja kaasaegset disain","robots":{"index":"index","follow":"follow","max-snippet":"max-snippet:-1","max-image-preview":"max-image-preview:large","max-video-preview":"max-video-preview:-1"},"canonical":"https:\/\/beebipood.ee\/ru\/produkt\/lastevoodi-komplekt-dawid-90x200-grafiit\/","og_locale":"ru_RU","og_type":"article","og_title":"Noortevoodi komplekt Dawid 90x200, grafiit, \u041a\u0440\u043e\u0432\u0430\u0442\u0438 \u0434\u043b\u044f \u0434\u0435\u0442\u0435\u0439 \u0438 \u043f\u043e\u0434\u0440\u043e\u0441\u0442\u043a\u043e\u0432, \u0428\u0438\u0440\u0438\u043d\u0430 90c\u043c, M\u0435\u0431\u0435\u043b\u044c, Beebipood","og_description":"Noortevoodi komplekt Dawid 90x200, grafiit, DAVID voodi on ideaalne lahendus inimestele, kes hindavad funktsionaalsust ja kaasaegset disain","og_url":"https:\/\/beebipood.ee\/ru\/produkt\/lastevoodi-komplekt-dawid-90x200-grafiit\/","og_site_name":"Beebipood","article_modified_time":"2025-03-05T05:10:50+00:00","og_image":[{"width":1192,"height":792,"url":"https:\/\/beebipood.ee\/wp-content\/uploads\/2017\/02\/Lastevoodi-komplekt-Dawid-90x200-grafiit-Laste-ja-noortevoodid-UUED-TOOTED-90cm-laiused-Lastemoobel-ja-sisustus_9-e53.jpg","type":"image\/jpeg"}],"twitter_card":"summary_large_image","schema":{"@context":"https:\/\/schema.org","@graph":[{"@type":"WebPage","@id":"https:\/\/beebipood.ee\/ru\/produkt\/lastevoodi-komplekt-dawid-90x200-grafiit\/","url":"https:\/\/beebipood.ee\/ru\/produkt\/lastevoodi-komplekt-dawid-90x200-grafiit\/","name":"Noortevoodi komplekt Dawid 90x200, grafiit, \u041a\u0440\u043e\u0432\u0430\u0442\u0438 \u0434\u043b\u044f \u0434\u0435\u0442\u0435\u0439 \u0438 \u043f\u043e\u0434\u0440\u043e\u0441\u0442\u043a\u043e\u0432, \u0428\u0438\u0440\u0438\u043d\u0430 90c\u043c, M\u0435\u0431\u0435\u043b\u044c, Beebipood","isPartOf":{"@id":"https:\/\/beebipood.ee\/ru\/#website"},"primaryImageOfPage":{"@id":"https:\/\/beebipood.ee\/ru\/produkt\/lastevoodi-komplekt-dawid-90x200-grafiit\/#primaryimage"},"image":{"@id":"https:\/\/beebipood.ee\/ru\/produkt\/lastevoodi-komplekt-dawid-90x200-grafiit\/#primaryimage"},"thumbnailUrl":"https:\/\/beebipood.ee\/wp-content\/uploads\/2017\/02\/Lastevoodi-komplekt-Dawid-90x200-grafiit-Laste-ja-noortevoodid-UUED-TOOTED-90cm-laiused-Lastemoobel-ja-sisustus_9-e53.jpg","datePublished":"2017-02-28T04:46:57+00:00","dateModified":"2025-03-05T05:10:50+00:00","description":"Noortevoodi komplekt Dawid 90x200, grafiit, DAVID voodi on ideaalne lahendus inimestele, kes hindavad funktsionaalsust ja kaasaegset disain","breadcrumb":{"@id":"https:\/\/beebipood.ee\/ru\/produkt\/lastevoodi-komplekt-dawid-90x200-grafiit\/#breadcrumb"},"inLanguage":"ru-RU","potentialAction":[{"@type":"ReadAction","target":["https:\/\/beebipood.ee\/ru\/produkt\/lastevoodi-komplekt-dawid-90x200-grafiit\/"]}]},{"@type":"ImageObject","inLanguage":"ru-RU","@id":"https:\/\/beebipood.ee\/ru\/produkt\/lastevoodi-komplekt-dawid-90x200-grafiit\/#primaryimage","url":"https:\/\/beebipood.ee\/wp-content\/uploads\/2017\/02\/Lastevoodi-komplekt-Dawid-90x200-grafiit-Laste-ja-noortevoodid-UUED-TOOTED-90cm-laiused-Lastemoobel-ja-sisustus_9-e53.jpg","contentUrl":"https:\/\/beebipood.ee\/wp-content\/uploads\/2017\/02\/Lastevoodi-komplekt-Dawid-90x200-grafiit-Laste-ja-noortevoodid-UUED-TOOTED-90cm-laiused-Lastemoobel-ja-sisustus_9-e53.jpg","width":1192,"height":792},{"@type":"BreadcrumbList","@id":"https:\/\/beebipood.ee\/ru\/produkt\/lastevoodi-komplekt-dawid-90x200-grafiit\/#breadcrumb","itemListElement":[{"@type":"ListItem","position":1,"name":"Home","item":"https:\/\/beebipood.ee\/ru\/"},{"@type":"ListItem","position":2,"name":"\u041a\u0430\u0442\u0430\u043b\u043e\u0433 \u0442\u043e\u0432\u0430\u0440\u043e\u0432","item":"https:\/\/beebipood.ee\/tooted\/"},{"@type":"ListItem","position":3,"name":"Noortevoodi komplekt Dawid 90&#215;200, grafiit"}]},{"@type":"WebSite","@id":"https:\/\/beebipood.ee\/ru\/#website","url":"https:\/\/beebipood.ee\/ru\/","name":"Beebipood","description":"Lastekaubad, beebikaubad, m\u00e4nguasjad","publisher":{"@id":"https:\/\/beebipood.ee\/ru\/#organization"},"potentialAction":[{"@type":"SearchAction","target":{"@type":"EntryPoint","urlTemplate":"https:\/\/beebipood.ee\/ru\/?s={search_term_string}"},"query-input":{"@type":"PropertyValueSpecification","valueRequired":true,"valueName":"search_term_string"}}],"inLanguage":"ru-RU"},{"@type":"Organization","@id":"https:\/\/beebipood.ee\/ru\/#organization","name":"Beebipood","url":"https:\/\/beebipood.ee\/ru\/","logo":{"@type":"ImageObject","inLanguage":"ru-RU","@id":"https:\/\/beebipood.ee\/ru\/#\/schema\/logo\/image\/","url":"https:\/\/beebipood.ee\/wp-content\/uploads\/2025\/03\/beebipood.ee-logo-1.svg","contentUrl":"https:\/\/beebipood.ee\/wp-content\/uploads\/2025\/03\/beebipood.ee-logo-1.svg","caption":"Beebipood"},"image":{"@id":"https:\/\/beebipood.ee\/ru\/#\/schema\/logo\/image\/"}}]}},"brands":[],"_links":{"self":[{"href":"https:\/\/beebipood.ee\/ru\/wp-json\/wp\/v2\/product\/457682","targetHints":{"allow":["GET"]}}],"collection":[{"href":"https:\/\/beebipood.ee\/ru\/wp-json\/wp\/v2\/product"}],"about":[{"href":"https:\/\/beebipood.ee\/ru\/wp-json\/wp\/v2\/types\/product"}],"wp:featuredmedia":[{"embeddable":true,"href":"https:\/\/beebipood.ee\/ru\/wp-json\/wp\/v2\/media\/167799"}],"wp:attachment":[{"href":"https:\/\/beebipood.ee\/ru\/wp-json\/wp\/v2\/media?parent=457682"}],"wp:term":[{"taxonomy":"pwb-brand","embeddable":true,"href":"https:\/\/beebipood.ee\/ru\/wp-json\/wp\/v2\/pwb-brand?post=457682"},{"taxonomy":"product_brand","embeddable":true,"href":"https:\/\/beebipood.ee\/ru\/wp-json\/wp\/v2\/product_brand?post=457682"},{"taxonomy":"product_cat","embeddable":true,"href":"https:\/\/beebipood.ee\/ru\/wp-json\/wp\/v2\/product_cat?post=457682"},{"taxonomy":"product_tag","embeddable":true,"href":"https:\/\/beebipood.ee\/ru\/wp-json\/wp\/v2\/product_tag?post=457682"}],"curies":[{"name":"wp","href":"https:\/\/api.w.org\/{rel}","templated":true}]}}