{"id":457714,"date":"2017-04-04T07:21:41","date_gmt":"2017-04-04T04:21:41","guid":{"rendered":"https:\/\/beebipood.ee\/toode\/riidekapp-calmo-3-osaline-valge\/"},"modified":"2025-01-09T10:49:33","modified_gmt":"2025-01-09T08:49:33","slug":"riidekapp-calmo-3-osaline-valge","status":"publish","type":"product","link":"https:\/\/beebipood.ee\/ru\/produkt\/riidekapp-calmo-3-osaline-valge\/","title":{"rendered":"Riidekapp Calmo 3-osaline, valge"},"content":{"rendered":"<p>Calmo sarja lastem\u00f6\u00f6bel on klassikaline, ajatu ja universaalse disainiga.<br \/>T\u00e4nu klassikalisele aegumatule, kuid kaasaegsele disainile saate seda m\u00f6\u00f6blisarja\u00a0<br \/>nautida aastaid.<\/p>\n<p> valmistatud kvaliteetsest MDF m\u00f6\u00f6bliplaadist<br \/> valmistamisel on kasutatud kaasaegset tehnoloogiat ja A-klass tarvikuid ning furnituure<br \/>ustel pehme sulgemise s\u00fcsteem<br \/><span>kapis ses\u00a0riiulid ja kaks<strong>\u00a0<\/strong>stanget riputatavate riiete jaoks<br \/><span>sobib nii poisi kui t\u00fcdruku tuppa<\/span><\/span><br \/>viimistlemisel on kasutatud ainult sertifitseeritud orgaanilisi v\u00e4rve<br \/> toode vastab k\u00f5ikidele <strong>EN turvastandarditele<\/strong><\/p>\n<p>\u00a0<\/p>\n","protected":false},"excerpt":{"rendered":"<p>Calmo sarja lastem\u00f6\u00f6bel on klassikaline, ajatu ja universaalse disainiga.T\u00e4nu klassikalisele aegumatule, kuid kaasaegsele disainile saate seda m\u00f6\u00f6blisarja\u00a0nautida aastaid. valmistatud kvaliteetsest MDF m\u00f6\u00f6bliplaadist valmistamisel on kasutatud kaasaegset tehnoloogiat ja A-klass tarvikuid ning furnituureustel pehme sulgemise s\u00fcsteemkapis ses\u00a0riiulid ja kaks\u00a0stanget riputatavate riiete jaokssobib nii poisi kui t\u00fcdruku tuppaviimistlemisel on kasutatud ainult sertifitseeritud orgaanilisi v\u00e4rve toode vastab k\u00f5ikidele [&hellip;]<\/p>\n","protected":false},"featured_media":118201,"template":"","meta":{"_acf_changed":false},"pwb-brand":[],"product_brand":[],"product_cat":[11633,11631,11789],"product_tag":[],"class_list":{"0":"post-457714","1":"product","2":"type-product","3":"status-publish","4":"has-post-thumbnail","6":"product_cat-riidekapid-ru","7":"product_cat-kapid-riiulid-ru","8":"product_cat-lastemoobel-ja-sisustus-ru","10":"first","11":"onbackorder","12":"sale","13":"taxable","14":"shipping-taxable","15":"purchasable","16":"product-type-simple"},"exclude_global_add_ons":[],"addons":[],"acf":[],"yoast_head":"<!-- This site is optimized with the Yoast SEO plugin v27.1.1 - https:\/\/yoast.com\/product\/yoast-seo-wordpress\/ -->\n<title>Riidekapp Calmo 3-osaline, valge, \u0428\u043a\u0430\u0444\u044b, \u043f\u043e\u043b\u043a\u0438, \u041f\u043b\u0430\u0442\u044f\u043d\u044b\u0435 \u0448\u043a\u0430\u0444\u044b, M\u0435\u0431\u0435\u043b\u044c, Beebipood<\/title>\n<meta name=\"description\" content=\"Riidekapp Calmo 3-osaline, valge, Calmo sarja lastem&ouml;&ouml;bel on klassikaline, ajatu ja universaalse disainiga.T&auml;nu klassikalisele aegumatul\" \/>\n<meta name=\"robots\" content=\"index, follow, max-snippet:-1, max-image-preview:large, max-video-preview:-1\" \/>\n<link rel=\"canonical\" href=\"https:\/\/beebipood.ee\/ru\/produkt\/riidekapp-calmo-3-osaline-valge\/\" \/>\n<meta property=\"og:locale\" content=\"ru_RU\" \/>\n<meta property=\"og:type\" content=\"article\" \/>\n<meta property=\"og:title\" content=\"Riidekapp Calmo 3-osaline, valge, \u0428\u043a\u0430\u0444\u044b, \u043f\u043e\u043b\u043a\u0438, \u041f\u043b\u0430\u0442\u044f\u043d\u044b\u0435 \u0448\u043a\u0430\u0444\u044b, M\u0435\u0431\u0435\u043b\u044c, Beebipood\" \/>\n<meta property=\"og:description\" content=\"Riidekapp Calmo 3-osaline, valge, Calmo sarja lastem&ouml;&ouml;bel on klassikaline, ajatu ja universaalse disainiga.T&auml;nu klassikalisele aegumatul\" \/>\n<meta property=\"og:url\" content=\"https:\/\/beebipood.ee\/ru\/produkt\/riidekapp-calmo-3-osaline-valge\/\" \/>\n<meta property=\"og:site_name\" content=\"Beebipood\" \/>\n<meta property=\"article:modified_time\" content=\"2025-01-09T08:49:33+00:00\" \/>\n<meta property=\"og:image\" content=\"https:\/\/beebipood.ee\/wp-content\/uploads\/2017\/04\/Riidekapp-Calmo-3osaline-valge-UUED-TOOTED-Kapid-riiulid-Riidekapid-Lastemoobel-ja-sisustus_1-512.jpg\" \/>\n\t<meta property=\"og:image:width\" content=\"1600\" \/>\n\t<meta property=\"og:image:height\" content=\"2398\" \/>\n\t<meta property=\"og:image:type\" content=\"image\/jpeg\" \/>\n<meta name=\"twitter:card\" content=\"summary_large_image\" \/>\n<script type=\"application\/ld+json\" class=\"yoast-schema-graph\">{\"@context\":\"https:\/\/schema.org\",\"@graph\":[{\"@type\":\"WebPage\",\"@id\":\"https:\/\/beebipood.ee\/ru\/produkt\/riidekapp-calmo-3-osaline-valge\/\",\"url\":\"https:\/\/beebipood.ee\/ru\/produkt\/riidekapp-calmo-3-osaline-valge\/\",\"name\":\"Riidekapp Calmo 3-osaline, valge, \u0428\u043a\u0430\u0444\u044b, \u043f\u043e\u043b\u043a\u0438, \u041f\u043b\u0430\u0442\u044f\u043d\u044b\u0435 \u0448\u043a\u0430\u0444\u044b, M\u0435\u0431\u0435\u043b\u044c, Beebipood\",\"isPartOf\":{\"@id\":\"https:\/\/beebipood.ee\/ru\/#website\"},\"primaryImageOfPage\":{\"@id\":\"https:\/\/beebipood.ee\/ru\/produkt\/riidekapp-calmo-3-osaline-valge\/#primaryimage\"},\"image\":{\"@id\":\"https:\/\/beebipood.ee\/ru\/produkt\/riidekapp-calmo-3-osaline-valge\/#primaryimage\"},\"thumbnailUrl\":\"https:\/\/beebipood.ee\/wp-content\/uploads\/2017\/04\/Riidekapp-Calmo-3osaline-valge-UUED-TOOTED-Kapid-riiulid-Riidekapid-Lastemoobel-ja-sisustus_1-512.jpg\",\"datePublished\":\"2017-04-04T04:21:41+00:00\",\"dateModified\":\"2025-01-09T08:49:33+00:00\",\"description\":\"Riidekapp Calmo 3-osaline, valge, Calmo sarja lastem&ouml;&ouml;bel on klassikaline, ajatu ja universaalse disainiga.T&auml;nu klassikalisele aegumatul\",\"breadcrumb\":{\"@id\":\"https:\/\/beebipood.ee\/ru\/produkt\/riidekapp-calmo-3-osaline-valge\/#breadcrumb\"},\"inLanguage\":\"ru-RU\",\"potentialAction\":[{\"@type\":\"ReadAction\",\"target\":[\"https:\/\/beebipood.ee\/ru\/produkt\/riidekapp-calmo-3-osaline-valge\/\"]}]},{\"@type\":\"ImageObject\",\"inLanguage\":\"ru-RU\",\"@id\":\"https:\/\/beebipood.ee\/ru\/produkt\/riidekapp-calmo-3-osaline-valge\/#primaryimage\",\"url\":\"https:\/\/beebipood.ee\/wp-content\/uploads\/2017\/04\/Riidekapp-Calmo-3osaline-valge-UUED-TOOTED-Kapid-riiulid-Riidekapid-Lastemoobel-ja-sisustus_1-512.jpg\",\"contentUrl\":\"https:\/\/beebipood.ee\/wp-content\/uploads\/2017\/04\/Riidekapp-Calmo-3osaline-valge-UUED-TOOTED-Kapid-riiulid-Riidekapid-Lastemoobel-ja-sisustus_1-512.jpg\",\"width\":1600,\"height\":2398},{\"@type\":\"BreadcrumbList\",\"@id\":\"https:\/\/beebipood.ee\/ru\/produkt\/riidekapp-calmo-3-osaline-valge\/#breadcrumb\",\"itemListElement\":[{\"@type\":\"ListItem\",\"position\":1,\"name\":\"Home\",\"item\":\"https:\/\/beebipood.ee\/ru\/\"},{\"@type\":\"ListItem\",\"position\":2,\"name\":\"\u041a\u0430\u0442\u0430\u043b\u043e\u0433 \u0442\u043e\u0432\u0430\u0440\u043e\u0432\",\"item\":\"https:\/\/beebipood.ee\/tooted\/\"},{\"@type\":\"ListItem\",\"position\":3,\"name\":\"Riidekapp Calmo 3-osaline, valge\"}]},{\"@type\":\"WebSite\",\"@id\":\"https:\/\/beebipood.ee\/ru\/#website\",\"url\":\"https:\/\/beebipood.ee\/ru\/\",\"name\":\"Beebipood\",\"description\":\"Lastekaubad, beebikaubad, m\u00e4nguasjad\",\"publisher\":{\"@id\":\"https:\/\/beebipood.ee\/ru\/#organization\"},\"potentialAction\":[{\"@type\":\"SearchAction\",\"target\":{\"@type\":\"EntryPoint\",\"urlTemplate\":\"https:\/\/beebipood.ee\/ru\/?s={search_term_string}\"},\"query-input\":{\"@type\":\"PropertyValueSpecification\",\"valueRequired\":true,\"valueName\":\"search_term_string\"}}],\"inLanguage\":\"ru-RU\"},{\"@type\":\"Organization\",\"@id\":\"https:\/\/beebipood.ee\/ru\/#organization\",\"name\":\"Beebipood\",\"url\":\"https:\/\/beebipood.ee\/ru\/\",\"logo\":{\"@type\":\"ImageObject\",\"inLanguage\":\"ru-RU\",\"@id\":\"https:\/\/beebipood.ee\/ru\/#\/schema\/logo\/image\/\",\"url\":\"https:\/\/beebipood.ee\/wp-content\/uploads\/2025\/03\/beebipood.ee-logo-1.svg\",\"contentUrl\":\"https:\/\/beebipood.ee\/wp-content\/uploads\/2025\/03\/beebipood.ee-logo-1.svg\",\"caption\":\"Beebipood\"},\"image\":{\"@id\":\"https:\/\/beebipood.ee\/ru\/#\/schema\/logo\/image\/\"}}]}<\/script>\n<!-- \/ Yoast SEO plugin. -->","yoast_head_json":{"title":"Riidekapp Calmo 3-osaline, valge, \u0428\u043a\u0430\u0444\u044b, \u043f\u043e\u043b\u043a\u0438, \u041f\u043b\u0430\u0442\u044f\u043d\u044b\u0435 \u0448\u043a\u0430\u0444\u044b, M\u0435\u0431\u0435\u043b\u044c, Beebipood","description":"Riidekapp Calmo 3-osaline, valge, Calmo sarja lastem&ouml;&ouml;bel on klassikaline, ajatu ja universaalse disainiga.T&auml;nu klassikalisele aegumatul","robots":{"index":"index","follow":"follow","max-snippet":"max-snippet:-1","max-image-preview":"max-image-preview:large","max-video-preview":"max-video-preview:-1"},"canonical":"https:\/\/beebipood.ee\/ru\/produkt\/riidekapp-calmo-3-osaline-valge\/","og_locale":"ru_RU","og_type":"article","og_title":"Riidekapp Calmo 3-osaline, valge, \u0428\u043a\u0430\u0444\u044b, \u043f\u043e\u043b\u043a\u0438, \u041f\u043b\u0430\u0442\u044f\u043d\u044b\u0435 \u0448\u043a\u0430\u0444\u044b, M\u0435\u0431\u0435\u043b\u044c, Beebipood","og_description":"Riidekapp Calmo 3-osaline, valge, Calmo sarja lastem&ouml;&ouml;bel on klassikaline, ajatu ja universaalse disainiga.T&auml;nu klassikalisele aegumatul","og_url":"https:\/\/beebipood.ee\/ru\/produkt\/riidekapp-calmo-3-osaline-valge\/","og_site_name":"Beebipood","article_modified_time":"2025-01-09T08:49:33+00:00","og_image":[{"width":1600,"height":2398,"url":"https:\/\/beebipood.ee\/wp-content\/uploads\/2017\/04\/Riidekapp-Calmo-3osaline-valge-UUED-TOOTED-Kapid-riiulid-Riidekapid-Lastemoobel-ja-sisustus_1-512.jpg","type":"image\/jpeg"}],"twitter_card":"summary_large_image","schema":{"@context":"https:\/\/schema.org","@graph":[{"@type":"WebPage","@id":"https:\/\/beebipood.ee\/ru\/produkt\/riidekapp-calmo-3-osaline-valge\/","url":"https:\/\/beebipood.ee\/ru\/produkt\/riidekapp-calmo-3-osaline-valge\/","name":"Riidekapp Calmo 3-osaline, valge, \u0428\u043a\u0430\u0444\u044b, \u043f\u043e\u043b\u043a\u0438, \u041f\u043b\u0430\u0442\u044f\u043d\u044b\u0435 \u0448\u043a\u0430\u0444\u044b, M\u0435\u0431\u0435\u043b\u044c, Beebipood","isPartOf":{"@id":"https:\/\/beebipood.ee\/ru\/#website"},"primaryImageOfPage":{"@id":"https:\/\/beebipood.ee\/ru\/produkt\/riidekapp-calmo-3-osaline-valge\/#primaryimage"},"image":{"@id":"https:\/\/beebipood.ee\/ru\/produkt\/riidekapp-calmo-3-osaline-valge\/#primaryimage"},"thumbnailUrl":"https:\/\/beebipood.ee\/wp-content\/uploads\/2017\/04\/Riidekapp-Calmo-3osaline-valge-UUED-TOOTED-Kapid-riiulid-Riidekapid-Lastemoobel-ja-sisustus_1-512.jpg","datePublished":"2017-04-04T04:21:41+00:00","dateModified":"2025-01-09T08:49:33+00:00","description":"Riidekapp Calmo 3-osaline, valge, Calmo sarja lastem&ouml;&ouml;bel on klassikaline, ajatu ja universaalse disainiga.T&auml;nu klassikalisele aegumatul","breadcrumb":{"@id":"https:\/\/beebipood.ee\/ru\/produkt\/riidekapp-calmo-3-osaline-valge\/#breadcrumb"},"inLanguage":"ru-RU","potentialAction":[{"@type":"ReadAction","target":["https:\/\/beebipood.ee\/ru\/produkt\/riidekapp-calmo-3-osaline-valge\/"]}]},{"@type":"ImageObject","inLanguage":"ru-RU","@id":"https:\/\/beebipood.ee\/ru\/produkt\/riidekapp-calmo-3-osaline-valge\/#primaryimage","url":"https:\/\/beebipood.ee\/wp-content\/uploads\/2017\/04\/Riidekapp-Calmo-3osaline-valge-UUED-TOOTED-Kapid-riiulid-Riidekapid-Lastemoobel-ja-sisustus_1-512.jpg","contentUrl":"https:\/\/beebipood.ee\/wp-content\/uploads\/2017\/04\/Riidekapp-Calmo-3osaline-valge-UUED-TOOTED-Kapid-riiulid-Riidekapid-Lastemoobel-ja-sisustus_1-512.jpg","width":1600,"height":2398},{"@type":"BreadcrumbList","@id":"https:\/\/beebipood.ee\/ru\/produkt\/riidekapp-calmo-3-osaline-valge\/#breadcrumb","itemListElement":[{"@type":"ListItem","position":1,"name":"Home","item":"https:\/\/beebipood.ee\/ru\/"},{"@type":"ListItem","position":2,"name":"\u041a\u0430\u0442\u0430\u043b\u043e\u0433 \u0442\u043e\u0432\u0430\u0440\u043e\u0432","item":"https:\/\/beebipood.ee\/tooted\/"},{"@type":"ListItem","position":3,"name":"Riidekapp Calmo 3-osaline, valge"}]},{"@type":"WebSite","@id":"https:\/\/beebipood.ee\/ru\/#website","url":"https:\/\/beebipood.ee\/ru\/","name":"Beebipood","description":"Lastekaubad, beebikaubad, m\u00e4nguasjad","publisher":{"@id":"https:\/\/beebipood.ee\/ru\/#organization"},"potentialAction":[{"@type":"SearchAction","target":{"@type":"EntryPoint","urlTemplate":"https:\/\/beebipood.ee\/ru\/?s={search_term_string}"},"query-input":{"@type":"PropertyValueSpecification","valueRequired":true,"valueName":"search_term_string"}}],"inLanguage":"ru-RU"},{"@type":"Organization","@id":"https:\/\/beebipood.ee\/ru\/#organization","name":"Beebipood","url":"https:\/\/beebipood.ee\/ru\/","logo":{"@type":"ImageObject","inLanguage":"ru-RU","@id":"https:\/\/beebipood.ee\/ru\/#\/schema\/logo\/image\/","url":"https:\/\/beebipood.ee\/wp-content\/uploads\/2025\/03\/beebipood.ee-logo-1.svg","contentUrl":"https:\/\/beebipood.ee\/wp-content\/uploads\/2025\/03\/beebipood.ee-logo-1.svg","caption":"Beebipood"},"image":{"@id":"https:\/\/beebipood.ee\/ru\/#\/schema\/logo\/image\/"}}]}},"brands":[],"_links":{"self":[{"href":"https:\/\/beebipood.ee\/ru\/wp-json\/wp\/v2\/product\/457714","targetHints":{"allow":["GET"]}}],"collection":[{"href":"https:\/\/beebipood.ee\/ru\/wp-json\/wp\/v2\/product"}],"about":[{"href":"https:\/\/beebipood.ee\/ru\/wp-json\/wp\/v2\/types\/product"}],"wp:featuredmedia":[{"embeddable":true,"href":"https:\/\/beebipood.ee\/ru\/wp-json\/wp\/v2\/media\/118201"}],"wp:attachment":[{"href":"https:\/\/beebipood.ee\/ru\/wp-json\/wp\/v2\/media?parent=457714"}],"wp:term":[{"taxonomy":"pwb-brand","embeddable":true,"href":"https:\/\/beebipood.ee\/ru\/wp-json\/wp\/v2\/pwb-brand?post=457714"},{"taxonomy":"product_brand","embeddable":true,"href":"https:\/\/beebipood.ee\/ru\/wp-json\/wp\/v2\/product_brand?post=457714"},{"taxonomy":"product_cat","embeddable":true,"href":"https:\/\/beebipood.ee\/ru\/wp-json\/wp\/v2\/product_cat?post=457714"},{"taxonomy":"product_tag","embeddable":true,"href":"https:\/\/beebipood.ee\/ru\/wp-json\/wp\/v2\/product_tag?post=457714"}],"curies":[{"name":"wp","href":"https:\/\/api.w.org\/{rel}","templated":true}]}}