{"id":457817,"date":"2017-06-21T15:04:42","date_gmt":"2017-06-21T12:04:42","guid":{"rendered":"https:\/\/beebipood.ee\/toode\/beebitoakomplekt-sofie\/"},"modified":"2025-01-09T10:49:29","modified_gmt":"2025-01-09T08:49:29","slug":"beebitoakomplekt-sofie","status":"publish","type":"product","link":"https:\/\/beebipood.ee\/ru\/produkt\/beebitoakomplekt-sofie\/","title":{"rendered":"Beebitoakomplekt Sofie"},"content":{"rendered":"<p>* valmistatud\u00a0m\u00e4nnipuidust, MDF&#8217;st ja kvaliteetsest m\u00f6\u00f6bliplaadist<br \/>* viimistlus: valge\/p\u00f6\u00f6k ja nat.lakk<br \/> *\u00a0<strong>komplektis on<\/strong>: beebivoodi, kummut, raamaturiiul ja\u00a0riidekapp<br \/> * voodisse sobib madrats m\u00f5\u00f5duga 60x120cm<br \/>* kummutile sobib m\u00e4hkimisalus Sofie\u00a0<br \/> * m\u00e4hkimisalusele\u00a0sobib m\u00e4hkimismatt m\u00f5\u00f5duga 49&#215;71<br \/> * madrats, ja voodipesu <strong>ei ole hinna sees<\/strong><br \/> * viimistlemisel on kasutatud ainult vee baasil v\u00e4rve ja lakke<br \/> * toodetud EL&#8217;s<br \/> * toode vastab k\u00f5ikidele EN turvastandarditele<\/p>\n","protected":false},"excerpt":{"rendered":"<p>* valmistatud\u00a0m\u00e4nnipuidust, MDF&#8217;st ja kvaliteetsest m\u00f6\u00f6bliplaadist* viimistlus: valge\/p\u00f6\u00f6k ja nat.lakk *\u00a0komplektis on: beebivoodi, kummut, raamaturiiul ja\u00a0riidekapp * voodisse sobib madrats m\u00f5\u00f5duga 60x120cm* kummutile sobib m\u00e4hkimisalus Sofie\u00a0 * m\u00e4hkimisalusele\u00a0sobib m\u00e4hkimismatt m\u00f5\u00f5duga 49&#215;71 * madrats, ja voodipesu ei ole hinna sees * viimistlemisel on kasutatud ainult vee baasil v\u00e4rve ja lakke * toodetud EL&#8217;s * toode vastab [&hellip;]<\/p>\n","protected":false},"featured_media":118932,"template":"","meta":{"_acf_changed":false},"pwb-brand":[11946],"product_brand":[],"product_cat":[11573,11561,11789],"product_tag":[],"class_list":{"0":"post-457817","1":"product","2":"type-product","3":"status-publish","4":"has-post-thumbnail","6":"pwb-brand-klups-ru","7":"product_cat-sooduspakkumised-ru","8":"product_cat-tubade-komplektid-ru","9":"product_cat-lastemoobel-ja-sisustus-ru","10":"pa_manufacturer-klups-ru","12":"first","13":"onbackorder","14":"sale","15":"taxable","16":"shipping-taxable","17":"purchasable","18":"product-type-simple"},"exclude_global_add_ons":false,"addons":[{"name":"Vali voodi v\u00e4rv","type":"multiple_choice","position":0,"required":true,"title_format":"heading","default":"","description_enable":false,"description":"","placeholder_enable":false,"placeholder":"","display":"images","restrictions_type":"any_text","adjust_price":false,"price":"","price_type":"flat_fee","restrictions":false,"min":"0","max":"0","options":[{"label":"valge beebivoodi","price":"","price_type":"quantity_based","image":502129,"visibility":true},{"label":"p\u00f6\u00f6k beebivoodi","price":"10.0000","price_type":"quantity_based","image":502131,"visibility":true}]}],"acf":[],"yoast_head":"<!-- This site is optimized with the Yoast SEO plugin v27.1.1 - https:\/\/yoast.com\/product\/yoast-seo-wordpress\/ -->\n<title>Beebitoakomplekt Sofie, \u041a\u043e\u043c\u043f\u043b\u0435\u043a\u0442\u044b \u0434\u043b\u044f \u043a\u043e\u043c\u043d\u0430\u0442, \u0421\u041a\u0418\u0414\u041a\u0418, M\u0435\u0431\u0435\u043b\u044c, Beebipood<\/title>\n<meta name=\"description\" content=\"Beebitoakomplekt Sofie, * valmistatud&nbsp;m&auml;nnipuidust, MDF&#039;st ja kvaliteetsest m&ouml;&ouml;bliplaadist* viimistlus: valge\/p&ouml;&ouml;k ja nat\" \/>\n<meta name=\"robots\" content=\"index, follow, max-snippet:-1, max-image-preview:large, max-video-preview:-1\" \/>\n<link rel=\"canonical\" href=\"https:\/\/beebipood.ee\/ru\/produkt\/beebitoakomplekt-sofie\/\" \/>\n<meta property=\"og:locale\" content=\"ru_RU\" \/>\n<meta property=\"og:type\" content=\"article\" \/>\n<meta property=\"og:title\" content=\"Beebitoakomplekt Sofie, \u041a\u043e\u043c\u043f\u043b\u0435\u043a\u0442\u044b \u0434\u043b\u044f \u043a\u043e\u043c\u043d\u0430\u0442, \u0421\u041a\u0418\u0414\u041a\u0418, M\u0435\u0431\u0435\u043b\u044c, Beebipood\" \/>\n<meta property=\"og:description\" content=\"Beebitoakomplekt Sofie, * valmistatud&nbsp;m&auml;nnipuidust, MDF&#039;st ja kvaliteetsest m&ouml;&ouml;bliplaadist* viimistlus: valge\/p&ouml;&ouml;k ja nat\" \/>\n<meta property=\"og:url\" content=\"https:\/\/beebipood.ee\/ru\/produkt\/beebitoakomplekt-sofie\/\" \/>\n<meta property=\"og:site_name\" content=\"Beebipood\" \/>\n<meta property=\"article:modified_time\" content=\"2025-01-09T08:49:29+00:00\" \/>\n<meta property=\"og:image\" content=\"https:\/\/beebipood.ee\/wp-content\/uploads\/2017\/06\/Beebitoakomplekt-Sofie-Tubade-komplektid-SOODUSPAKKUMISED-UUED-TOOTED-Lastemoobel-ja-sisustus_1-f3d.jpg\" \/>\n\t<meta property=\"og:image:width\" content=\"2424\" \/>\n\t<meta property=\"og:image:height\" content=\"1448\" \/>\n\t<meta property=\"og:image:type\" content=\"image\/jpeg\" \/>\n<meta name=\"twitter:card\" content=\"summary_large_image\" \/>\n<script type=\"application\/ld+json\" class=\"yoast-schema-graph\">{\"@context\":\"https:\/\/schema.org\",\"@graph\":[{\"@type\":\"WebPage\",\"@id\":\"https:\/\/beebipood.ee\/ru\/produkt\/beebitoakomplekt-sofie\/\",\"url\":\"https:\/\/beebipood.ee\/ru\/produkt\/beebitoakomplekt-sofie\/\",\"name\":\"Beebitoakomplekt Sofie, \u041a\u043e\u043c\u043f\u043b\u0435\u043a\u0442\u044b \u0434\u043b\u044f \u043a\u043e\u043c\u043d\u0430\u0442, \u0421\u041a\u0418\u0414\u041a\u0418, M\u0435\u0431\u0435\u043b\u044c, Beebipood\",\"isPartOf\":{\"@id\":\"https:\/\/beebipood.ee\/ru\/#website\"},\"primaryImageOfPage\":{\"@id\":\"https:\/\/beebipood.ee\/ru\/produkt\/beebitoakomplekt-sofie\/#primaryimage\"},\"image\":{\"@id\":\"https:\/\/beebipood.ee\/ru\/produkt\/beebitoakomplekt-sofie\/#primaryimage\"},\"thumbnailUrl\":\"https:\/\/beebipood.ee\/wp-content\/uploads\/2017\/06\/Beebitoakomplekt-Sofie-Tubade-komplektid-SOODUSPAKKUMISED-UUED-TOOTED-Lastemoobel-ja-sisustus_1-f3d.jpg\",\"datePublished\":\"2017-06-21T12:04:42+00:00\",\"dateModified\":\"2025-01-09T08:49:29+00:00\",\"description\":\"Beebitoakomplekt Sofie, * valmistatud&nbsp;m&auml;nnipuidust, MDF'st ja kvaliteetsest m&ouml;&ouml;bliplaadist* viimistlus: valge\/p&ouml;&ouml;k ja nat\",\"breadcrumb\":{\"@id\":\"https:\/\/beebipood.ee\/ru\/produkt\/beebitoakomplekt-sofie\/#breadcrumb\"},\"inLanguage\":\"ru-RU\",\"potentialAction\":[{\"@type\":\"ReadAction\",\"target\":[\"https:\/\/beebipood.ee\/ru\/produkt\/beebitoakomplekt-sofie\/\"]}]},{\"@type\":\"ImageObject\",\"inLanguage\":\"ru-RU\",\"@id\":\"https:\/\/beebipood.ee\/ru\/produkt\/beebitoakomplekt-sofie\/#primaryimage\",\"url\":\"https:\/\/beebipood.ee\/wp-content\/uploads\/2017\/06\/Beebitoakomplekt-Sofie-Tubade-komplektid-SOODUSPAKKUMISED-UUED-TOOTED-Lastemoobel-ja-sisustus_1-f3d.jpg\",\"contentUrl\":\"https:\/\/beebipood.ee\/wp-content\/uploads\/2017\/06\/Beebitoakomplekt-Sofie-Tubade-komplektid-SOODUSPAKKUMISED-UUED-TOOTED-Lastemoobel-ja-sisustus_1-f3d.jpg\",\"width\":2424,\"height\":1448},{\"@type\":\"BreadcrumbList\",\"@id\":\"https:\/\/beebipood.ee\/ru\/produkt\/beebitoakomplekt-sofie\/#breadcrumb\",\"itemListElement\":[{\"@type\":\"ListItem\",\"position\":1,\"name\":\"Home\",\"item\":\"https:\/\/beebipood.ee\/ru\/\"},{\"@type\":\"ListItem\",\"position\":2,\"name\":\"\u041a\u0430\u0442\u0430\u043b\u043e\u0433 \u0442\u043e\u0432\u0430\u0440\u043e\u0432\",\"item\":\"https:\/\/beebipood.ee\/tooted\/\"},{\"@type\":\"ListItem\",\"position\":3,\"name\":\"Beebitoakomplekt Sofie\"}]},{\"@type\":\"WebSite\",\"@id\":\"https:\/\/beebipood.ee\/ru\/#website\",\"url\":\"https:\/\/beebipood.ee\/ru\/\",\"name\":\"Beebipood\",\"description\":\"Lastekaubad, beebikaubad, m\u00e4nguasjad\",\"publisher\":{\"@id\":\"https:\/\/beebipood.ee\/ru\/#organization\"},\"potentialAction\":[{\"@type\":\"SearchAction\",\"target\":{\"@type\":\"EntryPoint\",\"urlTemplate\":\"https:\/\/beebipood.ee\/ru\/?s={search_term_string}\"},\"query-input\":{\"@type\":\"PropertyValueSpecification\",\"valueRequired\":true,\"valueName\":\"search_term_string\"}}],\"inLanguage\":\"ru-RU\"},{\"@type\":\"Organization\",\"@id\":\"https:\/\/beebipood.ee\/ru\/#organization\",\"name\":\"Beebipood\",\"url\":\"https:\/\/beebipood.ee\/ru\/\",\"logo\":{\"@type\":\"ImageObject\",\"inLanguage\":\"ru-RU\",\"@id\":\"https:\/\/beebipood.ee\/ru\/#\/schema\/logo\/image\/\",\"url\":\"https:\/\/beebipood.ee\/wp-content\/uploads\/2025\/03\/beebipood.ee-logo-1.svg\",\"contentUrl\":\"https:\/\/beebipood.ee\/wp-content\/uploads\/2025\/03\/beebipood.ee-logo-1.svg\",\"caption\":\"Beebipood\"},\"image\":{\"@id\":\"https:\/\/beebipood.ee\/ru\/#\/schema\/logo\/image\/\"}}]}<\/script>\n<!-- \/ Yoast SEO plugin. -->","yoast_head_json":{"title":"Beebitoakomplekt Sofie, \u041a\u043e\u043c\u043f\u043b\u0435\u043a\u0442\u044b \u0434\u043b\u044f \u043a\u043e\u043c\u043d\u0430\u0442, \u0421\u041a\u0418\u0414\u041a\u0418, M\u0435\u0431\u0435\u043b\u044c, Beebipood","description":"Beebitoakomplekt Sofie, * valmistatud&nbsp;m&auml;nnipuidust, MDF'st ja kvaliteetsest m&ouml;&ouml;bliplaadist* viimistlus: valge\/p&ouml;&ouml;k ja nat","robots":{"index":"index","follow":"follow","max-snippet":"max-snippet:-1","max-image-preview":"max-image-preview:large","max-video-preview":"max-video-preview:-1"},"canonical":"https:\/\/beebipood.ee\/ru\/produkt\/beebitoakomplekt-sofie\/","og_locale":"ru_RU","og_type":"article","og_title":"Beebitoakomplekt Sofie, \u041a\u043e\u043c\u043f\u043b\u0435\u043a\u0442\u044b \u0434\u043b\u044f \u043a\u043e\u043c\u043d\u0430\u0442, \u0421\u041a\u0418\u0414\u041a\u0418, M\u0435\u0431\u0435\u043b\u044c, Beebipood","og_description":"Beebitoakomplekt Sofie, * valmistatud&nbsp;m&auml;nnipuidust, MDF'st ja kvaliteetsest m&ouml;&ouml;bliplaadist* viimistlus: valge\/p&ouml;&ouml;k ja nat","og_url":"https:\/\/beebipood.ee\/ru\/produkt\/beebitoakomplekt-sofie\/","og_site_name":"Beebipood","article_modified_time":"2025-01-09T08:49:29+00:00","og_image":[{"width":2424,"height":1448,"url":"https:\/\/beebipood.ee\/wp-content\/uploads\/2017\/06\/Beebitoakomplekt-Sofie-Tubade-komplektid-SOODUSPAKKUMISED-UUED-TOOTED-Lastemoobel-ja-sisustus_1-f3d.jpg","type":"image\/jpeg"}],"twitter_card":"summary_large_image","schema":{"@context":"https:\/\/schema.org","@graph":[{"@type":"WebPage","@id":"https:\/\/beebipood.ee\/ru\/produkt\/beebitoakomplekt-sofie\/","url":"https:\/\/beebipood.ee\/ru\/produkt\/beebitoakomplekt-sofie\/","name":"Beebitoakomplekt Sofie, \u041a\u043e\u043c\u043f\u043b\u0435\u043a\u0442\u044b \u0434\u043b\u044f \u043a\u043e\u043c\u043d\u0430\u0442, \u0421\u041a\u0418\u0414\u041a\u0418, M\u0435\u0431\u0435\u043b\u044c, Beebipood","isPartOf":{"@id":"https:\/\/beebipood.ee\/ru\/#website"},"primaryImageOfPage":{"@id":"https:\/\/beebipood.ee\/ru\/produkt\/beebitoakomplekt-sofie\/#primaryimage"},"image":{"@id":"https:\/\/beebipood.ee\/ru\/produkt\/beebitoakomplekt-sofie\/#primaryimage"},"thumbnailUrl":"https:\/\/beebipood.ee\/wp-content\/uploads\/2017\/06\/Beebitoakomplekt-Sofie-Tubade-komplektid-SOODUSPAKKUMISED-UUED-TOOTED-Lastemoobel-ja-sisustus_1-f3d.jpg","datePublished":"2017-06-21T12:04:42+00:00","dateModified":"2025-01-09T08:49:29+00:00","description":"Beebitoakomplekt Sofie, * valmistatud&nbsp;m&auml;nnipuidust, MDF'st ja kvaliteetsest m&ouml;&ouml;bliplaadist* viimistlus: valge\/p&ouml;&ouml;k ja nat","breadcrumb":{"@id":"https:\/\/beebipood.ee\/ru\/produkt\/beebitoakomplekt-sofie\/#breadcrumb"},"inLanguage":"ru-RU","potentialAction":[{"@type":"ReadAction","target":["https:\/\/beebipood.ee\/ru\/produkt\/beebitoakomplekt-sofie\/"]}]},{"@type":"ImageObject","inLanguage":"ru-RU","@id":"https:\/\/beebipood.ee\/ru\/produkt\/beebitoakomplekt-sofie\/#primaryimage","url":"https:\/\/beebipood.ee\/wp-content\/uploads\/2017\/06\/Beebitoakomplekt-Sofie-Tubade-komplektid-SOODUSPAKKUMISED-UUED-TOOTED-Lastemoobel-ja-sisustus_1-f3d.jpg","contentUrl":"https:\/\/beebipood.ee\/wp-content\/uploads\/2017\/06\/Beebitoakomplekt-Sofie-Tubade-komplektid-SOODUSPAKKUMISED-UUED-TOOTED-Lastemoobel-ja-sisustus_1-f3d.jpg","width":2424,"height":1448},{"@type":"BreadcrumbList","@id":"https:\/\/beebipood.ee\/ru\/produkt\/beebitoakomplekt-sofie\/#breadcrumb","itemListElement":[{"@type":"ListItem","position":1,"name":"Home","item":"https:\/\/beebipood.ee\/ru\/"},{"@type":"ListItem","position":2,"name":"\u041a\u0430\u0442\u0430\u043b\u043e\u0433 \u0442\u043e\u0432\u0430\u0440\u043e\u0432","item":"https:\/\/beebipood.ee\/tooted\/"},{"@type":"ListItem","position":3,"name":"Beebitoakomplekt Sofie"}]},{"@type":"WebSite","@id":"https:\/\/beebipood.ee\/ru\/#website","url":"https:\/\/beebipood.ee\/ru\/","name":"Beebipood","description":"Lastekaubad, beebikaubad, m\u00e4nguasjad","publisher":{"@id":"https:\/\/beebipood.ee\/ru\/#organization"},"potentialAction":[{"@type":"SearchAction","target":{"@type":"EntryPoint","urlTemplate":"https:\/\/beebipood.ee\/ru\/?s={search_term_string}"},"query-input":{"@type":"PropertyValueSpecification","valueRequired":true,"valueName":"search_term_string"}}],"inLanguage":"ru-RU"},{"@type":"Organization","@id":"https:\/\/beebipood.ee\/ru\/#organization","name":"Beebipood","url":"https:\/\/beebipood.ee\/ru\/","logo":{"@type":"ImageObject","inLanguage":"ru-RU","@id":"https:\/\/beebipood.ee\/ru\/#\/schema\/logo\/image\/","url":"https:\/\/beebipood.ee\/wp-content\/uploads\/2025\/03\/beebipood.ee-logo-1.svg","contentUrl":"https:\/\/beebipood.ee\/wp-content\/uploads\/2025\/03\/beebipood.ee-logo-1.svg","caption":"Beebipood"},"image":{"@id":"https:\/\/beebipood.ee\/ru\/#\/schema\/logo\/image\/"}}]}},"brands":[{"id":11946,"name":"Klups","slug":"klups-ru"}],"_links":{"self":[{"href":"https:\/\/beebipood.ee\/ru\/wp-json\/wp\/v2\/product\/457817","targetHints":{"allow":["GET"]}}],"collection":[{"href":"https:\/\/beebipood.ee\/ru\/wp-json\/wp\/v2\/product"}],"about":[{"href":"https:\/\/beebipood.ee\/ru\/wp-json\/wp\/v2\/types\/product"}],"wp:featuredmedia":[{"embeddable":true,"href":"https:\/\/beebipood.ee\/ru\/wp-json\/wp\/v2\/media\/118932"}],"wp:attachment":[{"href":"https:\/\/beebipood.ee\/ru\/wp-json\/wp\/v2\/media?parent=457817"}],"wp:term":[{"taxonomy":"pwb-brand","embeddable":true,"href":"https:\/\/beebipood.ee\/ru\/wp-json\/wp\/v2\/pwb-brand?post=457817"},{"taxonomy":"product_brand","embeddable":true,"href":"https:\/\/beebipood.ee\/ru\/wp-json\/wp\/v2\/product_brand?post=457817"},{"taxonomy":"product_cat","embeddable":true,"href":"https:\/\/beebipood.ee\/ru\/wp-json\/wp\/v2\/product_cat?post=457817"},{"taxonomy":"product_tag","embeddable":true,"href":"https:\/\/beebipood.ee\/ru\/wp-json\/wp\/v2\/product_tag?post=457817"}],"curies":[{"name":"wp","href":"https:\/\/api.w.org\/{rel}","templated":true}]}}