{"id":457869,"date":"2017-08-02T08:02:31","date_gmt":"2017-08-02T05:02:31","guid":{"rendered":"https:\/\/beebipood.ee\/toode\/yappyetude-narivoodi-80x190-white\/"},"modified":"2025-01-09T10:49:26","modified_gmt":"2025-01-09T08:49:26","slug":"yappyetude-narivoodi-80x190-white","status":"publish","type":"product","link":"https:\/\/beebipood.ee\/ru\/produkt\/yappyetude-narivoodi-80x190-white\/","title":{"rendered":"Yappy\u00c9tude narivoodi 80&#215;190, white"},"content":{"rendered":"<p>Yappy\u00c9tude&#8217;i narivoodi on ideaalne lahendus kaasaegsetele vanematele, <br \/>kes hindavad oma lapse tervislikku magamist ja stiilset toa kujundust.<br \/>Voodi omadused:<br \/>&#8212; Valmistatud t\u00e4ispuidust p\u00f6\u00f6gist (95%) ja puitlaastplaadist<br \/>&#8212; Veep\u00f5hised lakid ja v\u00e4rvid.<br \/>&#8212; Redelit saab kinnitada kas vasakule v\u00f5i paremale k\u00fcljele.<br \/>&#8212; K\u00f5ik elemendid on turvalise ja \u00fcmardatud kujuga.<br \/>&#8212; Kaitselauad tagavad laste ohutuse. Alumisel astmel on eemaldatav serv.<br \/>&#8212; Alumine osa on varustatud ortopeediliste lamellidega, mis tagavad madratsi hea ventilatsiooni.<br \/>M\u00f5eldud <a href=\"https:\/\/www.beebipood.ee\/catalogsearch\/result\/index\/?cat=8&#038;q=80x190\">80x190cm <\/a>suuruses madratsi jaoks.<br \/>Madrats ei ole komplektis.<br \/>Olulised parameetrid:<br \/>Kaitseserva k\u00f5rgus = 30 cm.<br \/>Esimese tasandi serva pikkus = 58cm<br \/>Voodikihi (\u00fclemise ja alumise madratsi aluse) vahekaugus = 98cm<br \/>\u00dche voodi suurim lubatud kaal 90kg kokku 180kg.<br \/>Hooldus:<br \/>\u2714 P\u00fchkige niiske puuvillase lapiga. Seej\u00e4rel p\u00fchkige kuivaks.<\/p>\n","protected":false},"excerpt":{"rendered":"<p>Yappy\u00c9tude&#8217;i narivoodi on ideaalne lahendus kaasaegsetele vanematele, kes hindavad oma lapse tervislikku magamist ja stiilset toa kujundust.Voodi omadused:&#8212; Valmistatud t\u00e4ispuidust p\u00f6\u00f6gist (95%) ja puitlaastplaadist&#8212; Veep\u00f5hised lakid ja v\u00e4rvid.&#8212; Redelit saab kinnitada kas vasakule v\u00f5i paremale k\u00fcljele.&#8212; K\u00f5ik elemendid on turvalise ja \u00fcmardatud kujuga.&#8212; Kaitselauad tagavad laste ohutuse. Alumisel astmel on eemaldatav serv.&#8212; Alumine osa on [&hellip;]<\/p>\n","protected":false},"featured_media":168497,"template":"","meta":{"_acf_changed":false},"pwb-brand":[11969],"product_brand":[],"product_cat":[11581,11557,11789],"product_tag":[],"class_list":{"0":"post-457869","1":"product","2":"type-product","3":"status-publish","4":"has-post-thumbnail","6":"pwb-brand-yappykids-ru","7":"product_cat-narid-laiusega-80cm-ru","8":"product_cat-narid-ru","9":"product_cat-lastemoobel-ja-sisustus-ru","10":"pa_manufacturer-yappykids-ru","12":"first","13":"onbackorder","14":"sale","15":"taxable","16":"shipping-taxable","17":"purchasable","18":"product-type-simple"},"exclude_global_add_ons":[],"addons":[],"acf":[],"yoast_head":"<!-- This site is optimized with the Yoast SEO plugin v27.1.1 - https:\/\/yoast.com\/product\/yoast-seo-wordpress\/ -->\n<title>Yappy\u00c9tude narivoodi 80x190, white, \u041d\u0430\u0440\u044b, \u041d\u041e\u0412\u042b\u0415 \u0422\u041e\u0412\u0410\u0420\u042b, \u041d\u0430\u0440\u044b \u0448\u0438\u0440\u0438\u043d\u043e\u0439 80c\u043c, M\u0435\u0431\u0435\u043b\u044c, YappyKids -20%, Beebipood<\/title>\n<meta name=\"description\" content=\"Yappy\u00c9tude narivoodi 80x190, white, Yappy&Eacute;tude&#039;i narivoodi on ideaalne lahendus kaasaegsetele vanematele, kes hindavad oma lapse tervislikku ma\" \/>\n<meta name=\"robots\" content=\"index, follow, max-snippet:-1, max-image-preview:large, max-video-preview:-1\" \/>\n<link rel=\"canonical\" href=\"https:\/\/beebipood.ee\/ru\/produkt\/yappyetude-narivoodi-80x190-white\/\" \/>\n<meta property=\"og:locale\" content=\"ru_RU\" \/>\n<meta property=\"og:type\" content=\"article\" \/>\n<meta property=\"og:title\" content=\"Yappy\u00c9tude narivoodi 80x190, white, \u041d\u0430\u0440\u044b, \u041d\u041e\u0412\u042b\u0415 \u0422\u041e\u0412\u0410\u0420\u042b, \u041d\u0430\u0440\u044b \u0448\u0438\u0440\u0438\u043d\u043e\u0439 80c\u043c, M\u0435\u0431\u0435\u043b\u044c, YappyKids -20%, Beebipood\" \/>\n<meta property=\"og:description\" content=\"Yappy\u00c9tude narivoodi 80x190, white, Yappy&Eacute;tude&#039;i narivoodi on ideaalne lahendus kaasaegsetele vanematele, kes hindavad oma lapse tervislikku ma\" \/>\n<meta property=\"og:url\" content=\"https:\/\/beebipood.ee\/ru\/produkt\/yappyetude-narivoodi-80x190-white\/\" \/>\n<meta property=\"og:site_name\" content=\"Beebipood\" \/>\n<meta property=\"article:modified_time\" content=\"2025-01-09T08:49:26+00:00\" \/>\n<meta property=\"og:image\" content=\"https:\/\/beebipood.ee\/wp-content\/uploads\/2017\/08\/Yappytude-narivoodi-white-Narid-UUED-TOOTED-Narid-laiusega-80cm-Lastemoobel-ja-sisustus-YappyKids-20_1-d70.jpg\" \/>\n\t<meta property=\"og:image:width\" content=\"1200\" \/>\n\t<meta property=\"og:image:height\" content=\"900\" \/>\n\t<meta property=\"og:image:type\" content=\"image\/jpeg\" \/>\n<meta name=\"twitter:card\" content=\"summary_large_image\" \/>\n<meta name=\"twitter:label1\" content=\"\u041f\u0440\u0438\u043c\u0435\u0440\u043d\u043e\u0435 \u0432\u0440\u0435\u043c\u044f \u0434\u043b\u044f \u0447\u0442\u0435\u043d\u0438\u044f\" \/>\n\t<meta name=\"twitter:data1\" content=\"1 \u043c\u0438\u043d\u0443\u0442\u0430\" \/>\n<script type=\"application\/ld+json\" class=\"yoast-schema-graph\">{\"@context\":\"https:\/\/schema.org\",\"@graph\":[{\"@type\":\"WebPage\",\"@id\":\"https:\/\/beebipood.ee\/ru\/produkt\/yappyetude-narivoodi-80x190-white\/\",\"url\":\"https:\/\/beebipood.ee\/ru\/produkt\/yappyetude-narivoodi-80x190-white\/\",\"name\":\"Yappy\u00c9tude narivoodi 80x190, white, \u041d\u0430\u0440\u044b, \u041d\u041e\u0412\u042b\u0415 \u0422\u041e\u0412\u0410\u0420\u042b, \u041d\u0430\u0440\u044b \u0448\u0438\u0440\u0438\u043d\u043e\u0439 80c\u043c, M\u0435\u0431\u0435\u043b\u044c, YappyKids -20%, Beebipood\",\"isPartOf\":{\"@id\":\"https:\/\/beebipood.ee\/ru\/#website\"},\"primaryImageOfPage\":{\"@id\":\"https:\/\/beebipood.ee\/ru\/produkt\/yappyetude-narivoodi-80x190-white\/#primaryimage\"},\"image\":{\"@id\":\"https:\/\/beebipood.ee\/ru\/produkt\/yappyetude-narivoodi-80x190-white\/#primaryimage\"},\"thumbnailUrl\":\"https:\/\/beebipood.ee\/wp-content\/uploads\/2017\/08\/Yappytude-narivoodi-white-Narid-UUED-TOOTED-Narid-laiusega-80cm-Lastemoobel-ja-sisustus-YappyKids-20_1-d70.jpg\",\"datePublished\":\"2017-08-02T05:02:31+00:00\",\"dateModified\":\"2025-01-09T08:49:26+00:00\",\"description\":\"Yappy\u00c9tude narivoodi 80x190, white, Yappy&Eacute;tude'i narivoodi on ideaalne lahendus kaasaegsetele vanematele, kes hindavad oma lapse tervislikku ma\",\"breadcrumb\":{\"@id\":\"https:\/\/beebipood.ee\/ru\/produkt\/yappyetude-narivoodi-80x190-white\/#breadcrumb\"},\"inLanguage\":\"ru-RU\",\"potentialAction\":[{\"@type\":\"ReadAction\",\"target\":[\"https:\/\/beebipood.ee\/ru\/produkt\/yappyetude-narivoodi-80x190-white\/\"]}]},{\"@type\":\"ImageObject\",\"inLanguage\":\"ru-RU\",\"@id\":\"https:\/\/beebipood.ee\/ru\/produkt\/yappyetude-narivoodi-80x190-white\/#primaryimage\",\"url\":\"https:\/\/beebipood.ee\/wp-content\/uploads\/2017\/08\/Yappytude-narivoodi-white-Narid-UUED-TOOTED-Narid-laiusega-80cm-Lastemoobel-ja-sisustus-YappyKids-20_1-d70.jpg\",\"contentUrl\":\"https:\/\/beebipood.ee\/wp-content\/uploads\/2017\/08\/Yappytude-narivoodi-white-Narid-UUED-TOOTED-Narid-laiusega-80cm-Lastemoobel-ja-sisustus-YappyKids-20_1-d70.jpg\",\"width\":1200,\"height\":900},{\"@type\":\"BreadcrumbList\",\"@id\":\"https:\/\/beebipood.ee\/ru\/produkt\/yappyetude-narivoodi-80x190-white\/#breadcrumb\",\"itemListElement\":[{\"@type\":\"ListItem\",\"position\":1,\"name\":\"Home\",\"item\":\"https:\/\/beebipood.ee\/ru\/\"},{\"@type\":\"ListItem\",\"position\":2,\"name\":\"\u041a\u0430\u0442\u0430\u043b\u043e\u0433 \u0442\u043e\u0432\u0430\u0440\u043e\u0432\",\"item\":\"https:\/\/beebipood.ee\/tooted\/\"},{\"@type\":\"ListItem\",\"position\":3,\"name\":\"Yappy\u00c9tude narivoodi 80&#215;190, white\"}]},{\"@type\":\"WebSite\",\"@id\":\"https:\/\/beebipood.ee\/ru\/#website\",\"url\":\"https:\/\/beebipood.ee\/ru\/\",\"name\":\"Beebipood\",\"description\":\"Lastekaubad, beebikaubad, m\u00e4nguasjad\",\"publisher\":{\"@id\":\"https:\/\/beebipood.ee\/ru\/#organization\"},\"potentialAction\":[{\"@type\":\"SearchAction\",\"target\":{\"@type\":\"EntryPoint\",\"urlTemplate\":\"https:\/\/beebipood.ee\/ru\/?s={search_term_string}\"},\"query-input\":{\"@type\":\"PropertyValueSpecification\",\"valueRequired\":true,\"valueName\":\"search_term_string\"}}],\"inLanguage\":\"ru-RU\"},{\"@type\":\"Organization\",\"@id\":\"https:\/\/beebipood.ee\/ru\/#organization\",\"name\":\"Beebipood\",\"url\":\"https:\/\/beebipood.ee\/ru\/\",\"logo\":{\"@type\":\"ImageObject\",\"inLanguage\":\"ru-RU\",\"@id\":\"https:\/\/beebipood.ee\/ru\/#\/schema\/logo\/image\/\",\"url\":\"https:\/\/beebipood.ee\/wp-content\/uploads\/2025\/03\/beebipood.ee-logo-1.svg\",\"contentUrl\":\"https:\/\/beebipood.ee\/wp-content\/uploads\/2025\/03\/beebipood.ee-logo-1.svg\",\"caption\":\"Beebipood\"},\"image\":{\"@id\":\"https:\/\/beebipood.ee\/ru\/#\/schema\/logo\/image\/\"}}]}<\/script>\n<!-- \/ Yoast SEO plugin. -->","yoast_head_json":{"title":"Yappy\u00c9tude narivoodi 80x190, white, \u041d\u0430\u0440\u044b, \u041d\u041e\u0412\u042b\u0415 \u0422\u041e\u0412\u0410\u0420\u042b, \u041d\u0430\u0440\u044b \u0448\u0438\u0440\u0438\u043d\u043e\u0439 80c\u043c, M\u0435\u0431\u0435\u043b\u044c, YappyKids -20%, Beebipood","description":"Yappy\u00c9tude narivoodi 80x190, white, Yappy&Eacute;tude'i narivoodi on ideaalne lahendus kaasaegsetele vanematele, kes hindavad oma lapse tervislikku ma","robots":{"index":"index","follow":"follow","max-snippet":"max-snippet:-1","max-image-preview":"max-image-preview:large","max-video-preview":"max-video-preview:-1"},"canonical":"https:\/\/beebipood.ee\/ru\/produkt\/yappyetude-narivoodi-80x190-white\/","og_locale":"ru_RU","og_type":"article","og_title":"Yappy\u00c9tude narivoodi 80x190, white, \u041d\u0430\u0440\u044b, \u041d\u041e\u0412\u042b\u0415 \u0422\u041e\u0412\u0410\u0420\u042b, \u041d\u0430\u0440\u044b \u0448\u0438\u0440\u0438\u043d\u043e\u0439 80c\u043c, M\u0435\u0431\u0435\u043b\u044c, YappyKids -20%, Beebipood","og_description":"Yappy\u00c9tude narivoodi 80x190, white, Yappy&Eacute;tude'i narivoodi on ideaalne lahendus kaasaegsetele vanematele, kes hindavad oma lapse tervislikku ma","og_url":"https:\/\/beebipood.ee\/ru\/produkt\/yappyetude-narivoodi-80x190-white\/","og_site_name":"Beebipood","article_modified_time":"2025-01-09T08:49:26+00:00","og_image":[{"width":1200,"height":900,"url":"https:\/\/beebipood.ee\/wp-content\/uploads\/2017\/08\/Yappytude-narivoodi-white-Narid-UUED-TOOTED-Narid-laiusega-80cm-Lastemoobel-ja-sisustus-YappyKids-20_1-d70.jpg","type":"image\/jpeg"}],"twitter_card":"summary_large_image","twitter_misc":{"\u041f\u0440\u0438\u043c\u0435\u0440\u043d\u043e\u0435 \u0432\u0440\u0435\u043c\u044f \u0434\u043b\u044f \u0447\u0442\u0435\u043d\u0438\u044f":"1 \u043c\u0438\u043d\u0443\u0442\u0430"},"schema":{"@context":"https:\/\/schema.org","@graph":[{"@type":"WebPage","@id":"https:\/\/beebipood.ee\/ru\/produkt\/yappyetude-narivoodi-80x190-white\/","url":"https:\/\/beebipood.ee\/ru\/produkt\/yappyetude-narivoodi-80x190-white\/","name":"Yappy\u00c9tude narivoodi 80x190, white, \u041d\u0430\u0440\u044b, \u041d\u041e\u0412\u042b\u0415 \u0422\u041e\u0412\u0410\u0420\u042b, \u041d\u0430\u0440\u044b \u0448\u0438\u0440\u0438\u043d\u043e\u0439 80c\u043c, M\u0435\u0431\u0435\u043b\u044c, YappyKids -20%, Beebipood","isPartOf":{"@id":"https:\/\/beebipood.ee\/ru\/#website"},"primaryImageOfPage":{"@id":"https:\/\/beebipood.ee\/ru\/produkt\/yappyetude-narivoodi-80x190-white\/#primaryimage"},"image":{"@id":"https:\/\/beebipood.ee\/ru\/produkt\/yappyetude-narivoodi-80x190-white\/#primaryimage"},"thumbnailUrl":"https:\/\/beebipood.ee\/wp-content\/uploads\/2017\/08\/Yappytude-narivoodi-white-Narid-UUED-TOOTED-Narid-laiusega-80cm-Lastemoobel-ja-sisustus-YappyKids-20_1-d70.jpg","datePublished":"2017-08-02T05:02:31+00:00","dateModified":"2025-01-09T08:49:26+00:00","description":"Yappy\u00c9tude narivoodi 80x190, white, Yappy&Eacute;tude'i narivoodi on ideaalne lahendus kaasaegsetele vanematele, kes hindavad oma lapse tervislikku ma","breadcrumb":{"@id":"https:\/\/beebipood.ee\/ru\/produkt\/yappyetude-narivoodi-80x190-white\/#breadcrumb"},"inLanguage":"ru-RU","potentialAction":[{"@type":"ReadAction","target":["https:\/\/beebipood.ee\/ru\/produkt\/yappyetude-narivoodi-80x190-white\/"]}]},{"@type":"ImageObject","inLanguage":"ru-RU","@id":"https:\/\/beebipood.ee\/ru\/produkt\/yappyetude-narivoodi-80x190-white\/#primaryimage","url":"https:\/\/beebipood.ee\/wp-content\/uploads\/2017\/08\/Yappytude-narivoodi-white-Narid-UUED-TOOTED-Narid-laiusega-80cm-Lastemoobel-ja-sisustus-YappyKids-20_1-d70.jpg","contentUrl":"https:\/\/beebipood.ee\/wp-content\/uploads\/2017\/08\/Yappytude-narivoodi-white-Narid-UUED-TOOTED-Narid-laiusega-80cm-Lastemoobel-ja-sisustus-YappyKids-20_1-d70.jpg","width":1200,"height":900},{"@type":"BreadcrumbList","@id":"https:\/\/beebipood.ee\/ru\/produkt\/yappyetude-narivoodi-80x190-white\/#breadcrumb","itemListElement":[{"@type":"ListItem","position":1,"name":"Home","item":"https:\/\/beebipood.ee\/ru\/"},{"@type":"ListItem","position":2,"name":"\u041a\u0430\u0442\u0430\u043b\u043e\u0433 \u0442\u043e\u0432\u0430\u0440\u043e\u0432","item":"https:\/\/beebipood.ee\/tooted\/"},{"@type":"ListItem","position":3,"name":"Yappy\u00c9tude narivoodi 80&#215;190, white"}]},{"@type":"WebSite","@id":"https:\/\/beebipood.ee\/ru\/#website","url":"https:\/\/beebipood.ee\/ru\/","name":"Beebipood","description":"Lastekaubad, beebikaubad, m\u00e4nguasjad","publisher":{"@id":"https:\/\/beebipood.ee\/ru\/#organization"},"potentialAction":[{"@type":"SearchAction","target":{"@type":"EntryPoint","urlTemplate":"https:\/\/beebipood.ee\/ru\/?s={search_term_string}"},"query-input":{"@type":"PropertyValueSpecification","valueRequired":true,"valueName":"search_term_string"}}],"inLanguage":"ru-RU"},{"@type":"Organization","@id":"https:\/\/beebipood.ee\/ru\/#organization","name":"Beebipood","url":"https:\/\/beebipood.ee\/ru\/","logo":{"@type":"ImageObject","inLanguage":"ru-RU","@id":"https:\/\/beebipood.ee\/ru\/#\/schema\/logo\/image\/","url":"https:\/\/beebipood.ee\/wp-content\/uploads\/2025\/03\/beebipood.ee-logo-1.svg","contentUrl":"https:\/\/beebipood.ee\/wp-content\/uploads\/2025\/03\/beebipood.ee-logo-1.svg","caption":"Beebipood"},"image":{"@id":"https:\/\/beebipood.ee\/ru\/#\/schema\/logo\/image\/"}}]}},"brands":[{"id":11969,"name":"YappyKids","slug":"yappykids-ru"}],"_links":{"self":[{"href":"https:\/\/beebipood.ee\/ru\/wp-json\/wp\/v2\/product\/457869","targetHints":{"allow":["GET"]}}],"collection":[{"href":"https:\/\/beebipood.ee\/ru\/wp-json\/wp\/v2\/product"}],"about":[{"href":"https:\/\/beebipood.ee\/ru\/wp-json\/wp\/v2\/types\/product"}],"wp:featuredmedia":[{"embeddable":true,"href":"https:\/\/beebipood.ee\/ru\/wp-json\/wp\/v2\/media\/168497"}],"wp:attachment":[{"href":"https:\/\/beebipood.ee\/ru\/wp-json\/wp\/v2\/media?parent=457869"}],"wp:term":[{"taxonomy":"pwb-brand","embeddable":true,"href":"https:\/\/beebipood.ee\/ru\/wp-json\/wp\/v2\/pwb-brand?post=457869"},{"taxonomy":"product_brand","embeddable":true,"href":"https:\/\/beebipood.ee\/ru\/wp-json\/wp\/v2\/product_brand?post=457869"},{"taxonomy":"product_cat","embeddable":true,"href":"https:\/\/beebipood.ee\/ru\/wp-json\/wp\/v2\/product_cat?post=457869"},{"taxonomy":"product_tag","embeddable":true,"href":"https:\/\/beebipood.ee\/ru\/wp-json\/wp\/v2\/product_tag?post=457869"}],"curies":[{"name":"wp","href":"https:\/\/api.w.org\/{rel}","templated":true}]}}