{"id":457877,"date":"2017-08-02T08:23:40","date_gmt":"2017-08-02T05:23:40","guid":{"rendered":"https:\/\/beebipood.ee\/toode\/yappyshield-vetthulgav-voodilina-kummiga-60x80\/"},"modified":"2025-01-09T10:49:26","modified_gmt":"2025-01-09T08:49:26","slug":"yappyshield-vetthulgav-voodilina-kummiga-60x80","status":"publish","type":"product","link":"https:\/\/beebipood.ee\/ru\/produkt\/yappyshield-vetthulgav-voodilina-kummiga-60x80\/","title":{"rendered":"YappyShield vetth\u00fclgav voodilina kummiga 60&#215;80"},"content":{"rendered":"<p>Hoolitsedes vanemate ja beebi mugavuse eest, <br \/>on YappyKids on v\u00e4ljat\u00f6\u00f6tanud erilise veekindla aluslina.<br \/>Te ei pea enam muretsema, <br \/>et aluslina m\u00e4rgumise korral tuleb vahetada ka voodis madrats.<br \/>YappyKids vetth\u00fclgav voodilina aluslina on 100% looduslikust puuvillast, <br \/>mis on looduslik ja beebi nahale meeldiv ning hingav materjal.<br \/>Lina servades olev kumm kinnitub suurep\u00e4raselt \u00fcmber madratsi,<br \/>hoolimata lapse liigutamisest, j\u00e4\u00e4b see oma kohale. <br \/>M\u00f5\u00f5dud: 80 x 60 cm<br \/>Hooldamine:<br \/>\u2714 Masinpestav 30\u00b0C juures<br \/>\u2714 Mitte valgendada<br \/>\u2714 Triikimine keskmisel kuumusel<br \/>\u2714 Kuivatamiseks panna rippuma<br \/>\u2714 Mitte keemiliselt puhastada<\/p>\n","protected":false},"excerpt":{"rendered":"<p>Hoolitsedes vanemate ja beebi mugavuse eest, on YappyKids on v\u00e4ljat\u00f6\u00f6tanud erilise veekindla aluslina.Te ei pea enam muretsema, et aluslina m\u00e4rgumise korral tuleb vahetada ka voodis madrats.YappyKids vetth\u00fclgav voodilina aluslina on 100% looduslikust puuvillast, mis on looduslik ja beebi nahale meeldiv ning hingav materjal.Lina servades olev kumm kinnitub suurep\u00e4raselt \u00fcmber madratsi,hoolimata lapse liigutamisest, j\u00e4\u00e4b see oma [&hellip;]<\/p>\n","protected":false},"featured_media":168515,"template":"","meta":{"_acf_changed":false},"pwb-brand":[11969],"product_brand":[],"product_cat":[11613,11763,11789],"product_tag":[],"class_list":{"0":"post-457877","1":"product","2":"type-product","3":"status-publish","4":"has-post-thumbnail","6":"pwb-brand-yappykids-ru","7":"product_cat-voodipesu-ru","8":"product_cat-tekid-padjad-lisad-ru","9":"product_cat-lastemoobel-ja-sisustus-ru","10":"pa_manufacturer-yappykids-ru","12":"first","13":"instock","14":"taxable","15":"shipping-taxable","16":"purchasable","17":"product-type-simple"},"exclude_global_add_ons":[],"addons":[],"acf":[],"yoast_head":"<!-- This site is optimized with the Yoast SEO plugin v27.1.1 - https:\/\/yoast.com\/product\/yoast-seo-wordpress\/ -->\n<title>YappyShield vetth\u00fclgav voodilina kummiga 60x80, \u041f\u043e\u0441\u0442\u0435\u043b\u044c\u043d\u043e\u0435 \u0431\u0435\u043b\u044c\u0435, \u041e\u0434\u0435\u044f\u043b\u0430, \u043f\u043e\u0434\u0443\u0448\u043a\u0438, \u0434\u043e\u043f\u043e\u043b\u043d\u0435\u043d\u0438\u044f, M\u0435\u0431\u0435\u043b\u044c, Beebipood<\/title>\n<meta name=\"description\" content=\"YappyShield vetth\u00fclgav voodilina kummiga 60x80, Hoolitsedes vanemate ja beebi mugavuse eest, on YappyKids on v&auml;ljat&ouml;&ouml;tanud erilise veek\" \/>\n<meta name=\"robots\" content=\"index, follow, max-snippet:-1, max-image-preview:large, max-video-preview:-1\" \/>\n<link rel=\"canonical\" href=\"https:\/\/beebipood.ee\/ru\/produkt\/yappyshield-vetthulgav-voodilina-kummiga-60x80\/\" \/>\n<meta property=\"og:locale\" content=\"ru_RU\" \/>\n<meta property=\"og:type\" content=\"article\" \/>\n<meta property=\"og:title\" content=\"YappyShield vetth\u00fclgav voodilina kummiga 60x80, \u041f\u043e\u0441\u0442\u0435\u043b\u044c\u043d\u043e\u0435 \u0431\u0435\u043b\u044c\u0435, \u041e\u0434\u0435\u044f\u043b\u0430, \u043f\u043e\u0434\u0443\u0448\u043a\u0438, \u0434\u043e\u043f\u043e\u043b\u043d\u0435\u043d\u0438\u044f, M\u0435\u0431\u0435\u043b\u044c, Beebipood\" \/>\n<meta property=\"og:description\" content=\"YappyShield vetth\u00fclgav voodilina kummiga 60x80, Hoolitsedes vanemate ja beebi mugavuse eest, on YappyKids on v&auml;ljat&ouml;&ouml;tanud erilise veek\" \/>\n<meta property=\"og:url\" content=\"https:\/\/beebipood.ee\/ru\/produkt\/yappyshield-vetthulgav-voodilina-kummiga-60x80\/\" \/>\n<meta property=\"og:site_name\" content=\"Beebipood\" \/>\n<meta property=\"article:modified_time\" content=\"2025-01-09T08:49:26+00:00\" \/>\n<meta property=\"og:image\" content=\"https:\/\/beebipood.ee\/wp-content\/uploads\/2017\/08\/YappyShield-vetthulgav-voodilina-kummiga-60x80-Voodipesu-Tekid-padjad-lisad-Lastemoobel-ja-sisustus_1-4df.jpg\" \/>\n\t<meta property=\"og:image:width\" content=\"800\" \/>\n\t<meta property=\"og:image:height\" content=\"800\" \/>\n\t<meta property=\"og:image:type\" content=\"image\/jpeg\" \/>\n<meta name=\"twitter:card\" content=\"summary_large_image\" \/>\n<script type=\"application\/ld+json\" class=\"yoast-schema-graph\">{\"@context\":\"https:\/\/schema.org\",\"@graph\":[{\"@type\":\"WebPage\",\"@id\":\"https:\/\/beebipood.ee\/ru\/produkt\/yappyshield-vetthulgav-voodilina-kummiga-60x80\/\",\"url\":\"https:\/\/beebipood.ee\/ru\/produkt\/yappyshield-vetthulgav-voodilina-kummiga-60x80\/\",\"name\":\"YappyShield vetth\u00fclgav voodilina kummiga 60x80, \u041f\u043e\u0441\u0442\u0435\u043b\u044c\u043d\u043e\u0435 \u0431\u0435\u043b\u044c\u0435, \u041e\u0434\u0435\u044f\u043b\u0430, \u043f\u043e\u0434\u0443\u0448\u043a\u0438, \u0434\u043e\u043f\u043e\u043b\u043d\u0435\u043d\u0438\u044f, M\u0435\u0431\u0435\u043b\u044c, Beebipood\",\"isPartOf\":{\"@id\":\"https:\/\/beebipood.ee\/ru\/#website\"},\"primaryImageOfPage\":{\"@id\":\"https:\/\/beebipood.ee\/ru\/produkt\/yappyshield-vetthulgav-voodilina-kummiga-60x80\/#primaryimage\"},\"image\":{\"@id\":\"https:\/\/beebipood.ee\/ru\/produkt\/yappyshield-vetthulgav-voodilina-kummiga-60x80\/#primaryimage\"},\"thumbnailUrl\":\"https:\/\/beebipood.ee\/wp-content\/uploads\/2017\/08\/YappyShield-vetthulgav-voodilina-kummiga-60x80-Voodipesu-Tekid-padjad-lisad-Lastemoobel-ja-sisustus_1-4df.jpg\",\"datePublished\":\"2017-08-02T05:23:40+00:00\",\"dateModified\":\"2025-01-09T08:49:26+00:00\",\"description\":\"YappyShield vetth\u00fclgav voodilina kummiga 60x80, Hoolitsedes vanemate ja beebi mugavuse eest, on YappyKids on v&auml;ljat&ouml;&ouml;tanud erilise veek\",\"breadcrumb\":{\"@id\":\"https:\/\/beebipood.ee\/ru\/produkt\/yappyshield-vetthulgav-voodilina-kummiga-60x80\/#breadcrumb\"},\"inLanguage\":\"ru-RU\",\"potentialAction\":[{\"@type\":\"ReadAction\",\"target\":[\"https:\/\/beebipood.ee\/ru\/produkt\/yappyshield-vetthulgav-voodilina-kummiga-60x80\/\"]}]},{\"@type\":\"ImageObject\",\"inLanguage\":\"ru-RU\",\"@id\":\"https:\/\/beebipood.ee\/ru\/produkt\/yappyshield-vetthulgav-voodilina-kummiga-60x80\/#primaryimage\",\"url\":\"https:\/\/beebipood.ee\/wp-content\/uploads\/2017\/08\/YappyShield-vetthulgav-voodilina-kummiga-60x80-Voodipesu-Tekid-padjad-lisad-Lastemoobel-ja-sisustus_1-4df.jpg\",\"contentUrl\":\"https:\/\/beebipood.ee\/wp-content\/uploads\/2017\/08\/YappyShield-vetthulgav-voodilina-kummiga-60x80-Voodipesu-Tekid-padjad-lisad-Lastemoobel-ja-sisustus_1-4df.jpg\",\"width\":800,\"height\":800},{\"@type\":\"BreadcrumbList\",\"@id\":\"https:\/\/beebipood.ee\/ru\/produkt\/yappyshield-vetthulgav-voodilina-kummiga-60x80\/#breadcrumb\",\"itemListElement\":[{\"@type\":\"ListItem\",\"position\":1,\"name\":\"Home\",\"item\":\"https:\/\/beebipood.ee\/ru\/\"},{\"@type\":\"ListItem\",\"position\":2,\"name\":\"\u041a\u0430\u0442\u0430\u043b\u043e\u0433 \u0442\u043e\u0432\u0430\u0440\u043e\u0432\",\"item\":\"https:\/\/beebipood.ee\/tooted\/\"},{\"@type\":\"ListItem\",\"position\":3,\"name\":\"YappyShield vetth\u00fclgav voodilina kummiga 60&#215;80\"}]},{\"@type\":\"WebSite\",\"@id\":\"https:\/\/beebipood.ee\/ru\/#website\",\"url\":\"https:\/\/beebipood.ee\/ru\/\",\"name\":\"Beebipood\",\"description\":\"Lastekaubad, beebikaubad, m\u00e4nguasjad\",\"publisher\":{\"@id\":\"https:\/\/beebipood.ee\/ru\/#organization\"},\"potentialAction\":[{\"@type\":\"SearchAction\",\"target\":{\"@type\":\"EntryPoint\",\"urlTemplate\":\"https:\/\/beebipood.ee\/ru\/?s={search_term_string}\"},\"query-input\":{\"@type\":\"PropertyValueSpecification\",\"valueRequired\":true,\"valueName\":\"search_term_string\"}}],\"inLanguage\":\"ru-RU\"},{\"@type\":\"Organization\",\"@id\":\"https:\/\/beebipood.ee\/ru\/#organization\",\"name\":\"Beebipood\",\"url\":\"https:\/\/beebipood.ee\/ru\/\",\"logo\":{\"@type\":\"ImageObject\",\"inLanguage\":\"ru-RU\",\"@id\":\"https:\/\/beebipood.ee\/ru\/#\/schema\/logo\/image\/\",\"url\":\"https:\/\/beebipood.ee\/wp-content\/uploads\/2025\/03\/beebipood.ee-logo-1.svg\",\"contentUrl\":\"https:\/\/beebipood.ee\/wp-content\/uploads\/2025\/03\/beebipood.ee-logo-1.svg\",\"caption\":\"Beebipood\"},\"image\":{\"@id\":\"https:\/\/beebipood.ee\/ru\/#\/schema\/logo\/image\/\"}}]}<\/script>\n<!-- \/ Yoast SEO plugin. -->","yoast_head_json":{"title":"YappyShield vetth\u00fclgav voodilina kummiga 60x80, \u041f\u043e\u0441\u0442\u0435\u043b\u044c\u043d\u043e\u0435 \u0431\u0435\u043b\u044c\u0435, \u041e\u0434\u0435\u044f\u043b\u0430, \u043f\u043e\u0434\u0443\u0448\u043a\u0438, \u0434\u043e\u043f\u043e\u043b\u043d\u0435\u043d\u0438\u044f, M\u0435\u0431\u0435\u043b\u044c, Beebipood","description":"YappyShield vetth\u00fclgav voodilina kummiga 60x80, Hoolitsedes vanemate ja beebi mugavuse eest, on YappyKids on v&auml;ljat&ouml;&ouml;tanud erilise veek","robots":{"index":"index","follow":"follow","max-snippet":"max-snippet:-1","max-image-preview":"max-image-preview:large","max-video-preview":"max-video-preview:-1"},"canonical":"https:\/\/beebipood.ee\/ru\/produkt\/yappyshield-vetthulgav-voodilina-kummiga-60x80\/","og_locale":"ru_RU","og_type":"article","og_title":"YappyShield vetth\u00fclgav voodilina kummiga 60x80, \u041f\u043e\u0441\u0442\u0435\u043b\u044c\u043d\u043e\u0435 \u0431\u0435\u043b\u044c\u0435, \u041e\u0434\u0435\u044f\u043b\u0430, \u043f\u043e\u0434\u0443\u0448\u043a\u0438, \u0434\u043e\u043f\u043e\u043b\u043d\u0435\u043d\u0438\u044f, M\u0435\u0431\u0435\u043b\u044c, Beebipood","og_description":"YappyShield vetth\u00fclgav voodilina kummiga 60x80, Hoolitsedes vanemate ja beebi mugavuse eest, on YappyKids on v&auml;ljat&ouml;&ouml;tanud erilise veek","og_url":"https:\/\/beebipood.ee\/ru\/produkt\/yappyshield-vetthulgav-voodilina-kummiga-60x80\/","og_site_name":"Beebipood","article_modified_time":"2025-01-09T08:49:26+00:00","og_image":[{"width":800,"height":800,"url":"https:\/\/beebipood.ee\/wp-content\/uploads\/2017\/08\/YappyShield-vetthulgav-voodilina-kummiga-60x80-Voodipesu-Tekid-padjad-lisad-Lastemoobel-ja-sisustus_1-4df.jpg","type":"image\/jpeg"}],"twitter_card":"summary_large_image","schema":{"@context":"https:\/\/schema.org","@graph":[{"@type":"WebPage","@id":"https:\/\/beebipood.ee\/ru\/produkt\/yappyshield-vetthulgav-voodilina-kummiga-60x80\/","url":"https:\/\/beebipood.ee\/ru\/produkt\/yappyshield-vetthulgav-voodilina-kummiga-60x80\/","name":"YappyShield vetth\u00fclgav voodilina kummiga 60x80, \u041f\u043e\u0441\u0442\u0435\u043b\u044c\u043d\u043e\u0435 \u0431\u0435\u043b\u044c\u0435, \u041e\u0434\u0435\u044f\u043b\u0430, \u043f\u043e\u0434\u0443\u0448\u043a\u0438, \u0434\u043e\u043f\u043e\u043b\u043d\u0435\u043d\u0438\u044f, M\u0435\u0431\u0435\u043b\u044c, Beebipood","isPartOf":{"@id":"https:\/\/beebipood.ee\/ru\/#website"},"primaryImageOfPage":{"@id":"https:\/\/beebipood.ee\/ru\/produkt\/yappyshield-vetthulgav-voodilina-kummiga-60x80\/#primaryimage"},"image":{"@id":"https:\/\/beebipood.ee\/ru\/produkt\/yappyshield-vetthulgav-voodilina-kummiga-60x80\/#primaryimage"},"thumbnailUrl":"https:\/\/beebipood.ee\/wp-content\/uploads\/2017\/08\/YappyShield-vetthulgav-voodilina-kummiga-60x80-Voodipesu-Tekid-padjad-lisad-Lastemoobel-ja-sisustus_1-4df.jpg","datePublished":"2017-08-02T05:23:40+00:00","dateModified":"2025-01-09T08:49:26+00:00","description":"YappyShield vetth\u00fclgav voodilina kummiga 60x80, Hoolitsedes vanemate ja beebi mugavuse eest, on YappyKids on v&auml;ljat&ouml;&ouml;tanud erilise veek","breadcrumb":{"@id":"https:\/\/beebipood.ee\/ru\/produkt\/yappyshield-vetthulgav-voodilina-kummiga-60x80\/#breadcrumb"},"inLanguage":"ru-RU","potentialAction":[{"@type":"ReadAction","target":["https:\/\/beebipood.ee\/ru\/produkt\/yappyshield-vetthulgav-voodilina-kummiga-60x80\/"]}]},{"@type":"ImageObject","inLanguage":"ru-RU","@id":"https:\/\/beebipood.ee\/ru\/produkt\/yappyshield-vetthulgav-voodilina-kummiga-60x80\/#primaryimage","url":"https:\/\/beebipood.ee\/wp-content\/uploads\/2017\/08\/YappyShield-vetthulgav-voodilina-kummiga-60x80-Voodipesu-Tekid-padjad-lisad-Lastemoobel-ja-sisustus_1-4df.jpg","contentUrl":"https:\/\/beebipood.ee\/wp-content\/uploads\/2017\/08\/YappyShield-vetthulgav-voodilina-kummiga-60x80-Voodipesu-Tekid-padjad-lisad-Lastemoobel-ja-sisustus_1-4df.jpg","width":800,"height":800},{"@type":"BreadcrumbList","@id":"https:\/\/beebipood.ee\/ru\/produkt\/yappyshield-vetthulgav-voodilina-kummiga-60x80\/#breadcrumb","itemListElement":[{"@type":"ListItem","position":1,"name":"Home","item":"https:\/\/beebipood.ee\/ru\/"},{"@type":"ListItem","position":2,"name":"\u041a\u0430\u0442\u0430\u043b\u043e\u0433 \u0442\u043e\u0432\u0430\u0440\u043e\u0432","item":"https:\/\/beebipood.ee\/tooted\/"},{"@type":"ListItem","position":3,"name":"YappyShield vetth\u00fclgav voodilina kummiga 60&#215;80"}]},{"@type":"WebSite","@id":"https:\/\/beebipood.ee\/ru\/#website","url":"https:\/\/beebipood.ee\/ru\/","name":"Beebipood","description":"Lastekaubad, beebikaubad, m\u00e4nguasjad","publisher":{"@id":"https:\/\/beebipood.ee\/ru\/#organization"},"potentialAction":[{"@type":"SearchAction","target":{"@type":"EntryPoint","urlTemplate":"https:\/\/beebipood.ee\/ru\/?s={search_term_string}"},"query-input":{"@type":"PropertyValueSpecification","valueRequired":true,"valueName":"search_term_string"}}],"inLanguage":"ru-RU"},{"@type":"Organization","@id":"https:\/\/beebipood.ee\/ru\/#organization","name":"Beebipood","url":"https:\/\/beebipood.ee\/ru\/","logo":{"@type":"ImageObject","inLanguage":"ru-RU","@id":"https:\/\/beebipood.ee\/ru\/#\/schema\/logo\/image\/","url":"https:\/\/beebipood.ee\/wp-content\/uploads\/2025\/03\/beebipood.ee-logo-1.svg","contentUrl":"https:\/\/beebipood.ee\/wp-content\/uploads\/2025\/03\/beebipood.ee-logo-1.svg","caption":"Beebipood"},"image":{"@id":"https:\/\/beebipood.ee\/ru\/#\/schema\/logo\/image\/"}}]}},"brands":[{"id":11969,"name":"YappyKids","slug":"yappykids-ru"}],"_links":{"self":[{"href":"https:\/\/beebipood.ee\/ru\/wp-json\/wp\/v2\/product\/457877","targetHints":{"allow":["GET"]}}],"collection":[{"href":"https:\/\/beebipood.ee\/ru\/wp-json\/wp\/v2\/product"}],"about":[{"href":"https:\/\/beebipood.ee\/ru\/wp-json\/wp\/v2\/types\/product"}],"wp:featuredmedia":[{"embeddable":true,"href":"https:\/\/beebipood.ee\/ru\/wp-json\/wp\/v2\/media\/168515"}],"wp:attachment":[{"href":"https:\/\/beebipood.ee\/ru\/wp-json\/wp\/v2\/media?parent=457877"}],"wp:term":[{"taxonomy":"pwb-brand","embeddable":true,"href":"https:\/\/beebipood.ee\/ru\/wp-json\/wp\/v2\/pwb-brand?post=457877"},{"taxonomy":"product_brand","embeddable":true,"href":"https:\/\/beebipood.ee\/ru\/wp-json\/wp\/v2\/product_brand?post=457877"},{"taxonomy":"product_cat","embeddable":true,"href":"https:\/\/beebipood.ee\/ru\/wp-json\/wp\/v2\/product_cat?post=457877"},{"taxonomy":"product_tag","embeddable":true,"href":"https:\/\/beebipood.ee\/ru\/wp-json\/wp\/v2\/product_tag?post=457877"}],"curies":[{"name":"wp","href":"https:\/\/api.w.org\/{rel}","templated":true}]}}