{"id":457887,"date":"2017-08-03T05:51:16","date_gmt":"2017-08-03T02:51:16","guid":{"rendered":"https:\/\/beebipood.ee\/toode\/autovoodi-bed-pink-70x140\/"},"modified":"2025-01-09T10:49:25","modified_gmt":"2025-01-09T08:49:25","slug":"autovoodi-bed-pink-70x140","status":"publish","type":"product","link":"https:\/\/beebipood.ee\/ru\/produkt\/autovoodi-bed-pink-70x140\/","title":{"rendered":"Autovoodi bed Pink 70&#215;140"},"content":{"rendered":"<ul>\n<li>lastevoodi on valmistatud k\u00f5rge kvaliteediga MDF\u2019st<\/li>\n<li>viimistluses on kasutatud \u00f6koloogiliselt puhtaid ja ohutuid v\u00e4rve<\/li>\n<li>voodi nurgad on \u00fcmardatud ja lapsele turvalised<\/li>\n<li>kvaliteetne ja vastupidav , lihtne kokku panna, kergesti puhastatav<\/li>\n<li>madratsi t\u00e4itematerjaliks on poroloon<\/li>\n<li>eemaldatav madratsi kate, 100% puuvill<\/li>\n<li>madratsi m\u00f5\u00f5dud on 70 x 140x 7 cm<\/li>\n<\/ul>\n","protected":false},"excerpt":{"rendered":"<p>lastevoodi on valmistatud k\u00f5rge kvaliteediga MDF\u2019st viimistluses on kasutatud \u00f6koloogiliselt puhtaid ja ohutuid v\u00e4rve voodi nurgad on \u00fcmardatud ja lapsele turvalised kvaliteetne ja vastupidav , lihtne kokku panna, kergesti puhastatav madratsi t\u00e4itematerjaliks on poroloon eemaldatav madratsi kate, 100% puuvill madratsi m\u00f5\u00f5dud on 70 x 140x 7 cm<\/p>\n","protected":false},"featured_media":119563,"template":"","meta":{"_acf_changed":false},"pwb-brand":[],"product_brand":[],"product_cat":[11589,11559,11789],"product_tag":[],"class_list":{"0":"post-457887","1":"product","2":"type-product","3":"status-publish","4":"has-post-thumbnail","6":"product_cat-80cm-laiused-ru","7":"product_cat-laste-ja-noortevoodid-ru","8":"product_cat-lastemoobel-ja-sisustus-ru","10":"first","11":"outofstock","12":"sale","13":"taxable","14":"shipping-taxable","15":"purchasable","16":"product-type-simple"},"exclude_global_add_ons":[],"addons":[],"acf":[],"yoast_head":"<!-- This site is optimized with the Yoast SEO plugin v27.1.1 - https:\/\/yoast.com\/product\/yoast-seo-wordpress\/ -->\n<title>Autovoodi bed Pink 70x140, \u041a\u0440\u043e\u0432\u0430\u0442\u0438 \u0434\u043b\u044f \u0434\u0435\u0442\u0435\u0439 \u0438 \u043f\u043e\u0434\u0440\u043e\u0441\u0442\u043a\u043e\u0432, \u0421\u041a\u0418\u0414\u041a\u0418, \u0428\u0438\u0440\u0438\u043d\u0430 80c\u043c, M\u0435\u0431\u0435\u043b\u044c, Beebipood<\/title>\n<meta name=\"description\" content=\"Autovoodi bed Pink 70x140, lastevoodi on valmistatud k&otilde;rge kvaliteediga MDF&rsquo;st viimistluses on kasutatud &ouml;koloogiliselt pu\" \/>\n<meta name=\"robots\" content=\"index, follow, max-snippet:-1, max-image-preview:large, max-video-preview:-1\" \/>\n<link rel=\"canonical\" href=\"https:\/\/beebipood.ee\/ru\/produkt\/autovoodi-bed-pink-70x140\/\" \/>\n<meta property=\"og:locale\" content=\"ru_RU\" \/>\n<meta property=\"og:type\" content=\"article\" \/>\n<meta property=\"og:title\" content=\"Autovoodi bed Pink 70x140, \u041a\u0440\u043e\u0432\u0430\u0442\u0438 \u0434\u043b\u044f \u0434\u0435\u0442\u0435\u0439 \u0438 \u043f\u043e\u0434\u0440\u043e\u0441\u0442\u043a\u043e\u0432, \u0421\u041a\u0418\u0414\u041a\u0418, \u0428\u0438\u0440\u0438\u043d\u0430 80c\u043c, M\u0435\u0431\u0435\u043b\u044c, Beebipood\" \/>\n<meta property=\"og:description\" content=\"Autovoodi bed Pink 70x140, lastevoodi on valmistatud k&otilde;rge kvaliteediga MDF&rsquo;st viimistluses on kasutatud &ouml;koloogiliselt pu\" \/>\n<meta property=\"og:url\" content=\"https:\/\/beebipood.ee\/ru\/produkt\/autovoodi-bed-pink-70x140\/\" \/>\n<meta property=\"og:site_name\" content=\"Beebipood\" \/>\n<meta property=\"article:modified_time\" content=\"2025-01-09T08:49:25+00:00\" \/>\n<meta property=\"og:image\" content=\"https:\/\/beebipood.ee\/wp-content\/uploads\/2017\/08\/Autovoodi-bed-Pink-80x160-Laste-ja-noortevoodid-SOODUSPAKKUMISED-UUED-TOOTED-80cm-laiused-Lastemoobel-ja-sisustus_2_1-364.jpg\" \/>\n\t<meta property=\"og:image:width\" content=\"1280\" \/>\n\t<meta property=\"og:image:height\" content=\"1063\" \/>\n\t<meta property=\"og:image:type\" content=\"image\/jpeg\" \/>\n<meta name=\"twitter:card\" content=\"summary_large_image\" \/>\n<script type=\"application\/ld+json\" class=\"yoast-schema-graph\">{\"@context\":\"https:\/\/schema.org\",\"@graph\":[{\"@type\":\"WebPage\",\"@id\":\"https:\/\/beebipood.ee\/ru\/produkt\/autovoodi-bed-pink-70x140\/\",\"url\":\"https:\/\/beebipood.ee\/ru\/produkt\/autovoodi-bed-pink-70x140\/\",\"name\":\"Autovoodi bed Pink 70x140, \u041a\u0440\u043e\u0432\u0430\u0442\u0438 \u0434\u043b\u044f \u0434\u0435\u0442\u0435\u0439 \u0438 \u043f\u043e\u0434\u0440\u043e\u0441\u0442\u043a\u043e\u0432, \u0421\u041a\u0418\u0414\u041a\u0418, \u0428\u0438\u0440\u0438\u043d\u0430 80c\u043c, M\u0435\u0431\u0435\u043b\u044c, Beebipood\",\"isPartOf\":{\"@id\":\"https:\/\/beebipood.ee\/ru\/#website\"},\"primaryImageOfPage\":{\"@id\":\"https:\/\/beebipood.ee\/ru\/produkt\/autovoodi-bed-pink-70x140\/#primaryimage\"},\"image\":{\"@id\":\"https:\/\/beebipood.ee\/ru\/produkt\/autovoodi-bed-pink-70x140\/#primaryimage\"},\"thumbnailUrl\":\"https:\/\/beebipood.ee\/wp-content\/uploads\/2017\/08\/Autovoodi-bed-Pink-80x160-Laste-ja-noortevoodid-SOODUSPAKKUMISED-UUED-TOOTED-80cm-laiused-Lastemoobel-ja-sisustus_2_1-364.jpg\",\"datePublished\":\"2017-08-03T02:51:16+00:00\",\"dateModified\":\"2025-01-09T08:49:25+00:00\",\"description\":\"Autovoodi bed Pink 70x140, lastevoodi on valmistatud k&otilde;rge kvaliteediga MDF&rsquo;st viimistluses on kasutatud &ouml;koloogiliselt pu\",\"breadcrumb\":{\"@id\":\"https:\/\/beebipood.ee\/ru\/produkt\/autovoodi-bed-pink-70x140\/#breadcrumb\"},\"inLanguage\":\"ru-RU\",\"potentialAction\":[{\"@type\":\"ReadAction\",\"target\":[\"https:\/\/beebipood.ee\/ru\/produkt\/autovoodi-bed-pink-70x140\/\"]}]},{\"@type\":\"ImageObject\",\"inLanguage\":\"ru-RU\",\"@id\":\"https:\/\/beebipood.ee\/ru\/produkt\/autovoodi-bed-pink-70x140\/#primaryimage\",\"url\":\"https:\/\/beebipood.ee\/wp-content\/uploads\/2017\/08\/Autovoodi-bed-Pink-80x160-Laste-ja-noortevoodid-SOODUSPAKKUMISED-UUED-TOOTED-80cm-laiused-Lastemoobel-ja-sisustus_2_1-364.jpg\",\"contentUrl\":\"https:\/\/beebipood.ee\/wp-content\/uploads\/2017\/08\/Autovoodi-bed-Pink-80x160-Laste-ja-noortevoodid-SOODUSPAKKUMISED-UUED-TOOTED-80cm-laiused-Lastemoobel-ja-sisustus_2_1-364.jpg\",\"width\":1280,\"height\":1063},{\"@type\":\"BreadcrumbList\",\"@id\":\"https:\/\/beebipood.ee\/ru\/produkt\/autovoodi-bed-pink-70x140\/#breadcrumb\",\"itemListElement\":[{\"@type\":\"ListItem\",\"position\":1,\"name\":\"Home\",\"item\":\"https:\/\/beebipood.ee\/ru\/\"},{\"@type\":\"ListItem\",\"position\":2,\"name\":\"\u041a\u0430\u0442\u0430\u043b\u043e\u0433 \u0442\u043e\u0432\u0430\u0440\u043e\u0432\",\"item\":\"https:\/\/beebipood.ee\/tooted\/\"},{\"@type\":\"ListItem\",\"position\":3,\"name\":\"Autovoodi bed Pink 70&#215;140\"}]},{\"@type\":\"WebSite\",\"@id\":\"https:\/\/beebipood.ee\/ru\/#website\",\"url\":\"https:\/\/beebipood.ee\/ru\/\",\"name\":\"Beebipood\",\"description\":\"Lastekaubad, beebikaubad, m\u00e4nguasjad\",\"publisher\":{\"@id\":\"https:\/\/beebipood.ee\/ru\/#organization\"},\"potentialAction\":[{\"@type\":\"SearchAction\",\"target\":{\"@type\":\"EntryPoint\",\"urlTemplate\":\"https:\/\/beebipood.ee\/ru\/?s={search_term_string}\"},\"query-input\":{\"@type\":\"PropertyValueSpecification\",\"valueRequired\":true,\"valueName\":\"search_term_string\"}}],\"inLanguage\":\"ru-RU\"},{\"@type\":\"Organization\",\"@id\":\"https:\/\/beebipood.ee\/ru\/#organization\",\"name\":\"Beebipood\",\"url\":\"https:\/\/beebipood.ee\/ru\/\",\"logo\":{\"@type\":\"ImageObject\",\"inLanguage\":\"ru-RU\",\"@id\":\"https:\/\/beebipood.ee\/ru\/#\/schema\/logo\/image\/\",\"url\":\"https:\/\/beebipood.ee\/wp-content\/uploads\/2025\/03\/beebipood.ee-logo-1.svg\",\"contentUrl\":\"https:\/\/beebipood.ee\/wp-content\/uploads\/2025\/03\/beebipood.ee-logo-1.svg\",\"caption\":\"Beebipood\"},\"image\":{\"@id\":\"https:\/\/beebipood.ee\/ru\/#\/schema\/logo\/image\/\"}}]}<\/script>\n<!-- \/ Yoast SEO plugin. -->","yoast_head_json":{"title":"Autovoodi bed Pink 70x140, \u041a\u0440\u043e\u0432\u0430\u0442\u0438 \u0434\u043b\u044f \u0434\u0435\u0442\u0435\u0439 \u0438 \u043f\u043e\u0434\u0440\u043e\u0441\u0442\u043a\u043e\u0432, \u0421\u041a\u0418\u0414\u041a\u0418, \u0428\u0438\u0440\u0438\u043d\u0430 80c\u043c, M\u0435\u0431\u0435\u043b\u044c, Beebipood","description":"Autovoodi bed Pink 70x140, lastevoodi on valmistatud k&otilde;rge kvaliteediga MDF&rsquo;st viimistluses on kasutatud &ouml;koloogiliselt pu","robots":{"index":"index","follow":"follow","max-snippet":"max-snippet:-1","max-image-preview":"max-image-preview:large","max-video-preview":"max-video-preview:-1"},"canonical":"https:\/\/beebipood.ee\/ru\/produkt\/autovoodi-bed-pink-70x140\/","og_locale":"ru_RU","og_type":"article","og_title":"Autovoodi bed Pink 70x140, \u041a\u0440\u043e\u0432\u0430\u0442\u0438 \u0434\u043b\u044f \u0434\u0435\u0442\u0435\u0439 \u0438 \u043f\u043e\u0434\u0440\u043e\u0441\u0442\u043a\u043e\u0432, \u0421\u041a\u0418\u0414\u041a\u0418, \u0428\u0438\u0440\u0438\u043d\u0430 80c\u043c, M\u0435\u0431\u0435\u043b\u044c, Beebipood","og_description":"Autovoodi bed Pink 70x140, lastevoodi on valmistatud k&otilde;rge kvaliteediga MDF&rsquo;st viimistluses on kasutatud &ouml;koloogiliselt pu","og_url":"https:\/\/beebipood.ee\/ru\/produkt\/autovoodi-bed-pink-70x140\/","og_site_name":"Beebipood","article_modified_time":"2025-01-09T08:49:25+00:00","og_image":[{"width":1280,"height":1063,"url":"https:\/\/beebipood.ee\/wp-content\/uploads\/2017\/08\/Autovoodi-bed-Pink-80x160-Laste-ja-noortevoodid-SOODUSPAKKUMISED-UUED-TOOTED-80cm-laiused-Lastemoobel-ja-sisustus_2_1-364.jpg","type":"image\/jpeg"}],"twitter_card":"summary_large_image","schema":{"@context":"https:\/\/schema.org","@graph":[{"@type":"WebPage","@id":"https:\/\/beebipood.ee\/ru\/produkt\/autovoodi-bed-pink-70x140\/","url":"https:\/\/beebipood.ee\/ru\/produkt\/autovoodi-bed-pink-70x140\/","name":"Autovoodi bed Pink 70x140, \u041a\u0440\u043e\u0432\u0430\u0442\u0438 \u0434\u043b\u044f \u0434\u0435\u0442\u0435\u0439 \u0438 \u043f\u043e\u0434\u0440\u043e\u0441\u0442\u043a\u043e\u0432, \u0421\u041a\u0418\u0414\u041a\u0418, \u0428\u0438\u0440\u0438\u043d\u0430 80c\u043c, M\u0435\u0431\u0435\u043b\u044c, Beebipood","isPartOf":{"@id":"https:\/\/beebipood.ee\/ru\/#website"},"primaryImageOfPage":{"@id":"https:\/\/beebipood.ee\/ru\/produkt\/autovoodi-bed-pink-70x140\/#primaryimage"},"image":{"@id":"https:\/\/beebipood.ee\/ru\/produkt\/autovoodi-bed-pink-70x140\/#primaryimage"},"thumbnailUrl":"https:\/\/beebipood.ee\/wp-content\/uploads\/2017\/08\/Autovoodi-bed-Pink-80x160-Laste-ja-noortevoodid-SOODUSPAKKUMISED-UUED-TOOTED-80cm-laiused-Lastemoobel-ja-sisustus_2_1-364.jpg","datePublished":"2017-08-03T02:51:16+00:00","dateModified":"2025-01-09T08:49:25+00:00","description":"Autovoodi bed Pink 70x140, lastevoodi on valmistatud k&otilde;rge kvaliteediga MDF&rsquo;st viimistluses on kasutatud &ouml;koloogiliselt pu","breadcrumb":{"@id":"https:\/\/beebipood.ee\/ru\/produkt\/autovoodi-bed-pink-70x140\/#breadcrumb"},"inLanguage":"ru-RU","potentialAction":[{"@type":"ReadAction","target":["https:\/\/beebipood.ee\/ru\/produkt\/autovoodi-bed-pink-70x140\/"]}]},{"@type":"ImageObject","inLanguage":"ru-RU","@id":"https:\/\/beebipood.ee\/ru\/produkt\/autovoodi-bed-pink-70x140\/#primaryimage","url":"https:\/\/beebipood.ee\/wp-content\/uploads\/2017\/08\/Autovoodi-bed-Pink-80x160-Laste-ja-noortevoodid-SOODUSPAKKUMISED-UUED-TOOTED-80cm-laiused-Lastemoobel-ja-sisustus_2_1-364.jpg","contentUrl":"https:\/\/beebipood.ee\/wp-content\/uploads\/2017\/08\/Autovoodi-bed-Pink-80x160-Laste-ja-noortevoodid-SOODUSPAKKUMISED-UUED-TOOTED-80cm-laiused-Lastemoobel-ja-sisustus_2_1-364.jpg","width":1280,"height":1063},{"@type":"BreadcrumbList","@id":"https:\/\/beebipood.ee\/ru\/produkt\/autovoodi-bed-pink-70x140\/#breadcrumb","itemListElement":[{"@type":"ListItem","position":1,"name":"Home","item":"https:\/\/beebipood.ee\/ru\/"},{"@type":"ListItem","position":2,"name":"\u041a\u0430\u0442\u0430\u043b\u043e\u0433 \u0442\u043e\u0432\u0430\u0440\u043e\u0432","item":"https:\/\/beebipood.ee\/tooted\/"},{"@type":"ListItem","position":3,"name":"Autovoodi bed Pink 70&#215;140"}]},{"@type":"WebSite","@id":"https:\/\/beebipood.ee\/ru\/#website","url":"https:\/\/beebipood.ee\/ru\/","name":"Beebipood","description":"Lastekaubad, beebikaubad, m\u00e4nguasjad","publisher":{"@id":"https:\/\/beebipood.ee\/ru\/#organization"},"potentialAction":[{"@type":"SearchAction","target":{"@type":"EntryPoint","urlTemplate":"https:\/\/beebipood.ee\/ru\/?s={search_term_string}"},"query-input":{"@type":"PropertyValueSpecification","valueRequired":true,"valueName":"search_term_string"}}],"inLanguage":"ru-RU"},{"@type":"Organization","@id":"https:\/\/beebipood.ee\/ru\/#organization","name":"Beebipood","url":"https:\/\/beebipood.ee\/ru\/","logo":{"@type":"ImageObject","inLanguage":"ru-RU","@id":"https:\/\/beebipood.ee\/ru\/#\/schema\/logo\/image\/","url":"https:\/\/beebipood.ee\/wp-content\/uploads\/2025\/03\/beebipood.ee-logo-1.svg","contentUrl":"https:\/\/beebipood.ee\/wp-content\/uploads\/2025\/03\/beebipood.ee-logo-1.svg","caption":"Beebipood"},"image":{"@id":"https:\/\/beebipood.ee\/ru\/#\/schema\/logo\/image\/"}}]}},"brands":[],"_links":{"self":[{"href":"https:\/\/beebipood.ee\/ru\/wp-json\/wp\/v2\/product\/457887","targetHints":{"allow":["GET"]}}],"collection":[{"href":"https:\/\/beebipood.ee\/ru\/wp-json\/wp\/v2\/product"}],"about":[{"href":"https:\/\/beebipood.ee\/ru\/wp-json\/wp\/v2\/types\/product"}],"wp:featuredmedia":[{"embeddable":true,"href":"https:\/\/beebipood.ee\/ru\/wp-json\/wp\/v2\/media\/119563"}],"wp:attachment":[{"href":"https:\/\/beebipood.ee\/ru\/wp-json\/wp\/v2\/media?parent=457887"}],"wp:term":[{"taxonomy":"pwb-brand","embeddable":true,"href":"https:\/\/beebipood.ee\/ru\/wp-json\/wp\/v2\/pwb-brand?post=457887"},{"taxonomy":"product_brand","embeddable":true,"href":"https:\/\/beebipood.ee\/ru\/wp-json\/wp\/v2\/product_brand?post=457887"},{"taxonomy":"product_cat","embeddable":true,"href":"https:\/\/beebipood.ee\/ru\/wp-json\/wp\/v2\/product_cat?post=457887"},{"taxonomy":"product_tag","embeddable":true,"href":"https:\/\/beebipood.ee\/ru\/wp-json\/wp\/v2\/product_tag?post=457887"}],"curies":[{"name":"wp","href":"https:\/\/api.w.org\/{rel}","templated":true}]}}