{"id":457901,"date":"2017-08-16T06:00:59","date_gmt":"2017-08-16T03:00:59","guid":{"rendered":"https:\/\/beebipood.ee\/toode\/lastevoodi-carino-voodikastiga-90x200-valge\/"},"modified":"2025-01-09T10:49:25","modified_gmt":"2025-01-09T08:49:25","slug":"lastevoodi-carino-voodikastiga-90x200-valge","status":"publish","type":"product","link":"https:\/\/beebipood.ee\/ru\/produkt\/lastevoodi-carino-voodikastiga-90x200-valge\/","title":{"rendered":"Lastevoodi Carino voodikastiga 90&#215;200, valge"},"content":{"rendered":"<p><span>* kvaliteetsest sertifitseeritud FSC\u00a0m\u00e4nnipuidust\u00a0valmistatud lastevoodi<br \/><\/span>*\u00a0<span>k\u00f5ik servad on \u00fcmardatud<\/span><br \/><span>* t\u00f6\u00f6deldud peitsi ja lakiga<br \/>* viimistlemisel on kasutatud lastele ohutuid peitse ja lakke, mis vastavad n\u00f5uetele EN 71\/3<br \/><\/span>* k\u00f5ik\u00a0voodi detailid on\u00a0viimistletud kolm korda<br \/><span>* voodikast liigub ratastel<br \/><\/span>*\u00a0<span>voodikasti k\u00fcljed on valmistatud m\u00f6\u00f6bliplaadist<\/span><span>\u00a0<br \/><span>* voodit saab muuta kas vasakpoolseks v\u00f5i parempoolseks<\/span><br \/><span>*\u00a0<\/span><strong>Komplekti kuulub<\/strong><span>: voodi, voodip\u00f5hi, voodikast ja\u00a0turvapiirded<\/span><br \/><span>* poroloonmadratsi m\u00f5\u00f5dus 90&#215;200 cm saab valida juurde<\/span><br \/><span>* madratsi\u00a0\u00fcmbris on \u00e4rav\u00f5etav ja pestav<br \/>* voodi kandev\u00f5ime 100kg<br \/>* Sertifitseeritud voodi \u2013 kvaliteet ja ohutus vastavalt T\u00dcV standarditele.<br \/><\/span><\/span><\/p>\n","protected":false},"excerpt":{"rendered":"<p>* kvaliteetsest sertifitseeritud FSC\u00a0m\u00e4nnipuidust\u00a0valmistatud lastevoodi*\u00a0k\u00f5ik servad on \u00fcmardatud* t\u00f6\u00f6deldud peitsi ja lakiga* viimistlemisel on kasutatud lastele ohutuid peitse ja lakke, mis vastavad n\u00f5uetele EN 71\/3* k\u00f5ik\u00a0voodi detailid on\u00a0viimistletud kolm korda* voodikast liigub ratastel*\u00a0voodikasti k\u00fcljed on valmistatud m\u00f6\u00f6bliplaadist\u00a0* voodit saab muuta kas vasakpoolseks v\u00f5i parempoolseks*\u00a0Komplekti kuulub: voodi, voodip\u00f5hi, voodikast ja\u00a0turvapiirded* poroloonmadratsi m\u00f5\u00f5dus 90&#215;200 cm saab valida [&hellip;]<\/p>\n","protected":false},"featured_media":119667,"template":"","meta":{"_acf_changed":false},"pwb-brand":[],"product_brand":[],"product_cat":[2313],"product_tag":[],"class_list":{"0":"post-457901","1":"product","2":"type-product","3":"status-publish","4":"has-post-thumbnail","6":"product_cat-maaramata","8":"first","9":"onbackorder","10":"taxable","11":"shipping-taxable","12":"purchasable","13":"product-type-simple"},"exclude_global_add_ons":false,"addons":[{"name":"Vali madrats","type":"multiple_choice","position":1,"required":true,"title_format":"heading","default":"","description_enable":false,"description":"","placeholder_enable":false,"placeholder":"","display":"select","restrictions_type":"any_text","adjust_price":false,"price":"","price_type":"flat_fee","restrictions":false,"min":"0","max":"0","options":[{"label":"Ei soovi madratsit","price":"","price_type":"quantity_based","image":0,"visibility":true},{"label":"Soovin madratsit","price":"20.0000","price_type":"quantity_based","image":0,"visibility":true}]},{"name":"Vali v\u00e4rv","type":"multiple_choice","position":2,"required":true,"title_format":"heading","default":"","description_enable":false,"description":"","placeholder_enable":false,"placeholder":"","display":"images","restrictions_type":"any_text","adjust_price":false,"price":"","price_type":"flat_fee","restrictions":false,"min":"0","max":"0","options":[{"label":"valge","price":"","price_type":"quantity_based","image":502169,"visibility":true},{"label":"grafiit","price":"","price_type":"quantity_based","image":502171,"visibility":true},{"label":"roheline","price":"","price_type":"quantity_based","image":502173,"visibility":true},{"label":"sinine","price":"","price_type":"quantity_based","image":502175,"visibility":true},{"label":"roosa","price":"","price_type":"quantity_based","image":502177,"visibility":true}]}],"acf":[],"yoast_head":"<!-- This site is optimized with the Yoast SEO plugin v27.3 - https:\/\/yoast.com\/product\/yoast-seo-wordpress\/ -->\n<title>Lastevoodi Carino voodikastiga 90x200, valge, \u041a\u0440\u043e\u0432\u0430\u0442\u0438 \u0434\u043b\u044f \u0434\u0435\u0442\u0435\u0439 \u0438 \u043f\u043e\u0434\u0440\u043e\u0441\u0442\u043a\u043e\u0432, \u0428\u0438\u0440\u0438\u043d\u0430 80c\u043c, M\u0435\u0431\u0435\u043b\u044c, Beebipood<\/title>\n<meta name=\"description\" content=\"Lastevoodi Carino voodikastiga 90x200, valge, * kvaliteetsest sertifitseeritud FSC&nbsp;m&auml;nnipuidust&nbsp;valmistatud lastevoodi*&amp;nbs\" \/>\n<meta name=\"robots\" content=\"index, follow, max-snippet:-1, max-image-preview:large, max-video-preview:-1\" \/>\n<link rel=\"canonical\" href=\"https:\/\/beebipood.ee\/ru\/produkt\/lastevoodi-carino-voodikastiga-90x200-valge\/\" \/>\n<meta property=\"og:locale\" content=\"ru_RU\" \/>\n<meta property=\"og:type\" content=\"article\" \/>\n<meta property=\"og:title\" content=\"Lastevoodi Carino voodikastiga 90x200, valge, \u041a\u0440\u043e\u0432\u0430\u0442\u0438 \u0434\u043b\u044f \u0434\u0435\u0442\u0435\u0439 \u0438 \u043f\u043e\u0434\u0440\u043e\u0441\u0442\u043a\u043e\u0432, \u0428\u0438\u0440\u0438\u043d\u0430 80c\u043c, M\u0435\u0431\u0435\u043b\u044c, Beebipood\" \/>\n<meta property=\"og:description\" content=\"Lastevoodi Carino voodikastiga 90x200, valge, * kvaliteetsest sertifitseeritud FSC&nbsp;m&auml;nnipuidust&nbsp;valmistatud lastevoodi*&amp;nbs\" \/>\n<meta property=\"og:url\" content=\"https:\/\/beebipood.ee\/ru\/produkt\/lastevoodi-carino-voodikastiga-90x200-valge\/\" \/>\n<meta property=\"og:site_name\" content=\"Beebipood\" \/>\n<meta property=\"article:modified_time\" content=\"2025-01-09T08:49:25+00:00\" \/>\n<meta property=\"og:image\" content=\"https:\/\/beebipood.ee\/wp-content\/uploads\/2017\/08\/Lastevoodi-Carino-voodikastiga-80x190-valge-Laste-ja-noortevoodid-80cm-laiused-Lastemoobel-ja-sisustus_6-59c.jpg\" \/>\n\t<meta property=\"og:image:width\" content=\"1200\" \/>\n\t<meta property=\"og:image:height\" content=\"799\" \/>\n\t<meta property=\"og:image:type\" content=\"image\/jpeg\" \/>\n<meta name=\"twitter:card\" content=\"summary_large_image\" \/>\n<script type=\"application\/ld+json\" class=\"yoast-schema-graph\">{\"@context\":\"https:\\\/\\\/schema.org\",\"@graph\":[{\"@type\":\"WebPage\",\"@id\":\"https:\\\/\\\/beebipood.ee\\\/ru\\\/produkt\\\/lastevoodi-carino-voodikastiga-90x200-valge\\\/\",\"url\":\"https:\\\/\\\/beebipood.ee\\\/ru\\\/produkt\\\/lastevoodi-carino-voodikastiga-90x200-valge\\\/\",\"name\":\"Lastevoodi Carino voodikastiga 90x200, valge, \u041a\u0440\u043e\u0432\u0430\u0442\u0438 \u0434\u043b\u044f \u0434\u0435\u0442\u0435\u0439 \u0438 \u043f\u043e\u0434\u0440\u043e\u0441\u0442\u043a\u043e\u0432, \u0428\u0438\u0440\u0438\u043d\u0430 80c\u043c, M\u0435\u0431\u0435\u043b\u044c, Beebipood\",\"isPartOf\":{\"@id\":\"https:\\\/\\\/beebipood.ee\\\/ru\\\/#website\"},\"primaryImageOfPage\":{\"@id\":\"https:\\\/\\\/beebipood.ee\\\/ru\\\/produkt\\\/lastevoodi-carino-voodikastiga-90x200-valge\\\/#primaryimage\"},\"image\":{\"@id\":\"https:\\\/\\\/beebipood.ee\\\/ru\\\/produkt\\\/lastevoodi-carino-voodikastiga-90x200-valge\\\/#primaryimage\"},\"thumbnailUrl\":\"https:\\\/\\\/beebipood.ee\\\/wp-content\\\/uploads\\\/2017\\\/08\\\/Lastevoodi-Carino-voodikastiga-80x190-valge-Laste-ja-noortevoodid-80cm-laiused-Lastemoobel-ja-sisustus_6-59c.jpg\",\"datePublished\":\"2017-08-16T03:00:59+00:00\",\"dateModified\":\"2025-01-09T08:49:25+00:00\",\"description\":\"Lastevoodi Carino voodikastiga 90x200, valge, * kvaliteetsest sertifitseeritud FSC&nbsp;m&auml;nnipuidust&nbsp;valmistatud lastevoodi*&nbs\",\"breadcrumb\":{\"@id\":\"https:\\\/\\\/beebipood.ee\\\/ru\\\/produkt\\\/lastevoodi-carino-voodikastiga-90x200-valge\\\/#breadcrumb\"},\"inLanguage\":\"ru-RU\",\"potentialAction\":[{\"@type\":\"ReadAction\",\"target\":[\"https:\\\/\\\/beebipood.ee\\\/ru\\\/produkt\\\/lastevoodi-carino-voodikastiga-90x200-valge\\\/\"]}]},{\"@type\":\"ImageObject\",\"inLanguage\":\"ru-RU\",\"@id\":\"https:\\\/\\\/beebipood.ee\\\/ru\\\/produkt\\\/lastevoodi-carino-voodikastiga-90x200-valge\\\/#primaryimage\",\"url\":\"https:\\\/\\\/beebipood.ee\\\/wp-content\\\/uploads\\\/2017\\\/08\\\/Lastevoodi-Carino-voodikastiga-80x190-valge-Laste-ja-noortevoodid-80cm-laiused-Lastemoobel-ja-sisustus_6-59c.jpg\",\"contentUrl\":\"https:\\\/\\\/beebipood.ee\\\/wp-content\\\/uploads\\\/2017\\\/08\\\/Lastevoodi-Carino-voodikastiga-80x190-valge-Laste-ja-noortevoodid-80cm-laiused-Lastemoobel-ja-sisustus_6-59c.jpg\",\"width\":1200,\"height\":799},{\"@type\":\"BreadcrumbList\",\"@id\":\"https:\\\/\\\/beebipood.ee\\\/ru\\\/produkt\\\/lastevoodi-carino-voodikastiga-90x200-valge\\\/#breadcrumb\",\"itemListElement\":[{\"@type\":\"ListItem\",\"position\":1,\"name\":\"Home\",\"item\":\"https:\\\/\\\/beebipood.ee\\\/ru\\\/\"},{\"@type\":\"ListItem\",\"position\":2,\"name\":\"\u041a\u0430\u0442\u0430\u043b\u043e\u0433 \u0442\u043e\u0432\u0430\u0440\u043e\u0432\",\"item\":\"https:\\\/\\\/beebipood.ee\\\/tooted\\\/\"},{\"@type\":\"ListItem\",\"position\":3,\"name\":\"Lastevoodi Carino voodikastiga 90&#215;200, valge\"}]},{\"@type\":\"WebSite\",\"@id\":\"https:\\\/\\\/beebipood.ee\\\/ru\\\/#website\",\"url\":\"https:\\\/\\\/beebipood.ee\\\/ru\\\/\",\"name\":\"Beebipood\",\"description\":\"Lastekaubad, beebikaubad, m\u00e4nguasjad\",\"publisher\":{\"@id\":\"https:\\\/\\\/beebipood.ee\\\/ru\\\/#organization\"},\"potentialAction\":[{\"@type\":\"SearchAction\",\"target\":{\"@type\":\"EntryPoint\",\"urlTemplate\":\"https:\\\/\\\/beebipood.ee\\\/ru\\\/?s={search_term_string}\"},\"query-input\":{\"@type\":\"PropertyValueSpecification\",\"valueRequired\":true,\"valueName\":\"search_term_string\"}}],\"inLanguage\":\"ru-RU\"},{\"@type\":\"Organization\",\"@id\":\"https:\\\/\\\/beebipood.ee\\\/ru\\\/#organization\",\"name\":\"Beebipood\",\"url\":\"https:\\\/\\\/beebipood.ee\\\/ru\\\/\",\"logo\":{\"@type\":\"ImageObject\",\"inLanguage\":\"ru-RU\",\"@id\":\"https:\\\/\\\/beebipood.ee\\\/ru\\\/#\\\/schema\\\/logo\\\/image\\\/\",\"url\":\"https:\\\/\\\/beebipood.ee\\\/wp-content\\\/uploads\\\/2025\\\/03\\\/beebipood.ee-logo-1.svg\",\"contentUrl\":\"https:\\\/\\\/beebipood.ee\\\/wp-content\\\/uploads\\\/2025\\\/03\\\/beebipood.ee-logo-1.svg\",\"caption\":\"Beebipood\"},\"image\":{\"@id\":\"https:\\\/\\\/beebipood.ee\\\/ru\\\/#\\\/schema\\\/logo\\\/image\\\/\"}}]}<\/script>\n<!-- \/ Yoast SEO plugin. -->","yoast_head_json":{"title":"Lastevoodi Carino voodikastiga 90x200, valge, \u041a\u0440\u043e\u0432\u0430\u0442\u0438 \u0434\u043b\u044f \u0434\u0435\u0442\u0435\u0439 \u0438 \u043f\u043e\u0434\u0440\u043e\u0441\u0442\u043a\u043e\u0432, \u0428\u0438\u0440\u0438\u043d\u0430 80c\u043c, M\u0435\u0431\u0435\u043b\u044c, Beebipood","description":"Lastevoodi Carino voodikastiga 90x200, valge, * kvaliteetsest sertifitseeritud FSC&nbsp;m&auml;nnipuidust&nbsp;valmistatud lastevoodi*&nbs","robots":{"index":"index","follow":"follow","max-snippet":"max-snippet:-1","max-image-preview":"max-image-preview:large","max-video-preview":"max-video-preview:-1"},"canonical":"https:\/\/beebipood.ee\/ru\/produkt\/lastevoodi-carino-voodikastiga-90x200-valge\/","og_locale":"ru_RU","og_type":"article","og_title":"Lastevoodi Carino voodikastiga 90x200, valge, \u041a\u0440\u043e\u0432\u0430\u0442\u0438 \u0434\u043b\u044f \u0434\u0435\u0442\u0435\u0439 \u0438 \u043f\u043e\u0434\u0440\u043e\u0441\u0442\u043a\u043e\u0432, \u0428\u0438\u0440\u0438\u043d\u0430 80c\u043c, M\u0435\u0431\u0435\u043b\u044c, Beebipood","og_description":"Lastevoodi Carino voodikastiga 90x200, valge, * kvaliteetsest sertifitseeritud FSC&nbsp;m&auml;nnipuidust&nbsp;valmistatud lastevoodi*&nbs","og_url":"https:\/\/beebipood.ee\/ru\/produkt\/lastevoodi-carino-voodikastiga-90x200-valge\/","og_site_name":"Beebipood","article_modified_time":"2025-01-09T08:49:25+00:00","og_image":[{"width":1200,"height":799,"url":"https:\/\/beebipood.ee\/wp-content\/uploads\/2017\/08\/Lastevoodi-Carino-voodikastiga-80x190-valge-Laste-ja-noortevoodid-80cm-laiused-Lastemoobel-ja-sisustus_6-59c.jpg","type":"image\/jpeg"}],"twitter_card":"summary_large_image","schema":{"@context":"https:\/\/schema.org","@graph":[{"@type":"WebPage","@id":"https:\/\/beebipood.ee\/ru\/produkt\/lastevoodi-carino-voodikastiga-90x200-valge\/","url":"https:\/\/beebipood.ee\/ru\/produkt\/lastevoodi-carino-voodikastiga-90x200-valge\/","name":"Lastevoodi Carino voodikastiga 90x200, valge, \u041a\u0440\u043e\u0432\u0430\u0442\u0438 \u0434\u043b\u044f \u0434\u0435\u0442\u0435\u0439 \u0438 \u043f\u043e\u0434\u0440\u043e\u0441\u0442\u043a\u043e\u0432, \u0428\u0438\u0440\u0438\u043d\u0430 80c\u043c, M\u0435\u0431\u0435\u043b\u044c, Beebipood","isPartOf":{"@id":"https:\/\/beebipood.ee\/ru\/#website"},"primaryImageOfPage":{"@id":"https:\/\/beebipood.ee\/ru\/produkt\/lastevoodi-carino-voodikastiga-90x200-valge\/#primaryimage"},"image":{"@id":"https:\/\/beebipood.ee\/ru\/produkt\/lastevoodi-carino-voodikastiga-90x200-valge\/#primaryimage"},"thumbnailUrl":"https:\/\/beebipood.ee\/wp-content\/uploads\/2017\/08\/Lastevoodi-Carino-voodikastiga-80x190-valge-Laste-ja-noortevoodid-80cm-laiused-Lastemoobel-ja-sisustus_6-59c.jpg","datePublished":"2017-08-16T03:00:59+00:00","dateModified":"2025-01-09T08:49:25+00:00","description":"Lastevoodi Carino voodikastiga 90x200, valge, * kvaliteetsest sertifitseeritud FSC&nbsp;m&auml;nnipuidust&nbsp;valmistatud lastevoodi*&nbs","breadcrumb":{"@id":"https:\/\/beebipood.ee\/ru\/produkt\/lastevoodi-carino-voodikastiga-90x200-valge\/#breadcrumb"},"inLanguage":"ru-RU","potentialAction":[{"@type":"ReadAction","target":["https:\/\/beebipood.ee\/ru\/produkt\/lastevoodi-carino-voodikastiga-90x200-valge\/"]}]},{"@type":"ImageObject","inLanguage":"ru-RU","@id":"https:\/\/beebipood.ee\/ru\/produkt\/lastevoodi-carino-voodikastiga-90x200-valge\/#primaryimage","url":"https:\/\/beebipood.ee\/wp-content\/uploads\/2017\/08\/Lastevoodi-Carino-voodikastiga-80x190-valge-Laste-ja-noortevoodid-80cm-laiused-Lastemoobel-ja-sisustus_6-59c.jpg","contentUrl":"https:\/\/beebipood.ee\/wp-content\/uploads\/2017\/08\/Lastevoodi-Carino-voodikastiga-80x190-valge-Laste-ja-noortevoodid-80cm-laiused-Lastemoobel-ja-sisustus_6-59c.jpg","width":1200,"height":799},{"@type":"BreadcrumbList","@id":"https:\/\/beebipood.ee\/ru\/produkt\/lastevoodi-carino-voodikastiga-90x200-valge\/#breadcrumb","itemListElement":[{"@type":"ListItem","position":1,"name":"Home","item":"https:\/\/beebipood.ee\/ru\/"},{"@type":"ListItem","position":2,"name":"\u041a\u0430\u0442\u0430\u043b\u043e\u0433 \u0442\u043e\u0432\u0430\u0440\u043e\u0432","item":"https:\/\/beebipood.ee\/tooted\/"},{"@type":"ListItem","position":3,"name":"Lastevoodi Carino voodikastiga 90&#215;200, valge"}]},{"@type":"WebSite","@id":"https:\/\/beebipood.ee\/ru\/#website","url":"https:\/\/beebipood.ee\/ru\/","name":"Beebipood","description":"Lastekaubad, beebikaubad, m\u00e4nguasjad","publisher":{"@id":"https:\/\/beebipood.ee\/ru\/#organization"},"potentialAction":[{"@type":"SearchAction","target":{"@type":"EntryPoint","urlTemplate":"https:\/\/beebipood.ee\/ru\/?s={search_term_string}"},"query-input":{"@type":"PropertyValueSpecification","valueRequired":true,"valueName":"search_term_string"}}],"inLanguage":"ru-RU"},{"@type":"Organization","@id":"https:\/\/beebipood.ee\/ru\/#organization","name":"Beebipood","url":"https:\/\/beebipood.ee\/ru\/","logo":{"@type":"ImageObject","inLanguage":"ru-RU","@id":"https:\/\/beebipood.ee\/ru\/#\/schema\/logo\/image\/","url":"https:\/\/beebipood.ee\/wp-content\/uploads\/2025\/03\/beebipood.ee-logo-1.svg","contentUrl":"https:\/\/beebipood.ee\/wp-content\/uploads\/2025\/03\/beebipood.ee-logo-1.svg","caption":"Beebipood"},"image":{"@id":"https:\/\/beebipood.ee\/ru\/#\/schema\/logo\/image\/"}}]}},"brands":[],"_links":{"self":[{"href":"https:\/\/beebipood.ee\/ru\/wp-json\/wp\/v2\/product\/457901","targetHints":{"allow":["GET"]}}],"collection":[{"href":"https:\/\/beebipood.ee\/ru\/wp-json\/wp\/v2\/product"}],"about":[{"href":"https:\/\/beebipood.ee\/ru\/wp-json\/wp\/v2\/types\/product"}],"wp:featuredmedia":[{"embeddable":true,"href":"https:\/\/beebipood.ee\/ru\/wp-json\/wp\/v2\/media\/119667"}],"wp:attachment":[{"href":"https:\/\/beebipood.ee\/ru\/wp-json\/wp\/v2\/media?parent=457901"}],"wp:term":[{"taxonomy":"pwb-brand","embeddable":true,"href":"https:\/\/beebipood.ee\/ru\/wp-json\/wp\/v2\/pwb-brand?post=457901"},{"taxonomy":"product_brand","embeddable":true,"href":"https:\/\/beebipood.ee\/ru\/wp-json\/wp\/v2\/product_brand?post=457901"},{"taxonomy":"product_cat","embeddable":true,"href":"https:\/\/beebipood.ee\/ru\/wp-json\/wp\/v2\/product_cat?post=457901"},{"taxonomy":"product_tag","embeddable":true,"href":"https:\/\/beebipood.ee\/ru\/wp-json\/wp\/v2\/product_tag?post=457901"}],"curies":[{"name":"wp","href":"https:\/\/api.w.org\/{rel}","templated":true}]}}