{"id":457907,"date":"2017-08-25T09:55:28","date_gmt":"2017-08-25T06:55:28","guid":{"rendered":"https:\/\/beebipood.ee\/toode\/bebe-jou-vannitamise-amber\/"},"modified":"2025-03-04T11:38:02","modified_gmt":"2025-03-04T09:38:02","slug":"bebe-jou-vannitamise-amber","status":"publish","type":"product","link":"https:\/\/beebipood.ee\/ru\/produkt\/bebe-jou-vannitamise-amber\/","title":{"rendered":"Bebe-jou vannitamise \u00e4mber"},"content":{"rendered":"<p>Bebe-jou vannitamise \u00e4mbri kuju tekitab beebile turvalise <br \/>ja mugava keskkonna, t\u00e4pselt nagu ema \u00fcsas.<br \/><span style=\"text-decoration: underline;\">Omadused<\/span><br \/>Uued Bebe-jou vannitamise \u00e4mbrid on t\u00e4iustatud CLICK s\u00fcsteemiga, <br \/>t\u00e4nu millele saate te oma \u00e4mbri kinnitada jalgade k\u00fclge. <br \/>T\u00e4nu sellele p\u00fcsib \u00e4mber paigal kogu vannitamise v\u00e4ltel<br \/>\u00c4mbri kuju tekitab beebile turvalise ja mugava keskkonna, t\u00e4pselt nagu ema \u00fcsas<br \/>Ergonoomiline ja mugav positsioon lapsele<br \/>S\u00e4\u00e4stab rohkem vett, kui teised vannid<br \/>Lapsevanema jaoks tagab mugavama asendi \u00e4mbri kasutamine koos bebe-jou vannijalgadega<br \/>Puhastamisel kasutada sooja vett ja seepi. \u00c4rge kunagi kasutage keemilisi puhastusvahendeid<br \/><span style=\"text-decoration: underline;\">N\u00e4itajad<\/span><br \/>M\u00f5\u00f5dud: 46 x 46 x 35 cm<br \/>Materjal: pol\u00fcprop\u00fcleen<br \/>Vannitamise \u00e4mber sobib kasutamiseks alates s\u00fcnnist kuni ca. 2. eluaastani<\/p>\n","protected":false},"excerpt":{"rendered":"<p>Bebe-jou vannitamise \u00e4mbri kuju tekitab beebile turvalise ja mugava keskkonna, t\u00e4pselt nagu ema \u00fcsas.OmadusedUued Bebe-jou vannitamise \u00e4mbrid on t\u00e4iustatud CLICK s\u00fcsteemiga, t\u00e4nu millele saate te oma \u00e4mbri kinnitada jalgade k\u00fclge. T\u00e4nu sellele p\u00fcsib \u00e4mber paigal kogu vannitamise v\u00e4ltel\u00c4mbri kuju tekitab beebile turvalise ja mugava keskkonna, t\u00e4pselt nagu ema \u00fcsasErgonoomiline ja mugav positsioon lapseleS\u00e4\u00e4stab rohkem vett, [&hellip;]<\/p>\n","protected":false},"featured_media":119776,"template":"","meta":{"_acf_changed":false},"pwb-brand":[],"product_brand":[],"product_cat":[11811,11709],"product_tag":[],"class_list":{"0":"post-457907","1":"product","2":"type-product","3":"status-publish","4":"has-post-thumbnail","6":"product_cat-vannid-ja-vannitarbed-ru","7":"product_cat-sootmistoolid-beebi-ja-lastetarbed-mahkimine-hugieen-ru","9":"first","10":"onbackorder","11":"taxable","12":"shipping-taxable","13":"purchasable","14":"product-type-simple"},"exclude_global_add_ons":[],"addons":[],"acf":[],"yoast_head":"<!-- This site is optimized with the Yoast SEO plugin v27.1.1 - https:\/\/yoast.com\/product\/yoast-seo-wordpress\/ -->\n<title>Bebe-jou vannitamise \u00e4mber, \u041d\u041e\u0412\u042b\u0415 \u0422\u041e\u0412\u0410\u0420\u042b, \u041f\u0440\u0438\u043d\u0430\u0434\u043b\u0435\u0436\u043d\u043e\u0441\u0442\u0438 \u0434\u043b\u044f \u043c\u043b\u0430\u0434\u0435\u043d\u0446\u0435\u0432, \u0412\u0430\u043d\u043d\u044b \u0438 \u0430\u043a\u0441\u0435\u0441\u0441\u0443\u0430\u0440\u044b, Beebipood<\/title>\n<meta name=\"description\" content=\"Bebe-jou vannitamise \u00e4mber, Bebe-jou vannitamise &auml;mbri kuju tekitab beebile turvalise ja mugava keskkonna, t&auml;pselt nagu ema &uuml;sas.\" \/>\n<meta name=\"robots\" content=\"index, follow, max-snippet:-1, max-image-preview:large, max-video-preview:-1\" \/>\n<link rel=\"canonical\" href=\"https:\/\/beebipood.ee\/ru\/produkt\/bebe-jou-vannitamise-amber\/\" \/>\n<meta property=\"og:locale\" content=\"ru_RU\" \/>\n<meta property=\"og:type\" content=\"article\" \/>\n<meta property=\"og:title\" content=\"Bebe-jou vannitamise \u00e4mber, \u041d\u041e\u0412\u042b\u0415 \u0422\u041e\u0412\u0410\u0420\u042b, \u041f\u0440\u0438\u043d\u0430\u0434\u043b\u0435\u0436\u043d\u043e\u0441\u0442\u0438 \u0434\u043b\u044f \u043c\u043b\u0430\u0434\u0435\u043d\u0446\u0435\u0432, \u0412\u0430\u043d\u043d\u044b \u0438 \u0430\u043a\u0441\u0435\u0441\u0441\u0443\u0430\u0440\u044b, Beebipood\" \/>\n<meta property=\"og:description\" content=\"Bebe-jou vannitamise \u00e4mber, Bebe-jou vannitamise &auml;mbri kuju tekitab beebile turvalise ja mugava keskkonna, t&auml;pselt nagu ema &uuml;sas.\" \/>\n<meta property=\"og:url\" content=\"https:\/\/beebipood.ee\/ru\/produkt\/bebe-jou-vannitamise-amber\/\" \/>\n<meta property=\"og:site_name\" content=\"Beebipood\" \/>\n<meta property=\"article:modified_time\" content=\"2025-03-04T09:38:02+00:00\" \/>\n<meta property=\"og:image\" content=\"https:\/\/beebipood.ee\/wp-content\/uploads\/2017\/08\/Voodipesukomplekt-Albero-Mio-kinkekarbis-Cloud-Cuddle-2osaline-Voodipesu-Komplekt-2osa_6-883.jpg\" \/>\n\t<meta property=\"og:image:width\" content=\"1365\" \/>\n\t<meta property=\"og:image:height\" content=\"1200\" \/>\n\t<meta property=\"og:image:type\" content=\"image\/jpeg\" \/>\n<meta name=\"twitter:card\" content=\"summary_large_image\" \/>\n<meta name=\"twitter:label1\" content=\"\u041f\u0440\u0438\u043c\u0435\u0440\u043d\u043e\u0435 \u0432\u0440\u0435\u043c\u044f \u0434\u043b\u044f \u0447\u0442\u0435\u043d\u0438\u044f\" \/>\n\t<meta name=\"twitter:data1\" content=\"1 \u043c\u0438\u043d\u0443\u0442\u0430\" \/>\n<script type=\"application\/ld+json\" class=\"yoast-schema-graph\">{\"@context\":\"https:\/\/schema.org\",\"@graph\":[{\"@type\":\"WebPage\",\"@id\":\"https:\/\/beebipood.ee\/ru\/produkt\/bebe-jou-vannitamise-amber\/\",\"url\":\"https:\/\/beebipood.ee\/ru\/produkt\/bebe-jou-vannitamise-amber\/\",\"name\":\"Bebe-jou vannitamise \u00e4mber, \u041d\u041e\u0412\u042b\u0415 \u0422\u041e\u0412\u0410\u0420\u042b, \u041f\u0440\u0438\u043d\u0430\u0434\u043b\u0435\u0436\u043d\u043e\u0441\u0442\u0438 \u0434\u043b\u044f \u043c\u043b\u0430\u0434\u0435\u043d\u0446\u0435\u0432, \u0412\u0430\u043d\u043d\u044b \u0438 \u0430\u043a\u0441\u0435\u0441\u0441\u0443\u0430\u0440\u044b, Beebipood\",\"isPartOf\":{\"@id\":\"https:\/\/beebipood.ee\/ru\/#website\"},\"primaryImageOfPage\":{\"@id\":\"https:\/\/beebipood.ee\/ru\/produkt\/bebe-jou-vannitamise-amber\/#primaryimage\"},\"image\":{\"@id\":\"https:\/\/beebipood.ee\/ru\/produkt\/bebe-jou-vannitamise-amber\/#primaryimage\"},\"thumbnailUrl\":\"https:\/\/beebipood.ee\/wp-content\/uploads\/2017\/08\/Voodipesukomplekt-Albero-Mio-kinkekarbis-Cloud-Cuddle-2osaline-Voodipesu-Komplekt-2osa_6-883.jpg\",\"datePublished\":\"2017-08-25T06:55:28+00:00\",\"dateModified\":\"2025-03-04T09:38:02+00:00\",\"description\":\"Bebe-jou vannitamise \u00e4mber, Bebe-jou vannitamise &auml;mbri kuju tekitab beebile turvalise ja mugava keskkonna, t&auml;pselt nagu ema &uuml;sas.\",\"breadcrumb\":{\"@id\":\"https:\/\/beebipood.ee\/ru\/produkt\/bebe-jou-vannitamise-amber\/#breadcrumb\"},\"inLanguage\":\"ru-RU\",\"potentialAction\":[{\"@type\":\"ReadAction\",\"target\":[\"https:\/\/beebipood.ee\/ru\/produkt\/bebe-jou-vannitamise-amber\/\"]}]},{\"@type\":\"ImageObject\",\"inLanguage\":\"ru-RU\",\"@id\":\"https:\/\/beebipood.ee\/ru\/produkt\/bebe-jou-vannitamise-amber\/#primaryimage\",\"url\":\"https:\/\/beebipood.ee\/wp-content\/uploads\/2017\/08\/Voodipesukomplekt-Albero-Mio-kinkekarbis-Cloud-Cuddle-2osaline-Voodipesu-Komplekt-2osa_6-883.jpg\",\"contentUrl\":\"https:\/\/beebipood.ee\/wp-content\/uploads\/2017\/08\/Voodipesukomplekt-Albero-Mio-kinkekarbis-Cloud-Cuddle-2osaline-Voodipesu-Komplekt-2osa_6-883.jpg\",\"width\":1365,\"height\":1200},{\"@type\":\"BreadcrumbList\",\"@id\":\"https:\/\/beebipood.ee\/ru\/produkt\/bebe-jou-vannitamise-amber\/#breadcrumb\",\"itemListElement\":[{\"@type\":\"ListItem\",\"position\":1,\"name\":\"Home\",\"item\":\"https:\/\/beebipood.ee\/ru\/\"},{\"@type\":\"ListItem\",\"position\":2,\"name\":\"\u041a\u0430\u0442\u0430\u043b\u043e\u0433 \u0442\u043e\u0432\u0430\u0440\u043e\u0432\",\"item\":\"https:\/\/beebipood.ee\/tooted\/\"},{\"@type\":\"ListItem\",\"position\":3,\"name\":\"Bebe-jou vannitamise \u00e4mber\"}]},{\"@type\":\"WebSite\",\"@id\":\"https:\/\/beebipood.ee\/ru\/#website\",\"url\":\"https:\/\/beebipood.ee\/ru\/\",\"name\":\"Beebipood\",\"description\":\"Lastekaubad, beebikaubad, m\u00e4nguasjad\",\"publisher\":{\"@id\":\"https:\/\/beebipood.ee\/ru\/#organization\"},\"potentialAction\":[{\"@type\":\"SearchAction\",\"target\":{\"@type\":\"EntryPoint\",\"urlTemplate\":\"https:\/\/beebipood.ee\/ru\/?s={search_term_string}\"},\"query-input\":{\"@type\":\"PropertyValueSpecification\",\"valueRequired\":true,\"valueName\":\"search_term_string\"}}],\"inLanguage\":\"ru-RU\"},{\"@type\":\"Organization\",\"@id\":\"https:\/\/beebipood.ee\/ru\/#organization\",\"name\":\"Beebipood\",\"url\":\"https:\/\/beebipood.ee\/ru\/\",\"logo\":{\"@type\":\"ImageObject\",\"inLanguage\":\"ru-RU\",\"@id\":\"https:\/\/beebipood.ee\/ru\/#\/schema\/logo\/image\/\",\"url\":\"https:\/\/beebipood.ee\/wp-content\/uploads\/2025\/03\/beebipood.ee-logo-1.svg\",\"contentUrl\":\"https:\/\/beebipood.ee\/wp-content\/uploads\/2025\/03\/beebipood.ee-logo-1.svg\",\"caption\":\"Beebipood\"},\"image\":{\"@id\":\"https:\/\/beebipood.ee\/ru\/#\/schema\/logo\/image\/\"}}]}<\/script>\n<!-- \/ Yoast SEO plugin. -->","yoast_head_json":{"title":"Bebe-jou vannitamise \u00e4mber, \u041d\u041e\u0412\u042b\u0415 \u0422\u041e\u0412\u0410\u0420\u042b, \u041f\u0440\u0438\u043d\u0430\u0434\u043b\u0435\u0436\u043d\u043e\u0441\u0442\u0438 \u0434\u043b\u044f \u043c\u043b\u0430\u0434\u0435\u043d\u0446\u0435\u0432, \u0412\u0430\u043d\u043d\u044b \u0438 \u0430\u043a\u0441\u0435\u0441\u0441\u0443\u0430\u0440\u044b, Beebipood","description":"Bebe-jou vannitamise \u00e4mber, Bebe-jou vannitamise &auml;mbri kuju tekitab beebile turvalise ja mugava keskkonna, t&auml;pselt nagu ema &uuml;sas.","robots":{"index":"index","follow":"follow","max-snippet":"max-snippet:-1","max-image-preview":"max-image-preview:large","max-video-preview":"max-video-preview:-1"},"canonical":"https:\/\/beebipood.ee\/ru\/produkt\/bebe-jou-vannitamise-amber\/","og_locale":"ru_RU","og_type":"article","og_title":"Bebe-jou vannitamise \u00e4mber, \u041d\u041e\u0412\u042b\u0415 \u0422\u041e\u0412\u0410\u0420\u042b, \u041f\u0440\u0438\u043d\u0430\u0434\u043b\u0435\u0436\u043d\u043e\u0441\u0442\u0438 \u0434\u043b\u044f \u043c\u043b\u0430\u0434\u0435\u043d\u0446\u0435\u0432, \u0412\u0430\u043d\u043d\u044b \u0438 \u0430\u043a\u0441\u0435\u0441\u0441\u0443\u0430\u0440\u044b, Beebipood","og_description":"Bebe-jou vannitamise \u00e4mber, Bebe-jou vannitamise &auml;mbri kuju tekitab beebile turvalise ja mugava keskkonna, t&auml;pselt nagu ema &uuml;sas.","og_url":"https:\/\/beebipood.ee\/ru\/produkt\/bebe-jou-vannitamise-amber\/","og_site_name":"Beebipood","article_modified_time":"2025-03-04T09:38:02+00:00","og_image":[{"width":1365,"height":1200,"url":"https:\/\/beebipood.ee\/wp-content\/uploads\/2017\/08\/Voodipesukomplekt-Albero-Mio-kinkekarbis-Cloud-Cuddle-2osaline-Voodipesu-Komplekt-2osa_6-883.jpg","type":"image\/jpeg"}],"twitter_card":"summary_large_image","twitter_misc":{"\u041f\u0440\u0438\u043c\u0435\u0440\u043d\u043e\u0435 \u0432\u0440\u0435\u043c\u044f \u0434\u043b\u044f \u0447\u0442\u0435\u043d\u0438\u044f":"1 \u043c\u0438\u043d\u0443\u0442\u0430"},"schema":{"@context":"https:\/\/schema.org","@graph":[{"@type":"WebPage","@id":"https:\/\/beebipood.ee\/ru\/produkt\/bebe-jou-vannitamise-amber\/","url":"https:\/\/beebipood.ee\/ru\/produkt\/bebe-jou-vannitamise-amber\/","name":"Bebe-jou vannitamise \u00e4mber, \u041d\u041e\u0412\u042b\u0415 \u0422\u041e\u0412\u0410\u0420\u042b, \u041f\u0440\u0438\u043d\u0430\u0434\u043b\u0435\u0436\u043d\u043e\u0441\u0442\u0438 \u0434\u043b\u044f \u043c\u043b\u0430\u0434\u0435\u043d\u0446\u0435\u0432, \u0412\u0430\u043d\u043d\u044b \u0438 \u0430\u043a\u0441\u0435\u0441\u0441\u0443\u0430\u0440\u044b, Beebipood","isPartOf":{"@id":"https:\/\/beebipood.ee\/ru\/#website"},"primaryImageOfPage":{"@id":"https:\/\/beebipood.ee\/ru\/produkt\/bebe-jou-vannitamise-amber\/#primaryimage"},"image":{"@id":"https:\/\/beebipood.ee\/ru\/produkt\/bebe-jou-vannitamise-amber\/#primaryimage"},"thumbnailUrl":"https:\/\/beebipood.ee\/wp-content\/uploads\/2017\/08\/Voodipesukomplekt-Albero-Mio-kinkekarbis-Cloud-Cuddle-2osaline-Voodipesu-Komplekt-2osa_6-883.jpg","datePublished":"2017-08-25T06:55:28+00:00","dateModified":"2025-03-04T09:38:02+00:00","description":"Bebe-jou vannitamise \u00e4mber, Bebe-jou vannitamise &auml;mbri kuju tekitab beebile turvalise ja mugava keskkonna, t&auml;pselt nagu ema &uuml;sas.","breadcrumb":{"@id":"https:\/\/beebipood.ee\/ru\/produkt\/bebe-jou-vannitamise-amber\/#breadcrumb"},"inLanguage":"ru-RU","potentialAction":[{"@type":"ReadAction","target":["https:\/\/beebipood.ee\/ru\/produkt\/bebe-jou-vannitamise-amber\/"]}]},{"@type":"ImageObject","inLanguage":"ru-RU","@id":"https:\/\/beebipood.ee\/ru\/produkt\/bebe-jou-vannitamise-amber\/#primaryimage","url":"https:\/\/beebipood.ee\/wp-content\/uploads\/2017\/08\/Voodipesukomplekt-Albero-Mio-kinkekarbis-Cloud-Cuddle-2osaline-Voodipesu-Komplekt-2osa_6-883.jpg","contentUrl":"https:\/\/beebipood.ee\/wp-content\/uploads\/2017\/08\/Voodipesukomplekt-Albero-Mio-kinkekarbis-Cloud-Cuddle-2osaline-Voodipesu-Komplekt-2osa_6-883.jpg","width":1365,"height":1200},{"@type":"BreadcrumbList","@id":"https:\/\/beebipood.ee\/ru\/produkt\/bebe-jou-vannitamise-amber\/#breadcrumb","itemListElement":[{"@type":"ListItem","position":1,"name":"Home","item":"https:\/\/beebipood.ee\/ru\/"},{"@type":"ListItem","position":2,"name":"\u041a\u0430\u0442\u0430\u043b\u043e\u0433 \u0442\u043e\u0432\u0430\u0440\u043e\u0432","item":"https:\/\/beebipood.ee\/tooted\/"},{"@type":"ListItem","position":3,"name":"Bebe-jou vannitamise \u00e4mber"}]},{"@type":"WebSite","@id":"https:\/\/beebipood.ee\/ru\/#website","url":"https:\/\/beebipood.ee\/ru\/","name":"Beebipood","description":"Lastekaubad, beebikaubad, m\u00e4nguasjad","publisher":{"@id":"https:\/\/beebipood.ee\/ru\/#organization"},"potentialAction":[{"@type":"SearchAction","target":{"@type":"EntryPoint","urlTemplate":"https:\/\/beebipood.ee\/ru\/?s={search_term_string}"},"query-input":{"@type":"PropertyValueSpecification","valueRequired":true,"valueName":"search_term_string"}}],"inLanguage":"ru-RU"},{"@type":"Organization","@id":"https:\/\/beebipood.ee\/ru\/#organization","name":"Beebipood","url":"https:\/\/beebipood.ee\/ru\/","logo":{"@type":"ImageObject","inLanguage":"ru-RU","@id":"https:\/\/beebipood.ee\/ru\/#\/schema\/logo\/image\/","url":"https:\/\/beebipood.ee\/wp-content\/uploads\/2025\/03\/beebipood.ee-logo-1.svg","contentUrl":"https:\/\/beebipood.ee\/wp-content\/uploads\/2025\/03\/beebipood.ee-logo-1.svg","caption":"Beebipood"},"image":{"@id":"https:\/\/beebipood.ee\/ru\/#\/schema\/logo\/image\/"}}]}},"brands":[],"_links":{"self":[{"href":"https:\/\/beebipood.ee\/ru\/wp-json\/wp\/v2\/product\/457907","targetHints":{"allow":["GET"]}}],"collection":[{"href":"https:\/\/beebipood.ee\/ru\/wp-json\/wp\/v2\/product"}],"about":[{"href":"https:\/\/beebipood.ee\/ru\/wp-json\/wp\/v2\/types\/product"}],"wp:featuredmedia":[{"embeddable":true,"href":"https:\/\/beebipood.ee\/ru\/wp-json\/wp\/v2\/media\/119776"}],"wp:attachment":[{"href":"https:\/\/beebipood.ee\/ru\/wp-json\/wp\/v2\/media?parent=457907"}],"wp:term":[{"taxonomy":"pwb-brand","embeddable":true,"href":"https:\/\/beebipood.ee\/ru\/wp-json\/wp\/v2\/pwb-brand?post=457907"},{"taxonomy":"product_brand","embeddable":true,"href":"https:\/\/beebipood.ee\/ru\/wp-json\/wp\/v2\/product_brand?post=457907"},{"taxonomy":"product_cat","embeddable":true,"href":"https:\/\/beebipood.ee\/ru\/wp-json\/wp\/v2\/product_cat?post=457907"},{"taxonomy":"product_tag","embeddable":true,"href":"https:\/\/beebipood.ee\/ru\/wp-json\/wp\/v2\/product_tag?post=457907"}],"curies":[{"name":"wp","href":"https:\/\/api.w.org\/{rel}","templated":true}]}}