{"id":457909,"date":"2017-08-25T10:20:14","date_gmt":"2017-08-25T07:20:14","guid":{"rendered":"https:\/\/beebipood.ee\/toode\/bebe-jou-vannijalad-98cm-varvivalik\/"},"modified":"2025-01-09T10:49:24","modified_gmt":"2025-01-09T08:49:24","slug":"bebe-jou-vannijalad-98cm-varvivalik","status":"publish","type":"product","link":"https:\/\/beebipood.ee\/ru\/produkt\/bebe-jou-vannijalad-98cm-varvivalik\/","title":{"rendered":"Bebe-jou vannijalad 98cm, v\u00e4rvivalik"},"content":{"rendered":"<p>Bebe-jou vannijalad pakuvad lapsevanemale ideaalset asendit lapse vannitamisel. <br \/>Sobib kasutamiseks sinu bebe-jou beebivanniga v\u00f5i vannitamise \u00e4mbriga, <br \/>ka v\u00e4rvi poolest. Vannijalgade k\u00f5rgus 98cm.<br \/>Uued Bebe-jou vannijalad on t\u00e4iustatud CLICK s\u00fcsteemiga, <br \/>t\u00e4nu millele saate te oma vanni kinnitada jalgade k\u00fclge. <br \/>T\u00e4nu sellele p\u00fcsib vann paigal kogu vannitamise v\u00e4ltel.<br \/><span style=\"text-decoration: underline;\">Omadused<\/span><br \/>Vannijalgade alusel on olemas seebialus ja eraldi koht r\u00e4tiku riputamiseks.<br \/>Lihtsasti kokkupandav<br \/>Jalad on piisavalt k\u00f5rged, et lapsevanem ei peaks liialt palju selga painutama (98cm)<br \/>Click-s\u00fcsteemiga kinnitused &#8212; vannip\u00f5hi tuleb suruda paika, <br \/>hiljem saab p\u00f5hja alt kinnitused lahti teha<br \/>Vanni puhastamisel kasutada sooja vett ja seepi. <br \/>\u00c4rge kunagi kasutage keemilisi puhastusvahendeid<br \/><span style=\"text-decoration: underline;\">N\u00e4itajad<\/span><br \/>M\u00f5\u00f5dud: 61,2 x 54,4 x 99,6cm<\/p>\n","protected":false},"excerpt":{"rendered":"<p>Bebe-jou vannijalad pakuvad lapsevanemale ideaalset asendit lapse vannitamisel. Sobib kasutamiseks sinu bebe-jou beebivanniga v\u00f5i vannitamise \u00e4mbriga, ka v\u00e4rvi poolest. Vannijalgade k\u00f5rgus 98cm.Uued Bebe-jou vannijalad on t\u00e4iustatud CLICK s\u00fcsteemiga, t\u00e4nu millele saate te oma vanni kinnitada jalgade k\u00fclge. T\u00e4nu sellele p\u00fcsib vann paigal kogu vannitamise v\u00e4ltel.OmadusedVannijalgade alusel on olemas seebialus ja eraldi koht r\u00e4tiku riputamiseks.Lihtsasti kokkupandavJalad [&hellip;]<\/p>\n","protected":false},"featured_media":119790,"template":"","meta":{"_acf_changed":false},"pwb-brand":[],"product_brand":[],"product_cat":[11811,11709],"product_tag":[],"class_list":{"0":"post-457909","1":"product","2":"type-product","3":"status-publish","4":"has-post-thumbnail","6":"product_cat-vannid-ja-vannitarbed-ru","7":"product_cat-sootmistoolid-beebi-ja-lastetarbed-mahkimine-hugieen-ru","9":"first","10":"onbackorder","11":"taxable","12":"shipping-taxable","13":"purchasable","14":"product-type-simple"},"exclude_global_add_ons":false,"addons":[{"name":"Vali v\u00e4rv","type":"multiple_choice","position":0,"required":true,"title_format":"heading","default":"","description_enable":false,"description":"","placeholder_enable":false,"placeholder":"","display":"images","restrictions_type":"any_text","adjust_price":false,"price":"","price_type":"flat_fee","restrictions":false,"min":"0","max":"0","options":[{"label":"Light Grey","price":"","price_type":"quantity_based","image":502179,"visibility":true},{"label":"Mellow Rose","price":"","price_type":"quantity_based","image":502181,"visibility":true},{"label":"Mint Green","price":"","price_type":"quantity_based","image":502183,"visibility":true},{"label":"Sky Green","price":"","price_type":"quantity_based","image":502185,"visibility":true},{"label":"White","price":"","price_type":"quantity_based","image":502187,"visibility":true}]}],"acf":[],"yoast_head":"<!-- This site is optimized with the Yoast SEO plugin v27.1.1 - https:\/\/yoast.com\/product\/yoast-seo-wordpress\/ -->\n<title>Bebe-jou vannijalad 98cm, v\u00e4rvivalik, \u041d\u041e\u0412\u042b\u0415 \u0422\u041e\u0412\u0410\u0420\u042b, \u041f\u0440\u0438\u043d\u0430\u0434\u043b\u0435\u0436\u043d\u043e\u0441\u0442\u0438 \u0434\u043b\u044f \u043c\u043b\u0430\u0434\u0435\u043d\u0446\u0435\u0432, \u0412\u0430\u043d\u043d\u044b \u0438 \u0430\u043a\u0441\u0435\u0441\u0441\u0443\u0430\u0440\u044b, Beebipood<\/title>\n<meta name=\"description\" content=\"Bebe-jou vannijalad 98cm, v\u00e4rvivalik, Bebe-jou vannijalad pakuvad lapsevanemale ideaalset asendit lapse vannitamisel. Sobib kasutamiseks sinu bebe-jou\" \/>\n<meta name=\"robots\" content=\"index, follow, max-snippet:-1, max-image-preview:large, max-video-preview:-1\" \/>\n<link rel=\"canonical\" href=\"https:\/\/beebipood.ee\/ru\/produkt\/bebe-jou-vannijalad-98cm-varvivalik\/\" \/>\n<meta property=\"og:locale\" content=\"ru_RU\" \/>\n<meta property=\"og:type\" content=\"article\" \/>\n<meta property=\"og:title\" content=\"Bebe-jou vannijalad 98cm, v\u00e4rvivalik, \u041d\u041e\u0412\u042b\u0415 \u0422\u041e\u0412\u0410\u0420\u042b, \u041f\u0440\u0438\u043d\u0430\u0434\u043b\u0435\u0436\u043d\u043e\u0441\u0442\u0438 \u0434\u043b\u044f \u043c\u043b\u0430\u0434\u0435\u043d\u0446\u0435\u0432, \u0412\u0430\u043d\u043d\u044b \u0438 \u0430\u043a\u0441\u0435\u0441\u0441\u0443\u0430\u0440\u044b, Beebipood\" \/>\n<meta property=\"og:description\" content=\"Bebe-jou vannijalad 98cm, v\u00e4rvivalik, Bebe-jou vannijalad pakuvad lapsevanemale ideaalset asendit lapse vannitamisel. Sobib kasutamiseks sinu bebe-jou\" \/>\n<meta property=\"og:url\" content=\"https:\/\/beebipood.ee\/ru\/produkt\/bebe-jou-vannijalad-98cm-varvivalik\/\" \/>\n<meta property=\"og:site_name\" content=\"Beebipood\" \/>\n<meta property=\"article:modified_time\" content=\"2025-01-09T08:49:24+00:00\" \/>\n<meta property=\"og:image\" content=\"https:\/\/beebipood.ee\/wp-content\/uploads\/2017\/08\/Voodipesukomplekt-Albero-Mio-kinkekarbis-Heart-World-2osaline-Voodipesu-Komplekt-2osa-Lastemoobel-ja-sisustus_9-02d.jpg\" \/>\n\t<meta property=\"og:image:width\" content=\"352\" \/>\n\t<meta property=\"og:image:height\" content=\"500\" \/>\n\t<meta property=\"og:image:type\" content=\"image\/jpeg\" \/>\n<meta name=\"twitter:card\" content=\"summary_large_image\" \/>\n<meta name=\"twitter:label1\" content=\"\u041f\u0440\u0438\u043c\u0435\u0440\u043d\u043e\u0435 \u0432\u0440\u0435\u043c\u044f \u0434\u043b\u044f \u0447\u0442\u0435\u043d\u0438\u044f\" \/>\n\t<meta name=\"twitter:data1\" content=\"1 \u043c\u0438\u043d\u0443\u0442\u0430\" \/>\n<script type=\"application\/ld+json\" class=\"yoast-schema-graph\">{\"@context\":\"https:\/\/schema.org\",\"@graph\":[{\"@type\":\"WebPage\",\"@id\":\"https:\/\/beebipood.ee\/ru\/produkt\/bebe-jou-vannijalad-98cm-varvivalik\/\",\"url\":\"https:\/\/beebipood.ee\/ru\/produkt\/bebe-jou-vannijalad-98cm-varvivalik\/\",\"name\":\"Bebe-jou vannijalad 98cm, v\u00e4rvivalik, \u041d\u041e\u0412\u042b\u0415 \u0422\u041e\u0412\u0410\u0420\u042b, \u041f\u0440\u0438\u043d\u0430\u0434\u043b\u0435\u0436\u043d\u043e\u0441\u0442\u0438 \u0434\u043b\u044f \u043c\u043b\u0430\u0434\u0435\u043d\u0446\u0435\u0432, \u0412\u0430\u043d\u043d\u044b \u0438 \u0430\u043a\u0441\u0435\u0441\u0441\u0443\u0430\u0440\u044b, Beebipood\",\"isPartOf\":{\"@id\":\"https:\/\/beebipood.ee\/ru\/#website\"},\"primaryImageOfPage\":{\"@id\":\"https:\/\/beebipood.ee\/ru\/produkt\/bebe-jou-vannijalad-98cm-varvivalik\/#primaryimage\"},\"image\":{\"@id\":\"https:\/\/beebipood.ee\/ru\/produkt\/bebe-jou-vannijalad-98cm-varvivalik\/#primaryimage\"},\"thumbnailUrl\":\"https:\/\/beebipood.ee\/wp-content\/uploads\/2017\/08\/Voodipesukomplekt-Albero-Mio-kinkekarbis-Heart-World-2osaline-Voodipesu-Komplekt-2osa-Lastemoobel-ja-sisustus_9-02d.jpg\",\"datePublished\":\"2017-08-25T07:20:14+00:00\",\"dateModified\":\"2025-01-09T08:49:24+00:00\",\"description\":\"Bebe-jou vannijalad 98cm, v\u00e4rvivalik, Bebe-jou vannijalad pakuvad lapsevanemale ideaalset asendit lapse vannitamisel. Sobib kasutamiseks sinu bebe-jou\",\"breadcrumb\":{\"@id\":\"https:\/\/beebipood.ee\/ru\/produkt\/bebe-jou-vannijalad-98cm-varvivalik\/#breadcrumb\"},\"inLanguage\":\"ru-RU\",\"potentialAction\":[{\"@type\":\"ReadAction\",\"target\":[\"https:\/\/beebipood.ee\/ru\/produkt\/bebe-jou-vannijalad-98cm-varvivalik\/\"]}]},{\"@type\":\"ImageObject\",\"inLanguage\":\"ru-RU\",\"@id\":\"https:\/\/beebipood.ee\/ru\/produkt\/bebe-jou-vannijalad-98cm-varvivalik\/#primaryimage\",\"url\":\"https:\/\/beebipood.ee\/wp-content\/uploads\/2017\/08\/Voodipesukomplekt-Albero-Mio-kinkekarbis-Heart-World-2osaline-Voodipesu-Komplekt-2osa-Lastemoobel-ja-sisustus_9-02d.jpg\",\"contentUrl\":\"https:\/\/beebipood.ee\/wp-content\/uploads\/2017\/08\/Voodipesukomplekt-Albero-Mio-kinkekarbis-Heart-World-2osaline-Voodipesu-Komplekt-2osa-Lastemoobel-ja-sisustus_9-02d.jpg\",\"width\":352,\"height\":500},{\"@type\":\"BreadcrumbList\",\"@id\":\"https:\/\/beebipood.ee\/ru\/produkt\/bebe-jou-vannijalad-98cm-varvivalik\/#breadcrumb\",\"itemListElement\":[{\"@type\":\"ListItem\",\"position\":1,\"name\":\"Home\",\"item\":\"https:\/\/beebipood.ee\/ru\/\"},{\"@type\":\"ListItem\",\"position\":2,\"name\":\"\u041a\u0430\u0442\u0430\u043b\u043e\u0433 \u0442\u043e\u0432\u0430\u0440\u043e\u0432\",\"item\":\"https:\/\/beebipood.ee\/tooted\/\"},{\"@type\":\"ListItem\",\"position\":3,\"name\":\"Bebe-jou vannijalad 98cm, v\u00e4rvivalik\"}]},{\"@type\":\"WebSite\",\"@id\":\"https:\/\/beebipood.ee\/ru\/#website\",\"url\":\"https:\/\/beebipood.ee\/ru\/\",\"name\":\"Beebipood\",\"description\":\"Lastekaubad, beebikaubad, m\u00e4nguasjad\",\"publisher\":{\"@id\":\"https:\/\/beebipood.ee\/ru\/#organization\"},\"potentialAction\":[{\"@type\":\"SearchAction\",\"target\":{\"@type\":\"EntryPoint\",\"urlTemplate\":\"https:\/\/beebipood.ee\/ru\/?s={search_term_string}\"},\"query-input\":{\"@type\":\"PropertyValueSpecification\",\"valueRequired\":true,\"valueName\":\"search_term_string\"}}],\"inLanguage\":\"ru-RU\"},{\"@type\":\"Organization\",\"@id\":\"https:\/\/beebipood.ee\/ru\/#organization\",\"name\":\"Beebipood\",\"url\":\"https:\/\/beebipood.ee\/ru\/\",\"logo\":{\"@type\":\"ImageObject\",\"inLanguage\":\"ru-RU\",\"@id\":\"https:\/\/beebipood.ee\/ru\/#\/schema\/logo\/image\/\",\"url\":\"https:\/\/beebipood.ee\/wp-content\/uploads\/2025\/03\/beebipood.ee-logo-1.svg\",\"contentUrl\":\"https:\/\/beebipood.ee\/wp-content\/uploads\/2025\/03\/beebipood.ee-logo-1.svg\",\"caption\":\"Beebipood\"},\"image\":{\"@id\":\"https:\/\/beebipood.ee\/ru\/#\/schema\/logo\/image\/\"}}]}<\/script>\n<!-- \/ Yoast SEO plugin. -->","yoast_head_json":{"title":"Bebe-jou vannijalad 98cm, v\u00e4rvivalik, \u041d\u041e\u0412\u042b\u0415 \u0422\u041e\u0412\u0410\u0420\u042b, \u041f\u0440\u0438\u043d\u0430\u0434\u043b\u0435\u0436\u043d\u043e\u0441\u0442\u0438 \u0434\u043b\u044f \u043c\u043b\u0430\u0434\u0435\u043d\u0446\u0435\u0432, \u0412\u0430\u043d\u043d\u044b \u0438 \u0430\u043a\u0441\u0435\u0441\u0441\u0443\u0430\u0440\u044b, Beebipood","description":"Bebe-jou vannijalad 98cm, v\u00e4rvivalik, Bebe-jou vannijalad pakuvad lapsevanemale ideaalset asendit lapse vannitamisel. Sobib kasutamiseks sinu bebe-jou","robots":{"index":"index","follow":"follow","max-snippet":"max-snippet:-1","max-image-preview":"max-image-preview:large","max-video-preview":"max-video-preview:-1"},"canonical":"https:\/\/beebipood.ee\/ru\/produkt\/bebe-jou-vannijalad-98cm-varvivalik\/","og_locale":"ru_RU","og_type":"article","og_title":"Bebe-jou vannijalad 98cm, v\u00e4rvivalik, \u041d\u041e\u0412\u042b\u0415 \u0422\u041e\u0412\u0410\u0420\u042b, \u041f\u0440\u0438\u043d\u0430\u0434\u043b\u0435\u0436\u043d\u043e\u0441\u0442\u0438 \u0434\u043b\u044f \u043c\u043b\u0430\u0434\u0435\u043d\u0446\u0435\u0432, \u0412\u0430\u043d\u043d\u044b \u0438 \u0430\u043a\u0441\u0435\u0441\u0441\u0443\u0430\u0440\u044b, Beebipood","og_description":"Bebe-jou vannijalad 98cm, v\u00e4rvivalik, Bebe-jou vannijalad pakuvad lapsevanemale ideaalset asendit lapse vannitamisel. Sobib kasutamiseks sinu bebe-jou","og_url":"https:\/\/beebipood.ee\/ru\/produkt\/bebe-jou-vannijalad-98cm-varvivalik\/","og_site_name":"Beebipood","article_modified_time":"2025-01-09T08:49:24+00:00","og_image":[{"width":352,"height":500,"url":"https:\/\/beebipood.ee\/wp-content\/uploads\/2017\/08\/Voodipesukomplekt-Albero-Mio-kinkekarbis-Heart-World-2osaline-Voodipesu-Komplekt-2osa-Lastemoobel-ja-sisustus_9-02d.jpg","type":"image\/jpeg"}],"twitter_card":"summary_large_image","twitter_misc":{"\u041f\u0440\u0438\u043c\u0435\u0440\u043d\u043e\u0435 \u0432\u0440\u0435\u043c\u044f \u0434\u043b\u044f \u0447\u0442\u0435\u043d\u0438\u044f":"1 \u043c\u0438\u043d\u0443\u0442\u0430"},"schema":{"@context":"https:\/\/schema.org","@graph":[{"@type":"WebPage","@id":"https:\/\/beebipood.ee\/ru\/produkt\/bebe-jou-vannijalad-98cm-varvivalik\/","url":"https:\/\/beebipood.ee\/ru\/produkt\/bebe-jou-vannijalad-98cm-varvivalik\/","name":"Bebe-jou vannijalad 98cm, v\u00e4rvivalik, \u041d\u041e\u0412\u042b\u0415 \u0422\u041e\u0412\u0410\u0420\u042b, \u041f\u0440\u0438\u043d\u0430\u0434\u043b\u0435\u0436\u043d\u043e\u0441\u0442\u0438 \u0434\u043b\u044f \u043c\u043b\u0430\u0434\u0435\u043d\u0446\u0435\u0432, \u0412\u0430\u043d\u043d\u044b \u0438 \u0430\u043a\u0441\u0435\u0441\u0441\u0443\u0430\u0440\u044b, Beebipood","isPartOf":{"@id":"https:\/\/beebipood.ee\/ru\/#website"},"primaryImageOfPage":{"@id":"https:\/\/beebipood.ee\/ru\/produkt\/bebe-jou-vannijalad-98cm-varvivalik\/#primaryimage"},"image":{"@id":"https:\/\/beebipood.ee\/ru\/produkt\/bebe-jou-vannijalad-98cm-varvivalik\/#primaryimage"},"thumbnailUrl":"https:\/\/beebipood.ee\/wp-content\/uploads\/2017\/08\/Voodipesukomplekt-Albero-Mio-kinkekarbis-Heart-World-2osaline-Voodipesu-Komplekt-2osa-Lastemoobel-ja-sisustus_9-02d.jpg","datePublished":"2017-08-25T07:20:14+00:00","dateModified":"2025-01-09T08:49:24+00:00","description":"Bebe-jou vannijalad 98cm, v\u00e4rvivalik, Bebe-jou vannijalad pakuvad lapsevanemale ideaalset asendit lapse vannitamisel. Sobib kasutamiseks sinu bebe-jou","breadcrumb":{"@id":"https:\/\/beebipood.ee\/ru\/produkt\/bebe-jou-vannijalad-98cm-varvivalik\/#breadcrumb"},"inLanguage":"ru-RU","potentialAction":[{"@type":"ReadAction","target":["https:\/\/beebipood.ee\/ru\/produkt\/bebe-jou-vannijalad-98cm-varvivalik\/"]}]},{"@type":"ImageObject","inLanguage":"ru-RU","@id":"https:\/\/beebipood.ee\/ru\/produkt\/bebe-jou-vannijalad-98cm-varvivalik\/#primaryimage","url":"https:\/\/beebipood.ee\/wp-content\/uploads\/2017\/08\/Voodipesukomplekt-Albero-Mio-kinkekarbis-Heart-World-2osaline-Voodipesu-Komplekt-2osa-Lastemoobel-ja-sisustus_9-02d.jpg","contentUrl":"https:\/\/beebipood.ee\/wp-content\/uploads\/2017\/08\/Voodipesukomplekt-Albero-Mio-kinkekarbis-Heart-World-2osaline-Voodipesu-Komplekt-2osa-Lastemoobel-ja-sisustus_9-02d.jpg","width":352,"height":500},{"@type":"BreadcrumbList","@id":"https:\/\/beebipood.ee\/ru\/produkt\/bebe-jou-vannijalad-98cm-varvivalik\/#breadcrumb","itemListElement":[{"@type":"ListItem","position":1,"name":"Home","item":"https:\/\/beebipood.ee\/ru\/"},{"@type":"ListItem","position":2,"name":"\u041a\u0430\u0442\u0430\u043b\u043e\u0433 \u0442\u043e\u0432\u0430\u0440\u043e\u0432","item":"https:\/\/beebipood.ee\/tooted\/"},{"@type":"ListItem","position":3,"name":"Bebe-jou vannijalad 98cm, v\u00e4rvivalik"}]},{"@type":"WebSite","@id":"https:\/\/beebipood.ee\/ru\/#website","url":"https:\/\/beebipood.ee\/ru\/","name":"Beebipood","description":"Lastekaubad, beebikaubad, m\u00e4nguasjad","publisher":{"@id":"https:\/\/beebipood.ee\/ru\/#organization"},"potentialAction":[{"@type":"SearchAction","target":{"@type":"EntryPoint","urlTemplate":"https:\/\/beebipood.ee\/ru\/?s={search_term_string}"},"query-input":{"@type":"PropertyValueSpecification","valueRequired":true,"valueName":"search_term_string"}}],"inLanguage":"ru-RU"},{"@type":"Organization","@id":"https:\/\/beebipood.ee\/ru\/#organization","name":"Beebipood","url":"https:\/\/beebipood.ee\/ru\/","logo":{"@type":"ImageObject","inLanguage":"ru-RU","@id":"https:\/\/beebipood.ee\/ru\/#\/schema\/logo\/image\/","url":"https:\/\/beebipood.ee\/wp-content\/uploads\/2025\/03\/beebipood.ee-logo-1.svg","contentUrl":"https:\/\/beebipood.ee\/wp-content\/uploads\/2025\/03\/beebipood.ee-logo-1.svg","caption":"Beebipood"},"image":{"@id":"https:\/\/beebipood.ee\/ru\/#\/schema\/logo\/image\/"}}]}},"brands":[],"_links":{"self":[{"href":"https:\/\/beebipood.ee\/ru\/wp-json\/wp\/v2\/product\/457909","targetHints":{"allow":["GET"]}}],"collection":[{"href":"https:\/\/beebipood.ee\/ru\/wp-json\/wp\/v2\/product"}],"about":[{"href":"https:\/\/beebipood.ee\/ru\/wp-json\/wp\/v2\/types\/product"}],"wp:featuredmedia":[{"embeddable":true,"href":"https:\/\/beebipood.ee\/ru\/wp-json\/wp\/v2\/media\/119790"}],"wp:attachment":[{"href":"https:\/\/beebipood.ee\/ru\/wp-json\/wp\/v2\/media?parent=457909"}],"wp:term":[{"taxonomy":"pwb-brand","embeddable":true,"href":"https:\/\/beebipood.ee\/ru\/wp-json\/wp\/v2\/pwb-brand?post=457909"},{"taxonomy":"product_brand","embeddable":true,"href":"https:\/\/beebipood.ee\/ru\/wp-json\/wp\/v2\/product_brand?post=457909"},{"taxonomy":"product_cat","embeddable":true,"href":"https:\/\/beebipood.ee\/ru\/wp-json\/wp\/v2\/product_cat?post=457909"},{"taxonomy":"product_tag","embeddable":true,"href":"https:\/\/beebipood.ee\/ru\/wp-json\/wp\/v2\/product_tag?post=457909"}],"curies":[{"name":"wp","href":"https:\/\/api.w.org\/{rel}","templated":true}]}}