{"id":457911,"date":"2017-08-25T10:24:38","date_gmt":"2017-08-25T07:24:38","guid":{"rendered":"https:\/\/beebipood.ee\/toode\/voodipesukomplekt-albero-mio-star-miracle-2-osaline\/"},"modified":"2025-06-29T12:30:33","modified_gmt":"2025-06-29T09:30:33","slug":"voodipesukomplekt-albero-mio-star-miracle-2-osaline-disabled","status":"publish","type":"product","link":"https:\/\/beebipood.ee\/ru\/produkt\/voodipesukomplekt-albero-mio-star-miracle-2-osaline-disabled\/","title":{"rendered":"Voodipesukomplekt Albero Mio, Star Miracle (2-osaline)"},"content":{"rendered":"<p><span>* kasutatud on parimat puuvillal\u00f5nga, et tagada pehmus, mugavus ja vastupidavus<\/span><br \/><span>* <strong>2 osalisse komplekti kuuluvad<\/strong>:\u00a0<\/span><span>padjap\u00fc\u00fcr (40x60cm), tekikott (135x100cm)<\/span><br \/><span>* materjal: 100% puuvill<\/span><br \/><span>* komplekt sobib beebivoodisse m\u00f5\u00f5duga 60&#215;120 cm\u00a0<\/span><br \/><span>* pestav 40\u00b0C<br \/><\/span><\/p>\n","protected":false},"excerpt":{"rendered":"<p>* kasutatud on parimat puuvillal\u00f5nga, et tagada pehmus, mugavus ja vastupidavus* 2 osalisse komplekti kuuluvad:\u00a0padjap\u00fc\u00fcr (40x60cm), tekikott (135x100cm)* materjal: 100% puuvill* komplekt sobib beebivoodisse m\u00f5\u00f5duga 60&#215;120 cm\u00a0* pestav 40\u00b0C<\/p>\n","protected":false},"featured_media":119810,"template":"","meta":{"_acf_changed":false},"pwb-brand":[11946],"product_brand":[],"product_cat":[11753,11613,11789],"product_tag":[],"class_list":{"0":"post-457911","1":"product","2":"type-product","3":"status-publish","4":"has-post-thumbnail","6":"pwb-brand-klups-ru","7":"product_cat-komplekt-2osa-ru","8":"product_cat-voodipesu-ru","9":"product_cat-lastemoobel-ja-sisustus-ru","10":"pa_manufacturer-klups-ru","12":"first","13":"instock","14":"taxable","15":"shipping-taxable","16":"purchasable","17":"product-type-simple"},"exclude_global_add_ons":[],"addons":[],"acf":[],"yoast_head":"<!-- This site is optimized with the Yoast SEO plugin v27.1.1 - https:\/\/yoast.com\/product\/yoast-seo-wordpress\/ -->\n<title>Voodipesukomplekt Albero Mio, Star Miracle (2-osaline), \u041f\u043e\u0441\u0442\u0435\u043b\u044c\u043d\u043e\u0435 \u0431\u0435\u043b\u044c\u0435, \u041a\u043e\u043c\u043f\u043b\u0435\u043a\u0442 \u0438\u0437 2 \u0447\u0430\u0441\u0442\u0435\u0439, M\u0435\u0431\u0435\u043b\u044c, Beebipood<\/title>\n<meta name=\"description\" content=\"Voodipesukomplekt Albero Mio, Star Miracle (2-osaline), * kasutatud on parimat puuvillal&otilde;nga, et tagada pehmus, mugavus ja vastupidavus&lt;b\" \/>\n<meta name=\"robots\" content=\"index, follow, max-snippet:-1, max-image-preview:large, max-video-preview:-1\" \/>\n<link rel=\"canonical\" href=\"https:\/\/beebipood.ee\/ru\/produkt\/voodipesukomplekt-albero-mio-star-miracle-2-osaline-disabled\/\" \/>\n<meta property=\"og:locale\" content=\"ru_RU\" \/>\n<meta property=\"og:type\" content=\"article\" \/>\n<meta property=\"og:title\" content=\"Voodipesukomplekt Albero Mio, Star Miracle (2-osaline), \u041f\u043e\u0441\u0442\u0435\u043b\u044c\u043d\u043e\u0435 \u0431\u0435\u043b\u044c\u0435, \u041a\u043e\u043c\u043f\u043b\u0435\u043a\u0442 \u0438\u0437 2 \u0447\u0430\u0441\u0442\u0435\u0439, M\u0435\u0431\u0435\u043b\u044c, Beebipood\" \/>\n<meta property=\"og:description\" content=\"Voodipesukomplekt Albero Mio, Star Miracle (2-osaline), * kasutatud on parimat puuvillal&otilde;nga, et tagada pehmus, mugavus ja vastupidavus&lt;b\" \/>\n<meta property=\"og:url\" content=\"https:\/\/beebipood.ee\/ru\/produkt\/voodipesukomplekt-albero-mio-star-miracle-2-osaline-disabled\/\" \/>\n<meta property=\"og:site_name\" content=\"Beebipood\" \/>\n<meta property=\"article:modified_time\" content=\"2025-06-29T09:30:33+00:00\" \/>\n<meta property=\"og:image\" content=\"https:\/\/beebipood.ee\/wp-content\/uploads\/2017\/08\/Voodipesukomplekt-Albero-Mio-Star-Miracle-2osaline-Voodipesu-Komplekt-2osa-Lastemoobel-ja-sisustus_1-622.jpg\" \/>\n\t<meta property=\"og:image:width\" content=\"600\" \/>\n\t<meta property=\"og:image:height\" content=\"600\" \/>\n\t<meta property=\"og:image:type\" content=\"image\/jpeg\" \/>\n<meta name=\"twitter:card\" content=\"summary_large_image\" \/>\n<script type=\"application\/ld+json\" class=\"yoast-schema-graph\">{\"@context\":\"https:\/\/schema.org\",\"@graph\":[{\"@type\":\"WebPage\",\"@id\":\"https:\/\/beebipood.ee\/ru\/produkt\/voodipesukomplekt-albero-mio-star-miracle-2-osaline-disabled\/\",\"url\":\"https:\/\/beebipood.ee\/ru\/produkt\/voodipesukomplekt-albero-mio-star-miracle-2-osaline-disabled\/\",\"name\":\"Voodipesukomplekt Albero Mio, Star Miracle (2-osaline), \u041f\u043e\u0441\u0442\u0435\u043b\u044c\u043d\u043e\u0435 \u0431\u0435\u043b\u044c\u0435, \u041a\u043e\u043c\u043f\u043b\u0435\u043a\u0442 \u0438\u0437 2 \u0447\u0430\u0441\u0442\u0435\u0439, M\u0435\u0431\u0435\u043b\u044c, Beebipood\",\"isPartOf\":{\"@id\":\"https:\/\/beebipood.ee\/ru\/#website\"},\"primaryImageOfPage\":{\"@id\":\"https:\/\/beebipood.ee\/ru\/produkt\/voodipesukomplekt-albero-mio-star-miracle-2-osaline-disabled\/#primaryimage\"},\"image\":{\"@id\":\"https:\/\/beebipood.ee\/ru\/produkt\/voodipesukomplekt-albero-mio-star-miracle-2-osaline-disabled\/#primaryimage\"},\"thumbnailUrl\":\"https:\/\/beebipood.ee\/wp-content\/uploads\/2017\/08\/Voodipesukomplekt-Albero-Mio-Star-Miracle-2osaline-Voodipesu-Komplekt-2osa-Lastemoobel-ja-sisustus_1-622.jpg\",\"datePublished\":\"2017-08-25T07:24:38+00:00\",\"dateModified\":\"2025-06-29T09:30:33+00:00\",\"description\":\"Voodipesukomplekt Albero Mio, Star Miracle (2-osaline), * kasutatud on parimat puuvillal&otilde;nga, et tagada pehmus, mugavus ja vastupidavus&lt;b\",\"breadcrumb\":{\"@id\":\"https:\/\/beebipood.ee\/ru\/produkt\/voodipesukomplekt-albero-mio-star-miracle-2-osaline-disabled\/#breadcrumb\"},\"inLanguage\":\"ru-RU\",\"potentialAction\":[{\"@type\":\"ReadAction\",\"target\":[\"https:\/\/beebipood.ee\/ru\/produkt\/voodipesukomplekt-albero-mio-star-miracle-2-osaline-disabled\/\"]}]},{\"@type\":\"ImageObject\",\"inLanguage\":\"ru-RU\",\"@id\":\"https:\/\/beebipood.ee\/ru\/produkt\/voodipesukomplekt-albero-mio-star-miracle-2-osaline-disabled\/#primaryimage\",\"url\":\"https:\/\/beebipood.ee\/wp-content\/uploads\/2017\/08\/Voodipesukomplekt-Albero-Mio-Star-Miracle-2osaline-Voodipesu-Komplekt-2osa-Lastemoobel-ja-sisustus_1-622.jpg\",\"contentUrl\":\"https:\/\/beebipood.ee\/wp-content\/uploads\/2017\/08\/Voodipesukomplekt-Albero-Mio-Star-Miracle-2osaline-Voodipesu-Komplekt-2osa-Lastemoobel-ja-sisustus_1-622.jpg\",\"width\":600,\"height\":600},{\"@type\":\"BreadcrumbList\",\"@id\":\"https:\/\/beebipood.ee\/ru\/produkt\/voodipesukomplekt-albero-mio-star-miracle-2-osaline-disabled\/#breadcrumb\",\"itemListElement\":[{\"@type\":\"ListItem\",\"position\":1,\"name\":\"Home\",\"item\":\"https:\/\/beebipood.ee\/ru\/\"},{\"@type\":\"ListItem\",\"position\":2,\"name\":\"\u041a\u0430\u0442\u0430\u043b\u043e\u0433 \u0442\u043e\u0432\u0430\u0440\u043e\u0432\",\"item\":\"https:\/\/beebipood.ee\/tooted\/\"},{\"@type\":\"ListItem\",\"position\":3,\"name\":\"Voodipesukomplekt Albero Mio, Star Miracle (2-osaline)\"}]},{\"@type\":\"WebSite\",\"@id\":\"https:\/\/beebipood.ee\/ru\/#website\",\"url\":\"https:\/\/beebipood.ee\/ru\/\",\"name\":\"Beebipood\",\"description\":\"Lastekaubad, beebikaubad, m\u00e4nguasjad\",\"publisher\":{\"@id\":\"https:\/\/beebipood.ee\/ru\/#organization\"},\"potentialAction\":[{\"@type\":\"SearchAction\",\"target\":{\"@type\":\"EntryPoint\",\"urlTemplate\":\"https:\/\/beebipood.ee\/ru\/?s={search_term_string}\"},\"query-input\":{\"@type\":\"PropertyValueSpecification\",\"valueRequired\":true,\"valueName\":\"search_term_string\"}}],\"inLanguage\":\"ru-RU\"},{\"@type\":\"Organization\",\"@id\":\"https:\/\/beebipood.ee\/ru\/#organization\",\"name\":\"Beebipood\",\"url\":\"https:\/\/beebipood.ee\/ru\/\",\"logo\":{\"@type\":\"ImageObject\",\"inLanguage\":\"ru-RU\",\"@id\":\"https:\/\/beebipood.ee\/ru\/#\/schema\/logo\/image\/\",\"url\":\"https:\/\/beebipood.ee\/wp-content\/uploads\/2025\/03\/beebipood.ee-logo-1.svg\",\"contentUrl\":\"https:\/\/beebipood.ee\/wp-content\/uploads\/2025\/03\/beebipood.ee-logo-1.svg\",\"caption\":\"Beebipood\"},\"image\":{\"@id\":\"https:\/\/beebipood.ee\/ru\/#\/schema\/logo\/image\/\"}}]}<\/script>\n<!-- \/ Yoast SEO plugin. -->","yoast_head_json":{"title":"Voodipesukomplekt Albero Mio, Star Miracle (2-osaline), \u041f\u043e\u0441\u0442\u0435\u043b\u044c\u043d\u043e\u0435 \u0431\u0435\u043b\u044c\u0435, \u041a\u043e\u043c\u043f\u043b\u0435\u043a\u0442 \u0438\u0437 2 \u0447\u0430\u0441\u0442\u0435\u0439, M\u0435\u0431\u0435\u043b\u044c, Beebipood","description":"Voodipesukomplekt Albero Mio, Star Miracle (2-osaline), * kasutatud on parimat puuvillal&otilde;nga, et tagada pehmus, mugavus ja vastupidavus&lt;b","robots":{"index":"index","follow":"follow","max-snippet":"max-snippet:-1","max-image-preview":"max-image-preview:large","max-video-preview":"max-video-preview:-1"},"canonical":"https:\/\/beebipood.ee\/ru\/produkt\/voodipesukomplekt-albero-mio-star-miracle-2-osaline-disabled\/","og_locale":"ru_RU","og_type":"article","og_title":"Voodipesukomplekt Albero Mio, Star Miracle (2-osaline), \u041f\u043e\u0441\u0442\u0435\u043b\u044c\u043d\u043e\u0435 \u0431\u0435\u043b\u044c\u0435, \u041a\u043e\u043c\u043f\u043b\u0435\u043a\u0442 \u0438\u0437 2 \u0447\u0430\u0441\u0442\u0435\u0439, M\u0435\u0431\u0435\u043b\u044c, Beebipood","og_description":"Voodipesukomplekt Albero Mio, Star Miracle (2-osaline), * kasutatud on parimat puuvillal&otilde;nga, et tagada pehmus, mugavus ja vastupidavus&lt;b","og_url":"https:\/\/beebipood.ee\/ru\/produkt\/voodipesukomplekt-albero-mio-star-miracle-2-osaline-disabled\/","og_site_name":"Beebipood","article_modified_time":"2025-06-29T09:30:33+00:00","og_image":[{"width":600,"height":600,"url":"https:\/\/beebipood.ee\/wp-content\/uploads\/2017\/08\/Voodipesukomplekt-Albero-Mio-Star-Miracle-2osaline-Voodipesu-Komplekt-2osa-Lastemoobel-ja-sisustus_1-622.jpg","type":"image\/jpeg"}],"twitter_card":"summary_large_image","schema":{"@context":"https:\/\/schema.org","@graph":[{"@type":"WebPage","@id":"https:\/\/beebipood.ee\/ru\/produkt\/voodipesukomplekt-albero-mio-star-miracle-2-osaline-disabled\/","url":"https:\/\/beebipood.ee\/ru\/produkt\/voodipesukomplekt-albero-mio-star-miracle-2-osaline-disabled\/","name":"Voodipesukomplekt Albero Mio, Star Miracle (2-osaline), \u041f\u043e\u0441\u0442\u0435\u043b\u044c\u043d\u043e\u0435 \u0431\u0435\u043b\u044c\u0435, \u041a\u043e\u043c\u043f\u043b\u0435\u043a\u0442 \u0438\u0437 2 \u0447\u0430\u0441\u0442\u0435\u0439, M\u0435\u0431\u0435\u043b\u044c, Beebipood","isPartOf":{"@id":"https:\/\/beebipood.ee\/ru\/#website"},"primaryImageOfPage":{"@id":"https:\/\/beebipood.ee\/ru\/produkt\/voodipesukomplekt-albero-mio-star-miracle-2-osaline-disabled\/#primaryimage"},"image":{"@id":"https:\/\/beebipood.ee\/ru\/produkt\/voodipesukomplekt-albero-mio-star-miracle-2-osaline-disabled\/#primaryimage"},"thumbnailUrl":"https:\/\/beebipood.ee\/wp-content\/uploads\/2017\/08\/Voodipesukomplekt-Albero-Mio-Star-Miracle-2osaline-Voodipesu-Komplekt-2osa-Lastemoobel-ja-sisustus_1-622.jpg","datePublished":"2017-08-25T07:24:38+00:00","dateModified":"2025-06-29T09:30:33+00:00","description":"Voodipesukomplekt Albero Mio, Star Miracle (2-osaline), * kasutatud on parimat puuvillal&otilde;nga, et tagada pehmus, mugavus ja vastupidavus&lt;b","breadcrumb":{"@id":"https:\/\/beebipood.ee\/ru\/produkt\/voodipesukomplekt-albero-mio-star-miracle-2-osaline-disabled\/#breadcrumb"},"inLanguage":"ru-RU","potentialAction":[{"@type":"ReadAction","target":["https:\/\/beebipood.ee\/ru\/produkt\/voodipesukomplekt-albero-mio-star-miracle-2-osaline-disabled\/"]}]},{"@type":"ImageObject","inLanguage":"ru-RU","@id":"https:\/\/beebipood.ee\/ru\/produkt\/voodipesukomplekt-albero-mio-star-miracle-2-osaline-disabled\/#primaryimage","url":"https:\/\/beebipood.ee\/wp-content\/uploads\/2017\/08\/Voodipesukomplekt-Albero-Mio-Star-Miracle-2osaline-Voodipesu-Komplekt-2osa-Lastemoobel-ja-sisustus_1-622.jpg","contentUrl":"https:\/\/beebipood.ee\/wp-content\/uploads\/2017\/08\/Voodipesukomplekt-Albero-Mio-Star-Miracle-2osaline-Voodipesu-Komplekt-2osa-Lastemoobel-ja-sisustus_1-622.jpg","width":600,"height":600},{"@type":"BreadcrumbList","@id":"https:\/\/beebipood.ee\/ru\/produkt\/voodipesukomplekt-albero-mio-star-miracle-2-osaline-disabled\/#breadcrumb","itemListElement":[{"@type":"ListItem","position":1,"name":"Home","item":"https:\/\/beebipood.ee\/ru\/"},{"@type":"ListItem","position":2,"name":"\u041a\u0430\u0442\u0430\u043b\u043e\u0433 \u0442\u043e\u0432\u0430\u0440\u043e\u0432","item":"https:\/\/beebipood.ee\/tooted\/"},{"@type":"ListItem","position":3,"name":"Voodipesukomplekt Albero Mio, Star Miracle (2-osaline)"}]},{"@type":"WebSite","@id":"https:\/\/beebipood.ee\/ru\/#website","url":"https:\/\/beebipood.ee\/ru\/","name":"Beebipood","description":"Lastekaubad, beebikaubad, m\u00e4nguasjad","publisher":{"@id":"https:\/\/beebipood.ee\/ru\/#organization"},"potentialAction":[{"@type":"SearchAction","target":{"@type":"EntryPoint","urlTemplate":"https:\/\/beebipood.ee\/ru\/?s={search_term_string}"},"query-input":{"@type":"PropertyValueSpecification","valueRequired":true,"valueName":"search_term_string"}}],"inLanguage":"ru-RU"},{"@type":"Organization","@id":"https:\/\/beebipood.ee\/ru\/#organization","name":"Beebipood","url":"https:\/\/beebipood.ee\/ru\/","logo":{"@type":"ImageObject","inLanguage":"ru-RU","@id":"https:\/\/beebipood.ee\/ru\/#\/schema\/logo\/image\/","url":"https:\/\/beebipood.ee\/wp-content\/uploads\/2025\/03\/beebipood.ee-logo-1.svg","contentUrl":"https:\/\/beebipood.ee\/wp-content\/uploads\/2025\/03\/beebipood.ee-logo-1.svg","caption":"Beebipood"},"image":{"@id":"https:\/\/beebipood.ee\/ru\/#\/schema\/logo\/image\/"}}]}},"brands":[{"id":11946,"name":"Klups","slug":"klups-ru"}],"_links":{"self":[{"href":"https:\/\/beebipood.ee\/ru\/wp-json\/wp\/v2\/product\/457911","targetHints":{"allow":["GET"]}}],"collection":[{"href":"https:\/\/beebipood.ee\/ru\/wp-json\/wp\/v2\/product"}],"about":[{"href":"https:\/\/beebipood.ee\/ru\/wp-json\/wp\/v2\/types\/product"}],"wp:featuredmedia":[{"embeddable":true,"href":"https:\/\/beebipood.ee\/ru\/wp-json\/wp\/v2\/media\/119810"}],"wp:attachment":[{"href":"https:\/\/beebipood.ee\/ru\/wp-json\/wp\/v2\/media?parent=457911"}],"wp:term":[{"taxonomy":"pwb-brand","embeddable":true,"href":"https:\/\/beebipood.ee\/ru\/wp-json\/wp\/v2\/pwb-brand?post=457911"},{"taxonomy":"product_brand","embeddable":true,"href":"https:\/\/beebipood.ee\/ru\/wp-json\/wp\/v2\/product_brand?post=457911"},{"taxonomy":"product_cat","embeddable":true,"href":"https:\/\/beebipood.ee\/ru\/wp-json\/wp\/v2\/product_cat?post=457911"},{"taxonomy":"product_tag","embeddable":true,"href":"https:\/\/beebipood.ee\/ru\/wp-json\/wp\/v2\/product_tag?post=457911"}],"curies":[{"name":"wp","href":"https:\/\/api.w.org\/{rel}","templated":true}]}}