{"id":457941,"date":"2017-09-26T07:11:48","date_gmt":"2017-09-26T04:11:48","guid":{"rendered":"https:\/\/beebipood.ee\/toode\/leclerc-influencer-air-jalutuskaru-denim-blue\/"},"modified":"2025-01-09T10:49:23","modified_gmt":"2025-01-09T08:49:23","slug":"leclerc-influencer-air-jalutuskaru-denim-blue","status":"publish","type":"product","link":"https:\/\/beebipood.ee\/ru\/produkt\/leclerc-influencer-air-jalutuskaru-denim-blue\/","title":{"rendered":"Leclerc Influencer AIR jalutusk\u00e4ru, Denim Blue"},"content":{"rendered":"<p>Leclerc Baby Influencer Air on silmapaistev ja s\u00e4rav, <br \/>vaid 6.6kg kaaluv kergk\u00e4ru. <br \/>\u00dclikiire kokku- ja lahtivoltimine, kasutades vaid \u00fchte k\u00e4tt, <br \/>mis muudab Influencer Airi kasutamise imelihtsaks. <br \/>Eriti mugav kasutada reisimisel, kaasas transportkott, <br \/>millega hea k\u00e4ru hoiustada, autosse panne v\u00f5i ka lennukisse kaasa pakkida. <br \/>Leclerc Baby k\u00e4rude loomisel on t\u00e4helepanu detailidel, <br \/>funktsionaalsusel, ohutusel ja muidugi stiilil.<br \/><span style=\"text-decoration: underline;\"><br \/>Funktsioonid:<\/span><br \/>K\u00e4rul Influencer Air on magnetiga avatav ja suletav tuulutusava, <br \/>mis v\u00f5imaldab sooja ilmaga suurep\u00e4rast \u00f5huringlust ning magava lapse seisundit kontrollida. <br \/>Tagak\u00fcljel on eriti suur ideaalselt mobiiltelefoni, v\u00f5tmete jms jaoks sobiv tasku juhuks, <br \/>kui l\u00e4hete lihtsalt korraks v\u00e4lja ja ei soovi m\u00e4hkmekotti kaasa v\u00f5tta. <br \/>Kaarvarju helkurtoru aitab talve\u00f5htul teie lapse turvalisust tagada <br \/>ja sellel on SPF50+ p\u00e4ikesekaitse. <br \/>Kaarvarju t\u00f5mblukuga pikenduspaneel aitab tagada head \u00f5huringlust <br \/>ja n\u00e4itab jalutusk\u00e4ru suurep\u00e4rast stiili. <br \/>Peenelt viimistletud t\u00f5mblukkudele lisavad stiilsust Elcee the Foxi lukutilad.<br \/><span style=\"text-decoration: underline;\">Aksessuaarid:<\/span><br \/>T\u00e4iendavate turvatooliadapteritega saab teie laps oma grupi 0+ turvatooliga <br \/>alates s\u00fcnnist mugavat s\u00f5itu nautida. <br \/>T\u00e4iustage k\u00e4ru v\u00e4limust m\u00f5ne Influencer Airi aksessuaariga. <br \/>Valige luksusliku m\u00e4hkmekoti, soojakoti, organisaatori, <br \/>autoadapterite, istmega seisulaua v\u00f5i Twin \/Duo adapteri vahel.<br \/>Stiilsetes trendikates v\u00e4rvitoonides saadaolev kompaktne k\u00e4ru viib teid ja v\u00e4iksekest lihtsasti k\u00f5ikjale!<br \/><span style=\"text-decoration: underline;\">Komplekti kuuluvad:<\/span><br \/>\u2013 Influencer Air jalutusk\u00e4ru koos p\u00e4iksevarjuga<br \/>\u2013 Turvakaar<br \/>\u2013 Reisikott<br \/>\u2013 2 aastat garantii<br \/><span style=\"text-decoration: underline;\">Turvalisus:<\/span><br \/>\u2013 Helkurtorustikuga p\u00e4ikesevari<br \/>\u2013 Suur jalgpidur (sobib kasutamiseks pl\u00e4tude ja k\u00f5rgete kontsadega)<br \/>\u2013 Magnetiline viie punkti turvav\u00f6\u00f6 lapsele mugavaks juurdep\u00e4\u00e4suks<br \/><span style=\"text-decoration: underline;\">Mugavus nii sulle kui ka lapsele:<\/span><br \/>\u2013 Piiluakna ja riidest kattega (magnetiline) p\u00e4ikesevari<br \/>\u2013 Kolme asendisse reguleeritav seljatugi (sh magamisasend)<br \/>\u2013 Reguleeritav jalaalus (sh magamisasend)<br \/>\u2013 Suur tasku tagak\u00fcljel<br \/>\u2013 Kuni 22kg kaaluvale lapsele sobiv suur ja pehme polsterdatud iste<br \/><span style=\"text-decoration: underline;\">Kasutusmugavus:<\/span><br \/>\u2013 Jalutusk\u00e4ru saab kokku ja lahti klappida vaid \u00fche liigutusega<br \/>\u2013 Eemaldatav turvakaar<br \/>\u2013 Vedrustus neljal rattal<br \/>\u2013 M\u00e4hkmekoti ja organisaatori kinnitamise kohad<br \/>\u2013 Suur ostukorv kuni 3 kg kandmiseks<br \/>\u2013 Mahub lennuki salongis pagasiriiulisse<br \/><span style=\"text-decoration: underline;\">Kaitse ilma eest:<\/span><br \/>\u2013 Pikk p\u00e4ikesevari SPF 50+<br \/>\u2013 600D veekindel kangas<br \/>\u2013 Tagumine tuulutuspaneel<br \/><span style=\"text-decoration: underline;\">Kvaliteetsed materjalid:<\/span><br \/>\u2013 Kunstnahast kattega l\u00fckkesang ja esipiire (PU)<br \/>\u2013 Vastupidav transpordikott<br \/>\u2013 100% PU rattad ja palju muudki<br \/><span style=\"text-decoration: underline;\">Andmed:<\/span><br \/>Toote nimetus: Influencer Air<br \/>Kasutusiga: Sobib 6 kuust kuni 22 kg \/ umbes 5 eluaastani<br \/>Kaal: 6,6 kg<br \/>Istuja maksimaalne kaal: 22 kg<br \/>Ostukorvi kandev\u00f5ime: 3 kg<br \/>K\u00f5rgus avatuna: 101,5 cm<br \/>S\u00fcgavus avatuna: 61 cm<br \/>Laius avatuna: 47 cm<br \/>K\u00f5rgus kokkupandundult: 56 cm<br \/>S\u00fcgavus kokkupandult: 24 cm<br \/>Laius kokkupandult: 47 cm<br \/>Raami materjal: pulberv\u00e4rvitud alumiinium<\/p>\n","protected":false},"excerpt":{"rendered":"<p>Leclerc Baby Influencer Air on silmapaistev ja s\u00e4rav, vaid 6.6kg kaaluv kergk\u00e4ru. \u00dclikiire kokku- ja lahtivoltimine, kasutades vaid \u00fchte k\u00e4tt, mis muudab Influencer Airi kasutamise imelihtsaks. Eriti mugav kasutada reisimisel, kaasas transportkott, millega hea k\u00e4ru hoiustada, autosse panne v\u00f5i ka lennukisse kaasa pakkida. Leclerc Baby k\u00e4rude loomisel on t\u00e4helepanu detailidel, funktsionaalsusel, ohutusel ja muidugi stiilil.Funktsioonid:K\u00e4rul [&hellip;]<\/p>\n","protected":false},"featured_media":120221,"template":"","meta":{"_acf_changed":false},"pwb-brand":[11981],"product_brand":[],"product_cat":[11573,11721,11717],"product_tag":[],"class_list":{"0":"post-457941","1":"product","2":"type-product","3":"status-publish","4":"has-post-thumbnail","6":"pwb-brand-leclerc-ru","7":"product_cat-sooduspakkumised-ru","8":"product_cat-jalutuskarud-ru","9":"product_cat-lastevankrid-ja-karud-ru","10":"pa_manufacturer-leclerc-ru","12":"first","13":"onbackorder","14":"sale","15":"taxable","16":"shipping-taxable","17":"purchasable","18":"product-type-simple"},"exclude_global_add_ons":[],"addons":[],"acf":[],"yoast_head":"<!-- This site is optimized with the Yoast SEO plugin v27.3 - https:\/\/yoast.com\/product\/yoast-seo-wordpress\/ -->\n<title>Leclerc Influencer AIR jalutusk\u00e4ru, Denim Blue, \u0421\u041a\u0418\u0414\u041a\u0418, \u041a\u043e\u043b\u044f\u0441\u043a\u0438, \u041f\u0440\u043e\u0433\u0443\u043b\u043e\u0447\u043d\u044b\u0435 \u043a\u043e\u043b\u044f\u0441\u043a\u0438, Beebipood<\/title>\n<meta name=\"description\" content=\"Leclerc Influencer AIR jalutusk\u00e4ru, Denim Blue, Leclerc Baby Influencer Air on silmapaistev ja s&auml;rav, vaid 6.6kg kaaluv kergk&auml;ru. &amp;Uum\" \/>\n<meta name=\"robots\" content=\"index, follow, max-snippet:-1, max-image-preview:large, max-video-preview:-1\" \/>\n<link rel=\"canonical\" href=\"https:\/\/beebipood.ee\/ru\/produkt\/leclerc-influencer-air-jalutuskaru-denim-blue\/\" \/>\n<meta property=\"og:locale\" content=\"ru_RU\" \/>\n<meta property=\"og:type\" content=\"article\" \/>\n<meta property=\"og:title\" content=\"Leclerc Influencer AIR jalutusk\u00e4ru, Denim Blue, \u0421\u041a\u0418\u0414\u041a\u0418, \u041a\u043e\u043b\u044f\u0441\u043a\u0438, \u041f\u0440\u043e\u0433\u0443\u043b\u043e\u0447\u043d\u044b\u0435 \u043a\u043e\u043b\u044f\u0441\u043a\u0438, Beebipood\" \/>\n<meta property=\"og:description\" content=\"Leclerc Influencer AIR jalutusk\u00e4ru, Denim Blue, Leclerc Baby Influencer Air on silmapaistev ja s&auml;rav, vaid 6.6kg kaaluv kergk&auml;ru. &amp;Uum\" \/>\n<meta property=\"og:url\" content=\"https:\/\/beebipood.ee\/ru\/produkt\/leclerc-influencer-air-jalutuskaru-denim-blue\/\" \/>\n<meta property=\"og:site_name\" content=\"Beebipood\" \/>\n<meta property=\"article:modified_time\" content=\"2025-01-09T08:49:23+00:00\" \/>\n<meta property=\"og:image\" content=\"https:\/\/beebipood.ee\/wp-content\/uploads\/2017\/09\/Leclerc-Influencer-AIR-jalutuskaru-Denim-Blue-UUED-TOOTED-Lastevankrid-ja-karud-Jalutuskarud_1-a43.png\" \/>\n\t<meta property=\"og:image:width\" content=\"1000\" \/>\n\t<meta property=\"og:image:height\" content=\"1025\" \/>\n\t<meta property=\"og:image:type\" content=\"image\/png\" \/>\n<meta name=\"twitter:card\" content=\"summary_large_image\" \/>\n<meta name=\"twitter:label1\" content=\"\u041f\u0440\u0438\u043c\u0435\u0440\u043d\u043e\u0435 \u0432\u0440\u0435\u043c\u044f \u0434\u043b\u044f \u0447\u0442\u0435\u043d\u0438\u044f\" \/>\n\t<meta name=\"twitter:data1\" content=\"2 \u043c\u0438\u043d\u0443\u0442\u044b\" \/>\n<script type=\"application\/ld+json\" class=\"yoast-schema-graph\">{\"@context\":\"https:\\\/\\\/schema.org\",\"@graph\":[{\"@type\":\"WebPage\",\"@id\":\"https:\\\/\\\/beebipood.ee\\\/ru\\\/produkt\\\/leclerc-influencer-air-jalutuskaru-denim-blue\\\/\",\"url\":\"https:\\\/\\\/beebipood.ee\\\/ru\\\/produkt\\\/leclerc-influencer-air-jalutuskaru-denim-blue\\\/\",\"name\":\"Leclerc Influencer AIR jalutusk\u00e4ru, Denim Blue, \u0421\u041a\u0418\u0414\u041a\u0418, \u041a\u043e\u043b\u044f\u0441\u043a\u0438, \u041f\u0440\u043e\u0433\u0443\u043b\u043e\u0447\u043d\u044b\u0435 \u043a\u043e\u043b\u044f\u0441\u043a\u0438, Beebipood\",\"isPartOf\":{\"@id\":\"https:\\\/\\\/beebipood.ee\\\/ru\\\/#website\"},\"primaryImageOfPage\":{\"@id\":\"https:\\\/\\\/beebipood.ee\\\/ru\\\/produkt\\\/leclerc-influencer-air-jalutuskaru-denim-blue\\\/#primaryimage\"},\"image\":{\"@id\":\"https:\\\/\\\/beebipood.ee\\\/ru\\\/produkt\\\/leclerc-influencer-air-jalutuskaru-denim-blue\\\/#primaryimage\"},\"thumbnailUrl\":\"https:\\\/\\\/beebipood.ee\\\/wp-content\\\/uploads\\\/2017\\\/09\\\/Leclerc-Influencer-AIR-jalutuskaru-Denim-Blue-UUED-TOOTED-Lastevankrid-ja-karud-Jalutuskarud_1-a43.png\",\"datePublished\":\"2017-09-26T04:11:48+00:00\",\"dateModified\":\"2025-01-09T08:49:23+00:00\",\"description\":\"Leclerc Influencer AIR jalutusk\u00e4ru, Denim Blue, Leclerc Baby Influencer Air on silmapaistev ja s&auml;rav, vaid 6.6kg kaaluv kergk&auml;ru. &Uum\",\"breadcrumb\":{\"@id\":\"https:\\\/\\\/beebipood.ee\\\/ru\\\/produkt\\\/leclerc-influencer-air-jalutuskaru-denim-blue\\\/#breadcrumb\"},\"inLanguage\":\"ru-RU\",\"potentialAction\":[{\"@type\":\"ReadAction\",\"target\":[\"https:\\\/\\\/beebipood.ee\\\/ru\\\/produkt\\\/leclerc-influencer-air-jalutuskaru-denim-blue\\\/\"]}]},{\"@type\":\"ImageObject\",\"inLanguage\":\"ru-RU\",\"@id\":\"https:\\\/\\\/beebipood.ee\\\/ru\\\/produkt\\\/leclerc-influencer-air-jalutuskaru-denim-blue\\\/#primaryimage\",\"url\":\"https:\\\/\\\/beebipood.ee\\\/wp-content\\\/uploads\\\/2017\\\/09\\\/Leclerc-Influencer-AIR-jalutuskaru-Denim-Blue-UUED-TOOTED-Lastevankrid-ja-karud-Jalutuskarud_1-a43.png\",\"contentUrl\":\"https:\\\/\\\/beebipood.ee\\\/wp-content\\\/uploads\\\/2017\\\/09\\\/Leclerc-Influencer-AIR-jalutuskaru-Denim-Blue-UUED-TOOTED-Lastevankrid-ja-karud-Jalutuskarud_1-a43.png\",\"width\":1000,\"height\":1025},{\"@type\":\"BreadcrumbList\",\"@id\":\"https:\\\/\\\/beebipood.ee\\\/ru\\\/produkt\\\/leclerc-influencer-air-jalutuskaru-denim-blue\\\/#breadcrumb\",\"itemListElement\":[{\"@type\":\"ListItem\",\"position\":1,\"name\":\"Home\",\"item\":\"https:\\\/\\\/beebipood.ee\\\/ru\\\/\"},{\"@type\":\"ListItem\",\"position\":2,\"name\":\"\u041a\u0430\u0442\u0430\u043b\u043e\u0433 \u0442\u043e\u0432\u0430\u0440\u043e\u0432\",\"item\":\"https:\\\/\\\/beebipood.ee\\\/tooted\\\/\"},{\"@type\":\"ListItem\",\"position\":3,\"name\":\"Leclerc Influencer AIR jalutusk\u00e4ru, Denim Blue\"}]},{\"@type\":\"WebSite\",\"@id\":\"https:\\\/\\\/beebipood.ee\\\/ru\\\/#website\",\"url\":\"https:\\\/\\\/beebipood.ee\\\/ru\\\/\",\"name\":\"Beebipood\",\"description\":\"Lastekaubad, beebikaubad, m\u00e4nguasjad\",\"publisher\":{\"@id\":\"https:\\\/\\\/beebipood.ee\\\/ru\\\/#organization\"},\"potentialAction\":[{\"@type\":\"SearchAction\",\"target\":{\"@type\":\"EntryPoint\",\"urlTemplate\":\"https:\\\/\\\/beebipood.ee\\\/ru\\\/?s={search_term_string}\"},\"query-input\":{\"@type\":\"PropertyValueSpecification\",\"valueRequired\":true,\"valueName\":\"search_term_string\"}}],\"inLanguage\":\"ru-RU\"},{\"@type\":\"Organization\",\"@id\":\"https:\\\/\\\/beebipood.ee\\\/ru\\\/#organization\",\"name\":\"Beebipood\",\"url\":\"https:\\\/\\\/beebipood.ee\\\/ru\\\/\",\"logo\":{\"@type\":\"ImageObject\",\"inLanguage\":\"ru-RU\",\"@id\":\"https:\\\/\\\/beebipood.ee\\\/ru\\\/#\\\/schema\\\/logo\\\/image\\\/\",\"url\":\"https:\\\/\\\/beebipood.ee\\\/wp-content\\\/uploads\\\/2025\\\/03\\\/beebipood.ee-logo-1.svg\",\"contentUrl\":\"https:\\\/\\\/beebipood.ee\\\/wp-content\\\/uploads\\\/2025\\\/03\\\/beebipood.ee-logo-1.svg\",\"caption\":\"Beebipood\"},\"image\":{\"@id\":\"https:\\\/\\\/beebipood.ee\\\/ru\\\/#\\\/schema\\\/logo\\\/image\\\/\"}}]}<\/script>\n<!-- \/ Yoast SEO plugin. -->","yoast_head_json":{"title":"Leclerc Influencer AIR jalutusk\u00e4ru, Denim Blue, \u0421\u041a\u0418\u0414\u041a\u0418, \u041a\u043e\u043b\u044f\u0441\u043a\u0438, \u041f\u0440\u043e\u0433\u0443\u043b\u043e\u0447\u043d\u044b\u0435 \u043a\u043e\u043b\u044f\u0441\u043a\u0438, Beebipood","description":"Leclerc Influencer AIR jalutusk\u00e4ru, Denim Blue, Leclerc Baby Influencer Air on silmapaistev ja s&auml;rav, vaid 6.6kg kaaluv kergk&auml;ru. &Uum","robots":{"index":"index","follow":"follow","max-snippet":"max-snippet:-1","max-image-preview":"max-image-preview:large","max-video-preview":"max-video-preview:-1"},"canonical":"https:\/\/beebipood.ee\/ru\/produkt\/leclerc-influencer-air-jalutuskaru-denim-blue\/","og_locale":"ru_RU","og_type":"article","og_title":"Leclerc Influencer AIR jalutusk\u00e4ru, Denim Blue, \u0421\u041a\u0418\u0414\u041a\u0418, \u041a\u043e\u043b\u044f\u0441\u043a\u0438, \u041f\u0440\u043e\u0433\u0443\u043b\u043e\u0447\u043d\u044b\u0435 \u043a\u043e\u043b\u044f\u0441\u043a\u0438, Beebipood","og_description":"Leclerc Influencer AIR jalutusk\u00e4ru, Denim Blue, Leclerc Baby Influencer Air on silmapaistev ja s&auml;rav, vaid 6.6kg kaaluv kergk&auml;ru. &Uum","og_url":"https:\/\/beebipood.ee\/ru\/produkt\/leclerc-influencer-air-jalutuskaru-denim-blue\/","og_site_name":"Beebipood","article_modified_time":"2025-01-09T08:49:23+00:00","og_image":[{"width":1000,"height":1025,"url":"https:\/\/beebipood.ee\/wp-content\/uploads\/2017\/09\/Leclerc-Influencer-AIR-jalutuskaru-Denim-Blue-UUED-TOOTED-Lastevankrid-ja-karud-Jalutuskarud_1-a43.png","type":"image\/png"}],"twitter_card":"summary_large_image","twitter_misc":{"\u041f\u0440\u0438\u043c\u0435\u0440\u043d\u043e\u0435 \u0432\u0440\u0435\u043c\u044f \u0434\u043b\u044f \u0447\u0442\u0435\u043d\u0438\u044f":"2 \u043c\u0438\u043d\u0443\u0442\u044b"},"schema":{"@context":"https:\/\/schema.org","@graph":[{"@type":"WebPage","@id":"https:\/\/beebipood.ee\/ru\/produkt\/leclerc-influencer-air-jalutuskaru-denim-blue\/","url":"https:\/\/beebipood.ee\/ru\/produkt\/leclerc-influencer-air-jalutuskaru-denim-blue\/","name":"Leclerc Influencer AIR jalutusk\u00e4ru, Denim Blue, \u0421\u041a\u0418\u0414\u041a\u0418, \u041a\u043e\u043b\u044f\u0441\u043a\u0438, \u041f\u0440\u043e\u0433\u0443\u043b\u043e\u0447\u043d\u044b\u0435 \u043a\u043e\u043b\u044f\u0441\u043a\u0438, Beebipood","isPartOf":{"@id":"https:\/\/beebipood.ee\/ru\/#website"},"primaryImageOfPage":{"@id":"https:\/\/beebipood.ee\/ru\/produkt\/leclerc-influencer-air-jalutuskaru-denim-blue\/#primaryimage"},"image":{"@id":"https:\/\/beebipood.ee\/ru\/produkt\/leclerc-influencer-air-jalutuskaru-denim-blue\/#primaryimage"},"thumbnailUrl":"https:\/\/beebipood.ee\/wp-content\/uploads\/2017\/09\/Leclerc-Influencer-AIR-jalutuskaru-Denim-Blue-UUED-TOOTED-Lastevankrid-ja-karud-Jalutuskarud_1-a43.png","datePublished":"2017-09-26T04:11:48+00:00","dateModified":"2025-01-09T08:49:23+00:00","description":"Leclerc Influencer AIR jalutusk\u00e4ru, Denim Blue, Leclerc Baby Influencer Air on silmapaistev ja s&auml;rav, vaid 6.6kg kaaluv kergk&auml;ru. &Uum","breadcrumb":{"@id":"https:\/\/beebipood.ee\/ru\/produkt\/leclerc-influencer-air-jalutuskaru-denim-blue\/#breadcrumb"},"inLanguage":"ru-RU","potentialAction":[{"@type":"ReadAction","target":["https:\/\/beebipood.ee\/ru\/produkt\/leclerc-influencer-air-jalutuskaru-denim-blue\/"]}]},{"@type":"ImageObject","inLanguage":"ru-RU","@id":"https:\/\/beebipood.ee\/ru\/produkt\/leclerc-influencer-air-jalutuskaru-denim-blue\/#primaryimage","url":"https:\/\/beebipood.ee\/wp-content\/uploads\/2017\/09\/Leclerc-Influencer-AIR-jalutuskaru-Denim-Blue-UUED-TOOTED-Lastevankrid-ja-karud-Jalutuskarud_1-a43.png","contentUrl":"https:\/\/beebipood.ee\/wp-content\/uploads\/2017\/09\/Leclerc-Influencer-AIR-jalutuskaru-Denim-Blue-UUED-TOOTED-Lastevankrid-ja-karud-Jalutuskarud_1-a43.png","width":1000,"height":1025},{"@type":"BreadcrumbList","@id":"https:\/\/beebipood.ee\/ru\/produkt\/leclerc-influencer-air-jalutuskaru-denim-blue\/#breadcrumb","itemListElement":[{"@type":"ListItem","position":1,"name":"Home","item":"https:\/\/beebipood.ee\/ru\/"},{"@type":"ListItem","position":2,"name":"\u041a\u0430\u0442\u0430\u043b\u043e\u0433 \u0442\u043e\u0432\u0430\u0440\u043e\u0432","item":"https:\/\/beebipood.ee\/tooted\/"},{"@type":"ListItem","position":3,"name":"Leclerc Influencer AIR jalutusk\u00e4ru, Denim Blue"}]},{"@type":"WebSite","@id":"https:\/\/beebipood.ee\/ru\/#website","url":"https:\/\/beebipood.ee\/ru\/","name":"Beebipood","description":"Lastekaubad, beebikaubad, m\u00e4nguasjad","publisher":{"@id":"https:\/\/beebipood.ee\/ru\/#organization"},"potentialAction":[{"@type":"SearchAction","target":{"@type":"EntryPoint","urlTemplate":"https:\/\/beebipood.ee\/ru\/?s={search_term_string}"},"query-input":{"@type":"PropertyValueSpecification","valueRequired":true,"valueName":"search_term_string"}}],"inLanguage":"ru-RU"},{"@type":"Organization","@id":"https:\/\/beebipood.ee\/ru\/#organization","name":"Beebipood","url":"https:\/\/beebipood.ee\/ru\/","logo":{"@type":"ImageObject","inLanguage":"ru-RU","@id":"https:\/\/beebipood.ee\/ru\/#\/schema\/logo\/image\/","url":"https:\/\/beebipood.ee\/wp-content\/uploads\/2025\/03\/beebipood.ee-logo-1.svg","contentUrl":"https:\/\/beebipood.ee\/wp-content\/uploads\/2025\/03\/beebipood.ee-logo-1.svg","caption":"Beebipood"},"image":{"@id":"https:\/\/beebipood.ee\/ru\/#\/schema\/logo\/image\/"}}]}},"brands":[{"id":11981,"name":"Leclerc","slug":"leclerc-ru"}],"_links":{"self":[{"href":"https:\/\/beebipood.ee\/ru\/wp-json\/wp\/v2\/product\/457941","targetHints":{"allow":["GET"]}}],"collection":[{"href":"https:\/\/beebipood.ee\/ru\/wp-json\/wp\/v2\/product"}],"about":[{"href":"https:\/\/beebipood.ee\/ru\/wp-json\/wp\/v2\/types\/product"}],"wp:featuredmedia":[{"embeddable":true,"href":"https:\/\/beebipood.ee\/ru\/wp-json\/wp\/v2\/media\/120221"}],"wp:attachment":[{"href":"https:\/\/beebipood.ee\/ru\/wp-json\/wp\/v2\/media?parent=457941"}],"wp:term":[{"taxonomy":"pwb-brand","embeddable":true,"href":"https:\/\/beebipood.ee\/ru\/wp-json\/wp\/v2\/pwb-brand?post=457941"},{"taxonomy":"product_brand","embeddable":true,"href":"https:\/\/beebipood.ee\/ru\/wp-json\/wp\/v2\/product_brand?post=457941"},{"taxonomy":"product_cat","embeddable":true,"href":"https:\/\/beebipood.ee\/ru\/wp-json\/wp\/v2\/product_cat?post=457941"},{"taxonomy":"product_tag","embeddable":true,"href":"https:\/\/beebipood.ee\/ru\/wp-json\/wp\/v2\/product_tag?post=457941"}],"curies":[{"name":"wp","href":"https:\/\/api.w.org\/{rel}","templated":true}]}}