{"id":457961,"date":"2017-10-06T08:18:27","date_gmt":"2017-10-06T05:18:27","guid":{"rendered":"https:\/\/beebipood.ee\/toode\/ergonoomiline-istumispall-style-varvivalik\/"},"modified":"2025-01-09T10:49:22","modified_gmt":"2025-01-09T08:49:22","slug":"ergonoomiline-istumispall-style-varvivalik","status":"publish","type":"product","link":"https:\/\/beebipood.ee\/ru\/produkt\/ergonoomiline-istumispall-style-varvivalik\/","title":{"rendered":"Ergonoomiline Istumispall Style, v\u00e4rvivalik"},"content":{"rendered":"<p>Ideaalne v\u00f5imalus treenida keha s\u00fcvalihaseid, kui kasutada laua taga t\u00f6\u00f6tades <br \/>traditsioonilise tooli asemel ergonoomilist istumispalli.<br \/>Kvaliteetsest m\u00f6\u00f6blikangast \u00fcmbriskate annab muidu tavalisele treeningpallile <br \/>palju v\u00e4ljapeetuma v\u00e4limuse, mida pole patt ka elutoa nurgas hoida.<br \/>Komplekti kuulub ka pump.<br \/>Disainitud ja toodetud Eestist!<br \/>M\u00f5\u00f5dud on ligikaudu: laius 65 cm, s\u00fcgavus 65 cm, k\u00f5rgus 65 cm.<\/p>\n","protected":false},"excerpt":{"rendered":"<p>Ideaalne v\u00f5imalus treenida keha s\u00fcvalihaseid, kui kasutada laua taga t\u00f6\u00f6tades traditsioonilise tooli asemel ergonoomilist istumispalli.Kvaliteetsest m\u00f6\u00f6blikangast \u00fcmbriskate annab muidu tavalisele treeningpallile palju v\u00e4ljapeetuma v\u00e4limuse, mida pole patt ka elutoa nurgas hoida.Komplekti kuulub ka pump.Disainitud ja toodetud Eestist!M\u00f5\u00f5dud on ligikaudu: laius 65 cm, s\u00fcgavus 65 cm, k\u00f5rgus 65 cm.<\/p>\n","protected":false},"featured_media":120341,"template":"","meta":{"_acf_changed":false},"pwb-brand":[],"product_brand":[],"product_cat":[11619,11621,11565,11789],"product_tag":[],"class_list":{"0":"post-457961","1":"product","2":"type-product","3":"status-publish","4":"has-post-thumbnail","6":"product_cat-tumbad-ru","7":"product_cat-kott-toolid-ru","8":"product_cat-pehme-moobel-kott-toolid-tumbad-ru","9":"product_cat-lastemoobel-ja-sisustus-ru","11":"first","12":"onbackorder","13":"sale","14":"taxable","15":"shipping-taxable","16":"purchasable","17":"product-type-simple"},"exclude_global_add_ons":false,"addons":[{"name":"Vali v\u00e4rv","type":"multiple_choice","position":0,"required":true,"title_format":"heading","default":"","description_enable":false,"description":"","placeholder_enable":false,"placeholder":"","display":"images","restrictions_type":"any_text","adjust_price":false,"price":"","price_type":"flat_fee","restrictions":false,"min":"0","max":"0","options":[{"label":"T\u00fcrkiissinine   ","price":"","price_type":"quantity_based","image":502207,"visibility":true},{"label":"Tumesinine","price":"","price_type":"quantity_based","image":502209,"visibility":true},{"label":"Laimiroheline","price":"","price_type":"quantity_based","image":502211,"visibility":true},{"label":"Punane","price":"","price_type":"quantity_based","image":502213,"visibility":true},{"label":"Fuksiaroosa","price":"","price_type":"quantity_based","image":502215,"visibility":true},{"label":"Lilla","price":"","price_type":"quantity_based","image":502217,"visibility":true},{"label":"Violetne","price":"","price_type":"quantity_based","image":502219,"visibility":true},{"label":"Helehall","price":"","price_type":"quantity_based","image":502221,"visibility":true},{"label":"Hall ","price":"","price_type":"quantity_based","image":502223,"visibility":true},{"label":"Grafiithall","price":"","price_type":"quantity_based","image":502225,"visibility":true},{"label":"Tumehall","price":"","price_type":"quantity_based","image":502227,"visibility":true},{"label":"Elevandiluu","price":"","price_type":"quantity_based","image":502229,"visibility":true},{"label":"Kuldpruun","price":"","price_type":"quantity_based","image":502231,"visibility":true},{"label":"\u0160okolaadipruun","price":"","price_type":"quantity_based","image":502233,"visibility":true}]}],"acf":[],"yoast_head":"<!-- This site is optimized with the Yoast SEO plugin v27.1.1 - https:\/\/yoast.com\/product\/yoast-seo-wordpress\/ -->\n<title>Ergonoomiline Istumispall Style, v\u00e4rvivalik, \u041c\u044f\u0433\u043a\u0430\u044f \u043c\u0435\u0431\u0435\u043b\u044c, \u043a\u0440\u0435\u0441\u043b\u043e-\u043c\u0435\u0448\u043e\u043a,\u0442\u0443\u043c\u0431\u044b, \u041d\u041e\u0412\u042b\u0415 \u0422\u041e\u0412\u0410\u0420\u042b, T\u0443\u043c\u0431\u044b, \u041a\u0440\u0435\u0441\u043b\u043e-\u043c\u0435\u0448\u043e\u043a, M\u0435\u0431\u0435\u043b\u044c, Beebipood<\/title>\n<meta name=\"description\" content=\"Ergonoomiline Istumispall Style, v\u00e4rvivalik, Ideaalne v&otilde;imalus treenida keha s&uuml;valihaseid, kui kasutada laua taga t&ouml;&ouml;tades tradi\" \/>\n<meta name=\"robots\" content=\"index, follow, max-snippet:-1, max-image-preview:large, max-video-preview:-1\" \/>\n<link rel=\"canonical\" href=\"https:\/\/beebipood.ee\/ru\/produkt\/ergonoomiline-istumispall-style-varvivalik\/\" \/>\n<meta property=\"og:locale\" content=\"ru_RU\" \/>\n<meta property=\"og:type\" content=\"article\" \/>\n<meta property=\"og:title\" content=\"Ergonoomiline Istumispall Style, v\u00e4rvivalik, \u041c\u044f\u0433\u043a\u0430\u044f \u043c\u0435\u0431\u0435\u043b\u044c, \u043a\u0440\u0435\u0441\u043b\u043e-\u043c\u0435\u0448\u043e\u043a,\u0442\u0443\u043c\u0431\u044b, \u041d\u041e\u0412\u042b\u0415 \u0422\u041e\u0412\u0410\u0420\u042b, T\u0443\u043c\u0431\u044b, \u041a\u0440\u0435\u0441\u043b\u043e-\u043c\u0435\u0448\u043e\u043a, M\u0435\u0431\u0435\u043b\u044c, Beebipood\" \/>\n<meta property=\"og:description\" content=\"Ergonoomiline Istumispall Style, v\u00e4rvivalik, Ideaalne v&otilde;imalus treenida keha s&uuml;valihaseid, kui kasutada laua taga t&ouml;&ouml;tades tradi\" \/>\n<meta property=\"og:url\" content=\"https:\/\/beebipood.ee\/ru\/produkt\/ergonoomiline-istumispall-style-varvivalik\/\" \/>\n<meta property=\"og:site_name\" content=\"Beebipood\" \/>\n<meta property=\"article:modified_time\" content=\"2025-01-09T08:49:22+00:00\" \/>\n<meta property=\"og:image\" content=\"https:\/\/beebipood.ee\/wp-content\/uploads\/2017\/10\/Ergonoomiline-Istumispall-Style-varvivalik-Pehme-moobel-kotttoolid-tumbad-UUED-TOOTED-Tumbad-Kotttoolid-Lastemoobel-ja-sisustus_2-3b1.jpg\" \/>\n\t<meta property=\"og:image:width\" content=\"1500\" \/>\n\t<meta property=\"og:image:height\" content=\"1000\" \/>\n\t<meta property=\"og:image:type\" content=\"image\/jpeg\" \/>\n<meta name=\"twitter:card\" content=\"summary_large_image\" \/>\n<script type=\"application\/ld+json\" class=\"yoast-schema-graph\">{\"@context\":\"https:\/\/schema.org\",\"@graph\":[{\"@type\":\"WebPage\",\"@id\":\"https:\/\/beebipood.ee\/ru\/produkt\/ergonoomiline-istumispall-style-varvivalik\/\",\"url\":\"https:\/\/beebipood.ee\/ru\/produkt\/ergonoomiline-istumispall-style-varvivalik\/\",\"name\":\"Ergonoomiline Istumispall Style, v\u00e4rvivalik, \u041c\u044f\u0433\u043a\u0430\u044f \u043c\u0435\u0431\u0435\u043b\u044c, \u043a\u0440\u0435\u0441\u043b\u043e-\u043c\u0435\u0448\u043e\u043a,\u0442\u0443\u043c\u0431\u044b, \u041d\u041e\u0412\u042b\u0415 \u0422\u041e\u0412\u0410\u0420\u042b, T\u0443\u043c\u0431\u044b, \u041a\u0440\u0435\u0441\u043b\u043e-\u043c\u0435\u0448\u043e\u043a, M\u0435\u0431\u0435\u043b\u044c, Beebipood\",\"isPartOf\":{\"@id\":\"https:\/\/beebipood.ee\/ru\/#website\"},\"primaryImageOfPage\":{\"@id\":\"https:\/\/beebipood.ee\/ru\/produkt\/ergonoomiline-istumispall-style-varvivalik\/#primaryimage\"},\"image\":{\"@id\":\"https:\/\/beebipood.ee\/ru\/produkt\/ergonoomiline-istumispall-style-varvivalik\/#primaryimage\"},\"thumbnailUrl\":\"https:\/\/beebipood.ee\/wp-content\/uploads\/2017\/10\/Ergonoomiline-Istumispall-Style-varvivalik-Pehme-moobel-kotttoolid-tumbad-UUED-TOOTED-Tumbad-Kotttoolid-Lastemoobel-ja-sisustus_2-3b1.jpg\",\"datePublished\":\"2017-10-06T05:18:27+00:00\",\"dateModified\":\"2025-01-09T08:49:22+00:00\",\"description\":\"Ergonoomiline Istumispall Style, v\u00e4rvivalik, Ideaalne v&otilde;imalus treenida keha s&uuml;valihaseid, kui kasutada laua taga t&ouml;&ouml;tades tradi\",\"breadcrumb\":{\"@id\":\"https:\/\/beebipood.ee\/ru\/produkt\/ergonoomiline-istumispall-style-varvivalik\/#breadcrumb\"},\"inLanguage\":\"ru-RU\",\"potentialAction\":[{\"@type\":\"ReadAction\",\"target\":[\"https:\/\/beebipood.ee\/ru\/produkt\/ergonoomiline-istumispall-style-varvivalik\/\"]}]},{\"@type\":\"ImageObject\",\"inLanguage\":\"ru-RU\",\"@id\":\"https:\/\/beebipood.ee\/ru\/produkt\/ergonoomiline-istumispall-style-varvivalik\/#primaryimage\",\"url\":\"https:\/\/beebipood.ee\/wp-content\/uploads\/2017\/10\/Ergonoomiline-Istumispall-Style-varvivalik-Pehme-moobel-kotttoolid-tumbad-UUED-TOOTED-Tumbad-Kotttoolid-Lastemoobel-ja-sisustus_2-3b1.jpg\",\"contentUrl\":\"https:\/\/beebipood.ee\/wp-content\/uploads\/2017\/10\/Ergonoomiline-Istumispall-Style-varvivalik-Pehme-moobel-kotttoolid-tumbad-UUED-TOOTED-Tumbad-Kotttoolid-Lastemoobel-ja-sisustus_2-3b1.jpg\",\"width\":1500,\"height\":1000},{\"@type\":\"BreadcrumbList\",\"@id\":\"https:\/\/beebipood.ee\/ru\/produkt\/ergonoomiline-istumispall-style-varvivalik\/#breadcrumb\",\"itemListElement\":[{\"@type\":\"ListItem\",\"position\":1,\"name\":\"Home\",\"item\":\"https:\/\/beebipood.ee\/ru\/\"},{\"@type\":\"ListItem\",\"position\":2,\"name\":\"\u041a\u0430\u0442\u0430\u043b\u043e\u0433 \u0442\u043e\u0432\u0430\u0440\u043e\u0432\",\"item\":\"https:\/\/beebipood.ee\/tooted\/\"},{\"@type\":\"ListItem\",\"position\":3,\"name\":\"Ergonoomiline Istumispall Style, v\u00e4rvivalik\"}]},{\"@type\":\"WebSite\",\"@id\":\"https:\/\/beebipood.ee\/ru\/#website\",\"url\":\"https:\/\/beebipood.ee\/ru\/\",\"name\":\"Beebipood\",\"description\":\"Lastekaubad, beebikaubad, m\u00e4nguasjad\",\"publisher\":{\"@id\":\"https:\/\/beebipood.ee\/ru\/#organization\"},\"potentialAction\":[{\"@type\":\"SearchAction\",\"target\":{\"@type\":\"EntryPoint\",\"urlTemplate\":\"https:\/\/beebipood.ee\/ru\/?s={search_term_string}\"},\"query-input\":{\"@type\":\"PropertyValueSpecification\",\"valueRequired\":true,\"valueName\":\"search_term_string\"}}],\"inLanguage\":\"ru-RU\"},{\"@type\":\"Organization\",\"@id\":\"https:\/\/beebipood.ee\/ru\/#organization\",\"name\":\"Beebipood\",\"url\":\"https:\/\/beebipood.ee\/ru\/\",\"logo\":{\"@type\":\"ImageObject\",\"inLanguage\":\"ru-RU\",\"@id\":\"https:\/\/beebipood.ee\/ru\/#\/schema\/logo\/image\/\",\"url\":\"https:\/\/beebipood.ee\/wp-content\/uploads\/2025\/03\/beebipood.ee-logo-1.svg\",\"contentUrl\":\"https:\/\/beebipood.ee\/wp-content\/uploads\/2025\/03\/beebipood.ee-logo-1.svg\",\"caption\":\"Beebipood\"},\"image\":{\"@id\":\"https:\/\/beebipood.ee\/ru\/#\/schema\/logo\/image\/\"}}]}<\/script>\n<!-- \/ Yoast SEO plugin. -->","yoast_head_json":{"title":"Ergonoomiline Istumispall Style, v\u00e4rvivalik, \u041c\u044f\u0433\u043a\u0430\u044f \u043c\u0435\u0431\u0435\u043b\u044c, \u043a\u0440\u0435\u0441\u043b\u043e-\u043c\u0435\u0448\u043e\u043a,\u0442\u0443\u043c\u0431\u044b, \u041d\u041e\u0412\u042b\u0415 \u0422\u041e\u0412\u0410\u0420\u042b, T\u0443\u043c\u0431\u044b, \u041a\u0440\u0435\u0441\u043b\u043e-\u043c\u0435\u0448\u043e\u043a, M\u0435\u0431\u0435\u043b\u044c, Beebipood","description":"Ergonoomiline Istumispall Style, v\u00e4rvivalik, Ideaalne v&otilde;imalus treenida keha s&uuml;valihaseid, kui kasutada laua taga t&ouml;&ouml;tades tradi","robots":{"index":"index","follow":"follow","max-snippet":"max-snippet:-1","max-image-preview":"max-image-preview:large","max-video-preview":"max-video-preview:-1"},"canonical":"https:\/\/beebipood.ee\/ru\/produkt\/ergonoomiline-istumispall-style-varvivalik\/","og_locale":"ru_RU","og_type":"article","og_title":"Ergonoomiline Istumispall Style, v\u00e4rvivalik, \u041c\u044f\u0433\u043a\u0430\u044f \u043c\u0435\u0431\u0435\u043b\u044c, \u043a\u0440\u0435\u0441\u043b\u043e-\u043c\u0435\u0448\u043e\u043a,\u0442\u0443\u043c\u0431\u044b, \u041d\u041e\u0412\u042b\u0415 \u0422\u041e\u0412\u0410\u0420\u042b, T\u0443\u043c\u0431\u044b, \u041a\u0440\u0435\u0441\u043b\u043e-\u043c\u0435\u0448\u043e\u043a, M\u0435\u0431\u0435\u043b\u044c, Beebipood","og_description":"Ergonoomiline Istumispall Style, v\u00e4rvivalik, Ideaalne v&otilde;imalus treenida keha s&uuml;valihaseid, kui kasutada laua taga t&ouml;&ouml;tades tradi","og_url":"https:\/\/beebipood.ee\/ru\/produkt\/ergonoomiline-istumispall-style-varvivalik\/","og_site_name":"Beebipood","article_modified_time":"2025-01-09T08:49:22+00:00","og_image":[{"width":1500,"height":1000,"url":"https:\/\/beebipood.ee\/wp-content\/uploads\/2017\/10\/Ergonoomiline-Istumispall-Style-varvivalik-Pehme-moobel-kotttoolid-tumbad-UUED-TOOTED-Tumbad-Kotttoolid-Lastemoobel-ja-sisustus_2-3b1.jpg","type":"image\/jpeg"}],"twitter_card":"summary_large_image","schema":{"@context":"https:\/\/schema.org","@graph":[{"@type":"WebPage","@id":"https:\/\/beebipood.ee\/ru\/produkt\/ergonoomiline-istumispall-style-varvivalik\/","url":"https:\/\/beebipood.ee\/ru\/produkt\/ergonoomiline-istumispall-style-varvivalik\/","name":"Ergonoomiline Istumispall Style, v\u00e4rvivalik, \u041c\u044f\u0433\u043a\u0430\u044f \u043c\u0435\u0431\u0435\u043b\u044c, \u043a\u0440\u0435\u0441\u043b\u043e-\u043c\u0435\u0448\u043e\u043a,\u0442\u0443\u043c\u0431\u044b, \u041d\u041e\u0412\u042b\u0415 \u0422\u041e\u0412\u0410\u0420\u042b, T\u0443\u043c\u0431\u044b, \u041a\u0440\u0435\u0441\u043b\u043e-\u043c\u0435\u0448\u043e\u043a, M\u0435\u0431\u0435\u043b\u044c, Beebipood","isPartOf":{"@id":"https:\/\/beebipood.ee\/ru\/#website"},"primaryImageOfPage":{"@id":"https:\/\/beebipood.ee\/ru\/produkt\/ergonoomiline-istumispall-style-varvivalik\/#primaryimage"},"image":{"@id":"https:\/\/beebipood.ee\/ru\/produkt\/ergonoomiline-istumispall-style-varvivalik\/#primaryimage"},"thumbnailUrl":"https:\/\/beebipood.ee\/wp-content\/uploads\/2017\/10\/Ergonoomiline-Istumispall-Style-varvivalik-Pehme-moobel-kotttoolid-tumbad-UUED-TOOTED-Tumbad-Kotttoolid-Lastemoobel-ja-sisustus_2-3b1.jpg","datePublished":"2017-10-06T05:18:27+00:00","dateModified":"2025-01-09T08:49:22+00:00","description":"Ergonoomiline Istumispall Style, v\u00e4rvivalik, Ideaalne v&otilde;imalus treenida keha s&uuml;valihaseid, kui kasutada laua taga t&ouml;&ouml;tades tradi","breadcrumb":{"@id":"https:\/\/beebipood.ee\/ru\/produkt\/ergonoomiline-istumispall-style-varvivalik\/#breadcrumb"},"inLanguage":"ru-RU","potentialAction":[{"@type":"ReadAction","target":["https:\/\/beebipood.ee\/ru\/produkt\/ergonoomiline-istumispall-style-varvivalik\/"]}]},{"@type":"ImageObject","inLanguage":"ru-RU","@id":"https:\/\/beebipood.ee\/ru\/produkt\/ergonoomiline-istumispall-style-varvivalik\/#primaryimage","url":"https:\/\/beebipood.ee\/wp-content\/uploads\/2017\/10\/Ergonoomiline-Istumispall-Style-varvivalik-Pehme-moobel-kotttoolid-tumbad-UUED-TOOTED-Tumbad-Kotttoolid-Lastemoobel-ja-sisustus_2-3b1.jpg","contentUrl":"https:\/\/beebipood.ee\/wp-content\/uploads\/2017\/10\/Ergonoomiline-Istumispall-Style-varvivalik-Pehme-moobel-kotttoolid-tumbad-UUED-TOOTED-Tumbad-Kotttoolid-Lastemoobel-ja-sisustus_2-3b1.jpg","width":1500,"height":1000},{"@type":"BreadcrumbList","@id":"https:\/\/beebipood.ee\/ru\/produkt\/ergonoomiline-istumispall-style-varvivalik\/#breadcrumb","itemListElement":[{"@type":"ListItem","position":1,"name":"Home","item":"https:\/\/beebipood.ee\/ru\/"},{"@type":"ListItem","position":2,"name":"\u041a\u0430\u0442\u0430\u043b\u043e\u0433 \u0442\u043e\u0432\u0430\u0440\u043e\u0432","item":"https:\/\/beebipood.ee\/tooted\/"},{"@type":"ListItem","position":3,"name":"Ergonoomiline Istumispall Style, v\u00e4rvivalik"}]},{"@type":"WebSite","@id":"https:\/\/beebipood.ee\/ru\/#website","url":"https:\/\/beebipood.ee\/ru\/","name":"Beebipood","description":"Lastekaubad, beebikaubad, m\u00e4nguasjad","publisher":{"@id":"https:\/\/beebipood.ee\/ru\/#organization"},"potentialAction":[{"@type":"SearchAction","target":{"@type":"EntryPoint","urlTemplate":"https:\/\/beebipood.ee\/ru\/?s={search_term_string}"},"query-input":{"@type":"PropertyValueSpecification","valueRequired":true,"valueName":"search_term_string"}}],"inLanguage":"ru-RU"},{"@type":"Organization","@id":"https:\/\/beebipood.ee\/ru\/#organization","name":"Beebipood","url":"https:\/\/beebipood.ee\/ru\/","logo":{"@type":"ImageObject","inLanguage":"ru-RU","@id":"https:\/\/beebipood.ee\/ru\/#\/schema\/logo\/image\/","url":"https:\/\/beebipood.ee\/wp-content\/uploads\/2025\/03\/beebipood.ee-logo-1.svg","contentUrl":"https:\/\/beebipood.ee\/wp-content\/uploads\/2025\/03\/beebipood.ee-logo-1.svg","caption":"Beebipood"},"image":{"@id":"https:\/\/beebipood.ee\/ru\/#\/schema\/logo\/image\/"}}]}},"brands":[],"_links":{"self":[{"href":"https:\/\/beebipood.ee\/ru\/wp-json\/wp\/v2\/product\/457961","targetHints":{"allow":["GET"]}}],"collection":[{"href":"https:\/\/beebipood.ee\/ru\/wp-json\/wp\/v2\/product"}],"about":[{"href":"https:\/\/beebipood.ee\/ru\/wp-json\/wp\/v2\/types\/product"}],"wp:featuredmedia":[{"embeddable":true,"href":"https:\/\/beebipood.ee\/ru\/wp-json\/wp\/v2\/media\/120341"}],"wp:attachment":[{"href":"https:\/\/beebipood.ee\/ru\/wp-json\/wp\/v2\/media?parent=457961"}],"wp:term":[{"taxonomy":"pwb-brand","embeddable":true,"href":"https:\/\/beebipood.ee\/ru\/wp-json\/wp\/v2\/pwb-brand?post=457961"},{"taxonomy":"product_brand","embeddable":true,"href":"https:\/\/beebipood.ee\/ru\/wp-json\/wp\/v2\/product_brand?post=457961"},{"taxonomy":"product_cat","embeddable":true,"href":"https:\/\/beebipood.ee\/ru\/wp-json\/wp\/v2\/product_cat?post=457961"},{"taxonomy":"product_tag","embeddable":true,"href":"https:\/\/beebipood.ee\/ru\/wp-json\/wp\/v2\/product_tag?post=457961"}],"curies":[{"name":"wp","href":"https:\/\/api.w.org\/{rel}","templated":true}]}}