{"id":457963,"date":"2017-10-06T08:27:11","date_gmt":"2017-10-06T05:27:11","guid":{"rendered":"https:\/\/beebipood.ee\/toode\/tumba-olivia-vogue-varvivalik\/"},"modified":"2025-01-09T10:49:22","modified_gmt":"2025-01-09T08:49:22","slug":"tumba-olivia-vogue-varvivalik","status":"publish","type":"product","link":"https:\/\/beebipood.ee\/ru\/produkt\/tumba-olivia-vogue-varvivalik\/","title":{"rendered":"Tumba Olivia Vogue, v\u00e4rvivalik"},"content":{"rendered":"<p>Olivia j\u00e4rgib sisustusmoe viimaseid trende olles m\u00e4rgatavalt suurem kui tavap\u00e4rane tumba <br \/>\u2013 see muudab ta silmatorkavaks sisustuselemendiks, mis lisaks on ka m\u00f5nusalt pehme.<br \/>T\u00e4nu oma \u00e4\u00e4retult kergele kaalule teeb ta silmad ette klassikalisele puitraamiga tumbale, <br \/>mis selliste m\u00f5\u00f5tmete juures \u00fcsna kohmakaks variandiks osutuks.<br \/>2-kordsed \u00f5mblused annavad kott-toolile vastupidavuse ja tagavad tema pikaealisuse.<br \/>Tumba on t\u00e4idetud mittes\u00fcttivate ja sertifitseeritud vahtpol\u00fcst\u00fcreengraanulitega (210 liitrit).<br \/>P\u00f5hja all oleva topeltluku taga on t\u00e4itmise koht, mille abil saab vajadusel lisada graanuleid.<br \/>Tumba m\u00f5\u00f5dud on ligikaudu: laius 80 cm, s\u00fcgavus 80 cm, k\u00f5rgus 35 cm.<br \/>Tumbal on eraldi sisekott, mis annab v\u00f5imaluse v\u00e4limist \u00fcmbriskatet <br \/>mugavalt kogu t\u00e4iega pesta (tavapesu programm, kuni 40 kraadi).<br \/>Disainitud ja toodetud Eestis!<\/p>\n","protected":false},"excerpt":{"rendered":"<p>Olivia j\u00e4rgib sisustusmoe viimaseid trende olles m\u00e4rgatavalt suurem kui tavap\u00e4rane tumba \u2013 see muudab ta silmatorkavaks sisustuselemendiks, mis lisaks on ka m\u00f5nusalt pehme.T\u00e4nu oma \u00e4\u00e4retult kergele kaalule teeb ta silmad ette klassikalisele puitraamiga tumbale, mis selliste m\u00f5\u00f5tmete juures \u00fcsna kohmakaks variandiks osutuks.2-kordsed \u00f5mblused annavad kott-toolile vastupidavuse ja tagavad tema pikaealisuse.Tumba on t\u00e4idetud mittes\u00fcttivate ja sertifitseeritud [&hellip;]<\/p>\n","protected":false},"featured_media":120366,"template":"","meta":{"_acf_changed":false},"pwb-brand":[],"product_brand":[],"product_cat":[11619,11565,11789],"product_tag":[],"class_list":{"0":"post-457963","1":"product","2":"type-product","3":"status-publish","4":"has-post-thumbnail","6":"product_cat-tumbad-ru","7":"product_cat-pehme-moobel-kott-toolid-tumbad-ru","8":"product_cat-lastemoobel-ja-sisustus-ru","10":"first","11":"onbackorder","12":"sale","13":"taxable","14":"shipping-taxable","15":"purchasable","16":"product-type-simple"},"exclude_global_add_ons":false,"addons":[{"name":"Vali v\u00e4rv","type":"multiple_choice","position":0,"required":true,"title_format":"heading","default":"","description_enable":false,"description":"","placeholder_enable":false,"placeholder":"","display":"images","restrictions_type":"any_text","adjust_price":false,"price":"","price_type":"flat_fee","restrictions":false,"min":"0","max":"0","options":[{"label":"Bordoopunane   ","price":"","price_type":"quantity_based","image":502235,"visibility":true},{"label":"Korallpunane  ","price":"","price_type":"quantity_based","image":502237,"visibility":true},{"label":"Kuldne ","price":"","price_type":"quantity_based","image":502239,"visibility":true},{"label":"Oliiviroheline","price":"","price_type":"quantity_based","image":502241,"visibility":true},{"label":"Kreemvalge ","price":"","price_type":"quantity_based","image":502243,"visibility":true},{"label":"Hall ","price":"","price_type":"quantity_based","image":502245,"visibility":true},{"label":"Tumehall ","price":"","price_type":"quantity_based","image":502247,"visibility":true},{"label":"Rohekassinine ","price":"","price_type":"quantity_based","image":502249,"visibility":true},{"label":"S\u00fcgavsinine","price":"","price_type":"quantity_based","image":502251,"visibility":true}]}],"acf":[],"yoast_head":"<!-- This site is optimized with the Yoast SEO plugin v27.1.1 - https:\/\/yoast.com\/product\/yoast-seo-wordpress\/ -->\n<title>Tumba Olivia Vogue, v\u00e4rvivalik, \u041c\u044f\u0433\u043a\u0430\u044f \u043c\u0435\u0431\u0435\u043b\u044c, \u043a\u0440\u0435\u0441\u043b\u043e-\u043c\u0435\u0448\u043e\u043a,\u0442\u0443\u043c\u0431\u044b, \u041d\u041e\u0412\u042b\u0415 \u0422\u041e\u0412\u0410\u0420\u042b, T\u0443\u043c\u0431\u044b, M\u0435\u0431\u0435\u043b\u044c, Beebipood<\/title>\n<meta name=\"description\" content=\"Tumba Olivia Vogue, v\u00e4rvivalik, Olivia j&auml;rgib sisustusmoe viimaseid trende olles m&auml;rgatavalt suurem kui tavap&auml;rane tumba &ndash; see mu\" \/>\n<meta name=\"robots\" content=\"index, follow, max-snippet:-1, max-image-preview:large, max-video-preview:-1\" \/>\n<link rel=\"canonical\" href=\"https:\/\/beebipood.ee\/ru\/produkt\/tumba-olivia-vogue-varvivalik\/\" \/>\n<meta property=\"og:locale\" content=\"ru_RU\" \/>\n<meta property=\"og:type\" content=\"article\" \/>\n<meta property=\"og:title\" content=\"Tumba Olivia Vogue, v\u00e4rvivalik, \u041c\u044f\u0433\u043a\u0430\u044f \u043c\u0435\u0431\u0435\u043b\u044c, \u043a\u0440\u0435\u0441\u043b\u043e-\u043c\u0435\u0448\u043e\u043a,\u0442\u0443\u043c\u0431\u044b, \u041d\u041e\u0412\u042b\u0415 \u0422\u041e\u0412\u0410\u0420\u042b, T\u0443\u043c\u0431\u044b, M\u0435\u0431\u0435\u043b\u044c, Beebipood\" \/>\n<meta property=\"og:description\" content=\"Tumba Olivia Vogue, v\u00e4rvivalik, Olivia j&auml;rgib sisustusmoe viimaseid trende olles m&auml;rgatavalt suurem kui tavap&auml;rane tumba &ndash; see mu\" \/>\n<meta property=\"og:url\" content=\"https:\/\/beebipood.ee\/ru\/produkt\/tumba-olivia-vogue-varvivalik\/\" \/>\n<meta property=\"og:site_name\" content=\"Beebipood\" \/>\n<meta property=\"article:modified_time\" content=\"2025-01-09T08:49:22+00:00\" \/>\n<meta property=\"og:image\" content=\"https:\/\/beebipood.ee\/wp-content\/uploads\/2017\/10\/Tumba-Olivia-Vogue-Pehme-moobel-kotttoolid-tumbad-UUED-TOOTED-Tumbad-Lastemoobel-ja-sisustus_1-429.jpg\" \/>\n\t<meta property=\"og:image:width\" content=\"1500\" \/>\n\t<meta property=\"og:image:height\" content=\"1000\" \/>\n\t<meta property=\"og:image:type\" content=\"image\/jpeg\" \/>\n<meta name=\"twitter:card\" content=\"summary_large_image\" \/>\n<meta name=\"twitter:label1\" content=\"\u041f\u0440\u0438\u043c\u0435\u0440\u043d\u043e\u0435 \u0432\u0440\u0435\u043c\u044f \u0434\u043b\u044f \u0447\u0442\u0435\u043d\u0438\u044f\" \/>\n\t<meta name=\"twitter:data1\" content=\"1 \u043c\u0438\u043d\u0443\u0442\u0430\" \/>\n<script type=\"application\/ld+json\" class=\"yoast-schema-graph\">{\"@context\":\"https:\/\/schema.org\",\"@graph\":[{\"@type\":\"WebPage\",\"@id\":\"https:\/\/beebipood.ee\/ru\/produkt\/tumba-olivia-vogue-varvivalik\/\",\"url\":\"https:\/\/beebipood.ee\/ru\/produkt\/tumba-olivia-vogue-varvivalik\/\",\"name\":\"Tumba Olivia Vogue, v\u00e4rvivalik, \u041c\u044f\u0433\u043a\u0430\u044f \u043c\u0435\u0431\u0435\u043b\u044c, \u043a\u0440\u0435\u0441\u043b\u043e-\u043c\u0435\u0448\u043e\u043a,\u0442\u0443\u043c\u0431\u044b, \u041d\u041e\u0412\u042b\u0415 \u0422\u041e\u0412\u0410\u0420\u042b, T\u0443\u043c\u0431\u044b, M\u0435\u0431\u0435\u043b\u044c, Beebipood\",\"isPartOf\":{\"@id\":\"https:\/\/beebipood.ee\/ru\/#website\"},\"primaryImageOfPage\":{\"@id\":\"https:\/\/beebipood.ee\/ru\/produkt\/tumba-olivia-vogue-varvivalik\/#primaryimage\"},\"image\":{\"@id\":\"https:\/\/beebipood.ee\/ru\/produkt\/tumba-olivia-vogue-varvivalik\/#primaryimage\"},\"thumbnailUrl\":\"https:\/\/beebipood.ee\/wp-content\/uploads\/2017\/10\/Tumba-Olivia-Vogue-Pehme-moobel-kotttoolid-tumbad-UUED-TOOTED-Tumbad-Lastemoobel-ja-sisustus_1-429.jpg\",\"datePublished\":\"2017-10-06T05:27:11+00:00\",\"dateModified\":\"2025-01-09T08:49:22+00:00\",\"description\":\"Tumba Olivia Vogue, v\u00e4rvivalik, Olivia j&auml;rgib sisustusmoe viimaseid trende olles m&auml;rgatavalt suurem kui tavap&auml;rane tumba &ndash; see mu\",\"breadcrumb\":{\"@id\":\"https:\/\/beebipood.ee\/ru\/produkt\/tumba-olivia-vogue-varvivalik\/#breadcrumb\"},\"inLanguage\":\"ru-RU\",\"potentialAction\":[{\"@type\":\"ReadAction\",\"target\":[\"https:\/\/beebipood.ee\/ru\/produkt\/tumba-olivia-vogue-varvivalik\/\"]}]},{\"@type\":\"ImageObject\",\"inLanguage\":\"ru-RU\",\"@id\":\"https:\/\/beebipood.ee\/ru\/produkt\/tumba-olivia-vogue-varvivalik\/#primaryimage\",\"url\":\"https:\/\/beebipood.ee\/wp-content\/uploads\/2017\/10\/Tumba-Olivia-Vogue-Pehme-moobel-kotttoolid-tumbad-UUED-TOOTED-Tumbad-Lastemoobel-ja-sisustus_1-429.jpg\",\"contentUrl\":\"https:\/\/beebipood.ee\/wp-content\/uploads\/2017\/10\/Tumba-Olivia-Vogue-Pehme-moobel-kotttoolid-tumbad-UUED-TOOTED-Tumbad-Lastemoobel-ja-sisustus_1-429.jpg\",\"width\":1500,\"height\":1000},{\"@type\":\"BreadcrumbList\",\"@id\":\"https:\/\/beebipood.ee\/ru\/produkt\/tumba-olivia-vogue-varvivalik\/#breadcrumb\",\"itemListElement\":[{\"@type\":\"ListItem\",\"position\":1,\"name\":\"Home\",\"item\":\"https:\/\/beebipood.ee\/ru\/\"},{\"@type\":\"ListItem\",\"position\":2,\"name\":\"\u041a\u0430\u0442\u0430\u043b\u043e\u0433 \u0442\u043e\u0432\u0430\u0440\u043e\u0432\",\"item\":\"https:\/\/beebipood.ee\/tooted\/\"},{\"@type\":\"ListItem\",\"position\":3,\"name\":\"Tumba Olivia Vogue, v\u00e4rvivalik\"}]},{\"@type\":\"WebSite\",\"@id\":\"https:\/\/beebipood.ee\/ru\/#website\",\"url\":\"https:\/\/beebipood.ee\/ru\/\",\"name\":\"Beebipood\",\"description\":\"Lastekaubad, beebikaubad, m\u00e4nguasjad\",\"publisher\":{\"@id\":\"https:\/\/beebipood.ee\/ru\/#organization\"},\"potentialAction\":[{\"@type\":\"SearchAction\",\"target\":{\"@type\":\"EntryPoint\",\"urlTemplate\":\"https:\/\/beebipood.ee\/ru\/?s={search_term_string}\"},\"query-input\":{\"@type\":\"PropertyValueSpecification\",\"valueRequired\":true,\"valueName\":\"search_term_string\"}}],\"inLanguage\":\"ru-RU\"},{\"@type\":\"Organization\",\"@id\":\"https:\/\/beebipood.ee\/ru\/#organization\",\"name\":\"Beebipood\",\"url\":\"https:\/\/beebipood.ee\/ru\/\",\"logo\":{\"@type\":\"ImageObject\",\"inLanguage\":\"ru-RU\",\"@id\":\"https:\/\/beebipood.ee\/ru\/#\/schema\/logo\/image\/\",\"url\":\"https:\/\/beebipood.ee\/wp-content\/uploads\/2025\/03\/beebipood.ee-logo-1.svg\",\"contentUrl\":\"https:\/\/beebipood.ee\/wp-content\/uploads\/2025\/03\/beebipood.ee-logo-1.svg\",\"caption\":\"Beebipood\"},\"image\":{\"@id\":\"https:\/\/beebipood.ee\/ru\/#\/schema\/logo\/image\/\"}}]}<\/script>\n<!-- \/ Yoast SEO plugin. -->","yoast_head_json":{"title":"Tumba Olivia Vogue, v\u00e4rvivalik, \u041c\u044f\u0433\u043a\u0430\u044f \u043c\u0435\u0431\u0435\u043b\u044c, \u043a\u0440\u0435\u0441\u043b\u043e-\u043c\u0435\u0448\u043e\u043a,\u0442\u0443\u043c\u0431\u044b, \u041d\u041e\u0412\u042b\u0415 \u0422\u041e\u0412\u0410\u0420\u042b, T\u0443\u043c\u0431\u044b, M\u0435\u0431\u0435\u043b\u044c, Beebipood","description":"Tumba Olivia Vogue, v\u00e4rvivalik, Olivia j&auml;rgib sisustusmoe viimaseid trende olles m&auml;rgatavalt suurem kui tavap&auml;rane tumba &ndash; see mu","robots":{"index":"index","follow":"follow","max-snippet":"max-snippet:-1","max-image-preview":"max-image-preview:large","max-video-preview":"max-video-preview:-1"},"canonical":"https:\/\/beebipood.ee\/ru\/produkt\/tumba-olivia-vogue-varvivalik\/","og_locale":"ru_RU","og_type":"article","og_title":"Tumba Olivia Vogue, v\u00e4rvivalik, \u041c\u044f\u0433\u043a\u0430\u044f \u043c\u0435\u0431\u0435\u043b\u044c, \u043a\u0440\u0435\u0441\u043b\u043e-\u043c\u0435\u0448\u043e\u043a,\u0442\u0443\u043c\u0431\u044b, \u041d\u041e\u0412\u042b\u0415 \u0422\u041e\u0412\u0410\u0420\u042b, T\u0443\u043c\u0431\u044b, M\u0435\u0431\u0435\u043b\u044c, Beebipood","og_description":"Tumba Olivia Vogue, v\u00e4rvivalik, Olivia j&auml;rgib sisustusmoe viimaseid trende olles m&auml;rgatavalt suurem kui tavap&auml;rane tumba &ndash; see mu","og_url":"https:\/\/beebipood.ee\/ru\/produkt\/tumba-olivia-vogue-varvivalik\/","og_site_name":"Beebipood","article_modified_time":"2025-01-09T08:49:22+00:00","og_image":[{"width":1500,"height":1000,"url":"https:\/\/beebipood.ee\/wp-content\/uploads\/2017\/10\/Tumba-Olivia-Vogue-Pehme-moobel-kotttoolid-tumbad-UUED-TOOTED-Tumbad-Lastemoobel-ja-sisustus_1-429.jpg","type":"image\/jpeg"}],"twitter_card":"summary_large_image","twitter_misc":{"\u041f\u0440\u0438\u043c\u0435\u0440\u043d\u043e\u0435 \u0432\u0440\u0435\u043c\u044f \u0434\u043b\u044f \u0447\u0442\u0435\u043d\u0438\u044f":"1 \u043c\u0438\u043d\u0443\u0442\u0430"},"schema":{"@context":"https:\/\/schema.org","@graph":[{"@type":"WebPage","@id":"https:\/\/beebipood.ee\/ru\/produkt\/tumba-olivia-vogue-varvivalik\/","url":"https:\/\/beebipood.ee\/ru\/produkt\/tumba-olivia-vogue-varvivalik\/","name":"Tumba Olivia Vogue, v\u00e4rvivalik, \u041c\u044f\u0433\u043a\u0430\u044f \u043c\u0435\u0431\u0435\u043b\u044c, \u043a\u0440\u0435\u0441\u043b\u043e-\u043c\u0435\u0448\u043e\u043a,\u0442\u0443\u043c\u0431\u044b, \u041d\u041e\u0412\u042b\u0415 \u0422\u041e\u0412\u0410\u0420\u042b, T\u0443\u043c\u0431\u044b, M\u0435\u0431\u0435\u043b\u044c, Beebipood","isPartOf":{"@id":"https:\/\/beebipood.ee\/ru\/#website"},"primaryImageOfPage":{"@id":"https:\/\/beebipood.ee\/ru\/produkt\/tumba-olivia-vogue-varvivalik\/#primaryimage"},"image":{"@id":"https:\/\/beebipood.ee\/ru\/produkt\/tumba-olivia-vogue-varvivalik\/#primaryimage"},"thumbnailUrl":"https:\/\/beebipood.ee\/wp-content\/uploads\/2017\/10\/Tumba-Olivia-Vogue-Pehme-moobel-kotttoolid-tumbad-UUED-TOOTED-Tumbad-Lastemoobel-ja-sisustus_1-429.jpg","datePublished":"2017-10-06T05:27:11+00:00","dateModified":"2025-01-09T08:49:22+00:00","description":"Tumba Olivia Vogue, v\u00e4rvivalik, Olivia j&auml;rgib sisustusmoe viimaseid trende olles m&auml;rgatavalt suurem kui tavap&auml;rane tumba &ndash; see mu","breadcrumb":{"@id":"https:\/\/beebipood.ee\/ru\/produkt\/tumba-olivia-vogue-varvivalik\/#breadcrumb"},"inLanguage":"ru-RU","potentialAction":[{"@type":"ReadAction","target":["https:\/\/beebipood.ee\/ru\/produkt\/tumba-olivia-vogue-varvivalik\/"]}]},{"@type":"ImageObject","inLanguage":"ru-RU","@id":"https:\/\/beebipood.ee\/ru\/produkt\/tumba-olivia-vogue-varvivalik\/#primaryimage","url":"https:\/\/beebipood.ee\/wp-content\/uploads\/2017\/10\/Tumba-Olivia-Vogue-Pehme-moobel-kotttoolid-tumbad-UUED-TOOTED-Tumbad-Lastemoobel-ja-sisustus_1-429.jpg","contentUrl":"https:\/\/beebipood.ee\/wp-content\/uploads\/2017\/10\/Tumba-Olivia-Vogue-Pehme-moobel-kotttoolid-tumbad-UUED-TOOTED-Tumbad-Lastemoobel-ja-sisustus_1-429.jpg","width":1500,"height":1000},{"@type":"BreadcrumbList","@id":"https:\/\/beebipood.ee\/ru\/produkt\/tumba-olivia-vogue-varvivalik\/#breadcrumb","itemListElement":[{"@type":"ListItem","position":1,"name":"Home","item":"https:\/\/beebipood.ee\/ru\/"},{"@type":"ListItem","position":2,"name":"\u041a\u0430\u0442\u0430\u043b\u043e\u0433 \u0442\u043e\u0432\u0430\u0440\u043e\u0432","item":"https:\/\/beebipood.ee\/tooted\/"},{"@type":"ListItem","position":3,"name":"Tumba Olivia Vogue, v\u00e4rvivalik"}]},{"@type":"WebSite","@id":"https:\/\/beebipood.ee\/ru\/#website","url":"https:\/\/beebipood.ee\/ru\/","name":"Beebipood","description":"Lastekaubad, beebikaubad, m\u00e4nguasjad","publisher":{"@id":"https:\/\/beebipood.ee\/ru\/#organization"},"potentialAction":[{"@type":"SearchAction","target":{"@type":"EntryPoint","urlTemplate":"https:\/\/beebipood.ee\/ru\/?s={search_term_string}"},"query-input":{"@type":"PropertyValueSpecification","valueRequired":true,"valueName":"search_term_string"}}],"inLanguage":"ru-RU"},{"@type":"Organization","@id":"https:\/\/beebipood.ee\/ru\/#organization","name":"Beebipood","url":"https:\/\/beebipood.ee\/ru\/","logo":{"@type":"ImageObject","inLanguage":"ru-RU","@id":"https:\/\/beebipood.ee\/ru\/#\/schema\/logo\/image\/","url":"https:\/\/beebipood.ee\/wp-content\/uploads\/2025\/03\/beebipood.ee-logo-1.svg","contentUrl":"https:\/\/beebipood.ee\/wp-content\/uploads\/2025\/03\/beebipood.ee-logo-1.svg","caption":"Beebipood"},"image":{"@id":"https:\/\/beebipood.ee\/ru\/#\/schema\/logo\/image\/"}}]}},"brands":[],"_links":{"self":[{"href":"https:\/\/beebipood.ee\/ru\/wp-json\/wp\/v2\/product\/457963","targetHints":{"allow":["GET"]}}],"collection":[{"href":"https:\/\/beebipood.ee\/ru\/wp-json\/wp\/v2\/product"}],"about":[{"href":"https:\/\/beebipood.ee\/ru\/wp-json\/wp\/v2\/types\/product"}],"wp:featuredmedia":[{"embeddable":true,"href":"https:\/\/beebipood.ee\/ru\/wp-json\/wp\/v2\/media\/120366"}],"wp:attachment":[{"href":"https:\/\/beebipood.ee\/ru\/wp-json\/wp\/v2\/media?parent=457963"}],"wp:term":[{"taxonomy":"pwb-brand","embeddable":true,"href":"https:\/\/beebipood.ee\/ru\/wp-json\/wp\/v2\/pwb-brand?post=457963"},{"taxonomy":"product_brand","embeddable":true,"href":"https:\/\/beebipood.ee\/ru\/wp-json\/wp\/v2\/product_brand?post=457963"},{"taxonomy":"product_cat","embeddable":true,"href":"https:\/\/beebipood.ee\/ru\/wp-json\/wp\/v2\/product_cat?post=457963"},{"taxonomy":"product_tag","embeddable":true,"href":"https:\/\/beebipood.ee\/ru\/wp-json\/wp\/v2\/product_tag?post=457963"}],"curies":[{"name":"wp","href":"https:\/\/api.w.org\/{rel}","templated":true}]}}