{"id":457967,"date":"2017-10-09T06:43:25","date_gmt":"2017-10-09T03:43:25","guid":{"rendered":"https:\/\/beebipood.ee\/toode\/beebipesa\/"},"modified":"2025-01-09T10:49:21","modified_gmt":"2025-01-09T08:49:21","slug":"beebipesa","status":"publish","type":"product","link":"https:\/\/beebipood.ee\/ru\/produkt\/beebipesa\/","title":{"rendered":"Beebipesa"},"content":{"rendered":"<p><span class=\"fontstyle0\"><span>Beebipesa sobib kasutamiseks kuni 6 kuu vanusele lapsele. <br \/>Kattematerjal 100% puuvill. <br \/>T\u00e4itematerjal fiiberkiud \/ vatiin. <br \/>Pesa\u00a0saab kasutada kahte pidi (k\u00fcljed saab keerata \u00fchele v\u00f5i teisele poole).\u00a0<br \/>Pesa laiust ja pikkust on v\u00f5imalik n\u00f6\u00f6ri pingutamise abil muuta.<br \/>Erinev viimistlus.<\/span><\/span><\/p>\n<p><span class=\"fontstyle0\"><span><br \/>M\u00f5\u00f5dud:<br \/>Lahtisena\u00a0<span>60x95x13cm<\/span><br \/>Kinniseotult\u00a0<span>50x85x13cm<\/span><\/span><\/span><\/p>\n","protected":false},"excerpt":{"rendered":"<p>Beebipesa sobib kasutamiseks kuni 6 kuu vanusele lapsele. Kattematerjal 100% puuvill. T\u00e4itematerjal fiiberkiud \/ vatiin. Pesa\u00a0saab kasutada kahte pidi (k\u00fcljed saab keerata \u00fchele v\u00f5i teisele poole).\u00a0Pesa laiust ja pikkust on v\u00f5imalik n\u00f6\u00f6ri pingutamise abil muuta.Erinev viimistlus. M\u00f5\u00f5dud:Lahtisena\u00a060x95x13cmKinniseotult\u00a050x85x13cm<\/p>\n","protected":false},"featured_media":120377,"template":"","meta":{"_acf_changed":false},"pwb-brand":[],"product_brand":[],"product_cat":[11709,11565,11789],"product_tag":[],"class_list":{"0":"post-457967","1":"product","2":"type-product","3":"status-publish","4":"has-post-thumbnail","6":"product_cat-sootmistoolid-beebi-ja-lastetarbed-mahkimine-hugieen-ru","7":"product_cat-pehme-moobel-kott-toolid-tumbad-ru","8":"product_cat-lastemoobel-ja-sisustus-ru","10":"first","11":"onbackorder","12":"sale","13":"taxable","14":"shipping-taxable","15":"purchasable","16":"product-type-simple"},"exclude_global_add_ons":false,"addons":[{"name":"Vali v\u00e4rv","type":"multiple_choice","position":0,"required":true,"title_format":"heading","default":"","description_enable":false,"description":"","placeholder_enable":false,"placeholder":"","display":"images","restrictions_type":"any_text","adjust_price":false,"price":"","price_type":"flat_fee","restrictions":false,"min":"0","max":"0","options":[{"label":"sinine-kollane","price":"","price_type":"quantity_based","image":502253,"visibility":true},{"label":"lilleline","price":"","price_type":"quantity_based","image":502255,"visibility":true},{"label":"roosa-kollane","price":"","price_type":"quantity_based","image":502257,"visibility":true},{"label":"sinine-roosa","price":"","price_type":"quantity_based","image":502259,"visibility":true}]}],"acf":[],"yoast_head":"<!-- This site is optimized with the Yoast SEO plugin v27.3 - https:\/\/yoast.com\/product\/yoast-seo-wordpress\/ -->\n<title>Beebipesa, \u041c\u044f\u0433\u043a\u0430\u044f \u043c\u0435\u0431\u0435\u043b\u044c, \u043a\u0440\u0435\u0441\u043b\u043e-\u043c\u0435\u0448\u043e\u043a,\u0442\u0443\u043c\u0431\u044b, \u041f\u0440\u0438\u043d\u0430\u0434\u043b\u0435\u0436\u043d\u043e\u0441\u0442\u0438 \u0434\u043b\u044f \u043c\u043b\u0430\u0434\u0435\u043d\u0446\u0435\u0432, M\u0435\u0431\u0435\u043b\u044c, Beebipood<\/title>\n<meta name=\"description\" content=\"Beebipesa, Beebipesa sobib kasutamiseks kuni 6 kuu vanusele lapsele. Kattematerjal 100% puuvill. T&auml;itematerja\" \/>\n<meta name=\"robots\" content=\"index, follow, max-snippet:-1, max-image-preview:large, max-video-preview:-1\" \/>\n<link rel=\"canonical\" href=\"https:\/\/beebipood.ee\/ru\/produkt\/beebipesa\/\" \/>\n<meta property=\"og:locale\" content=\"ru_RU\" \/>\n<meta property=\"og:type\" content=\"article\" \/>\n<meta property=\"og:title\" content=\"Beebipesa, \u041c\u044f\u0433\u043a\u0430\u044f \u043c\u0435\u0431\u0435\u043b\u044c, \u043a\u0440\u0435\u0441\u043b\u043e-\u043c\u0435\u0448\u043e\u043a,\u0442\u0443\u043c\u0431\u044b, \u041f\u0440\u0438\u043d\u0430\u0434\u043b\u0435\u0436\u043d\u043e\u0441\u0442\u0438 \u0434\u043b\u044f \u043c\u043b\u0430\u0434\u0435\u043d\u0446\u0435\u0432, M\u0435\u0431\u0435\u043b\u044c, Beebipood\" \/>\n<meta property=\"og:description\" content=\"Beebipesa, Beebipesa sobib kasutamiseks kuni 6 kuu vanusele lapsele. Kattematerjal 100% puuvill. T&auml;itematerja\" \/>\n<meta property=\"og:url\" content=\"https:\/\/beebipood.ee\/ru\/produkt\/beebipesa\/\" \/>\n<meta property=\"og:site_name\" content=\"Beebipood\" \/>\n<meta property=\"article:modified_time\" content=\"2025-01-09T08:49:21+00:00\" \/>\n<meta property=\"og:image\" content=\"https:\/\/beebipood.ee\/wp-content\/uploads\/2017\/10\/Beebipesa-Beebivoodid-reisivoodid-hallid-Pehme-moobel-kotttoolid-tumbad-Hallid-ja-vooditaskud-Beebi-ja-lastetarbed_5-fa0.jpg\" \/>\n\t<meta property=\"og:image:width\" content=\"612\" \/>\n\t<meta property=\"og:image:height\" content=\"918\" \/>\n\t<meta property=\"og:image:type\" content=\"image\/jpeg\" \/>\n<meta name=\"twitter:card\" content=\"summary_large_image\" \/>\n<script type=\"application\/ld+json\" class=\"yoast-schema-graph\">{\"@context\":\"https:\\\/\\\/schema.org\",\"@graph\":[{\"@type\":\"WebPage\",\"@id\":\"https:\\\/\\\/beebipood.ee\\\/ru\\\/produkt\\\/beebipesa\\\/\",\"url\":\"https:\\\/\\\/beebipood.ee\\\/ru\\\/produkt\\\/beebipesa\\\/\",\"name\":\"Beebipesa, \u041c\u044f\u0433\u043a\u0430\u044f \u043c\u0435\u0431\u0435\u043b\u044c, \u043a\u0440\u0435\u0441\u043b\u043e-\u043c\u0435\u0448\u043e\u043a,\u0442\u0443\u043c\u0431\u044b, \u041f\u0440\u0438\u043d\u0430\u0434\u043b\u0435\u0436\u043d\u043e\u0441\u0442\u0438 \u0434\u043b\u044f \u043c\u043b\u0430\u0434\u0435\u043d\u0446\u0435\u0432, M\u0435\u0431\u0435\u043b\u044c, Beebipood\",\"isPartOf\":{\"@id\":\"https:\\\/\\\/beebipood.ee\\\/ru\\\/#website\"},\"primaryImageOfPage\":{\"@id\":\"https:\\\/\\\/beebipood.ee\\\/ru\\\/produkt\\\/beebipesa\\\/#primaryimage\"},\"image\":{\"@id\":\"https:\\\/\\\/beebipood.ee\\\/ru\\\/produkt\\\/beebipesa\\\/#primaryimage\"},\"thumbnailUrl\":\"https:\\\/\\\/beebipood.ee\\\/wp-content\\\/uploads\\\/2017\\\/10\\\/Beebipesa-Beebivoodid-reisivoodid-hallid-Pehme-moobel-kotttoolid-tumbad-Hallid-ja-vooditaskud-Beebi-ja-lastetarbed_5-fa0.jpg\",\"datePublished\":\"2017-10-09T03:43:25+00:00\",\"dateModified\":\"2025-01-09T08:49:21+00:00\",\"description\":\"Beebipesa, Beebipesa sobib kasutamiseks kuni 6 kuu vanusele lapsele. Kattematerjal 100% puuvill. T&auml;itematerja\",\"breadcrumb\":{\"@id\":\"https:\\\/\\\/beebipood.ee\\\/ru\\\/produkt\\\/beebipesa\\\/#breadcrumb\"},\"inLanguage\":\"ru-RU\",\"potentialAction\":[{\"@type\":\"ReadAction\",\"target\":[\"https:\\\/\\\/beebipood.ee\\\/ru\\\/produkt\\\/beebipesa\\\/\"]}]},{\"@type\":\"ImageObject\",\"inLanguage\":\"ru-RU\",\"@id\":\"https:\\\/\\\/beebipood.ee\\\/ru\\\/produkt\\\/beebipesa\\\/#primaryimage\",\"url\":\"https:\\\/\\\/beebipood.ee\\\/wp-content\\\/uploads\\\/2017\\\/10\\\/Beebipesa-Beebivoodid-reisivoodid-hallid-Pehme-moobel-kotttoolid-tumbad-Hallid-ja-vooditaskud-Beebi-ja-lastetarbed_5-fa0.jpg\",\"contentUrl\":\"https:\\\/\\\/beebipood.ee\\\/wp-content\\\/uploads\\\/2017\\\/10\\\/Beebipesa-Beebivoodid-reisivoodid-hallid-Pehme-moobel-kotttoolid-tumbad-Hallid-ja-vooditaskud-Beebi-ja-lastetarbed_5-fa0.jpg\",\"width\":612,\"height\":918},{\"@type\":\"BreadcrumbList\",\"@id\":\"https:\\\/\\\/beebipood.ee\\\/ru\\\/produkt\\\/beebipesa\\\/#breadcrumb\",\"itemListElement\":[{\"@type\":\"ListItem\",\"position\":1,\"name\":\"Home\",\"item\":\"https:\\\/\\\/beebipood.ee\\\/ru\\\/\"},{\"@type\":\"ListItem\",\"position\":2,\"name\":\"\u041a\u0430\u0442\u0430\u043b\u043e\u0433 \u0442\u043e\u0432\u0430\u0440\u043e\u0432\",\"item\":\"https:\\\/\\\/beebipood.ee\\\/tooted\\\/\"},{\"@type\":\"ListItem\",\"position\":3,\"name\":\"Beebipesa\"}]},{\"@type\":\"WebSite\",\"@id\":\"https:\\\/\\\/beebipood.ee\\\/ru\\\/#website\",\"url\":\"https:\\\/\\\/beebipood.ee\\\/ru\\\/\",\"name\":\"Beebipood\",\"description\":\"Lastekaubad, beebikaubad, m\u00e4nguasjad\",\"publisher\":{\"@id\":\"https:\\\/\\\/beebipood.ee\\\/ru\\\/#organization\"},\"potentialAction\":[{\"@type\":\"SearchAction\",\"target\":{\"@type\":\"EntryPoint\",\"urlTemplate\":\"https:\\\/\\\/beebipood.ee\\\/ru\\\/?s={search_term_string}\"},\"query-input\":{\"@type\":\"PropertyValueSpecification\",\"valueRequired\":true,\"valueName\":\"search_term_string\"}}],\"inLanguage\":\"ru-RU\"},{\"@type\":\"Organization\",\"@id\":\"https:\\\/\\\/beebipood.ee\\\/ru\\\/#organization\",\"name\":\"Beebipood\",\"url\":\"https:\\\/\\\/beebipood.ee\\\/ru\\\/\",\"logo\":{\"@type\":\"ImageObject\",\"inLanguage\":\"ru-RU\",\"@id\":\"https:\\\/\\\/beebipood.ee\\\/ru\\\/#\\\/schema\\\/logo\\\/image\\\/\",\"url\":\"https:\\\/\\\/beebipood.ee\\\/wp-content\\\/uploads\\\/2025\\\/03\\\/beebipood.ee-logo-1.svg\",\"contentUrl\":\"https:\\\/\\\/beebipood.ee\\\/wp-content\\\/uploads\\\/2025\\\/03\\\/beebipood.ee-logo-1.svg\",\"caption\":\"Beebipood\"},\"image\":{\"@id\":\"https:\\\/\\\/beebipood.ee\\\/ru\\\/#\\\/schema\\\/logo\\\/image\\\/\"}}]}<\/script>\n<!-- \/ Yoast SEO plugin. -->","yoast_head_json":{"title":"Beebipesa, \u041c\u044f\u0433\u043a\u0430\u044f \u043c\u0435\u0431\u0435\u043b\u044c, \u043a\u0440\u0435\u0441\u043b\u043e-\u043c\u0435\u0448\u043e\u043a,\u0442\u0443\u043c\u0431\u044b, \u041f\u0440\u0438\u043d\u0430\u0434\u043b\u0435\u0436\u043d\u043e\u0441\u0442\u0438 \u0434\u043b\u044f \u043c\u043b\u0430\u0434\u0435\u043d\u0446\u0435\u0432, M\u0435\u0431\u0435\u043b\u044c, Beebipood","description":"Beebipesa, Beebipesa sobib kasutamiseks kuni 6 kuu vanusele lapsele. Kattematerjal 100% puuvill. T&auml;itematerja","robots":{"index":"index","follow":"follow","max-snippet":"max-snippet:-1","max-image-preview":"max-image-preview:large","max-video-preview":"max-video-preview:-1"},"canonical":"https:\/\/beebipood.ee\/ru\/produkt\/beebipesa\/","og_locale":"ru_RU","og_type":"article","og_title":"Beebipesa, \u041c\u044f\u0433\u043a\u0430\u044f \u043c\u0435\u0431\u0435\u043b\u044c, \u043a\u0440\u0435\u0441\u043b\u043e-\u043c\u0435\u0448\u043e\u043a,\u0442\u0443\u043c\u0431\u044b, \u041f\u0440\u0438\u043d\u0430\u0434\u043b\u0435\u0436\u043d\u043e\u0441\u0442\u0438 \u0434\u043b\u044f \u043c\u043b\u0430\u0434\u0435\u043d\u0446\u0435\u0432, M\u0435\u0431\u0435\u043b\u044c, Beebipood","og_description":"Beebipesa, Beebipesa sobib kasutamiseks kuni 6 kuu vanusele lapsele. Kattematerjal 100% puuvill. T&auml;itematerja","og_url":"https:\/\/beebipood.ee\/ru\/produkt\/beebipesa\/","og_site_name":"Beebipood","article_modified_time":"2025-01-09T08:49:21+00:00","og_image":[{"width":612,"height":918,"url":"https:\/\/beebipood.ee\/wp-content\/uploads\/2017\/10\/Beebipesa-Beebivoodid-reisivoodid-hallid-Pehme-moobel-kotttoolid-tumbad-Hallid-ja-vooditaskud-Beebi-ja-lastetarbed_5-fa0.jpg","type":"image\/jpeg"}],"twitter_card":"summary_large_image","schema":{"@context":"https:\/\/schema.org","@graph":[{"@type":"WebPage","@id":"https:\/\/beebipood.ee\/ru\/produkt\/beebipesa\/","url":"https:\/\/beebipood.ee\/ru\/produkt\/beebipesa\/","name":"Beebipesa, \u041c\u044f\u0433\u043a\u0430\u044f \u043c\u0435\u0431\u0435\u043b\u044c, \u043a\u0440\u0435\u0441\u043b\u043e-\u043c\u0435\u0448\u043e\u043a,\u0442\u0443\u043c\u0431\u044b, \u041f\u0440\u0438\u043d\u0430\u0434\u043b\u0435\u0436\u043d\u043e\u0441\u0442\u0438 \u0434\u043b\u044f \u043c\u043b\u0430\u0434\u0435\u043d\u0446\u0435\u0432, M\u0435\u0431\u0435\u043b\u044c, Beebipood","isPartOf":{"@id":"https:\/\/beebipood.ee\/ru\/#website"},"primaryImageOfPage":{"@id":"https:\/\/beebipood.ee\/ru\/produkt\/beebipesa\/#primaryimage"},"image":{"@id":"https:\/\/beebipood.ee\/ru\/produkt\/beebipesa\/#primaryimage"},"thumbnailUrl":"https:\/\/beebipood.ee\/wp-content\/uploads\/2017\/10\/Beebipesa-Beebivoodid-reisivoodid-hallid-Pehme-moobel-kotttoolid-tumbad-Hallid-ja-vooditaskud-Beebi-ja-lastetarbed_5-fa0.jpg","datePublished":"2017-10-09T03:43:25+00:00","dateModified":"2025-01-09T08:49:21+00:00","description":"Beebipesa, Beebipesa sobib kasutamiseks kuni 6 kuu vanusele lapsele. Kattematerjal 100% puuvill. T&auml;itematerja","breadcrumb":{"@id":"https:\/\/beebipood.ee\/ru\/produkt\/beebipesa\/#breadcrumb"},"inLanguage":"ru-RU","potentialAction":[{"@type":"ReadAction","target":["https:\/\/beebipood.ee\/ru\/produkt\/beebipesa\/"]}]},{"@type":"ImageObject","inLanguage":"ru-RU","@id":"https:\/\/beebipood.ee\/ru\/produkt\/beebipesa\/#primaryimage","url":"https:\/\/beebipood.ee\/wp-content\/uploads\/2017\/10\/Beebipesa-Beebivoodid-reisivoodid-hallid-Pehme-moobel-kotttoolid-tumbad-Hallid-ja-vooditaskud-Beebi-ja-lastetarbed_5-fa0.jpg","contentUrl":"https:\/\/beebipood.ee\/wp-content\/uploads\/2017\/10\/Beebipesa-Beebivoodid-reisivoodid-hallid-Pehme-moobel-kotttoolid-tumbad-Hallid-ja-vooditaskud-Beebi-ja-lastetarbed_5-fa0.jpg","width":612,"height":918},{"@type":"BreadcrumbList","@id":"https:\/\/beebipood.ee\/ru\/produkt\/beebipesa\/#breadcrumb","itemListElement":[{"@type":"ListItem","position":1,"name":"Home","item":"https:\/\/beebipood.ee\/ru\/"},{"@type":"ListItem","position":2,"name":"\u041a\u0430\u0442\u0430\u043b\u043e\u0433 \u0442\u043e\u0432\u0430\u0440\u043e\u0432","item":"https:\/\/beebipood.ee\/tooted\/"},{"@type":"ListItem","position":3,"name":"Beebipesa"}]},{"@type":"WebSite","@id":"https:\/\/beebipood.ee\/ru\/#website","url":"https:\/\/beebipood.ee\/ru\/","name":"Beebipood","description":"Lastekaubad, beebikaubad, m\u00e4nguasjad","publisher":{"@id":"https:\/\/beebipood.ee\/ru\/#organization"},"potentialAction":[{"@type":"SearchAction","target":{"@type":"EntryPoint","urlTemplate":"https:\/\/beebipood.ee\/ru\/?s={search_term_string}"},"query-input":{"@type":"PropertyValueSpecification","valueRequired":true,"valueName":"search_term_string"}}],"inLanguage":"ru-RU"},{"@type":"Organization","@id":"https:\/\/beebipood.ee\/ru\/#organization","name":"Beebipood","url":"https:\/\/beebipood.ee\/ru\/","logo":{"@type":"ImageObject","inLanguage":"ru-RU","@id":"https:\/\/beebipood.ee\/ru\/#\/schema\/logo\/image\/","url":"https:\/\/beebipood.ee\/wp-content\/uploads\/2025\/03\/beebipood.ee-logo-1.svg","contentUrl":"https:\/\/beebipood.ee\/wp-content\/uploads\/2025\/03\/beebipood.ee-logo-1.svg","caption":"Beebipood"},"image":{"@id":"https:\/\/beebipood.ee\/ru\/#\/schema\/logo\/image\/"}}]}},"brands":[],"_links":{"self":[{"href":"https:\/\/beebipood.ee\/ru\/wp-json\/wp\/v2\/product\/457967","targetHints":{"allow":["GET"]}}],"collection":[{"href":"https:\/\/beebipood.ee\/ru\/wp-json\/wp\/v2\/product"}],"about":[{"href":"https:\/\/beebipood.ee\/ru\/wp-json\/wp\/v2\/types\/product"}],"wp:featuredmedia":[{"embeddable":true,"href":"https:\/\/beebipood.ee\/ru\/wp-json\/wp\/v2\/media\/120377"}],"wp:attachment":[{"href":"https:\/\/beebipood.ee\/ru\/wp-json\/wp\/v2\/media?parent=457967"}],"wp:term":[{"taxonomy":"pwb-brand","embeddable":true,"href":"https:\/\/beebipood.ee\/ru\/wp-json\/wp\/v2\/pwb-brand?post=457967"},{"taxonomy":"product_brand","embeddable":true,"href":"https:\/\/beebipood.ee\/ru\/wp-json\/wp\/v2\/product_brand?post=457967"},{"taxonomy":"product_cat","embeddable":true,"href":"https:\/\/beebipood.ee\/ru\/wp-json\/wp\/v2\/product_cat?post=457967"},{"taxonomy":"product_tag","embeddable":true,"href":"https:\/\/beebipood.ee\/ru\/wp-json\/wp\/v2\/product_tag?post=457967"}],"curies":[{"name":"wp","href":"https:\/\/api.w.org\/{rel}","templated":true}]}}