{"id":457979,"date":"2017-10-12T10:40:24","date_gmt":"2017-10-12T07:40:24","guid":{"rendered":"https:\/\/beebipood.ee\/toode\/hauck-travel-n-care-plus-kergkaru-dusty-blue\/"},"modified":"2025-01-09T10:49:21","modified_gmt":"2025-01-09T08:49:21","slug":"hauck-travel-n-care-plus-kergkaru-dusty-blue","status":"publish","type":"product","link":"https:\/\/beebipood.ee\/ru\/produkt\/hauck-travel-n-care-plus-kergkaru-dusty-blue\/","title":{"rendered":"Hauck Travel N Care Plus kergk\u00e4ru, Dusty Blue"},"content":{"rendered":"<p>Travel N Care Plus on kvaliteetne k\u00e4ep\u00e4rane ja kompaktne reisik\u00e4ru<br \/>Travel N Care Plus on ideaalne kaaslane, kui teile meeldib koos lapsega reisida. <br \/>T\u00e4nu alumiiniumraamile on see mugav, kerge ja stabiilne ning kandev\u00f5ime kuni 25 kg.<br \/>Kokkupanduna seisab Travel N Care Plus \u00fcksi ja stabiilselt p\u00fcsti<br \/>T\u00e4nu kompaktsele disainile ja isesulguvale transpordilukule <br \/>saate k\u00e4ru paigutada ohutult ja ruumis\u00e4\u00e4stlikult.<br \/>Vedrustus pakub teie lapsele mugavat s\u00f5itu.<br \/>Polsterdatud 5-punkti turvarihmad<br \/>Hea man\u00f6\u00f6verdamisv\u00f5imega.<br \/>Mugav ja ruumikas iste.<br \/>Seljatoe reguleerimine \u00fche k\u00e4ega<br \/>Reguleeritav jalatugi.<br \/>Pikk 3-tsooniline kaarvari, mis on UPF 50+ kaitsega<br \/>Kaarvari on varustatud \u00f5hutusavaga, mis v\u00f5imaldab teil lapsega ka silmsidet hoida<br \/>Katted eemaldatavad ja pestavad 30 kraadi juures<br \/>Suur ja h\u00f5lpsasti juurdep\u00e4\u00e4setav pakikorv<br \/>Kvaliteetsed kangad ja kunstnahast detailid<br \/>Jalutusk\u00e4ru kaal 7,2 kg<br \/>Kasutatav alates s\u00fcnnist kuni 25kg<br \/>M\u00f5\u00f5dud kokkupandult 58 x 51,5 x 34 cm<br \/>M\u00f5\u00f5dud lahtiselt 81 x 51,5 x 105 cm<br \/>Esirataste l\u00e4bim\u00f5\u00f5t 13 cm<br \/>Tagumiste rataste l\u00e4bim\u00f5\u00f5t 18 cm<br \/>Kandev\u00f5ime 25kg<\/p>\n","protected":false},"excerpt":{"rendered":"<p>Travel N Care Plus on kvaliteetne k\u00e4ep\u00e4rane ja kompaktne reisik\u00e4ruTravel N Care Plus on ideaalne kaaslane, kui teile meeldib koos lapsega reisida. T\u00e4nu alumiiniumraamile on see mugav, kerge ja stabiilne ning kandev\u00f5ime kuni 25 kg.Kokkupanduna seisab Travel N Care Plus \u00fcksi ja stabiilselt p\u00fcstiT\u00e4nu kompaktsele disainile ja isesulguvale transpordilukule saate k\u00e4ru paigutada ohutult ja ruumis\u00e4\u00e4stlikult.Vedrustus [&hellip;]<\/p>\n","protected":false},"featured_media":120456,"template":"","meta":{"_acf_changed":false},"pwb-brand":[11952],"product_brand":[],"product_cat":[11721,11717],"product_tag":[],"class_list":{"0":"post-457979","1":"product","2":"type-product","3":"status-publish","4":"has-post-thumbnail","6":"pwb-brand-hauck-ru","7":"product_cat-jalutuskarud-ru","8":"product_cat-lastevankrid-ja-karud-ru","9":"pa_manufacturer-hauck-ru","11":"first","12":"onbackorder","13":"taxable","14":"shipping-taxable","15":"purchasable","16":"product-type-simple"},"exclude_global_add_ons":[],"addons":[],"acf":[],"yoast_head":"<!-- This site is optimized with the Yoast SEO plugin v27.1.1 - https:\/\/yoast.com\/product\/yoast-seo-wordpress\/ -->\n<title>Hauck Travel N Care Plus kergk\u00e4ru, Dusty Blue, \u041a\u043e\u043b\u044f\u0441\u043a\u0438, \u041f\u0440\u043e\u0433\u0443\u043b\u043e\u0447\u043d\u044b\u0435 \u043a\u043e\u043b\u044f\u0441\u043a\u0438, Beebipood<\/title>\n<meta name=\"description\" content=\"Hauck Travel N Care Plus kergk\u00e4ru, Dusty Blue, Travel N Care Plus on kvaliteetne k&auml;ep&auml;rane ja kompaktne reisik&auml;ruTravel N Care Plus on\" \/>\n<meta name=\"robots\" content=\"index, follow, max-snippet:-1, max-image-preview:large, max-video-preview:-1\" \/>\n<link rel=\"canonical\" href=\"https:\/\/beebipood.ee\/ru\/produkt\/hauck-travel-n-care-plus-kergkaru-dusty-blue\/\" \/>\n<meta property=\"og:locale\" content=\"ru_RU\" \/>\n<meta property=\"og:type\" content=\"article\" \/>\n<meta property=\"og:title\" content=\"Hauck Travel N Care Plus kergk\u00e4ru, Dusty Blue, \u041a\u043e\u043b\u044f\u0441\u043a\u0438, \u041f\u0440\u043e\u0433\u0443\u043b\u043e\u0447\u043d\u044b\u0435 \u043a\u043e\u043b\u044f\u0441\u043a\u0438, Beebipood\" \/>\n<meta property=\"og:description\" content=\"Hauck Travel N Care Plus kergk\u00e4ru, Dusty Blue, Travel N Care Plus on kvaliteetne k&auml;ep&auml;rane ja kompaktne reisik&auml;ruTravel N Care Plus on\" \/>\n<meta property=\"og:url\" content=\"https:\/\/beebipood.ee\/ru\/produkt\/hauck-travel-n-care-plus-kergkaru-dusty-blue\/\" \/>\n<meta property=\"og:site_name\" content=\"Beebipood\" \/>\n<meta property=\"article:modified_time\" content=\"2025-01-09T08:49:21+00:00\" \/>\n<meta property=\"og:image\" content=\"https:\/\/beebipood.ee\/wp-content\/uploads\/2017\/10\/Hauck-Travel-N-Care-Plus-kergkaru-Dusty-Blue-Lastevankrid-ja-karud-Jalutuskarud_1-9e9.jpg\" \/>\n\t<meta property=\"og:image:width\" content=\"1500\" \/>\n\t<meta property=\"og:image:height\" content=\"1500\" \/>\n\t<meta property=\"og:image:type\" content=\"image\/jpeg\" \/>\n<meta name=\"twitter:card\" content=\"summary_large_image\" \/>\n<meta name=\"twitter:label1\" content=\"\u041f\u0440\u0438\u043c\u0435\u0440\u043d\u043e\u0435 \u0432\u0440\u0435\u043c\u044f \u0434\u043b\u044f \u0447\u0442\u0435\u043d\u0438\u044f\" \/>\n\t<meta name=\"twitter:data1\" content=\"1 \u043c\u0438\u043d\u0443\u0442\u0430\" \/>\n<script type=\"application\/ld+json\" class=\"yoast-schema-graph\">{\"@context\":\"https:\/\/schema.org\",\"@graph\":[{\"@type\":\"WebPage\",\"@id\":\"https:\/\/beebipood.ee\/ru\/produkt\/hauck-travel-n-care-plus-kergkaru-dusty-blue\/\",\"url\":\"https:\/\/beebipood.ee\/ru\/produkt\/hauck-travel-n-care-plus-kergkaru-dusty-blue\/\",\"name\":\"Hauck Travel N Care Plus kergk\u00e4ru, Dusty Blue, \u041a\u043e\u043b\u044f\u0441\u043a\u0438, \u041f\u0440\u043e\u0433\u0443\u043b\u043e\u0447\u043d\u044b\u0435 \u043a\u043e\u043b\u044f\u0441\u043a\u0438, Beebipood\",\"isPartOf\":{\"@id\":\"https:\/\/beebipood.ee\/ru\/#website\"},\"primaryImageOfPage\":{\"@id\":\"https:\/\/beebipood.ee\/ru\/produkt\/hauck-travel-n-care-plus-kergkaru-dusty-blue\/#primaryimage\"},\"image\":{\"@id\":\"https:\/\/beebipood.ee\/ru\/produkt\/hauck-travel-n-care-plus-kergkaru-dusty-blue\/#primaryimage\"},\"thumbnailUrl\":\"https:\/\/beebipood.ee\/wp-content\/uploads\/2017\/10\/Hauck-Travel-N-Care-Plus-kergkaru-Dusty-Blue-Lastevankrid-ja-karud-Jalutuskarud_1-9e9.jpg\",\"datePublished\":\"2017-10-12T07:40:24+00:00\",\"dateModified\":\"2025-01-09T08:49:21+00:00\",\"description\":\"Hauck Travel N Care Plus kergk\u00e4ru, Dusty Blue, Travel N Care Plus on kvaliteetne k&auml;ep&auml;rane ja kompaktne reisik&auml;ruTravel N Care Plus on\",\"breadcrumb\":{\"@id\":\"https:\/\/beebipood.ee\/ru\/produkt\/hauck-travel-n-care-plus-kergkaru-dusty-blue\/#breadcrumb\"},\"inLanguage\":\"ru-RU\",\"potentialAction\":[{\"@type\":\"ReadAction\",\"target\":[\"https:\/\/beebipood.ee\/ru\/produkt\/hauck-travel-n-care-plus-kergkaru-dusty-blue\/\"]}]},{\"@type\":\"ImageObject\",\"inLanguage\":\"ru-RU\",\"@id\":\"https:\/\/beebipood.ee\/ru\/produkt\/hauck-travel-n-care-plus-kergkaru-dusty-blue\/#primaryimage\",\"url\":\"https:\/\/beebipood.ee\/wp-content\/uploads\/2017\/10\/Hauck-Travel-N-Care-Plus-kergkaru-Dusty-Blue-Lastevankrid-ja-karud-Jalutuskarud_1-9e9.jpg\",\"contentUrl\":\"https:\/\/beebipood.ee\/wp-content\/uploads\/2017\/10\/Hauck-Travel-N-Care-Plus-kergkaru-Dusty-Blue-Lastevankrid-ja-karud-Jalutuskarud_1-9e9.jpg\",\"width\":1500,\"height\":1500},{\"@type\":\"BreadcrumbList\",\"@id\":\"https:\/\/beebipood.ee\/ru\/produkt\/hauck-travel-n-care-plus-kergkaru-dusty-blue\/#breadcrumb\",\"itemListElement\":[{\"@type\":\"ListItem\",\"position\":1,\"name\":\"Home\",\"item\":\"https:\/\/beebipood.ee\/ru\/\"},{\"@type\":\"ListItem\",\"position\":2,\"name\":\"\u041a\u0430\u0442\u0430\u043b\u043e\u0433 \u0442\u043e\u0432\u0430\u0440\u043e\u0432\",\"item\":\"https:\/\/beebipood.ee\/tooted\/\"},{\"@type\":\"ListItem\",\"position\":3,\"name\":\"Hauck Travel N Care Plus kergk\u00e4ru, Dusty Blue\"}]},{\"@type\":\"WebSite\",\"@id\":\"https:\/\/beebipood.ee\/ru\/#website\",\"url\":\"https:\/\/beebipood.ee\/ru\/\",\"name\":\"Beebipood\",\"description\":\"Lastekaubad, beebikaubad, m\u00e4nguasjad\",\"publisher\":{\"@id\":\"https:\/\/beebipood.ee\/ru\/#organization\"},\"potentialAction\":[{\"@type\":\"SearchAction\",\"target\":{\"@type\":\"EntryPoint\",\"urlTemplate\":\"https:\/\/beebipood.ee\/ru\/?s={search_term_string}\"},\"query-input\":{\"@type\":\"PropertyValueSpecification\",\"valueRequired\":true,\"valueName\":\"search_term_string\"}}],\"inLanguage\":\"ru-RU\"},{\"@type\":\"Organization\",\"@id\":\"https:\/\/beebipood.ee\/ru\/#organization\",\"name\":\"Beebipood\",\"url\":\"https:\/\/beebipood.ee\/ru\/\",\"logo\":{\"@type\":\"ImageObject\",\"inLanguage\":\"ru-RU\",\"@id\":\"https:\/\/beebipood.ee\/ru\/#\/schema\/logo\/image\/\",\"url\":\"https:\/\/beebipood.ee\/wp-content\/uploads\/2025\/03\/beebipood.ee-logo-1.svg\",\"contentUrl\":\"https:\/\/beebipood.ee\/wp-content\/uploads\/2025\/03\/beebipood.ee-logo-1.svg\",\"caption\":\"Beebipood\"},\"image\":{\"@id\":\"https:\/\/beebipood.ee\/ru\/#\/schema\/logo\/image\/\"}}]}<\/script>\n<!-- \/ Yoast SEO plugin. -->","yoast_head_json":{"title":"Hauck Travel N Care Plus kergk\u00e4ru, Dusty Blue, \u041a\u043e\u043b\u044f\u0441\u043a\u0438, \u041f\u0440\u043e\u0433\u0443\u043b\u043e\u0447\u043d\u044b\u0435 \u043a\u043e\u043b\u044f\u0441\u043a\u0438, Beebipood","description":"Hauck Travel N Care Plus kergk\u00e4ru, Dusty Blue, Travel N Care Plus on kvaliteetne k&auml;ep&auml;rane ja kompaktne reisik&auml;ruTravel N Care Plus on","robots":{"index":"index","follow":"follow","max-snippet":"max-snippet:-1","max-image-preview":"max-image-preview:large","max-video-preview":"max-video-preview:-1"},"canonical":"https:\/\/beebipood.ee\/ru\/produkt\/hauck-travel-n-care-plus-kergkaru-dusty-blue\/","og_locale":"ru_RU","og_type":"article","og_title":"Hauck Travel N Care Plus kergk\u00e4ru, Dusty Blue, \u041a\u043e\u043b\u044f\u0441\u043a\u0438, \u041f\u0440\u043e\u0433\u0443\u043b\u043e\u0447\u043d\u044b\u0435 \u043a\u043e\u043b\u044f\u0441\u043a\u0438, Beebipood","og_description":"Hauck Travel N Care Plus kergk\u00e4ru, Dusty Blue, Travel N Care Plus on kvaliteetne k&auml;ep&auml;rane ja kompaktne reisik&auml;ruTravel N Care Plus on","og_url":"https:\/\/beebipood.ee\/ru\/produkt\/hauck-travel-n-care-plus-kergkaru-dusty-blue\/","og_site_name":"Beebipood","article_modified_time":"2025-01-09T08:49:21+00:00","og_image":[{"width":1500,"height":1500,"url":"https:\/\/beebipood.ee\/wp-content\/uploads\/2017\/10\/Hauck-Travel-N-Care-Plus-kergkaru-Dusty-Blue-Lastevankrid-ja-karud-Jalutuskarud_1-9e9.jpg","type":"image\/jpeg"}],"twitter_card":"summary_large_image","twitter_misc":{"\u041f\u0440\u0438\u043c\u0435\u0440\u043d\u043e\u0435 \u0432\u0440\u0435\u043c\u044f \u0434\u043b\u044f \u0447\u0442\u0435\u043d\u0438\u044f":"1 \u043c\u0438\u043d\u0443\u0442\u0430"},"schema":{"@context":"https:\/\/schema.org","@graph":[{"@type":"WebPage","@id":"https:\/\/beebipood.ee\/ru\/produkt\/hauck-travel-n-care-plus-kergkaru-dusty-blue\/","url":"https:\/\/beebipood.ee\/ru\/produkt\/hauck-travel-n-care-plus-kergkaru-dusty-blue\/","name":"Hauck Travel N Care Plus kergk\u00e4ru, Dusty Blue, \u041a\u043e\u043b\u044f\u0441\u043a\u0438, \u041f\u0440\u043e\u0433\u0443\u043b\u043e\u0447\u043d\u044b\u0435 \u043a\u043e\u043b\u044f\u0441\u043a\u0438, Beebipood","isPartOf":{"@id":"https:\/\/beebipood.ee\/ru\/#website"},"primaryImageOfPage":{"@id":"https:\/\/beebipood.ee\/ru\/produkt\/hauck-travel-n-care-plus-kergkaru-dusty-blue\/#primaryimage"},"image":{"@id":"https:\/\/beebipood.ee\/ru\/produkt\/hauck-travel-n-care-plus-kergkaru-dusty-blue\/#primaryimage"},"thumbnailUrl":"https:\/\/beebipood.ee\/wp-content\/uploads\/2017\/10\/Hauck-Travel-N-Care-Plus-kergkaru-Dusty-Blue-Lastevankrid-ja-karud-Jalutuskarud_1-9e9.jpg","datePublished":"2017-10-12T07:40:24+00:00","dateModified":"2025-01-09T08:49:21+00:00","description":"Hauck Travel N Care Plus kergk\u00e4ru, Dusty Blue, Travel N Care Plus on kvaliteetne k&auml;ep&auml;rane ja kompaktne reisik&auml;ruTravel N Care Plus on","breadcrumb":{"@id":"https:\/\/beebipood.ee\/ru\/produkt\/hauck-travel-n-care-plus-kergkaru-dusty-blue\/#breadcrumb"},"inLanguage":"ru-RU","potentialAction":[{"@type":"ReadAction","target":["https:\/\/beebipood.ee\/ru\/produkt\/hauck-travel-n-care-plus-kergkaru-dusty-blue\/"]}]},{"@type":"ImageObject","inLanguage":"ru-RU","@id":"https:\/\/beebipood.ee\/ru\/produkt\/hauck-travel-n-care-plus-kergkaru-dusty-blue\/#primaryimage","url":"https:\/\/beebipood.ee\/wp-content\/uploads\/2017\/10\/Hauck-Travel-N-Care-Plus-kergkaru-Dusty-Blue-Lastevankrid-ja-karud-Jalutuskarud_1-9e9.jpg","contentUrl":"https:\/\/beebipood.ee\/wp-content\/uploads\/2017\/10\/Hauck-Travel-N-Care-Plus-kergkaru-Dusty-Blue-Lastevankrid-ja-karud-Jalutuskarud_1-9e9.jpg","width":1500,"height":1500},{"@type":"BreadcrumbList","@id":"https:\/\/beebipood.ee\/ru\/produkt\/hauck-travel-n-care-plus-kergkaru-dusty-blue\/#breadcrumb","itemListElement":[{"@type":"ListItem","position":1,"name":"Home","item":"https:\/\/beebipood.ee\/ru\/"},{"@type":"ListItem","position":2,"name":"\u041a\u0430\u0442\u0430\u043b\u043e\u0433 \u0442\u043e\u0432\u0430\u0440\u043e\u0432","item":"https:\/\/beebipood.ee\/tooted\/"},{"@type":"ListItem","position":3,"name":"Hauck Travel N Care Plus kergk\u00e4ru, Dusty Blue"}]},{"@type":"WebSite","@id":"https:\/\/beebipood.ee\/ru\/#website","url":"https:\/\/beebipood.ee\/ru\/","name":"Beebipood","description":"Lastekaubad, beebikaubad, m\u00e4nguasjad","publisher":{"@id":"https:\/\/beebipood.ee\/ru\/#organization"},"potentialAction":[{"@type":"SearchAction","target":{"@type":"EntryPoint","urlTemplate":"https:\/\/beebipood.ee\/ru\/?s={search_term_string}"},"query-input":{"@type":"PropertyValueSpecification","valueRequired":true,"valueName":"search_term_string"}}],"inLanguage":"ru-RU"},{"@type":"Organization","@id":"https:\/\/beebipood.ee\/ru\/#organization","name":"Beebipood","url":"https:\/\/beebipood.ee\/ru\/","logo":{"@type":"ImageObject","inLanguage":"ru-RU","@id":"https:\/\/beebipood.ee\/ru\/#\/schema\/logo\/image\/","url":"https:\/\/beebipood.ee\/wp-content\/uploads\/2025\/03\/beebipood.ee-logo-1.svg","contentUrl":"https:\/\/beebipood.ee\/wp-content\/uploads\/2025\/03\/beebipood.ee-logo-1.svg","caption":"Beebipood"},"image":{"@id":"https:\/\/beebipood.ee\/ru\/#\/schema\/logo\/image\/"}}]}},"brands":[{"id":11952,"name":"Hauck","slug":"hauck-ru"}],"_links":{"self":[{"href":"https:\/\/beebipood.ee\/ru\/wp-json\/wp\/v2\/product\/457979","targetHints":{"allow":["GET"]}}],"collection":[{"href":"https:\/\/beebipood.ee\/ru\/wp-json\/wp\/v2\/product"}],"about":[{"href":"https:\/\/beebipood.ee\/ru\/wp-json\/wp\/v2\/types\/product"}],"wp:featuredmedia":[{"embeddable":true,"href":"https:\/\/beebipood.ee\/ru\/wp-json\/wp\/v2\/media\/120456"}],"wp:attachment":[{"href":"https:\/\/beebipood.ee\/ru\/wp-json\/wp\/v2\/media?parent=457979"}],"wp:term":[{"taxonomy":"pwb-brand","embeddable":true,"href":"https:\/\/beebipood.ee\/ru\/wp-json\/wp\/v2\/pwb-brand?post=457979"},{"taxonomy":"product_brand","embeddable":true,"href":"https:\/\/beebipood.ee\/ru\/wp-json\/wp\/v2\/product_brand?post=457979"},{"taxonomy":"product_cat","embeddable":true,"href":"https:\/\/beebipood.ee\/ru\/wp-json\/wp\/v2\/product_cat?post=457979"},{"taxonomy":"product_tag","embeddable":true,"href":"https:\/\/beebipood.ee\/ru\/wp-json\/wp\/v2\/product_tag?post=457979"}],"curies":[{"name":"wp","href":"https:\/\/api.w.org\/{rel}","templated":true}]}}