{"id":458001,"date":"2017-11-28T08:33:31","date_gmt":"2017-11-28T06:33:31","guid":{"rendered":"https:\/\/beebipood.ee\/toode\/linnamaja-roosi-roduga-naturaalne\/"},"modified":"2025-01-09T10:49:20","modified_gmt":"2025-01-09T08:49:20","slug":"linnamaja-roosi-roduga-naturaalne","status":"publish","type":"product","link":"https:\/\/beebipood.ee\/ru\/produkt\/linnamaja-roosi-roduga-naturaalne\/","title":{"rendered":"Linnamaja Roosi r\u00f5duga, naturaalne"},"content":{"rendered":"<ul>\n<li>Puiduselt kaunis, disaini ise v\u00f5i naudi naturaalse materjali ehedust!<\/li>\n<li>Traditsioonilise disainiga\u00a0kahekorruseline\u00a0nukumaja\u00a0Sinu v\u00e4ikestele m\u00e4ngukaaslastele<\/li>\n<li>Sobib nukkudele, kaisukarudele ja lemmikloomadele<\/li>\n<li>Toad v\u00f5id kujundada oma maitse j\u00e4rgi, kasutades Roosi nukum\u00f6\u00f6blit<\/li>\n<li>R\u00f5\u00f5msav\u00e4rvilised kardinad, vaibad ja voodikatted teevad maamajast hubase kodu<\/li>\n<li><span>R\u00f5du on v\u00f5imalik paigutada nukumajal nii vasakule kui paremale<\/span><\/li>\n<li><span>R\u00f5du juurde kuulub trepp<\/span><\/li>\n<li>R\u00f5du m\u00f5\u00f5dud: k\u00f5rgus 44 cm , laius 37 cm, s\u00fcgavus 37 cm<\/li>\n<li>Maja on k\u00e4sitsi valmistatud kvaliteetsest puidust ja vineerist<\/li>\n<li>Viimistlemata<\/li>\n<li>TOODE EI OLE SOBILIK ALLA 3 AASTASELE LAPSELE<\/li>\n<li>NB!\u00a0Nukum\u00f6\u00f6ble ja aksessuaarid ei kuulu komplekti!<\/li>\n<\/ul>\n","protected":false},"excerpt":{"rendered":"<p>Puiduselt kaunis, disaini ise v\u00f5i naudi naturaalse materjali ehedust! Traditsioonilise disainiga\u00a0kahekorruseline\u00a0nukumaja\u00a0Sinu v\u00e4ikestele m\u00e4ngukaaslastele Sobib nukkudele, kaisukarudele ja lemmikloomadele Toad v\u00f5id kujundada oma maitse j\u00e4rgi, kasutades Roosi nukum\u00f6\u00f6blit R\u00f5\u00f5msav\u00e4rvilised kardinad, vaibad ja voodikatted teevad maamajast hubase kodu R\u00f5du on v\u00f5imalik paigutada nukumajal nii vasakule kui paremale R\u00f5du juurde kuulub trepp R\u00f5du m\u00f5\u00f5dud: k\u00f5rgus 44 cm , [&hellip;]<\/p>\n","protected":false},"featured_media":121025,"template":"","meta":{"_acf_changed":false},"pwb-brand":[],"product_brand":[],"product_cat":[11573,11685,11689],"product_tag":[],"class_list":{"0":"post-458001","1":"product","2":"type-product","3":"status-publish","4":"has-post-thumbnail","6":"product_cat-sooduspakkumised-ru","7":"product_cat-nukud-nukuvankrid-nukumajad-ru","8":"product_cat-manguasjad-mangud-nukud-mangumoobel-ru","10":"first","11":"onbackorder","12":"sale","13":"taxable","14":"shipping-taxable","15":"purchasable","16":"product-type-simple"},"exclude_global_add_ons":[],"addons":[],"acf":[],"yoast_head":"<!-- This site is optimized with the Yoast SEO plugin v27.3 - https:\/\/yoast.com\/product\/yoast-seo-wordpress\/ -->\n<title>Linnamaja Roosi r\u00f5duga, naturaalne, \u0421\u041a\u0418\u0414\u041a\u0418, \u041a\u0443\u043a\u043b\u044b, \u043a\u043e\u043b\u044f\u0441\u043a\u0438 \u0434\u043b\u044f \u043a\u0443\u043a\u043e\u043b, \u0434\u043e\u043c\u0438\u043a\u0438 \u0434\u043b\u044f \u043a\u0443\u043a\u043e\u043b, \u0418\u0433\u0440\u0443\u0448\u043a\u0438, Beebipood<\/title>\n<meta name=\"description\" content=\"Linnamaja Roosi r\u00f5duga, naturaalne, Puiduselt kaunis, disaini ise v&otilde;i naudi naturaalse materjali ehedust! Traditsioonilise disainiga\" \/>\n<meta name=\"robots\" content=\"index, follow, max-snippet:-1, max-image-preview:large, max-video-preview:-1\" \/>\n<link rel=\"canonical\" href=\"https:\/\/beebipood.ee\/ru\/produkt\/linnamaja-roosi-roduga-naturaalne\/\" \/>\n<meta property=\"og:locale\" content=\"ru_RU\" \/>\n<meta property=\"og:type\" content=\"article\" \/>\n<meta property=\"og:title\" content=\"Linnamaja Roosi r\u00f5duga, naturaalne, \u0421\u041a\u0418\u0414\u041a\u0418, \u041a\u0443\u043a\u043b\u044b, \u043a\u043e\u043b\u044f\u0441\u043a\u0438 \u0434\u043b\u044f \u043a\u0443\u043a\u043e\u043b, \u0434\u043e\u043c\u0438\u043a\u0438 \u0434\u043b\u044f \u043a\u0443\u043a\u043e\u043b, \u0418\u0433\u0440\u0443\u0448\u043a\u0438, Beebipood\" \/>\n<meta property=\"og:description\" content=\"Linnamaja Roosi r\u00f5duga, naturaalne, Puiduselt kaunis, disaini ise v&otilde;i naudi naturaalse materjali ehedust! Traditsioonilise disainiga\" \/>\n<meta property=\"og:url\" content=\"https:\/\/beebipood.ee\/ru\/produkt\/linnamaja-roosi-roduga-naturaalne\/\" \/>\n<meta property=\"og:site_name\" content=\"Beebipood\" \/>\n<meta property=\"article:modified_time\" content=\"2025-01-09T08:49:20+00:00\" \/>\n<meta property=\"og:image\" content=\"https:\/\/beebipood.ee\/wp-content\/uploads\/2017\/11\/Linnamaja-Roosi-roduga-naturaalne-SOODUSPAKKUMISED-UUED-TOOTED-Nukud-nukuvankrid-nukumajad-Manguasjad_2-af2.jpg\" \/>\n\t<meta property=\"og:image:width\" content=\"1134\" \/>\n\t<meta property=\"og:image:height\" content=\"857\" \/>\n\t<meta property=\"og:image:type\" content=\"image\/jpeg\" \/>\n<meta name=\"twitter:card\" content=\"summary_large_image\" \/>\n<meta name=\"twitter:label1\" content=\"\u041f\u0440\u0438\u043c\u0435\u0440\u043d\u043e\u0435 \u0432\u0440\u0435\u043c\u044f \u0434\u043b\u044f \u0447\u0442\u0435\u043d\u0438\u044f\" \/>\n\t<meta name=\"twitter:data1\" content=\"1 \u043c\u0438\u043d\u0443\u0442\u0430\" \/>\n<script type=\"application\/ld+json\" class=\"yoast-schema-graph\">{\"@context\":\"https:\\\/\\\/schema.org\",\"@graph\":[{\"@type\":\"WebPage\",\"@id\":\"https:\\\/\\\/beebipood.ee\\\/ru\\\/produkt\\\/linnamaja-roosi-roduga-naturaalne\\\/\",\"url\":\"https:\\\/\\\/beebipood.ee\\\/ru\\\/produkt\\\/linnamaja-roosi-roduga-naturaalne\\\/\",\"name\":\"Linnamaja Roosi r\u00f5duga, naturaalne, \u0421\u041a\u0418\u0414\u041a\u0418, \u041a\u0443\u043a\u043b\u044b, \u043a\u043e\u043b\u044f\u0441\u043a\u0438 \u0434\u043b\u044f \u043a\u0443\u043a\u043e\u043b, \u0434\u043e\u043c\u0438\u043a\u0438 \u0434\u043b\u044f \u043a\u0443\u043a\u043e\u043b, \u0418\u0433\u0440\u0443\u0448\u043a\u0438, Beebipood\",\"isPartOf\":{\"@id\":\"https:\\\/\\\/beebipood.ee\\\/ru\\\/#website\"},\"primaryImageOfPage\":{\"@id\":\"https:\\\/\\\/beebipood.ee\\\/ru\\\/produkt\\\/linnamaja-roosi-roduga-naturaalne\\\/#primaryimage\"},\"image\":{\"@id\":\"https:\\\/\\\/beebipood.ee\\\/ru\\\/produkt\\\/linnamaja-roosi-roduga-naturaalne\\\/#primaryimage\"},\"thumbnailUrl\":\"https:\\\/\\\/beebipood.ee\\\/wp-content\\\/uploads\\\/2017\\\/11\\\/Linnamaja-Roosi-roduga-naturaalne-SOODUSPAKKUMISED-UUED-TOOTED-Nukud-nukuvankrid-nukumajad-Manguasjad_2-af2.jpg\",\"datePublished\":\"2017-11-28T06:33:31+00:00\",\"dateModified\":\"2025-01-09T08:49:20+00:00\",\"description\":\"Linnamaja Roosi r\u00f5duga, naturaalne, Puiduselt kaunis, disaini ise v&otilde;i naudi naturaalse materjali ehedust! Traditsioonilise disainiga\",\"breadcrumb\":{\"@id\":\"https:\\\/\\\/beebipood.ee\\\/ru\\\/produkt\\\/linnamaja-roosi-roduga-naturaalne\\\/#breadcrumb\"},\"inLanguage\":\"ru-RU\",\"potentialAction\":[{\"@type\":\"ReadAction\",\"target\":[\"https:\\\/\\\/beebipood.ee\\\/ru\\\/produkt\\\/linnamaja-roosi-roduga-naturaalne\\\/\"]}]},{\"@type\":\"ImageObject\",\"inLanguage\":\"ru-RU\",\"@id\":\"https:\\\/\\\/beebipood.ee\\\/ru\\\/produkt\\\/linnamaja-roosi-roduga-naturaalne\\\/#primaryimage\",\"url\":\"https:\\\/\\\/beebipood.ee\\\/wp-content\\\/uploads\\\/2017\\\/11\\\/Linnamaja-Roosi-roduga-naturaalne-SOODUSPAKKUMISED-UUED-TOOTED-Nukud-nukuvankrid-nukumajad-Manguasjad_2-af2.jpg\",\"contentUrl\":\"https:\\\/\\\/beebipood.ee\\\/wp-content\\\/uploads\\\/2017\\\/11\\\/Linnamaja-Roosi-roduga-naturaalne-SOODUSPAKKUMISED-UUED-TOOTED-Nukud-nukuvankrid-nukumajad-Manguasjad_2-af2.jpg\",\"width\":1134,\"height\":857},{\"@type\":\"BreadcrumbList\",\"@id\":\"https:\\\/\\\/beebipood.ee\\\/ru\\\/produkt\\\/linnamaja-roosi-roduga-naturaalne\\\/#breadcrumb\",\"itemListElement\":[{\"@type\":\"ListItem\",\"position\":1,\"name\":\"Home\",\"item\":\"https:\\\/\\\/beebipood.ee\\\/ru\\\/\"},{\"@type\":\"ListItem\",\"position\":2,\"name\":\"\u041a\u0430\u0442\u0430\u043b\u043e\u0433 \u0442\u043e\u0432\u0430\u0440\u043e\u0432\",\"item\":\"https:\\\/\\\/beebipood.ee\\\/tooted\\\/\"},{\"@type\":\"ListItem\",\"position\":3,\"name\":\"Linnamaja Roosi r\u00f5duga, naturaalne\"}]},{\"@type\":\"WebSite\",\"@id\":\"https:\\\/\\\/beebipood.ee\\\/ru\\\/#website\",\"url\":\"https:\\\/\\\/beebipood.ee\\\/ru\\\/\",\"name\":\"Beebipood\",\"description\":\"Lastekaubad, beebikaubad, m\u00e4nguasjad\",\"publisher\":{\"@id\":\"https:\\\/\\\/beebipood.ee\\\/ru\\\/#organization\"},\"potentialAction\":[{\"@type\":\"SearchAction\",\"target\":{\"@type\":\"EntryPoint\",\"urlTemplate\":\"https:\\\/\\\/beebipood.ee\\\/ru\\\/?s={search_term_string}\"},\"query-input\":{\"@type\":\"PropertyValueSpecification\",\"valueRequired\":true,\"valueName\":\"search_term_string\"}}],\"inLanguage\":\"ru-RU\"},{\"@type\":\"Organization\",\"@id\":\"https:\\\/\\\/beebipood.ee\\\/ru\\\/#organization\",\"name\":\"Beebipood\",\"url\":\"https:\\\/\\\/beebipood.ee\\\/ru\\\/\",\"logo\":{\"@type\":\"ImageObject\",\"inLanguage\":\"ru-RU\",\"@id\":\"https:\\\/\\\/beebipood.ee\\\/ru\\\/#\\\/schema\\\/logo\\\/image\\\/\",\"url\":\"https:\\\/\\\/beebipood.ee\\\/wp-content\\\/uploads\\\/2025\\\/03\\\/beebipood.ee-logo-1.svg\",\"contentUrl\":\"https:\\\/\\\/beebipood.ee\\\/wp-content\\\/uploads\\\/2025\\\/03\\\/beebipood.ee-logo-1.svg\",\"caption\":\"Beebipood\"},\"image\":{\"@id\":\"https:\\\/\\\/beebipood.ee\\\/ru\\\/#\\\/schema\\\/logo\\\/image\\\/\"}}]}<\/script>\n<!-- \/ Yoast SEO plugin. -->","yoast_head_json":{"title":"Linnamaja Roosi r\u00f5duga, naturaalne, \u0421\u041a\u0418\u0414\u041a\u0418, \u041a\u0443\u043a\u043b\u044b, \u043a\u043e\u043b\u044f\u0441\u043a\u0438 \u0434\u043b\u044f \u043a\u0443\u043a\u043e\u043b, \u0434\u043e\u043c\u0438\u043a\u0438 \u0434\u043b\u044f \u043a\u0443\u043a\u043e\u043b, \u0418\u0433\u0440\u0443\u0448\u043a\u0438, Beebipood","description":"Linnamaja Roosi r\u00f5duga, naturaalne, Puiduselt kaunis, disaini ise v&otilde;i naudi naturaalse materjali ehedust! Traditsioonilise disainiga","robots":{"index":"index","follow":"follow","max-snippet":"max-snippet:-1","max-image-preview":"max-image-preview:large","max-video-preview":"max-video-preview:-1"},"canonical":"https:\/\/beebipood.ee\/ru\/produkt\/linnamaja-roosi-roduga-naturaalne\/","og_locale":"ru_RU","og_type":"article","og_title":"Linnamaja Roosi r\u00f5duga, naturaalne, \u0421\u041a\u0418\u0414\u041a\u0418, \u041a\u0443\u043a\u043b\u044b, \u043a\u043e\u043b\u044f\u0441\u043a\u0438 \u0434\u043b\u044f \u043a\u0443\u043a\u043e\u043b, \u0434\u043e\u043c\u0438\u043a\u0438 \u0434\u043b\u044f \u043a\u0443\u043a\u043e\u043b, \u0418\u0433\u0440\u0443\u0448\u043a\u0438, Beebipood","og_description":"Linnamaja Roosi r\u00f5duga, naturaalne, Puiduselt kaunis, disaini ise v&otilde;i naudi naturaalse materjali ehedust! Traditsioonilise disainiga","og_url":"https:\/\/beebipood.ee\/ru\/produkt\/linnamaja-roosi-roduga-naturaalne\/","og_site_name":"Beebipood","article_modified_time":"2025-01-09T08:49:20+00:00","og_image":[{"width":1134,"height":857,"url":"https:\/\/beebipood.ee\/wp-content\/uploads\/2017\/11\/Linnamaja-Roosi-roduga-naturaalne-SOODUSPAKKUMISED-UUED-TOOTED-Nukud-nukuvankrid-nukumajad-Manguasjad_2-af2.jpg","type":"image\/jpeg"}],"twitter_card":"summary_large_image","twitter_misc":{"\u041f\u0440\u0438\u043c\u0435\u0440\u043d\u043e\u0435 \u0432\u0440\u0435\u043c\u044f \u0434\u043b\u044f \u0447\u0442\u0435\u043d\u0438\u044f":"1 \u043c\u0438\u043d\u0443\u0442\u0430"},"schema":{"@context":"https:\/\/schema.org","@graph":[{"@type":"WebPage","@id":"https:\/\/beebipood.ee\/ru\/produkt\/linnamaja-roosi-roduga-naturaalne\/","url":"https:\/\/beebipood.ee\/ru\/produkt\/linnamaja-roosi-roduga-naturaalne\/","name":"Linnamaja Roosi r\u00f5duga, naturaalne, \u0421\u041a\u0418\u0414\u041a\u0418, \u041a\u0443\u043a\u043b\u044b, \u043a\u043e\u043b\u044f\u0441\u043a\u0438 \u0434\u043b\u044f \u043a\u0443\u043a\u043e\u043b, \u0434\u043e\u043c\u0438\u043a\u0438 \u0434\u043b\u044f \u043a\u0443\u043a\u043e\u043b, \u0418\u0433\u0440\u0443\u0448\u043a\u0438, Beebipood","isPartOf":{"@id":"https:\/\/beebipood.ee\/ru\/#website"},"primaryImageOfPage":{"@id":"https:\/\/beebipood.ee\/ru\/produkt\/linnamaja-roosi-roduga-naturaalne\/#primaryimage"},"image":{"@id":"https:\/\/beebipood.ee\/ru\/produkt\/linnamaja-roosi-roduga-naturaalne\/#primaryimage"},"thumbnailUrl":"https:\/\/beebipood.ee\/wp-content\/uploads\/2017\/11\/Linnamaja-Roosi-roduga-naturaalne-SOODUSPAKKUMISED-UUED-TOOTED-Nukud-nukuvankrid-nukumajad-Manguasjad_2-af2.jpg","datePublished":"2017-11-28T06:33:31+00:00","dateModified":"2025-01-09T08:49:20+00:00","description":"Linnamaja Roosi r\u00f5duga, naturaalne, Puiduselt kaunis, disaini ise v&otilde;i naudi naturaalse materjali ehedust! Traditsioonilise disainiga","breadcrumb":{"@id":"https:\/\/beebipood.ee\/ru\/produkt\/linnamaja-roosi-roduga-naturaalne\/#breadcrumb"},"inLanguage":"ru-RU","potentialAction":[{"@type":"ReadAction","target":["https:\/\/beebipood.ee\/ru\/produkt\/linnamaja-roosi-roduga-naturaalne\/"]}]},{"@type":"ImageObject","inLanguage":"ru-RU","@id":"https:\/\/beebipood.ee\/ru\/produkt\/linnamaja-roosi-roduga-naturaalne\/#primaryimage","url":"https:\/\/beebipood.ee\/wp-content\/uploads\/2017\/11\/Linnamaja-Roosi-roduga-naturaalne-SOODUSPAKKUMISED-UUED-TOOTED-Nukud-nukuvankrid-nukumajad-Manguasjad_2-af2.jpg","contentUrl":"https:\/\/beebipood.ee\/wp-content\/uploads\/2017\/11\/Linnamaja-Roosi-roduga-naturaalne-SOODUSPAKKUMISED-UUED-TOOTED-Nukud-nukuvankrid-nukumajad-Manguasjad_2-af2.jpg","width":1134,"height":857},{"@type":"BreadcrumbList","@id":"https:\/\/beebipood.ee\/ru\/produkt\/linnamaja-roosi-roduga-naturaalne\/#breadcrumb","itemListElement":[{"@type":"ListItem","position":1,"name":"Home","item":"https:\/\/beebipood.ee\/ru\/"},{"@type":"ListItem","position":2,"name":"\u041a\u0430\u0442\u0430\u043b\u043e\u0433 \u0442\u043e\u0432\u0430\u0440\u043e\u0432","item":"https:\/\/beebipood.ee\/tooted\/"},{"@type":"ListItem","position":3,"name":"Linnamaja Roosi r\u00f5duga, naturaalne"}]},{"@type":"WebSite","@id":"https:\/\/beebipood.ee\/ru\/#website","url":"https:\/\/beebipood.ee\/ru\/","name":"Beebipood","description":"Lastekaubad, beebikaubad, m\u00e4nguasjad","publisher":{"@id":"https:\/\/beebipood.ee\/ru\/#organization"},"potentialAction":[{"@type":"SearchAction","target":{"@type":"EntryPoint","urlTemplate":"https:\/\/beebipood.ee\/ru\/?s={search_term_string}"},"query-input":{"@type":"PropertyValueSpecification","valueRequired":true,"valueName":"search_term_string"}}],"inLanguage":"ru-RU"},{"@type":"Organization","@id":"https:\/\/beebipood.ee\/ru\/#organization","name":"Beebipood","url":"https:\/\/beebipood.ee\/ru\/","logo":{"@type":"ImageObject","inLanguage":"ru-RU","@id":"https:\/\/beebipood.ee\/ru\/#\/schema\/logo\/image\/","url":"https:\/\/beebipood.ee\/wp-content\/uploads\/2025\/03\/beebipood.ee-logo-1.svg","contentUrl":"https:\/\/beebipood.ee\/wp-content\/uploads\/2025\/03\/beebipood.ee-logo-1.svg","caption":"Beebipood"},"image":{"@id":"https:\/\/beebipood.ee\/ru\/#\/schema\/logo\/image\/"}}]}},"brands":[],"_links":{"self":[{"href":"https:\/\/beebipood.ee\/ru\/wp-json\/wp\/v2\/product\/458001","targetHints":{"allow":["GET"]}}],"collection":[{"href":"https:\/\/beebipood.ee\/ru\/wp-json\/wp\/v2\/product"}],"about":[{"href":"https:\/\/beebipood.ee\/ru\/wp-json\/wp\/v2\/types\/product"}],"wp:featuredmedia":[{"embeddable":true,"href":"https:\/\/beebipood.ee\/ru\/wp-json\/wp\/v2\/media\/121025"}],"wp:attachment":[{"href":"https:\/\/beebipood.ee\/ru\/wp-json\/wp\/v2\/media?parent=458001"}],"wp:term":[{"taxonomy":"pwb-brand","embeddable":true,"href":"https:\/\/beebipood.ee\/ru\/wp-json\/wp\/v2\/pwb-brand?post=458001"},{"taxonomy":"product_brand","embeddable":true,"href":"https:\/\/beebipood.ee\/ru\/wp-json\/wp\/v2\/product_brand?post=458001"},{"taxonomy":"product_cat","embeddable":true,"href":"https:\/\/beebipood.ee\/ru\/wp-json\/wp\/v2\/product_cat?post=458001"},{"taxonomy":"product_tag","embeddable":true,"href":"https:\/\/beebipood.ee\/ru\/wp-json\/wp\/v2\/product_tag?post=458001"}],"curies":[{"name":"wp","href":"https:\/\/api.w.org\/{rel}","templated":true}]}}