{"id":458019,"date":"2018-01-24T10:29:59","date_gmt":"2018-01-24T08:29:59","guid":{"rendered":"https:\/\/beebipood.ee\/toode\/leclerc-monnalisa-jalutuskaru-birch\/"},"modified":"2025-01-09T10:49:19","modified_gmt":"2025-01-09T08:49:19","slug":"leclerc-monnalisa-jalutuskaru-birch","status":"publish","type":"product","link":"https:\/\/beebipood.ee\/ru\/produkt\/leclerc-monnalisa-jalutuskaru-birch\/","title":{"rendered":"Leclerc Monnalisa jalutusk\u00e4ru, Birch"},"content":{"rendered":"<p>Leclerc Baby by Monnalisa jalutusk\u00e4ru \u2013 lilleline armastuslugu<br \/>Kas oled valmis l\u00f5busateks seiklusteks Leclerc Baby by Monnalisa reisik\u00e4ruga? <br \/>T\u00e4nu k\u00e4ru ainulaadsele \u00fche k\u00e4ega kokku panemise mehhanismile <br \/>saad lapsega ringi liikuda mugavalt ja turvaliselt. <br \/>Sellel piiratud v\u00e4ljaandel on heleroosa metallraam, <br \/>roosad detailid ratastel ja mitmed muudki stiilsed hoolikalt valitud detailid, <br \/>n\u00e4iteks l\u00e4ikivroosad lukud. <br \/>See k\u00f5ik koos kangale tr\u00fckitud Monnalisa signatuur-lillemustriga <br \/>jutustabki meie lillelise armastusloo.<\/p>\n<p>Mis kuulub komplekti?<br \/>\u2013 Influencer jalutusk\u00e4ru koos p\u00e4ikesevarjuga<br \/>\u2013 Turvapiire<br \/>\u2013 Reisikott<br \/>Mugavused nii sulle kui ka sinu lapsele:<br \/>\u2013 Magnetilise kinnitusega p\u00e4ikesevari<br \/>\u2013 Kolme asendisse reguleeritav seljatugi (sh magamisasend)<br \/>\u2013 Reguleeritav jalaalus<br \/>Kasutusmugavus:<br \/>\u2013 Eemaldatav turvapiire<br \/>\u2013 Magnetiline viie punkti turvav\u00f6\u00f6<br \/>\u2013 Vedrustus k\u00f5igil ratastel<br \/>\u2013 Suur pidur<br \/>\u2013 M\u00e4hkmekoti kinnitamise kohad<br \/>Ilmastikukaitse:<br \/>\u2013 Pikendatav p\u00e4ikesevari p\u00e4ikesekaitsega 50+ SPF<br \/>\u2013 600D veekindel kangas<br \/>Kvaliteetsed materjalid:<br \/>\u2013 Kunstnahast kattega l\u00fckkesang ja esipiire (PU)<br \/>\u2013 Vastupidav reisikott<br \/>\u2013 100% PU rattad ja palju muudki<br \/>Lisateave:<br \/>\u2013 Jalutusk\u00e4ru k\u00e4ib kokku ja lahti vaid \u00fche puudutusega.<br \/>\u2013 Mahub lennuki salongis pagasiriiulisse<br \/>\u2013 Komplekti kuuluvad p\u00e4ikesevari UV50+, esipiire ja reisikott<br \/>\u2013 Sobib 6 kuust kuni 22 kg \/ umbes 5 eluaastani<br \/>Monnalisa jalutusk\u00e4ru andmed:<br \/>\u2013 Kaal koos ratastega (kg) \u2013 6,6<br \/>\u2013 (L\u00fckkesanga) k\u00f5rgus (cm) \u2013 101,5<br \/>\u2013 Laius lahtisena (cm) \u2013 47<br \/>\u2013 M\u00f5\u00f5tmed kokkupanduna (K x L x S cm) \u2013 56 x 47 x 24<\/p>\n<p><span>\u00a0<\/span><\/p>\n","protected":false},"excerpt":{"rendered":"<p>Leclerc Baby by Monnalisa jalutusk\u00e4ru \u2013 lilleline armastusluguKas oled valmis l\u00f5busateks seiklusteks Leclerc Baby by Monnalisa reisik\u00e4ruga? T\u00e4nu k\u00e4ru ainulaadsele \u00fche k\u00e4ega kokku panemise mehhanismile saad lapsega ringi liikuda mugavalt ja turvaliselt. Sellel piiratud v\u00e4ljaandel on heleroosa metallraam, roosad detailid ratastel ja mitmed muudki stiilsed hoolikalt valitud detailid, n\u00e4iteks l\u00e4ikivroosad lukud. See k\u00f5ik koos kangale [&hellip;]<\/p>\n","protected":false},"featured_media":121777,"template":"","meta":{"_acf_changed":false},"pwb-brand":[11981],"product_brand":[],"product_cat":[11721,11717],"product_tag":[],"class_list":{"0":"post-458019","1":"product","2":"type-product","3":"status-publish","4":"has-post-thumbnail","6":"pwb-brand-leclerc-ru","7":"product_cat-jalutuskarud-ru","8":"product_cat-lastevankrid-ja-karud-ru","9":"pa_manufacturer-leclerc-ru","11":"first","12":"onbackorder","13":"taxable","14":"shipping-taxable","15":"purchasable","16":"product-type-simple"},"exclude_global_add_ons":[],"addons":[],"acf":[],"yoast_head":"<!-- This site is optimized with the Yoast SEO plugin v27.3 - https:\/\/yoast.com\/product\/yoast-seo-wordpress\/ -->\n<title>Leclerc Monnalisa jalutusk\u00e4ru, Birch, \u041d\u041e\u0412\u042b\u0415 \u0422\u041e\u0412\u0410\u0420\u042b, \u041a\u043e\u043b\u044f\u0441\u043a\u0438, \u041f\u0440\u043e\u0433\u0443\u043b\u043e\u0447\u043d\u044b\u0435 \u043a\u043e\u043b\u044f\u0441\u043a\u0438, Beebipood<\/title>\n<meta name=\"description\" content=\"Leclerc Monnalisa jalutusk\u00e4ru, Birch, Leclerc Baby by Monnalisa jalutusk&auml;ru &ndash; lilleline armastusluguKas oled valmis l&otilde;busateks seikl\" \/>\n<meta name=\"robots\" content=\"index, follow, max-snippet:-1, max-image-preview:large, max-video-preview:-1\" \/>\n<link rel=\"canonical\" href=\"https:\/\/beebipood.ee\/ru\/produkt\/leclerc-monnalisa-jalutuskaru-birch\/\" \/>\n<meta property=\"og:locale\" content=\"ru_RU\" \/>\n<meta property=\"og:type\" content=\"article\" \/>\n<meta property=\"og:title\" content=\"Leclerc Monnalisa jalutusk\u00e4ru, Birch, \u041d\u041e\u0412\u042b\u0415 \u0422\u041e\u0412\u0410\u0420\u042b, \u041a\u043e\u043b\u044f\u0441\u043a\u0438, \u041f\u0440\u043e\u0433\u0443\u043b\u043e\u0447\u043d\u044b\u0435 \u043a\u043e\u043b\u044f\u0441\u043a\u0438, Beebipood\" \/>\n<meta property=\"og:description\" content=\"Leclerc Monnalisa jalutusk\u00e4ru, Birch, Leclerc Baby by Monnalisa jalutusk&auml;ru &ndash; lilleline armastusluguKas oled valmis l&otilde;busateks seikl\" \/>\n<meta property=\"og:url\" content=\"https:\/\/beebipood.ee\/ru\/produkt\/leclerc-monnalisa-jalutuskaru-birch\/\" \/>\n<meta property=\"og:site_name\" content=\"Beebipood\" \/>\n<meta property=\"article:modified_time\" content=\"2025-01-09T08:49:19+00:00\" \/>\n<meta property=\"og:image\" content=\"https:\/\/beebipood.ee\/wp-content\/uploads\/2018\/01\/leclerc_monnalisa_jalutusk_ru_birch-952.jpg\" \/>\n\t<meta property=\"og:image:width\" content=\"2560\" \/>\n\t<meta property=\"og:image:height\" content=\"2560\" \/>\n\t<meta property=\"og:image:type\" content=\"image\/jpeg\" \/>\n<meta name=\"twitter:card\" content=\"summary_large_image\" \/>\n<meta name=\"twitter:label1\" content=\"\u041f\u0440\u0438\u043c\u0435\u0440\u043d\u043e\u0435 \u0432\u0440\u0435\u043c\u044f \u0434\u043b\u044f \u0447\u0442\u0435\u043d\u0438\u044f\" \/>\n\t<meta name=\"twitter:data1\" content=\"1 \u043c\u0438\u043d\u0443\u0442\u0430\" \/>\n<script type=\"application\/ld+json\" class=\"yoast-schema-graph\">{\"@context\":\"https:\\\/\\\/schema.org\",\"@graph\":[{\"@type\":\"WebPage\",\"@id\":\"https:\\\/\\\/beebipood.ee\\\/ru\\\/produkt\\\/leclerc-monnalisa-jalutuskaru-birch\\\/\",\"url\":\"https:\\\/\\\/beebipood.ee\\\/ru\\\/produkt\\\/leclerc-monnalisa-jalutuskaru-birch\\\/\",\"name\":\"Leclerc Monnalisa jalutusk\u00e4ru, Birch, \u041d\u041e\u0412\u042b\u0415 \u0422\u041e\u0412\u0410\u0420\u042b, \u041a\u043e\u043b\u044f\u0441\u043a\u0438, \u041f\u0440\u043e\u0433\u0443\u043b\u043e\u0447\u043d\u044b\u0435 \u043a\u043e\u043b\u044f\u0441\u043a\u0438, Beebipood\",\"isPartOf\":{\"@id\":\"https:\\\/\\\/beebipood.ee\\\/ru\\\/#website\"},\"primaryImageOfPage\":{\"@id\":\"https:\\\/\\\/beebipood.ee\\\/ru\\\/produkt\\\/leclerc-monnalisa-jalutuskaru-birch\\\/#primaryimage\"},\"image\":{\"@id\":\"https:\\\/\\\/beebipood.ee\\\/ru\\\/produkt\\\/leclerc-monnalisa-jalutuskaru-birch\\\/#primaryimage\"},\"thumbnailUrl\":\"https:\\\/\\\/beebipood.ee\\\/wp-content\\\/uploads\\\/2018\\\/01\\\/leclerc_monnalisa_jalutusk_ru_birch-952.jpg\",\"datePublished\":\"2018-01-24T08:29:59+00:00\",\"dateModified\":\"2025-01-09T08:49:19+00:00\",\"description\":\"Leclerc Monnalisa jalutusk\u00e4ru, Birch, Leclerc Baby by Monnalisa jalutusk&auml;ru &ndash; lilleline armastusluguKas oled valmis l&otilde;busateks seikl\",\"breadcrumb\":{\"@id\":\"https:\\\/\\\/beebipood.ee\\\/ru\\\/produkt\\\/leclerc-monnalisa-jalutuskaru-birch\\\/#breadcrumb\"},\"inLanguage\":\"ru-RU\",\"potentialAction\":[{\"@type\":\"ReadAction\",\"target\":[\"https:\\\/\\\/beebipood.ee\\\/ru\\\/produkt\\\/leclerc-monnalisa-jalutuskaru-birch\\\/\"]}]},{\"@type\":\"ImageObject\",\"inLanguage\":\"ru-RU\",\"@id\":\"https:\\\/\\\/beebipood.ee\\\/ru\\\/produkt\\\/leclerc-monnalisa-jalutuskaru-birch\\\/#primaryimage\",\"url\":\"https:\\\/\\\/beebipood.ee\\\/wp-content\\\/uploads\\\/2018\\\/01\\\/leclerc_monnalisa_jalutusk_ru_birch-952.jpg\",\"contentUrl\":\"https:\\\/\\\/beebipood.ee\\\/wp-content\\\/uploads\\\/2018\\\/01\\\/leclerc_monnalisa_jalutusk_ru_birch-952.jpg\",\"width\":2560,\"height\":2560},{\"@type\":\"BreadcrumbList\",\"@id\":\"https:\\\/\\\/beebipood.ee\\\/ru\\\/produkt\\\/leclerc-monnalisa-jalutuskaru-birch\\\/#breadcrumb\",\"itemListElement\":[{\"@type\":\"ListItem\",\"position\":1,\"name\":\"Home\",\"item\":\"https:\\\/\\\/beebipood.ee\\\/ru\\\/\"},{\"@type\":\"ListItem\",\"position\":2,\"name\":\"\u041a\u0430\u0442\u0430\u043b\u043e\u0433 \u0442\u043e\u0432\u0430\u0440\u043e\u0432\",\"item\":\"https:\\\/\\\/beebipood.ee\\\/tooted\\\/\"},{\"@type\":\"ListItem\",\"position\":3,\"name\":\"Leclerc Monnalisa jalutusk\u00e4ru, Birch\"}]},{\"@type\":\"WebSite\",\"@id\":\"https:\\\/\\\/beebipood.ee\\\/ru\\\/#website\",\"url\":\"https:\\\/\\\/beebipood.ee\\\/ru\\\/\",\"name\":\"Beebipood\",\"description\":\"Lastekaubad, beebikaubad, m\u00e4nguasjad\",\"publisher\":{\"@id\":\"https:\\\/\\\/beebipood.ee\\\/ru\\\/#organization\"},\"potentialAction\":[{\"@type\":\"SearchAction\",\"target\":{\"@type\":\"EntryPoint\",\"urlTemplate\":\"https:\\\/\\\/beebipood.ee\\\/ru\\\/?s={search_term_string}\"},\"query-input\":{\"@type\":\"PropertyValueSpecification\",\"valueRequired\":true,\"valueName\":\"search_term_string\"}}],\"inLanguage\":\"ru-RU\"},{\"@type\":\"Organization\",\"@id\":\"https:\\\/\\\/beebipood.ee\\\/ru\\\/#organization\",\"name\":\"Beebipood\",\"url\":\"https:\\\/\\\/beebipood.ee\\\/ru\\\/\",\"logo\":{\"@type\":\"ImageObject\",\"inLanguage\":\"ru-RU\",\"@id\":\"https:\\\/\\\/beebipood.ee\\\/ru\\\/#\\\/schema\\\/logo\\\/image\\\/\",\"url\":\"https:\\\/\\\/beebipood.ee\\\/wp-content\\\/uploads\\\/2025\\\/03\\\/beebipood.ee-logo-1.svg\",\"contentUrl\":\"https:\\\/\\\/beebipood.ee\\\/wp-content\\\/uploads\\\/2025\\\/03\\\/beebipood.ee-logo-1.svg\",\"caption\":\"Beebipood\"},\"image\":{\"@id\":\"https:\\\/\\\/beebipood.ee\\\/ru\\\/#\\\/schema\\\/logo\\\/image\\\/\"}}]}<\/script>\n<!-- \/ Yoast SEO plugin. -->","yoast_head_json":{"title":"Leclerc Monnalisa jalutusk\u00e4ru, Birch, \u041d\u041e\u0412\u042b\u0415 \u0422\u041e\u0412\u0410\u0420\u042b, \u041a\u043e\u043b\u044f\u0441\u043a\u0438, \u041f\u0440\u043e\u0433\u0443\u043b\u043e\u0447\u043d\u044b\u0435 \u043a\u043e\u043b\u044f\u0441\u043a\u0438, Beebipood","description":"Leclerc Monnalisa jalutusk\u00e4ru, Birch, Leclerc Baby by Monnalisa jalutusk&auml;ru &ndash; lilleline armastusluguKas oled valmis l&otilde;busateks seikl","robots":{"index":"index","follow":"follow","max-snippet":"max-snippet:-1","max-image-preview":"max-image-preview:large","max-video-preview":"max-video-preview:-1"},"canonical":"https:\/\/beebipood.ee\/ru\/produkt\/leclerc-monnalisa-jalutuskaru-birch\/","og_locale":"ru_RU","og_type":"article","og_title":"Leclerc Monnalisa jalutusk\u00e4ru, Birch, \u041d\u041e\u0412\u042b\u0415 \u0422\u041e\u0412\u0410\u0420\u042b, \u041a\u043e\u043b\u044f\u0441\u043a\u0438, \u041f\u0440\u043e\u0433\u0443\u043b\u043e\u0447\u043d\u044b\u0435 \u043a\u043e\u043b\u044f\u0441\u043a\u0438, Beebipood","og_description":"Leclerc Monnalisa jalutusk\u00e4ru, Birch, Leclerc Baby by Monnalisa jalutusk&auml;ru &ndash; lilleline armastusluguKas oled valmis l&otilde;busateks seikl","og_url":"https:\/\/beebipood.ee\/ru\/produkt\/leclerc-monnalisa-jalutuskaru-birch\/","og_site_name":"Beebipood","article_modified_time":"2025-01-09T08:49:19+00:00","og_image":[{"width":2560,"height":2560,"url":"https:\/\/beebipood.ee\/wp-content\/uploads\/2018\/01\/leclerc_monnalisa_jalutusk_ru_birch-952.jpg","type":"image\/jpeg"}],"twitter_card":"summary_large_image","twitter_misc":{"\u041f\u0440\u0438\u043c\u0435\u0440\u043d\u043e\u0435 \u0432\u0440\u0435\u043c\u044f \u0434\u043b\u044f \u0447\u0442\u0435\u043d\u0438\u044f":"1 \u043c\u0438\u043d\u0443\u0442\u0430"},"schema":{"@context":"https:\/\/schema.org","@graph":[{"@type":"WebPage","@id":"https:\/\/beebipood.ee\/ru\/produkt\/leclerc-monnalisa-jalutuskaru-birch\/","url":"https:\/\/beebipood.ee\/ru\/produkt\/leclerc-monnalisa-jalutuskaru-birch\/","name":"Leclerc Monnalisa jalutusk\u00e4ru, Birch, \u041d\u041e\u0412\u042b\u0415 \u0422\u041e\u0412\u0410\u0420\u042b, \u041a\u043e\u043b\u044f\u0441\u043a\u0438, \u041f\u0440\u043e\u0433\u0443\u043b\u043e\u0447\u043d\u044b\u0435 \u043a\u043e\u043b\u044f\u0441\u043a\u0438, Beebipood","isPartOf":{"@id":"https:\/\/beebipood.ee\/ru\/#website"},"primaryImageOfPage":{"@id":"https:\/\/beebipood.ee\/ru\/produkt\/leclerc-monnalisa-jalutuskaru-birch\/#primaryimage"},"image":{"@id":"https:\/\/beebipood.ee\/ru\/produkt\/leclerc-monnalisa-jalutuskaru-birch\/#primaryimage"},"thumbnailUrl":"https:\/\/beebipood.ee\/wp-content\/uploads\/2018\/01\/leclerc_monnalisa_jalutusk_ru_birch-952.jpg","datePublished":"2018-01-24T08:29:59+00:00","dateModified":"2025-01-09T08:49:19+00:00","description":"Leclerc Monnalisa jalutusk\u00e4ru, Birch, Leclerc Baby by Monnalisa jalutusk&auml;ru &ndash; lilleline armastusluguKas oled valmis l&otilde;busateks seikl","breadcrumb":{"@id":"https:\/\/beebipood.ee\/ru\/produkt\/leclerc-monnalisa-jalutuskaru-birch\/#breadcrumb"},"inLanguage":"ru-RU","potentialAction":[{"@type":"ReadAction","target":["https:\/\/beebipood.ee\/ru\/produkt\/leclerc-monnalisa-jalutuskaru-birch\/"]}]},{"@type":"ImageObject","inLanguage":"ru-RU","@id":"https:\/\/beebipood.ee\/ru\/produkt\/leclerc-monnalisa-jalutuskaru-birch\/#primaryimage","url":"https:\/\/beebipood.ee\/wp-content\/uploads\/2018\/01\/leclerc_monnalisa_jalutusk_ru_birch-952.jpg","contentUrl":"https:\/\/beebipood.ee\/wp-content\/uploads\/2018\/01\/leclerc_monnalisa_jalutusk_ru_birch-952.jpg","width":2560,"height":2560},{"@type":"BreadcrumbList","@id":"https:\/\/beebipood.ee\/ru\/produkt\/leclerc-monnalisa-jalutuskaru-birch\/#breadcrumb","itemListElement":[{"@type":"ListItem","position":1,"name":"Home","item":"https:\/\/beebipood.ee\/ru\/"},{"@type":"ListItem","position":2,"name":"\u041a\u0430\u0442\u0430\u043b\u043e\u0433 \u0442\u043e\u0432\u0430\u0440\u043e\u0432","item":"https:\/\/beebipood.ee\/tooted\/"},{"@type":"ListItem","position":3,"name":"Leclerc Monnalisa jalutusk\u00e4ru, Birch"}]},{"@type":"WebSite","@id":"https:\/\/beebipood.ee\/ru\/#website","url":"https:\/\/beebipood.ee\/ru\/","name":"Beebipood","description":"Lastekaubad, beebikaubad, m\u00e4nguasjad","publisher":{"@id":"https:\/\/beebipood.ee\/ru\/#organization"},"potentialAction":[{"@type":"SearchAction","target":{"@type":"EntryPoint","urlTemplate":"https:\/\/beebipood.ee\/ru\/?s={search_term_string}"},"query-input":{"@type":"PropertyValueSpecification","valueRequired":true,"valueName":"search_term_string"}}],"inLanguage":"ru-RU"},{"@type":"Organization","@id":"https:\/\/beebipood.ee\/ru\/#organization","name":"Beebipood","url":"https:\/\/beebipood.ee\/ru\/","logo":{"@type":"ImageObject","inLanguage":"ru-RU","@id":"https:\/\/beebipood.ee\/ru\/#\/schema\/logo\/image\/","url":"https:\/\/beebipood.ee\/wp-content\/uploads\/2025\/03\/beebipood.ee-logo-1.svg","contentUrl":"https:\/\/beebipood.ee\/wp-content\/uploads\/2025\/03\/beebipood.ee-logo-1.svg","caption":"Beebipood"},"image":{"@id":"https:\/\/beebipood.ee\/ru\/#\/schema\/logo\/image\/"}}]}},"brands":[{"id":11981,"name":"Leclerc","slug":"leclerc-ru"}],"_links":{"self":[{"href":"https:\/\/beebipood.ee\/ru\/wp-json\/wp\/v2\/product\/458019","targetHints":{"allow":["GET"]}}],"collection":[{"href":"https:\/\/beebipood.ee\/ru\/wp-json\/wp\/v2\/product"}],"about":[{"href":"https:\/\/beebipood.ee\/ru\/wp-json\/wp\/v2\/types\/product"}],"wp:featuredmedia":[{"embeddable":true,"href":"https:\/\/beebipood.ee\/ru\/wp-json\/wp\/v2\/media\/121777"}],"wp:attachment":[{"href":"https:\/\/beebipood.ee\/ru\/wp-json\/wp\/v2\/media?parent=458019"}],"wp:term":[{"taxonomy":"pwb-brand","embeddable":true,"href":"https:\/\/beebipood.ee\/ru\/wp-json\/wp\/v2\/pwb-brand?post=458019"},{"taxonomy":"product_brand","embeddable":true,"href":"https:\/\/beebipood.ee\/ru\/wp-json\/wp\/v2\/product_brand?post=458019"},{"taxonomy":"product_cat","embeddable":true,"href":"https:\/\/beebipood.ee\/ru\/wp-json\/wp\/v2\/product_cat?post=458019"},{"taxonomy":"product_tag","embeddable":true,"href":"https:\/\/beebipood.ee\/ru\/wp-json\/wp\/v2\/product_tag?post=458019"}],"curies":[{"name":"wp","href":"https:\/\/api.w.org\/{rel}","templated":true}]}}