{"id":458045,"date":"2018-03-29T07:55:39","date_gmt":"2018-03-29T04:55:39","guid":{"rendered":"https:\/\/beebipood.ee\/toode\/axkid-one-2-turvatool-40-125cm-tar\/"},"modified":"2026-01-29T09:42:19","modified_gmt":"2026-01-29T07:42:19","slug":"axkid-spinkid-2-i-size-180o-turvatool-40-105cm-18kg-glacier-lake-blue","status":"publish","type":"product","link":"https:\/\/beebipood.ee\/ru\/produkt\/axkid-spinkid-2-i-size-180o-turvatool-40-105cm-18kg-glacier-lake-blue\/","title":{"rendered":"Axkid Spinkid 2 i-Size 180\u00ba turvatool 40-105cm\/18kg, Glacier Lake Blue"},"content":{"rendered":"<p>Axkid Spinkid 2 on p\u00f6\u00f6ratav 180\u00ba turvatool,<br \/>\nmis h\u00f5lbustab teie kui lapsevanema igap\u00e4evaelu.<br \/>\nMugav 180-kraadine p\u00f6\u00f6rdefunktsioon muudab selle k\u00e4sitsemise lihtsaks,<br \/>\npakkudes samas seljaga s\u00f5idusuunas reisimise tohutuid turvaeeliseid.<br \/>\nSpinkid 2 on l\u00e4binud Rootsi PLUS-testi, mida peetakse maailma k\u00f5ige karmimaks kokkup\u00f5rke testiks.<br \/>\nAxkid Spinkid 2 muudab teie lapse turvatooli kinnitamise lihtsaks.<br \/>\nVaid \u00fche nupuvajutusega saate turvatooli ukse poole p\u00f6\u00f6rata<br \/>\nja oma lapsele ligi p\u00e4\u00e4seda.<br \/>\nP\u00f6\u00f6rlev turvatool tagab, et saate lapse mugavalt autosse t\u00f5sta<br \/>\nja autost v\u00e4lja, samuti saate lapse \u00f5igesti ja kindlalt rihmaga kinnitada.<br \/>\nAxkid Spinkid 2 m\u00f5lemal k\u00fcljel paiknevad magnethoidjad,<br \/>\nmis teeb teeb turvarihmade peale panemise ja \u00e4rav\u00f5tmise eriti mugavaks<br \/>\n\u00dcksikasjad:<br \/>\nSpinkid on seljaga s\u00f5idusuunas 180\u00b0 p\u00f6\u00f6ratav turvatool<br \/>\nL\u00e4binud Rootsi PLUS-testi<br \/>\nVastab i-Size R129 standardile<br \/>\nSobib seljaga s\u00f5idusuunas s\u00f5itmiseks alates s\u00fcnnist kuni 4. eluaastani (40-105cm \/ 0-18kg)<br \/>\nLihtne paigaldada ISOFIX kinnituste abil<br \/>\nAxkid Spinkid 2 on varustatud Holmbergs\u00ae esmaklassiliste turvarihmad ja turvas\u00fcsteemiga.<br \/>\nIntegreeritud 5-punkti turvarihmad, mis on \u00fche t\u00f5mbega reguleeritavad.<br \/>\nKomplektis on beebisisu<br \/>\nIste on kaetud l\u00f6\u00f6ke neelavate materjalidega<br \/>\nASIP protection k\u00fclgkaitse<br \/>\n180\u00b0 p\u00f6\u00f6rlev funktsioon muudab kasutamise ja s\u00f5iduasendite vahetamise uskumatult lihtsaks<br \/>\nPeatugi on \u00fche k\u00e4ega reguleeritav 12 erinevasse asendisse<br \/>\n\u00dche k\u00e4ega lamamisasendite muutmine s\u00f5iduajal<br \/>\nSpinkid Sleep Well System tooli kaldenurk on kuni 42 kraadi<br \/>\nTurvatool on kaetud premium kangaga, mis ei sisalda kemikaale<br \/>\nKate eemaldatav ja pesatv 30\u00b0 juures<br \/>\nTugijala pikkus on reguleeritav<br \/>\nKaal: 15kg<br \/>\nM\u00f5\u00f5dud: laius 44cm, k\u00f5rgus 63cm, s\u00fcgavus 63cm<\/p>\n","protected":false},"excerpt":{"rendered":"<p>Axkid Spinkid 2 on p\u00f6\u00f6ratav 180\u00ba turvatool, mis h\u00f5lbustab teie kui lapsevanema igap\u00e4evaelu. Mugav 180-kraadine p\u00f6\u00f6rdefunktsioon muudab selle k\u00e4sitsemise lihtsaks, pakkudes samas seljaga s\u00f5idusuunas reisimise tohutuid turvaeeliseid. Spinkid 2 on l\u00e4binud Rootsi PLUS-testi, mida peetakse maailma k\u00f5ige karmimaks kokkup\u00f5rke testiks. Axkid Spinkid 2 muudab teie lapse turvatooli kinnitamise lihtsaks. Vaid \u00fche nupuvajutusega saate turvatooli ukse [&hellip;]<\/p>\n","protected":false},"featured_media":503237,"template":"","meta":{"_acf_changed":false},"pwb-brand":[11955],"product_brand":[],"product_cat":[11573,11729,11813,11727,11855,11791],"product_tag":[],"class_list":{"0":"post-458045","1":"product","2":"type-product","3":"status-publish","4":"has-post-thumbnail","6":"pwb-brand-axkid-ru","7":"product_cat-sooduspakkumised-ru","8":"product_cat-turvatoolid-0-18-kg-ru","9":"product_cat-axkid-ru","10":"product_cat-turvatoolid-hallid-ru","11":"product_cat-sss-turvatoolid-ru","12":"product_cat-turvavarustus-ru","13":"pa_manufacturer-axkid-ru","15":"first","16":"onbackorder","17":"sale","18":"taxable","19":"shipping-taxable","20":"purchasable","21":"product-type-simple"},"exclude_global_add_ons":[],"addons":[],"acf":[],"yoast_head":"<!-- This site is optimized with the Yoast SEO plugin v27.1.1 - https:\/\/yoast.com\/product\/yoast-seo-wordpress\/ -->\n<title>Axkid ONE+ 2 turvatool 40-125cm, Tar, \u0421\u041a\u0418\u0414\u041a\u0418, \u0410\u0432\u0442\u043e\u043a\u0440\u0435\u0441\u043b\u0430, \u043b\u044e\u043b\u044c\u043a\u0438, \u0410\u0432\u0442\u043e\u043a\u0440\u0435\u0441\u043b\u0430 0-25 \u043a\u0433, \u0421\u043d\u0430\u0440\u044f\u0436\u0435\u043d\u0438\u044f \u0431\u0435\u0437\u043e\u043f\u0430\u0441\u043d\u043e\u0441\u0442\u0438, Axkid, Axkid One 2 , A\u0432\u0442\u043e\u043a\u0440\u0435\u0441\u043b\u043e \u0441\u043f\u0438\u043d\u043e\u0439 \u043f\u043e \u0445\u043e\u0434\u0443, Beebipood<\/title>\n<meta name=\"description\" content=\"Axkid ONE+ 2 turvatool 40-125cm, Tar, Axkid ONE+ 2 - \u00dcks turvatool l\u00e4bi lapsep\u00f5lve!AXKID ONE+ 2 annab turvatoolide ohutusele uue stand\" \/>\n<meta name=\"robots\" content=\"index, follow, max-snippet:-1, max-image-preview:large, max-video-preview:-1\" \/>\n<link rel=\"canonical\" href=\"https:\/\/beebipood.ee\/ru\/produkt\/axkid-spinkid-2-i-size-180o-turvatool-40-105cm-18kg-glacier-lake-blue\/\" \/>\n<meta property=\"og:locale\" content=\"ru_RU\" \/>\n<meta property=\"og:type\" content=\"article\" \/>\n<meta property=\"og:title\" content=\"Axkid ONE+ 2 turvatool 40-125cm, Tar, \u0421\u041a\u0418\u0414\u041a\u0418, \u0410\u0432\u0442\u043e\u043a\u0440\u0435\u0441\u043b\u0430, \u043b\u044e\u043b\u044c\u043a\u0438, \u0410\u0432\u0442\u043e\u043a\u0440\u0435\u0441\u043b\u0430 0-25 \u043a\u0433, \u0421\u043d\u0430\u0440\u044f\u0436\u0435\u043d\u0438\u044f \u0431\u0435\u0437\u043e\u043f\u0430\u0441\u043d\u043e\u0441\u0442\u0438, Axkid, Axkid One 2 , A\u0432\u0442\u043e\u043a\u0440\u0435\u0441\u043b\u043e \u0441\u043f\u0438\u043d\u043e\u0439 \u043f\u043e \u0445\u043e\u0434\u0443, Beebipood\" \/>\n<meta property=\"og:description\" content=\"Axkid ONE+ 2 turvatool 40-125cm, Tar, Axkid ONE+ 2 - \u00dcks turvatool l\u00e4bi lapsep\u00f5lve!AXKID ONE+ 2 annab turvatoolide ohutusele uue stand\" \/>\n<meta property=\"og:url\" content=\"https:\/\/beebipood.ee\/ru\/produkt\/axkid-spinkid-2-i-size-180o-turvatool-40-105cm-18kg-glacier-lake-blue\/\" \/>\n<meta property=\"og:site_name\" content=\"Beebipood\" \/>\n<meta property=\"article:modified_time\" content=\"2026-01-29T07:42:19+00:00\" \/>\n<meta property=\"og:image\" content=\"https:\/\/beebipood.ee\/wp-content\/uploads\/2018\/03\/7350150972713.jpg\" \/>\n\t<meta property=\"og:image:width\" content=\"2000\" \/>\n\t<meta property=\"og:image:height\" content=\"2000\" \/>\n\t<meta property=\"og:image:type\" content=\"image\/jpeg\" \/>\n<meta name=\"twitter:card\" content=\"summary_large_image\" \/>\n<meta name=\"twitter:label1\" content=\"\u041f\u0440\u0438\u043c\u0435\u0440\u043d\u043e\u0435 \u0432\u0440\u0435\u043c\u044f \u0434\u043b\u044f \u0447\u0442\u0435\u043d\u0438\u044f\" \/>\n\t<meta name=\"twitter:data1\" content=\"2 \u043c\u0438\u043d\u0443\u0442\u044b\" \/>\n<script type=\"application\/ld+json\" class=\"yoast-schema-graph\">{\"@context\":\"https:\/\/schema.org\",\"@graph\":[{\"@type\":\"WebPage\",\"@id\":\"https:\/\/beebipood.ee\/ru\/produkt\/axkid-spinkid-2-i-size-180o-turvatool-40-105cm-18kg-glacier-lake-blue\/\",\"url\":\"https:\/\/beebipood.ee\/ru\/produkt\/axkid-spinkid-2-i-size-180o-turvatool-40-105cm-18kg-glacier-lake-blue\/\",\"name\":\"Axkid ONE+ 2 turvatool 40-125cm, Tar, \u0421\u041a\u0418\u0414\u041a\u0418, \u0410\u0432\u0442\u043e\u043a\u0440\u0435\u0441\u043b\u0430, \u043b\u044e\u043b\u044c\u043a\u0438, \u0410\u0432\u0442\u043e\u043a\u0440\u0435\u0441\u043b\u0430 0-25 \u043a\u0433, \u0421\u043d\u0430\u0440\u044f\u0436\u0435\u043d\u0438\u044f \u0431\u0435\u0437\u043e\u043f\u0430\u0441\u043d\u043e\u0441\u0442\u0438, Axkid, Axkid One 2 , A\u0432\u0442\u043e\u043a\u0440\u0435\u0441\u043b\u043e \u0441\u043f\u0438\u043d\u043e\u0439 \u043f\u043e \u0445\u043e\u0434\u0443, Beebipood\",\"isPartOf\":{\"@id\":\"https:\/\/beebipood.ee\/ru\/#website\"},\"primaryImageOfPage\":{\"@id\":\"https:\/\/beebipood.ee\/ru\/produkt\/axkid-spinkid-2-i-size-180o-turvatool-40-105cm-18kg-glacier-lake-blue\/#primaryimage\"},\"image\":{\"@id\":\"https:\/\/beebipood.ee\/ru\/produkt\/axkid-spinkid-2-i-size-180o-turvatool-40-105cm-18kg-glacier-lake-blue\/#primaryimage\"},\"thumbnailUrl\":\"https:\/\/beebipood.ee\/wp-content\/uploads\/2018\/03\/7350150972713.jpg\",\"datePublished\":\"2018-03-29T04:55:39+00:00\",\"dateModified\":\"2026-01-29T07:42:19+00:00\",\"description\":\"Axkid ONE+ 2 turvatool 40-125cm, Tar, Axkid ONE+ 2 - \u00dcks turvatool l\u00e4bi lapsep\u00f5lve!AXKID ONE+ 2 annab turvatoolide ohutusele uue stand\",\"breadcrumb\":{\"@id\":\"https:\/\/beebipood.ee\/ru\/produkt\/axkid-spinkid-2-i-size-180o-turvatool-40-105cm-18kg-glacier-lake-blue\/#breadcrumb\"},\"inLanguage\":\"ru-RU\",\"potentialAction\":[{\"@type\":\"ReadAction\",\"target\":[\"https:\/\/beebipood.ee\/ru\/produkt\/axkid-spinkid-2-i-size-180o-turvatool-40-105cm-18kg-glacier-lake-blue\/\"]}]},{\"@type\":\"ImageObject\",\"inLanguage\":\"ru-RU\",\"@id\":\"https:\/\/beebipood.ee\/ru\/produkt\/axkid-spinkid-2-i-size-180o-turvatool-40-105cm-18kg-glacier-lake-blue\/#primaryimage\",\"url\":\"https:\/\/beebipood.ee\/wp-content\/uploads\/2018\/03\/7350150972713.jpg\",\"contentUrl\":\"https:\/\/beebipood.ee\/wp-content\/uploads\/2018\/03\/7350150972713.jpg\",\"width\":2000,\"height\":2000},{\"@type\":\"BreadcrumbList\",\"@id\":\"https:\/\/beebipood.ee\/ru\/produkt\/axkid-spinkid-2-i-size-180o-turvatool-40-105cm-18kg-glacier-lake-blue\/#breadcrumb\",\"itemListElement\":[{\"@type\":\"ListItem\",\"position\":1,\"name\":\"Home\",\"item\":\"https:\/\/beebipood.ee\/ru\/\"},{\"@type\":\"ListItem\",\"position\":2,\"name\":\"\u041a\u0430\u0442\u0430\u043b\u043e\u0433 \u0442\u043e\u0432\u0430\u0440\u043e\u0432\",\"item\":\"https:\/\/beebipood.ee\/tooted\/\"},{\"@type\":\"ListItem\",\"position\":3,\"name\":\"Axkid Spinkid 2 i-Size 180\u00ba turvatool 40-105cm\/18kg, Glacier Lake Blue\"}]},{\"@type\":\"WebSite\",\"@id\":\"https:\/\/beebipood.ee\/ru\/#website\",\"url\":\"https:\/\/beebipood.ee\/ru\/\",\"name\":\"Beebipood\",\"description\":\"Lastekaubad, beebikaubad, m\u00e4nguasjad\",\"publisher\":{\"@id\":\"https:\/\/beebipood.ee\/ru\/#organization\"},\"potentialAction\":[{\"@type\":\"SearchAction\",\"target\":{\"@type\":\"EntryPoint\",\"urlTemplate\":\"https:\/\/beebipood.ee\/ru\/?s={search_term_string}\"},\"query-input\":{\"@type\":\"PropertyValueSpecification\",\"valueRequired\":true,\"valueName\":\"search_term_string\"}}],\"inLanguage\":\"ru-RU\"},{\"@type\":\"Organization\",\"@id\":\"https:\/\/beebipood.ee\/ru\/#organization\",\"name\":\"Beebipood\",\"url\":\"https:\/\/beebipood.ee\/ru\/\",\"logo\":{\"@type\":\"ImageObject\",\"inLanguage\":\"ru-RU\",\"@id\":\"https:\/\/beebipood.ee\/ru\/#\/schema\/logo\/image\/\",\"url\":\"https:\/\/beebipood.ee\/wp-content\/uploads\/2025\/03\/beebipood.ee-logo-1.svg\",\"contentUrl\":\"https:\/\/beebipood.ee\/wp-content\/uploads\/2025\/03\/beebipood.ee-logo-1.svg\",\"caption\":\"Beebipood\"},\"image\":{\"@id\":\"https:\/\/beebipood.ee\/ru\/#\/schema\/logo\/image\/\"}}]}<\/script>\n<!-- \/ Yoast SEO plugin. -->","yoast_head_json":{"title":"Axkid ONE+ 2 turvatool 40-125cm, Tar, \u0421\u041a\u0418\u0414\u041a\u0418, \u0410\u0432\u0442\u043e\u043a\u0440\u0435\u0441\u043b\u0430, \u043b\u044e\u043b\u044c\u043a\u0438, \u0410\u0432\u0442\u043e\u043a\u0440\u0435\u0441\u043b\u0430 0-25 \u043a\u0433, \u0421\u043d\u0430\u0440\u044f\u0436\u0435\u043d\u0438\u044f \u0431\u0435\u0437\u043e\u043f\u0430\u0441\u043d\u043e\u0441\u0442\u0438, Axkid, Axkid One 2 , A\u0432\u0442\u043e\u043a\u0440\u0435\u0441\u043b\u043e \u0441\u043f\u0438\u043d\u043e\u0439 \u043f\u043e \u0445\u043e\u0434\u0443, Beebipood","description":"Axkid ONE+ 2 turvatool 40-125cm, Tar, Axkid ONE+ 2 - \u00dcks turvatool l\u00e4bi lapsep\u00f5lve!AXKID ONE+ 2 annab turvatoolide ohutusele uue stand","robots":{"index":"index","follow":"follow","max-snippet":"max-snippet:-1","max-image-preview":"max-image-preview:large","max-video-preview":"max-video-preview:-1"},"canonical":"https:\/\/beebipood.ee\/ru\/produkt\/axkid-spinkid-2-i-size-180o-turvatool-40-105cm-18kg-glacier-lake-blue\/","og_locale":"ru_RU","og_type":"article","og_title":"Axkid ONE+ 2 turvatool 40-125cm, Tar, \u0421\u041a\u0418\u0414\u041a\u0418, \u0410\u0432\u0442\u043e\u043a\u0440\u0435\u0441\u043b\u0430, \u043b\u044e\u043b\u044c\u043a\u0438, \u0410\u0432\u0442\u043e\u043a\u0440\u0435\u0441\u043b\u0430 0-25 \u043a\u0433, \u0421\u043d\u0430\u0440\u044f\u0436\u0435\u043d\u0438\u044f \u0431\u0435\u0437\u043e\u043f\u0430\u0441\u043d\u043e\u0441\u0442\u0438, Axkid, Axkid One 2 , A\u0432\u0442\u043e\u043a\u0440\u0435\u0441\u043b\u043e \u0441\u043f\u0438\u043d\u043e\u0439 \u043f\u043e \u0445\u043e\u0434\u0443, Beebipood","og_description":"Axkid ONE+ 2 turvatool 40-125cm, Tar, Axkid ONE+ 2 - \u00dcks turvatool l\u00e4bi lapsep\u00f5lve!AXKID ONE+ 2 annab turvatoolide ohutusele uue stand","og_url":"https:\/\/beebipood.ee\/ru\/produkt\/axkid-spinkid-2-i-size-180o-turvatool-40-105cm-18kg-glacier-lake-blue\/","og_site_name":"Beebipood","article_modified_time":"2026-01-29T07:42:19+00:00","og_image":[{"width":2000,"height":2000,"url":"https:\/\/beebipood.ee\/wp-content\/uploads\/2018\/03\/7350150972713.jpg","type":"image\/jpeg"}],"twitter_card":"summary_large_image","twitter_misc":{"\u041f\u0440\u0438\u043c\u0435\u0440\u043d\u043e\u0435 \u0432\u0440\u0435\u043c\u044f \u0434\u043b\u044f \u0447\u0442\u0435\u043d\u0438\u044f":"2 \u043c\u0438\u043d\u0443\u0442\u044b"},"schema":{"@context":"https:\/\/schema.org","@graph":[{"@type":"WebPage","@id":"https:\/\/beebipood.ee\/ru\/produkt\/axkid-spinkid-2-i-size-180o-turvatool-40-105cm-18kg-glacier-lake-blue\/","url":"https:\/\/beebipood.ee\/ru\/produkt\/axkid-spinkid-2-i-size-180o-turvatool-40-105cm-18kg-glacier-lake-blue\/","name":"Axkid ONE+ 2 turvatool 40-125cm, Tar, \u0421\u041a\u0418\u0414\u041a\u0418, \u0410\u0432\u0442\u043e\u043a\u0440\u0435\u0441\u043b\u0430, \u043b\u044e\u043b\u044c\u043a\u0438, \u0410\u0432\u0442\u043e\u043a\u0440\u0435\u0441\u043b\u0430 0-25 \u043a\u0433, \u0421\u043d\u0430\u0440\u044f\u0436\u0435\u043d\u0438\u044f \u0431\u0435\u0437\u043e\u043f\u0430\u0441\u043d\u043e\u0441\u0442\u0438, Axkid, Axkid One 2 , A\u0432\u0442\u043e\u043a\u0440\u0435\u0441\u043b\u043e \u0441\u043f\u0438\u043d\u043e\u0439 \u043f\u043e \u0445\u043e\u0434\u0443, Beebipood","isPartOf":{"@id":"https:\/\/beebipood.ee\/ru\/#website"},"primaryImageOfPage":{"@id":"https:\/\/beebipood.ee\/ru\/produkt\/axkid-spinkid-2-i-size-180o-turvatool-40-105cm-18kg-glacier-lake-blue\/#primaryimage"},"image":{"@id":"https:\/\/beebipood.ee\/ru\/produkt\/axkid-spinkid-2-i-size-180o-turvatool-40-105cm-18kg-glacier-lake-blue\/#primaryimage"},"thumbnailUrl":"https:\/\/beebipood.ee\/wp-content\/uploads\/2018\/03\/7350150972713.jpg","datePublished":"2018-03-29T04:55:39+00:00","dateModified":"2026-01-29T07:42:19+00:00","description":"Axkid ONE+ 2 turvatool 40-125cm, Tar, Axkid ONE+ 2 - \u00dcks turvatool l\u00e4bi lapsep\u00f5lve!AXKID ONE+ 2 annab turvatoolide ohutusele uue stand","breadcrumb":{"@id":"https:\/\/beebipood.ee\/ru\/produkt\/axkid-spinkid-2-i-size-180o-turvatool-40-105cm-18kg-glacier-lake-blue\/#breadcrumb"},"inLanguage":"ru-RU","potentialAction":[{"@type":"ReadAction","target":["https:\/\/beebipood.ee\/ru\/produkt\/axkid-spinkid-2-i-size-180o-turvatool-40-105cm-18kg-glacier-lake-blue\/"]}]},{"@type":"ImageObject","inLanguage":"ru-RU","@id":"https:\/\/beebipood.ee\/ru\/produkt\/axkid-spinkid-2-i-size-180o-turvatool-40-105cm-18kg-glacier-lake-blue\/#primaryimage","url":"https:\/\/beebipood.ee\/wp-content\/uploads\/2018\/03\/7350150972713.jpg","contentUrl":"https:\/\/beebipood.ee\/wp-content\/uploads\/2018\/03\/7350150972713.jpg","width":2000,"height":2000},{"@type":"BreadcrumbList","@id":"https:\/\/beebipood.ee\/ru\/produkt\/axkid-spinkid-2-i-size-180o-turvatool-40-105cm-18kg-glacier-lake-blue\/#breadcrumb","itemListElement":[{"@type":"ListItem","position":1,"name":"Home","item":"https:\/\/beebipood.ee\/ru\/"},{"@type":"ListItem","position":2,"name":"\u041a\u0430\u0442\u0430\u043b\u043e\u0433 \u0442\u043e\u0432\u0430\u0440\u043e\u0432","item":"https:\/\/beebipood.ee\/tooted\/"},{"@type":"ListItem","position":3,"name":"Axkid Spinkid 2 i-Size 180\u00ba turvatool 40-105cm\/18kg, Glacier Lake Blue"}]},{"@type":"WebSite","@id":"https:\/\/beebipood.ee\/ru\/#website","url":"https:\/\/beebipood.ee\/ru\/","name":"Beebipood","description":"Lastekaubad, beebikaubad, m\u00e4nguasjad","publisher":{"@id":"https:\/\/beebipood.ee\/ru\/#organization"},"potentialAction":[{"@type":"SearchAction","target":{"@type":"EntryPoint","urlTemplate":"https:\/\/beebipood.ee\/ru\/?s={search_term_string}"},"query-input":{"@type":"PropertyValueSpecification","valueRequired":true,"valueName":"search_term_string"}}],"inLanguage":"ru-RU"},{"@type":"Organization","@id":"https:\/\/beebipood.ee\/ru\/#organization","name":"Beebipood","url":"https:\/\/beebipood.ee\/ru\/","logo":{"@type":"ImageObject","inLanguage":"ru-RU","@id":"https:\/\/beebipood.ee\/ru\/#\/schema\/logo\/image\/","url":"https:\/\/beebipood.ee\/wp-content\/uploads\/2025\/03\/beebipood.ee-logo-1.svg","contentUrl":"https:\/\/beebipood.ee\/wp-content\/uploads\/2025\/03\/beebipood.ee-logo-1.svg","caption":"Beebipood"},"image":{"@id":"https:\/\/beebipood.ee\/ru\/#\/schema\/logo\/image\/"}}]}},"brands":[{"id":11955,"name":"Axkid","slug":"axkid-ru"}],"_links":{"self":[{"href":"https:\/\/beebipood.ee\/ru\/wp-json\/wp\/v2\/product\/458045","targetHints":{"allow":["GET"]}}],"collection":[{"href":"https:\/\/beebipood.ee\/ru\/wp-json\/wp\/v2\/product"}],"about":[{"href":"https:\/\/beebipood.ee\/ru\/wp-json\/wp\/v2\/types\/product"}],"wp:featuredmedia":[{"embeddable":true,"href":"https:\/\/beebipood.ee\/ru\/wp-json\/wp\/v2\/media\/503237"}],"wp:attachment":[{"href":"https:\/\/beebipood.ee\/ru\/wp-json\/wp\/v2\/media?parent=458045"}],"wp:term":[{"taxonomy":"pwb-brand","embeddable":true,"href":"https:\/\/beebipood.ee\/ru\/wp-json\/wp\/v2\/pwb-brand?post=458045"},{"taxonomy":"product_brand","embeddable":true,"href":"https:\/\/beebipood.ee\/ru\/wp-json\/wp\/v2\/product_brand?post=458045"},{"taxonomy":"product_cat","embeddable":true,"href":"https:\/\/beebipood.ee\/ru\/wp-json\/wp\/v2\/product_cat?post=458045"},{"taxonomy":"product_tag","embeddable":true,"href":"https:\/\/beebipood.ee\/ru\/wp-json\/wp\/v2\/product_tag?post=458045"}],"curies":[{"name":"wp","href":"https:\/\/api.w.org\/{rel}","templated":true}]}}