{"id":458047,"date":"2018-03-29T08:08:17","date_gmt":"2018-03-29T05:08:17","guid":{"rendered":"https:\/\/beebipood.ee\/toode\/axkid-one-2-turvatool-40-125cm-granite-melange\/"},"modified":"2025-04-04T09:29:19","modified_gmt":"2025-04-04T06:29:19","slug":"axkid-minikid-4-pro-turvatool-61-125cm-36kg-glacier-lake-blue","status":"publish","type":"product","link":"https:\/\/beebipood.ee\/ru\/produkt\/axkid-minikid-4-pro-turvatool-61-125cm-36kg-glacier-lake-blue\/","title":{"rendered":"Axkid Minikid 4 Pro turvatool 61-125cm 36kg, Glacier Lake Blue"},"content":{"rendered":"<p>Axkid Minikid 4 Pro on turvatool kus innovatsioon ja hoolitsus \u00fchinevad,<br \/>\net luua teie v\u00e4ikesele mugav ruum, mis on t\u00e4is praktilisi funktsioone.<br \/>\nMeie Minikid 4 Pro kompaktne disain sobib h\u00e4sti teie lapse igap\u00e4evarutiini,<br \/>\nmuutes selle selle turvatooli tema t\u00e4iuslikuks kaaslaseks!<br \/>\nTaskukohane tipptase \u2013 Minikid 4 Pro \u00fcletab ootusi<br \/>\nning ei tee j\u00e4releandmisi AXKID rangete ohutusstandardite osas.<br \/>\nAxkid eesm\u00e4rk on pakkuda k\u00f5rgeima kvaliteediga kaitset,<br \/>\nmis on k\u00f5igile k\u00e4ttesaadav.<br \/>\nMinikid 4 Pro v\u00f5tab autos minimaalselt 15 cm ruumi v\u00e4hem<br \/>\nkui sarnased seljaga s\u00f5idusuunas turvatoolid, pakkudes samas 30 cm jalaruumi.<br \/>\nTurvatooli saab paigaldada erinevatesse asenditesse<br \/>\nja t\u00e4nu disainile see sobib paljudesse autodesse.<\/p>\n<p>Kasutatav umbes 7. eluaastani<br \/>\nHeakskiidetud pikkus: 61-125cm<br \/>\nHeakskiidetud kaal: kuni 36 kg<br \/>\nK\u00f5rged pehmendusega \u00e4\u00e4red pakkumaks turvalist kaitset ka k\u00fclgedelt<br \/>\nK\u00fclgkokkup\u00f5rke kaitse \u2013 ASIP (Axkid Side Impact Protection)<br \/>\n5-punkti turvav\u00f6\u00f6<br \/>\nBeebisisu lapsele 61-105 cm<br \/>\nReguleeritav kaldenurk 2-asendisse<br \/>\nLihtne kinnitada 3-punkti turvav\u00f6\u00f6ga (sobib k\u00f5ikidele istmetele autos)<br \/>\n\u00dche nupuvajutusega tugijalg<br \/>\nEkstrapikk tugijalg tagab mugava paigutuse erinevatesse autodesse<br \/>\nReguleeritav peatugi 13-asendisse<br \/>\nPehme ja hingava kangas<br \/>\nTurvatooli kate on eemaldatav ja masinpestav 30\u00b0 juures<br \/>\nL\u00e4binud PLUS TESTI Rootsis<br \/>\nAxkid Minikid 4 Pro vastab Euroopas kehtivatele n\u00f5uetele R129<br \/>\nHolmbergsi turvav\u00f6\u00f6de s\u00fcsteem<br \/>\nN\u00e4itajad<br \/>\nLaius: 44 cm<br \/>\nK\u00f5rgus: 65 cm<br \/>\nS\u00fcgavus: 54 cm<br \/>\nKaal: 10 kg<\/p>\n","protected":false},"excerpt":{"rendered":"<p>Axkid Minikid 4 Pro on turvatool kus innovatsioon ja hoolitsus \u00fchinevad, et luua teie v\u00e4ikesele mugav ruum, mis on t\u00e4is praktilisi funktsioone. Meie Minikid 4 Pro kompaktne disain sobib h\u00e4sti teie lapse igap\u00e4evarutiini, muutes selle selle turvatooli tema t\u00e4iuslikuks kaaslaseks! Taskukohane tipptase \u2013 Minikid 4 Pro \u00fcletab ootusi ning ei tee j\u00e4releandmisi AXKID rangete ohutusstandardite [&hellip;]<\/p>\n","protected":false},"featured_media":503158,"template":"","meta":{"_acf_changed":false},"pwb-brand":[11955],"product_brand":[],"product_cat":[11573,11813,11865,11727,11737,11855,11791],"product_tag":[],"class_list":{"0":"post-458047","1":"product","2":"type-product","3":"status-publish","4":"has-post-thumbnail","6":"pwb-brand-axkid-ru","7":"product_cat-sooduspakkumised-ru","8":"product_cat-axkid-ru","9":"product_cat-axkid-minikid-4-pro","10":"product_cat-turvatoolid-hallid-ru","11":"product_cat-turvatoolid-9-36-kg-ru","12":"product_cat-sss-turvatoolid-ru","13":"product_cat-turvavarustus-ru","14":"pa_manufacturer-axkid-ru","16":"first","17":"onbackorder","18":"sale","19":"taxable","20":"shipping-taxable","21":"purchasable","22":"product-type-simple"},"exclude_global_add_ons":[],"addons":[],"acf":[],"yoast_head":"<!-- This site is optimized with the Yoast SEO plugin v27.3 - https:\/\/yoast.com\/product\/yoast-seo-wordpress\/ -->\n<title>Axkid ONE+ 2 turvatool 40-125cm, Granite-melange, \u0421\u041a\u0418\u0414\u041a\u0418, \u0410\u0432\u0442\u043e\u043a\u0440\u0435\u0441\u043b\u0430, \u043b\u044e\u043b\u044c\u043a\u0438, \u0410\u0432\u0442\u043e\u043a\u0440\u0435\u0441\u043b\u0430 0-25 \u043a\u0433, \u0421\u043d\u0430\u0440\u044f\u0436\u0435\u043d\u0438\u044f \u0431\u0435\u0437\u043e\u043f\u0430\u0441\u043d\u043e\u0441\u0442\u0438, Axkid, Axkid One 2 , A\u0432\u0442\u043e\u043a\u0440\u0435\u0441\u043b\u043e \u0441\u043f\u0438\u043d\u043e\u0439 \u043f\u043e \u0445\u043e\u0434\u0443, Beebipood<\/title>\n<meta name=\"description\" content=\"Axkid ONE+ 2 turvatool 40-125cm, Granite-melange, Axkid ONE+ 2 - \u00dcks turvatool l\u00e4bi lapsep\u00f5lve!AXKID ONE+ 2 annab turvatoolide ohutuse\" \/>\n<meta name=\"robots\" content=\"index, follow, max-snippet:-1, max-image-preview:large, max-video-preview:-1\" \/>\n<link rel=\"canonical\" href=\"https:\/\/beebipood.ee\/ru\/produkt\/axkid-minikid-4-pro-turvatool-61-125cm-36kg-glacier-lake-blue\/\" \/>\n<meta property=\"og:locale\" content=\"ru_RU\" \/>\n<meta property=\"og:type\" content=\"article\" \/>\n<meta property=\"og:title\" content=\"Axkid ONE+ 2 turvatool 40-125cm, Granite-melange, \u0421\u041a\u0418\u0414\u041a\u0418, \u0410\u0432\u0442\u043e\u043a\u0440\u0435\u0441\u043b\u0430, \u043b\u044e\u043b\u044c\u043a\u0438, \u0410\u0432\u0442\u043e\u043a\u0440\u0435\u0441\u043b\u0430 0-25 \u043a\u0433, \u0421\u043d\u0430\u0440\u044f\u0436\u0435\u043d\u0438\u044f \u0431\u0435\u0437\u043e\u043f\u0430\u0441\u043d\u043e\u0441\u0442\u0438, Axkid, Axkid One 2 , A\u0432\u0442\u043e\u043a\u0440\u0435\u0441\u043b\u043e \u0441\u043f\u0438\u043d\u043e\u0439 \u043f\u043e \u0445\u043e\u0434\u0443, Beebipood\" \/>\n<meta property=\"og:description\" content=\"Axkid ONE+ 2 turvatool 40-125cm, Granite-melange, Axkid ONE+ 2 - \u00dcks turvatool l\u00e4bi lapsep\u00f5lve!AXKID ONE+ 2 annab turvatoolide ohutuse\" \/>\n<meta property=\"og:url\" content=\"https:\/\/beebipood.ee\/ru\/produkt\/axkid-minikid-4-pro-turvatool-61-125cm-36kg-glacier-lake-blue\/\" \/>\n<meta property=\"og:site_name\" content=\"Beebipood\" \/>\n<meta property=\"article:modified_time\" content=\"2025-04-04T06:29:19+00:00\" \/>\n<meta property=\"og:image\" content=\"https:\/\/beebipood.ee\/wp-content\/uploads\/2018\/03\/minikid-4-pro-blue.jpg\" \/>\n\t<meta property=\"og:image:width\" content=\"2000\" \/>\n\t<meta property=\"og:image:height\" content=\"2000\" \/>\n\t<meta property=\"og:image:type\" content=\"image\/jpeg\" \/>\n<meta name=\"twitter:card\" content=\"summary_large_image\" \/>\n<meta name=\"twitter:label1\" content=\"\u041f\u0440\u0438\u043c\u0435\u0440\u043d\u043e\u0435 \u0432\u0440\u0435\u043c\u044f \u0434\u043b\u044f \u0447\u0442\u0435\u043d\u0438\u044f\" \/>\n\t<meta name=\"twitter:data1\" content=\"2 \u043c\u0438\u043d\u0443\u0442\u044b\" \/>\n<script type=\"application\/ld+json\" class=\"yoast-schema-graph\">{\"@context\":\"https:\\\/\\\/schema.org\",\"@graph\":[{\"@type\":\"WebPage\",\"@id\":\"https:\\\/\\\/beebipood.ee\\\/ru\\\/produkt\\\/axkid-minikid-4-pro-turvatool-61-125cm-36kg-glacier-lake-blue\\\/\",\"url\":\"https:\\\/\\\/beebipood.ee\\\/ru\\\/produkt\\\/axkid-minikid-4-pro-turvatool-61-125cm-36kg-glacier-lake-blue\\\/\",\"name\":\"Axkid ONE+ 2 turvatool 40-125cm, Granite-melange, \u0421\u041a\u0418\u0414\u041a\u0418, \u0410\u0432\u0442\u043e\u043a\u0440\u0435\u0441\u043b\u0430, \u043b\u044e\u043b\u044c\u043a\u0438, \u0410\u0432\u0442\u043e\u043a\u0440\u0435\u0441\u043b\u0430 0-25 \u043a\u0433, \u0421\u043d\u0430\u0440\u044f\u0436\u0435\u043d\u0438\u044f \u0431\u0435\u0437\u043e\u043f\u0430\u0441\u043d\u043e\u0441\u0442\u0438, Axkid, Axkid One 2 , A\u0432\u0442\u043e\u043a\u0440\u0435\u0441\u043b\u043e \u0441\u043f\u0438\u043d\u043e\u0439 \u043f\u043e \u0445\u043e\u0434\u0443, Beebipood\",\"isPartOf\":{\"@id\":\"https:\\\/\\\/beebipood.ee\\\/ru\\\/#website\"},\"primaryImageOfPage\":{\"@id\":\"https:\\\/\\\/beebipood.ee\\\/ru\\\/produkt\\\/axkid-minikid-4-pro-turvatool-61-125cm-36kg-glacier-lake-blue\\\/#primaryimage\"},\"image\":{\"@id\":\"https:\\\/\\\/beebipood.ee\\\/ru\\\/produkt\\\/axkid-minikid-4-pro-turvatool-61-125cm-36kg-glacier-lake-blue\\\/#primaryimage\"},\"thumbnailUrl\":\"https:\\\/\\\/beebipood.ee\\\/wp-content\\\/uploads\\\/2018\\\/03\\\/minikid-4-pro-blue.jpg\",\"datePublished\":\"2018-03-29T05:08:17+00:00\",\"dateModified\":\"2025-04-04T06:29:19+00:00\",\"description\":\"Axkid ONE+ 2 turvatool 40-125cm, Granite-melange, Axkid ONE+ 2 - \u00dcks turvatool l\u00e4bi lapsep\u00f5lve!AXKID ONE+ 2 annab turvatoolide ohutuse\",\"breadcrumb\":{\"@id\":\"https:\\\/\\\/beebipood.ee\\\/ru\\\/produkt\\\/axkid-minikid-4-pro-turvatool-61-125cm-36kg-glacier-lake-blue\\\/#breadcrumb\"},\"inLanguage\":\"ru-RU\",\"potentialAction\":[{\"@type\":\"ReadAction\",\"target\":[\"https:\\\/\\\/beebipood.ee\\\/ru\\\/produkt\\\/axkid-minikid-4-pro-turvatool-61-125cm-36kg-glacier-lake-blue\\\/\"]}]},{\"@type\":\"ImageObject\",\"inLanguage\":\"ru-RU\",\"@id\":\"https:\\\/\\\/beebipood.ee\\\/ru\\\/produkt\\\/axkid-minikid-4-pro-turvatool-61-125cm-36kg-glacier-lake-blue\\\/#primaryimage\",\"url\":\"https:\\\/\\\/beebipood.ee\\\/wp-content\\\/uploads\\\/2018\\\/03\\\/minikid-4-pro-blue.jpg\",\"contentUrl\":\"https:\\\/\\\/beebipood.ee\\\/wp-content\\\/uploads\\\/2018\\\/03\\\/minikid-4-pro-blue.jpg\",\"width\":2000,\"height\":2000},{\"@type\":\"BreadcrumbList\",\"@id\":\"https:\\\/\\\/beebipood.ee\\\/ru\\\/produkt\\\/axkid-minikid-4-pro-turvatool-61-125cm-36kg-glacier-lake-blue\\\/#breadcrumb\",\"itemListElement\":[{\"@type\":\"ListItem\",\"position\":1,\"name\":\"Home\",\"item\":\"https:\\\/\\\/beebipood.ee\\\/ru\\\/\"},{\"@type\":\"ListItem\",\"position\":2,\"name\":\"\u041a\u0430\u0442\u0430\u043b\u043e\u0433 \u0442\u043e\u0432\u0430\u0440\u043e\u0432\",\"item\":\"https:\\\/\\\/beebipood.ee\\\/tooted\\\/\"},{\"@type\":\"ListItem\",\"position\":3,\"name\":\"Axkid Minikid 4 Pro turvatool 61-125cm 36kg, Glacier Lake Blue\"}]},{\"@type\":\"WebSite\",\"@id\":\"https:\\\/\\\/beebipood.ee\\\/ru\\\/#website\",\"url\":\"https:\\\/\\\/beebipood.ee\\\/ru\\\/\",\"name\":\"Beebipood\",\"description\":\"Lastekaubad, beebikaubad, m\u00e4nguasjad\",\"publisher\":{\"@id\":\"https:\\\/\\\/beebipood.ee\\\/ru\\\/#organization\"},\"potentialAction\":[{\"@type\":\"SearchAction\",\"target\":{\"@type\":\"EntryPoint\",\"urlTemplate\":\"https:\\\/\\\/beebipood.ee\\\/ru\\\/?s={search_term_string}\"},\"query-input\":{\"@type\":\"PropertyValueSpecification\",\"valueRequired\":true,\"valueName\":\"search_term_string\"}}],\"inLanguage\":\"ru-RU\"},{\"@type\":\"Organization\",\"@id\":\"https:\\\/\\\/beebipood.ee\\\/ru\\\/#organization\",\"name\":\"Beebipood\",\"url\":\"https:\\\/\\\/beebipood.ee\\\/ru\\\/\",\"logo\":{\"@type\":\"ImageObject\",\"inLanguage\":\"ru-RU\",\"@id\":\"https:\\\/\\\/beebipood.ee\\\/ru\\\/#\\\/schema\\\/logo\\\/image\\\/\",\"url\":\"https:\\\/\\\/beebipood.ee\\\/wp-content\\\/uploads\\\/2025\\\/03\\\/beebipood.ee-logo-1.svg\",\"contentUrl\":\"https:\\\/\\\/beebipood.ee\\\/wp-content\\\/uploads\\\/2025\\\/03\\\/beebipood.ee-logo-1.svg\",\"caption\":\"Beebipood\"},\"image\":{\"@id\":\"https:\\\/\\\/beebipood.ee\\\/ru\\\/#\\\/schema\\\/logo\\\/image\\\/\"}}]}<\/script>\n<!-- \/ Yoast SEO plugin. -->","yoast_head_json":{"title":"Axkid ONE+ 2 turvatool 40-125cm, Granite-melange, \u0421\u041a\u0418\u0414\u041a\u0418, \u0410\u0432\u0442\u043e\u043a\u0440\u0435\u0441\u043b\u0430, \u043b\u044e\u043b\u044c\u043a\u0438, \u0410\u0432\u0442\u043e\u043a\u0440\u0435\u0441\u043b\u0430 0-25 \u043a\u0433, \u0421\u043d\u0430\u0440\u044f\u0436\u0435\u043d\u0438\u044f \u0431\u0435\u0437\u043e\u043f\u0430\u0441\u043d\u043e\u0441\u0442\u0438, Axkid, Axkid One 2 , A\u0432\u0442\u043e\u043a\u0440\u0435\u0441\u043b\u043e \u0441\u043f\u0438\u043d\u043e\u0439 \u043f\u043e \u0445\u043e\u0434\u0443, Beebipood","description":"Axkid ONE+ 2 turvatool 40-125cm, Granite-melange, Axkid ONE+ 2 - \u00dcks turvatool l\u00e4bi lapsep\u00f5lve!AXKID ONE+ 2 annab turvatoolide ohutuse","robots":{"index":"index","follow":"follow","max-snippet":"max-snippet:-1","max-image-preview":"max-image-preview:large","max-video-preview":"max-video-preview:-1"},"canonical":"https:\/\/beebipood.ee\/ru\/produkt\/axkid-minikid-4-pro-turvatool-61-125cm-36kg-glacier-lake-blue\/","og_locale":"ru_RU","og_type":"article","og_title":"Axkid ONE+ 2 turvatool 40-125cm, Granite-melange, \u0421\u041a\u0418\u0414\u041a\u0418, \u0410\u0432\u0442\u043e\u043a\u0440\u0435\u0441\u043b\u0430, \u043b\u044e\u043b\u044c\u043a\u0438, \u0410\u0432\u0442\u043e\u043a\u0440\u0435\u0441\u043b\u0430 0-25 \u043a\u0433, \u0421\u043d\u0430\u0440\u044f\u0436\u0435\u043d\u0438\u044f \u0431\u0435\u0437\u043e\u043f\u0430\u0441\u043d\u043e\u0441\u0442\u0438, Axkid, Axkid One 2 , A\u0432\u0442\u043e\u043a\u0440\u0435\u0441\u043b\u043e \u0441\u043f\u0438\u043d\u043e\u0439 \u043f\u043e \u0445\u043e\u0434\u0443, Beebipood","og_description":"Axkid ONE+ 2 turvatool 40-125cm, Granite-melange, Axkid ONE+ 2 - \u00dcks turvatool l\u00e4bi lapsep\u00f5lve!AXKID ONE+ 2 annab turvatoolide ohutuse","og_url":"https:\/\/beebipood.ee\/ru\/produkt\/axkid-minikid-4-pro-turvatool-61-125cm-36kg-glacier-lake-blue\/","og_site_name":"Beebipood","article_modified_time":"2025-04-04T06:29:19+00:00","og_image":[{"width":2000,"height":2000,"url":"https:\/\/beebipood.ee\/wp-content\/uploads\/2018\/03\/minikid-4-pro-blue.jpg","type":"image\/jpeg"}],"twitter_card":"summary_large_image","twitter_misc":{"\u041f\u0440\u0438\u043c\u0435\u0440\u043d\u043e\u0435 \u0432\u0440\u0435\u043c\u044f \u0434\u043b\u044f \u0447\u0442\u0435\u043d\u0438\u044f":"2 \u043c\u0438\u043d\u0443\u0442\u044b"},"schema":{"@context":"https:\/\/schema.org","@graph":[{"@type":"WebPage","@id":"https:\/\/beebipood.ee\/ru\/produkt\/axkid-minikid-4-pro-turvatool-61-125cm-36kg-glacier-lake-blue\/","url":"https:\/\/beebipood.ee\/ru\/produkt\/axkid-minikid-4-pro-turvatool-61-125cm-36kg-glacier-lake-blue\/","name":"Axkid ONE+ 2 turvatool 40-125cm, Granite-melange, \u0421\u041a\u0418\u0414\u041a\u0418, \u0410\u0432\u0442\u043e\u043a\u0440\u0435\u0441\u043b\u0430, \u043b\u044e\u043b\u044c\u043a\u0438, \u0410\u0432\u0442\u043e\u043a\u0440\u0435\u0441\u043b\u0430 0-25 \u043a\u0433, \u0421\u043d\u0430\u0440\u044f\u0436\u0435\u043d\u0438\u044f \u0431\u0435\u0437\u043e\u043f\u0430\u0441\u043d\u043e\u0441\u0442\u0438, Axkid, Axkid One 2 , A\u0432\u0442\u043e\u043a\u0440\u0435\u0441\u043b\u043e \u0441\u043f\u0438\u043d\u043e\u0439 \u043f\u043e \u0445\u043e\u0434\u0443, Beebipood","isPartOf":{"@id":"https:\/\/beebipood.ee\/ru\/#website"},"primaryImageOfPage":{"@id":"https:\/\/beebipood.ee\/ru\/produkt\/axkid-minikid-4-pro-turvatool-61-125cm-36kg-glacier-lake-blue\/#primaryimage"},"image":{"@id":"https:\/\/beebipood.ee\/ru\/produkt\/axkid-minikid-4-pro-turvatool-61-125cm-36kg-glacier-lake-blue\/#primaryimage"},"thumbnailUrl":"https:\/\/beebipood.ee\/wp-content\/uploads\/2018\/03\/minikid-4-pro-blue.jpg","datePublished":"2018-03-29T05:08:17+00:00","dateModified":"2025-04-04T06:29:19+00:00","description":"Axkid ONE+ 2 turvatool 40-125cm, Granite-melange, Axkid ONE+ 2 - \u00dcks turvatool l\u00e4bi lapsep\u00f5lve!AXKID ONE+ 2 annab turvatoolide ohutuse","breadcrumb":{"@id":"https:\/\/beebipood.ee\/ru\/produkt\/axkid-minikid-4-pro-turvatool-61-125cm-36kg-glacier-lake-blue\/#breadcrumb"},"inLanguage":"ru-RU","potentialAction":[{"@type":"ReadAction","target":["https:\/\/beebipood.ee\/ru\/produkt\/axkid-minikid-4-pro-turvatool-61-125cm-36kg-glacier-lake-blue\/"]}]},{"@type":"ImageObject","inLanguage":"ru-RU","@id":"https:\/\/beebipood.ee\/ru\/produkt\/axkid-minikid-4-pro-turvatool-61-125cm-36kg-glacier-lake-blue\/#primaryimage","url":"https:\/\/beebipood.ee\/wp-content\/uploads\/2018\/03\/minikid-4-pro-blue.jpg","contentUrl":"https:\/\/beebipood.ee\/wp-content\/uploads\/2018\/03\/minikid-4-pro-blue.jpg","width":2000,"height":2000},{"@type":"BreadcrumbList","@id":"https:\/\/beebipood.ee\/ru\/produkt\/axkid-minikid-4-pro-turvatool-61-125cm-36kg-glacier-lake-blue\/#breadcrumb","itemListElement":[{"@type":"ListItem","position":1,"name":"Home","item":"https:\/\/beebipood.ee\/ru\/"},{"@type":"ListItem","position":2,"name":"\u041a\u0430\u0442\u0430\u043b\u043e\u0433 \u0442\u043e\u0432\u0430\u0440\u043e\u0432","item":"https:\/\/beebipood.ee\/tooted\/"},{"@type":"ListItem","position":3,"name":"Axkid Minikid 4 Pro turvatool 61-125cm 36kg, Glacier Lake Blue"}]},{"@type":"WebSite","@id":"https:\/\/beebipood.ee\/ru\/#website","url":"https:\/\/beebipood.ee\/ru\/","name":"Beebipood","description":"Lastekaubad, beebikaubad, m\u00e4nguasjad","publisher":{"@id":"https:\/\/beebipood.ee\/ru\/#organization"},"potentialAction":[{"@type":"SearchAction","target":{"@type":"EntryPoint","urlTemplate":"https:\/\/beebipood.ee\/ru\/?s={search_term_string}"},"query-input":{"@type":"PropertyValueSpecification","valueRequired":true,"valueName":"search_term_string"}}],"inLanguage":"ru-RU"},{"@type":"Organization","@id":"https:\/\/beebipood.ee\/ru\/#organization","name":"Beebipood","url":"https:\/\/beebipood.ee\/ru\/","logo":{"@type":"ImageObject","inLanguage":"ru-RU","@id":"https:\/\/beebipood.ee\/ru\/#\/schema\/logo\/image\/","url":"https:\/\/beebipood.ee\/wp-content\/uploads\/2025\/03\/beebipood.ee-logo-1.svg","contentUrl":"https:\/\/beebipood.ee\/wp-content\/uploads\/2025\/03\/beebipood.ee-logo-1.svg","caption":"Beebipood"},"image":{"@id":"https:\/\/beebipood.ee\/ru\/#\/schema\/logo\/image\/"}}]}},"brands":[{"id":11955,"name":"Axkid","slug":"axkid-ru"}],"_links":{"self":[{"href":"https:\/\/beebipood.ee\/ru\/wp-json\/wp\/v2\/product\/458047","targetHints":{"allow":["GET"]}}],"collection":[{"href":"https:\/\/beebipood.ee\/ru\/wp-json\/wp\/v2\/product"}],"about":[{"href":"https:\/\/beebipood.ee\/ru\/wp-json\/wp\/v2\/types\/product"}],"wp:featuredmedia":[{"embeddable":true,"href":"https:\/\/beebipood.ee\/ru\/wp-json\/wp\/v2\/media\/503158"}],"wp:attachment":[{"href":"https:\/\/beebipood.ee\/ru\/wp-json\/wp\/v2\/media?parent=458047"}],"wp:term":[{"taxonomy":"pwb-brand","embeddable":true,"href":"https:\/\/beebipood.ee\/ru\/wp-json\/wp\/v2\/pwb-brand?post=458047"},{"taxonomy":"product_brand","embeddable":true,"href":"https:\/\/beebipood.ee\/ru\/wp-json\/wp\/v2\/product_brand?post=458047"},{"taxonomy":"product_cat","embeddable":true,"href":"https:\/\/beebipood.ee\/ru\/wp-json\/wp\/v2\/product_cat?post=458047"},{"taxonomy":"product_tag","embeddable":true,"href":"https:\/\/beebipood.ee\/ru\/wp-json\/wp\/v2\/product_tag?post=458047"}],"curies":[{"name":"wp","href":"https:\/\/api.w.org\/{rel}","templated":true}]}}