{"id":458071,"date":"2018-04-27T10:59:42","date_gmt":"2018-04-27T07:59:42","guid":{"rendered":"https:\/\/beebipood.ee\/toode\/baby-jogger-city-elite-2-jalutuskaru-2in1-opulent-black\/"},"modified":"2025-01-09T10:49:17","modified_gmt":"2025-01-09T08:49:17","slug":"baby-jogger-city-elite-2-jalutuskaru-2in1-opulent-black","status":"publish","type":"product","link":"https:\/\/beebipood.ee\/ru\/produkt\/baby-jogger-city-elite-2-jalutuskaru-2in1-opulent-black\/","title":{"rendered":"Baby Jogger City Elite 2 jalutusk\u00e4ru 2in1, Opulent Black"},"content":{"rendered":"<p>City Elite on \u00fcks Baby Joggeri suurima j\u00f5udlusega mudelitest.<br \/>Antud k\u00e4ru eelistavad paljud aktiivsed lapsevanemad \u00fcle maailma.<br \/>Suured kummist Forever-Air rattad, millaga City Elite pakub erakordset<br \/>l\u00e4bivust mistahes maastikul \u2013 nii linnas kui ka metsarajal.<\/p>\n<p>Patendeeritud Quick-Fold Technology- v\u00f5imaldab vaid \u00fche<br \/>liigutusega k\u00e4ru kokku panna (spetsiaalne rihm)<br \/>Automaatne lukustuss\u00fcsteem, mis fikseerib k\u00e4ru kokkupandud asendis<br \/>Ilmastikukindlel kangas<br \/>T\u00e4ispuhutavad, kergesti eemaldatavad rattad<br \/>P\u00f6\u00f6rlev (360\u02da) ja kiirlukustusega esiratas l\u00e4bim\u00f5\u00f5duga 30,5 cm<br \/>Esimsel rattal on vedrustus, mis tagab sujuva liikumise<br \/>Vedrustusega tagumised rattad l\u00e4bim\u00f5\u00f5duga 30,5 cm<br \/>Tagumistel ratastel on k\u00e4sitsi juhitav seisupidur, mis tagab paremaohutuse maastikul.<br \/>Mugav polsterdatud iste<br \/>Seljatoe taga on taskud, milles on v\u00f5imalik asju hoida<br \/>Allalastav seljatugi<br \/>Seljatuge on v\u00f5imalik lasta alla moodustades peaaegu horisontaalse tasapinna<br \/>Seljatoe allalaskmine ja \u00fclest\u00f5stmine toimub rihma abil<br \/>Reguleeritav jalgade tugi ei j\u00e4ta magava lapse jalgu rippuma<br \/>5 &#8212; punkti turvarihmad koos pehmendustega<br \/>Mugav ergonoomiline k\u00e4epide<br \/>Kahe \u201ePeek-a-boo\u201c aknaga kaarvari millel on p\u00e4ikesekaitse UV50+<br \/>Praktiline ja suur ostukorv<br \/>Baby Jogger City Elite&#8217;le saab lisada vankrikorvi (lisavarustusena).<br \/>Kombineeritav enamike turvah\u00e4llidega.<br \/>K\u00e4ru kandev\u00f5ime on kuni 27kg<br \/><span style=\"text-decoration: underline;\">M\u00f5\u00f5dud:<\/span><br \/>Avatud: 115.2 cm x 67.5 cm x 111.8 cm<br \/>Kokkupandud: 82 cm x 67.5 cm x 36 cm.<br \/>K\u00e4ru kaal: 11,9 kg<br \/>Rattaste l\u00e4bim\u00f5\u00f5t: tagumised 30,5, esimene 30,5cm<br \/>Vanuser\u00fchmast alates: 6 kuud kuni 5 aastat<br \/>K\u00e4rule sobivad enamikud turvah\u00e4llid (adapterid ei kuulu komplekti!)<\/p>\n<p><span style=\"text-decoration: underline;\">Vankrikorv<\/span> muudab teie jalutusk\u00e4ru lapsevankriks vaid m\u00f5ne lihtsa liigutusega.<br \/>Lihtsalt eemaldage jalutusk\u00e4ru osa ja kl\u00f5psake vankrikorv samale raamile.<br \/>Sobib s\u00fcnnist kuni 6 elukuuni<br \/>Lihtne \u00fche kl\u00f5psuga kinnitus ja eemaldamine<br \/>Mugav ja toetav polsterdatud madrats ( paksus 20mm )<br \/>Polsterdatud k\u00e4epidemed<br \/>P\u00e4ikesesirm ja tuulekaitse<br \/>Jalakate pakub kaitset p\u00e4ikese eest<br \/>Vee- ja m\u00e4\u00e4rdumiskindel premium kangas<br \/>Masinaga pestav madratsikate ja jalakate<br \/>UV kaitse 50+<br \/>Ei sobi \u00f6\u00f6bimiseks<br \/>Maksimaalne kandev\u00f5ime: kuni 9kg<br \/>Sisem\u00f5\u00f5tmed: 71x31x19 cm<br \/>V\u00e4lism\u00f5\u00f5tmed: 77x43x59 cm<br \/>SOBIB: City Elite 2 Single<\/p>\n","protected":false},"excerpt":{"rendered":"<p>City Elite on \u00fcks Baby Joggeri suurima j\u00f5udlusega mudelitest.Antud k\u00e4ru eelistavad paljud aktiivsed lapsevanemad \u00fcle maailma.Suured kummist Forever-Air rattad, millaga City Elite pakub erakordsetl\u00e4bivust mistahes maastikul \u2013 nii linnas kui ka metsarajal. Patendeeritud Quick-Fold Technology- v\u00f5imaldab vaid \u00fcheliigutusega k\u00e4ru kokku panna (spetsiaalne rihm)Automaatne lukustuss\u00fcsteem, mis fikseerib k\u00e4ru kokkupandud asendisIlmastikukindlel kangasT\u00e4ispuhutavad, kergesti eemaldatavad rattadP\u00f6\u00f6rlev (360\u02da) ja [&hellip;]<\/p>\n","protected":false},"featured_media":122243,"template":"","meta":{"_acf_changed":false},"pwb-brand":[11959],"product_brand":[],"product_cat":[11573,11823,11721,11885,11717],"product_tag":[],"class_list":{"0":"post-458071","1":"product","2":"type-product","3":"status-publish","4":"has-post-thumbnail","6":"pwb-brand-baby-jogger-ru","7":"product_cat-sooduspakkumised-ru","8":"product_cat-baby-jogger-ru","9":"product_cat-jalutuskarud-ru","10":"product_cat-city-elite-2-ru","11":"product_cat-lastevankrid-ja-karud-ru","12":"pa_manufacturer-babyjogger-ru","14":"first","15":"onbackorder","16":"sale","17":"taxable","18":"shipping-taxable","19":"purchasable","20":"product-type-simple"},"exclude_global_add_ons":[],"addons":[],"acf":[],"yoast_head":"<!-- This site is optimized with the Yoast SEO plugin v27.1.1 - https:\/\/yoast.com\/product\/yoast-seo-wordpress\/ -->\n<title>Baby Jogger City Elite 2 jalutusk\u00e4ru 2in1, Opulent Black, \u0421\u041a\u0418\u0414\u041a\u0418, \u041a\u043e\u043b\u044f\u0441\u043a\u0438, \u041f\u0440\u043e\u0433\u0443\u043b\u043e\u0447\u043d\u044b\u0435 \u043a\u043e\u043b\u044f\u0441\u043a\u0438, Baby Jogger, City Elite 2, Beebipood<\/title>\n<meta name=\"description\" content=\"Baby Jogger City Elite 2 jalutusk\u00e4ru 2in1, Opulent Black, City Elite on &uuml;ks Baby Joggeri suurima j&otilde;udlusega mudelitest.Antud k&auml;ru eel\" \/>\n<meta name=\"robots\" content=\"index, follow, max-snippet:-1, max-image-preview:large, max-video-preview:-1\" \/>\n<link rel=\"canonical\" href=\"https:\/\/beebipood.ee\/ru\/produkt\/baby-jogger-city-elite-2-jalutuskaru-2in1-opulent-black\/\" \/>\n<meta property=\"og:locale\" content=\"ru_RU\" \/>\n<meta property=\"og:type\" content=\"article\" \/>\n<meta property=\"og:title\" content=\"Baby Jogger City Elite 2 jalutusk\u00e4ru 2in1, Opulent Black, \u0421\u041a\u0418\u0414\u041a\u0418, \u041a\u043e\u043b\u044f\u0441\u043a\u0438, \u041f\u0440\u043e\u0433\u0443\u043b\u043e\u0447\u043d\u044b\u0435 \u043a\u043e\u043b\u044f\u0441\u043a\u0438, Baby Jogger, City Elite 2, Beebipood\" \/>\n<meta property=\"og:description\" content=\"Baby Jogger City Elite 2 jalutusk\u00e4ru 2in1, Opulent Black, City Elite on &uuml;ks Baby Joggeri suurima j&otilde;udlusega mudelitest.Antud k&auml;ru eel\" \/>\n<meta property=\"og:url\" content=\"https:\/\/beebipood.ee\/ru\/produkt\/baby-jogger-city-elite-2-jalutuskaru-2in1-opulent-black\/\" \/>\n<meta property=\"og:site_name\" content=\"Beebipood\" \/>\n<meta property=\"article:modified_time\" content=\"2025-01-09T08:49:17+00:00\" \/>\n<meta property=\"og:image\" content=\"https:\/\/beebipood.ee\/wp-content\/uploads\/2018\/04\/Baby-Jogger-City-Elite-2-jalutuskaru-2in1-Opulent-Black-Lastevankrid-ja-karud-Jalutuskarud-Baby-Jogger_10-a99.jpg\" \/>\n\t<meta property=\"og:image:width\" content=\"1189\" \/>\n\t<meta property=\"og:image:height\" content=\"1105\" \/>\n\t<meta property=\"og:image:type\" content=\"image\/jpeg\" \/>\n<meta name=\"twitter:card\" content=\"summary_large_image\" \/>\n<meta name=\"twitter:label1\" content=\"\u041f\u0440\u0438\u043c\u0435\u0440\u043d\u043e\u0435 \u0432\u0440\u0435\u043c\u044f \u0434\u043b\u044f \u0447\u0442\u0435\u043d\u0438\u044f\" \/>\n\t<meta name=\"twitter:data1\" content=\"1 \u043c\u0438\u043d\u0443\u0442\u0430\" \/>\n<script type=\"application\/ld+json\" class=\"yoast-schema-graph\">{\"@context\":\"https:\/\/schema.org\",\"@graph\":[{\"@type\":\"WebPage\",\"@id\":\"https:\/\/beebipood.ee\/ru\/produkt\/baby-jogger-city-elite-2-jalutuskaru-2in1-opulent-black\/\",\"url\":\"https:\/\/beebipood.ee\/ru\/produkt\/baby-jogger-city-elite-2-jalutuskaru-2in1-opulent-black\/\",\"name\":\"Baby Jogger City Elite 2 jalutusk\u00e4ru 2in1, Opulent Black, \u0421\u041a\u0418\u0414\u041a\u0418, \u041a\u043e\u043b\u044f\u0441\u043a\u0438, \u041f\u0440\u043e\u0433\u0443\u043b\u043e\u0447\u043d\u044b\u0435 \u043a\u043e\u043b\u044f\u0441\u043a\u0438, Baby Jogger, City Elite 2, Beebipood\",\"isPartOf\":{\"@id\":\"https:\/\/beebipood.ee\/ru\/#website\"},\"primaryImageOfPage\":{\"@id\":\"https:\/\/beebipood.ee\/ru\/produkt\/baby-jogger-city-elite-2-jalutuskaru-2in1-opulent-black\/#primaryimage\"},\"image\":{\"@id\":\"https:\/\/beebipood.ee\/ru\/produkt\/baby-jogger-city-elite-2-jalutuskaru-2in1-opulent-black\/#primaryimage\"},\"thumbnailUrl\":\"https:\/\/beebipood.ee\/wp-content\/uploads\/2018\/04\/Baby-Jogger-City-Elite-2-jalutuskaru-2in1-Opulent-Black-Lastevankrid-ja-karud-Jalutuskarud-Baby-Jogger_10-a99.jpg\",\"datePublished\":\"2018-04-27T07:59:42+00:00\",\"dateModified\":\"2025-01-09T08:49:17+00:00\",\"description\":\"Baby Jogger City Elite 2 jalutusk\u00e4ru 2in1, Opulent Black, City Elite on &uuml;ks Baby Joggeri suurima j&otilde;udlusega mudelitest.Antud k&auml;ru eel\",\"breadcrumb\":{\"@id\":\"https:\/\/beebipood.ee\/ru\/produkt\/baby-jogger-city-elite-2-jalutuskaru-2in1-opulent-black\/#breadcrumb\"},\"inLanguage\":\"ru-RU\",\"potentialAction\":[{\"@type\":\"ReadAction\",\"target\":[\"https:\/\/beebipood.ee\/ru\/produkt\/baby-jogger-city-elite-2-jalutuskaru-2in1-opulent-black\/\"]}]},{\"@type\":\"ImageObject\",\"inLanguage\":\"ru-RU\",\"@id\":\"https:\/\/beebipood.ee\/ru\/produkt\/baby-jogger-city-elite-2-jalutuskaru-2in1-opulent-black\/#primaryimage\",\"url\":\"https:\/\/beebipood.ee\/wp-content\/uploads\/2018\/04\/Baby-Jogger-City-Elite-2-jalutuskaru-2in1-Opulent-Black-Lastevankrid-ja-karud-Jalutuskarud-Baby-Jogger_10-a99.jpg\",\"contentUrl\":\"https:\/\/beebipood.ee\/wp-content\/uploads\/2018\/04\/Baby-Jogger-City-Elite-2-jalutuskaru-2in1-Opulent-Black-Lastevankrid-ja-karud-Jalutuskarud-Baby-Jogger_10-a99.jpg\",\"width\":1189,\"height\":1105},{\"@type\":\"BreadcrumbList\",\"@id\":\"https:\/\/beebipood.ee\/ru\/produkt\/baby-jogger-city-elite-2-jalutuskaru-2in1-opulent-black\/#breadcrumb\",\"itemListElement\":[{\"@type\":\"ListItem\",\"position\":1,\"name\":\"Home\",\"item\":\"https:\/\/beebipood.ee\/ru\/\"},{\"@type\":\"ListItem\",\"position\":2,\"name\":\"\u041a\u0430\u0442\u0430\u043b\u043e\u0433 \u0442\u043e\u0432\u0430\u0440\u043e\u0432\",\"item\":\"https:\/\/beebipood.ee\/tooted\/\"},{\"@type\":\"ListItem\",\"position\":3,\"name\":\"Baby Jogger City Elite 2 jalutusk\u00e4ru 2in1, Opulent Black\"}]},{\"@type\":\"WebSite\",\"@id\":\"https:\/\/beebipood.ee\/ru\/#website\",\"url\":\"https:\/\/beebipood.ee\/ru\/\",\"name\":\"Beebipood\",\"description\":\"Lastekaubad, beebikaubad, m\u00e4nguasjad\",\"publisher\":{\"@id\":\"https:\/\/beebipood.ee\/ru\/#organization\"},\"potentialAction\":[{\"@type\":\"SearchAction\",\"target\":{\"@type\":\"EntryPoint\",\"urlTemplate\":\"https:\/\/beebipood.ee\/ru\/?s={search_term_string}\"},\"query-input\":{\"@type\":\"PropertyValueSpecification\",\"valueRequired\":true,\"valueName\":\"search_term_string\"}}],\"inLanguage\":\"ru-RU\"},{\"@type\":\"Organization\",\"@id\":\"https:\/\/beebipood.ee\/ru\/#organization\",\"name\":\"Beebipood\",\"url\":\"https:\/\/beebipood.ee\/ru\/\",\"logo\":{\"@type\":\"ImageObject\",\"inLanguage\":\"ru-RU\",\"@id\":\"https:\/\/beebipood.ee\/ru\/#\/schema\/logo\/image\/\",\"url\":\"https:\/\/beebipood.ee\/wp-content\/uploads\/2025\/03\/beebipood.ee-logo-1.svg\",\"contentUrl\":\"https:\/\/beebipood.ee\/wp-content\/uploads\/2025\/03\/beebipood.ee-logo-1.svg\",\"caption\":\"Beebipood\"},\"image\":{\"@id\":\"https:\/\/beebipood.ee\/ru\/#\/schema\/logo\/image\/\"}}]}<\/script>\n<!-- \/ Yoast SEO plugin. -->","yoast_head_json":{"title":"Baby Jogger City Elite 2 jalutusk\u00e4ru 2in1, Opulent Black, \u0421\u041a\u0418\u0414\u041a\u0418, \u041a\u043e\u043b\u044f\u0441\u043a\u0438, \u041f\u0440\u043e\u0433\u0443\u043b\u043e\u0447\u043d\u044b\u0435 \u043a\u043e\u043b\u044f\u0441\u043a\u0438, Baby Jogger, City Elite 2, Beebipood","description":"Baby Jogger City Elite 2 jalutusk\u00e4ru 2in1, Opulent Black, City Elite on &uuml;ks Baby Joggeri suurima j&otilde;udlusega mudelitest.Antud k&auml;ru eel","robots":{"index":"index","follow":"follow","max-snippet":"max-snippet:-1","max-image-preview":"max-image-preview:large","max-video-preview":"max-video-preview:-1"},"canonical":"https:\/\/beebipood.ee\/ru\/produkt\/baby-jogger-city-elite-2-jalutuskaru-2in1-opulent-black\/","og_locale":"ru_RU","og_type":"article","og_title":"Baby Jogger City Elite 2 jalutusk\u00e4ru 2in1, Opulent Black, \u0421\u041a\u0418\u0414\u041a\u0418, \u041a\u043e\u043b\u044f\u0441\u043a\u0438, \u041f\u0440\u043e\u0433\u0443\u043b\u043e\u0447\u043d\u044b\u0435 \u043a\u043e\u043b\u044f\u0441\u043a\u0438, Baby Jogger, City Elite 2, Beebipood","og_description":"Baby Jogger City Elite 2 jalutusk\u00e4ru 2in1, Opulent Black, City Elite on &uuml;ks Baby Joggeri suurima j&otilde;udlusega mudelitest.Antud k&auml;ru eel","og_url":"https:\/\/beebipood.ee\/ru\/produkt\/baby-jogger-city-elite-2-jalutuskaru-2in1-opulent-black\/","og_site_name":"Beebipood","article_modified_time":"2025-01-09T08:49:17+00:00","og_image":[{"width":1189,"height":1105,"url":"https:\/\/beebipood.ee\/wp-content\/uploads\/2018\/04\/Baby-Jogger-City-Elite-2-jalutuskaru-2in1-Opulent-Black-Lastevankrid-ja-karud-Jalutuskarud-Baby-Jogger_10-a99.jpg","type":"image\/jpeg"}],"twitter_card":"summary_large_image","twitter_misc":{"\u041f\u0440\u0438\u043c\u0435\u0440\u043d\u043e\u0435 \u0432\u0440\u0435\u043c\u044f \u0434\u043b\u044f \u0447\u0442\u0435\u043d\u0438\u044f":"1 \u043c\u0438\u043d\u0443\u0442\u0430"},"schema":{"@context":"https:\/\/schema.org","@graph":[{"@type":"WebPage","@id":"https:\/\/beebipood.ee\/ru\/produkt\/baby-jogger-city-elite-2-jalutuskaru-2in1-opulent-black\/","url":"https:\/\/beebipood.ee\/ru\/produkt\/baby-jogger-city-elite-2-jalutuskaru-2in1-opulent-black\/","name":"Baby Jogger City Elite 2 jalutusk\u00e4ru 2in1, Opulent Black, \u0421\u041a\u0418\u0414\u041a\u0418, \u041a\u043e\u043b\u044f\u0441\u043a\u0438, \u041f\u0440\u043e\u0433\u0443\u043b\u043e\u0447\u043d\u044b\u0435 \u043a\u043e\u043b\u044f\u0441\u043a\u0438, Baby Jogger, City Elite 2, Beebipood","isPartOf":{"@id":"https:\/\/beebipood.ee\/ru\/#website"},"primaryImageOfPage":{"@id":"https:\/\/beebipood.ee\/ru\/produkt\/baby-jogger-city-elite-2-jalutuskaru-2in1-opulent-black\/#primaryimage"},"image":{"@id":"https:\/\/beebipood.ee\/ru\/produkt\/baby-jogger-city-elite-2-jalutuskaru-2in1-opulent-black\/#primaryimage"},"thumbnailUrl":"https:\/\/beebipood.ee\/wp-content\/uploads\/2018\/04\/Baby-Jogger-City-Elite-2-jalutuskaru-2in1-Opulent-Black-Lastevankrid-ja-karud-Jalutuskarud-Baby-Jogger_10-a99.jpg","datePublished":"2018-04-27T07:59:42+00:00","dateModified":"2025-01-09T08:49:17+00:00","description":"Baby Jogger City Elite 2 jalutusk\u00e4ru 2in1, Opulent Black, City Elite on &uuml;ks Baby Joggeri suurima j&otilde;udlusega mudelitest.Antud k&auml;ru eel","breadcrumb":{"@id":"https:\/\/beebipood.ee\/ru\/produkt\/baby-jogger-city-elite-2-jalutuskaru-2in1-opulent-black\/#breadcrumb"},"inLanguage":"ru-RU","potentialAction":[{"@type":"ReadAction","target":["https:\/\/beebipood.ee\/ru\/produkt\/baby-jogger-city-elite-2-jalutuskaru-2in1-opulent-black\/"]}]},{"@type":"ImageObject","inLanguage":"ru-RU","@id":"https:\/\/beebipood.ee\/ru\/produkt\/baby-jogger-city-elite-2-jalutuskaru-2in1-opulent-black\/#primaryimage","url":"https:\/\/beebipood.ee\/wp-content\/uploads\/2018\/04\/Baby-Jogger-City-Elite-2-jalutuskaru-2in1-Opulent-Black-Lastevankrid-ja-karud-Jalutuskarud-Baby-Jogger_10-a99.jpg","contentUrl":"https:\/\/beebipood.ee\/wp-content\/uploads\/2018\/04\/Baby-Jogger-City-Elite-2-jalutuskaru-2in1-Opulent-Black-Lastevankrid-ja-karud-Jalutuskarud-Baby-Jogger_10-a99.jpg","width":1189,"height":1105},{"@type":"BreadcrumbList","@id":"https:\/\/beebipood.ee\/ru\/produkt\/baby-jogger-city-elite-2-jalutuskaru-2in1-opulent-black\/#breadcrumb","itemListElement":[{"@type":"ListItem","position":1,"name":"Home","item":"https:\/\/beebipood.ee\/ru\/"},{"@type":"ListItem","position":2,"name":"\u041a\u0430\u0442\u0430\u043b\u043e\u0433 \u0442\u043e\u0432\u0430\u0440\u043e\u0432","item":"https:\/\/beebipood.ee\/tooted\/"},{"@type":"ListItem","position":3,"name":"Baby Jogger City Elite 2 jalutusk\u00e4ru 2in1, Opulent Black"}]},{"@type":"WebSite","@id":"https:\/\/beebipood.ee\/ru\/#website","url":"https:\/\/beebipood.ee\/ru\/","name":"Beebipood","description":"Lastekaubad, beebikaubad, m\u00e4nguasjad","publisher":{"@id":"https:\/\/beebipood.ee\/ru\/#organization"},"potentialAction":[{"@type":"SearchAction","target":{"@type":"EntryPoint","urlTemplate":"https:\/\/beebipood.ee\/ru\/?s={search_term_string}"},"query-input":{"@type":"PropertyValueSpecification","valueRequired":true,"valueName":"search_term_string"}}],"inLanguage":"ru-RU"},{"@type":"Organization","@id":"https:\/\/beebipood.ee\/ru\/#organization","name":"Beebipood","url":"https:\/\/beebipood.ee\/ru\/","logo":{"@type":"ImageObject","inLanguage":"ru-RU","@id":"https:\/\/beebipood.ee\/ru\/#\/schema\/logo\/image\/","url":"https:\/\/beebipood.ee\/wp-content\/uploads\/2025\/03\/beebipood.ee-logo-1.svg","contentUrl":"https:\/\/beebipood.ee\/wp-content\/uploads\/2025\/03\/beebipood.ee-logo-1.svg","caption":"Beebipood"},"image":{"@id":"https:\/\/beebipood.ee\/ru\/#\/schema\/logo\/image\/"}}]}},"brands":[{"id":11959,"name":"Baby Jogger","slug":"baby-jogger-ru"}],"_links":{"self":[{"href":"https:\/\/beebipood.ee\/ru\/wp-json\/wp\/v2\/product\/458071","targetHints":{"allow":["GET"]}}],"collection":[{"href":"https:\/\/beebipood.ee\/ru\/wp-json\/wp\/v2\/product"}],"about":[{"href":"https:\/\/beebipood.ee\/ru\/wp-json\/wp\/v2\/types\/product"}],"wp:featuredmedia":[{"embeddable":true,"href":"https:\/\/beebipood.ee\/ru\/wp-json\/wp\/v2\/media\/122243"}],"wp:attachment":[{"href":"https:\/\/beebipood.ee\/ru\/wp-json\/wp\/v2\/media?parent=458071"}],"wp:term":[{"taxonomy":"pwb-brand","embeddable":true,"href":"https:\/\/beebipood.ee\/ru\/wp-json\/wp\/v2\/pwb-brand?post=458071"},{"taxonomy":"product_brand","embeddable":true,"href":"https:\/\/beebipood.ee\/ru\/wp-json\/wp\/v2\/product_brand?post=458071"},{"taxonomy":"product_cat","embeddable":true,"href":"https:\/\/beebipood.ee\/ru\/wp-json\/wp\/v2\/product_cat?post=458071"},{"taxonomy":"product_tag","embeddable":true,"href":"https:\/\/beebipood.ee\/ru\/wp-json\/wp\/v2\/product_tag?post=458071"}],"curies":[{"name":"wp","href":"https:\/\/api.w.org\/{rel}","templated":true}]}}