{"id":458075,"date":"2018-04-29T14:42:19","date_gmt":"2018-04-29T11:42:19","guid":{"rendered":"https:\/\/beebipood.ee\/toode\/baby-jogger-city-mini-gt-2-double-jalutuskaru-jet\/"},"modified":"2025-01-09T10:49:17","modified_gmt":"2025-01-09T08:49:17","slug":"baby-jogger-city-mini-gt-2-double-jalutuskaru-jet","status":"publish","type":"product","link":"https:\/\/beebipood.ee\/ru\/produkt\/baby-jogger-city-mini-gt-2-double-jalutuskaru-jet\/","title":{"rendered":"Baby Jogger City Mini GT 2 Double jalutusk\u00e4ru, Jet"},"content":{"rendered":"<p>Baby Jogger City Mini Double GT muudab Sinu liikumise eriti lihtsaks ja nauditavaks!\u00a0<br \/>City Mini Double GT &#8212; on \u00fcks kitsamatest kaksikutek\u00e4rudest, laius 76,5cm.\u00a0<br \/>K\u00e4ru sobib ideaalselt pikkadeks jalutusk\u00e4ikudeks nii linnas kui maastikul.<\/p>\n<p>Sobib alates s\u00fcnnist<br \/>Patendeeritud Quick-Fold Technology- v\u00f5imaldab vaid \u00fche\u00a0<br \/>liigutusega k\u00e4ru kokku panna (spetsiaalne rihm)<br \/>Automaatne lukustuss\u00fcsteem, mis fikseerib k\u00e4ru kokkupandud asendis<br \/>Praktiline ja suur ostukorv mida on v\u00e4ga mugav kasutada<br \/>P\u00f6\u00f6rlevad (360\u02da) ja otse lukustatav vedrustusega esirattad<br \/>\u00d5hkrehvid (l\u00e4bim\u00f5\u00f5t 22cm)<br \/>K\u00e4sitsi juhitav seisupidur<br \/>Mugavad polsterdatud istmed\u00a0<br \/>Seljatoe all on tasku, milles on v\u00f5imalik asju hoida<br \/>K\u00e4ru kandev\u00f5ime on kuni 45 kg<br \/>5 &#8212; punkti turvarihmad koos pehmendustega<br \/>Mugav ja reguleeritav\u00a0k\u00e4epide\u00a0<br \/>Kahe \u201ePeek-a-boo\u201c\u00a0aknaga suur kaarvari\u00a0millel on p\u00e4ikesekaitse faktor 50+<br \/>Allalastav seljatugi\u00a0<br \/>Seljatuge on v\u00f5imalik lasta alla moodustades horisontaalse tasapinna\u00a0<br \/>Seljatoe allalaskmine ja \u00fclest\u00f5stmine toimub rihma abil<br \/>Reguleeritav jalatugi<\/p>\n<p>M\u00f5\u00f5dud:<\/p>\n<p>\u00dche istumisosa kandev\u00f5ime 22 kg, lapsele pikkusega kuni 112 cm<br \/>K\u00e4ru kaal 16kg<br \/>M\u00f5\u00f5dud avatuna 104,5 x 76,5 x 109,5 cm<br \/>M\u00f5\u00f5dud kokkupanduna 81,5 x 77,5 x 34 cm.<\/p>\n<p><\/p>\n","protected":false},"excerpt":{"rendered":"<p>Baby Jogger City Mini Double GT muudab Sinu liikumise eriti lihtsaks ja nauditavaks!\u00a0City Mini Double GT &#8212; on \u00fcks kitsamatest kaksikutek\u00e4rudest, laius 76,5cm.\u00a0K\u00e4ru sobib ideaalselt pikkadeks jalutusk\u00e4ikudeks nii linnas kui maastikul. Sobib alates s\u00fcnnistPatendeeritud Quick-Fold Technology- v\u00f5imaldab vaid \u00fche\u00a0liigutusega k\u00e4ru kokku panna (spetsiaalne rihm)Automaatne lukustuss\u00fcsteem, mis fikseerib k\u00e4ru kokkupandud asendisPraktiline ja suur ostukorv mida on [&hellip;]<\/p>\n","protected":false},"featured_media":122525,"template":"","meta":{"_acf_changed":false},"pwb-brand":[11959],"product_brand":[],"product_cat":[11835,11823,11721,11723,11717],"product_tag":[],"class_list":{"0":"post-458075","1":"product","2":"type-product","3":"status-publish","4":"has-post-thumbnail","6":"pwb-brand-baby-jogger-ru","7":"product_cat-city-mini-double-gt-ru","8":"product_cat-baby-jogger-ru","9":"product_cat-jalutuskarud-ru","10":"product_cat-kaksikutele-ru","11":"product_cat-lastevankrid-ja-karud-ru","12":"pa_manufacturer-babyjogger-ru","14":"first","15":"onbackorder","16":"taxable","17":"shipping-taxable","18":"purchasable","19":"product-type-simple"},"exclude_global_add_ons":[],"addons":[],"acf":[],"yoast_head":"<!-- This site is optimized with the Yoast SEO plugin v27.1.1 - https:\/\/yoast.com\/product\/yoast-seo-wordpress\/ -->\n<title>Baby Jogger City Mini GT 2 Double jalutusk\u00e4ru, Jet, \u041a\u043e\u043b\u044f\u0441\u043a\u0438, \u041f\u0440\u043e\u0433\u0443\u043b\u043e\u0447\u043d\u044b\u0435 \u043a\u043e\u043b\u044f\u0441\u043a\u0438, \u0414\u043b\u044f \u0434\u0432\u043e\u0439\u043d\u044f\u0448\u0435\u043a, Baby Jogger, City Mini Double GT, Beebipood<\/title>\n<meta name=\"description\" content=\"Baby Jogger City Mini GT 2 Double jalutusk\u00e4ru, Jet, Baby Jogger City Mini Double GT muudab Sinu liikumise eriti lihtsaks ja nauditavaks!&nbsp;City Min\" \/>\n<meta name=\"robots\" content=\"index, follow, max-snippet:-1, max-image-preview:large, max-video-preview:-1\" \/>\n<link rel=\"canonical\" href=\"https:\/\/beebipood.ee\/ru\/produkt\/baby-jogger-city-mini-gt-2-double-jalutuskaru-jet\/\" \/>\n<meta property=\"og:locale\" content=\"ru_RU\" \/>\n<meta property=\"og:type\" content=\"article\" \/>\n<meta property=\"og:title\" content=\"Baby Jogger City Mini GT 2 Double jalutusk\u00e4ru, Jet, \u041a\u043e\u043b\u044f\u0441\u043a\u0438, \u041f\u0440\u043e\u0433\u0443\u043b\u043e\u0447\u043d\u044b\u0435 \u043a\u043e\u043b\u044f\u0441\u043a\u0438, \u0414\u043b\u044f \u0434\u0432\u043e\u0439\u043d\u044f\u0448\u0435\u043a, Baby Jogger, City Mini Double GT, Beebipood\" \/>\n<meta property=\"og:description\" content=\"Baby Jogger City Mini GT 2 Double jalutusk\u00e4ru, Jet, Baby Jogger City Mini Double GT muudab Sinu liikumise eriti lihtsaks ja nauditavaks!&nbsp;City Min\" \/>\n<meta property=\"og:url\" content=\"https:\/\/beebipood.ee\/ru\/produkt\/baby-jogger-city-mini-gt-2-double-jalutuskaru-jet\/\" \/>\n<meta property=\"og:site_name\" content=\"Beebipood\" \/>\n<meta property=\"article:modified_time\" content=\"2025-01-09T08:49:17+00:00\" \/>\n<meta property=\"og:image\" content=\"https:\/\/beebipood.ee\/wp-content\/uploads\/2018\/04\/Baby-Jogger-City-Mini-GT-2-Double-jalutuskaru-Jet-Lastevankrid-ja-karud-Jalutuskarud-Kaksikutele-Baby-Jogger-City-Mini-Double-GT_1-2c8.jpg\" \/>\n\t<meta property=\"og:image:width\" content=\"768\" \/>\n\t<meta property=\"og:image:height\" content=\"768\" \/>\n\t<meta property=\"og:image:type\" content=\"image\/jpeg\" \/>\n<meta name=\"twitter:card\" content=\"summary_large_image\" \/>\n<meta name=\"twitter:label1\" content=\"\u041f\u0440\u0438\u043c\u0435\u0440\u043d\u043e\u0435 \u0432\u0440\u0435\u043c\u044f \u0434\u043b\u044f \u0447\u0442\u0435\u043d\u0438\u044f\" \/>\n\t<meta name=\"twitter:data1\" content=\"1 \u043c\u0438\u043d\u0443\u0442\u0430\" \/>\n<script type=\"application\/ld+json\" class=\"yoast-schema-graph\">{\"@context\":\"https:\/\/schema.org\",\"@graph\":[{\"@type\":\"WebPage\",\"@id\":\"https:\/\/beebipood.ee\/ru\/produkt\/baby-jogger-city-mini-gt-2-double-jalutuskaru-jet\/\",\"url\":\"https:\/\/beebipood.ee\/ru\/produkt\/baby-jogger-city-mini-gt-2-double-jalutuskaru-jet\/\",\"name\":\"Baby Jogger City Mini GT 2 Double jalutusk\u00e4ru, Jet, \u041a\u043e\u043b\u044f\u0441\u043a\u0438, \u041f\u0440\u043e\u0433\u0443\u043b\u043e\u0447\u043d\u044b\u0435 \u043a\u043e\u043b\u044f\u0441\u043a\u0438, \u0414\u043b\u044f \u0434\u0432\u043e\u0439\u043d\u044f\u0448\u0435\u043a, Baby Jogger, City Mini Double GT, Beebipood\",\"isPartOf\":{\"@id\":\"https:\/\/beebipood.ee\/ru\/#website\"},\"primaryImageOfPage\":{\"@id\":\"https:\/\/beebipood.ee\/ru\/produkt\/baby-jogger-city-mini-gt-2-double-jalutuskaru-jet\/#primaryimage\"},\"image\":{\"@id\":\"https:\/\/beebipood.ee\/ru\/produkt\/baby-jogger-city-mini-gt-2-double-jalutuskaru-jet\/#primaryimage\"},\"thumbnailUrl\":\"https:\/\/beebipood.ee\/wp-content\/uploads\/2018\/04\/Baby-Jogger-City-Mini-GT-2-Double-jalutuskaru-Jet-Lastevankrid-ja-karud-Jalutuskarud-Kaksikutele-Baby-Jogger-City-Mini-Double-GT_1-2c8.jpg\",\"datePublished\":\"2018-04-29T11:42:19+00:00\",\"dateModified\":\"2025-01-09T08:49:17+00:00\",\"description\":\"Baby Jogger City Mini GT 2 Double jalutusk\u00e4ru, Jet, Baby Jogger City Mini Double GT muudab Sinu liikumise eriti lihtsaks ja nauditavaks!&nbsp;City Min\",\"breadcrumb\":{\"@id\":\"https:\/\/beebipood.ee\/ru\/produkt\/baby-jogger-city-mini-gt-2-double-jalutuskaru-jet\/#breadcrumb\"},\"inLanguage\":\"ru-RU\",\"potentialAction\":[{\"@type\":\"ReadAction\",\"target\":[\"https:\/\/beebipood.ee\/ru\/produkt\/baby-jogger-city-mini-gt-2-double-jalutuskaru-jet\/\"]}]},{\"@type\":\"ImageObject\",\"inLanguage\":\"ru-RU\",\"@id\":\"https:\/\/beebipood.ee\/ru\/produkt\/baby-jogger-city-mini-gt-2-double-jalutuskaru-jet\/#primaryimage\",\"url\":\"https:\/\/beebipood.ee\/wp-content\/uploads\/2018\/04\/Baby-Jogger-City-Mini-GT-2-Double-jalutuskaru-Jet-Lastevankrid-ja-karud-Jalutuskarud-Kaksikutele-Baby-Jogger-City-Mini-Double-GT_1-2c8.jpg\",\"contentUrl\":\"https:\/\/beebipood.ee\/wp-content\/uploads\/2018\/04\/Baby-Jogger-City-Mini-GT-2-Double-jalutuskaru-Jet-Lastevankrid-ja-karud-Jalutuskarud-Kaksikutele-Baby-Jogger-City-Mini-Double-GT_1-2c8.jpg\",\"width\":768,\"height\":768},{\"@type\":\"BreadcrumbList\",\"@id\":\"https:\/\/beebipood.ee\/ru\/produkt\/baby-jogger-city-mini-gt-2-double-jalutuskaru-jet\/#breadcrumb\",\"itemListElement\":[{\"@type\":\"ListItem\",\"position\":1,\"name\":\"Home\",\"item\":\"https:\/\/beebipood.ee\/ru\/\"},{\"@type\":\"ListItem\",\"position\":2,\"name\":\"\u041a\u0430\u0442\u0430\u043b\u043e\u0433 \u0442\u043e\u0432\u0430\u0440\u043e\u0432\",\"item\":\"https:\/\/beebipood.ee\/tooted\/\"},{\"@type\":\"ListItem\",\"position\":3,\"name\":\"Baby Jogger City Mini GT 2 Double jalutusk\u00e4ru, Jet\"}]},{\"@type\":\"WebSite\",\"@id\":\"https:\/\/beebipood.ee\/ru\/#website\",\"url\":\"https:\/\/beebipood.ee\/ru\/\",\"name\":\"Beebipood\",\"description\":\"Lastekaubad, beebikaubad, m\u00e4nguasjad\",\"publisher\":{\"@id\":\"https:\/\/beebipood.ee\/ru\/#organization\"},\"potentialAction\":[{\"@type\":\"SearchAction\",\"target\":{\"@type\":\"EntryPoint\",\"urlTemplate\":\"https:\/\/beebipood.ee\/ru\/?s={search_term_string}\"},\"query-input\":{\"@type\":\"PropertyValueSpecification\",\"valueRequired\":true,\"valueName\":\"search_term_string\"}}],\"inLanguage\":\"ru-RU\"},{\"@type\":\"Organization\",\"@id\":\"https:\/\/beebipood.ee\/ru\/#organization\",\"name\":\"Beebipood\",\"url\":\"https:\/\/beebipood.ee\/ru\/\",\"logo\":{\"@type\":\"ImageObject\",\"inLanguage\":\"ru-RU\",\"@id\":\"https:\/\/beebipood.ee\/ru\/#\/schema\/logo\/image\/\",\"url\":\"https:\/\/beebipood.ee\/wp-content\/uploads\/2025\/03\/beebipood.ee-logo-1.svg\",\"contentUrl\":\"https:\/\/beebipood.ee\/wp-content\/uploads\/2025\/03\/beebipood.ee-logo-1.svg\",\"caption\":\"Beebipood\"},\"image\":{\"@id\":\"https:\/\/beebipood.ee\/ru\/#\/schema\/logo\/image\/\"}}]}<\/script>\n<!-- \/ Yoast SEO plugin. -->","yoast_head_json":{"title":"Baby Jogger City Mini GT 2 Double jalutusk\u00e4ru, Jet, \u041a\u043e\u043b\u044f\u0441\u043a\u0438, \u041f\u0440\u043e\u0433\u0443\u043b\u043e\u0447\u043d\u044b\u0435 \u043a\u043e\u043b\u044f\u0441\u043a\u0438, \u0414\u043b\u044f \u0434\u0432\u043e\u0439\u043d\u044f\u0448\u0435\u043a, Baby Jogger, City Mini Double GT, Beebipood","description":"Baby Jogger City Mini GT 2 Double jalutusk\u00e4ru, Jet, Baby Jogger City Mini Double GT muudab Sinu liikumise eriti lihtsaks ja nauditavaks!&nbsp;City Min","robots":{"index":"index","follow":"follow","max-snippet":"max-snippet:-1","max-image-preview":"max-image-preview:large","max-video-preview":"max-video-preview:-1"},"canonical":"https:\/\/beebipood.ee\/ru\/produkt\/baby-jogger-city-mini-gt-2-double-jalutuskaru-jet\/","og_locale":"ru_RU","og_type":"article","og_title":"Baby Jogger City Mini GT 2 Double jalutusk\u00e4ru, Jet, \u041a\u043e\u043b\u044f\u0441\u043a\u0438, \u041f\u0440\u043e\u0433\u0443\u043b\u043e\u0447\u043d\u044b\u0435 \u043a\u043e\u043b\u044f\u0441\u043a\u0438, \u0414\u043b\u044f \u0434\u0432\u043e\u0439\u043d\u044f\u0448\u0435\u043a, Baby Jogger, City Mini Double GT, Beebipood","og_description":"Baby Jogger City Mini GT 2 Double jalutusk\u00e4ru, Jet, Baby Jogger City Mini Double GT muudab Sinu liikumise eriti lihtsaks ja nauditavaks!&nbsp;City Min","og_url":"https:\/\/beebipood.ee\/ru\/produkt\/baby-jogger-city-mini-gt-2-double-jalutuskaru-jet\/","og_site_name":"Beebipood","article_modified_time":"2025-01-09T08:49:17+00:00","og_image":[{"width":768,"height":768,"url":"https:\/\/beebipood.ee\/wp-content\/uploads\/2018\/04\/Baby-Jogger-City-Mini-GT-2-Double-jalutuskaru-Jet-Lastevankrid-ja-karud-Jalutuskarud-Kaksikutele-Baby-Jogger-City-Mini-Double-GT_1-2c8.jpg","type":"image\/jpeg"}],"twitter_card":"summary_large_image","twitter_misc":{"\u041f\u0440\u0438\u043c\u0435\u0440\u043d\u043e\u0435 \u0432\u0440\u0435\u043c\u044f \u0434\u043b\u044f \u0447\u0442\u0435\u043d\u0438\u044f":"1 \u043c\u0438\u043d\u0443\u0442\u0430"},"schema":{"@context":"https:\/\/schema.org","@graph":[{"@type":"WebPage","@id":"https:\/\/beebipood.ee\/ru\/produkt\/baby-jogger-city-mini-gt-2-double-jalutuskaru-jet\/","url":"https:\/\/beebipood.ee\/ru\/produkt\/baby-jogger-city-mini-gt-2-double-jalutuskaru-jet\/","name":"Baby Jogger City Mini GT 2 Double jalutusk\u00e4ru, Jet, \u041a\u043e\u043b\u044f\u0441\u043a\u0438, \u041f\u0440\u043e\u0433\u0443\u043b\u043e\u0447\u043d\u044b\u0435 \u043a\u043e\u043b\u044f\u0441\u043a\u0438, \u0414\u043b\u044f \u0434\u0432\u043e\u0439\u043d\u044f\u0448\u0435\u043a, Baby Jogger, City Mini Double GT, Beebipood","isPartOf":{"@id":"https:\/\/beebipood.ee\/ru\/#website"},"primaryImageOfPage":{"@id":"https:\/\/beebipood.ee\/ru\/produkt\/baby-jogger-city-mini-gt-2-double-jalutuskaru-jet\/#primaryimage"},"image":{"@id":"https:\/\/beebipood.ee\/ru\/produkt\/baby-jogger-city-mini-gt-2-double-jalutuskaru-jet\/#primaryimage"},"thumbnailUrl":"https:\/\/beebipood.ee\/wp-content\/uploads\/2018\/04\/Baby-Jogger-City-Mini-GT-2-Double-jalutuskaru-Jet-Lastevankrid-ja-karud-Jalutuskarud-Kaksikutele-Baby-Jogger-City-Mini-Double-GT_1-2c8.jpg","datePublished":"2018-04-29T11:42:19+00:00","dateModified":"2025-01-09T08:49:17+00:00","description":"Baby Jogger City Mini GT 2 Double jalutusk\u00e4ru, Jet, Baby Jogger City Mini Double GT muudab Sinu liikumise eriti lihtsaks ja nauditavaks!&nbsp;City Min","breadcrumb":{"@id":"https:\/\/beebipood.ee\/ru\/produkt\/baby-jogger-city-mini-gt-2-double-jalutuskaru-jet\/#breadcrumb"},"inLanguage":"ru-RU","potentialAction":[{"@type":"ReadAction","target":["https:\/\/beebipood.ee\/ru\/produkt\/baby-jogger-city-mini-gt-2-double-jalutuskaru-jet\/"]}]},{"@type":"ImageObject","inLanguage":"ru-RU","@id":"https:\/\/beebipood.ee\/ru\/produkt\/baby-jogger-city-mini-gt-2-double-jalutuskaru-jet\/#primaryimage","url":"https:\/\/beebipood.ee\/wp-content\/uploads\/2018\/04\/Baby-Jogger-City-Mini-GT-2-Double-jalutuskaru-Jet-Lastevankrid-ja-karud-Jalutuskarud-Kaksikutele-Baby-Jogger-City-Mini-Double-GT_1-2c8.jpg","contentUrl":"https:\/\/beebipood.ee\/wp-content\/uploads\/2018\/04\/Baby-Jogger-City-Mini-GT-2-Double-jalutuskaru-Jet-Lastevankrid-ja-karud-Jalutuskarud-Kaksikutele-Baby-Jogger-City-Mini-Double-GT_1-2c8.jpg","width":768,"height":768},{"@type":"BreadcrumbList","@id":"https:\/\/beebipood.ee\/ru\/produkt\/baby-jogger-city-mini-gt-2-double-jalutuskaru-jet\/#breadcrumb","itemListElement":[{"@type":"ListItem","position":1,"name":"Home","item":"https:\/\/beebipood.ee\/ru\/"},{"@type":"ListItem","position":2,"name":"\u041a\u0430\u0442\u0430\u043b\u043e\u0433 \u0442\u043e\u0432\u0430\u0440\u043e\u0432","item":"https:\/\/beebipood.ee\/tooted\/"},{"@type":"ListItem","position":3,"name":"Baby Jogger City Mini GT 2 Double jalutusk\u00e4ru, Jet"}]},{"@type":"WebSite","@id":"https:\/\/beebipood.ee\/ru\/#website","url":"https:\/\/beebipood.ee\/ru\/","name":"Beebipood","description":"Lastekaubad, beebikaubad, m\u00e4nguasjad","publisher":{"@id":"https:\/\/beebipood.ee\/ru\/#organization"},"potentialAction":[{"@type":"SearchAction","target":{"@type":"EntryPoint","urlTemplate":"https:\/\/beebipood.ee\/ru\/?s={search_term_string}"},"query-input":{"@type":"PropertyValueSpecification","valueRequired":true,"valueName":"search_term_string"}}],"inLanguage":"ru-RU"},{"@type":"Organization","@id":"https:\/\/beebipood.ee\/ru\/#organization","name":"Beebipood","url":"https:\/\/beebipood.ee\/ru\/","logo":{"@type":"ImageObject","inLanguage":"ru-RU","@id":"https:\/\/beebipood.ee\/ru\/#\/schema\/logo\/image\/","url":"https:\/\/beebipood.ee\/wp-content\/uploads\/2025\/03\/beebipood.ee-logo-1.svg","contentUrl":"https:\/\/beebipood.ee\/wp-content\/uploads\/2025\/03\/beebipood.ee-logo-1.svg","caption":"Beebipood"},"image":{"@id":"https:\/\/beebipood.ee\/ru\/#\/schema\/logo\/image\/"}}]}},"brands":[{"id":11959,"name":"Baby Jogger","slug":"baby-jogger-ru"}],"_links":{"self":[{"href":"https:\/\/beebipood.ee\/ru\/wp-json\/wp\/v2\/product\/458075","targetHints":{"allow":["GET"]}}],"collection":[{"href":"https:\/\/beebipood.ee\/ru\/wp-json\/wp\/v2\/product"}],"about":[{"href":"https:\/\/beebipood.ee\/ru\/wp-json\/wp\/v2\/types\/product"}],"wp:featuredmedia":[{"embeddable":true,"href":"https:\/\/beebipood.ee\/ru\/wp-json\/wp\/v2\/media\/122525"}],"wp:attachment":[{"href":"https:\/\/beebipood.ee\/ru\/wp-json\/wp\/v2\/media?parent=458075"}],"wp:term":[{"taxonomy":"pwb-brand","embeddable":true,"href":"https:\/\/beebipood.ee\/ru\/wp-json\/wp\/v2\/pwb-brand?post=458075"},{"taxonomy":"product_brand","embeddable":true,"href":"https:\/\/beebipood.ee\/ru\/wp-json\/wp\/v2\/product_brand?post=458075"},{"taxonomy":"product_cat","embeddable":true,"href":"https:\/\/beebipood.ee\/ru\/wp-json\/wp\/v2\/product_cat?post=458075"},{"taxonomy":"product_tag","embeddable":true,"href":"https:\/\/beebipood.ee\/ru\/wp-json\/wp\/v2\/product_tag?post=458075"}],"curies":[{"name":"wp","href":"https:\/\/api.w.org\/{rel}","templated":true}]}}