{"id":458077,"date":"2018-04-30T09:49:37","date_gmt":"2018-04-30T06:49:37","guid":{"rendered":"https:\/\/beebipood.ee\/toode\/baby-jogger-city-tour-2-jalutuskaru-everett-green\/"},"modified":"2025-01-09T10:49:16","modified_gmt":"2025-01-09T08:49:16","slug":"baby-jogger-city-tour-2-jalutuskaru-everett-green","status":"publish","type":"product","link":"https:\/\/beebipood.ee\/ru\/produkt\/baby-jogger-city-tour-2-jalutuskaru-everett-green\/","title":{"rendered":"Baby Jogger City Tour 2 jalutusk\u00e4ru, Everett Green"},"content":{"rendered":"<p>City TOUR 2 kergk\u00e4ru on uusim mudel Baby Joggeri valikus.<br \/>K\u00e4ru on v\u00e4ga kerge, avar ning sobib ideaalselt jalutusk\u00e4ikudeks linnas.<br \/>City TOUR 2 on ka ideaalne reisik\u00e4ru, sest mahub ideaalselt lenniki k\u00e4sipagasi riiulile.<\/p>\n<p>Patendeeritud Quick-Fold Technology- v\u00f5imaldab vaid \u00fche<br \/>liigutusega k\u00e4ru kokku panna (spetsiaalne rihm)<br \/>Automaatne lukustuss\u00fcsteem, mis fikseerib k\u00e4ru kokkupandud asendis<br \/>Sobib alates s\u00fcnnist 0+<br \/>Kasutatud on premium kangast, mis on vastupidav, vetth\u00fclgav ja UV kindel (UV 50)<br \/>Premium kangas on ka m\u00e4\u00e4rdumise suhtes vastupidavam<br \/>Praktiline ostukorv<br \/>P\u00f6\u00f6rlevad (360\u02da) ja lukustatavad esirattad<br \/>Esimstel ratastel on vedrustus, mis tagab sujuva liikumise<br \/>Kiirvabastusega kummjad rattad<br \/>Seisupidur<br \/>K\u00e4ru kandev\u00f5ime on kuni 23kg<br \/>Mugav, s\u00fcgav ja polsterdatud iste<br \/>5 &#8212; punkti turvarihmad koos pehmendustega<br \/>Eemaldatav turvakaar (turvakaar ei ole jalutusk\u00e4ruga komlektis)<br \/>Mugav k\u00e4epide<br \/>Suur\u201ePeek-a-boo\u201c aknaga kaarvari millel on p\u00e4ikesekaitse faktor 50+<br \/>Allalastav seljatugi<br \/>Seljatuge on v\u00f5imalik lasta alla moodustades peaaegu horisontaalse tasapinna<br \/>Seljatoe allalaskmine ja \u00fclest\u00f5stmine toimub rihma abil<br \/>Reguleeritav jalgade tugi ei j\u00e4ta magava lapse jalgu rippuma \u2013 lapsel on mugavam magada<br \/>Kompletis on k\u00e4ruga \u00fchte tooni kandekott\/seljakott<br \/>Jalutusk\u00e4rule on v\u00f5imalik asetada turvah\u00e4ll v\u00f5i vankrikorv<br \/>Adapteritega (m\u00fc\u00fcakse eraldi) saab raamile kinnitada City Go i-Size v\u00f5i Graco Snugride turvah\u00e4lli<\/p>\n<p><span style=\"text-decoration: underline;\">M\u00f5\u00f5dud:<\/span><br \/>Avatud: K\u00f5rgus 99cm x Laius 46cm x Pikkus 91cm<br \/>Kokkupandud: K\u00f5rgus 46cm x Laius 25cm x Pikkus 56cm<br \/>K\u00e4ru kaal: 6,5 kg<br \/>Vanuser\u00fchmast alates: 0 kuud kuni 3 aastat<\/p>\n","protected":false},"excerpt":{"rendered":"<p>City TOUR 2 kergk\u00e4ru on uusim mudel Baby Joggeri valikus.K\u00e4ru on v\u00e4ga kerge, avar ning sobib ideaalselt jalutusk\u00e4ikudeks linnas.City TOUR 2 on ka ideaalne reisik\u00e4ru, sest mahub ideaalselt lenniki k\u00e4sipagasi riiulile. Patendeeritud Quick-Fold Technology- v\u00f5imaldab vaid \u00fcheliigutusega k\u00e4ru kokku panna (spetsiaalne rihm)Automaatne lukustuss\u00fcsteem, mis fikseerib k\u00e4ru kokkupandud asendisSobib alates s\u00fcnnist 0+Kasutatud on premium kangast, mis [&hellip;]<\/p>\n","protected":false},"featured_media":122616,"template":"","meta":{"_acf_changed":false},"pwb-brand":[11959],"product_brand":[],"product_cat":[11823,11721,11829,11717],"product_tag":[],"class_list":{"0":"post-458077","1":"product","2":"type-product","3":"status-publish","4":"has-post-thumbnail","6":"pwb-brand-baby-jogger-ru","7":"product_cat-baby-jogger-ru","8":"product_cat-jalutuskarud-ru","9":"product_cat-city-tour-ru","10":"product_cat-lastevankrid-ja-karud-ru","11":"pa_manufacturer-babyjogger-ru","13":"first","14":"onbackorder","15":"taxable","16":"shipping-taxable","17":"purchasable","18":"product-type-simple"},"exclude_global_add_ons":[],"addons":[],"acf":[],"yoast_head":"<!-- This site is optimized with the Yoast SEO plugin v27.1.1 - https:\/\/yoast.com\/product\/yoast-seo-wordpress\/ -->\n<title>Baby Jogger City Tour 2 jalutusk\u00e4ru, Everett Green, \u041d\u041e\u0412\u042b\u0415 \u0422\u041e\u0412\u0410\u0420\u042b, \u041a\u043e\u043b\u044f\u0441\u043a\u0438, \u041f\u0440\u043e\u0433\u0443\u043b\u043e\u0447\u043d\u044b\u0435 \u043a\u043e\u043b\u044f\u0441\u043a\u0438, Baby Jogger, City Tour 2, Beebipood<\/title>\n<meta name=\"description\" content=\"Baby Jogger City Tour 2 jalutusk\u00e4ru, Everett Green, City TOUR 2 kergk&auml;ru on uusim mudel Baby Joggeri valikus.K&auml;ru on v&auml;ga kerge, avar n\" \/>\n<meta name=\"robots\" content=\"index, follow, max-snippet:-1, max-image-preview:large, max-video-preview:-1\" \/>\n<link rel=\"canonical\" href=\"https:\/\/beebipood.ee\/ru\/produkt\/baby-jogger-city-tour-2-jalutuskaru-everett-green\/\" \/>\n<meta property=\"og:locale\" content=\"ru_RU\" \/>\n<meta property=\"og:type\" content=\"article\" \/>\n<meta property=\"og:title\" content=\"Baby Jogger City Tour 2 jalutusk\u00e4ru, Everett Green, \u041d\u041e\u0412\u042b\u0415 \u0422\u041e\u0412\u0410\u0420\u042b, \u041a\u043e\u043b\u044f\u0441\u043a\u0438, \u041f\u0440\u043e\u0433\u0443\u043b\u043e\u0447\u043d\u044b\u0435 \u043a\u043e\u043b\u044f\u0441\u043a\u0438, Baby Jogger, City Tour 2, Beebipood\" \/>\n<meta property=\"og:description\" content=\"Baby Jogger City Tour 2 jalutusk\u00e4ru, Everett Green, City TOUR 2 kergk&auml;ru on uusim mudel Baby Joggeri valikus.K&auml;ru on v&auml;ga kerge, avar n\" \/>\n<meta property=\"og:url\" content=\"https:\/\/beebipood.ee\/ru\/produkt\/baby-jogger-city-tour-2-jalutuskaru-everett-green\/\" \/>\n<meta property=\"og:site_name\" content=\"Beebipood\" \/>\n<meta property=\"article:modified_time\" content=\"2025-01-09T08:49:16+00:00\" \/>\n<meta property=\"og:image\" content=\"https:\/\/beebipood.ee\/wp-content\/uploads\/2018\/04\/Baby-Jogger-City-Tour-2-jalutuskaru-Everett-Green-UUED-TOOTED-Lastevankrid-ja-karud-Jalutuskarud-Baby-Jogger-City-Tour-2_2-b60.jpg\" \/>\n\t<meta property=\"og:image:width\" content=\"800\" \/>\n\t<meta property=\"og:image:height\" content=\"1000\" \/>\n\t<meta property=\"og:image:type\" content=\"image\/jpeg\" \/>\n<meta name=\"twitter:card\" content=\"summary_large_image\" \/>\n<meta name=\"twitter:label1\" content=\"\u041f\u0440\u0438\u043c\u0435\u0440\u043d\u043e\u0435 \u0432\u0440\u0435\u043c\u044f \u0434\u043b\u044f \u0447\u0442\u0435\u043d\u0438\u044f\" \/>\n\t<meta name=\"twitter:data1\" content=\"1 \u043c\u0438\u043d\u0443\u0442\u0430\" \/>\n<script type=\"application\/ld+json\" class=\"yoast-schema-graph\">{\"@context\":\"https:\/\/schema.org\",\"@graph\":[{\"@type\":\"WebPage\",\"@id\":\"https:\/\/beebipood.ee\/ru\/produkt\/baby-jogger-city-tour-2-jalutuskaru-everett-green\/\",\"url\":\"https:\/\/beebipood.ee\/ru\/produkt\/baby-jogger-city-tour-2-jalutuskaru-everett-green\/\",\"name\":\"Baby Jogger City Tour 2 jalutusk\u00e4ru, Everett Green, \u041d\u041e\u0412\u042b\u0415 \u0422\u041e\u0412\u0410\u0420\u042b, \u041a\u043e\u043b\u044f\u0441\u043a\u0438, \u041f\u0440\u043e\u0433\u0443\u043b\u043e\u0447\u043d\u044b\u0435 \u043a\u043e\u043b\u044f\u0441\u043a\u0438, Baby Jogger, City Tour 2, Beebipood\",\"isPartOf\":{\"@id\":\"https:\/\/beebipood.ee\/ru\/#website\"},\"primaryImageOfPage\":{\"@id\":\"https:\/\/beebipood.ee\/ru\/produkt\/baby-jogger-city-tour-2-jalutuskaru-everett-green\/#primaryimage\"},\"image\":{\"@id\":\"https:\/\/beebipood.ee\/ru\/produkt\/baby-jogger-city-tour-2-jalutuskaru-everett-green\/#primaryimage\"},\"thumbnailUrl\":\"https:\/\/beebipood.ee\/wp-content\/uploads\/2018\/04\/Baby-Jogger-City-Tour-2-jalutuskaru-Everett-Green-UUED-TOOTED-Lastevankrid-ja-karud-Jalutuskarud-Baby-Jogger-City-Tour-2_2-b60.jpg\",\"datePublished\":\"2018-04-30T06:49:37+00:00\",\"dateModified\":\"2025-01-09T08:49:16+00:00\",\"description\":\"Baby Jogger City Tour 2 jalutusk\u00e4ru, Everett Green, City TOUR 2 kergk&auml;ru on uusim mudel Baby Joggeri valikus.K&auml;ru on v&auml;ga kerge, avar n\",\"breadcrumb\":{\"@id\":\"https:\/\/beebipood.ee\/ru\/produkt\/baby-jogger-city-tour-2-jalutuskaru-everett-green\/#breadcrumb\"},\"inLanguage\":\"ru-RU\",\"potentialAction\":[{\"@type\":\"ReadAction\",\"target\":[\"https:\/\/beebipood.ee\/ru\/produkt\/baby-jogger-city-tour-2-jalutuskaru-everett-green\/\"]}]},{\"@type\":\"ImageObject\",\"inLanguage\":\"ru-RU\",\"@id\":\"https:\/\/beebipood.ee\/ru\/produkt\/baby-jogger-city-tour-2-jalutuskaru-everett-green\/#primaryimage\",\"url\":\"https:\/\/beebipood.ee\/wp-content\/uploads\/2018\/04\/Baby-Jogger-City-Tour-2-jalutuskaru-Everett-Green-UUED-TOOTED-Lastevankrid-ja-karud-Jalutuskarud-Baby-Jogger-City-Tour-2_2-b60.jpg\",\"contentUrl\":\"https:\/\/beebipood.ee\/wp-content\/uploads\/2018\/04\/Baby-Jogger-City-Tour-2-jalutuskaru-Everett-Green-UUED-TOOTED-Lastevankrid-ja-karud-Jalutuskarud-Baby-Jogger-City-Tour-2_2-b60.jpg\",\"width\":800,\"height\":1000},{\"@type\":\"BreadcrumbList\",\"@id\":\"https:\/\/beebipood.ee\/ru\/produkt\/baby-jogger-city-tour-2-jalutuskaru-everett-green\/#breadcrumb\",\"itemListElement\":[{\"@type\":\"ListItem\",\"position\":1,\"name\":\"Home\",\"item\":\"https:\/\/beebipood.ee\/ru\/\"},{\"@type\":\"ListItem\",\"position\":2,\"name\":\"\u041a\u0430\u0442\u0430\u043b\u043e\u0433 \u0442\u043e\u0432\u0430\u0440\u043e\u0432\",\"item\":\"https:\/\/beebipood.ee\/tooted\/\"},{\"@type\":\"ListItem\",\"position\":3,\"name\":\"Baby Jogger City Tour 2 jalutusk\u00e4ru, Everett Green\"}]},{\"@type\":\"WebSite\",\"@id\":\"https:\/\/beebipood.ee\/ru\/#website\",\"url\":\"https:\/\/beebipood.ee\/ru\/\",\"name\":\"Beebipood\",\"description\":\"Lastekaubad, beebikaubad, m\u00e4nguasjad\",\"publisher\":{\"@id\":\"https:\/\/beebipood.ee\/ru\/#organization\"},\"potentialAction\":[{\"@type\":\"SearchAction\",\"target\":{\"@type\":\"EntryPoint\",\"urlTemplate\":\"https:\/\/beebipood.ee\/ru\/?s={search_term_string}\"},\"query-input\":{\"@type\":\"PropertyValueSpecification\",\"valueRequired\":true,\"valueName\":\"search_term_string\"}}],\"inLanguage\":\"ru-RU\"},{\"@type\":\"Organization\",\"@id\":\"https:\/\/beebipood.ee\/ru\/#organization\",\"name\":\"Beebipood\",\"url\":\"https:\/\/beebipood.ee\/ru\/\",\"logo\":{\"@type\":\"ImageObject\",\"inLanguage\":\"ru-RU\",\"@id\":\"https:\/\/beebipood.ee\/ru\/#\/schema\/logo\/image\/\",\"url\":\"https:\/\/beebipood.ee\/wp-content\/uploads\/2025\/03\/beebipood.ee-logo-1.svg\",\"contentUrl\":\"https:\/\/beebipood.ee\/wp-content\/uploads\/2025\/03\/beebipood.ee-logo-1.svg\",\"caption\":\"Beebipood\"},\"image\":{\"@id\":\"https:\/\/beebipood.ee\/ru\/#\/schema\/logo\/image\/\"}}]}<\/script>\n<!-- \/ Yoast SEO plugin. -->","yoast_head_json":{"title":"Baby Jogger City Tour 2 jalutusk\u00e4ru, Everett Green, \u041d\u041e\u0412\u042b\u0415 \u0422\u041e\u0412\u0410\u0420\u042b, \u041a\u043e\u043b\u044f\u0441\u043a\u0438, \u041f\u0440\u043e\u0433\u0443\u043b\u043e\u0447\u043d\u044b\u0435 \u043a\u043e\u043b\u044f\u0441\u043a\u0438, Baby Jogger, City Tour 2, Beebipood","description":"Baby Jogger City Tour 2 jalutusk\u00e4ru, Everett Green, City TOUR 2 kergk&auml;ru on uusim mudel Baby Joggeri valikus.K&auml;ru on v&auml;ga kerge, avar n","robots":{"index":"index","follow":"follow","max-snippet":"max-snippet:-1","max-image-preview":"max-image-preview:large","max-video-preview":"max-video-preview:-1"},"canonical":"https:\/\/beebipood.ee\/ru\/produkt\/baby-jogger-city-tour-2-jalutuskaru-everett-green\/","og_locale":"ru_RU","og_type":"article","og_title":"Baby Jogger City Tour 2 jalutusk\u00e4ru, Everett Green, \u041d\u041e\u0412\u042b\u0415 \u0422\u041e\u0412\u0410\u0420\u042b, \u041a\u043e\u043b\u044f\u0441\u043a\u0438, \u041f\u0440\u043e\u0433\u0443\u043b\u043e\u0447\u043d\u044b\u0435 \u043a\u043e\u043b\u044f\u0441\u043a\u0438, Baby Jogger, City Tour 2, Beebipood","og_description":"Baby Jogger City Tour 2 jalutusk\u00e4ru, Everett Green, City TOUR 2 kergk&auml;ru on uusim mudel Baby Joggeri valikus.K&auml;ru on v&auml;ga kerge, avar n","og_url":"https:\/\/beebipood.ee\/ru\/produkt\/baby-jogger-city-tour-2-jalutuskaru-everett-green\/","og_site_name":"Beebipood","article_modified_time":"2025-01-09T08:49:16+00:00","og_image":[{"width":800,"height":1000,"url":"https:\/\/beebipood.ee\/wp-content\/uploads\/2018\/04\/Baby-Jogger-City-Tour-2-jalutuskaru-Everett-Green-UUED-TOOTED-Lastevankrid-ja-karud-Jalutuskarud-Baby-Jogger-City-Tour-2_2-b60.jpg","type":"image\/jpeg"}],"twitter_card":"summary_large_image","twitter_misc":{"\u041f\u0440\u0438\u043c\u0435\u0440\u043d\u043e\u0435 \u0432\u0440\u0435\u043c\u044f \u0434\u043b\u044f \u0447\u0442\u0435\u043d\u0438\u044f":"1 \u043c\u0438\u043d\u0443\u0442\u0430"},"schema":{"@context":"https:\/\/schema.org","@graph":[{"@type":"WebPage","@id":"https:\/\/beebipood.ee\/ru\/produkt\/baby-jogger-city-tour-2-jalutuskaru-everett-green\/","url":"https:\/\/beebipood.ee\/ru\/produkt\/baby-jogger-city-tour-2-jalutuskaru-everett-green\/","name":"Baby Jogger City Tour 2 jalutusk\u00e4ru, Everett Green, \u041d\u041e\u0412\u042b\u0415 \u0422\u041e\u0412\u0410\u0420\u042b, \u041a\u043e\u043b\u044f\u0441\u043a\u0438, \u041f\u0440\u043e\u0433\u0443\u043b\u043e\u0447\u043d\u044b\u0435 \u043a\u043e\u043b\u044f\u0441\u043a\u0438, Baby Jogger, City Tour 2, Beebipood","isPartOf":{"@id":"https:\/\/beebipood.ee\/ru\/#website"},"primaryImageOfPage":{"@id":"https:\/\/beebipood.ee\/ru\/produkt\/baby-jogger-city-tour-2-jalutuskaru-everett-green\/#primaryimage"},"image":{"@id":"https:\/\/beebipood.ee\/ru\/produkt\/baby-jogger-city-tour-2-jalutuskaru-everett-green\/#primaryimage"},"thumbnailUrl":"https:\/\/beebipood.ee\/wp-content\/uploads\/2018\/04\/Baby-Jogger-City-Tour-2-jalutuskaru-Everett-Green-UUED-TOOTED-Lastevankrid-ja-karud-Jalutuskarud-Baby-Jogger-City-Tour-2_2-b60.jpg","datePublished":"2018-04-30T06:49:37+00:00","dateModified":"2025-01-09T08:49:16+00:00","description":"Baby Jogger City Tour 2 jalutusk\u00e4ru, Everett Green, City TOUR 2 kergk&auml;ru on uusim mudel Baby Joggeri valikus.K&auml;ru on v&auml;ga kerge, avar n","breadcrumb":{"@id":"https:\/\/beebipood.ee\/ru\/produkt\/baby-jogger-city-tour-2-jalutuskaru-everett-green\/#breadcrumb"},"inLanguage":"ru-RU","potentialAction":[{"@type":"ReadAction","target":["https:\/\/beebipood.ee\/ru\/produkt\/baby-jogger-city-tour-2-jalutuskaru-everett-green\/"]}]},{"@type":"ImageObject","inLanguage":"ru-RU","@id":"https:\/\/beebipood.ee\/ru\/produkt\/baby-jogger-city-tour-2-jalutuskaru-everett-green\/#primaryimage","url":"https:\/\/beebipood.ee\/wp-content\/uploads\/2018\/04\/Baby-Jogger-City-Tour-2-jalutuskaru-Everett-Green-UUED-TOOTED-Lastevankrid-ja-karud-Jalutuskarud-Baby-Jogger-City-Tour-2_2-b60.jpg","contentUrl":"https:\/\/beebipood.ee\/wp-content\/uploads\/2018\/04\/Baby-Jogger-City-Tour-2-jalutuskaru-Everett-Green-UUED-TOOTED-Lastevankrid-ja-karud-Jalutuskarud-Baby-Jogger-City-Tour-2_2-b60.jpg","width":800,"height":1000},{"@type":"BreadcrumbList","@id":"https:\/\/beebipood.ee\/ru\/produkt\/baby-jogger-city-tour-2-jalutuskaru-everett-green\/#breadcrumb","itemListElement":[{"@type":"ListItem","position":1,"name":"Home","item":"https:\/\/beebipood.ee\/ru\/"},{"@type":"ListItem","position":2,"name":"\u041a\u0430\u0442\u0430\u043b\u043e\u0433 \u0442\u043e\u0432\u0430\u0440\u043e\u0432","item":"https:\/\/beebipood.ee\/tooted\/"},{"@type":"ListItem","position":3,"name":"Baby Jogger City Tour 2 jalutusk\u00e4ru, Everett Green"}]},{"@type":"WebSite","@id":"https:\/\/beebipood.ee\/ru\/#website","url":"https:\/\/beebipood.ee\/ru\/","name":"Beebipood","description":"Lastekaubad, beebikaubad, m\u00e4nguasjad","publisher":{"@id":"https:\/\/beebipood.ee\/ru\/#organization"},"potentialAction":[{"@type":"SearchAction","target":{"@type":"EntryPoint","urlTemplate":"https:\/\/beebipood.ee\/ru\/?s={search_term_string}"},"query-input":{"@type":"PropertyValueSpecification","valueRequired":true,"valueName":"search_term_string"}}],"inLanguage":"ru-RU"},{"@type":"Organization","@id":"https:\/\/beebipood.ee\/ru\/#organization","name":"Beebipood","url":"https:\/\/beebipood.ee\/ru\/","logo":{"@type":"ImageObject","inLanguage":"ru-RU","@id":"https:\/\/beebipood.ee\/ru\/#\/schema\/logo\/image\/","url":"https:\/\/beebipood.ee\/wp-content\/uploads\/2025\/03\/beebipood.ee-logo-1.svg","contentUrl":"https:\/\/beebipood.ee\/wp-content\/uploads\/2025\/03\/beebipood.ee-logo-1.svg","caption":"Beebipood"},"image":{"@id":"https:\/\/beebipood.ee\/ru\/#\/schema\/logo\/image\/"}}]}},"brands":[{"id":11959,"name":"Baby Jogger","slug":"baby-jogger-ru"}],"_links":{"self":[{"href":"https:\/\/beebipood.ee\/ru\/wp-json\/wp\/v2\/product\/458077","targetHints":{"allow":["GET"]}}],"collection":[{"href":"https:\/\/beebipood.ee\/ru\/wp-json\/wp\/v2\/product"}],"about":[{"href":"https:\/\/beebipood.ee\/ru\/wp-json\/wp\/v2\/types\/product"}],"wp:featuredmedia":[{"embeddable":true,"href":"https:\/\/beebipood.ee\/ru\/wp-json\/wp\/v2\/media\/122616"}],"wp:attachment":[{"href":"https:\/\/beebipood.ee\/ru\/wp-json\/wp\/v2\/media?parent=458077"}],"wp:term":[{"taxonomy":"pwb-brand","embeddable":true,"href":"https:\/\/beebipood.ee\/ru\/wp-json\/wp\/v2\/pwb-brand?post=458077"},{"taxonomy":"product_brand","embeddable":true,"href":"https:\/\/beebipood.ee\/ru\/wp-json\/wp\/v2\/product_brand?post=458077"},{"taxonomy":"product_cat","embeddable":true,"href":"https:\/\/beebipood.ee\/ru\/wp-json\/wp\/v2\/product_cat?post=458077"},{"taxonomy":"product_tag","embeddable":true,"href":"https:\/\/beebipood.ee\/ru\/wp-json\/wp\/v2\/product_tag?post=458077"}],"curies":[{"name":"wp","href":"https:\/\/api.w.org\/{rel}","templated":true}]}}