{"id":458079,"date":"2018-04-30T15:22:44","date_gmt":"2018-04-30T12:22:44","guid":{"rendered":"https:\/\/beebipood.ee\/toode\/baby-jogger-summit-x3-turvakaar\/"},"modified":"2025-01-09T10:49:16","modified_gmt":"2025-01-09T08:49:16","slug":"baby-jogger-summit-x3-turvakaar","status":"publish","type":"product","link":"https:\/\/beebipood.ee\/ru\/produkt\/baby-jogger-summit-x3-turvakaar\/","title":{"rendered":"Baby Jogger Summit X3 turvakaar"},"content":{"rendered":"<p>Baby Jogger Summit X3 turvakaar on h\u00f5lpsasti \u00fchendatav Summit X3 jalutusk\u00e4ruga, <br \/>et anda teie lapsele turvaline ja mugav koht, kust jalutades kinni hoida.<br \/>Pehme polsterdatud turvakaar<br \/>Istmele h\u00f5lpsaks juurdep\u00e4\u00e4suks avaneb k\u00fcljele<br \/>Eemaldatav kate<br \/>\u00dchildub Summit X3 jalutusk\u00e4rudega<\/p>\n","protected":false},"excerpt":{"rendered":"<p>Baby Jogger Summit X3 turvakaar on h\u00f5lpsasti \u00fchendatav Summit X3 jalutusk\u00e4ruga, et anda teie lapsele turvaline ja mugav koht, kust jalutades kinni hoida.Pehme polsterdatud turvakaarIstmele h\u00f5lpsaks juurdep\u00e4\u00e4suks avaneb k\u00fcljeleEemaldatav kate\u00dchildub Summit X3 jalutusk\u00e4rudega<\/p>\n","protected":false},"featured_media":122721,"template":"","meta":{"_acf_changed":false},"pwb-brand":[11959],"product_brand":[],"product_cat":[11823,11837,11839,11721,11717],"product_tag":[],"class_list":{"0":"post-458079","1":"product","2":"type-product","3":"status-publish","4":"has-post-thumbnail","6":"pwb-brand-baby-jogger-ru","7":"product_cat-baby-jogger-ru","8":"product_cat-summit-x3-ru","9":"product_cat-baby-jogger-lisad-ru","10":"product_cat-jalutuskarud-ru","11":"product_cat-lastevankrid-ja-karud-ru","12":"pa_manufacturer-babyjogger-ru","14":"first","15":"onbackorder","16":"taxable","17":"shipping-taxable","18":"purchasable","19":"product-type-simple"},"exclude_global_add_ons":[],"addons":[],"acf":[],"yoast_head":"<!-- This site is optimized with the Yoast SEO plugin v27.1.1 - https:\/\/yoast.com\/product\/yoast-seo-wordpress\/ -->\n<title>Baby Jogger Summit X3 turvakaar, \u041a\u043e\u043b\u044f\u0441\u043a\u0438, \u041f\u0440\u043e\u0433\u0443\u043b\u043e\u0447\u043d\u044b\u0435 \u043a\u043e\u043b\u044f\u0441\u043a\u0438, Baby Jogger, Summit X3, Baby Jogger lisad, Beebipood<\/title>\n<meta name=\"description\" content=\"Baby Jogger Summit X3 turvakaar, Baby Jogger Summit X3 turvakaar on h&otilde;lpsasti &uuml;hendatav Summit X3 jalutusk&auml;ruga, et anda teie lapsele\" \/>\n<meta name=\"robots\" content=\"index, follow, max-snippet:-1, max-image-preview:large, max-video-preview:-1\" \/>\n<link rel=\"canonical\" href=\"https:\/\/beebipood.ee\/ru\/produkt\/baby-jogger-summit-x3-turvakaar\/\" \/>\n<meta property=\"og:locale\" content=\"ru_RU\" \/>\n<meta property=\"og:type\" content=\"article\" \/>\n<meta property=\"og:title\" content=\"Baby Jogger Summit X3 turvakaar, \u041a\u043e\u043b\u044f\u0441\u043a\u0438, \u041f\u0440\u043e\u0433\u0443\u043b\u043e\u0447\u043d\u044b\u0435 \u043a\u043e\u043b\u044f\u0441\u043a\u0438, Baby Jogger, Summit X3, Baby Jogger lisad, Beebipood\" \/>\n<meta property=\"og:description\" content=\"Baby Jogger Summit X3 turvakaar, Baby Jogger Summit X3 turvakaar on h&otilde;lpsasti &uuml;hendatav Summit X3 jalutusk&auml;ruga, et anda teie lapsele\" \/>\n<meta property=\"og:url\" content=\"https:\/\/beebipood.ee\/ru\/produkt\/baby-jogger-summit-x3-turvakaar\/\" \/>\n<meta property=\"og:site_name\" content=\"Beebipood\" \/>\n<meta property=\"article:modified_time\" content=\"2025-01-09T08:49:16+00:00\" \/>\n<meta property=\"og:image\" content=\"https:\/\/beebipood.ee\/wp-content\/uploads\/2018\/04\/Baby-Jogger-Summit-X3-turvakaar-Lastevankrid-ja-karud-Jalutuskarud-Baby-Jogger-Summit-X3-Baby-Jogger-lisad_3-2fb.png\" \/>\n\t<meta property=\"og:image:width\" content=\"1000\" \/>\n\t<meta property=\"og:image:height\" content=\"1000\" \/>\n\t<meta property=\"og:image:type\" content=\"image\/png\" \/>\n<meta name=\"twitter:card\" content=\"summary_large_image\" \/>\n<script type=\"application\/ld+json\" class=\"yoast-schema-graph\">{\"@context\":\"https:\/\/schema.org\",\"@graph\":[{\"@type\":\"WebPage\",\"@id\":\"https:\/\/beebipood.ee\/ru\/produkt\/baby-jogger-summit-x3-turvakaar\/\",\"url\":\"https:\/\/beebipood.ee\/ru\/produkt\/baby-jogger-summit-x3-turvakaar\/\",\"name\":\"Baby Jogger Summit X3 turvakaar, \u041a\u043e\u043b\u044f\u0441\u043a\u0438, \u041f\u0440\u043e\u0433\u0443\u043b\u043e\u0447\u043d\u044b\u0435 \u043a\u043e\u043b\u044f\u0441\u043a\u0438, Baby Jogger, Summit X3, Baby Jogger lisad, Beebipood\",\"isPartOf\":{\"@id\":\"https:\/\/beebipood.ee\/ru\/#website\"},\"primaryImageOfPage\":{\"@id\":\"https:\/\/beebipood.ee\/ru\/produkt\/baby-jogger-summit-x3-turvakaar\/#primaryimage\"},\"image\":{\"@id\":\"https:\/\/beebipood.ee\/ru\/produkt\/baby-jogger-summit-x3-turvakaar\/#primaryimage\"},\"thumbnailUrl\":\"https:\/\/beebipood.ee\/wp-content\/uploads\/2018\/04\/Baby-Jogger-Summit-X3-turvakaar-Lastevankrid-ja-karud-Jalutuskarud-Baby-Jogger-Summit-X3-Baby-Jogger-lisad_3-2fb.png\",\"datePublished\":\"2018-04-30T12:22:44+00:00\",\"dateModified\":\"2025-01-09T08:49:16+00:00\",\"description\":\"Baby Jogger Summit X3 turvakaar, Baby Jogger Summit X3 turvakaar on h&otilde;lpsasti &uuml;hendatav Summit X3 jalutusk&auml;ruga, et anda teie lapsele\",\"breadcrumb\":{\"@id\":\"https:\/\/beebipood.ee\/ru\/produkt\/baby-jogger-summit-x3-turvakaar\/#breadcrumb\"},\"inLanguage\":\"ru-RU\",\"potentialAction\":[{\"@type\":\"ReadAction\",\"target\":[\"https:\/\/beebipood.ee\/ru\/produkt\/baby-jogger-summit-x3-turvakaar\/\"]}]},{\"@type\":\"ImageObject\",\"inLanguage\":\"ru-RU\",\"@id\":\"https:\/\/beebipood.ee\/ru\/produkt\/baby-jogger-summit-x3-turvakaar\/#primaryimage\",\"url\":\"https:\/\/beebipood.ee\/wp-content\/uploads\/2018\/04\/Baby-Jogger-Summit-X3-turvakaar-Lastevankrid-ja-karud-Jalutuskarud-Baby-Jogger-Summit-X3-Baby-Jogger-lisad_3-2fb.png\",\"contentUrl\":\"https:\/\/beebipood.ee\/wp-content\/uploads\/2018\/04\/Baby-Jogger-Summit-X3-turvakaar-Lastevankrid-ja-karud-Jalutuskarud-Baby-Jogger-Summit-X3-Baby-Jogger-lisad_3-2fb.png\",\"width\":1000,\"height\":1000},{\"@type\":\"BreadcrumbList\",\"@id\":\"https:\/\/beebipood.ee\/ru\/produkt\/baby-jogger-summit-x3-turvakaar\/#breadcrumb\",\"itemListElement\":[{\"@type\":\"ListItem\",\"position\":1,\"name\":\"Home\",\"item\":\"https:\/\/beebipood.ee\/ru\/\"},{\"@type\":\"ListItem\",\"position\":2,\"name\":\"\u041a\u0430\u0442\u0430\u043b\u043e\u0433 \u0442\u043e\u0432\u0430\u0440\u043e\u0432\",\"item\":\"https:\/\/beebipood.ee\/tooted\/\"},{\"@type\":\"ListItem\",\"position\":3,\"name\":\"Baby Jogger Summit X3 turvakaar\"}]},{\"@type\":\"WebSite\",\"@id\":\"https:\/\/beebipood.ee\/ru\/#website\",\"url\":\"https:\/\/beebipood.ee\/ru\/\",\"name\":\"Beebipood\",\"description\":\"Lastekaubad, beebikaubad, m\u00e4nguasjad\",\"publisher\":{\"@id\":\"https:\/\/beebipood.ee\/ru\/#organization\"},\"potentialAction\":[{\"@type\":\"SearchAction\",\"target\":{\"@type\":\"EntryPoint\",\"urlTemplate\":\"https:\/\/beebipood.ee\/ru\/?s={search_term_string}\"},\"query-input\":{\"@type\":\"PropertyValueSpecification\",\"valueRequired\":true,\"valueName\":\"search_term_string\"}}],\"inLanguage\":\"ru-RU\"},{\"@type\":\"Organization\",\"@id\":\"https:\/\/beebipood.ee\/ru\/#organization\",\"name\":\"Beebipood\",\"url\":\"https:\/\/beebipood.ee\/ru\/\",\"logo\":{\"@type\":\"ImageObject\",\"inLanguage\":\"ru-RU\",\"@id\":\"https:\/\/beebipood.ee\/ru\/#\/schema\/logo\/image\/\",\"url\":\"https:\/\/beebipood.ee\/wp-content\/uploads\/2025\/03\/beebipood.ee-logo-1.svg\",\"contentUrl\":\"https:\/\/beebipood.ee\/wp-content\/uploads\/2025\/03\/beebipood.ee-logo-1.svg\",\"caption\":\"Beebipood\"},\"image\":{\"@id\":\"https:\/\/beebipood.ee\/ru\/#\/schema\/logo\/image\/\"}}]}<\/script>\n<!-- \/ Yoast SEO plugin. -->","yoast_head_json":{"title":"Baby Jogger Summit X3 turvakaar, \u041a\u043e\u043b\u044f\u0441\u043a\u0438, \u041f\u0440\u043e\u0433\u0443\u043b\u043e\u0447\u043d\u044b\u0435 \u043a\u043e\u043b\u044f\u0441\u043a\u0438, Baby Jogger, Summit X3, Baby Jogger lisad, Beebipood","description":"Baby Jogger Summit X3 turvakaar, Baby Jogger Summit X3 turvakaar on h&otilde;lpsasti &uuml;hendatav Summit X3 jalutusk&auml;ruga, et anda teie lapsele","robots":{"index":"index","follow":"follow","max-snippet":"max-snippet:-1","max-image-preview":"max-image-preview:large","max-video-preview":"max-video-preview:-1"},"canonical":"https:\/\/beebipood.ee\/ru\/produkt\/baby-jogger-summit-x3-turvakaar\/","og_locale":"ru_RU","og_type":"article","og_title":"Baby Jogger Summit X3 turvakaar, \u041a\u043e\u043b\u044f\u0441\u043a\u0438, \u041f\u0440\u043e\u0433\u0443\u043b\u043e\u0447\u043d\u044b\u0435 \u043a\u043e\u043b\u044f\u0441\u043a\u0438, Baby Jogger, Summit X3, Baby Jogger lisad, Beebipood","og_description":"Baby Jogger Summit X3 turvakaar, Baby Jogger Summit X3 turvakaar on h&otilde;lpsasti &uuml;hendatav Summit X3 jalutusk&auml;ruga, et anda teie lapsele","og_url":"https:\/\/beebipood.ee\/ru\/produkt\/baby-jogger-summit-x3-turvakaar\/","og_site_name":"Beebipood","article_modified_time":"2025-01-09T08:49:16+00:00","og_image":[{"width":1000,"height":1000,"url":"https:\/\/beebipood.ee\/wp-content\/uploads\/2018\/04\/Baby-Jogger-Summit-X3-turvakaar-Lastevankrid-ja-karud-Jalutuskarud-Baby-Jogger-Summit-X3-Baby-Jogger-lisad_3-2fb.png","type":"image\/png"}],"twitter_card":"summary_large_image","schema":{"@context":"https:\/\/schema.org","@graph":[{"@type":"WebPage","@id":"https:\/\/beebipood.ee\/ru\/produkt\/baby-jogger-summit-x3-turvakaar\/","url":"https:\/\/beebipood.ee\/ru\/produkt\/baby-jogger-summit-x3-turvakaar\/","name":"Baby Jogger Summit X3 turvakaar, \u041a\u043e\u043b\u044f\u0441\u043a\u0438, \u041f\u0440\u043e\u0433\u0443\u043b\u043e\u0447\u043d\u044b\u0435 \u043a\u043e\u043b\u044f\u0441\u043a\u0438, Baby Jogger, Summit X3, Baby Jogger lisad, Beebipood","isPartOf":{"@id":"https:\/\/beebipood.ee\/ru\/#website"},"primaryImageOfPage":{"@id":"https:\/\/beebipood.ee\/ru\/produkt\/baby-jogger-summit-x3-turvakaar\/#primaryimage"},"image":{"@id":"https:\/\/beebipood.ee\/ru\/produkt\/baby-jogger-summit-x3-turvakaar\/#primaryimage"},"thumbnailUrl":"https:\/\/beebipood.ee\/wp-content\/uploads\/2018\/04\/Baby-Jogger-Summit-X3-turvakaar-Lastevankrid-ja-karud-Jalutuskarud-Baby-Jogger-Summit-X3-Baby-Jogger-lisad_3-2fb.png","datePublished":"2018-04-30T12:22:44+00:00","dateModified":"2025-01-09T08:49:16+00:00","description":"Baby Jogger Summit X3 turvakaar, Baby Jogger Summit X3 turvakaar on h&otilde;lpsasti &uuml;hendatav Summit X3 jalutusk&auml;ruga, et anda teie lapsele","breadcrumb":{"@id":"https:\/\/beebipood.ee\/ru\/produkt\/baby-jogger-summit-x3-turvakaar\/#breadcrumb"},"inLanguage":"ru-RU","potentialAction":[{"@type":"ReadAction","target":["https:\/\/beebipood.ee\/ru\/produkt\/baby-jogger-summit-x3-turvakaar\/"]}]},{"@type":"ImageObject","inLanguage":"ru-RU","@id":"https:\/\/beebipood.ee\/ru\/produkt\/baby-jogger-summit-x3-turvakaar\/#primaryimage","url":"https:\/\/beebipood.ee\/wp-content\/uploads\/2018\/04\/Baby-Jogger-Summit-X3-turvakaar-Lastevankrid-ja-karud-Jalutuskarud-Baby-Jogger-Summit-X3-Baby-Jogger-lisad_3-2fb.png","contentUrl":"https:\/\/beebipood.ee\/wp-content\/uploads\/2018\/04\/Baby-Jogger-Summit-X3-turvakaar-Lastevankrid-ja-karud-Jalutuskarud-Baby-Jogger-Summit-X3-Baby-Jogger-lisad_3-2fb.png","width":1000,"height":1000},{"@type":"BreadcrumbList","@id":"https:\/\/beebipood.ee\/ru\/produkt\/baby-jogger-summit-x3-turvakaar\/#breadcrumb","itemListElement":[{"@type":"ListItem","position":1,"name":"Home","item":"https:\/\/beebipood.ee\/ru\/"},{"@type":"ListItem","position":2,"name":"\u041a\u0430\u0442\u0430\u043b\u043e\u0433 \u0442\u043e\u0432\u0430\u0440\u043e\u0432","item":"https:\/\/beebipood.ee\/tooted\/"},{"@type":"ListItem","position":3,"name":"Baby Jogger Summit X3 turvakaar"}]},{"@type":"WebSite","@id":"https:\/\/beebipood.ee\/ru\/#website","url":"https:\/\/beebipood.ee\/ru\/","name":"Beebipood","description":"Lastekaubad, beebikaubad, m\u00e4nguasjad","publisher":{"@id":"https:\/\/beebipood.ee\/ru\/#organization"},"potentialAction":[{"@type":"SearchAction","target":{"@type":"EntryPoint","urlTemplate":"https:\/\/beebipood.ee\/ru\/?s={search_term_string}"},"query-input":{"@type":"PropertyValueSpecification","valueRequired":true,"valueName":"search_term_string"}}],"inLanguage":"ru-RU"},{"@type":"Organization","@id":"https:\/\/beebipood.ee\/ru\/#organization","name":"Beebipood","url":"https:\/\/beebipood.ee\/ru\/","logo":{"@type":"ImageObject","inLanguage":"ru-RU","@id":"https:\/\/beebipood.ee\/ru\/#\/schema\/logo\/image\/","url":"https:\/\/beebipood.ee\/wp-content\/uploads\/2025\/03\/beebipood.ee-logo-1.svg","contentUrl":"https:\/\/beebipood.ee\/wp-content\/uploads\/2025\/03\/beebipood.ee-logo-1.svg","caption":"Beebipood"},"image":{"@id":"https:\/\/beebipood.ee\/ru\/#\/schema\/logo\/image\/"}}]}},"brands":[{"id":11959,"name":"Baby Jogger","slug":"baby-jogger-ru"}],"_links":{"self":[{"href":"https:\/\/beebipood.ee\/ru\/wp-json\/wp\/v2\/product\/458079","targetHints":{"allow":["GET"]}}],"collection":[{"href":"https:\/\/beebipood.ee\/ru\/wp-json\/wp\/v2\/product"}],"about":[{"href":"https:\/\/beebipood.ee\/ru\/wp-json\/wp\/v2\/types\/product"}],"wp:featuredmedia":[{"embeddable":true,"href":"https:\/\/beebipood.ee\/ru\/wp-json\/wp\/v2\/media\/122721"}],"wp:attachment":[{"href":"https:\/\/beebipood.ee\/ru\/wp-json\/wp\/v2\/media?parent=458079"}],"wp:term":[{"taxonomy":"pwb-brand","embeddable":true,"href":"https:\/\/beebipood.ee\/ru\/wp-json\/wp\/v2\/pwb-brand?post=458079"},{"taxonomy":"product_brand","embeddable":true,"href":"https:\/\/beebipood.ee\/ru\/wp-json\/wp\/v2\/product_brand?post=458079"},{"taxonomy":"product_cat","embeddable":true,"href":"https:\/\/beebipood.ee\/ru\/wp-json\/wp\/v2\/product_cat?post=458079"},{"taxonomy":"product_tag","embeddable":true,"href":"https:\/\/beebipood.ee\/ru\/wp-json\/wp\/v2\/product_tag?post=458079"}],"curies":[{"name":"wp","href":"https:\/\/api.w.org\/{rel}","templated":true}]}}