{"id":458089,"date":"2018-05-04T11:21:12","date_gmt":"2018-05-04T08:21:12","guid":{"rendered":"https:\/\/beebipood.ee\/toode\/baby-jogger-city-elite-2-jalutuskaru-commuter\/"},"modified":"2025-01-09T10:49:16","modified_gmt":"2025-01-09T08:49:16","slug":"baby-jogger-city-elite-2-jalutuskaru-commuter","status":"publish","type":"product","link":"https:\/\/beebipood.ee\/ru\/produkt\/baby-jogger-city-elite-2-jalutuskaru-commuter\/","title":{"rendered":"Baby Jogger City Elite 2 jalutusk\u00e4ru, Commuter"},"content":{"rendered":"<p><span>City Elite on \u00fcks Baby Joggeri suurima j\u00f5udlusega mudelitest.<\/span><br \/><span>Antud k\u00e4ru eelistavad paljud aktiivsed lapsevanemad \u00fcle maailma.<\/span><br \/><span>Suured kummist Forever-Air rattad, millaga City Elite pakub erakordset<\/span><br \/><span>l\u00e4bivust mistahes maastikul \u2013 nii linnas kui ka metsarajal.<\/span><\/p>\n<p><span>Patendeeritud Quick-Fold Technology- v\u00f5imaldab vaid \u00fche<\/span><br \/><span>liigutusega k\u00e4ru kokku panna (spetsiaalne rihm)<\/span><br \/><span>Automaatne lukustuss\u00fcsteem, mis fikseerib k\u00e4ru kokkupandud asendis<\/span><br \/><span>Ilmastikukindlel kangas<\/span><br \/><span>T\u00e4ispuhutavad, kergesti eemaldatavad rattad<\/span><br \/><span>P\u00f6\u00f6rlev (360\u02da) ja kiirlukustusega esiratas l\u00e4bim\u00f5\u00f5duga 30,5 cm<\/span><br \/><span>Esimsel rattal on vedrustus, mis tagab sujuva liikumise<\/span><br \/><span>Vedrustusega tagumised rattad l\u00e4bim\u00f5\u00f5duga 30,5 cm<\/span><br \/><span>Tagumistel ratastel on k\u00e4sitsi juhitav seisupidur, mis tagab paremaohutuse maastikul.<\/span><br \/><span>Mugav polsterdatud iste<\/span><br \/><span>Seljatoe taga on taskud, milles on v\u00f5imalik asju hoida<\/span><br \/><span>Allalastav seljatugi<\/span><br \/><span>Seljatuge on v\u00f5imalik lasta alla moodustades peaaegu horisontaalse tasapinna<\/span><br \/><span>Seljatoe allalaskmine ja \u00fclest\u00f5stmine toimub rihma abil<\/span><br \/><span>Reguleeritav jalgade tugi ei j\u00e4ta magava lapse jalgu rippuma<\/span><br \/><span>5 &#8212; punkti turvarihmad koos pehmendustega<br \/><\/span>Eemaldatav turvakaar (turvakaar on jalutusk\u00e4ruga komlektis)<br \/><span>Mugav ergonoomiline k\u00e4epide<\/span><br \/><span>Kahe \u201ePeek-a-boo\u201c aknaga kaarvari millel on p\u00e4ikesekaitse UV50+<\/span><br \/><span>Praktiline ja suur ostukorv<\/span><br \/><span>Baby Jogger City Elite&#8217;le saab lisada vankrikorvi (lisavarustusena).<\/span><br \/><span>Kombineeritav enamike turvah\u00e4llidega.<\/span><br \/><span>K\u00e4ru kandev\u00f5ime on kuni 27kg<\/span><br \/><span><br \/><span style=\"text-decoration: underline;\">M\u00f5\u00f5dud<\/span><\/span><span style=\"text-decoration: underline;\">:<\/span><br \/><span>Avatud: 115.2 cm x 67.5 cm x 111.8 cm<\/span><br \/><span>Kokkupandud: 82 cm x 67.5 cm x 36 cm.<\/span><br \/><span>K\u00e4ru kaal: 11,9 kg<\/span><br \/><span>Rattaste l\u00e4bim\u00f5\u00f5t: tagumised 30,5, esimene 30,5cm<\/span><br \/><span>Vanuser\u00fchmast alates: 6 kuud kuni 5 aastat<\/span><\/p>\n<p><span>K\u00e4rule sobivad enamikud turvah\u00e4llid (adapterid ei kuulu komplekti!)<\/span><\/p>\n","protected":false},"excerpt":{"rendered":"<p>City Elite on \u00fcks Baby Joggeri suurima j\u00f5udlusega mudelitest.Antud k\u00e4ru eelistavad paljud aktiivsed lapsevanemad \u00fcle maailma.Suured kummist Forever-Air rattad, millaga City Elite pakub erakordsetl\u00e4bivust mistahes maastikul \u2013 nii linnas kui ka metsarajal. Patendeeritud Quick-Fold Technology- v\u00f5imaldab vaid \u00fcheliigutusega k\u00e4ru kokku panna (spetsiaalne rihm)Automaatne lukustuss\u00fcsteem, mis fikseerib k\u00e4ru kokkupandud asendisIlmastikukindlel kangasT\u00e4ispuhutavad, kergesti eemaldatavad rattadP\u00f6\u00f6rlev (360\u02da) ja [&hellip;]<\/p>\n","protected":false},"featured_media":122920,"template":"","meta":{"_acf_changed":false},"pwb-brand":[11959],"product_brand":[],"product_cat":[11573,11823,11721,11885,11717],"product_tag":[],"class_list":{"0":"post-458089","1":"product","2":"type-product","3":"status-publish","4":"has-post-thumbnail","6":"pwb-brand-baby-jogger-ru","7":"product_cat-sooduspakkumised-ru","8":"product_cat-baby-jogger-ru","9":"product_cat-jalutuskarud-ru","10":"product_cat-city-elite-2-ru","11":"product_cat-lastevankrid-ja-karud-ru","12":"pa_manufacturer-babyjogger-ru","14":"first","15":"onbackorder","16":"sale","17":"taxable","18":"shipping-taxable","19":"purchasable","20":"product-type-simple"},"exclude_global_add_ons":[],"addons":[],"acf":[],"yoast_head":"<!-- This site is optimized with the Yoast SEO plugin v27.1.1 - https:\/\/yoast.com\/product\/yoast-seo-wordpress\/ -->\n<title>Baby Jogger City Elite 2 jalutusk\u00e4ru, Commuter, \u0421\u041a\u0418\u0414\u041a\u0418, \u041a\u043e\u043b\u044f\u0441\u043a\u0438, \u041f\u0440\u043e\u0433\u0443\u043b\u043e\u0447\u043d\u044b\u0435 \u043a\u043e\u043b\u044f\u0441\u043a\u0438, Baby Jogger, City Elite 2, Beebipood<\/title>\n<meta name=\"description\" content=\"Baby Jogger City Elite 2 jalutusk\u00e4ru, Commuter, City Elite on &uuml;ks Baby Joggeri suurima j&otilde;udlusega mudelitest.Antud k&amp;au\" \/>\n<meta name=\"robots\" content=\"index, follow, max-snippet:-1, max-image-preview:large, max-video-preview:-1\" \/>\n<link rel=\"canonical\" href=\"https:\/\/beebipood.ee\/ru\/produkt\/baby-jogger-city-elite-2-jalutuskaru-commuter\/\" \/>\n<meta property=\"og:locale\" content=\"ru_RU\" \/>\n<meta property=\"og:type\" content=\"article\" \/>\n<meta property=\"og:title\" content=\"Baby Jogger City Elite 2 jalutusk\u00e4ru, Commuter, \u0421\u041a\u0418\u0414\u041a\u0418, \u041a\u043e\u043b\u044f\u0441\u043a\u0438, \u041f\u0440\u043e\u0433\u0443\u043b\u043e\u0447\u043d\u044b\u0435 \u043a\u043e\u043b\u044f\u0441\u043a\u0438, Baby Jogger, City Elite 2, Beebipood\" \/>\n<meta property=\"og:description\" content=\"Baby Jogger City Elite 2 jalutusk\u00e4ru, Commuter, City Elite on &uuml;ks Baby Joggeri suurima j&otilde;udlusega mudelitest.Antud k&amp;au\" \/>\n<meta property=\"og:url\" content=\"https:\/\/beebipood.ee\/ru\/produkt\/baby-jogger-city-elite-2-jalutuskaru-commuter\/\" \/>\n<meta property=\"og:site_name\" content=\"Beebipood\" \/>\n<meta property=\"article:modified_time\" content=\"2025-01-09T08:49:16+00:00\" \/>\n<meta property=\"og:image\" content=\"https:\/\/beebipood.ee\/wp-content\/uploads\/2018\/05\/Baby-Jogger-City-Elite-2-jalutuskaru-Commuter-Lastevankrid-ja-karud-Jalutuskarud-Baby-Jogger_1-385.jpg\" \/>\n\t<meta property=\"og:image:width\" content=\"1417\" \/>\n\t<meta property=\"og:image:height\" content=\"1417\" \/>\n\t<meta property=\"og:image:type\" content=\"image\/jpeg\" \/>\n<meta name=\"twitter:card\" content=\"summary_large_image\" \/>\n<meta name=\"twitter:label1\" content=\"\u041f\u0440\u0438\u043c\u0435\u0440\u043d\u043e\u0435 \u0432\u0440\u0435\u043c\u044f \u0434\u043b\u044f \u0447\u0442\u0435\u043d\u0438\u044f\" \/>\n\t<meta name=\"twitter:data1\" content=\"1 \u043c\u0438\u043d\u0443\u0442\u0430\" \/>\n<script type=\"application\/ld+json\" class=\"yoast-schema-graph\">{\"@context\":\"https:\/\/schema.org\",\"@graph\":[{\"@type\":\"WebPage\",\"@id\":\"https:\/\/beebipood.ee\/ru\/produkt\/baby-jogger-city-elite-2-jalutuskaru-commuter\/\",\"url\":\"https:\/\/beebipood.ee\/ru\/produkt\/baby-jogger-city-elite-2-jalutuskaru-commuter\/\",\"name\":\"Baby Jogger City Elite 2 jalutusk\u00e4ru, Commuter, \u0421\u041a\u0418\u0414\u041a\u0418, \u041a\u043e\u043b\u044f\u0441\u043a\u0438, \u041f\u0440\u043e\u0433\u0443\u043b\u043e\u0447\u043d\u044b\u0435 \u043a\u043e\u043b\u044f\u0441\u043a\u0438, Baby Jogger, City Elite 2, Beebipood\",\"isPartOf\":{\"@id\":\"https:\/\/beebipood.ee\/ru\/#website\"},\"primaryImageOfPage\":{\"@id\":\"https:\/\/beebipood.ee\/ru\/produkt\/baby-jogger-city-elite-2-jalutuskaru-commuter\/#primaryimage\"},\"image\":{\"@id\":\"https:\/\/beebipood.ee\/ru\/produkt\/baby-jogger-city-elite-2-jalutuskaru-commuter\/#primaryimage\"},\"thumbnailUrl\":\"https:\/\/beebipood.ee\/wp-content\/uploads\/2018\/05\/Baby-Jogger-City-Elite-2-jalutuskaru-Commuter-Lastevankrid-ja-karud-Jalutuskarud-Baby-Jogger_1-385.jpg\",\"datePublished\":\"2018-05-04T08:21:12+00:00\",\"dateModified\":\"2025-01-09T08:49:16+00:00\",\"description\":\"Baby Jogger City Elite 2 jalutusk\u00e4ru, Commuter, City Elite on &uuml;ks Baby Joggeri suurima j&otilde;udlusega mudelitest.Antud k&au\",\"breadcrumb\":{\"@id\":\"https:\/\/beebipood.ee\/ru\/produkt\/baby-jogger-city-elite-2-jalutuskaru-commuter\/#breadcrumb\"},\"inLanguage\":\"ru-RU\",\"potentialAction\":[{\"@type\":\"ReadAction\",\"target\":[\"https:\/\/beebipood.ee\/ru\/produkt\/baby-jogger-city-elite-2-jalutuskaru-commuter\/\"]}]},{\"@type\":\"ImageObject\",\"inLanguage\":\"ru-RU\",\"@id\":\"https:\/\/beebipood.ee\/ru\/produkt\/baby-jogger-city-elite-2-jalutuskaru-commuter\/#primaryimage\",\"url\":\"https:\/\/beebipood.ee\/wp-content\/uploads\/2018\/05\/Baby-Jogger-City-Elite-2-jalutuskaru-Commuter-Lastevankrid-ja-karud-Jalutuskarud-Baby-Jogger_1-385.jpg\",\"contentUrl\":\"https:\/\/beebipood.ee\/wp-content\/uploads\/2018\/05\/Baby-Jogger-City-Elite-2-jalutuskaru-Commuter-Lastevankrid-ja-karud-Jalutuskarud-Baby-Jogger_1-385.jpg\",\"width\":1417,\"height\":1417},{\"@type\":\"BreadcrumbList\",\"@id\":\"https:\/\/beebipood.ee\/ru\/produkt\/baby-jogger-city-elite-2-jalutuskaru-commuter\/#breadcrumb\",\"itemListElement\":[{\"@type\":\"ListItem\",\"position\":1,\"name\":\"Home\",\"item\":\"https:\/\/beebipood.ee\/ru\/\"},{\"@type\":\"ListItem\",\"position\":2,\"name\":\"\u041a\u0430\u0442\u0430\u043b\u043e\u0433 \u0442\u043e\u0432\u0430\u0440\u043e\u0432\",\"item\":\"https:\/\/beebipood.ee\/tooted\/\"},{\"@type\":\"ListItem\",\"position\":3,\"name\":\"Baby Jogger City Elite 2 jalutusk\u00e4ru, Commuter\"}]},{\"@type\":\"WebSite\",\"@id\":\"https:\/\/beebipood.ee\/ru\/#website\",\"url\":\"https:\/\/beebipood.ee\/ru\/\",\"name\":\"Beebipood\",\"description\":\"Lastekaubad, beebikaubad, m\u00e4nguasjad\",\"publisher\":{\"@id\":\"https:\/\/beebipood.ee\/ru\/#organization\"},\"potentialAction\":[{\"@type\":\"SearchAction\",\"target\":{\"@type\":\"EntryPoint\",\"urlTemplate\":\"https:\/\/beebipood.ee\/ru\/?s={search_term_string}\"},\"query-input\":{\"@type\":\"PropertyValueSpecification\",\"valueRequired\":true,\"valueName\":\"search_term_string\"}}],\"inLanguage\":\"ru-RU\"},{\"@type\":\"Organization\",\"@id\":\"https:\/\/beebipood.ee\/ru\/#organization\",\"name\":\"Beebipood\",\"url\":\"https:\/\/beebipood.ee\/ru\/\",\"logo\":{\"@type\":\"ImageObject\",\"inLanguage\":\"ru-RU\",\"@id\":\"https:\/\/beebipood.ee\/ru\/#\/schema\/logo\/image\/\",\"url\":\"https:\/\/beebipood.ee\/wp-content\/uploads\/2025\/03\/beebipood.ee-logo-1.svg\",\"contentUrl\":\"https:\/\/beebipood.ee\/wp-content\/uploads\/2025\/03\/beebipood.ee-logo-1.svg\",\"caption\":\"Beebipood\"},\"image\":{\"@id\":\"https:\/\/beebipood.ee\/ru\/#\/schema\/logo\/image\/\"}}]}<\/script>\n<!-- \/ Yoast SEO plugin. -->","yoast_head_json":{"title":"Baby Jogger City Elite 2 jalutusk\u00e4ru, Commuter, \u0421\u041a\u0418\u0414\u041a\u0418, \u041a\u043e\u043b\u044f\u0441\u043a\u0438, \u041f\u0440\u043e\u0433\u0443\u043b\u043e\u0447\u043d\u044b\u0435 \u043a\u043e\u043b\u044f\u0441\u043a\u0438, Baby Jogger, City Elite 2, Beebipood","description":"Baby Jogger City Elite 2 jalutusk\u00e4ru, Commuter, City Elite on &uuml;ks Baby Joggeri suurima j&otilde;udlusega mudelitest.Antud k&au","robots":{"index":"index","follow":"follow","max-snippet":"max-snippet:-1","max-image-preview":"max-image-preview:large","max-video-preview":"max-video-preview:-1"},"canonical":"https:\/\/beebipood.ee\/ru\/produkt\/baby-jogger-city-elite-2-jalutuskaru-commuter\/","og_locale":"ru_RU","og_type":"article","og_title":"Baby Jogger City Elite 2 jalutusk\u00e4ru, Commuter, \u0421\u041a\u0418\u0414\u041a\u0418, \u041a\u043e\u043b\u044f\u0441\u043a\u0438, \u041f\u0440\u043e\u0433\u0443\u043b\u043e\u0447\u043d\u044b\u0435 \u043a\u043e\u043b\u044f\u0441\u043a\u0438, Baby Jogger, City Elite 2, Beebipood","og_description":"Baby Jogger City Elite 2 jalutusk\u00e4ru, Commuter, City Elite on &uuml;ks Baby Joggeri suurima j&otilde;udlusega mudelitest.Antud k&au","og_url":"https:\/\/beebipood.ee\/ru\/produkt\/baby-jogger-city-elite-2-jalutuskaru-commuter\/","og_site_name":"Beebipood","article_modified_time":"2025-01-09T08:49:16+00:00","og_image":[{"width":1417,"height":1417,"url":"https:\/\/beebipood.ee\/wp-content\/uploads\/2018\/05\/Baby-Jogger-City-Elite-2-jalutuskaru-Commuter-Lastevankrid-ja-karud-Jalutuskarud-Baby-Jogger_1-385.jpg","type":"image\/jpeg"}],"twitter_card":"summary_large_image","twitter_misc":{"\u041f\u0440\u0438\u043c\u0435\u0440\u043d\u043e\u0435 \u0432\u0440\u0435\u043c\u044f \u0434\u043b\u044f \u0447\u0442\u0435\u043d\u0438\u044f":"1 \u043c\u0438\u043d\u0443\u0442\u0430"},"schema":{"@context":"https:\/\/schema.org","@graph":[{"@type":"WebPage","@id":"https:\/\/beebipood.ee\/ru\/produkt\/baby-jogger-city-elite-2-jalutuskaru-commuter\/","url":"https:\/\/beebipood.ee\/ru\/produkt\/baby-jogger-city-elite-2-jalutuskaru-commuter\/","name":"Baby Jogger City Elite 2 jalutusk\u00e4ru, Commuter, \u0421\u041a\u0418\u0414\u041a\u0418, \u041a\u043e\u043b\u044f\u0441\u043a\u0438, \u041f\u0440\u043e\u0433\u0443\u043b\u043e\u0447\u043d\u044b\u0435 \u043a\u043e\u043b\u044f\u0441\u043a\u0438, Baby Jogger, City Elite 2, Beebipood","isPartOf":{"@id":"https:\/\/beebipood.ee\/ru\/#website"},"primaryImageOfPage":{"@id":"https:\/\/beebipood.ee\/ru\/produkt\/baby-jogger-city-elite-2-jalutuskaru-commuter\/#primaryimage"},"image":{"@id":"https:\/\/beebipood.ee\/ru\/produkt\/baby-jogger-city-elite-2-jalutuskaru-commuter\/#primaryimage"},"thumbnailUrl":"https:\/\/beebipood.ee\/wp-content\/uploads\/2018\/05\/Baby-Jogger-City-Elite-2-jalutuskaru-Commuter-Lastevankrid-ja-karud-Jalutuskarud-Baby-Jogger_1-385.jpg","datePublished":"2018-05-04T08:21:12+00:00","dateModified":"2025-01-09T08:49:16+00:00","description":"Baby Jogger City Elite 2 jalutusk\u00e4ru, Commuter, City Elite on &uuml;ks Baby Joggeri suurima j&otilde;udlusega mudelitest.Antud k&au","breadcrumb":{"@id":"https:\/\/beebipood.ee\/ru\/produkt\/baby-jogger-city-elite-2-jalutuskaru-commuter\/#breadcrumb"},"inLanguage":"ru-RU","potentialAction":[{"@type":"ReadAction","target":["https:\/\/beebipood.ee\/ru\/produkt\/baby-jogger-city-elite-2-jalutuskaru-commuter\/"]}]},{"@type":"ImageObject","inLanguage":"ru-RU","@id":"https:\/\/beebipood.ee\/ru\/produkt\/baby-jogger-city-elite-2-jalutuskaru-commuter\/#primaryimage","url":"https:\/\/beebipood.ee\/wp-content\/uploads\/2018\/05\/Baby-Jogger-City-Elite-2-jalutuskaru-Commuter-Lastevankrid-ja-karud-Jalutuskarud-Baby-Jogger_1-385.jpg","contentUrl":"https:\/\/beebipood.ee\/wp-content\/uploads\/2018\/05\/Baby-Jogger-City-Elite-2-jalutuskaru-Commuter-Lastevankrid-ja-karud-Jalutuskarud-Baby-Jogger_1-385.jpg","width":1417,"height":1417},{"@type":"BreadcrumbList","@id":"https:\/\/beebipood.ee\/ru\/produkt\/baby-jogger-city-elite-2-jalutuskaru-commuter\/#breadcrumb","itemListElement":[{"@type":"ListItem","position":1,"name":"Home","item":"https:\/\/beebipood.ee\/ru\/"},{"@type":"ListItem","position":2,"name":"\u041a\u0430\u0442\u0430\u043b\u043e\u0433 \u0442\u043e\u0432\u0430\u0440\u043e\u0432","item":"https:\/\/beebipood.ee\/tooted\/"},{"@type":"ListItem","position":3,"name":"Baby Jogger City Elite 2 jalutusk\u00e4ru, Commuter"}]},{"@type":"WebSite","@id":"https:\/\/beebipood.ee\/ru\/#website","url":"https:\/\/beebipood.ee\/ru\/","name":"Beebipood","description":"Lastekaubad, beebikaubad, m\u00e4nguasjad","publisher":{"@id":"https:\/\/beebipood.ee\/ru\/#organization"},"potentialAction":[{"@type":"SearchAction","target":{"@type":"EntryPoint","urlTemplate":"https:\/\/beebipood.ee\/ru\/?s={search_term_string}"},"query-input":{"@type":"PropertyValueSpecification","valueRequired":true,"valueName":"search_term_string"}}],"inLanguage":"ru-RU"},{"@type":"Organization","@id":"https:\/\/beebipood.ee\/ru\/#organization","name":"Beebipood","url":"https:\/\/beebipood.ee\/ru\/","logo":{"@type":"ImageObject","inLanguage":"ru-RU","@id":"https:\/\/beebipood.ee\/ru\/#\/schema\/logo\/image\/","url":"https:\/\/beebipood.ee\/wp-content\/uploads\/2025\/03\/beebipood.ee-logo-1.svg","contentUrl":"https:\/\/beebipood.ee\/wp-content\/uploads\/2025\/03\/beebipood.ee-logo-1.svg","caption":"Beebipood"},"image":{"@id":"https:\/\/beebipood.ee\/ru\/#\/schema\/logo\/image\/"}}]}},"brands":[{"id":11959,"name":"Baby Jogger","slug":"baby-jogger-ru"}],"_links":{"self":[{"href":"https:\/\/beebipood.ee\/ru\/wp-json\/wp\/v2\/product\/458089","targetHints":{"allow":["GET"]}}],"collection":[{"href":"https:\/\/beebipood.ee\/ru\/wp-json\/wp\/v2\/product"}],"about":[{"href":"https:\/\/beebipood.ee\/ru\/wp-json\/wp\/v2\/types\/product"}],"wp:featuredmedia":[{"embeddable":true,"href":"https:\/\/beebipood.ee\/ru\/wp-json\/wp\/v2\/media\/122920"}],"wp:attachment":[{"href":"https:\/\/beebipood.ee\/ru\/wp-json\/wp\/v2\/media?parent=458089"}],"wp:term":[{"taxonomy":"pwb-brand","embeddable":true,"href":"https:\/\/beebipood.ee\/ru\/wp-json\/wp\/v2\/pwb-brand?post=458089"},{"taxonomy":"product_brand","embeddable":true,"href":"https:\/\/beebipood.ee\/ru\/wp-json\/wp\/v2\/product_brand?post=458089"},{"taxonomy":"product_cat","embeddable":true,"href":"https:\/\/beebipood.ee\/ru\/wp-json\/wp\/v2\/product_cat?post=458089"},{"taxonomy":"product_tag","embeddable":true,"href":"https:\/\/beebipood.ee\/ru\/wp-json\/wp\/v2\/product_tag?post=458089"}],"curies":[{"name":"wp","href":"https:\/\/api.w.org\/{rel}","templated":true}]}}