{"id":458117,"date":"2018-05-16T10:36:29","date_gmt":"2018-05-16T07:36:29","guid":{"rendered":"https:\/\/beebipood.ee\/toode\/maxi-cosi-titan-i-size-turvatool-basic-blue\/"},"modified":"2025-01-09T10:49:15","modified_gmt":"2025-01-09T08:49:15","slug":"maxi-cosi-titan-i-size-turvatool-basic-blue","status":"publish","type":"product","link":"https:\/\/beebipood.ee\/ru\/produkt\/maxi-cosi-titan-i-size-turvatool-basic-blue\/","title":{"rendered":"Maxi-Cosi Titan i-Size turvatool, Basic Blue"},"content":{"rendered":"<p>Titan i-Size &#8212; loodud kaitsma ja kestma!<br \/>Mitmele vanusegrupile m\u00f5eldud Maxi-Cosi Titan i-Size turvatool<br \/>vastab k\u00f5ige karmimatele turvastandarditele (i-Size).<br \/>See turvatool on m\u00f5eldud kasutamiseks lastele<br \/>vanuses 15 kuud kuni 12 aastat (76-150cm).<br \/>Uuendusliku G-Cell tehnoloogiaga varustatud turvatool<br \/>pakub suurep\u00e4rast kaitset k\u00fclgkokkup\u00f5rke korral.<br \/><span style=\"text-decoration: underline;\"><br \/>Omadused<\/span><br \/>Pikaajaline i-Size kaitse<br \/>G-CELL k\u00fclgkaitse &#8212; suurep\u00e4rane l\u00f6\u00f6keneelav materjal,<br \/>mis kaitseb last k\u00fclgkokkup\u00f5rke korral<br \/>5-punkti kinnitusega turvarihmad<br \/>5 erinevat lamamisasendit (ainult turvarihmadega kasutades)<br \/>&#8212; hiljem auto turvav\u00f6\u00f6ga kinnitades on ainult \u00fcks asend<br \/>M\u00e4luvahuga peatugi &#8212; pehme ning toestav lapse peale<br \/>ISOFIX kinnitus koos ankruga<br \/>&#8212; hiljem auto turvav\u00f6\u00f6ga kasutades ei pea ISOFIX&#8217;i ja ankrut enam kasutama<br \/>Lihtsasti \u00fcheaegselt reguleeritavad rihmad ja peatoe k\u00f5rgus (12 erinevat k\u00f5rgust)<br \/><span style=\"text-decoration: underline;\">N\u00e4itajad<\/span><br \/>Kategooria: grupp 1\/2\/3<br \/>Vanusele: 15 kuud &#8212; 12 aastat<br \/>Pikkusele: 76-150cm<br \/>Kaalule: 12-36kg<br \/>Turvalisus: i-Size (R129\/03)<br \/>Kinnitus: kuni 105cm-ni ISOFIX ja ankur (Top Tether) \/ 100-150cm<br \/>ISOFIX + auto turvav\u00f6\u00f6 v\u00f5i ainult auto turvav\u00f6\u00f6ga<br \/>M\u00f5\u00f5dud: 44 x 57 x 62-80cm (laius, pikkus, k\u00f5rgus)<br \/>Kaal: 11,5kg<\/p>\n","protected":false},"excerpt":{"rendered":"<p>Titan i-Size &#8212; loodud kaitsma ja kestma!Mitmele vanusegrupile m\u00f5eldud Maxi-Cosi Titan i-Size turvatoolvastab k\u00f5ige karmimatele turvastandarditele (i-Size).See turvatool on m\u00f5eldud kasutamiseks lastelevanuses 15 kuud kuni 12 aastat (76-150cm).Uuendusliku G-Cell tehnoloogiaga varustatud turvatoolpakub suurep\u00e4rast kaitset k\u00fclgkokkup\u00f5rke korral.OmadusedPikaajaline i-Size kaitseG-CELL k\u00fclgkaitse &#8212; suurep\u00e4rane l\u00f6\u00f6keneelav materjal,mis kaitseb last k\u00fclgkokkup\u00f5rke korral5-punkti kinnitusega turvarihmad5 erinevat lamamisasendit (ainult turvarihmadega kasutades)&#8212; hiljem [&hellip;]<\/p>\n","protected":false},"featured_media":123442,"template":"","meta":{"_acf_changed":false},"pwb-brand":[11961],"product_brand":[],"product_cat":[11727,11737,11791],"product_tag":[],"class_list":{"0":"post-458117","1":"product","2":"type-product","3":"status-publish","4":"has-post-thumbnail","6":"pwb-brand-maxi-cosi-ru","7":"product_cat-turvatoolid-hallid-ru","8":"product_cat-turvatoolid-9-36-kg-ru","9":"product_cat-turvavarustus-ru","10":"pa_manufacturer-maxi_cosi-ru","12":"first","13":"outofstock","14":"taxable","15":"shipping-taxable","16":"purchasable","17":"product-type-simple"},"exclude_global_add_ons":[],"addons":[],"acf":[],"yoast_head":"<!-- This site is optimized with the Yoast SEO plugin v27.1.1 - https:\/\/yoast.com\/product\/yoast-seo-wordpress\/ -->\n<title>Maxi-Cosi Titan i-Size turvatool, Basic Blue, \u041d\u041e\u0412\u042b\u0415 \u0422\u041e\u0412\u0410\u0420\u042b, \u0410\u0432\u0442\u043e\u043a\u0440\u0435\u0441\u043b\u0430, \u043b\u044e\u043b\u044c\u043a\u0438, \u0410\u0432\u0442\u043e\u043a\u0440\u0435\u0441\u043b\u0430 9-36 \u043a\u0433, \u0421\u043d\u0430\u0440\u044f\u0436\u0435\u043d\u0438\u044f \u0431\u0435\u0437\u043e\u043f\u0430\u0441\u043d\u043e\u0441\u0442\u0438, Maxi-Cosi -15%, Beebipood<\/title>\n<meta name=\"description\" content=\"Maxi-Cosi Titan i-Size turvatool, Basic Blue, Titan i-Size - loodud kaitsma ja kestma!Mitmele vanusegrupile m&otilde;eldud Maxi-Cosi Titan i-Size turva\" \/>\n<meta name=\"robots\" content=\"index, follow, max-snippet:-1, max-image-preview:large, max-video-preview:-1\" \/>\n<link rel=\"canonical\" href=\"https:\/\/beebipood.ee\/ru\/produkt\/maxi-cosi-titan-i-size-turvatool-basic-blue\/\" \/>\n<meta property=\"og:locale\" content=\"ru_RU\" \/>\n<meta property=\"og:type\" content=\"article\" \/>\n<meta property=\"og:title\" content=\"Maxi-Cosi Titan i-Size turvatool, Basic Blue, \u041d\u041e\u0412\u042b\u0415 \u0422\u041e\u0412\u0410\u0420\u042b, \u0410\u0432\u0442\u043e\u043a\u0440\u0435\u0441\u043b\u0430, \u043b\u044e\u043b\u044c\u043a\u0438, \u0410\u0432\u0442\u043e\u043a\u0440\u0435\u0441\u043b\u0430 9-36 \u043a\u0433, \u0421\u043d\u0430\u0440\u044f\u0436\u0435\u043d\u0438\u044f \u0431\u0435\u0437\u043e\u043f\u0430\u0441\u043d\u043e\u0441\u0442\u0438, Maxi-Cosi -15%, Beebipood\" \/>\n<meta property=\"og:description\" content=\"Maxi-Cosi Titan i-Size turvatool, Basic Blue, Titan i-Size - loodud kaitsma ja kestma!Mitmele vanusegrupile m&otilde;eldud Maxi-Cosi Titan i-Size turva\" \/>\n<meta property=\"og:url\" content=\"https:\/\/beebipood.ee\/ru\/produkt\/maxi-cosi-titan-i-size-turvatool-basic-blue\/\" \/>\n<meta property=\"og:site_name\" content=\"Beebipood\" \/>\n<meta property=\"article:modified_time\" content=\"2025-01-09T08:49:15+00:00\" \/>\n<meta property=\"og:image\" content=\"https:\/\/beebipood.ee\/wp-content\/uploads\/2018\/05\/MaxiCosi-Titan-iSize-turvatool-Basic-Blue-Turvatoolid-hallid-Turvahallid-Turvavarustus-MaxiCosi-15_7-a8b.jpg\" \/>\n\t<meta property=\"og:image:width\" content=\"1062\" \/>\n\t<meta property=\"og:image:height\" content=\"1200\" \/>\n\t<meta property=\"og:image:type\" content=\"image\/jpeg\" \/>\n<meta name=\"twitter:card\" content=\"summary_large_image\" \/>\n<meta name=\"twitter:label1\" content=\"\u041f\u0440\u0438\u043c\u0435\u0440\u043d\u043e\u0435 \u0432\u0440\u0435\u043c\u044f \u0434\u043b\u044f \u0447\u0442\u0435\u043d\u0438\u044f\" \/>\n\t<meta name=\"twitter:data1\" content=\"1 \u043c\u0438\u043d\u0443\u0442\u0430\" \/>\n<script type=\"application\/ld+json\" class=\"yoast-schema-graph\">{\"@context\":\"https:\/\/schema.org\",\"@graph\":[{\"@type\":\"WebPage\",\"@id\":\"https:\/\/beebipood.ee\/ru\/produkt\/maxi-cosi-titan-i-size-turvatool-basic-blue\/\",\"url\":\"https:\/\/beebipood.ee\/ru\/produkt\/maxi-cosi-titan-i-size-turvatool-basic-blue\/\",\"name\":\"Maxi-Cosi Titan i-Size turvatool, Basic Blue, \u041d\u041e\u0412\u042b\u0415 \u0422\u041e\u0412\u0410\u0420\u042b, \u0410\u0432\u0442\u043e\u043a\u0440\u0435\u0441\u043b\u0430, \u043b\u044e\u043b\u044c\u043a\u0438, \u0410\u0432\u0442\u043e\u043a\u0440\u0435\u0441\u043b\u0430 9-36 \u043a\u0433, \u0421\u043d\u0430\u0440\u044f\u0436\u0435\u043d\u0438\u044f \u0431\u0435\u0437\u043e\u043f\u0430\u0441\u043d\u043e\u0441\u0442\u0438, Maxi-Cosi -15%, Beebipood\",\"isPartOf\":{\"@id\":\"https:\/\/beebipood.ee\/ru\/#website\"},\"primaryImageOfPage\":{\"@id\":\"https:\/\/beebipood.ee\/ru\/produkt\/maxi-cosi-titan-i-size-turvatool-basic-blue\/#primaryimage\"},\"image\":{\"@id\":\"https:\/\/beebipood.ee\/ru\/produkt\/maxi-cosi-titan-i-size-turvatool-basic-blue\/#primaryimage\"},\"thumbnailUrl\":\"https:\/\/beebipood.ee\/wp-content\/uploads\/2018\/05\/MaxiCosi-Titan-iSize-turvatool-Basic-Blue-Turvatoolid-hallid-Turvahallid-Turvavarustus-MaxiCosi-15_7-a8b.jpg\",\"datePublished\":\"2018-05-16T07:36:29+00:00\",\"dateModified\":\"2025-01-09T08:49:15+00:00\",\"description\":\"Maxi-Cosi Titan i-Size turvatool, Basic Blue, Titan i-Size - loodud kaitsma ja kestma!Mitmele vanusegrupile m&otilde;eldud Maxi-Cosi Titan i-Size turva\",\"breadcrumb\":{\"@id\":\"https:\/\/beebipood.ee\/ru\/produkt\/maxi-cosi-titan-i-size-turvatool-basic-blue\/#breadcrumb\"},\"inLanguage\":\"ru-RU\",\"potentialAction\":[{\"@type\":\"ReadAction\",\"target\":[\"https:\/\/beebipood.ee\/ru\/produkt\/maxi-cosi-titan-i-size-turvatool-basic-blue\/\"]}]},{\"@type\":\"ImageObject\",\"inLanguage\":\"ru-RU\",\"@id\":\"https:\/\/beebipood.ee\/ru\/produkt\/maxi-cosi-titan-i-size-turvatool-basic-blue\/#primaryimage\",\"url\":\"https:\/\/beebipood.ee\/wp-content\/uploads\/2018\/05\/MaxiCosi-Titan-iSize-turvatool-Basic-Blue-Turvatoolid-hallid-Turvahallid-Turvavarustus-MaxiCosi-15_7-a8b.jpg\",\"contentUrl\":\"https:\/\/beebipood.ee\/wp-content\/uploads\/2018\/05\/MaxiCosi-Titan-iSize-turvatool-Basic-Blue-Turvatoolid-hallid-Turvahallid-Turvavarustus-MaxiCosi-15_7-a8b.jpg\",\"width\":1062,\"height\":1200},{\"@type\":\"BreadcrumbList\",\"@id\":\"https:\/\/beebipood.ee\/ru\/produkt\/maxi-cosi-titan-i-size-turvatool-basic-blue\/#breadcrumb\",\"itemListElement\":[{\"@type\":\"ListItem\",\"position\":1,\"name\":\"Home\",\"item\":\"https:\/\/beebipood.ee\/ru\/\"},{\"@type\":\"ListItem\",\"position\":2,\"name\":\"\u041a\u0430\u0442\u0430\u043b\u043e\u0433 \u0442\u043e\u0432\u0430\u0440\u043e\u0432\",\"item\":\"https:\/\/beebipood.ee\/tooted\/\"},{\"@type\":\"ListItem\",\"position\":3,\"name\":\"Maxi-Cosi Titan i-Size turvatool, Basic Blue\"}]},{\"@type\":\"WebSite\",\"@id\":\"https:\/\/beebipood.ee\/ru\/#website\",\"url\":\"https:\/\/beebipood.ee\/ru\/\",\"name\":\"Beebipood\",\"description\":\"Lastekaubad, beebikaubad, m\u00e4nguasjad\",\"publisher\":{\"@id\":\"https:\/\/beebipood.ee\/ru\/#organization\"},\"potentialAction\":[{\"@type\":\"SearchAction\",\"target\":{\"@type\":\"EntryPoint\",\"urlTemplate\":\"https:\/\/beebipood.ee\/ru\/?s={search_term_string}\"},\"query-input\":{\"@type\":\"PropertyValueSpecification\",\"valueRequired\":true,\"valueName\":\"search_term_string\"}}],\"inLanguage\":\"ru-RU\"},{\"@type\":\"Organization\",\"@id\":\"https:\/\/beebipood.ee\/ru\/#organization\",\"name\":\"Beebipood\",\"url\":\"https:\/\/beebipood.ee\/ru\/\",\"logo\":{\"@type\":\"ImageObject\",\"inLanguage\":\"ru-RU\",\"@id\":\"https:\/\/beebipood.ee\/ru\/#\/schema\/logo\/image\/\",\"url\":\"https:\/\/beebipood.ee\/wp-content\/uploads\/2025\/03\/beebipood.ee-logo-1.svg\",\"contentUrl\":\"https:\/\/beebipood.ee\/wp-content\/uploads\/2025\/03\/beebipood.ee-logo-1.svg\",\"caption\":\"Beebipood\"},\"image\":{\"@id\":\"https:\/\/beebipood.ee\/ru\/#\/schema\/logo\/image\/\"}}]}<\/script>\n<!-- \/ Yoast SEO plugin. -->","yoast_head_json":{"title":"Maxi-Cosi Titan i-Size turvatool, Basic Blue, \u041d\u041e\u0412\u042b\u0415 \u0422\u041e\u0412\u0410\u0420\u042b, \u0410\u0432\u0442\u043e\u043a\u0440\u0435\u0441\u043b\u0430, \u043b\u044e\u043b\u044c\u043a\u0438, \u0410\u0432\u0442\u043e\u043a\u0440\u0435\u0441\u043b\u0430 9-36 \u043a\u0433, \u0421\u043d\u0430\u0440\u044f\u0436\u0435\u043d\u0438\u044f \u0431\u0435\u0437\u043e\u043f\u0430\u0441\u043d\u043e\u0441\u0442\u0438, Maxi-Cosi -15%, Beebipood","description":"Maxi-Cosi Titan i-Size turvatool, Basic Blue, Titan i-Size - loodud kaitsma ja kestma!Mitmele vanusegrupile m&otilde;eldud Maxi-Cosi Titan i-Size turva","robots":{"index":"index","follow":"follow","max-snippet":"max-snippet:-1","max-image-preview":"max-image-preview:large","max-video-preview":"max-video-preview:-1"},"canonical":"https:\/\/beebipood.ee\/ru\/produkt\/maxi-cosi-titan-i-size-turvatool-basic-blue\/","og_locale":"ru_RU","og_type":"article","og_title":"Maxi-Cosi Titan i-Size turvatool, Basic Blue, \u041d\u041e\u0412\u042b\u0415 \u0422\u041e\u0412\u0410\u0420\u042b, \u0410\u0432\u0442\u043e\u043a\u0440\u0435\u0441\u043b\u0430, \u043b\u044e\u043b\u044c\u043a\u0438, \u0410\u0432\u0442\u043e\u043a\u0440\u0435\u0441\u043b\u0430 9-36 \u043a\u0433, \u0421\u043d\u0430\u0440\u044f\u0436\u0435\u043d\u0438\u044f \u0431\u0435\u0437\u043e\u043f\u0430\u0441\u043d\u043e\u0441\u0442\u0438, Maxi-Cosi -15%, Beebipood","og_description":"Maxi-Cosi Titan i-Size turvatool, Basic Blue, Titan i-Size - loodud kaitsma ja kestma!Mitmele vanusegrupile m&otilde;eldud Maxi-Cosi Titan i-Size turva","og_url":"https:\/\/beebipood.ee\/ru\/produkt\/maxi-cosi-titan-i-size-turvatool-basic-blue\/","og_site_name":"Beebipood","article_modified_time":"2025-01-09T08:49:15+00:00","og_image":[{"width":1062,"height":1200,"url":"https:\/\/beebipood.ee\/wp-content\/uploads\/2018\/05\/MaxiCosi-Titan-iSize-turvatool-Basic-Blue-Turvatoolid-hallid-Turvahallid-Turvavarustus-MaxiCosi-15_7-a8b.jpg","type":"image\/jpeg"}],"twitter_card":"summary_large_image","twitter_misc":{"\u041f\u0440\u0438\u043c\u0435\u0440\u043d\u043e\u0435 \u0432\u0440\u0435\u043c\u044f \u0434\u043b\u044f \u0447\u0442\u0435\u043d\u0438\u044f":"1 \u043c\u0438\u043d\u0443\u0442\u0430"},"schema":{"@context":"https:\/\/schema.org","@graph":[{"@type":"WebPage","@id":"https:\/\/beebipood.ee\/ru\/produkt\/maxi-cosi-titan-i-size-turvatool-basic-blue\/","url":"https:\/\/beebipood.ee\/ru\/produkt\/maxi-cosi-titan-i-size-turvatool-basic-blue\/","name":"Maxi-Cosi Titan i-Size turvatool, Basic Blue, \u041d\u041e\u0412\u042b\u0415 \u0422\u041e\u0412\u0410\u0420\u042b, \u0410\u0432\u0442\u043e\u043a\u0440\u0435\u0441\u043b\u0430, \u043b\u044e\u043b\u044c\u043a\u0438, \u0410\u0432\u0442\u043e\u043a\u0440\u0435\u0441\u043b\u0430 9-36 \u043a\u0433, \u0421\u043d\u0430\u0440\u044f\u0436\u0435\u043d\u0438\u044f \u0431\u0435\u0437\u043e\u043f\u0430\u0441\u043d\u043e\u0441\u0442\u0438, Maxi-Cosi -15%, Beebipood","isPartOf":{"@id":"https:\/\/beebipood.ee\/ru\/#website"},"primaryImageOfPage":{"@id":"https:\/\/beebipood.ee\/ru\/produkt\/maxi-cosi-titan-i-size-turvatool-basic-blue\/#primaryimage"},"image":{"@id":"https:\/\/beebipood.ee\/ru\/produkt\/maxi-cosi-titan-i-size-turvatool-basic-blue\/#primaryimage"},"thumbnailUrl":"https:\/\/beebipood.ee\/wp-content\/uploads\/2018\/05\/MaxiCosi-Titan-iSize-turvatool-Basic-Blue-Turvatoolid-hallid-Turvahallid-Turvavarustus-MaxiCosi-15_7-a8b.jpg","datePublished":"2018-05-16T07:36:29+00:00","dateModified":"2025-01-09T08:49:15+00:00","description":"Maxi-Cosi Titan i-Size turvatool, Basic Blue, Titan i-Size - loodud kaitsma ja kestma!Mitmele vanusegrupile m&otilde;eldud Maxi-Cosi Titan i-Size turva","breadcrumb":{"@id":"https:\/\/beebipood.ee\/ru\/produkt\/maxi-cosi-titan-i-size-turvatool-basic-blue\/#breadcrumb"},"inLanguage":"ru-RU","potentialAction":[{"@type":"ReadAction","target":["https:\/\/beebipood.ee\/ru\/produkt\/maxi-cosi-titan-i-size-turvatool-basic-blue\/"]}]},{"@type":"ImageObject","inLanguage":"ru-RU","@id":"https:\/\/beebipood.ee\/ru\/produkt\/maxi-cosi-titan-i-size-turvatool-basic-blue\/#primaryimage","url":"https:\/\/beebipood.ee\/wp-content\/uploads\/2018\/05\/MaxiCosi-Titan-iSize-turvatool-Basic-Blue-Turvatoolid-hallid-Turvahallid-Turvavarustus-MaxiCosi-15_7-a8b.jpg","contentUrl":"https:\/\/beebipood.ee\/wp-content\/uploads\/2018\/05\/MaxiCosi-Titan-iSize-turvatool-Basic-Blue-Turvatoolid-hallid-Turvahallid-Turvavarustus-MaxiCosi-15_7-a8b.jpg","width":1062,"height":1200},{"@type":"BreadcrumbList","@id":"https:\/\/beebipood.ee\/ru\/produkt\/maxi-cosi-titan-i-size-turvatool-basic-blue\/#breadcrumb","itemListElement":[{"@type":"ListItem","position":1,"name":"Home","item":"https:\/\/beebipood.ee\/ru\/"},{"@type":"ListItem","position":2,"name":"\u041a\u0430\u0442\u0430\u043b\u043e\u0433 \u0442\u043e\u0432\u0430\u0440\u043e\u0432","item":"https:\/\/beebipood.ee\/tooted\/"},{"@type":"ListItem","position":3,"name":"Maxi-Cosi Titan i-Size turvatool, Basic Blue"}]},{"@type":"WebSite","@id":"https:\/\/beebipood.ee\/ru\/#website","url":"https:\/\/beebipood.ee\/ru\/","name":"Beebipood","description":"Lastekaubad, beebikaubad, m\u00e4nguasjad","publisher":{"@id":"https:\/\/beebipood.ee\/ru\/#organization"},"potentialAction":[{"@type":"SearchAction","target":{"@type":"EntryPoint","urlTemplate":"https:\/\/beebipood.ee\/ru\/?s={search_term_string}"},"query-input":{"@type":"PropertyValueSpecification","valueRequired":true,"valueName":"search_term_string"}}],"inLanguage":"ru-RU"},{"@type":"Organization","@id":"https:\/\/beebipood.ee\/ru\/#organization","name":"Beebipood","url":"https:\/\/beebipood.ee\/ru\/","logo":{"@type":"ImageObject","inLanguage":"ru-RU","@id":"https:\/\/beebipood.ee\/ru\/#\/schema\/logo\/image\/","url":"https:\/\/beebipood.ee\/wp-content\/uploads\/2025\/03\/beebipood.ee-logo-1.svg","contentUrl":"https:\/\/beebipood.ee\/wp-content\/uploads\/2025\/03\/beebipood.ee-logo-1.svg","caption":"Beebipood"},"image":{"@id":"https:\/\/beebipood.ee\/ru\/#\/schema\/logo\/image\/"}}]}},"brands":[{"id":11961,"name":"Maxi-Cosi","slug":"maxi-cosi-ru"}],"_links":{"self":[{"href":"https:\/\/beebipood.ee\/ru\/wp-json\/wp\/v2\/product\/458117","targetHints":{"allow":["GET"]}}],"collection":[{"href":"https:\/\/beebipood.ee\/ru\/wp-json\/wp\/v2\/product"}],"about":[{"href":"https:\/\/beebipood.ee\/ru\/wp-json\/wp\/v2\/types\/product"}],"wp:featuredmedia":[{"embeddable":true,"href":"https:\/\/beebipood.ee\/ru\/wp-json\/wp\/v2\/media\/123442"}],"wp:attachment":[{"href":"https:\/\/beebipood.ee\/ru\/wp-json\/wp\/v2\/media?parent=458117"}],"wp:term":[{"taxonomy":"pwb-brand","embeddable":true,"href":"https:\/\/beebipood.ee\/ru\/wp-json\/wp\/v2\/pwb-brand?post=458117"},{"taxonomy":"product_brand","embeddable":true,"href":"https:\/\/beebipood.ee\/ru\/wp-json\/wp\/v2\/product_brand?post=458117"},{"taxonomy":"product_cat","embeddable":true,"href":"https:\/\/beebipood.ee\/ru\/wp-json\/wp\/v2\/product_cat?post=458117"},{"taxonomy":"product_tag","embeddable":true,"href":"https:\/\/beebipood.ee\/ru\/wp-json\/wp\/v2\/product_tag?post=458117"}],"curies":[{"name":"wp","href":"https:\/\/api.w.org\/{rel}","templated":true}]}}