{"id":458125,"date":"2018-05-16T11:25:10","date_gmt":"2018-05-16T08:25:10","guid":{"rendered":"https:\/\/beebipood.ee\/toode\/maxi-cosi-familyfix-alus\/"},"modified":"2025-01-09T10:49:14","modified_gmt":"2025-01-09T08:49:14","slug":"maxi-cosi-familyfix-alus","status":"publish","type":"product","link":"https:\/\/beebipood.ee\/ru\/produkt\/maxi-cosi-familyfix-alus\/","title":{"rendered":"Maxi-Cosi FamilyFix alus"},"content":{"rendered":"<p><strong>Maxi-Cosi FamilyFix<\/strong> on ISOFIX kinnitustega alus, mis pakub suurep\u00e4rast turvalisust <br \/>ja mugavust lapse s\u00fcnnist kuni ca. 4. eluaastani.<br \/>See alus on osa FamilyFix kollektisoonist koos Pebble turvah\u00e4lli ja Pearl turvatooliga, <br \/>pakkudes turvalist lahendust s\u00fcnnist kuni ca. 4. eluaastani. <br \/>T\u00e4nu muudetavale istmeasendile, pakub see alus optimaalset mugavust lapsele <br \/>nii turvah\u00e4llis kui ka turvatoolis.<br \/><span style=\"text-decoration: underline;\">Kasutajamugavus<\/span><br \/>V\u00e4ga lihtne &#171;click-and-go&#187; kinnitus CabrioFix ja Pebble turvah\u00e4llidele <br \/>kui ka Pearl turvatoolile<br \/><span style=\"text-decoration: underline;\">Mugavus<\/span><br \/>5 lihtsasti muudetavat asendit: istumiseks ja magamiseks<br \/>K\u00f5ige p\u00fcstisemas asendis on teil v\u00f5imalik last turvah\u00e4llis hoida seljaga s\u00f5idusuunas veelgi kauem<br \/><span style=\"text-decoration: underline;\">Turvalisus<\/span><br \/>ISOFIX kinnitused pakuvad k\u00f5ige turvalisemat, <br \/>lihtsamat ja kiiremat lahendust turvah\u00e4lli\/turvatooli kinnitamiseks<br \/>Interaktiivsed heli- ja visuaalsignaalid annavad tagasiside korrektse kinnitamise kohta. <br \/>See v\u00e4hendab v\u00f5imalust valesti paigaldamiseks<br \/>Suurep\u00e4rased testitulemused koos Maxi-Cosi Pebble, Maxi-Cosi CabrioFix turvah\u00e4lli <br \/>ja Maxi-Cosi Pearl turvatooliga<br \/><span style=\"text-decoration: underline;\">\u00dcldine<\/span><br \/>Sobib kasutamiseks kuni ca. 4 aastat koos Pebble, CabrioFix ja Pearl toodetega<br \/>FamilyFix alus sobib enamus autodesse, kus on ISOFIX kinnitused<br \/>Komplektis kaasas 2 varu tulukest, mida saab vajadusel vahetada<br \/><span style=\"text-decoration: underline;\">N\u00e4itajad<\/span><br \/>Kaal 6,85kg<br \/>M\u00f5\u00f5dud: 34,5 x 57,5-61 x 18cm (laius, pikkus, k\u00f5rgus)<\/p>\n","protected":false},"excerpt":{"rendered":"<p>Maxi-Cosi FamilyFix on ISOFIX kinnitustega alus, mis pakub suurep\u00e4rast turvalisust ja mugavust lapse s\u00fcnnist kuni ca. 4. eluaastani.See alus on osa FamilyFix kollektisoonist koos Pebble turvah\u00e4lli ja Pearl turvatooliga, pakkudes turvalist lahendust s\u00fcnnist kuni ca. 4. eluaastani. T\u00e4nu muudetavale istmeasendile, pakub see alus optimaalset mugavust lapsele nii turvah\u00e4llis kui ka turvatoolis.KasutajamugavusV\u00e4ga lihtne &#171;click-and-go&#187; kinnitus CabrioFix [&hellip;]<\/p>\n","protected":false},"featured_media":123521,"template":"","meta":{"_acf_changed":false},"pwb-brand":[11961],"product_brand":[],"product_cat":[11727,11797,11791],"product_tag":[],"class_list":{"0":"post-458125","1":"product","2":"type-product","3":"status-publish","4":"has-post-thumbnail","6":"pwb-brand-maxi-cosi-ru","7":"product_cat-turvatoolid-hallid-ru","8":"product_cat-lisatarvikud-ru-1","9":"product_cat-turvavarustus-ru","10":"pa_manufacturer-maxi_cosi-ru","12":"first","13":"onbackorder","14":"taxable","15":"shipping-taxable","16":"purchasable","17":"product-type-simple"},"exclude_global_add_ons":[],"addons":[],"acf":[],"yoast_head":"<!-- This site is optimized with the Yoast SEO plugin v27.1.1 - https:\/\/yoast.com\/product\/yoast-seo-wordpress\/ -->\n<title>Maxi-Cosi FamilyFix alus, \u0410\u0432\u0442\u043e\u043a\u0440\u0435\u0441\u043b\u0430, \u043b\u044e\u043b\u044c\u043a\u0438, \u0421\u043d\u0430\u0440\u044f\u0436\u0435\u043d\u0438\u044f \u0431\u0435\u0437\u043e\u043f\u0430\u0441\u043d\u043e\u0441\u0442\u0438, \u0410\u043a\u0441\u0435\u0441\u0441\u0443\u0430\u0440\u044b, Beebipood<\/title>\n<meta name=\"description\" content=\"Maxi-Cosi FamilyFix alus, Maxi-Cosi FamilyFix on ISOFIX kinnitustega alus, mis pakub suurep&auml;rast turvalisust ja mugavust lapse s&amp;\" \/>\n<meta name=\"robots\" content=\"index, follow, max-snippet:-1, max-image-preview:large, max-video-preview:-1\" \/>\n<link rel=\"canonical\" href=\"https:\/\/beebipood.ee\/ru\/produkt\/maxi-cosi-familyfix-alus\/\" \/>\n<meta property=\"og:locale\" content=\"ru_RU\" \/>\n<meta property=\"og:type\" content=\"article\" \/>\n<meta property=\"og:title\" content=\"Maxi-Cosi FamilyFix alus, \u0410\u0432\u0442\u043e\u043a\u0440\u0435\u0441\u043b\u0430, \u043b\u044e\u043b\u044c\u043a\u0438, \u0421\u043d\u0430\u0440\u044f\u0436\u0435\u043d\u0438\u044f \u0431\u0435\u0437\u043e\u043f\u0430\u0441\u043d\u043e\u0441\u0442\u0438, \u0410\u043a\u0441\u0435\u0441\u0441\u0443\u0430\u0440\u044b, Beebipood\" \/>\n<meta property=\"og:description\" content=\"Maxi-Cosi FamilyFix alus, Maxi-Cosi FamilyFix on ISOFIX kinnitustega alus, mis pakub suurep&auml;rast turvalisust ja mugavust lapse s&amp;\" \/>\n<meta property=\"og:url\" content=\"https:\/\/beebipood.ee\/ru\/produkt\/maxi-cosi-familyfix-alus\/\" \/>\n<meta property=\"og:site_name\" content=\"Beebipood\" \/>\n<meta property=\"article:modified_time\" content=\"2025-01-09T08:49:14+00:00\" \/>\n<meta property=\"og:image\" content=\"https:\/\/beebipood.ee\/wp-content\/uploads\/2018\/05\/MaxiCosi-FamilyFix-alus-UUED-TOOTED-Turvatoolid-hallid-Turvavarustus-Lisatarvikud_1-bfa.jpg\" \/>\n\t<meta property=\"og:image:width\" content=\"1417\" \/>\n\t<meta property=\"og:image:height\" content=\"1134\" \/>\n\t<meta property=\"og:image:type\" content=\"image\/jpeg\" \/>\n<meta name=\"twitter:card\" content=\"summary_large_image\" \/>\n<meta name=\"twitter:label1\" content=\"\u041f\u0440\u0438\u043c\u0435\u0440\u043d\u043e\u0435 \u0432\u0440\u0435\u043c\u044f \u0434\u043b\u044f \u0447\u0442\u0435\u043d\u0438\u044f\" \/>\n\t<meta name=\"twitter:data1\" content=\"1 \u043c\u0438\u043d\u0443\u0442\u0430\" \/>\n<script type=\"application\/ld+json\" class=\"yoast-schema-graph\">{\"@context\":\"https:\/\/schema.org\",\"@graph\":[{\"@type\":\"WebPage\",\"@id\":\"https:\/\/beebipood.ee\/ru\/produkt\/maxi-cosi-familyfix-alus\/\",\"url\":\"https:\/\/beebipood.ee\/ru\/produkt\/maxi-cosi-familyfix-alus\/\",\"name\":\"Maxi-Cosi FamilyFix alus, \u0410\u0432\u0442\u043e\u043a\u0440\u0435\u0441\u043b\u0430, \u043b\u044e\u043b\u044c\u043a\u0438, \u0421\u043d\u0430\u0440\u044f\u0436\u0435\u043d\u0438\u044f \u0431\u0435\u0437\u043e\u043f\u0430\u0441\u043d\u043e\u0441\u0442\u0438, \u0410\u043a\u0441\u0435\u0441\u0441\u0443\u0430\u0440\u044b, Beebipood\",\"isPartOf\":{\"@id\":\"https:\/\/beebipood.ee\/ru\/#website\"},\"primaryImageOfPage\":{\"@id\":\"https:\/\/beebipood.ee\/ru\/produkt\/maxi-cosi-familyfix-alus\/#primaryimage\"},\"image\":{\"@id\":\"https:\/\/beebipood.ee\/ru\/produkt\/maxi-cosi-familyfix-alus\/#primaryimage\"},\"thumbnailUrl\":\"https:\/\/beebipood.ee\/wp-content\/uploads\/2018\/05\/MaxiCosi-FamilyFix-alus-UUED-TOOTED-Turvatoolid-hallid-Turvavarustus-Lisatarvikud_1-bfa.jpg\",\"datePublished\":\"2018-05-16T08:25:10+00:00\",\"dateModified\":\"2025-01-09T08:49:14+00:00\",\"description\":\"Maxi-Cosi FamilyFix alus, Maxi-Cosi FamilyFix on ISOFIX kinnitustega alus, mis pakub suurep&auml;rast turvalisust ja mugavust lapse s&\",\"breadcrumb\":{\"@id\":\"https:\/\/beebipood.ee\/ru\/produkt\/maxi-cosi-familyfix-alus\/#breadcrumb\"},\"inLanguage\":\"ru-RU\",\"potentialAction\":[{\"@type\":\"ReadAction\",\"target\":[\"https:\/\/beebipood.ee\/ru\/produkt\/maxi-cosi-familyfix-alus\/\"]}]},{\"@type\":\"ImageObject\",\"inLanguage\":\"ru-RU\",\"@id\":\"https:\/\/beebipood.ee\/ru\/produkt\/maxi-cosi-familyfix-alus\/#primaryimage\",\"url\":\"https:\/\/beebipood.ee\/wp-content\/uploads\/2018\/05\/MaxiCosi-FamilyFix-alus-UUED-TOOTED-Turvatoolid-hallid-Turvavarustus-Lisatarvikud_1-bfa.jpg\",\"contentUrl\":\"https:\/\/beebipood.ee\/wp-content\/uploads\/2018\/05\/MaxiCosi-FamilyFix-alus-UUED-TOOTED-Turvatoolid-hallid-Turvavarustus-Lisatarvikud_1-bfa.jpg\",\"width\":1417,\"height\":1134},{\"@type\":\"BreadcrumbList\",\"@id\":\"https:\/\/beebipood.ee\/ru\/produkt\/maxi-cosi-familyfix-alus\/#breadcrumb\",\"itemListElement\":[{\"@type\":\"ListItem\",\"position\":1,\"name\":\"Home\",\"item\":\"https:\/\/beebipood.ee\/ru\/\"},{\"@type\":\"ListItem\",\"position\":2,\"name\":\"\u041a\u0430\u0442\u0430\u043b\u043e\u0433 \u0442\u043e\u0432\u0430\u0440\u043e\u0432\",\"item\":\"https:\/\/beebipood.ee\/tooted\/\"},{\"@type\":\"ListItem\",\"position\":3,\"name\":\"Maxi-Cosi FamilyFix alus\"}]},{\"@type\":\"WebSite\",\"@id\":\"https:\/\/beebipood.ee\/ru\/#website\",\"url\":\"https:\/\/beebipood.ee\/ru\/\",\"name\":\"Beebipood\",\"description\":\"Lastekaubad, beebikaubad, m\u00e4nguasjad\",\"publisher\":{\"@id\":\"https:\/\/beebipood.ee\/ru\/#organization\"},\"potentialAction\":[{\"@type\":\"SearchAction\",\"target\":{\"@type\":\"EntryPoint\",\"urlTemplate\":\"https:\/\/beebipood.ee\/ru\/?s={search_term_string}\"},\"query-input\":{\"@type\":\"PropertyValueSpecification\",\"valueRequired\":true,\"valueName\":\"search_term_string\"}}],\"inLanguage\":\"ru-RU\"},{\"@type\":\"Organization\",\"@id\":\"https:\/\/beebipood.ee\/ru\/#organization\",\"name\":\"Beebipood\",\"url\":\"https:\/\/beebipood.ee\/ru\/\",\"logo\":{\"@type\":\"ImageObject\",\"inLanguage\":\"ru-RU\",\"@id\":\"https:\/\/beebipood.ee\/ru\/#\/schema\/logo\/image\/\",\"url\":\"https:\/\/beebipood.ee\/wp-content\/uploads\/2025\/03\/beebipood.ee-logo-1.svg\",\"contentUrl\":\"https:\/\/beebipood.ee\/wp-content\/uploads\/2025\/03\/beebipood.ee-logo-1.svg\",\"caption\":\"Beebipood\"},\"image\":{\"@id\":\"https:\/\/beebipood.ee\/ru\/#\/schema\/logo\/image\/\"}}]}<\/script>\n<!-- \/ Yoast SEO plugin. -->","yoast_head_json":{"title":"Maxi-Cosi FamilyFix alus, \u0410\u0432\u0442\u043e\u043a\u0440\u0435\u0441\u043b\u0430, \u043b\u044e\u043b\u044c\u043a\u0438, \u0421\u043d\u0430\u0440\u044f\u0436\u0435\u043d\u0438\u044f \u0431\u0435\u0437\u043e\u043f\u0430\u0441\u043d\u043e\u0441\u0442\u0438, \u0410\u043a\u0441\u0435\u0441\u0441\u0443\u0430\u0440\u044b, Beebipood","description":"Maxi-Cosi FamilyFix alus, Maxi-Cosi FamilyFix on ISOFIX kinnitustega alus, mis pakub suurep&auml;rast turvalisust ja mugavust lapse s&","robots":{"index":"index","follow":"follow","max-snippet":"max-snippet:-1","max-image-preview":"max-image-preview:large","max-video-preview":"max-video-preview:-1"},"canonical":"https:\/\/beebipood.ee\/ru\/produkt\/maxi-cosi-familyfix-alus\/","og_locale":"ru_RU","og_type":"article","og_title":"Maxi-Cosi FamilyFix alus, \u0410\u0432\u0442\u043e\u043a\u0440\u0435\u0441\u043b\u0430, \u043b\u044e\u043b\u044c\u043a\u0438, \u0421\u043d\u0430\u0440\u044f\u0436\u0435\u043d\u0438\u044f \u0431\u0435\u0437\u043e\u043f\u0430\u0441\u043d\u043e\u0441\u0442\u0438, \u0410\u043a\u0441\u0435\u0441\u0441\u0443\u0430\u0440\u044b, Beebipood","og_description":"Maxi-Cosi FamilyFix alus, Maxi-Cosi FamilyFix on ISOFIX kinnitustega alus, mis pakub suurep&auml;rast turvalisust ja mugavust lapse s&","og_url":"https:\/\/beebipood.ee\/ru\/produkt\/maxi-cosi-familyfix-alus\/","og_site_name":"Beebipood","article_modified_time":"2025-01-09T08:49:14+00:00","og_image":[{"width":1417,"height":1134,"url":"https:\/\/beebipood.ee\/wp-content\/uploads\/2018\/05\/MaxiCosi-FamilyFix-alus-UUED-TOOTED-Turvatoolid-hallid-Turvavarustus-Lisatarvikud_1-bfa.jpg","type":"image\/jpeg"}],"twitter_card":"summary_large_image","twitter_misc":{"\u041f\u0440\u0438\u043c\u0435\u0440\u043d\u043e\u0435 \u0432\u0440\u0435\u043c\u044f \u0434\u043b\u044f \u0447\u0442\u0435\u043d\u0438\u044f":"1 \u043c\u0438\u043d\u0443\u0442\u0430"},"schema":{"@context":"https:\/\/schema.org","@graph":[{"@type":"WebPage","@id":"https:\/\/beebipood.ee\/ru\/produkt\/maxi-cosi-familyfix-alus\/","url":"https:\/\/beebipood.ee\/ru\/produkt\/maxi-cosi-familyfix-alus\/","name":"Maxi-Cosi FamilyFix alus, \u0410\u0432\u0442\u043e\u043a\u0440\u0435\u0441\u043b\u0430, \u043b\u044e\u043b\u044c\u043a\u0438, \u0421\u043d\u0430\u0440\u044f\u0436\u0435\u043d\u0438\u044f \u0431\u0435\u0437\u043e\u043f\u0430\u0441\u043d\u043e\u0441\u0442\u0438, \u0410\u043a\u0441\u0435\u0441\u0441\u0443\u0430\u0440\u044b, Beebipood","isPartOf":{"@id":"https:\/\/beebipood.ee\/ru\/#website"},"primaryImageOfPage":{"@id":"https:\/\/beebipood.ee\/ru\/produkt\/maxi-cosi-familyfix-alus\/#primaryimage"},"image":{"@id":"https:\/\/beebipood.ee\/ru\/produkt\/maxi-cosi-familyfix-alus\/#primaryimage"},"thumbnailUrl":"https:\/\/beebipood.ee\/wp-content\/uploads\/2018\/05\/MaxiCosi-FamilyFix-alus-UUED-TOOTED-Turvatoolid-hallid-Turvavarustus-Lisatarvikud_1-bfa.jpg","datePublished":"2018-05-16T08:25:10+00:00","dateModified":"2025-01-09T08:49:14+00:00","description":"Maxi-Cosi FamilyFix alus, Maxi-Cosi FamilyFix on ISOFIX kinnitustega alus, mis pakub suurep&auml;rast turvalisust ja mugavust lapse s&","breadcrumb":{"@id":"https:\/\/beebipood.ee\/ru\/produkt\/maxi-cosi-familyfix-alus\/#breadcrumb"},"inLanguage":"ru-RU","potentialAction":[{"@type":"ReadAction","target":["https:\/\/beebipood.ee\/ru\/produkt\/maxi-cosi-familyfix-alus\/"]}]},{"@type":"ImageObject","inLanguage":"ru-RU","@id":"https:\/\/beebipood.ee\/ru\/produkt\/maxi-cosi-familyfix-alus\/#primaryimage","url":"https:\/\/beebipood.ee\/wp-content\/uploads\/2018\/05\/MaxiCosi-FamilyFix-alus-UUED-TOOTED-Turvatoolid-hallid-Turvavarustus-Lisatarvikud_1-bfa.jpg","contentUrl":"https:\/\/beebipood.ee\/wp-content\/uploads\/2018\/05\/MaxiCosi-FamilyFix-alus-UUED-TOOTED-Turvatoolid-hallid-Turvavarustus-Lisatarvikud_1-bfa.jpg","width":1417,"height":1134},{"@type":"BreadcrumbList","@id":"https:\/\/beebipood.ee\/ru\/produkt\/maxi-cosi-familyfix-alus\/#breadcrumb","itemListElement":[{"@type":"ListItem","position":1,"name":"Home","item":"https:\/\/beebipood.ee\/ru\/"},{"@type":"ListItem","position":2,"name":"\u041a\u0430\u0442\u0430\u043b\u043e\u0433 \u0442\u043e\u0432\u0430\u0440\u043e\u0432","item":"https:\/\/beebipood.ee\/tooted\/"},{"@type":"ListItem","position":3,"name":"Maxi-Cosi FamilyFix alus"}]},{"@type":"WebSite","@id":"https:\/\/beebipood.ee\/ru\/#website","url":"https:\/\/beebipood.ee\/ru\/","name":"Beebipood","description":"Lastekaubad, beebikaubad, m\u00e4nguasjad","publisher":{"@id":"https:\/\/beebipood.ee\/ru\/#organization"},"potentialAction":[{"@type":"SearchAction","target":{"@type":"EntryPoint","urlTemplate":"https:\/\/beebipood.ee\/ru\/?s={search_term_string}"},"query-input":{"@type":"PropertyValueSpecification","valueRequired":true,"valueName":"search_term_string"}}],"inLanguage":"ru-RU"},{"@type":"Organization","@id":"https:\/\/beebipood.ee\/ru\/#organization","name":"Beebipood","url":"https:\/\/beebipood.ee\/ru\/","logo":{"@type":"ImageObject","inLanguage":"ru-RU","@id":"https:\/\/beebipood.ee\/ru\/#\/schema\/logo\/image\/","url":"https:\/\/beebipood.ee\/wp-content\/uploads\/2025\/03\/beebipood.ee-logo-1.svg","contentUrl":"https:\/\/beebipood.ee\/wp-content\/uploads\/2025\/03\/beebipood.ee-logo-1.svg","caption":"Beebipood"},"image":{"@id":"https:\/\/beebipood.ee\/ru\/#\/schema\/logo\/image\/"}}]}},"brands":[{"id":11961,"name":"Maxi-Cosi","slug":"maxi-cosi-ru"}],"_links":{"self":[{"href":"https:\/\/beebipood.ee\/ru\/wp-json\/wp\/v2\/product\/458125","targetHints":{"allow":["GET"]}}],"collection":[{"href":"https:\/\/beebipood.ee\/ru\/wp-json\/wp\/v2\/product"}],"about":[{"href":"https:\/\/beebipood.ee\/ru\/wp-json\/wp\/v2\/types\/product"}],"wp:featuredmedia":[{"embeddable":true,"href":"https:\/\/beebipood.ee\/ru\/wp-json\/wp\/v2\/media\/123521"}],"wp:attachment":[{"href":"https:\/\/beebipood.ee\/ru\/wp-json\/wp\/v2\/media?parent=458125"}],"wp:term":[{"taxonomy":"pwb-brand","embeddable":true,"href":"https:\/\/beebipood.ee\/ru\/wp-json\/wp\/v2\/pwb-brand?post=458125"},{"taxonomy":"product_brand","embeddable":true,"href":"https:\/\/beebipood.ee\/ru\/wp-json\/wp\/v2\/product_brand?post=458125"},{"taxonomy":"product_cat","embeddable":true,"href":"https:\/\/beebipood.ee\/ru\/wp-json\/wp\/v2\/product_cat?post=458125"},{"taxonomy":"product_tag","embeddable":true,"href":"https:\/\/beebipood.ee\/ru\/wp-json\/wp\/v2\/product_tag?post=458125"}],"curies":[{"name":"wp","href":"https:\/\/api.w.org\/{rel}","templated":true}]}}