{"id":458127,"date":"2018-05-16T11:30:50","date_gmt":"2018-05-16T08:30:50","guid":{"rendered":"https:\/\/beebipood.ee\/toode\/thule-summer-seat-liner-soft-gray\/"},"modified":"2025-01-09T10:49:14","modified_gmt":"2025-01-09T08:49:14","slug":"thule-summer-seat-liner-soft-gray","status":"publish","type":"product","link":"https:\/\/beebipood.ee\/ru\/produkt\/thule-summer-seat-liner-soft-gray\/","title":{"rendered":"Thule Summer Seat Liner, Soft Gray"},"content":{"rendered":"<p>Hingavad materjalid.<br \/>M\u00f5lemapoolseks kasutamiseks, \u00fcmberp\u00f6\u00f6ratav.<br \/>Kerge, \u00f5hku l\u00e4bilaskev vooder tagab teie lapse mugavuse soojade ilmadega.<br \/>\u00d5hku l\u00e4bilaskvad materjalid ja niiskust t\u00f5rjuvad kangad tagavad \u00fclima mugavuse.<br \/>\u00dcmberp\u00f6\u00f6ramist v\u00f5imaldav disain lubab kahel viisil kasutamist ja toimimist.<br \/>Kerge konstruktsioon sobitub h\u00f5lpsalt lapsevankri istmele.<br \/>Masinpestav ja seet\u00f5ttu kergesti puhastatav.<br \/>Lihtne paigaldada ja sobib k\u00f5igile Thule vankritele.<br \/>Kaitseb Thule jalutusk\u00e4ru pritsmete ja mustuse eest.<\/p>\n","protected":false},"excerpt":{"rendered":"<p>Hingavad materjalid.M\u00f5lemapoolseks kasutamiseks, \u00fcmberp\u00f6\u00f6ratav.Kerge, \u00f5hku l\u00e4bilaskev vooder tagab teie lapse mugavuse soojade ilmadega.\u00d5hku l\u00e4bilaskvad materjalid ja niiskust t\u00f5rjuvad kangad tagavad \u00fclima mugavuse.\u00dcmberp\u00f6\u00f6ramist v\u00f5imaldav disain lubab kahel viisil kasutamist ja toimimist.Kerge konstruktsioon sobitub h\u00f5lpsalt lapsevankri istmele.Masinpestav ja seet\u00f5ttu kergesti puhastatav.Lihtne paigaldada ja sobib k\u00f5igile Thule vankritele.Kaitseb Thule jalutusk\u00e4ru pritsmete ja mustuse eest.<\/p>\n","protected":false},"featured_media":123539,"template":"","meta":{"_acf_changed":false},"pwb-brand":[11980],"product_brand":[],"product_cat":[11847,11849,11851,11853,11725,11717,11825],"product_tag":[],"class_list":{"0":"post-458127","1":"product","2":"type-product","3":"status-publish","4":"has-post-thumbnail","6":"pwb-brand-thule-ru","7":"product_cat-thule-ru","8":"product_cat-thule-urban-glide-3-ru","9":"product_cat-thule-urban-glide-4-wheel-ru","10":"product_cat-thule-urban-glide-3-double-ru","11":"product_cat-lisatarvikud-ru","12":"product_cat-lastevankrid-ja-karud-ru","13":"product_cat-thule-glide-3-ru","14":"pa_manufacturer-thule-ru","16":"first","17":"instock","18":"taxable","19":"shipping-taxable","20":"purchasable","21":"product-type-simple"},"exclude_global_add_ons":[],"addons":[],"acf":[],"yoast_head":"<!-- This site is optimized with the Yoast SEO plugin v27.1.1 - https:\/\/yoast.com\/product\/yoast-seo-wordpress\/ -->\n<title>Thule Summer Seat Liner, Soft Gray, \u0421\u041a\u0418\u0414\u041a\u0418, \u041b\u043e\u0448\u0430\u0434\u043a\u0430-\u043a\u0430\u0447\u0430\u043b\u043a\u0430, \u041a\u043e\u043b\u044f\u0441\u043a\u0438, \u041f\u0440\u0438\u043d\u0430\u0434\u043b\u0435\u0436\u043d\u043e\u0441\u0442\u0438, Thule Urban Glide 2, THULE, Thule Urban Glide 3, Thule Urban Glide 4-wheel, Thule Urban Glide 3 Double , Beebipood<\/title>\n<meta name=\"description\" content=\"Thule Summer Seat Liner, Soft Gray, Hingavad materjalid.M&otilde;lemapoolseks kasutamiseks, &uuml;mberp&ouml;&ouml;ratav.Kerge, &otilde;hku l&amp;aum\" \/>\n<meta name=\"robots\" content=\"index, follow, max-snippet:-1, max-image-preview:large, max-video-preview:-1\" \/>\n<link rel=\"canonical\" href=\"https:\/\/beebipood.ee\/ru\/produkt\/thule-summer-seat-liner-soft-gray\/\" \/>\n<meta property=\"og:locale\" content=\"ru_RU\" \/>\n<meta property=\"og:type\" content=\"article\" \/>\n<meta property=\"og:title\" content=\"Thule Summer Seat Liner, Soft Gray, \u0421\u041a\u0418\u0414\u041a\u0418, \u041b\u043e\u0448\u0430\u0434\u043a\u0430-\u043a\u0430\u0447\u0430\u043b\u043a\u0430, \u041a\u043e\u043b\u044f\u0441\u043a\u0438, \u041f\u0440\u0438\u043d\u0430\u0434\u043b\u0435\u0436\u043d\u043e\u0441\u0442\u0438, Thule Urban Glide 2, THULE, Thule Urban Glide 3, Thule Urban Glide 4-wheel, Thule Urban Glide 3 Double , Beebipood\" \/>\n<meta property=\"og:description\" content=\"Thule Summer Seat Liner, Soft Gray, Hingavad materjalid.M&otilde;lemapoolseks kasutamiseks, &uuml;mberp&ouml;&ouml;ratav.Kerge, &otilde;hku l&amp;aum\" \/>\n<meta property=\"og:url\" content=\"https:\/\/beebipood.ee\/ru\/produkt\/thule-summer-seat-liner-soft-gray\/\" \/>\n<meta property=\"og:site_name\" content=\"Beebipood\" \/>\n<meta property=\"article:modified_time\" content=\"2025-01-09T08:49:14+00:00\" \/>\n<meta property=\"og:image\" content=\"https:\/\/beebipood.ee\/wp-content\/uploads\/2018\/05\/Thule-Summer-Seat-Liner-Soft-Gray-UUED-TOOTED-Lastevankrid-ja-karud-Lisavarustus-_2-f7c.jpg\" \/>\n\t<meta property=\"og:image:width\" content=\"709\" \/>\n\t<meta property=\"og:image:height\" content=\"709\" \/>\n\t<meta property=\"og:image:type\" content=\"image\/jpeg\" \/>\n<meta name=\"twitter:card\" content=\"summary_large_image\" \/>\n<script type=\"application\/ld+json\" class=\"yoast-schema-graph\">{\"@context\":\"https:\/\/schema.org\",\"@graph\":[{\"@type\":\"WebPage\",\"@id\":\"https:\/\/beebipood.ee\/ru\/produkt\/thule-summer-seat-liner-soft-gray\/\",\"url\":\"https:\/\/beebipood.ee\/ru\/produkt\/thule-summer-seat-liner-soft-gray\/\",\"name\":\"Thule Summer Seat Liner, Soft Gray, \u0421\u041a\u0418\u0414\u041a\u0418, \u041b\u043e\u0448\u0430\u0434\u043a\u0430-\u043a\u0430\u0447\u0430\u043b\u043a\u0430, \u041a\u043e\u043b\u044f\u0441\u043a\u0438, \u041f\u0440\u0438\u043d\u0430\u0434\u043b\u0435\u0436\u043d\u043e\u0441\u0442\u0438, Thule Urban Glide 2, THULE, Thule Urban Glide 3, Thule Urban Glide 4-wheel, Thule Urban Glide 3 Double , Beebipood\",\"isPartOf\":{\"@id\":\"https:\/\/beebipood.ee\/ru\/#website\"},\"primaryImageOfPage\":{\"@id\":\"https:\/\/beebipood.ee\/ru\/produkt\/thule-summer-seat-liner-soft-gray\/#primaryimage\"},\"image\":{\"@id\":\"https:\/\/beebipood.ee\/ru\/produkt\/thule-summer-seat-liner-soft-gray\/#primaryimage\"},\"thumbnailUrl\":\"https:\/\/beebipood.ee\/wp-content\/uploads\/2018\/05\/Thule-Summer-Seat-Liner-Soft-Gray-UUED-TOOTED-Lastevankrid-ja-karud-Lisavarustus-_2-f7c.jpg\",\"datePublished\":\"2018-05-16T08:30:50+00:00\",\"dateModified\":\"2025-01-09T08:49:14+00:00\",\"description\":\"Thule Summer Seat Liner, Soft Gray, Hingavad materjalid.M&otilde;lemapoolseks kasutamiseks, &uuml;mberp&ouml;&ouml;ratav.Kerge, &otilde;hku l&aum\",\"breadcrumb\":{\"@id\":\"https:\/\/beebipood.ee\/ru\/produkt\/thule-summer-seat-liner-soft-gray\/#breadcrumb\"},\"inLanguage\":\"ru-RU\",\"potentialAction\":[{\"@type\":\"ReadAction\",\"target\":[\"https:\/\/beebipood.ee\/ru\/produkt\/thule-summer-seat-liner-soft-gray\/\"]}]},{\"@type\":\"ImageObject\",\"inLanguage\":\"ru-RU\",\"@id\":\"https:\/\/beebipood.ee\/ru\/produkt\/thule-summer-seat-liner-soft-gray\/#primaryimage\",\"url\":\"https:\/\/beebipood.ee\/wp-content\/uploads\/2018\/05\/Thule-Summer-Seat-Liner-Soft-Gray-UUED-TOOTED-Lastevankrid-ja-karud-Lisavarustus-_2-f7c.jpg\",\"contentUrl\":\"https:\/\/beebipood.ee\/wp-content\/uploads\/2018\/05\/Thule-Summer-Seat-Liner-Soft-Gray-UUED-TOOTED-Lastevankrid-ja-karud-Lisavarustus-_2-f7c.jpg\",\"width\":709,\"height\":709},{\"@type\":\"BreadcrumbList\",\"@id\":\"https:\/\/beebipood.ee\/ru\/produkt\/thule-summer-seat-liner-soft-gray\/#breadcrumb\",\"itemListElement\":[{\"@type\":\"ListItem\",\"position\":1,\"name\":\"Home\",\"item\":\"https:\/\/beebipood.ee\/ru\/\"},{\"@type\":\"ListItem\",\"position\":2,\"name\":\"\u041a\u0430\u0442\u0430\u043b\u043e\u0433 \u0442\u043e\u0432\u0430\u0440\u043e\u0432\",\"item\":\"https:\/\/beebipood.ee\/tooted\/\"},{\"@type\":\"ListItem\",\"position\":3,\"name\":\"Thule Summer Seat Liner, Soft Gray\"}]},{\"@type\":\"WebSite\",\"@id\":\"https:\/\/beebipood.ee\/ru\/#website\",\"url\":\"https:\/\/beebipood.ee\/ru\/\",\"name\":\"Beebipood\",\"description\":\"Lastekaubad, beebikaubad, m\u00e4nguasjad\",\"publisher\":{\"@id\":\"https:\/\/beebipood.ee\/ru\/#organization\"},\"potentialAction\":[{\"@type\":\"SearchAction\",\"target\":{\"@type\":\"EntryPoint\",\"urlTemplate\":\"https:\/\/beebipood.ee\/ru\/?s={search_term_string}\"},\"query-input\":{\"@type\":\"PropertyValueSpecification\",\"valueRequired\":true,\"valueName\":\"search_term_string\"}}],\"inLanguage\":\"ru-RU\"},{\"@type\":\"Organization\",\"@id\":\"https:\/\/beebipood.ee\/ru\/#organization\",\"name\":\"Beebipood\",\"url\":\"https:\/\/beebipood.ee\/ru\/\",\"logo\":{\"@type\":\"ImageObject\",\"inLanguage\":\"ru-RU\",\"@id\":\"https:\/\/beebipood.ee\/ru\/#\/schema\/logo\/image\/\",\"url\":\"https:\/\/beebipood.ee\/wp-content\/uploads\/2025\/03\/beebipood.ee-logo-1.svg\",\"contentUrl\":\"https:\/\/beebipood.ee\/wp-content\/uploads\/2025\/03\/beebipood.ee-logo-1.svg\",\"caption\":\"Beebipood\"},\"image\":{\"@id\":\"https:\/\/beebipood.ee\/ru\/#\/schema\/logo\/image\/\"}}]}<\/script>\n<!-- \/ Yoast SEO plugin. -->","yoast_head_json":{"title":"Thule Summer Seat Liner, Soft Gray, \u0421\u041a\u0418\u0414\u041a\u0418, \u041b\u043e\u0448\u0430\u0434\u043a\u0430-\u043a\u0430\u0447\u0430\u043b\u043a\u0430, \u041a\u043e\u043b\u044f\u0441\u043a\u0438, \u041f\u0440\u0438\u043d\u0430\u0434\u043b\u0435\u0436\u043d\u043e\u0441\u0442\u0438, Thule Urban Glide 2, THULE, Thule Urban Glide 3, Thule Urban Glide 4-wheel, Thule Urban Glide 3 Double , Beebipood","description":"Thule Summer Seat Liner, Soft Gray, Hingavad materjalid.M&otilde;lemapoolseks kasutamiseks, &uuml;mberp&ouml;&ouml;ratav.Kerge, &otilde;hku l&aum","robots":{"index":"index","follow":"follow","max-snippet":"max-snippet:-1","max-image-preview":"max-image-preview:large","max-video-preview":"max-video-preview:-1"},"canonical":"https:\/\/beebipood.ee\/ru\/produkt\/thule-summer-seat-liner-soft-gray\/","og_locale":"ru_RU","og_type":"article","og_title":"Thule Summer Seat Liner, Soft Gray, \u0421\u041a\u0418\u0414\u041a\u0418, \u041b\u043e\u0448\u0430\u0434\u043a\u0430-\u043a\u0430\u0447\u0430\u043b\u043a\u0430, \u041a\u043e\u043b\u044f\u0441\u043a\u0438, \u041f\u0440\u0438\u043d\u0430\u0434\u043b\u0435\u0436\u043d\u043e\u0441\u0442\u0438, Thule Urban Glide 2, THULE, Thule Urban Glide 3, Thule Urban Glide 4-wheel, Thule Urban Glide 3 Double , Beebipood","og_description":"Thule Summer Seat Liner, Soft Gray, Hingavad materjalid.M&otilde;lemapoolseks kasutamiseks, &uuml;mberp&ouml;&ouml;ratav.Kerge, &otilde;hku l&aum","og_url":"https:\/\/beebipood.ee\/ru\/produkt\/thule-summer-seat-liner-soft-gray\/","og_site_name":"Beebipood","article_modified_time":"2025-01-09T08:49:14+00:00","og_image":[{"width":709,"height":709,"url":"https:\/\/beebipood.ee\/wp-content\/uploads\/2018\/05\/Thule-Summer-Seat-Liner-Soft-Gray-UUED-TOOTED-Lastevankrid-ja-karud-Lisavarustus-_2-f7c.jpg","type":"image\/jpeg"}],"twitter_card":"summary_large_image","schema":{"@context":"https:\/\/schema.org","@graph":[{"@type":"WebPage","@id":"https:\/\/beebipood.ee\/ru\/produkt\/thule-summer-seat-liner-soft-gray\/","url":"https:\/\/beebipood.ee\/ru\/produkt\/thule-summer-seat-liner-soft-gray\/","name":"Thule Summer Seat Liner, Soft Gray, \u0421\u041a\u0418\u0414\u041a\u0418, \u041b\u043e\u0448\u0430\u0434\u043a\u0430-\u043a\u0430\u0447\u0430\u043b\u043a\u0430, \u041a\u043e\u043b\u044f\u0441\u043a\u0438, \u041f\u0440\u0438\u043d\u0430\u0434\u043b\u0435\u0436\u043d\u043e\u0441\u0442\u0438, Thule Urban Glide 2, THULE, Thule Urban Glide 3, Thule Urban Glide 4-wheel, Thule Urban Glide 3 Double , Beebipood","isPartOf":{"@id":"https:\/\/beebipood.ee\/ru\/#website"},"primaryImageOfPage":{"@id":"https:\/\/beebipood.ee\/ru\/produkt\/thule-summer-seat-liner-soft-gray\/#primaryimage"},"image":{"@id":"https:\/\/beebipood.ee\/ru\/produkt\/thule-summer-seat-liner-soft-gray\/#primaryimage"},"thumbnailUrl":"https:\/\/beebipood.ee\/wp-content\/uploads\/2018\/05\/Thule-Summer-Seat-Liner-Soft-Gray-UUED-TOOTED-Lastevankrid-ja-karud-Lisavarustus-_2-f7c.jpg","datePublished":"2018-05-16T08:30:50+00:00","dateModified":"2025-01-09T08:49:14+00:00","description":"Thule Summer Seat Liner, Soft Gray, Hingavad materjalid.M&otilde;lemapoolseks kasutamiseks, &uuml;mberp&ouml;&ouml;ratav.Kerge, &otilde;hku l&aum","breadcrumb":{"@id":"https:\/\/beebipood.ee\/ru\/produkt\/thule-summer-seat-liner-soft-gray\/#breadcrumb"},"inLanguage":"ru-RU","potentialAction":[{"@type":"ReadAction","target":["https:\/\/beebipood.ee\/ru\/produkt\/thule-summer-seat-liner-soft-gray\/"]}]},{"@type":"ImageObject","inLanguage":"ru-RU","@id":"https:\/\/beebipood.ee\/ru\/produkt\/thule-summer-seat-liner-soft-gray\/#primaryimage","url":"https:\/\/beebipood.ee\/wp-content\/uploads\/2018\/05\/Thule-Summer-Seat-Liner-Soft-Gray-UUED-TOOTED-Lastevankrid-ja-karud-Lisavarustus-_2-f7c.jpg","contentUrl":"https:\/\/beebipood.ee\/wp-content\/uploads\/2018\/05\/Thule-Summer-Seat-Liner-Soft-Gray-UUED-TOOTED-Lastevankrid-ja-karud-Lisavarustus-_2-f7c.jpg","width":709,"height":709},{"@type":"BreadcrumbList","@id":"https:\/\/beebipood.ee\/ru\/produkt\/thule-summer-seat-liner-soft-gray\/#breadcrumb","itemListElement":[{"@type":"ListItem","position":1,"name":"Home","item":"https:\/\/beebipood.ee\/ru\/"},{"@type":"ListItem","position":2,"name":"\u041a\u0430\u0442\u0430\u043b\u043e\u0433 \u0442\u043e\u0432\u0430\u0440\u043e\u0432","item":"https:\/\/beebipood.ee\/tooted\/"},{"@type":"ListItem","position":3,"name":"Thule Summer Seat Liner, Soft Gray"}]},{"@type":"WebSite","@id":"https:\/\/beebipood.ee\/ru\/#website","url":"https:\/\/beebipood.ee\/ru\/","name":"Beebipood","description":"Lastekaubad, beebikaubad, m\u00e4nguasjad","publisher":{"@id":"https:\/\/beebipood.ee\/ru\/#organization"},"potentialAction":[{"@type":"SearchAction","target":{"@type":"EntryPoint","urlTemplate":"https:\/\/beebipood.ee\/ru\/?s={search_term_string}"},"query-input":{"@type":"PropertyValueSpecification","valueRequired":true,"valueName":"search_term_string"}}],"inLanguage":"ru-RU"},{"@type":"Organization","@id":"https:\/\/beebipood.ee\/ru\/#organization","name":"Beebipood","url":"https:\/\/beebipood.ee\/ru\/","logo":{"@type":"ImageObject","inLanguage":"ru-RU","@id":"https:\/\/beebipood.ee\/ru\/#\/schema\/logo\/image\/","url":"https:\/\/beebipood.ee\/wp-content\/uploads\/2025\/03\/beebipood.ee-logo-1.svg","contentUrl":"https:\/\/beebipood.ee\/wp-content\/uploads\/2025\/03\/beebipood.ee-logo-1.svg","caption":"Beebipood"},"image":{"@id":"https:\/\/beebipood.ee\/ru\/#\/schema\/logo\/image\/"}}]}},"brands":[{"id":11980,"name":"THULE","slug":"thule-ru"}],"_links":{"self":[{"href":"https:\/\/beebipood.ee\/ru\/wp-json\/wp\/v2\/product\/458127","targetHints":{"allow":["GET"]}}],"collection":[{"href":"https:\/\/beebipood.ee\/ru\/wp-json\/wp\/v2\/product"}],"about":[{"href":"https:\/\/beebipood.ee\/ru\/wp-json\/wp\/v2\/types\/product"}],"wp:featuredmedia":[{"embeddable":true,"href":"https:\/\/beebipood.ee\/ru\/wp-json\/wp\/v2\/media\/123539"}],"wp:attachment":[{"href":"https:\/\/beebipood.ee\/ru\/wp-json\/wp\/v2\/media?parent=458127"}],"wp:term":[{"taxonomy":"pwb-brand","embeddable":true,"href":"https:\/\/beebipood.ee\/ru\/wp-json\/wp\/v2\/pwb-brand?post=458127"},{"taxonomy":"product_brand","embeddable":true,"href":"https:\/\/beebipood.ee\/ru\/wp-json\/wp\/v2\/product_brand?post=458127"},{"taxonomy":"product_cat","embeddable":true,"href":"https:\/\/beebipood.ee\/ru\/wp-json\/wp\/v2\/product_cat?post=458127"},{"taxonomy":"product_tag","embeddable":true,"href":"https:\/\/beebipood.ee\/ru\/wp-json\/wp\/v2\/product_tag?post=458127"}],"curies":[{"name":"wp","href":"https:\/\/api.w.org\/{rel}","templated":true}]}}