{"id":458135,"date":"2018-05-17T06:26:30","date_gmt":"2018-05-17T03:26:30","guid":{"rendered":"https:\/\/beebipood.ee\/toode\/maxi-cosi-mica-pro-eco-turvatool-authentic-black\/"},"modified":"2025-05-01T00:00:23","modified_gmt":"2025-04-30T21:00:23","slug":"maxi-cosi-mica-pro-eco-turvatool-authentic-black","status":"publish","type":"product","link":"https:\/\/beebipood.ee\/ru\/produkt\/maxi-cosi-mica-pro-eco-turvatool-authentic-black\/","title":{"rendered":"Maxi-Cosi Mica Pro Eco turvatool, Authentic Black"},"content":{"rendered":"<p><span>I-Size standardile vastav turvatool Maxi-Cosi Mica Pro Eco &#8212; m\u00f5eldes t\u00e4nasele ja homsele.<\/span><br \/><span>Maxi-Cosi esimene j\u00e4tkusuutlik turvatool, mille kangad on valmistatud 100% taaskasutatud materjalist.<\/span><br \/><span>See 360 kraadi p\u00f6\u00f6rlev turvatool on m\u00f5eldud kasutamiseks lastele alates s\u00fcnnist<\/span><br \/><span>kuni ca. 4. eluaastani (40-105cm \/ 0-18kg).<\/span><br \/><span>Uuendatud Mica on n\u00fc\u00fcd t\u00e4iustatud j\u00e4rgmiste funktsioonidega:<\/span><br \/><span>Lihtsasti \u00fche k\u00e4ega p\u00f6\u00f6ratav FlexiSpin s\u00fcsteem<\/span><br \/><span>Turvarihmad hoiavad avatud asendis, et last oleks lihtsam sinna asetada ning v\u00e4lja t\u00f5sta<\/span><br \/><span>ClimaFlow &#8212; \u00d5hutusega paneelid ja hingav polsterdus ei lase lapsel nii kergesti higistada<\/span><br \/><span>G-Cell 2.0 k\u00fclgkaitse &#8212; t\u00e4iendatud k\u00fclgkaitse, mis on n\u00fc\u00fcd l\u00f6\u00f6keneelavast 3D materjalist<\/span><\/p>\n<p><span style=\"text-decoration: underline;\">Kasutajamugavus<\/span><br \/><span>FlexiSpin 360 tehnoloogia v\u00f5imaldab lihtsasti \u00fche k\u00e4ega turvatooli keerata igas suunas<\/span><br \/><span>Turvarihmad hoiavad avatud asendis, et last oleks lihtsam sisse panna<\/span><br \/><span>Audiovisuaalne tagasiside, mis annab m\u00e4rku, kui k\u00f5ik on korrektselt kinnitatud<\/span><br \/><span>Eemaldatav ja pestav katteriie<\/span><br \/><span style=\"text-decoration: underline;\">Mugavus<\/span><br \/><span>ClimaFlow s\u00fcsteem, mis v\u00f5imaldab ei lase lapsel higistada palavatel suvep\u00e4evadel<\/span><br \/><span>Mitu erinevat seljatoeasendit ning oma kategooria parim kaldenurk,<\/span><br \/><span>mis tagab maksimaalse mugavuse<\/span><br \/><span>Lisapolsterdusega iste koos pehme beebisisu ja katteriidega,<\/span><br \/><span>mis on valmistatud taast\u00f6\u00f6deldud materjalidest<\/span><br \/><span>Mugav ja toestav vasts\u00fcndinu jaoks m\u00f5eldud beebisisu<\/span><br \/><span>Mitu k\u00f5rgust peatoel ja turvarihmadel<\/span><br \/><span style=\"text-decoration: underline;\">Turvalisus<\/span><br \/><span>G-CELL 2.0 integreeritud k\u00fclgkaitse tehnoloogia<\/span><br \/><span>i-Size turvalisus<\/span><br \/><span>5-punkti kinnitusega turvarihmad<\/span><br \/><span>Seljaga s\u00f5idusuunas s\u00fcnnist kuni 4. eluaastani<\/span><br \/><span>Integreeritud ISOFIX alus koos tugijalaga (ei k\u00e4i tooli k\u00fcljest lahti)<\/span><br \/><span>Turvanupp, mis ei lase vajadusel ennem 15. elukuud p\u00f6\u00f6rata turvatooli n\u00e4oga s\u00f5idusuunda<\/span><br \/><span style=\"text-decoration: underline;\">\u00dcldine<\/span><br \/><span>Vanusele 0-4 aastat<\/span><br \/><span>Pikkusele 40-105cm<\/span><br \/><span>Kaalule 0-18kg<\/span><br \/><span>EcoCare 100% taast\u00f6\u00f6deldud kangad<\/span><br \/><span>J\u00e4tkusuutlik toode<\/span><\/p>\n","protected":false},"excerpt":{"rendered":"<p>I-Size standardile vastav turvatool Maxi-Cosi Mica Pro Eco &#8212; m\u00f5eldes t\u00e4nasele ja homsele.Maxi-Cosi esimene j\u00e4tkusuutlik turvatool, mille kangad on valmistatud 100% taaskasutatud materjalist.See 360 kraadi p\u00f6\u00f6rlev turvatool on m\u00f5eldud kasutamiseks lastele alates s\u00fcnnistkuni ca. 4. eluaastani (40-105cm \/ 0-18kg).Uuendatud Mica on n\u00fc\u00fcd t\u00e4iustatud j\u00e4rgmiste funktsioonidega:Lihtsasti \u00fche k\u00e4ega p\u00f6\u00f6ratav FlexiSpin s\u00fcsteemTurvarihmad hoiavad avatud asendis, et last [&hellip;]<\/p>\n","protected":false},"featured_media":123630,"template":"","meta":{"_acf_changed":false},"pwb-brand":[11961],"product_brand":[],"product_cat":[11573,11729,11727,11855,11791],"product_tag":[],"class_list":{"0":"post-458135","1":"product","2":"type-product","3":"status-publish","4":"has-post-thumbnail","6":"pwb-brand-maxi-cosi-ru","7":"product_cat-sooduspakkumised-ru","8":"product_cat-turvatoolid-0-18-kg-ru","9":"product_cat-turvatoolid-hallid-ru","10":"product_cat-sss-turvatoolid-ru","11":"product_cat-turvavarustus-ru","12":"pa_manufacturer-maxi_cosi-ru","14":"first","15":"onbackorder","16":"sale","17":"taxable","18":"shipping-taxable","19":"purchasable","20":"product-type-simple"},"exclude_global_add_ons":[],"addons":[],"acf":[],"yoast_head":"<!-- This site is optimized with the Yoast SEO plugin v27.1.1 - https:\/\/yoast.com\/product\/yoast-seo-wordpress\/ -->\n<title>Maxi-Cosi Mica Pro Eco turvatool, Authentic Black, \u0421\u041a\u0418\u0414\u041a\u0418, \u0410\u0432\u0442\u043e\u043a\u0440\u0435\u0441\u043b\u0430, \u043b\u044e\u043b\u044c\u043a\u0438, \u0410\u0432\u0442\u043e\u043a\u0440\u0435\u0441\u043b\u0430 0-18 \u043a\u0433, \u0421\u043d\u0430\u0440\u044f\u0436\u0435\u043d\u0438\u044f \u0431\u0435\u0437\u043e\u043f\u0430\u0441\u043d\u043e\u0441\u0442\u0438, A\u0432\u0442\u043e\u043a\u0440\u0435\u0441\u043b\u043e \u0441\u043f\u0438\u043d\u043e\u0439 \u043f\u043e \u0445\u043e\u0434\u0443, Beebipood<\/title>\n<meta name=\"description\" content=\"Maxi-Cosi Mica Pro Eco turvatool, Authentic Black, I-Size standardile vastav turvatool Maxi-Cosi Mica Pro Eco - m&otilde;eldes t&auml;nasele ja homsele\" \/>\n<meta name=\"robots\" content=\"index, follow, max-snippet:-1, max-image-preview:large, max-video-preview:-1\" \/>\n<link rel=\"canonical\" href=\"https:\/\/beebipood.ee\/ru\/produkt\/maxi-cosi-mica-pro-eco-turvatool-authentic-black\/\" \/>\n<meta property=\"og:locale\" content=\"ru_RU\" \/>\n<meta property=\"og:type\" content=\"article\" \/>\n<meta property=\"og:title\" content=\"Maxi-Cosi Mica Pro Eco turvatool, Authentic Black, \u0421\u041a\u0418\u0414\u041a\u0418, \u0410\u0432\u0442\u043e\u043a\u0440\u0435\u0441\u043b\u0430, \u043b\u044e\u043b\u044c\u043a\u0438, \u0410\u0432\u0442\u043e\u043a\u0440\u0435\u0441\u043b\u0430 0-18 \u043a\u0433, \u0421\u043d\u0430\u0440\u044f\u0436\u0435\u043d\u0438\u044f \u0431\u0435\u0437\u043e\u043f\u0430\u0441\u043d\u043e\u0441\u0442\u0438, A\u0432\u0442\u043e\u043a\u0440\u0435\u0441\u043b\u043e \u0441\u043f\u0438\u043d\u043e\u0439 \u043f\u043e \u0445\u043e\u0434\u0443, Beebipood\" \/>\n<meta property=\"og:description\" content=\"Maxi-Cosi Mica Pro Eco turvatool, Authentic Black, I-Size standardile vastav turvatool Maxi-Cosi Mica Pro Eco - m&otilde;eldes t&auml;nasele ja homsele\" \/>\n<meta property=\"og:url\" content=\"https:\/\/beebipood.ee\/ru\/produkt\/maxi-cosi-mica-pro-eco-turvatool-authentic-black\/\" \/>\n<meta property=\"og:site_name\" content=\"Beebipood\" \/>\n<meta property=\"article:modified_time\" content=\"2025-04-30T21:00:23+00:00\" \/>\n<meta property=\"og:image\" content=\"https:\/\/beebipood.ee\/wp-content\/uploads\/2018\/05\/MaxiCosi-Mica-Pro-Eco-turvatool-Authentic-Black-Turvatoolid-hallid-Turvatoolid-018-kg-Turvavarustus-MaxiCosi-15-SSS-Turvatoolid_5-8c9.jpg\" \/>\n\t<meta property=\"og:image:width\" content=\"1200\" \/>\n\t<meta property=\"og:image:height\" content=\"1200\" \/>\n\t<meta property=\"og:image:type\" content=\"image\/jpeg\" \/>\n<meta name=\"twitter:card\" content=\"summary_large_image\" \/>\n<meta name=\"twitter:label1\" content=\"\u041f\u0440\u0438\u043c\u0435\u0440\u043d\u043e\u0435 \u0432\u0440\u0435\u043c\u044f \u0434\u043b\u044f \u0447\u0442\u0435\u043d\u0438\u044f\" \/>\n\t<meta name=\"twitter:data1\" content=\"1 \u043c\u0438\u043d\u0443\u0442\u0430\" \/>\n<script type=\"application\/ld+json\" class=\"yoast-schema-graph\">{\"@context\":\"https:\/\/schema.org\",\"@graph\":[{\"@type\":\"WebPage\",\"@id\":\"https:\/\/beebipood.ee\/ru\/produkt\/maxi-cosi-mica-pro-eco-turvatool-authentic-black\/\",\"url\":\"https:\/\/beebipood.ee\/ru\/produkt\/maxi-cosi-mica-pro-eco-turvatool-authentic-black\/\",\"name\":\"Maxi-Cosi Mica Pro Eco turvatool, Authentic Black, \u0421\u041a\u0418\u0414\u041a\u0418, \u0410\u0432\u0442\u043e\u043a\u0440\u0435\u0441\u043b\u0430, \u043b\u044e\u043b\u044c\u043a\u0438, \u0410\u0432\u0442\u043e\u043a\u0440\u0435\u0441\u043b\u0430 0-18 \u043a\u0433, \u0421\u043d\u0430\u0440\u044f\u0436\u0435\u043d\u0438\u044f \u0431\u0435\u0437\u043e\u043f\u0430\u0441\u043d\u043e\u0441\u0442\u0438, A\u0432\u0442\u043e\u043a\u0440\u0435\u0441\u043b\u043e \u0441\u043f\u0438\u043d\u043e\u0439 \u043f\u043e \u0445\u043e\u0434\u0443, Beebipood\",\"isPartOf\":{\"@id\":\"https:\/\/beebipood.ee\/ru\/#website\"},\"primaryImageOfPage\":{\"@id\":\"https:\/\/beebipood.ee\/ru\/produkt\/maxi-cosi-mica-pro-eco-turvatool-authentic-black\/#primaryimage\"},\"image\":{\"@id\":\"https:\/\/beebipood.ee\/ru\/produkt\/maxi-cosi-mica-pro-eco-turvatool-authentic-black\/#primaryimage\"},\"thumbnailUrl\":\"https:\/\/beebipood.ee\/wp-content\/uploads\/2018\/05\/MaxiCosi-Mica-Pro-Eco-turvatool-Authentic-Black-Turvatoolid-hallid-Turvatoolid-018-kg-Turvavarustus-MaxiCosi-15-SSS-Turvatoolid_5-8c9.jpg\",\"datePublished\":\"2018-05-17T03:26:30+00:00\",\"dateModified\":\"2025-04-30T21:00:23+00:00\",\"description\":\"Maxi-Cosi Mica Pro Eco turvatool, Authentic Black, I-Size standardile vastav turvatool Maxi-Cosi Mica Pro Eco - m&otilde;eldes t&auml;nasele ja homsele\",\"breadcrumb\":{\"@id\":\"https:\/\/beebipood.ee\/ru\/produkt\/maxi-cosi-mica-pro-eco-turvatool-authentic-black\/#breadcrumb\"},\"inLanguage\":\"ru-RU\",\"potentialAction\":[{\"@type\":\"ReadAction\",\"target\":[\"https:\/\/beebipood.ee\/ru\/produkt\/maxi-cosi-mica-pro-eco-turvatool-authentic-black\/\"]}]},{\"@type\":\"ImageObject\",\"inLanguage\":\"ru-RU\",\"@id\":\"https:\/\/beebipood.ee\/ru\/produkt\/maxi-cosi-mica-pro-eco-turvatool-authentic-black\/#primaryimage\",\"url\":\"https:\/\/beebipood.ee\/wp-content\/uploads\/2018\/05\/MaxiCosi-Mica-Pro-Eco-turvatool-Authentic-Black-Turvatoolid-hallid-Turvatoolid-018-kg-Turvavarustus-MaxiCosi-15-SSS-Turvatoolid_5-8c9.jpg\",\"contentUrl\":\"https:\/\/beebipood.ee\/wp-content\/uploads\/2018\/05\/MaxiCosi-Mica-Pro-Eco-turvatool-Authentic-Black-Turvatoolid-hallid-Turvatoolid-018-kg-Turvavarustus-MaxiCosi-15-SSS-Turvatoolid_5-8c9.jpg\",\"width\":1200,\"height\":1200},{\"@type\":\"BreadcrumbList\",\"@id\":\"https:\/\/beebipood.ee\/ru\/produkt\/maxi-cosi-mica-pro-eco-turvatool-authentic-black\/#breadcrumb\",\"itemListElement\":[{\"@type\":\"ListItem\",\"position\":1,\"name\":\"Home\",\"item\":\"https:\/\/beebipood.ee\/ru\/\"},{\"@type\":\"ListItem\",\"position\":2,\"name\":\"\u041a\u0430\u0442\u0430\u043b\u043e\u0433 \u0442\u043e\u0432\u0430\u0440\u043e\u0432\",\"item\":\"https:\/\/beebipood.ee\/tooted\/\"},{\"@type\":\"ListItem\",\"position\":3,\"name\":\"Maxi-Cosi Mica Pro Eco turvatool, Authentic Black\"}]},{\"@type\":\"WebSite\",\"@id\":\"https:\/\/beebipood.ee\/ru\/#website\",\"url\":\"https:\/\/beebipood.ee\/ru\/\",\"name\":\"Beebipood\",\"description\":\"Lastekaubad, beebikaubad, m\u00e4nguasjad\",\"publisher\":{\"@id\":\"https:\/\/beebipood.ee\/ru\/#organization\"},\"potentialAction\":[{\"@type\":\"SearchAction\",\"target\":{\"@type\":\"EntryPoint\",\"urlTemplate\":\"https:\/\/beebipood.ee\/ru\/?s={search_term_string}\"},\"query-input\":{\"@type\":\"PropertyValueSpecification\",\"valueRequired\":true,\"valueName\":\"search_term_string\"}}],\"inLanguage\":\"ru-RU\"},{\"@type\":\"Organization\",\"@id\":\"https:\/\/beebipood.ee\/ru\/#organization\",\"name\":\"Beebipood\",\"url\":\"https:\/\/beebipood.ee\/ru\/\",\"logo\":{\"@type\":\"ImageObject\",\"inLanguage\":\"ru-RU\",\"@id\":\"https:\/\/beebipood.ee\/ru\/#\/schema\/logo\/image\/\",\"url\":\"https:\/\/beebipood.ee\/wp-content\/uploads\/2025\/03\/beebipood.ee-logo-1.svg\",\"contentUrl\":\"https:\/\/beebipood.ee\/wp-content\/uploads\/2025\/03\/beebipood.ee-logo-1.svg\",\"caption\":\"Beebipood\"},\"image\":{\"@id\":\"https:\/\/beebipood.ee\/ru\/#\/schema\/logo\/image\/\"}}]}<\/script>\n<!-- \/ Yoast SEO plugin. -->","yoast_head_json":{"title":"Maxi-Cosi Mica Pro Eco turvatool, Authentic Black, \u0421\u041a\u0418\u0414\u041a\u0418, \u0410\u0432\u0442\u043e\u043a\u0440\u0435\u0441\u043b\u0430, \u043b\u044e\u043b\u044c\u043a\u0438, \u0410\u0432\u0442\u043e\u043a\u0440\u0435\u0441\u043b\u0430 0-18 \u043a\u0433, \u0421\u043d\u0430\u0440\u044f\u0436\u0435\u043d\u0438\u044f \u0431\u0435\u0437\u043e\u043f\u0430\u0441\u043d\u043e\u0441\u0442\u0438, A\u0432\u0442\u043e\u043a\u0440\u0435\u0441\u043b\u043e \u0441\u043f\u0438\u043d\u043e\u0439 \u043f\u043e \u0445\u043e\u0434\u0443, Beebipood","description":"Maxi-Cosi Mica Pro Eco turvatool, Authentic Black, I-Size standardile vastav turvatool Maxi-Cosi Mica Pro Eco - m&otilde;eldes t&auml;nasele ja homsele","robots":{"index":"index","follow":"follow","max-snippet":"max-snippet:-1","max-image-preview":"max-image-preview:large","max-video-preview":"max-video-preview:-1"},"canonical":"https:\/\/beebipood.ee\/ru\/produkt\/maxi-cosi-mica-pro-eco-turvatool-authentic-black\/","og_locale":"ru_RU","og_type":"article","og_title":"Maxi-Cosi Mica Pro Eco turvatool, Authentic Black, \u0421\u041a\u0418\u0414\u041a\u0418, \u0410\u0432\u0442\u043e\u043a\u0440\u0435\u0441\u043b\u0430, \u043b\u044e\u043b\u044c\u043a\u0438, \u0410\u0432\u0442\u043e\u043a\u0440\u0435\u0441\u043b\u0430 0-18 \u043a\u0433, \u0421\u043d\u0430\u0440\u044f\u0436\u0435\u043d\u0438\u044f \u0431\u0435\u0437\u043e\u043f\u0430\u0441\u043d\u043e\u0441\u0442\u0438, A\u0432\u0442\u043e\u043a\u0440\u0435\u0441\u043b\u043e \u0441\u043f\u0438\u043d\u043e\u0439 \u043f\u043e \u0445\u043e\u0434\u0443, Beebipood","og_description":"Maxi-Cosi Mica Pro Eco turvatool, Authentic Black, I-Size standardile vastav turvatool Maxi-Cosi Mica Pro Eco - m&otilde;eldes t&auml;nasele ja homsele","og_url":"https:\/\/beebipood.ee\/ru\/produkt\/maxi-cosi-mica-pro-eco-turvatool-authentic-black\/","og_site_name":"Beebipood","article_modified_time":"2025-04-30T21:00:23+00:00","og_image":[{"width":1200,"height":1200,"url":"https:\/\/beebipood.ee\/wp-content\/uploads\/2018\/05\/MaxiCosi-Mica-Pro-Eco-turvatool-Authentic-Black-Turvatoolid-hallid-Turvatoolid-018-kg-Turvavarustus-MaxiCosi-15-SSS-Turvatoolid_5-8c9.jpg","type":"image\/jpeg"}],"twitter_card":"summary_large_image","twitter_misc":{"\u041f\u0440\u0438\u043c\u0435\u0440\u043d\u043e\u0435 \u0432\u0440\u0435\u043c\u044f \u0434\u043b\u044f \u0447\u0442\u0435\u043d\u0438\u044f":"1 \u043c\u0438\u043d\u0443\u0442\u0430"},"schema":{"@context":"https:\/\/schema.org","@graph":[{"@type":"WebPage","@id":"https:\/\/beebipood.ee\/ru\/produkt\/maxi-cosi-mica-pro-eco-turvatool-authentic-black\/","url":"https:\/\/beebipood.ee\/ru\/produkt\/maxi-cosi-mica-pro-eco-turvatool-authentic-black\/","name":"Maxi-Cosi Mica Pro Eco turvatool, Authentic Black, \u0421\u041a\u0418\u0414\u041a\u0418, \u0410\u0432\u0442\u043e\u043a\u0440\u0435\u0441\u043b\u0430, \u043b\u044e\u043b\u044c\u043a\u0438, \u0410\u0432\u0442\u043e\u043a\u0440\u0435\u0441\u043b\u0430 0-18 \u043a\u0433, \u0421\u043d\u0430\u0440\u044f\u0436\u0435\u043d\u0438\u044f \u0431\u0435\u0437\u043e\u043f\u0430\u0441\u043d\u043e\u0441\u0442\u0438, A\u0432\u0442\u043e\u043a\u0440\u0435\u0441\u043b\u043e \u0441\u043f\u0438\u043d\u043e\u0439 \u043f\u043e \u0445\u043e\u0434\u0443, Beebipood","isPartOf":{"@id":"https:\/\/beebipood.ee\/ru\/#website"},"primaryImageOfPage":{"@id":"https:\/\/beebipood.ee\/ru\/produkt\/maxi-cosi-mica-pro-eco-turvatool-authentic-black\/#primaryimage"},"image":{"@id":"https:\/\/beebipood.ee\/ru\/produkt\/maxi-cosi-mica-pro-eco-turvatool-authentic-black\/#primaryimage"},"thumbnailUrl":"https:\/\/beebipood.ee\/wp-content\/uploads\/2018\/05\/MaxiCosi-Mica-Pro-Eco-turvatool-Authentic-Black-Turvatoolid-hallid-Turvatoolid-018-kg-Turvavarustus-MaxiCosi-15-SSS-Turvatoolid_5-8c9.jpg","datePublished":"2018-05-17T03:26:30+00:00","dateModified":"2025-04-30T21:00:23+00:00","description":"Maxi-Cosi Mica Pro Eco turvatool, Authentic Black, I-Size standardile vastav turvatool Maxi-Cosi Mica Pro Eco - m&otilde;eldes t&auml;nasele ja homsele","breadcrumb":{"@id":"https:\/\/beebipood.ee\/ru\/produkt\/maxi-cosi-mica-pro-eco-turvatool-authentic-black\/#breadcrumb"},"inLanguage":"ru-RU","potentialAction":[{"@type":"ReadAction","target":["https:\/\/beebipood.ee\/ru\/produkt\/maxi-cosi-mica-pro-eco-turvatool-authentic-black\/"]}]},{"@type":"ImageObject","inLanguage":"ru-RU","@id":"https:\/\/beebipood.ee\/ru\/produkt\/maxi-cosi-mica-pro-eco-turvatool-authentic-black\/#primaryimage","url":"https:\/\/beebipood.ee\/wp-content\/uploads\/2018\/05\/MaxiCosi-Mica-Pro-Eco-turvatool-Authentic-Black-Turvatoolid-hallid-Turvatoolid-018-kg-Turvavarustus-MaxiCosi-15-SSS-Turvatoolid_5-8c9.jpg","contentUrl":"https:\/\/beebipood.ee\/wp-content\/uploads\/2018\/05\/MaxiCosi-Mica-Pro-Eco-turvatool-Authentic-Black-Turvatoolid-hallid-Turvatoolid-018-kg-Turvavarustus-MaxiCosi-15-SSS-Turvatoolid_5-8c9.jpg","width":1200,"height":1200},{"@type":"BreadcrumbList","@id":"https:\/\/beebipood.ee\/ru\/produkt\/maxi-cosi-mica-pro-eco-turvatool-authentic-black\/#breadcrumb","itemListElement":[{"@type":"ListItem","position":1,"name":"Home","item":"https:\/\/beebipood.ee\/ru\/"},{"@type":"ListItem","position":2,"name":"\u041a\u0430\u0442\u0430\u043b\u043e\u0433 \u0442\u043e\u0432\u0430\u0440\u043e\u0432","item":"https:\/\/beebipood.ee\/tooted\/"},{"@type":"ListItem","position":3,"name":"Maxi-Cosi Mica Pro Eco turvatool, Authentic Black"}]},{"@type":"WebSite","@id":"https:\/\/beebipood.ee\/ru\/#website","url":"https:\/\/beebipood.ee\/ru\/","name":"Beebipood","description":"Lastekaubad, beebikaubad, m\u00e4nguasjad","publisher":{"@id":"https:\/\/beebipood.ee\/ru\/#organization"},"potentialAction":[{"@type":"SearchAction","target":{"@type":"EntryPoint","urlTemplate":"https:\/\/beebipood.ee\/ru\/?s={search_term_string}"},"query-input":{"@type":"PropertyValueSpecification","valueRequired":true,"valueName":"search_term_string"}}],"inLanguage":"ru-RU"},{"@type":"Organization","@id":"https:\/\/beebipood.ee\/ru\/#organization","name":"Beebipood","url":"https:\/\/beebipood.ee\/ru\/","logo":{"@type":"ImageObject","inLanguage":"ru-RU","@id":"https:\/\/beebipood.ee\/ru\/#\/schema\/logo\/image\/","url":"https:\/\/beebipood.ee\/wp-content\/uploads\/2025\/03\/beebipood.ee-logo-1.svg","contentUrl":"https:\/\/beebipood.ee\/wp-content\/uploads\/2025\/03\/beebipood.ee-logo-1.svg","caption":"Beebipood"},"image":{"@id":"https:\/\/beebipood.ee\/ru\/#\/schema\/logo\/image\/"}}]}},"brands":[{"id":11961,"name":"Maxi-Cosi","slug":"maxi-cosi-ru"}],"_links":{"self":[{"href":"https:\/\/beebipood.ee\/ru\/wp-json\/wp\/v2\/product\/458135","targetHints":{"allow":["GET"]}}],"collection":[{"href":"https:\/\/beebipood.ee\/ru\/wp-json\/wp\/v2\/product"}],"about":[{"href":"https:\/\/beebipood.ee\/ru\/wp-json\/wp\/v2\/types\/product"}],"wp:featuredmedia":[{"embeddable":true,"href":"https:\/\/beebipood.ee\/ru\/wp-json\/wp\/v2\/media\/123630"}],"wp:attachment":[{"href":"https:\/\/beebipood.ee\/ru\/wp-json\/wp\/v2\/media?parent=458135"}],"wp:term":[{"taxonomy":"pwb-brand","embeddable":true,"href":"https:\/\/beebipood.ee\/ru\/wp-json\/wp\/v2\/pwb-brand?post=458135"},{"taxonomy":"product_brand","embeddable":true,"href":"https:\/\/beebipood.ee\/ru\/wp-json\/wp\/v2\/product_brand?post=458135"},{"taxonomy":"product_cat","embeddable":true,"href":"https:\/\/beebipood.ee\/ru\/wp-json\/wp\/v2\/product_cat?post=458135"},{"taxonomy":"product_tag","embeddable":true,"href":"https:\/\/beebipood.ee\/ru\/wp-json\/wp\/v2\/product_tag?post=458135"}],"curies":[{"name":"wp","href":"https:\/\/api.w.org\/{rel}","templated":true}]}}