{"id":458137,"date":"2018-05-17T06:28:33","date_gmt":"2018-05-17T03:28:33","guid":{"rendered":"https:\/\/beebipood.ee\/toode\/maxi-cosi-nomad-plus-i-size-turvatool-authentic-black\/"},"modified":"2025-01-09T10:49:14","modified_gmt":"2025-01-09T08:49:14","slug":"maxi-cosi-nomad-plus-i-size-turvatool-authentic-black","status":"publish","type":"product","link":"https:\/\/beebipood.ee\/ru\/produkt\/maxi-cosi-nomad-plus-i-size-turvatool-authentic-black\/","title":{"rendered":"Maxi-Cosi Nomad Plus i-Size turvatool, Authentic Black"},"content":{"rendered":"<p>Lastega reisimine pole kunagi olnud lihtsam \u2013 isegi ilma oma autota. <br \/>Olenemata sellest, kas h\u00fcppate Bolti, CityBee rendiautosse <br \/>v\u00f5i l\u00e4hete suvepuhkusele,\u00a0<span>Maxi-Cosi Nomad Plus i-Size<\/span> turvatooliga <br \/>on perega reisimine lihtne ja \u00fclimalt kerge.<br \/>Nomad turvatool on kokkupandav nii kompaktselt, <br \/>et see sobib ideaalselt kiireks reisimiseks. <br \/>Nomad on kiiresti paigaldatav (v\u00e4hem kui 30 sekundit) <br \/>ja seda on \u00fclilihtne kaasas kanda, et sinu laps saaks ohutult <br \/>ja mugavalt reisida k\u00f5ikjal, kuhu l\u00e4hete.<br \/><span style=\"text-decoration: underline;\"><br \/>Kasutajamugavus<\/span><br \/>Lihtsasti kaasaskantav<br \/>Kiire ja universaalne paigaldus auto turvav\u00f6\u00f6ga<br \/>Lihtsasti reguleeritav peatugi ja \u00f5larihmad<br \/>Kangad on eemaldatavad ja pestavad<br \/>\u00dclimalt kerge kaaluga<br \/><span style=\"text-decoration: underline;\">Mugavus<\/span><br \/>Pehme polsterdusega isteosa<br \/>Reguleeritav peatugi<br \/><span style=\"text-decoration: underline;\">Turvalisus<br \/><\/span><br \/>T\u00e4iustatud k\u00fclgkaitse<br \/>Turvav\u00f6\u00f6ga kinnitamine on tehtud visuaalselt lihtsaks<br \/>5-punkti kinnitusega turvarihmad hoiavad lapse ilusti paigal<br \/>Libisemisvastased \u00f5lapehmendused<br \/><span style=\"text-decoration: underline;\">\u00dcldine<\/span><br \/>Kasutamiseks lastele kaaluga 9-18kg (ca. 9 elukuud kuni 4. eluaastani)<br \/>Kokkupandav turvatool<br \/>Vetth\u00fclgavast kangast kandekott, kuhu sisse saab turvatooli asetada<br \/>Kasutatav ainult n\u00e4oga s\u00f5idusuunas<br \/><span style=\"text-decoration: underline;\">N\u00e4itajad<\/span><br \/>Kaal 4,26kg<br \/>Isteosa m\u00f5\u00f5dud 46-55,5 x 25 x 23cm (seljatoe k\u00f5rgus, laius, s\u00fcgavus)<br \/>M\u00f5\u00f5dud kokkupandult 50,5 x 37,5 x 21,5cm (k\u00f5rgus, laius, s\u00fcgavus)<br \/><span style=\"text-decoration: underline;\">Komplektis<\/span><br \/>Turvatool<br \/>Kandekott<\/p>\n","protected":false},"excerpt":{"rendered":"<p>Lastega reisimine pole kunagi olnud lihtsam \u2013 isegi ilma oma autota. Olenemata sellest, kas h\u00fcppate Bolti, CityBee rendiautosse v\u00f5i l\u00e4hete suvepuhkusele,\u00a0Maxi-Cosi Nomad Plus i-Size turvatooliga on perega reisimine lihtne ja \u00fclimalt kerge.Nomad turvatool on kokkupandav nii kompaktselt, et see sobib ideaalselt kiireks reisimiseks. Nomad on kiiresti paigaldatav (v\u00e4hem kui 30 sekundit) ja seda on \u00fclilihtne [&hellip;]<\/p>\n","protected":false},"featured_media":123645,"template":"","meta":{"_acf_changed":false},"pwb-brand":[11961],"product_brand":[],"product_cat":[11727,11731,11791],"product_tag":[],"class_list":{"0":"post-458137","1":"product","2":"type-product","3":"status-publish","4":"has-post-thumbnail","6":"pwb-brand-maxi-cosi-ru","7":"product_cat-turvatoolid-hallid-ru","8":"product_cat-turvatoolid-9-18-kg-ru","9":"product_cat-turvavarustus-ru","10":"pa_manufacturer-maxi_cosi-ru","12":"first","13":"onbackorder","14":"taxable","15":"shipping-taxable","16":"purchasable","17":"product-type-simple"},"exclude_global_add_ons":[],"addons":[],"acf":[],"yoast_head":"<!-- This site is optimized with the Yoast SEO plugin v27.1.1 - https:\/\/yoast.com\/product\/yoast-seo-wordpress\/ -->\n<title>Maxi-Cosi Nomad Plus i-Size turvatool, Authentic Black, \u0410\u0432\u0442\u043e\u043a\u0440\u0435\u0441\u043b\u0430, \u043b\u044e\u043b\u044c\u043a\u0438, \u0410\u0432\u0442\u043e\u043a\u0440\u0435\u0441\u043b\u0430 9-18 \u043a\u0433, \u0421\u043d\u0430\u0440\u044f\u0436\u0435\u043d\u0438\u044f \u0431\u0435\u0437\u043e\u043f\u0430\u0441\u043d\u043e\u0441\u0442\u0438, Beebipood<\/title>\n<meta name=\"description\" content=\"Maxi-Cosi Nomad Plus i-Size turvatool, Authentic Black, Lastega reisimine pole kunagi olnud lihtsam &ndash; isegi ilma oma autota. Olenemata sellest, k\" \/>\n<meta name=\"robots\" content=\"index, follow, max-snippet:-1, max-image-preview:large, max-video-preview:-1\" \/>\n<link rel=\"canonical\" href=\"https:\/\/beebipood.ee\/ru\/produkt\/maxi-cosi-nomad-plus-i-size-turvatool-authentic-black\/\" \/>\n<meta property=\"og:locale\" content=\"ru_RU\" \/>\n<meta property=\"og:type\" content=\"article\" \/>\n<meta property=\"og:title\" content=\"Maxi-Cosi Nomad Plus i-Size turvatool, Authentic Black, \u0410\u0432\u0442\u043e\u043a\u0440\u0435\u0441\u043b\u0430, \u043b\u044e\u043b\u044c\u043a\u0438, \u0410\u0432\u0442\u043e\u043a\u0440\u0435\u0441\u043b\u0430 9-18 \u043a\u0433, \u0421\u043d\u0430\u0440\u044f\u0436\u0435\u043d\u0438\u044f \u0431\u0435\u0437\u043e\u043f\u0430\u0441\u043d\u043e\u0441\u0442\u0438, Beebipood\" \/>\n<meta property=\"og:description\" content=\"Maxi-Cosi Nomad Plus i-Size turvatool, Authentic Black, Lastega reisimine pole kunagi olnud lihtsam &ndash; isegi ilma oma autota. Olenemata sellest, k\" \/>\n<meta property=\"og:url\" content=\"https:\/\/beebipood.ee\/ru\/produkt\/maxi-cosi-nomad-plus-i-size-turvatool-authentic-black\/\" \/>\n<meta property=\"og:site_name\" content=\"Beebipood\" \/>\n<meta property=\"article:modified_time\" content=\"2025-01-09T08:49:14+00:00\" \/>\n<meta property=\"og:image\" content=\"https:\/\/beebipood.ee\/wp-content\/uploads\/2018\/05\/MaxiCosi-Nomad-Plus-iSize-turvatool-Authentic-Black-UUED-TOOTED-Turvatoolid-hallid-Turvatoolid-918-kg-Turvavarustus_1-cff.jpg\" \/>\n\t<meta property=\"og:image:width\" content=\"1280\" \/>\n\t<meta property=\"og:image:height\" content=\"1280\" \/>\n\t<meta property=\"og:image:type\" content=\"image\/jpeg\" \/>\n<meta name=\"twitter:card\" content=\"summary_large_image\" \/>\n<meta name=\"twitter:label1\" content=\"\u041f\u0440\u0438\u043c\u0435\u0440\u043d\u043e\u0435 \u0432\u0440\u0435\u043c\u044f \u0434\u043b\u044f \u0447\u0442\u0435\u043d\u0438\u044f\" \/>\n\t<meta name=\"twitter:data1\" content=\"1 \u043c\u0438\u043d\u0443\u0442\u0430\" \/>\n<script type=\"application\/ld+json\" class=\"yoast-schema-graph\">{\"@context\":\"https:\/\/schema.org\",\"@graph\":[{\"@type\":\"WebPage\",\"@id\":\"https:\/\/beebipood.ee\/ru\/produkt\/maxi-cosi-nomad-plus-i-size-turvatool-authentic-black\/\",\"url\":\"https:\/\/beebipood.ee\/ru\/produkt\/maxi-cosi-nomad-plus-i-size-turvatool-authentic-black\/\",\"name\":\"Maxi-Cosi Nomad Plus i-Size turvatool, Authentic Black, \u0410\u0432\u0442\u043e\u043a\u0440\u0435\u0441\u043b\u0430, \u043b\u044e\u043b\u044c\u043a\u0438, \u0410\u0432\u0442\u043e\u043a\u0440\u0435\u0441\u043b\u0430 9-18 \u043a\u0433, \u0421\u043d\u0430\u0440\u044f\u0436\u0435\u043d\u0438\u044f \u0431\u0435\u0437\u043e\u043f\u0430\u0441\u043d\u043e\u0441\u0442\u0438, Beebipood\",\"isPartOf\":{\"@id\":\"https:\/\/beebipood.ee\/ru\/#website\"},\"primaryImageOfPage\":{\"@id\":\"https:\/\/beebipood.ee\/ru\/produkt\/maxi-cosi-nomad-plus-i-size-turvatool-authentic-black\/#primaryimage\"},\"image\":{\"@id\":\"https:\/\/beebipood.ee\/ru\/produkt\/maxi-cosi-nomad-plus-i-size-turvatool-authentic-black\/#primaryimage\"},\"thumbnailUrl\":\"https:\/\/beebipood.ee\/wp-content\/uploads\/2018\/05\/MaxiCosi-Nomad-Plus-iSize-turvatool-Authentic-Black-UUED-TOOTED-Turvatoolid-hallid-Turvatoolid-918-kg-Turvavarustus_1-cff.jpg\",\"datePublished\":\"2018-05-17T03:28:33+00:00\",\"dateModified\":\"2025-01-09T08:49:14+00:00\",\"description\":\"Maxi-Cosi Nomad Plus i-Size turvatool, Authentic Black, Lastega reisimine pole kunagi olnud lihtsam &ndash; isegi ilma oma autota. Olenemata sellest, k\",\"breadcrumb\":{\"@id\":\"https:\/\/beebipood.ee\/ru\/produkt\/maxi-cosi-nomad-plus-i-size-turvatool-authentic-black\/#breadcrumb\"},\"inLanguage\":\"ru-RU\",\"potentialAction\":[{\"@type\":\"ReadAction\",\"target\":[\"https:\/\/beebipood.ee\/ru\/produkt\/maxi-cosi-nomad-plus-i-size-turvatool-authentic-black\/\"]}]},{\"@type\":\"ImageObject\",\"inLanguage\":\"ru-RU\",\"@id\":\"https:\/\/beebipood.ee\/ru\/produkt\/maxi-cosi-nomad-plus-i-size-turvatool-authentic-black\/#primaryimage\",\"url\":\"https:\/\/beebipood.ee\/wp-content\/uploads\/2018\/05\/MaxiCosi-Nomad-Plus-iSize-turvatool-Authentic-Black-UUED-TOOTED-Turvatoolid-hallid-Turvatoolid-918-kg-Turvavarustus_1-cff.jpg\",\"contentUrl\":\"https:\/\/beebipood.ee\/wp-content\/uploads\/2018\/05\/MaxiCosi-Nomad-Plus-iSize-turvatool-Authentic-Black-UUED-TOOTED-Turvatoolid-hallid-Turvatoolid-918-kg-Turvavarustus_1-cff.jpg\",\"width\":1280,\"height\":1280},{\"@type\":\"BreadcrumbList\",\"@id\":\"https:\/\/beebipood.ee\/ru\/produkt\/maxi-cosi-nomad-plus-i-size-turvatool-authentic-black\/#breadcrumb\",\"itemListElement\":[{\"@type\":\"ListItem\",\"position\":1,\"name\":\"Home\",\"item\":\"https:\/\/beebipood.ee\/ru\/\"},{\"@type\":\"ListItem\",\"position\":2,\"name\":\"\u041a\u0430\u0442\u0430\u043b\u043e\u0433 \u0442\u043e\u0432\u0430\u0440\u043e\u0432\",\"item\":\"https:\/\/beebipood.ee\/tooted\/\"},{\"@type\":\"ListItem\",\"position\":3,\"name\":\"Maxi-Cosi Nomad Plus i-Size turvatool, Authentic Black\"}]},{\"@type\":\"WebSite\",\"@id\":\"https:\/\/beebipood.ee\/ru\/#website\",\"url\":\"https:\/\/beebipood.ee\/ru\/\",\"name\":\"Beebipood\",\"description\":\"Lastekaubad, beebikaubad, m\u00e4nguasjad\",\"publisher\":{\"@id\":\"https:\/\/beebipood.ee\/ru\/#organization\"},\"potentialAction\":[{\"@type\":\"SearchAction\",\"target\":{\"@type\":\"EntryPoint\",\"urlTemplate\":\"https:\/\/beebipood.ee\/ru\/?s={search_term_string}\"},\"query-input\":{\"@type\":\"PropertyValueSpecification\",\"valueRequired\":true,\"valueName\":\"search_term_string\"}}],\"inLanguage\":\"ru-RU\"},{\"@type\":\"Organization\",\"@id\":\"https:\/\/beebipood.ee\/ru\/#organization\",\"name\":\"Beebipood\",\"url\":\"https:\/\/beebipood.ee\/ru\/\",\"logo\":{\"@type\":\"ImageObject\",\"inLanguage\":\"ru-RU\",\"@id\":\"https:\/\/beebipood.ee\/ru\/#\/schema\/logo\/image\/\",\"url\":\"https:\/\/beebipood.ee\/wp-content\/uploads\/2025\/03\/beebipood.ee-logo-1.svg\",\"contentUrl\":\"https:\/\/beebipood.ee\/wp-content\/uploads\/2025\/03\/beebipood.ee-logo-1.svg\",\"caption\":\"Beebipood\"},\"image\":{\"@id\":\"https:\/\/beebipood.ee\/ru\/#\/schema\/logo\/image\/\"}}]}<\/script>\n<!-- \/ Yoast SEO plugin. -->","yoast_head_json":{"title":"Maxi-Cosi Nomad Plus i-Size turvatool, Authentic Black, \u0410\u0432\u0442\u043e\u043a\u0440\u0435\u0441\u043b\u0430, \u043b\u044e\u043b\u044c\u043a\u0438, \u0410\u0432\u0442\u043e\u043a\u0440\u0435\u0441\u043b\u0430 9-18 \u043a\u0433, \u0421\u043d\u0430\u0440\u044f\u0436\u0435\u043d\u0438\u044f \u0431\u0435\u0437\u043e\u043f\u0430\u0441\u043d\u043e\u0441\u0442\u0438, Beebipood","description":"Maxi-Cosi Nomad Plus i-Size turvatool, Authentic Black, Lastega reisimine pole kunagi olnud lihtsam &ndash; isegi ilma oma autota. Olenemata sellest, k","robots":{"index":"index","follow":"follow","max-snippet":"max-snippet:-1","max-image-preview":"max-image-preview:large","max-video-preview":"max-video-preview:-1"},"canonical":"https:\/\/beebipood.ee\/ru\/produkt\/maxi-cosi-nomad-plus-i-size-turvatool-authentic-black\/","og_locale":"ru_RU","og_type":"article","og_title":"Maxi-Cosi Nomad Plus i-Size turvatool, Authentic Black, \u0410\u0432\u0442\u043e\u043a\u0440\u0435\u0441\u043b\u0430, \u043b\u044e\u043b\u044c\u043a\u0438, \u0410\u0432\u0442\u043e\u043a\u0440\u0435\u0441\u043b\u0430 9-18 \u043a\u0433, \u0421\u043d\u0430\u0440\u044f\u0436\u0435\u043d\u0438\u044f \u0431\u0435\u0437\u043e\u043f\u0430\u0441\u043d\u043e\u0441\u0442\u0438, Beebipood","og_description":"Maxi-Cosi Nomad Plus i-Size turvatool, Authentic Black, Lastega reisimine pole kunagi olnud lihtsam &ndash; isegi ilma oma autota. Olenemata sellest, k","og_url":"https:\/\/beebipood.ee\/ru\/produkt\/maxi-cosi-nomad-plus-i-size-turvatool-authentic-black\/","og_site_name":"Beebipood","article_modified_time":"2025-01-09T08:49:14+00:00","og_image":[{"width":1280,"height":1280,"url":"https:\/\/beebipood.ee\/wp-content\/uploads\/2018\/05\/MaxiCosi-Nomad-Plus-iSize-turvatool-Authentic-Black-UUED-TOOTED-Turvatoolid-hallid-Turvatoolid-918-kg-Turvavarustus_1-cff.jpg","type":"image\/jpeg"}],"twitter_card":"summary_large_image","twitter_misc":{"\u041f\u0440\u0438\u043c\u0435\u0440\u043d\u043e\u0435 \u0432\u0440\u0435\u043c\u044f \u0434\u043b\u044f \u0447\u0442\u0435\u043d\u0438\u044f":"1 \u043c\u0438\u043d\u0443\u0442\u0430"},"schema":{"@context":"https:\/\/schema.org","@graph":[{"@type":"WebPage","@id":"https:\/\/beebipood.ee\/ru\/produkt\/maxi-cosi-nomad-plus-i-size-turvatool-authentic-black\/","url":"https:\/\/beebipood.ee\/ru\/produkt\/maxi-cosi-nomad-plus-i-size-turvatool-authentic-black\/","name":"Maxi-Cosi Nomad Plus i-Size turvatool, Authentic Black, \u0410\u0432\u0442\u043e\u043a\u0440\u0435\u0441\u043b\u0430, \u043b\u044e\u043b\u044c\u043a\u0438, \u0410\u0432\u0442\u043e\u043a\u0440\u0435\u0441\u043b\u0430 9-18 \u043a\u0433, \u0421\u043d\u0430\u0440\u044f\u0436\u0435\u043d\u0438\u044f \u0431\u0435\u0437\u043e\u043f\u0430\u0441\u043d\u043e\u0441\u0442\u0438, Beebipood","isPartOf":{"@id":"https:\/\/beebipood.ee\/ru\/#website"},"primaryImageOfPage":{"@id":"https:\/\/beebipood.ee\/ru\/produkt\/maxi-cosi-nomad-plus-i-size-turvatool-authentic-black\/#primaryimage"},"image":{"@id":"https:\/\/beebipood.ee\/ru\/produkt\/maxi-cosi-nomad-plus-i-size-turvatool-authentic-black\/#primaryimage"},"thumbnailUrl":"https:\/\/beebipood.ee\/wp-content\/uploads\/2018\/05\/MaxiCosi-Nomad-Plus-iSize-turvatool-Authentic-Black-UUED-TOOTED-Turvatoolid-hallid-Turvatoolid-918-kg-Turvavarustus_1-cff.jpg","datePublished":"2018-05-17T03:28:33+00:00","dateModified":"2025-01-09T08:49:14+00:00","description":"Maxi-Cosi Nomad Plus i-Size turvatool, Authentic Black, Lastega reisimine pole kunagi olnud lihtsam &ndash; isegi ilma oma autota. Olenemata sellest, k","breadcrumb":{"@id":"https:\/\/beebipood.ee\/ru\/produkt\/maxi-cosi-nomad-plus-i-size-turvatool-authentic-black\/#breadcrumb"},"inLanguage":"ru-RU","potentialAction":[{"@type":"ReadAction","target":["https:\/\/beebipood.ee\/ru\/produkt\/maxi-cosi-nomad-plus-i-size-turvatool-authentic-black\/"]}]},{"@type":"ImageObject","inLanguage":"ru-RU","@id":"https:\/\/beebipood.ee\/ru\/produkt\/maxi-cosi-nomad-plus-i-size-turvatool-authentic-black\/#primaryimage","url":"https:\/\/beebipood.ee\/wp-content\/uploads\/2018\/05\/MaxiCosi-Nomad-Plus-iSize-turvatool-Authentic-Black-UUED-TOOTED-Turvatoolid-hallid-Turvatoolid-918-kg-Turvavarustus_1-cff.jpg","contentUrl":"https:\/\/beebipood.ee\/wp-content\/uploads\/2018\/05\/MaxiCosi-Nomad-Plus-iSize-turvatool-Authentic-Black-UUED-TOOTED-Turvatoolid-hallid-Turvatoolid-918-kg-Turvavarustus_1-cff.jpg","width":1280,"height":1280},{"@type":"BreadcrumbList","@id":"https:\/\/beebipood.ee\/ru\/produkt\/maxi-cosi-nomad-plus-i-size-turvatool-authentic-black\/#breadcrumb","itemListElement":[{"@type":"ListItem","position":1,"name":"Home","item":"https:\/\/beebipood.ee\/ru\/"},{"@type":"ListItem","position":2,"name":"\u041a\u0430\u0442\u0430\u043b\u043e\u0433 \u0442\u043e\u0432\u0430\u0440\u043e\u0432","item":"https:\/\/beebipood.ee\/tooted\/"},{"@type":"ListItem","position":3,"name":"Maxi-Cosi Nomad Plus i-Size turvatool, Authentic Black"}]},{"@type":"WebSite","@id":"https:\/\/beebipood.ee\/ru\/#website","url":"https:\/\/beebipood.ee\/ru\/","name":"Beebipood","description":"Lastekaubad, beebikaubad, m\u00e4nguasjad","publisher":{"@id":"https:\/\/beebipood.ee\/ru\/#organization"},"potentialAction":[{"@type":"SearchAction","target":{"@type":"EntryPoint","urlTemplate":"https:\/\/beebipood.ee\/ru\/?s={search_term_string}"},"query-input":{"@type":"PropertyValueSpecification","valueRequired":true,"valueName":"search_term_string"}}],"inLanguage":"ru-RU"},{"@type":"Organization","@id":"https:\/\/beebipood.ee\/ru\/#organization","name":"Beebipood","url":"https:\/\/beebipood.ee\/ru\/","logo":{"@type":"ImageObject","inLanguage":"ru-RU","@id":"https:\/\/beebipood.ee\/ru\/#\/schema\/logo\/image\/","url":"https:\/\/beebipood.ee\/wp-content\/uploads\/2025\/03\/beebipood.ee-logo-1.svg","contentUrl":"https:\/\/beebipood.ee\/wp-content\/uploads\/2025\/03\/beebipood.ee-logo-1.svg","caption":"Beebipood"},"image":{"@id":"https:\/\/beebipood.ee\/ru\/#\/schema\/logo\/image\/"}}]}},"brands":[{"id":11961,"name":"Maxi-Cosi","slug":"maxi-cosi-ru"}],"_links":{"self":[{"href":"https:\/\/beebipood.ee\/ru\/wp-json\/wp\/v2\/product\/458137","targetHints":{"allow":["GET"]}}],"collection":[{"href":"https:\/\/beebipood.ee\/ru\/wp-json\/wp\/v2\/product"}],"about":[{"href":"https:\/\/beebipood.ee\/ru\/wp-json\/wp\/v2\/types\/product"}],"wp:featuredmedia":[{"embeddable":true,"href":"https:\/\/beebipood.ee\/ru\/wp-json\/wp\/v2\/media\/123645"}],"wp:attachment":[{"href":"https:\/\/beebipood.ee\/ru\/wp-json\/wp\/v2\/media?parent=458137"}],"wp:term":[{"taxonomy":"pwb-brand","embeddable":true,"href":"https:\/\/beebipood.ee\/ru\/wp-json\/wp\/v2\/pwb-brand?post=458137"},{"taxonomy":"product_brand","embeddable":true,"href":"https:\/\/beebipood.ee\/ru\/wp-json\/wp\/v2\/product_brand?post=458137"},{"taxonomy":"product_cat","embeddable":true,"href":"https:\/\/beebipood.ee\/ru\/wp-json\/wp\/v2\/product_cat?post=458137"},{"taxonomy":"product_tag","embeddable":true,"href":"https:\/\/beebipood.ee\/ru\/wp-json\/wp\/v2\/product_tag?post=458137"}],"curies":[{"name":"wp","href":"https:\/\/api.w.org\/{rel}","templated":true}]}}