{"id":458145,"date":"2018-05-17T06:48:05","date_gmt":"2018-05-17T03:48:05","guid":{"rendered":"https:\/\/beebipood.ee\/toode\/maxi-cosi-pebble-360-turvahall-familyfix-360-alus-twillic-truffle\/"},"modified":"2025-01-09T10:49:13","modified_gmt":"2025-01-09T08:49:13","slug":"maxi-cosi-pebble-360-turvahall-familyfix-360-alus-twillic-truffle","status":"publish","type":"product","link":"https:\/\/beebipood.ee\/ru\/produkt\/maxi-cosi-pebble-360-turvahall-familyfix-360-alus-twillic-truffle\/","title":{"rendered":"Maxi-Cosi Pebble 360 turvah\u00e4ll + FamilyFix 360 alus, Twillic Truffle"},"content":{"rendered":"<p><span>Unikaalne 360 kraadi p\u00f6\u00f6rlev turvah\u00e4ll,<\/span><br \/><span>mis pakub maksimaalselt mugavust ja turvalisust alatest lapse esimesest p\u00e4evast.<\/span><br \/><span>Pebble 360 turvah\u00e4ll sobitub Maxi-Cosi FamilyFix 360 aluse peale,<\/span><br \/><span>millel peal on v\u00f5imalik \u00fche k\u00e4ega keerata turvah\u00e4ll 90 kraadi ukse suunas.<\/span><br \/><span>T\u00e4iustatud higistamisvastase ClimaFlow lahenduse ning G-Cell k\u00fclgkaitse tehnoloogiaga.<\/span><br \/><span><br \/><span style=\"text-decoration: underline;\">Kasutajamugavus<\/span><\/span><br \/><span>FamilyFix 360 alusel on v\u00f5imalik Pebble 360 turvah\u00e4lli \u00fclimalt lihtsasti \u00fche k\u00e4ega keerata<\/span><br \/><span>\u00d5lav\u00f6\u00f6rihmad hoiavad avatud asendis, et last oleks lihtsam turvah\u00e4lli asetada<\/span><br \/><span>Kandesanga nurka on v\u00f5imalik n\u00fc\u00fcd veelgi lihtsamalt reguleerida<\/span><br \/><span>Kinnitub Maxi-Cosi jalutusk\u00e4rude ning enamus teiste br\u00e4ndide mudelite peale<\/span><br \/><span>Maxi-Cosi ja Quinny jalutusk\u00e4rude k\u00fcljest on lihtne eemaldada t\u00e4nua m\u00e4lus\u00fcsteemi nuppudele<\/span><br \/><span>Katteriie on eemaldatav ning masinpestav<\/span><br \/><span style=\"text-decoration: underline;\">Mugavus<\/span><br \/><span>Spetsiaalne ClimaFlow korpus &#8212; soodustab \u00f5huringlust ning aitab v\u00e4ltida higistamist<\/span><br \/><span>Turvah\u00e4lli rihmade ning peaosa on reguleeritav k\u00f5rgusesse (lihtsasti \u00fche k\u00e4ega)<\/span><br \/><span>Innovatiivne beebisisu tagab vasts\u00fcndinule parima turvalisuse ja mugavuse<\/span><br \/><span>Suur kaarvari, mis kaitseb last p\u00e4ikese eest<\/span><br \/><span style=\"text-decoration: underline;\">Turvalisus<\/span><br \/><span>Pebble 360 turvah\u00e4ll on t\u00e4iustatud G-CELL k\u00fclgkaitse tehnoloogiaga,<\/span><br \/><span>mis kaitseb lapse pead ja kaela k\u00fclgakokkup\u00f5rke korral<\/span><br \/><span>Vastab k\u00f5ige uuemale ning karmimale turvastandardile i-Size (R129\/03)<\/span><br \/><span>3-punkti kinnitusega turvarihmad<\/span><br \/><span style=\"text-decoration: underline;\">\u00dcldine<\/span><br \/><span>Kasutamiseks lastele alates s\u00fcnnist kuni 15. elukuuni<\/span><br \/><span>Pikkusele 40-83cm \/ 0-13kg<\/span><br \/><span style=\"text-decoration: underline;\">N\u00e4itajad<\/span><br \/><span>Kaal 4,3kg<\/span><br \/><span>M\u00f5\u00f5dud 44 x 67 x 35cm (laius, pikkus, k\u00f5rgus)<\/span><br \/><span><br \/><\/span><\/p>\n<p><span><span><span style=\"text-decoration: underline;\">FamilyFix 360<\/span> aluse<\/span><span>\u00a0peal m\u00f5\u00f5dud 70 x 64cm (pikkus, k\u00f5rgus)<\/span><span><br \/>J\u00e4rgmise turvatooli generatsiooni p\u00f6\u00f6rlev ISOFIX alus FamilyFix 360<\/span><br \/><span>v\u00f5imaldab \u00fche k\u00e4ega lihtsasti p\u00f6\u00f6rata nii turvah\u00e4lli kui ka turvatooli.<\/span><br \/><span>Sobib kasutamiseks Maxi-Cosi Pebble 360, Coral 360 ja Pearl 360 mudelitega.<\/span><br \/><span>M\u00f5eldud lastele alates s\u00fcnnist kuni 4. eluaastani \/ 40-105cm \/ 0-17,5kg<\/span><br \/><span style=\"text-decoration: underline;\">Kasutajamugavus<\/span><br \/><span>FamilyFix360 alusel on v\u00f5imalik lihtsasti \u00fche k\u00e4e abil p\u00f6\u00f6rata sobivaid turvah\u00e4lle ning turvatoole<\/span><br \/><span>FlexiSpin tehnoloogia v\u00f5imaldab p\u00f6\u00f6rata turvatooli \u00fcksk\u00f5ik millise kaldenurga all<\/span><br \/><span>(ka siis kui laps on magavas asendis)<\/span><br \/><span>Lihtne ja kiire kinnitus<\/span><br \/><span style=\"text-decoration: underline;\">Turvalisus<\/span><br \/><span>Turvaline autos\u00f5it lastele seljaga v\u00f5i n\u00e4oga s\u00f5idusuunas kuni 4. eluaastani<\/span><br \/><span>Kui turvah\u00e4ll v\u00f5i turvatool on korrektselt paigaldatud saate aluselt visuaalse ja helisignaaliga tagasiside<\/span><br \/><span>ISOFIX kinnitus ja tugijalg pakuvad k\u00f5ige turvalisemat, lihtsamat ning kiiremat lahendust turvah\u00e4ll kinnitamiseks<\/span><br \/><span>i-Size turvastandardile vastav<\/span><br \/><span style=\"text-decoration: underline;\">\u00dcldine<\/span><br \/><span>TravelSafe lukustus ei lase p\u00f6\u00f6rata turvah\u00e4lli n\u00e4oga s\u00f5idusuunda &#8212;<\/span><br \/><span>v\u00f5imaldab turvaliselt seljaga s\u00f5idusuunas s\u00f5ita kuni 15. elukuuni<\/span><br \/><span>M\u00f5eldud kasutamiseks lastele s\u00fcnnist kuni 4. eluaastani \/ pikkusele 40-105cm \/ kaalule 0-17,5kg<\/span><br \/><span style=\"text-decoration: underline;\">N\u00e4itajad<\/span><br \/><span>M\u00f5\u00f5dud 40 x 64 x 35,5cm (laius, pikkus, k\u00f5rgus)<\/span><br \/><span>Kaal 7,9kg<\/span><br \/><span style=\"text-decoration: underline;\">Sobivus<\/span><br \/><span>FamilyFix 360 alusele kinnituvad j\u00e4rgmised Maxi-Cosi tooted<\/span><br \/><span>Pebble 360 turvah\u00e4ll<\/span><br \/><span>Coral 360 turvah\u00e4ll<\/span><br \/><span>Pearl 360 turvah\u00e4ll<\/span><\/span><\/p>\n","protected":false},"excerpt":{"rendered":"<p>Unikaalne 360 kraadi p\u00f6\u00f6rlev turvah\u00e4ll,mis pakub maksimaalselt mugavust ja turvalisust alatest lapse esimesest p\u00e4evast.Pebble 360 turvah\u00e4ll sobitub Maxi-Cosi FamilyFix 360 aluse peale,millel peal on v\u00f5imalik \u00fche k\u00e4ega keerata turvah\u00e4ll 90 kraadi ukse suunas.T\u00e4iustatud higistamisvastase ClimaFlow lahenduse ning G-Cell k\u00fclgkaitse tehnoloogiaga.KasutajamugavusFamilyFix 360 alusel on v\u00f5imalik Pebble 360 turvah\u00e4lli \u00fclimalt lihtsasti \u00fche k\u00e4ega keerata\u00d5lav\u00f6\u00f6rihmad hoiavad avatud asendis, [&hellip;]<\/p>\n","protected":false},"featured_media":123721,"template":"","meta":{"_acf_changed":false},"pwb-brand":[11961],"product_brand":[],"product_cat":[11728,11726,11790],"product_tag":[],"class_list":{"0":"post-458145","1":"product","2":"type-product","3":"status-publish","4":"has-post-thumbnail","6":"pwb-brand-maxi-cosi-ru","7":"product_cat-turvatoolid-0-18-kg","8":"product_cat-turvatoolid-hallid","9":"product_cat-turvavarustus","10":"pa_manufacturer-maxi_cosi","12":"first","13":"outofstock","14":"taxable","15":"shipping-taxable","16":"purchasable","17":"product-type-simple"},"exclude_global_add_ons":[],"addons":[],"acf":[],"yoast_head":"<!-- This site is optimized with the Yoast SEO plugin v27.1.1 - https:\/\/yoast.com\/product\/yoast-seo-wordpress\/ -->\n<title>Maxi-Cosi Pebble 360 turvah\u00e4ll + FamilyFix 360 alus, Twillic Truffle, \u0421\u041a\u0418\u0414\u041a\u0418, \u0410\u0432\u0442\u043e\u043a\u0440\u0435\u0441\u043b\u0430, \u043b\u044e\u043b\u044c\u043a\u0438, \u0410\u0432\u0442\u043e\u043a\u0440\u0435\u0441\u043b\u0430 0-18 \u043a\u0433, \u0421\u043d\u0430\u0440\u044f\u0436\u0435\u043d\u0438\u044f \u0431\u0435\u0437\u043e\u043f\u0430\u0441\u043d\u043e\u0441\u0442\u0438, Beebipood<\/title>\n<meta name=\"description\" content=\"Maxi-Cosi Pebble 360 turvah\u00e4ll + FamilyFix 360 alus, Twillic Truffle, Unikaalne 360 kraadi p&ouml;&ouml;rlev turvah&auml;ll,mis pak\" \/>\n<meta name=\"robots\" content=\"index, follow, max-snippet:-1, max-image-preview:large, max-video-preview:-1\" \/>\n<link rel=\"canonical\" href=\"https:\/\/beebipood.ee\/ru\/produkt\/maxi-cosi-pebble-360-turvahall-familyfix-360-alus-twillic-truffle\/\" \/>\n<meta property=\"og:locale\" content=\"ru_RU\" \/>\n<meta property=\"og:type\" content=\"article\" \/>\n<meta property=\"og:title\" content=\"Maxi-Cosi Pebble 360 turvah\u00e4ll + FamilyFix 360 alus, Twillic Truffle, \u0421\u041a\u0418\u0414\u041a\u0418, \u0410\u0432\u0442\u043e\u043a\u0440\u0435\u0441\u043b\u0430, \u043b\u044e\u043b\u044c\u043a\u0438, \u0410\u0432\u0442\u043e\u043a\u0440\u0435\u0441\u043b\u0430 0-18 \u043a\u0433, \u0421\u043d\u0430\u0440\u044f\u0436\u0435\u043d\u0438\u044f \u0431\u0435\u0437\u043e\u043f\u0430\u0441\u043d\u043e\u0441\u0442\u0438, Beebipood\" \/>\n<meta property=\"og:description\" content=\"Maxi-Cosi Pebble 360 turvah\u00e4ll + FamilyFix 360 alus, Twillic Truffle, Unikaalne 360 kraadi p&ouml;&ouml;rlev turvah&auml;ll,mis pak\" \/>\n<meta property=\"og:url\" content=\"https:\/\/beebipood.ee\/ru\/produkt\/maxi-cosi-pebble-360-turvahall-familyfix-360-alus-twillic-truffle\/\" \/>\n<meta property=\"og:site_name\" content=\"Beebipood\" \/>\n<meta property=\"article:modified_time\" content=\"2025-01-09T08:49:13+00:00\" \/>\n<meta property=\"og:image\" content=\"https:\/\/beebipood.ee\/wp-content\/uploads\/2018\/05\/MaxiCosi-Pebble-360-turvahall-FamilyFix-360-alus-Twillic-Truffle-SOODUSPAKKUMISED-Turvatoolid-hallid-Turvatoolid-018-kg-Turvavarustus-SSS-Turvatoolid_1-e08.jpg\" \/>\n\t<meta property=\"og:image:width\" content=\"1200\" \/>\n\t<meta property=\"og:image:height\" content=\"1200\" \/>\n\t<meta property=\"og:image:type\" content=\"image\/jpeg\" \/>\n<meta name=\"twitter:card\" content=\"summary_large_image\" \/>\n<meta name=\"twitter:label1\" content=\"\u041f\u0440\u0438\u043c\u0435\u0440\u043d\u043e\u0435 \u0432\u0440\u0435\u043c\u044f \u0434\u043b\u044f \u0447\u0442\u0435\u043d\u0438\u044f\" \/>\n\t<meta name=\"twitter:data1\" content=\"2 \u043c\u0438\u043d\u0443\u0442\u044b\" \/>\n<script type=\"application\/ld+json\" class=\"yoast-schema-graph\">{\"@context\":\"https:\/\/schema.org\",\"@graph\":[{\"@type\":\"WebPage\",\"@id\":\"https:\/\/beebipood.ee\/ru\/produkt\/maxi-cosi-pebble-360-turvahall-familyfix-360-alus-twillic-truffle\/\",\"url\":\"https:\/\/beebipood.ee\/ru\/produkt\/maxi-cosi-pebble-360-turvahall-familyfix-360-alus-twillic-truffle\/\",\"name\":\"Maxi-Cosi Pebble 360 turvah\u00e4ll + FamilyFix 360 alus, Twillic Truffle, \u0421\u041a\u0418\u0414\u041a\u0418, \u0410\u0432\u0442\u043e\u043a\u0440\u0435\u0441\u043b\u0430, \u043b\u044e\u043b\u044c\u043a\u0438, \u0410\u0432\u0442\u043e\u043a\u0440\u0435\u0441\u043b\u0430 0-18 \u043a\u0433, \u0421\u043d\u0430\u0440\u044f\u0436\u0435\u043d\u0438\u044f \u0431\u0435\u0437\u043e\u043f\u0430\u0441\u043d\u043e\u0441\u0442\u0438, Beebipood\",\"isPartOf\":{\"@id\":\"https:\/\/beebipood.ee\/ru\/#website\"},\"primaryImageOfPage\":{\"@id\":\"https:\/\/beebipood.ee\/ru\/produkt\/maxi-cosi-pebble-360-turvahall-familyfix-360-alus-twillic-truffle\/#primaryimage\"},\"image\":{\"@id\":\"https:\/\/beebipood.ee\/ru\/produkt\/maxi-cosi-pebble-360-turvahall-familyfix-360-alus-twillic-truffle\/#primaryimage\"},\"thumbnailUrl\":\"https:\/\/beebipood.ee\/wp-content\/uploads\/2018\/05\/MaxiCosi-Pebble-360-turvahall-FamilyFix-360-alus-Twillic-Truffle-SOODUSPAKKUMISED-Turvatoolid-hallid-Turvatoolid-018-kg-Turvavarustus-SSS-Turvatoolid_1-e08.jpg\",\"datePublished\":\"2018-05-17T03:48:05+00:00\",\"dateModified\":\"2025-01-09T08:49:13+00:00\",\"description\":\"Maxi-Cosi Pebble 360 turvah\u00e4ll + FamilyFix 360 alus, Twillic Truffle, Unikaalne 360 kraadi p&ouml;&ouml;rlev turvah&auml;ll,mis pak\",\"breadcrumb\":{\"@id\":\"https:\/\/beebipood.ee\/ru\/produkt\/maxi-cosi-pebble-360-turvahall-familyfix-360-alus-twillic-truffle\/#breadcrumb\"},\"inLanguage\":\"ru-RU\",\"potentialAction\":[{\"@type\":\"ReadAction\",\"target\":[\"https:\/\/beebipood.ee\/ru\/produkt\/maxi-cosi-pebble-360-turvahall-familyfix-360-alus-twillic-truffle\/\"]}]},{\"@type\":\"ImageObject\",\"inLanguage\":\"ru-RU\",\"@id\":\"https:\/\/beebipood.ee\/ru\/produkt\/maxi-cosi-pebble-360-turvahall-familyfix-360-alus-twillic-truffle\/#primaryimage\",\"url\":\"https:\/\/beebipood.ee\/wp-content\/uploads\/2018\/05\/MaxiCosi-Pebble-360-turvahall-FamilyFix-360-alus-Twillic-Truffle-SOODUSPAKKUMISED-Turvatoolid-hallid-Turvatoolid-018-kg-Turvavarustus-SSS-Turvatoolid_1-e08.jpg\",\"contentUrl\":\"https:\/\/beebipood.ee\/wp-content\/uploads\/2018\/05\/MaxiCosi-Pebble-360-turvahall-FamilyFix-360-alus-Twillic-Truffle-SOODUSPAKKUMISED-Turvatoolid-hallid-Turvatoolid-018-kg-Turvavarustus-SSS-Turvatoolid_1-e08.jpg\",\"width\":1200,\"height\":1200},{\"@type\":\"BreadcrumbList\",\"@id\":\"https:\/\/beebipood.ee\/ru\/produkt\/maxi-cosi-pebble-360-turvahall-familyfix-360-alus-twillic-truffle\/#breadcrumb\",\"itemListElement\":[{\"@type\":\"ListItem\",\"position\":1,\"name\":\"Home\",\"item\":\"https:\/\/beebipood.ee\/ru\/\"},{\"@type\":\"ListItem\",\"position\":2,\"name\":\"\u041a\u0430\u0442\u0430\u043b\u043e\u0433 \u0442\u043e\u0432\u0430\u0440\u043e\u0432\",\"item\":\"https:\/\/beebipood.ee\/tooted\/\"},{\"@type\":\"ListItem\",\"position\":3,\"name\":\"Maxi-Cosi Pebble 360 turvah\u00e4ll + FamilyFix 360 alus, Twillic Truffle\"}]},{\"@type\":\"WebSite\",\"@id\":\"https:\/\/beebipood.ee\/ru\/#website\",\"url\":\"https:\/\/beebipood.ee\/ru\/\",\"name\":\"Beebipood\",\"description\":\"Lastekaubad, beebikaubad, m\u00e4nguasjad\",\"publisher\":{\"@id\":\"https:\/\/beebipood.ee\/ru\/#organization\"},\"potentialAction\":[{\"@type\":\"SearchAction\",\"target\":{\"@type\":\"EntryPoint\",\"urlTemplate\":\"https:\/\/beebipood.ee\/ru\/?s={search_term_string}\"},\"query-input\":{\"@type\":\"PropertyValueSpecification\",\"valueRequired\":true,\"valueName\":\"search_term_string\"}}],\"inLanguage\":\"ru-RU\"},{\"@type\":\"Organization\",\"@id\":\"https:\/\/beebipood.ee\/ru\/#organization\",\"name\":\"Beebipood\",\"url\":\"https:\/\/beebipood.ee\/ru\/\",\"logo\":{\"@type\":\"ImageObject\",\"inLanguage\":\"ru-RU\",\"@id\":\"https:\/\/beebipood.ee\/ru\/#\/schema\/logo\/image\/\",\"url\":\"https:\/\/beebipood.ee\/wp-content\/uploads\/2025\/03\/beebipood.ee-logo-1.svg\",\"contentUrl\":\"https:\/\/beebipood.ee\/wp-content\/uploads\/2025\/03\/beebipood.ee-logo-1.svg\",\"caption\":\"Beebipood\"},\"image\":{\"@id\":\"https:\/\/beebipood.ee\/ru\/#\/schema\/logo\/image\/\"}}]}<\/script>\n<!-- \/ Yoast SEO plugin. -->","yoast_head_json":{"title":"Maxi-Cosi Pebble 360 turvah\u00e4ll + FamilyFix 360 alus, Twillic Truffle, \u0421\u041a\u0418\u0414\u041a\u0418, \u0410\u0432\u0442\u043e\u043a\u0440\u0435\u0441\u043b\u0430, \u043b\u044e\u043b\u044c\u043a\u0438, \u0410\u0432\u0442\u043e\u043a\u0440\u0435\u0441\u043b\u0430 0-18 \u043a\u0433, \u0421\u043d\u0430\u0440\u044f\u0436\u0435\u043d\u0438\u044f \u0431\u0435\u0437\u043e\u043f\u0430\u0441\u043d\u043e\u0441\u0442\u0438, Beebipood","description":"Maxi-Cosi Pebble 360 turvah\u00e4ll + FamilyFix 360 alus, Twillic Truffle, Unikaalne 360 kraadi p&ouml;&ouml;rlev turvah&auml;ll,mis pak","robots":{"index":"index","follow":"follow","max-snippet":"max-snippet:-1","max-image-preview":"max-image-preview:large","max-video-preview":"max-video-preview:-1"},"canonical":"https:\/\/beebipood.ee\/ru\/produkt\/maxi-cosi-pebble-360-turvahall-familyfix-360-alus-twillic-truffle\/","og_locale":"ru_RU","og_type":"article","og_title":"Maxi-Cosi Pebble 360 turvah\u00e4ll + FamilyFix 360 alus, Twillic Truffle, \u0421\u041a\u0418\u0414\u041a\u0418, \u0410\u0432\u0442\u043e\u043a\u0440\u0435\u0441\u043b\u0430, \u043b\u044e\u043b\u044c\u043a\u0438, \u0410\u0432\u0442\u043e\u043a\u0440\u0435\u0441\u043b\u0430 0-18 \u043a\u0433, \u0421\u043d\u0430\u0440\u044f\u0436\u0435\u043d\u0438\u044f \u0431\u0435\u0437\u043e\u043f\u0430\u0441\u043d\u043e\u0441\u0442\u0438, Beebipood","og_description":"Maxi-Cosi Pebble 360 turvah\u00e4ll + FamilyFix 360 alus, Twillic Truffle, Unikaalne 360 kraadi p&ouml;&ouml;rlev turvah&auml;ll,mis pak","og_url":"https:\/\/beebipood.ee\/ru\/produkt\/maxi-cosi-pebble-360-turvahall-familyfix-360-alus-twillic-truffle\/","og_site_name":"Beebipood","article_modified_time":"2025-01-09T08:49:13+00:00","og_image":[{"width":1200,"height":1200,"url":"https:\/\/beebipood.ee\/wp-content\/uploads\/2018\/05\/MaxiCosi-Pebble-360-turvahall-FamilyFix-360-alus-Twillic-Truffle-SOODUSPAKKUMISED-Turvatoolid-hallid-Turvatoolid-018-kg-Turvavarustus-SSS-Turvatoolid_1-e08.jpg","type":"image\/jpeg"}],"twitter_card":"summary_large_image","twitter_misc":{"\u041f\u0440\u0438\u043c\u0435\u0440\u043d\u043e\u0435 \u0432\u0440\u0435\u043c\u044f \u0434\u043b\u044f \u0447\u0442\u0435\u043d\u0438\u044f":"2 \u043c\u0438\u043d\u0443\u0442\u044b"},"schema":{"@context":"https:\/\/schema.org","@graph":[{"@type":"WebPage","@id":"https:\/\/beebipood.ee\/ru\/produkt\/maxi-cosi-pebble-360-turvahall-familyfix-360-alus-twillic-truffle\/","url":"https:\/\/beebipood.ee\/ru\/produkt\/maxi-cosi-pebble-360-turvahall-familyfix-360-alus-twillic-truffle\/","name":"Maxi-Cosi Pebble 360 turvah\u00e4ll + FamilyFix 360 alus, Twillic Truffle, \u0421\u041a\u0418\u0414\u041a\u0418, \u0410\u0432\u0442\u043e\u043a\u0440\u0435\u0441\u043b\u0430, \u043b\u044e\u043b\u044c\u043a\u0438, \u0410\u0432\u0442\u043e\u043a\u0440\u0435\u0441\u043b\u0430 0-18 \u043a\u0433, \u0421\u043d\u0430\u0440\u044f\u0436\u0435\u043d\u0438\u044f \u0431\u0435\u0437\u043e\u043f\u0430\u0441\u043d\u043e\u0441\u0442\u0438, Beebipood","isPartOf":{"@id":"https:\/\/beebipood.ee\/ru\/#website"},"primaryImageOfPage":{"@id":"https:\/\/beebipood.ee\/ru\/produkt\/maxi-cosi-pebble-360-turvahall-familyfix-360-alus-twillic-truffle\/#primaryimage"},"image":{"@id":"https:\/\/beebipood.ee\/ru\/produkt\/maxi-cosi-pebble-360-turvahall-familyfix-360-alus-twillic-truffle\/#primaryimage"},"thumbnailUrl":"https:\/\/beebipood.ee\/wp-content\/uploads\/2018\/05\/MaxiCosi-Pebble-360-turvahall-FamilyFix-360-alus-Twillic-Truffle-SOODUSPAKKUMISED-Turvatoolid-hallid-Turvatoolid-018-kg-Turvavarustus-SSS-Turvatoolid_1-e08.jpg","datePublished":"2018-05-17T03:48:05+00:00","dateModified":"2025-01-09T08:49:13+00:00","description":"Maxi-Cosi Pebble 360 turvah\u00e4ll + FamilyFix 360 alus, Twillic Truffle, Unikaalne 360 kraadi p&ouml;&ouml;rlev turvah&auml;ll,mis pak","breadcrumb":{"@id":"https:\/\/beebipood.ee\/ru\/produkt\/maxi-cosi-pebble-360-turvahall-familyfix-360-alus-twillic-truffle\/#breadcrumb"},"inLanguage":"ru-RU","potentialAction":[{"@type":"ReadAction","target":["https:\/\/beebipood.ee\/ru\/produkt\/maxi-cosi-pebble-360-turvahall-familyfix-360-alus-twillic-truffle\/"]}]},{"@type":"ImageObject","inLanguage":"ru-RU","@id":"https:\/\/beebipood.ee\/ru\/produkt\/maxi-cosi-pebble-360-turvahall-familyfix-360-alus-twillic-truffle\/#primaryimage","url":"https:\/\/beebipood.ee\/wp-content\/uploads\/2018\/05\/MaxiCosi-Pebble-360-turvahall-FamilyFix-360-alus-Twillic-Truffle-SOODUSPAKKUMISED-Turvatoolid-hallid-Turvatoolid-018-kg-Turvavarustus-SSS-Turvatoolid_1-e08.jpg","contentUrl":"https:\/\/beebipood.ee\/wp-content\/uploads\/2018\/05\/MaxiCosi-Pebble-360-turvahall-FamilyFix-360-alus-Twillic-Truffle-SOODUSPAKKUMISED-Turvatoolid-hallid-Turvatoolid-018-kg-Turvavarustus-SSS-Turvatoolid_1-e08.jpg","width":1200,"height":1200},{"@type":"BreadcrumbList","@id":"https:\/\/beebipood.ee\/ru\/produkt\/maxi-cosi-pebble-360-turvahall-familyfix-360-alus-twillic-truffle\/#breadcrumb","itemListElement":[{"@type":"ListItem","position":1,"name":"Home","item":"https:\/\/beebipood.ee\/ru\/"},{"@type":"ListItem","position":2,"name":"\u041a\u0430\u0442\u0430\u043b\u043e\u0433 \u0442\u043e\u0432\u0430\u0440\u043e\u0432","item":"https:\/\/beebipood.ee\/tooted\/"},{"@type":"ListItem","position":3,"name":"Maxi-Cosi Pebble 360 turvah\u00e4ll + FamilyFix 360 alus, Twillic Truffle"}]},{"@type":"WebSite","@id":"https:\/\/beebipood.ee\/ru\/#website","url":"https:\/\/beebipood.ee\/ru\/","name":"Beebipood","description":"Lastekaubad, beebikaubad, m\u00e4nguasjad","publisher":{"@id":"https:\/\/beebipood.ee\/ru\/#organization"},"potentialAction":[{"@type":"SearchAction","target":{"@type":"EntryPoint","urlTemplate":"https:\/\/beebipood.ee\/ru\/?s={search_term_string}"},"query-input":{"@type":"PropertyValueSpecification","valueRequired":true,"valueName":"search_term_string"}}],"inLanguage":"ru-RU"},{"@type":"Organization","@id":"https:\/\/beebipood.ee\/ru\/#organization","name":"Beebipood","url":"https:\/\/beebipood.ee\/ru\/","logo":{"@type":"ImageObject","inLanguage":"ru-RU","@id":"https:\/\/beebipood.ee\/ru\/#\/schema\/logo\/image\/","url":"https:\/\/beebipood.ee\/wp-content\/uploads\/2025\/03\/beebipood.ee-logo-1.svg","contentUrl":"https:\/\/beebipood.ee\/wp-content\/uploads\/2025\/03\/beebipood.ee-logo-1.svg","caption":"Beebipood"},"image":{"@id":"https:\/\/beebipood.ee\/ru\/#\/schema\/logo\/image\/"}}]}},"brands":[{"id":11961,"name":"Maxi-Cosi","slug":"maxi-cosi-ru"}],"_links":{"self":[{"href":"https:\/\/beebipood.ee\/ru\/wp-json\/wp\/v2\/product\/458145","targetHints":{"allow":["GET"]}}],"collection":[{"href":"https:\/\/beebipood.ee\/ru\/wp-json\/wp\/v2\/product"}],"about":[{"href":"https:\/\/beebipood.ee\/ru\/wp-json\/wp\/v2\/types\/product"}],"wp:featuredmedia":[{"embeddable":true,"href":"https:\/\/beebipood.ee\/ru\/wp-json\/wp\/v2\/media\/123721"}],"wp:attachment":[{"href":"https:\/\/beebipood.ee\/ru\/wp-json\/wp\/v2\/media?parent=458145"}],"wp:term":[{"taxonomy":"pwb-brand","embeddable":true,"href":"https:\/\/beebipood.ee\/ru\/wp-json\/wp\/v2\/pwb-brand?post=458145"},{"taxonomy":"product_brand","embeddable":true,"href":"https:\/\/beebipood.ee\/ru\/wp-json\/wp\/v2\/product_brand?post=458145"},{"taxonomy":"product_cat","embeddable":true,"href":"https:\/\/beebipood.ee\/ru\/wp-json\/wp\/v2\/product_cat?post=458145"},{"taxonomy":"product_tag","embeddable":true,"href":"https:\/\/beebipood.ee\/ru\/wp-json\/wp\/v2\/product_tag?post=458145"}],"curies":[{"name":"wp","href":"https:\/\/api.w.org\/{rel}","templated":true}]}}