{"id":458163,"date":"2018-05-17T08:04:57","date_gmt":"2018-05-17T05:04:57","guid":{"rendered":"https:\/\/beebipood.ee\/toode\/maxi-cosi-iora-air-beebihall-voodi-korvale-beyond-green\/"},"modified":"2025-06-01T00:00:21","modified_gmt":"2025-05-31T21:00:21","slug":"maxi-cosi-iora-air-beebihall-voodi-korvale-beyond-green","status":"publish","type":"product","link":"https:\/\/beebipood.ee\/ru\/produkt\/maxi-cosi-iora-air-beebihall-voodi-korvale-beyond-green\/","title":{"rendered":"Maxi-Cosi Iora Air beebih\u00e4ll voodi k\u00f5rvale, Beyond Green"},"content":{"rendered":"<p>Uuendatud versioon Maxi-Cosi Iora beebih\u00e4llist, <br \/>mida \u00fcmbritseb igast k\u00fcljest hingav v\u00f5rkkangas. <br \/>T\u00e4nu Iora Air beebih\u00e4llile saad sa rahulikult magada teades, <br \/>et beebi on turvaliselt sinu k\u00e4eulatuses. <br \/>Iora on praktiline vooditasku, <br \/>mis on lihtasti reguleeritav ning millel on \u00fclimalt mugav madrats.<br \/><span style=\"text-decoration: underline;\"><br \/>Omadused:<\/span><br \/>2in1 lahendus &#8212; beebih\u00e4ll ning vooditasku<br \/>Beebih\u00e4lli kaugus voodist on reguleeritav<br \/>Reguleeritav k\u00f5rgus (5 astet) &#8212; v\u00f5imalik s\u00e4ttida \u00fcks pool k\u00f5rgemale, kui teine<br \/>\u00dcks k\u00fclg on allalastav<br \/>Lihtsasti kokkupandav<br \/>Mugav kaasas kanda koos transpordikotiga<br \/>\u00dchel pool rattad, mille abil on beebih\u00e4lli lihtne liigutada<br \/>Masinpestav kate<br \/>Suur hoiukorv &#8212; hoia k\u00f5ik vajalikud tarvikud k\u00e4ep\u00e4rast<br \/>Suurenenud hingavus ja ventilatsioon<br \/>\u00dclimalt mugav madrats<br \/>Rahustav kiikumisfunktsioon<br \/>Kaasas rihmad voodi k\u00fclge kinnitamiseks<br \/>EcoCare: valmistatud taaskasutatud kangastest<br \/><span style=\"text-decoration: underline;\">N\u00e4itajad:<\/span><br \/>Kaal: 9,4kg<br \/>M\u00f5\u00f5dud: 74,7-85,7 x 52,3 x 97cm (k\u00f5rgus, laius, pikkus)<br \/>Kandev\u00f5ime: 9kg<br \/>kasutamiseks lastele alates s\u00fcnnist<\/p>\n","protected":false},"excerpt":{"rendered":"<p>Uuendatud versioon Maxi-Cosi Iora beebih\u00e4llist, mida \u00fcmbritseb igast k\u00fcljest hingav v\u00f5rkkangas. T\u00e4nu Iora Air beebih\u00e4llile saad sa rahulikult magada teades, et beebi on turvaliselt sinu k\u00e4eulatuses. Iora on praktiline vooditasku, mis on lihtasti reguleeritav ning millel on \u00fclimalt mugav madrats.Omadused:2in1 lahendus &#8212; beebih\u00e4ll ning vooditaskuBeebih\u00e4lli kaugus voodist on reguleeritavReguleeritav k\u00f5rgus (5 astet) &#8212; v\u00f5imalik s\u00e4ttida [&hellip;]<\/p>\n","protected":false},"featured_media":123851,"template":"","meta":{"_acf_changed":false},"pwb-brand":[11961],"product_brand":[],"product_cat":[11573,11571],"product_tag":[],"class_list":{"0":"post-458163","1":"product","2":"type-product","3":"status-publish","4":"has-post-thumbnail","6":"pwb-brand-maxi-cosi-ru","7":"product_cat-sooduspakkumised-ru","8":"product_cat-hallid-ja-vooditaskud-ru","9":"pa_manufacturer-maxi_cosi-ru","11":"first","12":"onbackorder","13":"sale","14":"taxable","15":"shipping-taxable","16":"purchasable","17":"product-type-simple"},"exclude_global_add_ons":[],"addons":[],"acf":[],"yoast_head":"<!-- This site is optimized with the Yoast SEO plugin v27.1.1 - https:\/\/yoast.com\/product\/yoast-seo-wordpress\/ -->\n<title>Maxi-Cosi Iora Air beebih\u00e4ll voodi k\u00f5rvale, Beyond Green, \u041b\u044e\u043b\u044c\u043a\u0438 \u0438 \u043a\u0430\u0440\u043c\u0430\u0448\u043a\u0438 \u0434\u043b\u044f \u043a\u0440\u043e\u0432\u0430\u0442\u043a\u0438, \u0421\u041a\u0418\u0414\u041a\u0418, \u0428\u0438\u0440\u0438\u043d\u043e\u0439 \u0434\u043e 160 \u0441\u043c , Beebipood<\/title>\n<meta name=\"description\" content=\"Maxi-Cosi Iora Air beebih\u00e4ll voodi k\u00f5rvale, Beyond Green, Uuendatud versioon Maxi-Cosi Iora beebih&auml;llist, mida &uuml;mbritseb igast k&uuml;ljest\" \/>\n<meta name=\"robots\" content=\"index, follow, max-snippet:-1, max-image-preview:large, max-video-preview:-1\" \/>\n<link rel=\"canonical\" href=\"https:\/\/beebipood.ee\/ru\/produkt\/maxi-cosi-iora-air-beebihall-voodi-korvale-beyond-green\/\" \/>\n<meta property=\"og:locale\" content=\"ru_RU\" \/>\n<meta property=\"og:type\" content=\"article\" \/>\n<meta property=\"og:title\" content=\"Maxi-Cosi Iora Air beebih\u00e4ll voodi k\u00f5rvale, Beyond Green, \u041b\u044e\u043b\u044c\u043a\u0438 \u0438 \u043a\u0430\u0440\u043c\u0430\u0448\u043a\u0438 \u0434\u043b\u044f \u043a\u0440\u043e\u0432\u0430\u0442\u043a\u0438, \u0421\u041a\u0418\u0414\u041a\u0418, \u0428\u0438\u0440\u0438\u043d\u043e\u0439 \u0434\u043e 160 \u0441\u043c , Beebipood\" \/>\n<meta property=\"og:description\" content=\"Maxi-Cosi Iora Air beebih\u00e4ll voodi k\u00f5rvale, Beyond Green, Uuendatud versioon Maxi-Cosi Iora beebih&auml;llist, mida &uuml;mbritseb igast k&uuml;ljest\" \/>\n<meta property=\"og:url\" content=\"https:\/\/beebipood.ee\/ru\/produkt\/maxi-cosi-iora-air-beebihall-voodi-korvale-beyond-green\/\" \/>\n<meta property=\"og:site_name\" content=\"Beebipood\" \/>\n<meta property=\"article:modified_time\" content=\"2025-05-31T21:00:21+00:00\" \/>\n<meta name=\"twitter:card\" content=\"summary_large_image\" \/>\n<meta name=\"twitter:label1\" content=\"\u041f\u0440\u0438\u043c\u0435\u0440\u043d\u043e\u0435 \u0432\u0440\u0435\u043c\u044f \u0434\u043b\u044f \u0447\u0442\u0435\u043d\u0438\u044f\" \/>\n\t<meta name=\"twitter:data1\" content=\"1 \u043c\u0438\u043d\u0443\u0442\u0430\" \/>\n<script type=\"application\/ld+json\" class=\"yoast-schema-graph\">{\"@context\":\"https:\/\/schema.org\",\"@graph\":[{\"@type\":\"WebPage\",\"@id\":\"https:\/\/beebipood.ee\/ru\/produkt\/maxi-cosi-iora-air-beebihall-voodi-korvale-beyond-green\/\",\"url\":\"https:\/\/beebipood.ee\/ru\/produkt\/maxi-cosi-iora-air-beebihall-voodi-korvale-beyond-green\/\",\"name\":\"Maxi-Cosi Iora Air beebih\u00e4ll voodi k\u00f5rvale, Beyond Green, \u041b\u044e\u043b\u044c\u043a\u0438 \u0438 \u043a\u0430\u0440\u043c\u0430\u0448\u043a\u0438 \u0434\u043b\u044f \u043a\u0440\u043e\u0432\u0430\u0442\u043a\u0438, \u0421\u041a\u0418\u0414\u041a\u0418, \u0428\u0438\u0440\u0438\u043d\u043e\u0439 \u0434\u043e 160 \u0441\u043c , Beebipood\",\"isPartOf\":{\"@id\":\"https:\/\/beebipood.ee\/ru\/#website\"},\"primaryImageOfPage\":{\"@id\":\"https:\/\/beebipood.ee\/ru\/produkt\/maxi-cosi-iora-air-beebihall-voodi-korvale-beyond-green\/#primaryimage\"},\"image\":{\"@id\":\"https:\/\/beebipood.ee\/ru\/produkt\/maxi-cosi-iora-air-beebihall-voodi-korvale-beyond-green\/#primaryimage\"},\"thumbnailUrl\":\"https:\/\/beebipood.ee\/wp-content\/uploads\/2018\/05\/MaxiCosi-Iora-Air-beebihall-voodi-korvale-Beyond-Green-Turvatoolid-hallid-Turvatoolid-918-kg-Turvavarustus_2-dae.jpg\",\"datePublished\":\"2018-05-17T05:04:57+00:00\",\"dateModified\":\"2025-05-31T21:00:21+00:00\",\"description\":\"Maxi-Cosi Iora Air beebih\u00e4ll voodi k\u00f5rvale, Beyond Green, Uuendatud versioon Maxi-Cosi Iora beebih&auml;llist, mida &uuml;mbritseb igast k&uuml;ljest\",\"breadcrumb\":{\"@id\":\"https:\/\/beebipood.ee\/ru\/produkt\/maxi-cosi-iora-air-beebihall-voodi-korvale-beyond-green\/#breadcrumb\"},\"inLanguage\":\"ru-RU\",\"potentialAction\":[{\"@type\":\"ReadAction\",\"target\":[\"https:\/\/beebipood.ee\/ru\/produkt\/maxi-cosi-iora-air-beebihall-voodi-korvale-beyond-green\/\"]}]},{\"@type\":\"ImageObject\",\"inLanguage\":\"ru-RU\",\"@id\":\"https:\/\/beebipood.ee\/ru\/produkt\/maxi-cosi-iora-air-beebihall-voodi-korvale-beyond-green\/#primaryimage\",\"url\":\"https:\/\/beebipood.ee\/wp-content\/uploads\/2018\/05\/MaxiCosi-Iora-Air-beebihall-voodi-korvale-Beyond-Green-Turvatoolid-hallid-Turvatoolid-918-kg-Turvavarustus_2-dae.jpg\",\"contentUrl\":\"https:\/\/beebipood.ee\/wp-content\/uploads\/2018\/05\/MaxiCosi-Iora-Air-beebihall-voodi-korvale-Beyond-Green-Turvatoolid-hallid-Turvatoolid-918-kg-Turvavarustus_2-dae.jpg\",\"width\":1191,\"height\":1200},{\"@type\":\"BreadcrumbList\",\"@id\":\"https:\/\/beebipood.ee\/ru\/produkt\/maxi-cosi-iora-air-beebihall-voodi-korvale-beyond-green\/#breadcrumb\",\"itemListElement\":[{\"@type\":\"ListItem\",\"position\":1,\"name\":\"Home\",\"item\":\"https:\/\/beebipood.ee\/ru\/\"},{\"@type\":\"ListItem\",\"position\":2,\"name\":\"\u041a\u0430\u0442\u0430\u043b\u043e\u0433 \u0442\u043e\u0432\u0430\u0440\u043e\u0432\",\"item\":\"https:\/\/beebipood.ee\/tooted\/\"},{\"@type\":\"ListItem\",\"position\":3,\"name\":\"Maxi-Cosi Iora Air beebih\u00e4ll voodi k\u00f5rvale, Beyond Green\"}]},{\"@type\":\"WebSite\",\"@id\":\"https:\/\/beebipood.ee\/ru\/#website\",\"url\":\"https:\/\/beebipood.ee\/ru\/\",\"name\":\"Beebipood\",\"description\":\"Lastekaubad, beebikaubad, m\u00e4nguasjad\",\"publisher\":{\"@id\":\"https:\/\/beebipood.ee\/ru\/#organization\"},\"potentialAction\":[{\"@type\":\"SearchAction\",\"target\":{\"@type\":\"EntryPoint\",\"urlTemplate\":\"https:\/\/beebipood.ee\/ru\/?s={search_term_string}\"},\"query-input\":{\"@type\":\"PropertyValueSpecification\",\"valueRequired\":true,\"valueName\":\"search_term_string\"}}],\"inLanguage\":\"ru-RU\"},{\"@type\":\"Organization\",\"@id\":\"https:\/\/beebipood.ee\/ru\/#organization\",\"name\":\"Beebipood\",\"url\":\"https:\/\/beebipood.ee\/ru\/\",\"logo\":{\"@type\":\"ImageObject\",\"inLanguage\":\"ru-RU\",\"@id\":\"https:\/\/beebipood.ee\/ru\/#\/schema\/logo\/image\/\",\"url\":\"https:\/\/beebipood.ee\/wp-content\/uploads\/2025\/03\/beebipood.ee-logo-1.svg\",\"contentUrl\":\"https:\/\/beebipood.ee\/wp-content\/uploads\/2025\/03\/beebipood.ee-logo-1.svg\",\"caption\":\"Beebipood\"},\"image\":{\"@id\":\"https:\/\/beebipood.ee\/ru\/#\/schema\/logo\/image\/\"}}]}<\/script>\n<!-- \/ Yoast SEO plugin. -->","yoast_head_json":{"title":"Maxi-Cosi Iora Air beebih\u00e4ll voodi k\u00f5rvale, Beyond Green, \u041b\u044e\u043b\u044c\u043a\u0438 \u0438 \u043a\u0430\u0440\u043c\u0430\u0448\u043a\u0438 \u0434\u043b\u044f \u043a\u0440\u043e\u0432\u0430\u0442\u043a\u0438, \u0421\u041a\u0418\u0414\u041a\u0418, \u0428\u0438\u0440\u0438\u043d\u043e\u0439 \u0434\u043e 160 \u0441\u043c , Beebipood","description":"Maxi-Cosi Iora Air beebih\u00e4ll voodi k\u00f5rvale, Beyond Green, Uuendatud versioon Maxi-Cosi Iora beebih&auml;llist, mida &uuml;mbritseb igast k&uuml;ljest","robots":{"index":"index","follow":"follow","max-snippet":"max-snippet:-1","max-image-preview":"max-image-preview:large","max-video-preview":"max-video-preview:-1"},"canonical":"https:\/\/beebipood.ee\/ru\/produkt\/maxi-cosi-iora-air-beebihall-voodi-korvale-beyond-green\/","og_locale":"ru_RU","og_type":"article","og_title":"Maxi-Cosi Iora Air beebih\u00e4ll voodi k\u00f5rvale, Beyond Green, \u041b\u044e\u043b\u044c\u043a\u0438 \u0438 \u043a\u0430\u0440\u043c\u0430\u0448\u043a\u0438 \u0434\u043b\u044f \u043a\u0440\u043e\u0432\u0430\u0442\u043a\u0438, \u0421\u041a\u0418\u0414\u041a\u0418, \u0428\u0438\u0440\u0438\u043d\u043e\u0439 \u0434\u043e 160 \u0441\u043c , Beebipood","og_description":"Maxi-Cosi Iora Air beebih\u00e4ll voodi k\u00f5rvale, Beyond Green, Uuendatud versioon Maxi-Cosi Iora beebih&auml;llist, mida &uuml;mbritseb igast k&uuml;ljest","og_url":"https:\/\/beebipood.ee\/ru\/produkt\/maxi-cosi-iora-air-beebihall-voodi-korvale-beyond-green\/","og_site_name":"Beebipood","article_modified_time":"2025-05-31T21:00:21+00:00","twitter_card":"summary_large_image","twitter_misc":{"\u041f\u0440\u0438\u043c\u0435\u0440\u043d\u043e\u0435 \u0432\u0440\u0435\u043c\u044f \u0434\u043b\u044f \u0447\u0442\u0435\u043d\u0438\u044f":"1 \u043c\u0438\u043d\u0443\u0442\u0430"},"schema":{"@context":"https:\/\/schema.org","@graph":[{"@type":"WebPage","@id":"https:\/\/beebipood.ee\/ru\/produkt\/maxi-cosi-iora-air-beebihall-voodi-korvale-beyond-green\/","url":"https:\/\/beebipood.ee\/ru\/produkt\/maxi-cosi-iora-air-beebihall-voodi-korvale-beyond-green\/","name":"Maxi-Cosi Iora Air beebih\u00e4ll voodi k\u00f5rvale, Beyond Green, \u041b\u044e\u043b\u044c\u043a\u0438 \u0438 \u043a\u0430\u0440\u043c\u0430\u0448\u043a\u0438 \u0434\u043b\u044f \u043a\u0440\u043e\u0432\u0430\u0442\u043a\u0438, \u0421\u041a\u0418\u0414\u041a\u0418, \u0428\u0438\u0440\u0438\u043d\u043e\u0439 \u0434\u043e 160 \u0441\u043c , Beebipood","isPartOf":{"@id":"https:\/\/beebipood.ee\/ru\/#website"},"primaryImageOfPage":{"@id":"https:\/\/beebipood.ee\/ru\/produkt\/maxi-cosi-iora-air-beebihall-voodi-korvale-beyond-green\/#primaryimage"},"image":{"@id":"https:\/\/beebipood.ee\/ru\/produkt\/maxi-cosi-iora-air-beebihall-voodi-korvale-beyond-green\/#primaryimage"},"thumbnailUrl":"https:\/\/beebipood.ee\/wp-content\/uploads\/2018\/05\/MaxiCosi-Iora-Air-beebihall-voodi-korvale-Beyond-Green-Turvatoolid-hallid-Turvatoolid-918-kg-Turvavarustus_2-dae.jpg","datePublished":"2018-05-17T05:04:57+00:00","dateModified":"2025-05-31T21:00:21+00:00","description":"Maxi-Cosi Iora Air beebih\u00e4ll voodi k\u00f5rvale, Beyond Green, Uuendatud versioon Maxi-Cosi Iora beebih&auml;llist, mida &uuml;mbritseb igast k&uuml;ljest","breadcrumb":{"@id":"https:\/\/beebipood.ee\/ru\/produkt\/maxi-cosi-iora-air-beebihall-voodi-korvale-beyond-green\/#breadcrumb"},"inLanguage":"ru-RU","potentialAction":[{"@type":"ReadAction","target":["https:\/\/beebipood.ee\/ru\/produkt\/maxi-cosi-iora-air-beebihall-voodi-korvale-beyond-green\/"]}]},{"@type":"ImageObject","inLanguage":"ru-RU","@id":"https:\/\/beebipood.ee\/ru\/produkt\/maxi-cosi-iora-air-beebihall-voodi-korvale-beyond-green\/#primaryimage","url":"https:\/\/beebipood.ee\/wp-content\/uploads\/2018\/05\/MaxiCosi-Iora-Air-beebihall-voodi-korvale-Beyond-Green-Turvatoolid-hallid-Turvatoolid-918-kg-Turvavarustus_2-dae.jpg","contentUrl":"https:\/\/beebipood.ee\/wp-content\/uploads\/2018\/05\/MaxiCosi-Iora-Air-beebihall-voodi-korvale-Beyond-Green-Turvatoolid-hallid-Turvatoolid-918-kg-Turvavarustus_2-dae.jpg","width":1191,"height":1200},{"@type":"BreadcrumbList","@id":"https:\/\/beebipood.ee\/ru\/produkt\/maxi-cosi-iora-air-beebihall-voodi-korvale-beyond-green\/#breadcrumb","itemListElement":[{"@type":"ListItem","position":1,"name":"Home","item":"https:\/\/beebipood.ee\/ru\/"},{"@type":"ListItem","position":2,"name":"\u041a\u0430\u0442\u0430\u043b\u043e\u0433 \u0442\u043e\u0432\u0430\u0440\u043e\u0432","item":"https:\/\/beebipood.ee\/tooted\/"},{"@type":"ListItem","position":3,"name":"Maxi-Cosi Iora Air beebih\u00e4ll voodi k\u00f5rvale, Beyond Green"}]},{"@type":"WebSite","@id":"https:\/\/beebipood.ee\/ru\/#website","url":"https:\/\/beebipood.ee\/ru\/","name":"Beebipood","description":"Lastekaubad, beebikaubad, m\u00e4nguasjad","publisher":{"@id":"https:\/\/beebipood.ee\/ru\/#organization"},"potentialAction":[{"@type":"SearchAction","target":{"@type":"EntryPoint","urlTemplate":"https:\/\/beebipood.ee\/ru\/?s={search_term_string}"},"query-input":{"@type":"PropertyValueSpecification","valueRequired":true,"valueName":"search_term_string"}}],"inLanguage":"ru-RU"},{"@type":"Organization","@id":"https:\/\/beebipood.ee\/ru\/#organization","name":"Beebipood","url":"https:\/\/beebipood.ee\/ru\/","logo":{"@type":"ImageObject","inLanguage":"ru-RU","@id":"https:\/\/beebipood.ee\/ru\/#\/schema\/logo\/image\/","url":"https:\/\/beebipood.ee\/wp-content\/uploads\/2025\/03\/beebipood.ee-logo-1.svg","contentUrl":"https:\/\/beebipood.ee\/wp-content\/uploads\/2025\/03\/beebipood.ee-logo-1.svg","caption":"Beebipood"},"image":{"@id":"https:\/\/beebipood.ee\/ru\/#\/schema\/logo\/image\/"}}]}},"brands":[{"id":11961,"name":"Maxi-Cosi","slug":"maxi-cosi-ru"}],"_links":{"self":[{"href":"https:\/\/beebipood.ee\/ru\/wp-json\/wp\/v2\/product\/458163","targetHints":{"allow":["GET"]}}],"collection":[{"href":"https:\/\/beebipood.ee\/ru\/wp-json\/wp\/v2\/product"}],"about":[{"href":"https:\/\/beebipood.ee\/ru\/wp-json\/wp\/v2\/types\/product"}],"wp:featuredmedia":[{"embeddable":true,"href":"https:\/\/beebipood.ee\/ru\/wp-json\/wp\/v2\/media\/123851"}],"wp:attachment":[{"href":"https:\/\/beebipood.ee\/ru\/wp-json\/wp\/v2\/media?parent=458163"}],"wp:term":[{"taxonomy":"pwb-brand","embeddable":true,"href":"https:\/\/beebipood.ee\/ru\/wp-json\/wp\/v2\/pwb-brand?post=458163"},{"taxonomy":"product_brand","embeddable":true,"href":"https:\/\/beebipood.ee\/ru\/wp-json\/wp\/v2\/product_brand?post=458163"},{"taxonomy":"product_cat","embeddable":true,"href":"https:\/\/beebipood.ee\/ru\/wp-json\/wp\/v2\/product_cat?post=458163"},{"taxonomy":"product_tag","embeddable":true,"href":"https:\/\/beebipood.ee\/ru\/wp-json\/wp\/v2\/product_tag?post=458163"}],"curies":[{"name":"wp","href":"https:\/\/api.w.org\/{rel}","templated":true}]}}