{"id":458169,"date":"2018-05-17T13:31:11","date_gmt":"2018-05-17T10:31:11","guid":{"rendered":"https:\/\/beebipood.ee\/toode\/maxi-cosi-rodifix-m-i-size-turvatool-basic-grey\/"},"modified":"2025-03-31T01:00:37","modified_gmt":"2025-03-30T22:00:37","slug":"maxi-cosi-rodifix-m-i-size-turvatool-basic-grey","status":"publish","type":"product","link":"https:\/\/beebipood.ee\/ru\/produkt\/maxi-cosi-rodifix-m-i-size-turvatool-basic-grey\/","title":{"rendered":"Maxi-Cosi RodiFix M i-Size turvatool, Basic Grey"},"content":{"rendered":"<p>RodiFix M i-Size on turvatool, mis pakub aastate pikkust turvalisust <br \/>ning kohaneb lapse kasvuga, tagades pideva kaitse s\u00f5itude ajal. <br \/>Sellel on integreeritud G-CELL k\u00fcljekaitse s\u00fcsteem, <br \/>mis vastab k\u00f5rgeimatele ohutusstandarditele, <br \/>tagades lapse turvalisuse pikkuses 100-150cm (lapse kaal 15-36kg).<br \/><span style=\"text-decoration: underline;\"><br \/>Kasutajas\u00f5bralikkus<\/span><br \/>ISOFIX kinnitus &#8212; lihtsasti paigaldatav<br \/>Pea- ja seljatoe \u00fcheaegne reguleerimine<br \/>Auto turvav\u00f6\u00f6d on lapsele v\u00f5imalik kinnitada v\u00e4ga kiiresti ja lihtsalt<br \/>Eemaldatav ja pestav katteriie<br \/><span style=\"text-decoration: underline;\">Mugavus<\/span><br \/>RodiFix M i-Size turvatooli k\u00f5rgus on reguleeritav, <br \/>et sobituda sinu kasvava lapsega<br \/>Sobitub ilusti autoistmega, et tagada mugav asend sinu lapsele<br \/><span style=\"text-decoration: underline;\">Turvalisus<\/span><br \/>Vastab i-Size turvastandardile<br \/>G-CELL k\u00fclgkaitse pakub suurep\u00e4rast kaitset k\u00fclgkokkup\u00f5rke korral<br \/><span style=\"text-decoration: underline;\">\u00dcldine<\/span><br \/>Turvatooli suurus v\u00f5imaldab kinnitada 3 turvatooli \u00fchele reale, <br \/>et kogu pere mahuks autosse<br \/>N\u00e4oga s\u00f5idusuunas turvatool, mis v\u00f5imaldab vahetut suhtlust oma lapsega<br \/>M\u00f5eldud lastele pikkusega 100-150cm<br \/>Sobib kasutamiseks ka selliselt, et turvatool <br \/>ja laps on kinnitatud ainult auto turvav\u00f6\u00f6ga<br \/><span style=\"text-decoration: underline;\">N\u00e4itajad<\/span><br \/>Kaal 5,7kg<br \/>Turvatooli m\u00f5\u00f5dud 49 x 56-72 x 44-55cm (laius, k\u00f5rgus, pikkus)<br \/>Turvatooli isteosa m\u00f5\u00f5dud 30 x 10 x 55-71cm (laius, s\u00fcgavus, k\u00f5rgus)<\/p>\n","protected":false},"excerpt":{"rendered":"<p>RodiFix M i-Size on turvatool, mis pakub aastate pikkust turvalisust ning kohaneb lapse kasvuga, tagades pideva kaitse s\u00f5itude ajal. Sellel on integreeritud G-CELL k\u00fcljekaitse s\u00fcsteem, mis vastab k\u00f5rgeimatele ohutusstandarditele, tagades lapse turvalisuse pikkuses 100-150cm (lapse kaal 15-36kg).Kasutajas\u00f5bralikkusISOFIX kinnitus &#8212; lihtsasti paigaldatavPea- ja seljatoe \u00fcheaegne reguleerimineAuto turvav\u00f6\u00f6d on lapsele v\u00f5imalik kinnitada v\u00e4ga kiiresti ja lihtsaltEemaldatav ja [&hellip;]<\/p>\n","protected":false},"featured_media":123966,"template":"","meta":{"_acf_changed":false},"pwb-brand":[11961],"product_brand":[],"product_cat":[11727,11739,11791],"product_tag":[],"class_list":{"0":"post-458169","1":"product","2":"type-product","3":"status-publish","4":"has-post-thumbnail","6":"pwb-brand-maxi-cosi-ru","7":"product_cat-turvatoolid-hallid-ru","8":"product_cat-turvatoolid-15-36-kg-ru","9":"product_cat-turvavarustus-ru","10":"pa_manufacturer-maxi_cosi-ru","12":"first","13":"onbackorder","14":"taxable","15":"shipping-taxable","16":"purchasable","17":"product-type-simple"},"exclude_global_add_ons":[],"addons":[],"acf":[],"yoast_head":"<!-- This site is optimized with the Yoast SEO plugin v27.1.1 - https:\/\/yoast.com\/product\/yoast-seo-wordpress\/ -->\n<title>Maxi-Cosi RodiFix M i-Size turvatool, Basic Grey, \u0421\u041a\u0418\u0414\u041a\u0418, \u0410\u0432\u0442\u043e\u043a\u0440\u0435\u0441\u043b\u0430, \u043b\u044e\u043b\u044c\u043a\u0438, \u0410\u0432\u0442\u043e\u043a\u0440\u0435\u0441\u043b\u0430 15-36 \u043a\u0433, \u0421\u043d\u0430\u0440\u044f\u0436\u0435\u043d\u0438\u044f \u0431\u0435\u0437\u043e\u043f\u0430\u0441\u043d\u043e\u0441\u0442\u0438, Beebipood<\/title>\n<meta name=\"description\" content=\"Maxi-Cosi RodiFix M i-Size turvatool, Basic Grey, RodiFix M i-Size on turvatool, mis pakub aastate pikkust turvalisust ning kohaneb lapse kasvuga, taga\" \/>\n<meta name=\"robots\" content=\"index, follow, max-snippet:-1, max-image-preview:large, max-video-preview:-1\" \/>\n<link rel=\"canonical\" href=\"https:\/\/beebipood.ee\/ru\/produkt\/maxi-cosi-rodifix-m-i-size-turvatool-basic-grey\/\" \/>\n<meta property=\"og:locale\" content=\"ru_RU\" \/>\n<meta property=\"og:type\" content=\"article\" \/>\n<meta property=\"og:title\" content=\"Maxi-Cosi RodiFix M i-Size turvatool, Basic Grey, \u0421\u041a\u0418\u0414\u041a\u0418, \u0410\u0432\u0442\u043e\u043a\u0440\u0435\u0441\u043b\u0430, \u043b\u044e\u043b\u044c\u043a\u0438, \u0410\u0432\u0442\u043e\u043a\u0440\u0435\u0441\u043b\u0430 15-36 \u043a\u0433, \u0421\u043d\u0430\u0440\u044f\u0436\u0435\u043d\u0438\u044f \u0431\u0435\u0437\u043e\u043f\u0430\u0441\u043d\u043e\u0441\u0442\u0438, Beebipood\" \/>\n<meta property=\"og:description\" content=\"Maxi-Cosi RodiFix M i-Size turvatool, Basic Grey, RodiFix M i-Size on turvatool, mis pakub aastate pikkust turvalisust ning kohaneb lapse kasvuga, taga\" \/>\n<meta property=\"og:url\" content=\"https:\/\/beebipood.ee\/ru\/produkt\/maxi-cosi-rodifix-m-i-size-turvatool-basic-grey\/\" \/>\n<meta property=\"og:site_name\" content=\"Beebipood\" \/>\n<meta property=\"article:modified_time\" content=\"2025-03-30T22:00:37+00:00\" \/>\n<meta property=\"og:image\" content=\"https:\/\/beebipood.ee\/wp-content\/uploads\/2018\/05\/MaxiCosi-RodiFix-M-iSize-turvatool-Basic-Grey-UUED-TOOTED-Turvatoolid-hallid-Turvatoolid-1536-kg-Turvavarustus_3-47b.jpg\" \/>\n\t<meta property=\"og:image:width\" content=\"1062\" \/>\n\t<meta property=\"og:image:height\" content=\"1200\" \/>\n\t<meta property=\"og:image:type\" content=\"image\/jpeg\" \/>\n<meta name=\"twitter:card\" content=\"summary_large_image\" \/>\n<meta name=\"twitter:label1\" content=\"\u041f\u0440\u0438\u043c\u0435\u0440\u043d\u043e\u0435 \u0432\u0440\u0435\u043c\u044f \u0434\u043b\u044f \u0447\u0442\u0435\u043d\u0438\u044f\" \/>\n\t<meta name=\"twitter:data1\" content=\"1 \u043c\u0438\u043d\u0443\u0442\u0430\" \/>\n<script type=\"application\/ld+json\" class=\"yoast-schema-graph\">{\"@context\":\"https:\/\/schema.org\",\"@graph\":[{\"@type\":\"WebPage\",\"@id\":\"https:\/\/beebipood.ee\/ru\/produkt\/maxi-cosi-rodifix-m-i-size-turvatool-basic-grey\/\",\"url\":\"https:\/\/beebipood.ee\/ru\/produkt\/maxi-cosi-rodifix-m-i-size-turvatool-basic-grey\/\",\"name\":\"Maxi-Cosi RodiFix M i-Size turvatool, Basic Grey, \u0421\u041a\u0418\u0414\u041a\u0418, \u0410\u0432\u0442\u043e\u043a\u0440\u0435\u0441\u043b\u0430, \u043b\u044e\u043b\u044c\u043a\u0438, \u0410\u0432\u0442\u043e\u043a\u0440\u0435\u0441\u043b\u0430 15-36 \u043a\u0433, \u0421\u043d\u0430\u0440\u044f\u0436\u0435\u043d\u0438\u044f \u0431\u0435\u0437\u043e\u043f\u0430\u0441\u043d\u043e\u0441\u0442\u0438, Beebipood\",\"isPartOf\":{\"@id\":\"https:\/\/beebipood.ee\/ru\/#website\"},\"primaryImageOfPage\":{\"@id\":\"https:\/\/beebipood.ee\/ru\/produkt\/maxi-cosi-rodifix-m-i-size-turvatool-basic-grey\/#primaryimage\"},\"image\":{\"@id\":\"https:\/\/beebipood.ee\/ru\/produkt\/maxi-cosi-rodifix-m-i-size-turvatool-basic-grey\/#primaryimage\"},\"thumbnailUrl\":\"https:\/\/beebipood.ee\/wp-content\/uploads\/2018\/05\/MaxiCosi-RodiFix-M-iSize-turvatool-Basic-Grey-UUED-TOOTED-Turvatoolid-hallid-Turvatoolid-1536-kg-Turvavarustus_3-47b.jpg\",\"datePublished\":\"2018-05-17T10:31:11+00:00\",\"dateModified\":\"2025-03-30T22:00:37+00:00\",\"description\":\"Maxi-Cosi RodiFix M i-Size turvatool, Basic Grey, RodiFix M i-Size on turvatool, mis pakub aastate pikkust turvalisust ning kohaneb lapse kasvuga, taga\",\"breadcrumb\":{\"@id\":\"https:\/\/beebipood.ee\/ru\/produkt\/maxi-cosi-rodifix-m-i-size-turvatool-basic-grey\/#breadcrumb\"},\"inLanguage\":\"ru-RU\",\"potentialAction\":[{\"@type\":\"ReadAction\",\"target\":[\"https:\/\/beebipood.ee\/ru\/produkt\/maxi-cosi-rodifix-m-i-size-turvatool-basic-grey\/\"]}]},{\"@type\":\"ImageObject\",\"inLanguage\":\"ru-RU\",\"@id\":\"https:\/\/beebipood.ee\/ru\/produkt\/maxi-cosi-rodifix-m-i-size-turvatool-basic-grey\/#primaryimage\",\"url\":\"https:\/\/beebipood.ee\/wp-content\/uploads\/2018\/05\/MaxiCosi-RodiFix-M-iSize-turvatool-Basic-Grey-UUED-TOOTED-Turvatoolid-hallid-Turvatoolid-1536-kg-Turvavarustus_3-47b.jpg\",\"contentUrl\":\"https:\/\/beebipood.ee\/wp-content\/uploads\/2018\/05\/MaxiCosi-RodiFix-M-iSize-turvatool-Basic-Grey-UUED-TOOTED-Turvatoolid-hallid-Turvatoolid-1536-kg-Turvavarustus_3-47b.jpg\",\"width\":1062,\"height\":1200},{\"@type\":\"BreadcrumbList\",\"@id\":\"https:\/\/beebipood.ee\/ru\/produkt\/maxi-cosi-rodifix-m-i-size-turvatool-basic-grey\/#breadcrumb\",\"itemListElement\":[{\"@type\":\"ListItem\",\"position\":1,\"name\":\"Home\",\"item\":\"https:\/\/beebipood.ee\/ru\/\"},{\"@type\":\"ListItem\",\"position\":2,\"name\":\"\u041a\u0430\u0442\u0430\u043b\u043e\u0433 \u0442\u043e\u0432\u0430\u0440\u043e\u0432\",\"item\":\"https:\/\/beebipood.ee\/tooted\/\"},{\"@type\":\"ListItem\",\"position\":3,\"name\":\"Maxi-Cosi RodiFix M i-Size turvatool, Basic Grey\"}]},{\"@type\":\"WebSite\",\"@id\":\"https:\/\/beebipood.ee\/ru\/#website\",\"url\":\"https:\/\/beebipood.ee\/ru\/\",\"name\":\"Beebipood\",\"description\":\"Lastekaubad, beebikaubad, m\u00e4nguasjad\",\"publisher\":{\"@id\":\"https:\/\/beebipood.ee\/ru\/#organization\"},\"potentialAction\":[{\"@type\":\"SearchAction\",\"target\":{\"@type\":\"EntryPoint\",\"urlTemplate\":\"https:\/\/beebipood.ee\/ru\/?s={search_term_string}\"},\"query-input\":{\"@type\":\"PropertyValueSpecification\",\"valueRequired\":true,\"valueName\":\"search_term_string\"}}],\"inLanguage\":\"ru-RU\"},{\"@type\":\"Organization\",\"@id\":\"https:\/\/beebipood.ee\/ru\/#organization\",\"name\":\"Beebipood\",\"url\":\"https:\/\/beebipood.ee\/ru\/\",\"logo\":{\"@type\":\"ImageObject\",\"inLanguage\":\"ru-RU\",\"@id\":\"https:\/\/beebipood.ee\/ru\/#\/schema\/logo\/image\/\",\"url\":\"https:\/\/beebipood.ee\/wp-content\/uploads\/2025\/03\/beebipood.ee-logo-1.svg\",\"contentUrl\":\"https:\/\/beebipood.ee\/wp-content\/uploads\/2025\/03\/beebipood.ee-logo-1.svg\",\"caption\":\"Beebipood\"},\"image\":{\"@id\":\"https:\/\/beebipood.ee\/ru\/#\/schema\/logo\/image\/\"}}]}<\/script>\n<!-- \/ Yoast SEO plugin. -->","yoast_head_json":{"title":"Maxi-Cosi RodiFix M i-Size turvatool, Basic Grey, \u0421\u041a\u0418\u0414\u041a\u0418, \u0410\u0432\u0442\u043e\u043a\u0440\u0435\u0441\u043b\u0430, \u043b\u044e\u043b\u044c\u043a\u0438, \u0410\u0432\u0442\u043e\u043a\u0440\u0435\u0441\u043b\u0430 15-36 \u043a\u0433, \u0421\u043d\u0430\u0440\u044f\u0436\u0435\u043d\u0438\u044f \u0431\u0435\u0437\u043e\u043f\u0430\u0441\u043d\u043e\u0441\u0442\u0438, Beebipood","description":"Maxi-Cosi RodiFix M i-Size turvatool, Basic Grey, RodiFix M i-Size on turvatool, mis pakub aastate pikkust turvalisust ning kohaneb lapse kasvuga, taga","robots":{"index":"index","follow":"follow","max-snippet":"max-snippet:-1","max-image-preview":"max-image-preview:large","max-video-preview":"max-video-preview:-1"},"canonical":"https:\/\/beebipood.ee\/ru\/produkt\/maxi-cosi-rodifix-m-i-size-turvatool-basic-grey\/","og_locale":"ru_RU","og_type":"article","og_title":"Maxi-Cosi RodiFix M i-Size turvatool, Basic Grey, \u0421\u041a\u0418\u0414\u041a\u0418, \u0410\u0432\u0442\u043e\u043a\u0440\u0435\u0441\u043b\u0430, \u043b\u044e\u043b\u044c\u043a\u0438, \u0410\u0432\u0442\u043e\u043a\u0440\u0435\u0441\u043b\u0430 15-36 \u043a\u0433, \u0421\u043d\u0430\u0440\u044f\u0436\u0435\u043d\u0438\u044f \u0431\u0435\u0437\u043e\u043f\u0430\u0441\u043d\u043e\u0441\u0442\u0438, Beebipood","og_description":"Maxi-Cosi RodiFix M i-Size turvatool, Basic Grey, RodiFix M i-Size on turvatool, mis pakub aastate pikkust turvalisust ning kohaneb lapse kasvuga, taga","og_url":"https:\/\/beebipood.ee\/ru\/produkt\/maxi-cosi-rodifix-m-i-size-turvatool-basic-grey\/","og_site_name":"Beebipood","article_modified_time":"2025-03-30T22:00:37+00:00","og_image":[{"width":1062,"height":1200,"url":"https:\/\/beebipood.ee\/wp-content\/uploads\/2018\/05\/MaxiCosi-RodiFix-M-iSize-turvatool-Basic-Grey-UUED-TOOTED-Turvatoolid-hallid-Turvatoolid-1536-kg-Turvavarustus_3-47b.jpg","type":"image\/jpeg"}],"twitter_card":"summary_large_image","twitter_misc":{"\u041f\u0440\u0438\u043c\u0435\u0440\u043d\u043e\u0435 \u0432\u0440\u0435\u043c\u044f \u0434\u043b\u044f \u0447\u0442\u0435\u043d\u0438\u044f":"1 \u043c\u0438\u043d\u0443\u0442\u0430"},"schema":{"@context":"https:\/\/schema.org","@graph":[{"@type":"WebPage","@id":"https:\/\/beebipood.ee\/ru\/produkt\/maxi-cosi-rodifix-m-i-size-turvatool-basic-grey\/","url":"https:\/\/beebipood.ee\/ru\/produkt\/maxi-cosi-rodifix-m-i-size-turvatool-basic-grey\/","name":"Maxi-Cosi RodiFix M i-Size turvatool, Basic Grey, \u0421\u041a\u0418\u0414\u041a\u0418, \u0410\u0432\u0442\u043e\u043a\u0440\u0435\u0441\u043b\u0430, \u043b\u044e\u043b\u044c\u043a\u0438, \u0410\u0432\u0442\u043e\u043a\u0440\u0435\u0441\u043b\u0430 15-36 \u043a\u0433, \u0421\u043d\u0430\u0440\u044f\u0436\u0435\u043d\u0438\u044f \u0431\u0435\u0437\u043e\u043f\u0430\u0441\u043d\u043e\u0441\u0442\u0438, Beebipood","isPartOf":{"@id":"https:\/\/beebipood.ee\/ru\/#website"},"primaryImageOfPage":{"@id":"https:\/\/beebipood.ee\/ru\/produkt\/maxi-cosi-rodifix-m-i-size-turvatool-basic-grey\/#primaryimage"},"image":{"@id":"https:\/\/beebipood.ee\/ru\/produkt\/maxi-cosi-rodifix-m-i-size-turvatool-basic-grey\/#primaryimage"},"thumbnailUrl":"https:\/\/beebipood.ee\/wp-content\/uploads\/2018\/05\/MaxiCosi-RodiFix-M-iSize-turvatool-Basic-Grey-UUED-TOOTED-Turvatoolid-hallid-Turvatoolid-1536-kg-Turvavarustus_3-47b.jpg","datePublished":"2018-05-17T10:31:11+00:00","dateModified":"2025-03-30T22:00:37+00:00","description":"Maxi-Cosi RodiFix M i-Size turvatool, Basic Grey, RodiFix M i-Size on turvatool, mis pakub aastate pikkust turvalisust ning kohaneb lapse kasvuga, taga","breadcrumb":{"@id":"https:\/\/beebipood.ee\/ru\/produkt\/maxi-cosi-rodifix-m-i-size-turvatool-basic-grey\/#breadcrumb"},"inLanguage":"ru-RU","potentialAction":[{"@type":"ReadAction","target":["https:\/\/beebipood.ee\/ru\/produkt\/maxi-cosi-rodifix-m-i-size-turvatool-basic-grey\/"]}]},{"@type":"ImageObject","inLanguage":"ru-RU","@id":"https:\/\/beebipood.ee\/ru\/produkt\/maxi-cosi-rodifix-m-i-size-turvatool-basic-grey\/#primaryimage","url":"https:\/\/beebipood.ee\/wp-content\/uploads\/2018\/05\/MaxiCosi-RodiFix-M-iSize-turvatool-Basic-Grey-UUED-TOOTED-Turvatoolid-hallid-Turvatoolid-1536-kg-Turvavarustus_3-47b.jpg","contentUrl":"https:\/\/beebipood.ee\/wp-content\/uploads\/2018\/05\/MaxiCosi-RodiFix-M-iSize-turvatool-Basic-Grey-UUED-TOOTED-Turvatoolid-hallid-Turvatoolid-1536-kg-Turvavarustus_3-47b.jpg","width":1062,"height":1200},{"@type":"BreadcrumbList","@id":"https:\/\/beebipood.ee\/ru\/produkt\/maxi-cosi-rodifix-m-i-size-turvatool-basic-grey\/#breadcrumb","itemListElement":[{"@type":"ListItem","position":1,"name":"Home","item":"https:\/\/beebipood.ee\/ru\/"},{"@type":"ListItem","position":2,"name":"\u041a\u0430\u0442\u0430\u043b\u043e\u0433 \u0442\u043e\u0432\u0430\u0440\u043e\u0432","item":"https:\/\/beebipood.ee\/tooted\/"},{"@type":"ListItem","position":3,"name":"Maxi-Cosi RodiFix M i-Size turvatool, Basic Grey"}]},{"@type":"WebSite","@id":"https:\/\/beebipood.ee\/ru\/#website","url":"https:\/\/beebipood.ee\/ru\/","name":"Beebipood","description":"Lastekaubad, beebikaubad, m\u00e4nguasjad","publisher":{"@id":"https:\/\/beebipood.ee\/ru\/#organization"},"potentialAction":[{"@type":"SearchAction","target":{"@type":"EntryPoint","urlTemplate":"https:\/\/beebipood.ee\/ru\/?s={search_term_string}"},"query-input":{"@type":"PropertyValueSpecification","valueRequired":true,"valueName":"search_term_string"}}],"inLanguage":"ru-RU"},{"@type":"Organization","@id":"https:\/\/beebipood.ee\/ru\/#organization","name":"Beebipood","url":"https:\/\/beebipood.ee\/ru\/","logo":{"@type":"ImageObject","inLanguage":"ru-RU","@id":"https:\/\/beebipood.ee\/ru\/#\/schema\/logo\/image\/","url":"https:\/\/beebipood.ee\/wp-content\/uploads\/2025\/03\/beebipood.ee-logo-1.svg","contentUrl":"https:\/\/beebipood.ee\/wp-content\/uploads\/2025\/03\/beebipood.ee-logo-1.svg","caption":"Beebipood"},"image":{"@id":"https:\/\/beebipood.ee\/ru\/#\/schema\/logo\/image\/"}}]}},"brands":[{"id":11961,"name":"Maxi-Cosi","slug":"maxi-cosi-ru"}],"_links":{"self":[{"href":"https:\/\/beebipood.ee\/ru\/wp-json\/wp\/v2\/product\/458169","targetHints":{"allow":["GET"]}}],"collection":[{"href":"https:\/\/beebipood.ee\/ru\/wp-json\/wp\/v2\/product"}],"about":[{"href":"https:\/\/beebipood.ee\/ru\/wp-json\/wp\/v2\/types\/product"}],"wp:featuredmedia":[{"embeddable":true,"href":"https:\/\/beebipood.ee\/ru\/wp-json\/wp\/v2\/media\/123966"}],"wp:attachment":[{"href":"https:\/\/beebipood.ee\/ru\/wp-json\/wp\/v2\/media?parent=458169"}],"wp:term":[{"taxonomy":"pwb-brand","embeddable":true,"href":"https:\/\/beebipood.ee\/ru\/wp-json\/wp\/v2\/pwb-brand?post=458169"},{"taxonomy":"product_brand","embeddable":true,"href":"https:\/\/beebipood.ee\/ru\/wp-json\/wp\/v2\/product_brand?post=458169"},{"taxonomy":"product_cat","embeddable":true,"href":"https:\/\/beebipood.ee\/ru\/wp-json\/wp\/v2\/product_cat?post=458169"},{"taxonomy":"product_tag","embeddable":true,"href":"https:\/\/beebipood.ee\/ru\/wp-json\/wp\/v2\/product_tag?post=458169"}],"curies":[{"name":"wp","href":"https:\/\/api.w.org\/{rel}","templated":true}]}}