{"id":458171,"date":"2018-05-17T13:33:15","date_gmt":"2018-05-17T10:33:15","guid":{"rendered":"https:\/\/beebipood.ee\/toode\/maxi-cosi-mica-360-pro-turvatool-authentic-grey\/"},"modified":"2025-03-31T01:00:37","modified_gmt":"2025-03-30T22:00:37","slug":"maxi-cosi-mica-360-pro-turvatool-authentic-grey","status":"publish","type":"product","link":"https:\/\/beebipood.ee\/ru\/produkt\/maxi-cosi-mica-360-pro-turvatool-authentic-grey\/","title":{"rendered":"Maxi-Cosi Mica 360 Pro turvatool, Authentic Grey"},"content":{"rendered":"<p>Mica 360 Pro pakub oma klassi parimat mugavust vanuses 0\u20134 aastat <br \/>t\u00e4nu Maxi-Cosi SlideTech\u00ae-tehnoloogiale, FlexiSpin 360 kraadi p\u00f6\u00f6rlemisele, <br \/>viiele mugavale lamamisasendile ja h\u00f5lpsasti paigaldatavatele turvarihmadele. <br \/>K\u00f5rgeimatele i-Size&#8217;i ohutusstandarditele vastav turvatooli integreeritud alus <br \/>sisaldab SlideTech tehnoloogiat, mille abil on last lihtsam autosse asetada <br \/>ja sealt v\u00e4lja v\u00f5tta. Lihtsalt libistage, keerutage ja minge.<br \/><span style=\"text-decoration: underline;\"><br \/>Kasutajamugavus<\/span><br \/>Seljas\u00f5bralik turvatool: AGR sertifitseeritud kui seljas\u00f5bralik. <br \/>V\u00e4ikelapse autosse ja autost v\u00e4lja t\u00f5stmine pole kunagi olnud nii mugav<br \/>Lihtne libistatav k\u00e4epide: lihtne \u00fche k\u00e4ega sisse ja v\u00e4lja libistada, <br \/>keskel asuva k\u00e4epidemega v\u00f5i kahe k\u00e4ega k\u00fcljelt hoides<br \/>FlexiSpin 360 tehnoloogia v\u00f5imaldab lihtsasti \u00fche k\u00e4ega turvatooli keerata igas suunas<br \/>Turvarihmad hoiavad avatud asendis, et last oleks lihtsam sisse panna<br \/>Eemaldatav ja pestav katteriie<br \/><span style=\"text-decoration: underline;\">Mugavus<\/span><br \/>ClimaFlow s\u00fcsteem temperatuuri reguleerimiseks: \u00f5hutusega paneelid, <br \/>hingav poroloon ja v\u00f5rkkangas, et parandada \u00f5huringlust ja hoida lapsel mugavat temperatuuri<br \/>Mitu erinevat seljatoeasendit ning oma kategooria parim kaldenurk, mis tagab maksimaalse mugavuse<br \/>Lisapolsterdusega iste koos pehme beebisisu ja katteriidega, <br \/>mis on valmistatud taast\u00f6\u00f6deldud materjalidest<br \/>Mugav ja toestav vasts\u00fcndinu jaoks m\u00f5eldud beebisisu<br \/>Mitu k\u00f5rgust peatoel ja turvarihmadel<br \/>K\u00f5rge isteasend: Mica 360 Pro pakub teie v\u00e4ikelapsele k\u00f5rgendatud istumisasendit, <br \/>mis annab talle parima vaate aknast v\u00e4lja<br \/><span style=\"text-decoration: underline;\">Turvalisus<\/span><br \/>G-CELL 2.0 integreeritud k\u00fclgkaitse tehnoloogia<br \/>i-Size turvalisus<br \/>AirProtecti turvapadjad: patenteeritud AirProtect\u00ae tehnoloogia <br \/>tagab parima peakaitse \u00f5nnetuse korral ja lisab teie lapsele t\u00e4iendavat mugavust<br \/>5-punkti kinnitusega turvarihmad<br \/>Seljaga s\u00f5idusuunas s\u00fcnnist kuni 4. eluaastani<br \/>Integreeritud ISOFIX alus koos tugijalaga (ei k\u00e4i tooli k\u00fcljest lahti)<br \/>Turvanupp, mis ei lase vajadusel ennem 15. elukuud p\u00f6\u00f6rata turvatooli n\u00e4oga s\u00f5idusuunda<br \/><span style=\"text-decoration: underline;\">\u00dcldine<\/span><br \/>Vanusele 0-4 aastat<br \/>Pikkusele 40-105cm<br \/>Kaalule 0-18kg<br \/>J\u00e4tkusuutlik toode<br \/>Keskkonnas\u00f5bralik tootmine: <br \/>EcoCare kangad on toodetud ilma ohtlikke kemikaale kasutamata, <br \/>mis t\u00e4hendab, et imikute nahk ei puutu kokku v\u00f5imalike ohtudega<br \/><span style=\"text-decoration: underline;\">N\u00e4itajad<\/span><br \/>Kaal 14.94kg<br \/>M\u00f5\u00f5dud seljaga s\u00f5idusuunas 46-60 x 72,9-74,5 x 44,2cm (k\u00f5rgus, pikkus, laius)<br \/>M\u00f5\u00f5dud n\u00e4oga s\u00f5idusuunas 53,4-67 x 65-68 x 44,2cm (k\u00f5rgus, pikkus, laius)<br \/>Isteosa kaldenurk seljaga s\u00f5idusuunas 130-145 kraadi (155 kraadi koos beebisisuga)<br \/>Isteosa kaldenurk n\u00e4oga s\u00f5idusuunas 113-128 kraadi<\/p>\n","protected":false},"excerpt":{"rendered":"<p>Mica 360 Pro pakub oma klassi parimat mugavust vanuses 0\u20134 aastat t\u00e4nu Maxi-Cosi SlideTech\u00ae-tehnoloogiale, FlexiSpin 360 kraadi p\u00f6\u00f6rlemisele, viiele mugavale lamamisasendile ja h\u00f5lpsasti paigaldatavatele turvarihmadele. K\u00f5rgeimatele i-Size&#8217;i ohutusstandarditele vastav turvatooli integreeritud alus sisaldab SlideTech tehnoloogiat, mille abil on last lihtsam autosse asetada ja sealt v\u00e4lja v\u00f5tta. Lihtsalt libistage, keerutage ja minge.KasutajamugavusSeljas\u00f5bralik turvatool: AGR sertifitseeritud kui [&hellip;]<\/p>\n","protected":false},"featured_media":123978,"template":"","meta":{"_acf_changed":false},"pwb-brand":[11961],"product_brand":[],"product_cat":[11729,11727,11791],"product_tag":[],"class_list":{"0":"post-458171","1":"product","2":"type-product","3":"status-publish","4":"has-post-thumbnail","6":"pwb-brand-maxi-cosi-ru","7":"product_cat-turvatoolid-0-18-kg-ru","8":"product_cat-turvatoolid-hallid-ru","9":"product_cat-turvavarustus-ru","10":"pa_manufacturer-maxi_cosi-ru","12":"first","13":"onbackorder","14":"taxable","15":"shipping-taxable","16":"purchasable","17":"product-type-simple"},"exclude_global_add_ons":[],"addons":[],"acf":[],"yoast_head":"<!-- This site is optimized with the Yoast SEO plugin v27.1.1 - https:\/\/yoast.com\/product\/yoast-seo-wordpress\/ -->\n<title>Maxi-Cosi Mica 360 Pro turvatool, Authentic Grey, \u0421\u041a\u0418\u0414\u041a\u0418, \u0410\u0432\u0442\u043e\u043a\u0440\u0435\u0441\u043b\u0430, \u043b\u044e\u043b\u044c\u043a\u0438, \u0410\u0432\u0442\u043e\u043a\u0440\u0435\u0441\u043b\u0430 0-18 \u043a\u0433, \u0421\u043d\u0430\u0440\u044f\u0436\u0435\u043d\u0438\u044f \u0431\u0435\u0437\u043e\u043f\u0430\u0441\u043d\u043e\u0441\u0442\u0438, Beebipood<\/title>\n<meta name=\"description\" content=\"Maxi-Cosi Mica 360 Pro turvatool, Authentic Grey, Mica 360 Pro pakub oma klassi parimat mugavust vanuses 0&ndash;4 aastat t&auml;nu Maxi-Cosi SlideTech\" \/>\n<meta name=\"robots\" content=\"index, follow, max-snippet:-1, max-image-preview:large, max-video-preview:-1\" \/>\n<link rel=\"canonical\" href=\"https:\/\/beebipood.ee\/ru\/produkt\/maxi-cosi-mica-360-pro-turvatool-authentic-grey\/\" \/>\n<meta property=\"og:locale\" content=\"ru_RU\" \/>\n<meta property=\"og:type\" content=\"article\" \/>\n<meta property=\"og:title\" content=\"Maxi-Cosi Mica 360 Pro turvatool, Authentic Grey, \u0421\u041a\u0418\u0414\u041a\u0418, \u0410\u0432\u0442\u043e\u043a\u0440\u0435\u0441\u043b\u0430, \u043b\u044e\u043b\u044c\u043a\u0438, \u0410\u0432\u0442\u043e\u043a\u0440\u0435\u0441\u043b\u0430 0-18 \u043a\u0433, \u0421\u043d\u0430\u0440\u044f\u0436\u0435\u043d\u0438\u044f \u0431\u0435\u0437\u043e\u043f\u0430\u0441\u043d\u043e\u0441\u0442\u0438, Beebipood\" \/>\n<meta property=\"og:description\" content=\"Maxi-Cosi Mica 360 Pro turvatool, Authentic Grey, Mica 360 Pro pakub oma klassi parimat mugavust vanuses 0&ndash;4 aastat t&auml;nu Maxi-Cosi SlideTech\" \/>\n<meta property=\"og:url\" content=\"https:\/\/beebipood.ee\/ru\/produkt\/maxi-cosi-mica-360-pro-turvatool-authentic-grey\/\" \/>\n<meta property=\"og:site_name\" content=\"Beebipood\" \/>\n<meta property=\"article:modified_time\" content=\"2025-03-30T22:00:37+00:00\" \/>\n<meta property=\"og:image\" content=\"https:\/\/beebipood.ee\/wp-content\/uploads\/2018\/05\/MaxiCosi-Mica-360-Pro-turvatool-Authentic-Grey-UUED-TOOTED-Turvatoolid-hallid-Turvatoolid-018-kg-Turvavarustus_6-a58.jpeg\" \/>\n\t<meta property=\"og:image:width\" content=\"651\" \/>\n\t<meta property=\"og:image:height\" content=\"800\" \/>\n\t<meta property=\"og:image:type\" content=\"image\/jpeg\" \/>\n<meta name=\"twitter:card\" content=\"summary_large_image\" \/>\n<meta name=\"twitter:label1\" content=\"\u041f\u0440\u0438\u043c\u0435\u0440\u043d\u043e\u0435 \u0432\u0440\u0435\u043c\u044f \u0434\u043b\u044f \u0447\u0442\u0435\u043d\u0438\u044f\" \/>\n\t<meta name=\"twitter:data1\" content=\"2 \u043c\u0438\u043d\u0443\u0442\u044b\" \/>\n<script type=\"application\/ld+json\" class=\"yoast-schema-graph\">{\"@context\":\"https:\/\/schema.org\",\"@graph\":[{\"@type\":\"WebPage\",\"@id\":\"https:\/\/beebipood.ee\/ru\/produkt\/maxi-cosi-mica-360-pro-turvatool-authentic-grey\/\",\"url\":\"https:\/\/beebipood.ee\/ru\/produkt\/maxi-cosi-mica-360-pro-turvatool-authentic-grey\/\",\"name\":\"Maxi-Cosi Mica 360 Pro turvatool, Authentic Grey, \u0421\u041a\u0418\u0414\u041a\u0418, \u0410\u0432\u0442\u043e\u043a\u0440\u0435\u0441\u043b\u0430, \u043b\u044e\u043b\u044c\u043a\u0438, \u0410\u0432\u0442\u043e\u043a\u0440\u0435\u0441\u043b\u0430 0-18 \u043a\u0433, \u0421\u043d\u0430\u0440\u044f\u0436\u0435\u043d\u0438\u044f \u0431\u0435\u0437\u043e\u043f\u0430\u0441\u043d\u043e\u0441\u0442\u0438, Beebipood\",\"isPartOf\":{\"@id\":\"https:\/\/beebipood.ee\/ru\/#website\"},\"primaryImageOfPage\":{\"@id\":\"https:\/\/beebipood.ee\/ru\/produkt\/maxi-cosi-mica-360-pro-turvatool-authentic-grey\/#primaryimage\"},\"image\":{\"@id\":\"https:\/\/beebipood.ee\/ru\/produkt\/maxi-cosi-mica-360-pro-turvatool-authentic-grey\/#primaryimage\"},\"thumbnailUrl\":\"https:\/\/beebipood.ee\/wp-content\/uploads\/2018\/05\/MaxiCosi-Mica-360-Pro-turvatool-Authentic-Grey-UUED-TOOTED-Turvatoolid-hallid-Turvatoolid-018-kg-Turvavarustus_6-a58.jpeg\",\"datePublished\":\"2018-05-17T10:33:15+00:00\",\"dateModified\":\"2025-03-30T22:00:37+00:00\",\"description\":\"Maxi-Cosi Mica 360 Pro turvatool, Authentic Grey, Mica 360 Pro pakub oma klassi parimat mugavust vanuses 0&ndash;4 aastat t&auml;nu Maxi-Cosi SlideTech\",\"breadcrumb\":{\"@id\":\"https:\/\/beebipood.ee\/ru\/produkt\/maxi-cosi-mica-360-pro-turvatool-authentic-grey\/#breadcrumb\"},\"inLanguage\":\"ru-RU\",\"potentialAction\":[{\"@type\":\"ReadAction\",\"target\":[\"https:\/\/beebipood.ee\/ru\/produkt\/maxi-cosi-mica-360-pro-turvatool-authentic-grey\/\"]}]},{\"@type\":\"ImageObject\",\"inLanguage\":\"ru-RU\",\"@id\":\"https:\/\/beebipood.ee\/ru\/produkt\/maxi-cosi-mica-360-pro-turvatool-authentic-grey\/#primaryimage\",\"url\":\"https:\/\/beebipood.ee\/wp-content\/uploads\/2018\/05\/MaxiCosi-Mica-360-Pro-turvatool-Authentic-Grey-UUED-TOOTED-Turvatoolid-hallid-Turvatoolid-018-kg-Turvavarustus_6-a58.jpeg\",\"contentUrl\":\"https:\/\/beebipood.ee\/wp-content\/uploads\/2018\/05\/MaxiCosi-Mica-360-Pro-turvatool-Authentic-Grey-UUED-TOOTED-Turvatoolid-hallid-Turvatoolid-018-kg-Turvavarustus_6-a58.jpeg\",\"width\":651,\"height\":800},{\"@type\":\"BreadcrumbList\",\"@id\":\"https:\/\/beebipood.ee\/ru\/produkt\/maxi-cosi-mica-360-pro-turvatool-authentic-grey\/#breadcrumb\",\"itemListElement\":[{\"@type\":\"ListItem\",\"position\":1,\"name\":\"Home\",\"item\":\"https:\/\/beebipood.ee\/ru\/\"},{\"@type\":\"ListItem\",\"position\":2,\"name\":\"\u041a\u0430\u0442\u0430\u043b\u043e\u0433 \u0442\u043e\u0432\u0430\u0440\u043e\u0432\",\"item\":\"https:\/\/beebipood.ee\/tooted\/\"},{\"@type\":\"ListItem\",\"position\":3,\"name\":\"Maxi-Cosi Mica 360 Pro turvatool, Authentic Grey\"}]},{\"@type\":\"WebSite\",\"@id\":\"https:\/\/beebipood.ee\/ru\/#website\",\"url\":\"https:\/\/beebipood.ee\/ru\/\",\"name\":\"Beebipood\",\"description\":\"Lastekaubad, beebikaubad, m\u00e4nguasjad\",\"publisher\":{\"@id\":\"https:\/\/beebipood.ee\/ru\/#organization\"},\"potentialAction\":[{\"@type\":\"SearchAction\",\"target\":{\"@type\":\"EntryPoint\",\"urlTemplate\":\"https:\/\/beebipood.ee\/ru\/?s={search_term_string}\"},\"query-input\":{\"@type\":\"PropertyValueSpecification\",\"valueRequired\":true,\"valueName\":\"search_term_string\"}}],\"inLanguage\":\"ru-RU\"},{\"@type\":\"Organization\",\"@id\":\"https:\/\/beebipood.ee\/ru\/#organization\",\"name\":\"Beebipood\",\"url\":\"https:\/\/beebipood.ee\/ru\/\",\"logo\":{\"@type\":\"ImageObject\",\"inLanguage\":\"ru-RU\",\"@id\":\"https:\/\/beebipood.ee\/ru\/#\/schema\/logo\/image\/\",\"url\":\"https:\/\/beebipood.ee\/wp-content\/uploads\/2025\/03\/beebipood.ee-logo-1.svg\",\"contentUrl\":\"https:\/\/beebipood.ee\/wp-content\/uploads\/2025\/03\/beebipood.ee-logo-1.svg\",\"caption\":\"Beebipood\"},\"image\":{\"@id\":\"https:\/\/beebipood.ee\/ru\/#\/schema\/logo\/image\/\"}}]}<\/script>\n<!-- \/ Yoast SEO plugin. -->","yoast_head_json":{"title":"Maxi-Cosi Mica 360 Pro turvatool, Authentic Grey, \u0421\u041a\u0418\u0414\u041a\u0418, \u0410\u0432\u0442\u043e\u043a\u0440\u0435\u0441\u043b\u0430, \u043b\u044e\u043b\u044c\u043a\u0438, \u0410\u0432\u0442\u043e\u043a\u0440\u0435\u0441\u043b\u0430 0-18 \u043a\u0433, \u0421\u043d\u0430\u0440\u044f\u0436\u0435\u043d\u0438\u044f \u0431\u0435\u0437\u043e\u043f\u0430\u0441\u043d\u043e\u0441\u0442\u0438, Beebipood","description":"Maxi-Cosi Mica 360 Pro turvatool, Authentic Grey, Mica 360 Pro pakub oma klassi parimat mugavust vanuses 0&ndash;4 aastat t&auml;nu Maxi-Cosi SlideTech","robots":{"index":"index","follow":"follow","max-snippet":"max-snippet:-1","max-image-preview":"max-image-preview:large","max-video-preview":"max-video-preview:-1"},"canonical":"https:\/\/beebipood.ee\/ru\/produkt\/maxi-cosi-mica-360-pro-turvatool-authentic-grey\/","og_locale":"ru_RU","og_type":"article","og_title":"Maxi-Cosi Mica 360 Pro turvatool, Authentic Grey, \u0421\u041a\u0418\u0414\u041a\u0418, \u0410\u0432\u0442\u043e\u043a\u0440\u0435\u0441\u043b\u0430, \u043b\u044e\u043b\u044c\u043a\u0438, \u0410\u0432\u0442\u043e\u043a\u0440\u0435\u0441\u043b\u0430 0-18 \u043a\u0433, \u0421\u043d\u0430\u0440\u044f\u0436\u0435\u043d\u0438\u044f \u0431\u0435\u0437\u043e\u043f\u0430\u0441\u043d\u043e\u0441\u0442\u0438, Beebipood","og_description":"Maxi-Cosi Mica 360 Pro turvatool, Authentic Grey, Mica 360 Pro pakub oma klassi parimat mugavust vanuses 0&ndash;4 aastat t&auml;nu Maxi-Cosi SlideTech","og_url":"https:\/\/beebipood.ee\/ru\/produkt\/maxi-cosi-mica-360-pro-turvatool-authentic-grey\/","og_site_name":"Beebipood","article_modified_time":"2025-03-30T22:00:37+00:00","og_image":[{"width":651,"height":800,"url":"https:\/\/beebipood.ee\/wp-content\/uploads\/2018\/05\/MaxiCosi-Mica-360-Pro-turvatool-Authentic-Grey-UUED-TOOTED-Turvatoolid-hallid-Turvatoolid-018-kg-Turvavarustus_6-a58.jpeg","type":"image\/jpeg"}],"twitter_card":"summary_large_image","twitter_misc":{"\u041f\u0440\u0438\u043c\u0435\u0440\u043d\u043e\u0435 \u0432\u0440\u0435\u043c\u044f \u0434\u043b\u044f \u0447\u0442\u0435\u043d\u0438\u044f":"2 \u043c\u0438\u043d\u0443\u0442\u044b"},"schema":{"@context":"https:\/\/schema.org","@graph":[{"@type":"WebPage","@id":"https:\/\/beebipood.ee\/ru\/produkt\/maxi-cosi-mica-360-pro-turvatool-authentic-grey\/","url":"https:\/\/beebipood.ee\/ru\/produkt\/maxi-cosi-mica-360-pro-turvatool-authentic-grey\/","name":"Maxi-Cosi Mica 360 Pro turvatool, Authentic Grey, \u0421\u041a\u0418\u0414\u041a\u0418, \u0410\u0432\u0442\u043e\u043a\u0440\u0435\u0441\u043b\u0430, \u043b\u044e\u043b\u044c\u043a\u0438, \u0410\u0432\u0442\u043e\u043a\u0440\u0435\u0441\u043b\u0430 0-18 \u043a\u0433, \u0421\u043d\u0430\u0440\u044f\u0436\u0435\u043d\u0438\u044f \u0431\u0435\u0437\u043e\u043f\u0430\u0441\u043d\u043e\u0441\u0442\u0438, Beebipood","isPartOf":{"@id":"https:\/\/beebipood.ee\/ru\/#website"},"primaryImageOfPage":{"@id":"https:\/\/beebipood.ee\/ru\/produkt\/maxi-cosi-mica-360-pro-turvatool-authentic-grey\/#primaryimage"},"image":{"@id":"https:\/\/beebipood.ee\/ru\/produkt\/maxi-cosi-mica-360-pro-turvatool-authentic-grey\/#primaryimage"},"thumbnailUrl":"https:\/\/beebipood.ee\/wp-content\/uploads\/2018\/05\/MaxiCosi-Mica-360-Pro-turvatool-Authentic-Grey-UUED-TOOTED-Turvatoolid-hallid-Turvatoolid-018-kg-Turvavarustus_6-a58.jpeg","datePublished":"2018-05-17T10:33:15+00:00","dateModified":"2025-03-30T22:00:37+00:00","description":"Maxi-Cosi Mica 360 Pro turvatool, Authentic Grey, Mica 360 Pro pakub oma klassi parimat mugavust vanuses 0&ndash;4 aastat t&auml;nu Maxi-Cosi SlideTech","breadcrumb":{"@id":"https:\/\/beebipood.ee\/ru\/produkt\/maxi-cosi-mica-360-pro-turvatool-authentic-grey\/#breadcrumb"},"inLanguage":"ru-RU","potentialAction":[{"@type":"ReadAction","target":["https:\/\/beebipood.ee\/ru\/produkt\/maxi-cosi-mica-360-pro-turvatool-authentic-grey\/"]}]},{"@type":"ImageObject","inLanguage":"ru-RU","@id":"https:\/\/beebipood.ee\/ru\/produkt\/maxi-cosi-mica-360-pro-turvatool-authentic-grey\/#primaryimage","url":"https:\/\/beebipood.ee\/wp-content\/uploads\/2018\/05\/MaxiCosi-Mica-360-Pro-turvatool-Authentic-Grey-UUED-TOOTED-Turvatoolid-hallid-Turvatoolid-018-kg-Turvavarustus_6-a58.jpeg","contentUrl":"https:\/\/beebipood.ee\/wp-content\/uploads\/2018\/05\/MaxiCosi-Mica-360-Pro-turvatool-Authentic-Grey-UUED-TOOTED-Turvatoolid-hallid-Turvatoolid-018-kg-Turvavarustus_6-a58.jpeg","width":651,"height":800},{"@type":"BreadcrumbList","@id":"https:\/\/beebipood.ee\/ru\/produkt\/maxi-cosi-mica-360-pro-turvatool-authentic-grey\/#breadcrumb","itemListElement":[{"@type":"ListItem","position":1,"name":"Home","item":"https:\/\/beebipood.ee\/ru\/"},{"@type":"ListItem","position":2,"name":"\u041a\u0430\u0442\u0430\u043b\u043e\u0433 \u0442\u043e\u0432\u0430\u0440\u043e\u0432","item":"https:\/\/beebipood.ee\/tooted\/"},{"@type":"ListItem","position":3,"name":"Maxi-Cosi Mica 360 Pro turvatool, Authentic Grey"}]},{"@type":"WebSite","@id":"https:\/\/beebipood.ee\/ru\/#website","url":"https:\/\/beebipood.ee\/ru\/","name":"Beebipood","description":"Lastekaubad, beebikaubad, m\u00e4nguasjad","publisher":{"@id":"https:\/\/beebipood.ee\/ru\/#organization"},"potentialAction":[{"@type":"SearchAction","target":{"@type":"EntryPoint","urlTemplate":"https:\/\/beebipood.ee\/ru\/?s={search_term_string}"},"query-input":{"@type":"PropertyValueSpecification","valueRequired":true,"valueName":"search_term_string"}}],"inLanguage":"ru-RU"},{"@type":"Organization","@id":"https:\/\/beebipood.ee\/ru\/#organization","name":"Beebipood","url":"https:\/\/beebipood.ee\/ru\/","logo":{"@type":"ImageObject","inLanguage":"ru-RU","@id":"https:\/\/beebipood.ee\/ru\/#\/schema\/logo\/image\/","url":"https:\/\/beebipood.ee\/wp-content\/uploads\/2025\/03\/beebipood.ee-logo-1.svg","contentUrl":"https:\/\/beebipood.ee\/wp-content\/uploads\/2025\/03\/beebipood.ee-logo-1.svg","caption":"Beebipood"},"image":{"@id":"https:\/\/beebipood.ee\/ru\/#\/schema\/logo\/image\/"}}]}},"brands":[{"id":11961,"name":"Maxi-Cosi","slug":"maxi-cosi-ru"}],"_links":{"self":[{"href":"https:\/\/beebipood.ee\/ru\/wp-json\/wp\/v2\/product\/458171","targetHints":{"allow":["GET"]}}],"collection":[{"href":"https:\/\/beebipood.ee\/ru\/wp-json\/wp\/v2\/product"}],"about":[{"href":"https:\/\/beebipood.ee\/ru\/wp-json\/wp\/v2\/types\/product"}],"wp:featuredmedia":[{"embeddable":true,"href":"https:\/\/beebipood.ee\/ru\/wp-json\/wp\/v2\/media\/123978"}],"wp:attachment":[{"href":"https:\/\/beebipood.ee\/ru\/wp-json\/wp\/v2\/media?parent=458171"}],"wp:term":[{"taxonomy":"pwb-brand","embeddable":true,"href":"https:\/\/beebipood.ee\/ru\/wp-json\/wp\/v2\/pwb-brand?post=458171"},{"taxonomy":"product_brand","embeddable":true,"href":"https:\/\/beebipood.ee\/ru\/wp-json\/wp\/v2\/product_brand?post=458171"},{"taxonomy":"product_cat","embeddable":true,"href":"https:\/\/beebipood.ee\/ru\/wp-json\/wp\/v2\/product_cat?post=458171"},{"taxonomy":"product_tag","embeddable":true,"href":"https:\/\/beebipood.ee\/ru\/wp-json\/wp\/v2\/product_tag?post=458171"}],"curies":[{"name":"wp","href":"https:\/\/api.w.org\/{rel}","templated":true}]}}