{"id":458173,"date":"2018-05-18T11:14:32","date_gmt":"2018-05-18T08:14:32","guid":{"rendered":"https:\/\/beebipood.ee\/toode\/maxi-cosi-adorra-2-jalutuskaru-essential-black\/"},"modified":"2025-03-05T07:10:46","modified_gmt":"2025-03-05T05:10:46","slug":"maxi-cosi-adorra-2-jalutuskaru-essential-black","status":"publish","type":"product","link":"https:\/\/beebipood.ee\/ru\/produkt\/maxi-cosi-adorra-2-jalutuskaru-essential-black\/","title":{"rendered":"Maxi-Cosi Adorra 2 jalutusk\u00e4ru, Essential Black"},"content":{"rendered":"<p>Maxi-Cosi Adorra 2 luksuslik jalutusk\u00e4ru pakub parimat mugavust beebile<br \/>ning kasutajas\u00f5bralikkust lapsevanemale. Maxi-Cosi Adorra 2 jalutusk\u00e4ru<br \/>on v\u00f5imalik kasutada alates s\u00fcnnist kuni ca. 3,5 eluaastani.<br \/>Suurema turvalisuse ja mugavuse tagamiseks<br \/>soovitame alates s\u00fcnnist kasutada koos vankrikorvi v\u00f5i turvah\u00e4lliga (saadaval eraldi).<br \/><span style=\"text-decoration: underline;\">Mugavus<\/span><br \/>Ekstra polsterdusega pehme iste hingava kangaga.<br \/>Pikendatav kaarvari<br \/>T\u00e4islamava asendiga isteosa<br \/>Istet on v\u00f5imalik kinnitada nii n\u00e4oga kui ka seljaga s\u00f5idusuunas<br \/>Seljatoe ja jalatoe reguleerimine<br \/><span style=\"text-decoration: underline;\">Kasutajas\u00f5bralikkus<\/span><br \/>Alates s\u00fcnnist koos Oria vankrikorvi v\u00f5i m\u00f5ne Maxi-Cosi turvah\u00e4lliga<br \/>Lihtne ja kerge man\u00f6\u00f6verdada<br \/>H\u00f5lpsasti kokkupandav<br \/>Kokkupandav koos istmega <br \/>Kokkupandult seisab iseseisvalt p\u00fcsti<br \/>Eesmised p\u00f6\u00f6rlevad rattad on lukustatavad<br \/>Eriti suur ja mahukas XXL pakikorv<br \/>Kaarvarjus aken<br \/>Masinpestav istmekate<br \/><span style=\"text-decoration: underline;\">Turvalisus<\/span><br \/>Maxi-Cosi Adorra 2-l on ainulaadne magnetlukk, <br \/>mis v\u00f5imaldab teil turvav\u00f6\u00f6d kiiresti ja sujuvalt kinnitada.<br \/>5-punkti kinnitusega turvarihmad<br \/>Eemaldatav turvakaar<br \/><span style=\"text-decoration: underline;\">\u00dcldine<\/span><br \/>Kaasaegne disain<br \/>Vedrustus k\u00f5igil 4 rattal<br \/>Komplektis vihmakile ja Maxi-Cosi turvah\u00e4lli adapterid<br \/><span style=\"text-decoration: underline;\">N\u00e4itajad<\/span><br \/>Kandev\u00f5ime kuni 22 kg<br \/>M\u00f5\u00f5dud: 87-95,5 x 108,5 x 59,5 cm (pikkus, k\u00f5rgus, laius)<br \/>M\u00f5\u00f5dud kokkupandult koos istmega: 59 x 82,5 x 59,5 cm (pikkus, k\u00f5rgus, laius)<br \/>M\u00f5\u00f5dud kokkupandult ilma istmeta: 44,8 x 67 x 59,5 cm (pikkus, k\u00f5rgus, laius)<br \/>Esiratta l\u00e4bim\u00f5\u00f5t: 17,5 cm<br \/>Tagaratta l\u00e4bim\u00f5\u00f5t: 25,5 cm<br \/>Kaal: 12,2kg (raam 8kg + iste 4,2kg)<\/p>\n","protected":false},"excerpt":{"rendered":"<p>Maxi-Cosi Adorra 2 luksuslik jalutusk\u00e4ru pakub parimat mugavust beebilening kasutajas\u00f5bralikkust lapsevanemale. Maxi-Cosi Adorra 2 jalutusk\u00e4ruon v\u00f5imalik kasutada alates s\u00fcnnist kuni ca. 3,5 eluaastani.Suurema turvalisuse ja mugavuse tagamisekssoovitame alates s\u00fcnnist kasutada koos vankrikorvi v\u00f5i turvah\u00e4lliga (saadaval eraldi).MugavusEkstra polsterdusega pehme iste hingava kangaga.Pikendatav kaarvariT\u00e4islamava asendiga isteosaIstet on v\u00f5imalik kinnitada nii n\u00e4oga kui ka seljaga s\u00f5idusuunasSeljatoe ja jalatoe [&hellip;]<\/p>\n","protected":false},"featured_media":124167,"template":"","meta":{"_acf_changed":false},"pwb-brand":[11961],"product_brand":[],"product_cat":[11721,11717],"product_tag":[],"class_list":{"0":"post-458173","1":"product","2":"type-product","3":"status-publish","4":"has-post-thumbnail","6":"pwb-brand-maxi-cosi-ru","7":"product_cat-jalutuskarud-ru","8":"product_cat-lastevankrid-ja-karud-ru","9":"pa_manufacturer-maxi_cosi-ru","11":"first","12":"onbackorder","13":"taxable","14":"shipping-taxable","15":"purchasable","16":"product-type-simple"},"exclude_global_add_ons":[],"addons":[],"acf":[],"yoast_head":"<!-- This site is optimized with the Yoast SEO plugin v27.1.1 - https:\/\/yoast.com\/product\/yoast-seo-wordpress\/ -->\n<title>Maxi-Cosi Adorra 2 jalutusk\u00e4ru, Essential Black, \u0421\u041a\u0418\u0414\u041a\u0418, \u041a\u043e\u043b\u044f\u0441\u043a\u0438, \u041f\u0440\u043e\u0433\u0443\u043b\u043e\u0447\u043d\u044b\u0435 \u043a\u043e\u043b\u044f\u0441\u043a\u0438, Beebipood<\/title>\n<meta name=\"description\" content=\"Maxi-Cosi Adorra 2 jalutusk\u00e4ru, Essential Black, Maxi-Cosi Adorra 2 luksuslik jalutusk&auml;ru pakub parimat mugavust beebilening kasutajas&otilde;bra\" \/>\n<meta name=\"robots\" content=\"index, follow, max-snippet:-1, max-image-preview:large, max-video-preview:-1\" \/>\n<link rel=\"canonical\" href=\"https:\/\/beebipood.ee\/ru\/produkt\/maxi-cosi-adorra-2-jalutuskaru-essential-black\/\" \/>\n<meta property=\"og:locale\" content=\"ru_RU\" \/>\n<meta property=\"og:type\" content=\"article\" \/>\n<meta property=\"og:title\" content=\"Maxi-Cosi Adorra 2 jalutusk\u00e4ru, Essential Black, \u0421\u041a\u0418\u0414\u041a\u0418, \u041a\u043e\u043b\u044f\u0441\u043a\u0438, \u041f\u0440\u043e\u0433\u0443\u043b\u043e\u0447\u043d\u044b\u0435 \u043a\u043e\u043b\u044f\u0441\u043a\u0438, Beebipood\" \/>\n<meta property=\"og:description\" content=\"Maxi-Cosi Adorra 2 jalutusk\u00e4ru, Essential Black, Maxi-Cosi Adorra 2 luksuslik jalutusk&auml;ru pakub parimat mugavust beebilening kasutajas&otilde;bra\" \/>\n<meta property=\"og:url\" content=\"https:\/\/beebipood.ee\/ru\/produkt\/maxi-cosi-adorra-2-jalutuskaru-essential-black\/\" \/>\n<meta property=\"og:site_name\" content=\"Beebipood\" \/>\n<meta property=\"article:modified_time\" content=\"2025-03-05T05:10:46+00:00\" \/>\n<meta property=\"og:image\" content=\"https:\/\/beebipood.ee\/wp-content\/uploads\/2018\/05\/MaxiCosi-Adorra-2-jalutuskaru-Essential-Black-UUED-TOOTED-Lastevankrid-ja-karud-Jalutuskarud_9-719.jpg\" \/>\n\t<meta property=\"og:image:width\" content=\"631\" \/>\n\t<meta property=\"og:image:height\" content=\"845\" \/>\n\t<meta property=\"og:image:type\" content=\"image\/jpeg\" \/>\n<meta name=\"twitter:card\" content=\"summary_large_image\" \/>\n<meta name=\"twitter:label1\" content=\"\u041f\u0440\u0438\u043c\u0435\u0440\u043d\u043e\u0435 \u0432\u0440\u0435\u043c\u044f \u0434\u043b\u044f \u0447\u0442\u0435\u043d\u0438\u044f\" \/>\n\t<meta name=\"twitter:data1\" content=\"1 \u043c\u0438\u043d\u0443\u0442\u0430\" \/>\n<script type=\"application\/ld+json\" class=\"yoast-schema-graph\">{\"@context\":\"https:\/\/schema.org\",\"@graph\":[{\"@type\":\"WebPage\",\"@id\":\"https:\/\/beebipood.ee\/ru\/produkt\/maxi-cosi-adorra-2-jalutuskaru-essential-black\/\",\"url\":\"https:\/\/beebipood.ee\/ru\/produkt\/maxi-cosi-adorra-2-jalutuskaru-essential-black\/\",\"name\":\"Maxi-Cosi Adorra 2 jalutusk\u00e4ru, Essential Black, \u0421\u041a\u0418\u0414\u041a\u0418, \u041a\u043e\u043b\u044f\u0441\u043a\u0438, \u041f\u0440\u043e\u0433\u0443\u043b\u043e\u0447\u043d\u044b\u0435 \u043a\u043e\u043b\u044f\u0441\u043a\u0438, Beebipood\",\"isPartOf\":{\"@id\":\"https:\/\/beebipood.ee\/ru\/#website\"},\"primaryImageOfPage\":{\"@id\":\"https:\/\/beebipood.ee\/ru\/produkt\/maxi-cosi-adorra-2-jalutuskaru-essential-black\/#primaryimage\"},\"image\":{\"@id\":\"https:\/\/beebipood.ee\/ru\/produkt\/maxi-cosi-adorra-2-jalutuskaru-essential-black\/#primaryimage\"},\"thumbnailUrl\":\"https:\/\/beebipood.ee\/wp-content\/uploads\/2018\/05\/MaxiCosi-Adorra-2-jalutuskaru-Essential-Black-UUED-TOOTED-Lastevankrid-ja-karud-Jalutuskarud_9-719.jpg\",\"datePublished\":\"2018-05-18T08:14:32+00:00\",\"dateModified\":\"2025-03-05T05:10:46+00:00\",\"description\":\"Maxi-Cosi Adorra 2 jalutusk\u00e4ru, Essential Black, Maxi-Cosi Adorra 2 luksuslik jalutusk&auml;ru pakub parimat mugavust beebilening kasutajas&otilde;bra\",\"breadcrumb\":{\"@id\":\"https:\/\/beebipood.ee\/ru\/produkt\/maxi-cosi-adorra-2-jalutuskaru-essential-black\/#breadcrumb\"},\"inLanguage\":\"ru-RU\",\"potentialAction\":[{\"@type\":\"ReadAction\",\"target\":[\"https:\/\/beebipood.ee\/ru\/produkt\/maxi-cosi-adorra-2-jalutuskaru-essential-black\/\"]}]},{\"@type\":\"ImageObject\",\"inLanguage\":\"ru-RU\",\"@id\":\"https:\/\/beebipood.ee\/ru\/produkt\/maxi-cosi-adorra-2-jalutuskaru-essential-black\/#primaryimage\",\"url\":\"https:\/\/beebipood.ee\/wp-content\/uploads\/2018\/05\/MaxiCosi-Adorra-2-jalutuskaru-Essential-Black-UUED-TOOTED-Lastevankrid-ja-karud-Jalutuskarud_9-719.jpg\",\"contentUrl\":\"https:\/\/beebipood.ee\/wp-content\/uploads\/2018\/05\/MaxiCosi-Adorra-2-jalutuskaru-Essential-Black-UUED-TOOTED-Lastevankrid-ja-karud-Jalutuskarud_9-719.jpg\",\"width\":631,\"height\":845},{\"@type\":\"BreadcrumbList\",\"@id\":\"https:\/\/beebipood.ee\/ru\/produkt\/maxi-cosi-adorra-2-jalutuskaru-essential-black\/#breadcrumb\",\"itemListElement\":[{\"@type\":\"ListItem\",\"position\":1,\"name\":\"Home\",\"item\":\"https:\/\/beebipood.ee\/ru\/\"},{\"@type\":\"ListItem\",\"position\":2,\"name\":\"\u041a\u0430\u0442\u0430\u043b\u043e\u0433 \u0442\u043e\u0432\u0430\u0440\u043e\u0432\",\"item\":\"https:\/\/beebipood.ee\/tooted\/\"},{\"@type\":\"ListItem\",\"position\":3,\"name\":\"Maxi-Cosi Adorra 2 jalutusk\u00e4ru, Essential Black\"}]},{\"@type\":\"WebSite\",\"@id\":\"https:\/\/beebipood.ee\/ru\/#website\",\"url\":\"https:\/\/beebipood.ee\/ru\/\",\"name\":\"Beebipood\",\"description\":\"Lastekaubad, beebikaubad, m\u00e4nguasjad\",\"publisher\":{\"@id\":\"https:\/\/beebipood.ee\/ru\/#organization\"},\"potentialAction\":[{\"@type\":\"SearchAction\",\"target\":{\"@type\":\"EntryPoint\",\"urlTemplate\":\"https:\/\/beebipood.ee\/ru\/?s={search_term_string}\"},\"query-input\":{\"@type\":\"PropertyValueSpecification\",\"valueRequired\":true,\"valueName\":\"search_term_string\"}}],\"inLanguage\":\"ru-RU\"},{\"@type\":\"Organization\",\"@id\":\"https:\/\/beebipood.ee\/ru\/#organization\",\"name\":\"Beebipood\",\"url\":\"https:\/\/beebipood.ee\/ru\/\",\"logo\":{\"@type\":\"ImageObject\",\"inLanguage\":\"ru-RU\",\"@id\":\"https:\/\/beebipood.ee\/ru\/#\/schema\/logo\/image\/\",\"url\":\"https:\/\/beebipood.ee\/wp-content\/uploads\/2025\/03\/beebipood.ee-logo-1.svg\",\"contentUrl\":\"https:\/\/beebipood.ee\/wp-content\/uploads\/2025\/03\/beebipood.ee-logo-1.svg\",\"caption\":\"Beebipood\"},\"image\":{\"@id\":\"https:\/\/beebipood.ee\/ru\/#\/schema\/logo\/image\/\"}}]}<\/script>\n<!-- \/ Yoast SEO plugin. -->","yoast_head_json":{"title":"Maxi-Cosi Adorra 2 jalutusk\u00e4ru, Essential Black, \u0421\u041a\u0418\u0414\u041a\u0418, \u041a\u043e\u043b\u044f\u0441\u043a\u0438, \u041f\u0440\u043e\u0433\u0443\u043b\u043e\u0447\u043d\u044b\u0435 \u043a\u043e\u043b\u044f\u0441\u043a\u0438, Beebipood","description":"Maxi-Cosi Adorra 2 jalutusk\u00e4ru, Essential Black, Maxi-Cosi Adorra 2 luksuslik jalutusk&auml;ru pakub parimat mugavust beebilening kasutajas&otilde;bra","robots":{"index":"index","follow":"follow","max-snippet":"max-snippet:-1","max-image-preview":"max-image-preview:large","max-video-preview":"max-video-preview:-1"},"canonical":"https:\/\/beebipood.ee\/ru\/produkt\/maxi-cosi-adorra-2-jalutuskaru-essential-black\/","og_locale":"ru_RU","og_type":"article","og_title":"Maxi-Cosi Adorra 2 jalutusk\u00e4ru, Essential Black, \u0421\u041a\u0418\u0414\u041a\u0418, \u041a\u043e\u043b\u044f\u0441\u043a\u0438, \u041f\u0440\u043e\u0433\u0443\u043b\u043e\u0447\u043d\u044b\u0435 \u043a\u043e\u043b\u044f\u0441\u043a\u0438, Beebipood","og_description":"Maxi-Cosi Adorra 2 jalutusk\u00e4ru, Essential Black, Maxi-Cosi Adorra 2 luksuslik jalutusk&auml;ru pakub parimat mugavust beebilening kasutajas&otilde;bra","og_url":"https:\/\/beebipood.ee\/ru\/produkt\/maxi-cosi-adorra-2-jalutuskaru-essential-black\/","og_site_name":"Beebipood","article_modified_time":"2025-03-05T05:10:46+00:00","og_image":[{"width":631,"height":845,"url":"https:\/\/beebipood.ee\/wp-content\/uploads\/2018\/05\/MaxiCosi-Adorra-2-jalutuskaru-Essential-Black-UUED-TOOTED-Lastevankrid-ja-karud-Jalutuskarud_9-719.jpg","type":"image\/jpeg"}],"twitter_card":"summary_large_image","twitter_misc":{"\u041f\u0440\u0438\u043c\u0435\u0440\u043d\u043e\u0435 \u0432\u0440\u0435\u043c\u044f \u0434\u043b\u044f \u0447\u0442\u0435\u043d\u0438\u044f":"1 \u043c\u0438\u043d\u0443\u0442\u0430"},"schema":{"@context":"https:\/\/schema.org","@graph":[{"@type":"WebPage","@id":"https:\/\/beebipood.ee\/ru\/produkt\/maxi-cosi-adorra-2-jalutuskaru-essential-black\/","url":"https:\/\/beebipood.ee\/ru\/produkt\/maxi-cosi-adorra-2-jalutuskaru-essential-black\/","name":"Maxi-Cosi Adorra 2 jalutusk\u00e4ru, Essential Black, \u0421\u041a\u0418\u0414\u041a\u0418, \u041a\u043e\u043b\u044f\u0441\u043a\u0438, \u041f\u0440\u043e\u0433\u0443\u043b\u043e\u0447\u043d\u044b\u0435 \u043a\u043e\u043b\u044f\u0441\u043a\u0438, Beebipood","isPartOf":{"@id":"https:\/\/beebipood.ee\/ru\/#website"},"primaryImageOfPage":{"@id":"https:\/\/beebipood.ee\/ru\/produkt\/maxi-cosi-adorra-2-jalutuskaru-essential-black\/#primaryimage"},"image":{"@id":"https:\/\/beebipood.ee\/ru\/produkt\/maxi-cosi-adorra-2-jalutuskaru-essential-black\/#primaryimage"},"thumbnailUrl":"https:\/\/beebipood.ee\/wp-content\/uploads\/2018\/05\/MaxiCosi-Adorra-2-jalutuskaru-Essential-Black-UUED-TOOTED-Lastevankrid-ja-karud-Jalutuskarud_9-719.jpg","datePublished":"2018-05-18T08:14:32+00:00","dateModified":"2025-03-05T05:10:46+00:00","description":"Maxi-Cosi Adorra 2 jalutusk\u00e4ru, Essential Black, Maxi-Cosi Adorra 2 luksuslik jalutusk&auml;ru pakub parimat mugavust beebilening kasutajas&otilde;bra","breadcrumb":{"@id":"https:\/\/beebipood.ee\/ru\/produkt\/maxi-cosi-adorra-2-jalutuskaru-essential-black\/#breadcrumb"},"inLanguage":"ru-RU","potentialAction":[{"@type":"ReadAction","target":["https:\/\/beebipood.ee\/ru\/produkt\/maxi-cosi-adorra-2-jalutuskaru-essential-black\/"]}]},{"@type":"ImageObject","inLanguage":"ru-RU","@id":"https:\/\/beebipood.ee\/ru\/produkt\/maxi-cosi-adorra-2-jalutuskaru-essential-black\/#primaryimage","url":"https:\/\/beebipood.ee\/wp-content\/uploads\/2018\/05\/MaxiCosi-Adorra-2-jalutuskaru-Essential-Black-UUED-TOOTED-Lastevankrid-ja-karud-Jalutuskarud_9-719.jpg","contentUrl":"https:\/\/beebipood.ee\/wp-content\/uploads\/2018\/05\/MaxiCosi-Adorra-2-jalutuskaru-Essential-Black-UUED-TOOTED-Lastevankrid-ja-karud-Jalutuskarud_9-719.jpg","width":631,"height":845},{"@type":"BreadcrumbList","@id":"https:\/\/beebipood.ee\/ru\/produkt\/maxi-cosi-adorra-2-jalutuskaru-essential-black\/#breadcrumb","itemListElement":[{"@type":"ListItem","position":1,"name":"Home","item":"https:\/\/beebipood.ee\/ru\/"},{"@type":"ListItem","position":2,"name":"\u041a\u0430\u0442\u0430\u043b\u043e\u0433 \u0442\u043e\u0432\u0430\u0440\u043e\u0432","item":"https:\/\/beebipood.ee\/tooted\/"},{"@type":"ListItem","position":3,"name":"Maxi-Cosi Adorra 2 jalutusk\u00e4ru, Essential Black"}]},{"@type":"WebSite","@id":"https:\/\/beebipood.ee\/ru\/#website","url":"https:\/\/beebipood.ee\/ru\/","name":"Beebipood","description":"Lastekaubad, beebikaubad, m\u00e4nguasjad","publisher":{"@id":"https:\/\/beebipood.ee\/ru\/#organization"},"potentialAction":[{"@type":"SearchAction","target":{"@type":"EntryPoint","urlTemplate":"https:\/\/beebipood.ee\/ru\/?s={search_term_string}"},"query-input":{"@type":"PropertyValueSpecification","valueRequired":true,"valueName":"search_term_string"}}],"inLanguage":"ru-RU"},{"@type":"Organization","@id":"https:\/\/beebipood.ee\/ru\/#organization","name":"Beebipood","url":"https:\/\/beebipood.ee\/ru\/","logo":{"@type":"ImageObject","inLanguage":"ru-RU","@id":"https:\/\/beebipood.ee\/ru\/#\/schema\/logo\/image\/","url":"https:\/\/beebipood.ee\/wp-content\/uploads\/2025\/03\/beebipood.ee-logo-1.svg","contentUrl":"https:\/\/beebipood.ee\/wp-content\/uploads\/2025\/03\/beebipood.ee-logo-1.svg","caption":"Beebipood"},"image":{"@id":"https:\/\/beebipood.ee\/ru\/#\/schema\/logo\/image\/"}}]}},"brands":[{"id":11961,"name":"Maxi-Cosi","slug":"maxi-cosi-ru"}],"_links":{"self":[{"href":"https:\/\/beebipood.ee\/ru\/wp-json\/wp\/v2\/product\/458173","targetHints":{"allow":["GET"]}}],"collection":[{"href":"https:\/\/beebipood.ee\/ru\/wp-json\/wp\/v2\/product"}],"about":[{"href":"https:\/\/beebipood.ee\/ru\/wp-json\/wp\/v2\/types\/product"}],"wp:featuredmedia":[{"embeddable":true,"href":"https:\/\/beebipood.ee\/ru\/wp-json\/wp\/v2\/media\/124167"}],"wp:attachment":[{"href":"https:\/\/beebipood.ee\/ru\/wp-json\/wp\/v2\/media?parent=458173"}],"wp:term":[{"taxonomy":"pwb-brand","embeddable":true,"href":"https:\/\/beebipood.ee\/ru\/wp-json\/wp\/v2\/pwb-brand?post=458173"},{"taxonomy":"product_brand","embeddable":true,"href":"https:\/\/beebipood.ee\/ru\/wp-json\/wp\/v2\/product_brand?post=458173"},{"taxonomy":"product_cat","embeddable":true,"href":"https:\/\/beebipood.ee\/ru\/wp-json\/wp\/v2\/product_cat?post=458173"},{"taxonomy":"product_tag","embeddable":true,"href":"https:\/\/beebipood.ee\/ru\/wp-json\/wp\/v2\/product_tag?post=458173"}],"curies":[{"name":"wp","href":"https:\/\/api.w.org\/{rel}","templated":true}]}}