{"id":458175,"date":"2018-05-18T11:19:31","date_gmt":"2018-05-18T08:19:31","guid":{"rendered":"https:\/\/beebipood.ee\/toode\/maxi-cosi-adorra-2-jalutuskaru-luxe-twillic-grey\/"},"modified":"2025-01-09T10:49:12","modified_gmt":"2025-01-09T08:49:12","slug":"maxi-cosi-adorra-2-jalutuskaru-luxe-twillic-grey","status":"publish","type":"product","link":"https:\/\/beebipood.ee\/ru\/produkt\/maxi-cosi-adorra-2-jalutuskaru-luxe-twillic-grey\/","title":{"rendered":"Maxi-Cosi Adorra 2 jalutusk\u00e4ru, Luxe Twillic Grey"},"content":{"rendered":"<p>Uuendatud Max-Cosi Adorra\u00b2 jalutusk\u00e4ru \u00fchendab endas mugavuse ja kasutajas\u00f5bralikkuse. <br \/>\u00dclimalt pehme isteosa on n\u00fc\u00fcd hingava kangaga, <br \/>mis v\u00f5imaldab su lapsel ennast mugavalt tunda ka palavatel suvep\u00e4evadel.<br \/>Magneetiline v\u00f6\u00f6des\u00fcsteem aitab sul lapse lihtsamini ja kiiremini kinni saada, <br \/>enne kui ta sealt isteosast j\u00f5uab v\u00e4lja ronida.<br \/>Maxi-Cosi k\u00f5ige populaarsem jalutusk\u00e4ru on n\u00fc\u00fcd veelgi parem ning funktsionaalsem.<br \/><span style=\"text-decoration: underline;\"><br \/>Kasutajas\u00f5bralikkus<\/span><br \/>Kokkupandult kompaktne disain<br \/>Kokkupandult hoiab p\u00fcstist asendit, et oleks lihtsam k\u00e4ru hoiustada<br \/>XXL pakikorv &#8212; mahutab kuni 5kg<br \/>Magneetiline v\u00f6\u00f6de lukustamine &#8212; kinnita oma laps jalutusk\u00e4russe sekunditega<br \/><span style=\"text-decoration: underline;\">Mugavus<\/span><br \/>Mugav iste koos lisapolsterdusega<br \/>Kahepoolne, termoreguleeriv istepehmendus<br \/>Seljatoel mitu asendit (ka t\u00e4islamav asend)<br \/>Suur ja pikk kaarvari koos \u00f5hutusavaga<br \/>Reguleeritav jalatugi<br \/>P\u00f5rutustneelavad rattad<br \/><span style=\"text-decoration: underline;\">\u00dcldine<\/span><br \/>5-punkti kinnitusega turvarihmad<br \/>Kasutamiseks lastele alates s\u00fcnnist kuni kaaluni 22kg (ca. 4. eluaastani)<br \/><span style=\"text-decoration: underline;\">N\u00e4itajad<\/span><br \/>Kaal 12,2kg<br \/>Jalutusk\u00e4ru m\u00f5\u00f5dud 96,5 x 59,5 x 108,5cm (pikkus, laius, k\u00f5rgus)<br \/>Jalutusk\u00e4ru m\u00f5\u00f5dud kokkupandult 62,5 x 59,5 x 82,5cm (koos rataste ja isteosaga)<br \/>Isteosa m\u00f5\u00f5dud 32,5 x 23 x 44cm (laius, s\u00fcgavus, seljatoe pikkus)<br \/>Tagaratta diameeter 25,5cm<br \/>Esiratta diameeter 17,5cm<br \/><span style=\"text-decoration: underline;\">Komplektis<\/span><br \/>Vihmakate<br \/>Pakikorv<br \/>Kaarvari<br \/>P\u00e4ikesevarju kinnitus<br \/>Turvakaar<br \/>4 ratast<br \/>Jalutusk\u00e4ru<br \/>Istmepehmendus<br \/>Turvah\u00e4lli adapterid<\/p>\n","protected":false},"excerpt":{"rendered":"<p>Uuendatud Max-Cosi Adorra\u00b2 jalutusk\u00e4ru \u00fchendab endas mugavuse ja kasutajas\u00f5bralikkuse. \u00dclimalt pehme isteosa on n\u00fc\u00fcd hingava kangaga, mis v\u00f5imaldab su lapsel ennast mugavalt tunda ka palavatel suvep\u00e4evadel.Magneetiline v\u00f6\u00f6des\u00fcsteem aitab sul lapse lihtsamini ja kiiremini kinni saada, enne kui ta sealt isteosast j\u00f5uab v\u00e4lja ronida.Maxi-Cosi k\u00f5ige populaarsem jalutusk\u00e4ru on n\u00fc\u00fcd veelgi parem ning funktsionaalsem.Kasutajas\u00f5bralikkusKokkupandult kompaktne disainKokkupandult hoiab [&hellip;]<\/p>\n","protected":false},"featured_media":124212,"template":"","meta":{"_acf_changed":false},"pwb-brand":[11961],"product_brand":[],"product_cat":[11721,11717],"product_tag":[],"class_list":{"0":"post-458175","1":"product","2":"type-product","3":"status-publish","4":"has-post-thumbnail","6":"pwb-brand-maxi-cosi-ru","7":"product_cat-jalutuskarud-ru","8":"product_cat-lastevankrid-ja-karud-ru","9":"pa_manufacturer-maxi_cosi-ru","11":"first","12":"onbackorder","13":"taxable","14":"shipping-taxable","15":"purchasable","16":"product-type-simple"},"exclude_global_add_ons":[],"addons":[],"acf":[],"yoast_head":"<!-- This site is optimized with the Yoast SEO plugin v27.1.1 - https:\/\/yoast.com\/product\/yoast-seo-wordpress\/ -->\n<title>Maxi-Cosi Adorra 2 jalutusk\u00e4ru, Luxe Twillic Grey, \u0421\u041a\u0418\u0414\u041a\u0418, \u041a\u043e\u043b\u044f\u0441\u043a\u0438, \u041f\u0440\u043e\u0433\u0443\u043b\u043e\u0447\u043d\u044b\u0435 \u043a\u043e\u043b\u044f\u0441\u043a\u0438, Beebipood<\/title>\n<meta name=\"description\" content=\"Maxi-Cosi Adorra 2 jalutusk\u00e4ru, Luxe Twillic Grey, Uuendatud Max-Cosi Adorra&sup2; jalutusk&auml;ru &uuml;hendab endas mugavuse ja kasutajas&otilde;bralikku\" \/>\n<meta name=\"robots\" content=\"index, follow, max-snippet:-1, max-image-preview:large, max-video-preview:-1\" \/>\n<link rel=\"canonical\" href=\"https:\/\/beebipood.ee\/ru\/produkt\/maxi-cosi-adorra-2-jalutuskaru-luxe-twillic-grey\/\" \/>\n<meta property=\"og:locale\" content=\"ru_RU\" \/>\n<meta property=\"og:type\" content=\"article\" \/>\n<meta property=\"og:title\" content=\"Maxi-Cosi Adorra 2 jalutusk\u00e4ru, Luxe Twillic Grey, \u0421\u041a\u0418\u0414\u041a\u0418, \u041a\u043e\u043b\u044f\u0441\u043a\u0438, \u041f\u0440\u043e\u0433\u0443\u043b\u043e\u0447\u043d\u044b\u0435 \u043a\u043e\u043b\u044f\u0441\u043a\u0438, Beebipood\" \/>\n<meta property=\"og:description\" content=\"Maxi-Cosi Adorra 2 jalutusk\u00e4ru, Luxe Twillic Grey, Uuendatud Max-Cosi Adorra&sup2; jalutusk&auml;ru &uuml;hendab endas mugavuse ja kasutajas&otilde;bralikku\" \/>\n<meta property=\"og:url\" content=\"https:\/\/beebipood.ee\/ru\/produkt\/maxi-cosi-adorra-2-jalutuskaru-luxe-twillic-grey\/\" \/>\n<meta property=\"og:site_name\" content=\"Beebipood\" \/>\n<meta property=\"article:modified_time\" content=\"2025-01-09T08:49:12+00:00\" \/>\n<meta property=\"og:image\" content=\"https:\/\/beebipood.ee\/wp-content\/uploads\/2018\/05\/MaxiCosi-Adorra-2-jalutuskaru-Luxe-Twillic-Grey-SOODUSPAKKUMISED-UUED-TOOTED-Lastevankrid-ja-karud-Jalutuskarud_1-66a.jpg\" \/>\n\t<meta property=\"og:image:width\" content=\"1200\" \/>\n\t<meta property=\"og:image:height\" content=\"1200\" \/>\n\t<meta property=\"og:image:type\" content=\"image\/jpeg\" \/>\n<meta name=\"twitter:card\" content=\"summary_large_image\" \/>\n<meta name=\"twitter:label1\" content=\"\u041f\u0440\u0438\u043c\u0435\u0440\u043d\u043e\u0435 \u0432\u0440\u0435\u043c\u044f \u0434\u043b\u044f \u0447\u0442\u0435\u043d\u0438\u044f\" \/>\n\t<meta name=\"twitter:data1\" content=\"1 \u043c\u0438\u043d\u0443\u0442\u0430\" \/>\n<script type=\"application\/ld+json\" class=\"yoast-schema-graph\">{\"@context\":\"https:\/\/schema.org\",\"@graph\":[{\"@type\":\"WebPage\",\"@id\":\"https:\/\/beebipood.ee\/ru\/produkt\/maxi-cosi-adorra-2-jalutuskaru-luxe-twillic-grey\/\",\"url\":\"https:\/\/beebipood.ee\/ru\/produkt\/maxi-cosi-adorra-2-jalutuskaru-luxe-twillic-grey\/\",\"name\":\"Maxi-Cosi Adorra 2 jalutusk\u00e4ru, Luxe Twillic Grey, \u0421\u041a\u0418\u0414\u041a\u0418, \u041a\u043e\u043b\u044f\u0441\u043a\u0438, \u041f\u0440\u043e\u0433\u0443\u043b\u043e\u0447\u043d\u044b\u0435 \u043a\u043e\u043b\u044f\u0441\u043a\u0438, Beebipood\",\"isPartOf\":{\"@id\":\"https:\/\/beebipood.ee\/ru\/#website\"},\"primaryImageOfPage\":{\"@id\":\"https:\/\/beebipood.ee\/ru\/produkt\/maxi-cosi-adorra-2-jalutuskaru-luxe-twillic-grey\/#primaryimage\"},\"image\":{\"@id\":\"https:\/\/beebipood.ee\/ru\/produkt\/maxi-cosi-adorra-2-jalutuskaru-luxe-twillic-grey\/#primaryimage\"},\"thumbnailUrl\":\"https:\/\/beebipood.ee\/wp-content\/uploads\/2018\/05\/MaxiCosi-Adorra-2-jalutuskaru-Luxe-Twillic-Grey-SOODUSPAKKUMISED-UUED-TOOTED-Lastevankrid-ja-karud-Jalutuskarud_1-66a.jpg\",\"datePublished\":\"2018-05-18T08:19:31+00:00\",\"dateModified\":\"2025-01-09T08:49:12+00:00\",\"description\":\"Maxi-Cosi Adorra 2 jalutusk\u00e4ru, Luxe Twillic Grey, Uuendatud Max-Cosi Adorra&sup2; jalutusk&auml;ru &uuml;hendab endas mugavuse ja kasutajas&otilde;bralikku\",\"breadcrumb\":{\"@id\":\"https:\/\/beebipood.ee\/ru\/produkt\/maxi-cosi-adorra-2-jalutuskaru-luxe-twillic-grey\/#breadcrumb\"},\"inLanguage\":\"ru-RU\",\"potentialAction\":[{\"@type\":\"ReadAction\",\"target\":[\"https:\/\/beebipood.ee\/ru\/produkt\/maxi-cosi-adorra-2-jalutuskaru-luxe-twillic-grey\/\"]}]},{\"@type\":\"ImageObject\",\"inLanguage\":\"ru-RU\",\"@id\":\"https:\/\/beebipood.ee\/ru\/produkt\/maxi-cosi-adorra-2-jalutuskaru-luxe-twillic-grey\/#primaryimage\",\"url\":\"https:\/\/beebipood.ee\/wp-content\/uploads\/2018\/05\/MaxiCosi-Adorra-2-jalutuskaru-Luxe-Twillic-Grey-SOODUSPAKKUMISED-UUED-TOOTED-Lastevankrid-ja-karud-Jalutuskarud_1-66a.jpg\",\"contentUrl\":\"https:\/\/beebipood.ee\/wp-content\/uploads\/2018\/05\/MaxiCosi-Adorra-2-jalutuskaru-Luxe-Twillic-Grey-SOODUSPAKKUMISED-UUED-TOOTED-Lastevankrid-ja-karud-Jalutuskarud_1-66a.jpg\",\"width\":1200,\"height\":1200},{\"@type\":\"BreadcrumbList\",\"@id\":\"https:\/\/beebipood.ee\/ru\/produkt\/maxi-cosi-adorra-2-jalutuskaru-luxe-twillic-grey\/#breadcrumb\",\"itemListElement\":[{\"@type\":\"ListItem\",\"position\":1,\"name\":\"Home\",\"item\":\"https:\/\/beebipood.ee\/ru\/\"},{\"@type\":\"ListItem\",\"position\":2,\"name\":\"\u041a\u0430\u0442\u0430\u043b\u043e\u0433 \u0442\u043e\u0432\u0430\u0440\u043e\u0432\",\"item\":\"https:\/\/beebipood.ee\/tooted\/\"},{\"@type\":\"ListItem\",\"position\":3,\"name\":\"Maxi-Cosi Adorra 2 jalutusk\u00e4ru, Luxe Twillic Grey\"}]},{\"@type\":\"WebSite\",\"@id\":\"https:\/\/beebipood.ee\/ru\/#website\",\"url\":\"https:\/\/beebipood.ee\/ru\/\",\"name\":\"Beebipood\",\"description\":\"Lastekaubad, beebikaubad, m\u00e4nguasjad\",\"publisher\":{\"@id\":\"https:\/\/beebipood.ee\/ru\/#organization\"},\"potentialAction\":[{\"@type\":\"SearchAction\",\"target\":{\"@type\":\"EntryPoint\",\"urlTemplate\":\"https:\/\/beebipood.ee\/ru\/?s={search_term_string}\"},\"query-input\":{\"@type\":\"PropertyValueSpecification\",\"valueRequired\":true,\"valueName\":\"search_term_string\"}}],\"inLanguage\":\"ru-RU\"},{\"@type\":\"Organization\",\"@id\":\"https:\/\/beebipood.ee\/ru\/#organization\",\"name\":\"Beebipood\",\"url\":\"https:\/\/beebipood.ee\/ru\/\",\"logo\":{\"@type\":\"ImageObject\",\"inLanguage\":\"ru-RU\",\"@id\":\"https:\/\/beebipood.ee\/ru\/#\/schema\/logo\/image\/\",\"url\":\"https:\/\/beebipood.ee\/wp-content\/uploads\/2025\/03\/beebipood.ee-logo-1.svg\",\"contentUrl\":\"https:\/\/beebipood.ee\/wp-content\/uploads\/2025\/03\/beebipood.ee-logo-1.svg\",\"caption\":\"Beebipood\"},\"image\":{\"@id\":\"https:\/\/beebipood.ee\/ru\/#\/schema\/logo\/image\/\"}}]}<\/script>\n<!-- \/ Yoast SEO plugin. -->","yoast_head_json":{"title":"Maxi-Cosi Adorra 2 jalutusk\u00e4ru, Luxe Twillic Grey, \u0421\u041a\u0418\u0414\u041a\u0418, \u041a\u043e\u043b\u044f\u0441\u043a\u0438, \u041f\u0440\u043e\u0433\u0443\u043b\u043e\u0447\u043d\u044b\u0435 \u043a\u043e\u043b\u044f\u0441\u043a\u0438, Beebipood","description":"Maxi-Cosi Adorra 2 jalutusk\u00e4ru, Luxe Twillic Grey, Uuendatud Max-Cosi Adorra&sup2; jalutusk&auml;ru &uuml;hendab endas mugavuse ja kasutajas&otilde;bralikku","robots":{"index":"index","follow":"follow","max-snippet":"max-snippet:-1","max-image-preview":"max-image-preview:large","max-video-preview":"max-video-preview:-1"},"canonical":"https:\/\/beebipood.ee\/ru\/produkt\/maxi-cosi-adorra-2-jalutuskaru-luxe-twillic-grey\/","og_locale":"ru_RU","og_type":"article","og_title":"Maxi-Cosi Adorra 2 jalutusk\u00e4ru, Luxe Twillic Grey, \u0421\u041a\u0418\u0414\u041a\u0418, \u041a\u043e\u043b\u044f\u0441\u043a\u0438, \u041f\u0440\u043e\u0433\u0443\u043b\u043e\u0447\u043d\u044b\u0435 \u043a\u043e\u043b\u044f\u0441\u043a\u0438, Beebipood","og_description":"Maxi-Cosi Adorra 2 jalutusk\u00e4ru, Luxe Twillic Grey, Uuendatud Max-Cosi Adorra&sup2; jalutusk&auml;ru &uuml;hendab endas mugavuse ja kasutajas&otilde;bralikku","og_url":"https:\/\/beebipood.ee\/ru\/produkt\/maxi-cosi-adorra-2-jalutuskaru-luxe-twillic-grey\/","og_site_name":"Beebipood","article_modified_time":"2025-01-09T08:49:12+00:00","og_image":[{"width":1200,"height":1200,"url":"https:\/\/beebipood.ee\/wp-content\/uploads\/2018\/05\/MaxiCosi-Adorra-2-jalutuskaru-Luxe-Twillic-Grey-SOODUSPAKKUMISED-UUED-TOOTED-Lastevankrid-ja-karud-Jalutuskarud_1-66a.jpg","type":"image\/jpeg"}],"twitter_card":"summary_large_image","twitter_misc":{"\u041f\u0440\u0438\u043c\u0435\u0440\u043d\u043e\u0435 \u0432\u0440\u0435\u043c\u044f \u0434\u043b\u044f \u0447\u0442\u0435\u043d\u0438\u044f":"1 \u043c\u0438\u043d\u0443\u0442\u0430"},"schema":{"@context":"https:\/\/schema.org","@graph":[{"@type":"WebPage","@id":"https:\/\/beebipood.ee\/ru\/produkt\/maxi-cosi-adorra-2-jalutuskaru-luxe-twillic-grey\/","url":"https:\/\/beebipood.ee\/ru\/produkt\/maxi-cosi-adorra-2-jalutuskaru-luxe-twillic-grey\/","name":"Maxi-Cosi Adorra 2 jalutusk\u00e4ru, Luxe Twillic Grey, \u0421\u041a\u0418\u0414\u041a\u0418, \u041a\u043e\u043b\u044f\u0441\u043a\u0438, \u041f\u0440\u043e\u0433\u0443\u043b\u043e\u0447\u043d\u044b\u0435 \u043a\u043e\u043b\u044f\u0441\u043a\u0438, Beebipood","isPartOf":{"@id":"https:\/\/beebipood.ee\/ru\/#website"},"primaryImageOfPage":{"@id":"https:\/\/beebipood.ee\/ru\/produkt\/maxi-cosi-adorra-2-jalutuskaru-luxe-twillic-grey\/#primaryimage"},"image":{"@id":"https:\/\/beebipood.ee\/ru\/produkt\/maxi-cosi-adorra-2-jalutuskaru-luxe-twillic-grey\/#primaryimage"},"thumbnailUrl":"https:\/\/beebipood.ee\/wp-content\/uploads\/2018\/05\/MaxiCosi-Adorra-2-jalutuskaru-Luxe-Twillic-Grey-SOODUSPAKKUMISED-UUED-TOOTED-Lastevankrid-ja-karud-Jalutuskarud_1-66a.jpg","datePublished":"2018-05-18T08:19:31+00:00","dateModified":"2025-01-09T08:49:12+00:00","description":"Maxi-Cosi Adorra 2 jalutusk\u00e4ru, Luxe Twillic Grey, Uuendatud Max-Cosi Adorra&sup2; jalutusk&auml;ru &uuml;hendab endas mugavuse ja kasutajas&otilde;bralikku","breadcrumb":{"@id":"https:\/\/beebipood.ee\/ru\/produkt\/maxi-cosi-adorra-2-jalutuskaru-luxe-twillic-grey\/#breadcrumb"},"inLanguage":"ru-RU","potentialAction":[{"@type":"ReadAction","target":["https:\/\/beebipood.ee\/ru\/produkt\/maxi-cosi-adorra-2-jalutuskaru-luxe-twillic-grey\/"]}]},{"@type":"ImageObject","inLanguage":"ru-RU","@id":"https:\/\/beebipood.ee\/ru\/produkt\/maxi-cosi-adorra-2-jalutuskaru-luxe-twillic-grey\/#primaryimage","url":"https:\/\/beebipood.ee\/wp-content\/uploads\/2018\/05\/MaxiCosi-Adorra-2-jalutuskaru-Luxe-Twillic-Grey-SOODUSPAKKUMISED-UUED-TOOTED-Lastevankrid-ja-karud-Jalutuskarud_1-66a.jpg","contentUrl":"https:\/\/beebipood.ee\/wp-content\/uploads\/2018\/05\/MaxiCosi-Adorra-2-jalutuskaru-Luxe-Twillic-Grey-SOODUSPAKKUMISED-UUED-TOOTED-Lastevankrid-ja-karud-Jalutuskarud_1-66a.jpg","width":1200,"height":1200},{"@type":"BreadcrumbList","@id":"https:\/\/beebipood.ee\/ru\/produkt\/maxi-cosi-adorra-2-jalutuskaru-luxe-twillic-grey\/#breadcrumb","itemListElement":[{"@type":"ListItem","position":1,"name":"Home","item":"https:\/\/beebipood.ee\/ru\/"},{"@type":"ListItem","position":2,"name":"\u041a\u0430\u0442\u0430\u043b\u043e\u0433 \u0442\u043e\u0432\u0430\u0440\u043e\u0432","item":"https:\/\/beebipood.ee\/tooted\/"},{"@type":"ListItem","position":3,"name":"Maxi-Cosi Adorra 2 jalutusk\u00e4ru, Luxe Twillic Grey"}]},{"@type":"WebSite","@id":"https:\/\/beebipood.ee\/ru\/#website","url":"https:\/\/beebipood.ee\/ru\/","name":"Beebipood","description":"Lastekaubad, beebikaubad, m\u00e4nguasjad","publisher":{"@id":"https:\/\/beebipood.ee\/ru\/#organization"},"potentialAction":[{"@type":"SearchAction","target":{"@type":"EntryPoint","urlTemplate":"https:\/\/beebipood.ee\/ru\/?s={search_term_string}"},"query-input":{"@type":"PropertyValueSpecification","valueRequired":true,"valueName":"search_term_string"}}],"inLanguage":"ru-RU"},{"@type":"Organization","@id":"https:\/\/beebipood.ee\/ru\/#organization","name":"Beebipood","url":"https:\/\/beebipood.ee\/ru\/","logo":{"@type":"ImageObject","inLanguage":"ru-RU","@id":"https:\/\/beebipood.ee\/ru\/#\/schema\/logo\/image\/","url":"https:\/\/beebipood.ee\/wp-content\/uploads\/2025\/03\/beebipood.ee-logo-1.svg","contentUrl":"https:\/\/beebipood.ee\/wp-content\/uploads\/2025\/03\/beebipood.ee-logo-1.svg","caption":"Beebipood"},"image":{"@id":"https:\/\/beebipood.ee\/ru\/#\/schema\/logo\/image\/"}}]}},"brands":[{"id":11961,"name":"Maxi-Cosi","slug":"maxi-cosi-ru"}],"_links":{"self":[{"href":"https:\/\/beebipood.ee\/ru\/wp-json\/wp\/v2\/product\/458175","targetHints":{"allow":["GET"]}}],"collection":[{"href":"https:\/\/beebipood.ee\/ru\/wp-json\/wp\/v2\/product"}],"about":[{"href":"https:\/\/beebipood.ee\/ru\/wp-json\/wp\/v2\/types\/product"}],"wp:featuredmedia":[{"embeddable":true,"href":"https:\/\/beebipood.ee\/ru\/wp-json\/wp\/v2\/media\/124212"}],"wp:attachment":[{"href":"https:\/\/beebipood.ee\/ru\/wp-json\/wp\/v2\/media?parent=458175"}],"wp:term":[{"taxonomy":"pwb-brand","embeddable":true,"href":"https:\/\/beebipood.ee\/ru\/wp-json\/wp\/v2\/pwb-brand?post=458175"},{"taxonomy":"product_brand","embeddable":true,"href":"https:\/\/beebipood.ee\/ru\/wp-json\/wp\/v2\/product_brand?post=458175"},{"taxonomy":"product_cat","embeddable":true,"href":"https:\/\/beebipood.ee\/ru\/wp-json\/wp\/v2\/product_cat?post=458175"},{"taxonomy":"product_tag","embeddable":true,"href":"https:\/\/beebipood.ee\/ru\/wp-json\/wp\/v2\/product_tag?post=458175"}],"curies":[{"name":"wp","href":"https:\/\/api.w.org\/{rel}","templated":true}]}}