{"id":458209,"date":"2018-06-07T08:15:21","date_gmt":"2018-06-07T05:15:21","guid":{"rendered":"https:\/\/beebipood.ee\/toode\/kummut-nel-heart\/"},"modified":"2025-01-09T10:49:10","modified_gmt":"2025-01-09T08:49:10","slug":"kummut-nel-heart","status":"publish","type":"product","link":"https:\/\/beebipood.ee\/ru\/produkt\/kummut-nel-heart\/","title":{"rendered":"Kummut Nel Heart"},"content":{"rendered":"<p>* uue ja huvitava disainiga kummut<br \/>* kummut on valmistatud tugevast fooliumkattega laminaadist<br \/>* viimistlus: valge v\u00e4rv \/ hall<br \/>* toode on kaunistatud puidust v\u00e4ljal\u00f5igatud ornamendiga<br \/>* enam ei pea kartma teravaid servi, sest k\u00f5ikide toodete nurgad on \u00fcmarad<br \/>* kummutil on kolm suurt sahtlit, mis mahutab k\u00f5ik vajaliku<br \/>* kummutil on m\u00e4hkimisalus, mida saab kergesti eemaldada <br \/>* kummutit saab hiljem kasutada ilma m\u00e4hkimisaluseta<br \/>* viimistlemisel on kasutatud ainult vee baasil v\u00e4rve ja lakke<br \/>* toodetud EL&#8217;s<br \/>* toode vastab k\u00f5ikidele EN turvastandarditele<\/p>\n","protected":false},"excerpt":{"rendered":"<p>* uue ja huvitava disainiga kummut* kummut on valmistatud tugevast fooliumkattega laminaadist* viimistlus: valge v\u00e4rv \/ hall* toode on kaunistatud puidust v\u00e4ljal\u00f5igatud ornamendiga* enam ei pea kartma teravaid servi, sest k\u00f5ikide toodete nurgad on \u00fcmarad* kummutil on kolm suurt sahtlit, mis mahutab k\u00f5ik vajaliku* kummutil on m\u00e4hkimisalus, mida saab kergesti eemaldada * kummutit saab hiljem [&hellip;]<\/p>\n","protected":false},"featured_media":124486,"template":"","meta":{"_acf_changed":false},"pwb-brand":[11946],"product_brand":[],"product_cat":[11711,11627,11623,11789],"product_tag":[],"class_list":{"0":"post-458209","1":"product","2":"type-product","3":"status-publish","4":"has-post-thumbnail","6":"pwb-brand-klups-ru","7":"product_cat-mahkimisalused-ja-riiulid-ru","8":"product_cat-kummutid-ru","9":"product_cat-kummutid-kastid-ru","10":"product_cat-lastemoobel-ja-sisustus-ru","11":"pa_manufacturer-klups-ru","13":"first","14":"onbackorder","15":"sale","16":"taxable","17":"shipping-taxable","18":"purchasable","19":"product-type-simple"},"exclude_global_add_ons":[],"addons":[],"acf":[],"yoast_head":"<!-- This site is optimized with the Yoast SEO plugin v27.1.1 - https:\/\/yoast.com\/product\/yoast-seo-wordpress\/ -->\n<title>Kummut Nel Heart, K\u043e\u043c\u043e\u0434\u044b, \u044f\u0449\u0438\u043a\u0438, K\u043e\u043c\u043e\u0434\u044b, \u041f\u0435\u043b\u0435\u043d\u0430\u043b\u044c\u043d\u044b\u0435 \u0441\u0442\u043e\u043b\u0438\u043a\u0438 \u0438 \u043f\u043e\u043b\u043a\u0438, M\u0435\u0431\u0435\u043b\u044c, Ha c\u043a\u043b\u0430\u0434\u0435, Beebipood<\/title>\n<meta name=\"description\" content=\"Kummut Nel Heart, * uue ja huvitava disainiga kummut* kummut on valmistatud tugevast fooliumkattega laminaadist* viimistlus: valge v&auml;rv \/ ha\" \/>\n<meta name=\"robots\" content=\"index, follow, max-snippet:-1, max-image-preview:large, max-video-preview:-1\" \/>\n<link rel=\"canonical\" href=\"https:\/\/beebipood.ee\/ru\/produkt\/kummut-nel-heart\/\" \/>\n<meta property=\"og:locale\" content=\"ru_RU\" \/>\n<meta property=\"og:type\" content=\"article\" \/>\n<meta property=\"og:title\" content=\"Kummut Nel Heart, K\u043e\u043c\u043e\u0434\u044b, \u044f\u0449\u0438\u043a\u0438, K\u043e\u043c\u043e\u0434\u044b, \u041f\u0435\u043b\u0435\u043d\u0430\u043b\u044c\u043d\u044b\u0435 \u0441\u0442\u043e\u043b\u0438\u043a\u0438 \u0438 \u043f\u043e\u043b\u043a\u0438, M\u0435\u0431\u0435\u043b\u044c, Ha c\u043a\u043b\u0430\u0434\u0435, Beebipood\" \/>\n<meta property=\"og:description\" content=\"Kummut Nel Heart, * uue ja huvitava disainiga kummut* kummut on valmistatud tugevast fooliumkattega laminaadist* viimistlus: valge v&auml;rv \/ ha\" \/>\n<meta property=\"og:url\" content=\"https:\/\/beebipood.ee\/ru\/produkt\/kummut-nel-heart\/\" \/>\n<meta property=\"og:site_name\" content=\"Beebipood\" \/>\n<meta property=\"article:modified_time\" content=\"2025-01-09T08:49:10+00:00\" \/>\n<meta property=\"og:image\" content=\"https:\/\/beebipood.ee\/wp-content\/uploads\/2018\/06\/Kummut-Nel-Heart-UUED-TOOTED-Kummutid-kastid-Kummutid-Mahkimisalused-ja-riiulid-Lastemoobel-ja-sisustus_4-1de.jpg\" \/>\n\t<meta property=\"og:image:width\" content=\"850\" \/>\n\t<meta property=\"og:image:height\" content=\"850\" \/>\n\t<meta property=\"og:image:type\" content=\"image\/jpeg\" \/>\n<meta name=\"twitter:card\" content=\"summary_large_image\" \/>\n<script type=\"application\/ld+json\" class=\"yoast-schema-graph\">{\"@context\":\"https:\/\/schema.org\",\"@graph\":[{\"@type\":\"WebPage\",\"@id\":\"https:\/\/beebipood.ee\/ru\/produkt\/kummut-nel-heart\/\",\"url\":\"https:\/\/beebipood.ee\/ru\/produkt\/kummut-nel-heart\/\",\"name\":\"Kummut Nel Heart, K\u043e\u043c\u043e\u0434\u044b, \u044f\u0449\u0438\u043a\u0438, K\u043e\u043c\u043e\u0434\u044b, \u041f\u0435\u043b\u0435\u043d\u0430\u043b\u044c\u043d\u044b\u0435 \u0441\u0442\u043e\u043b\u0438\u043a\u0438 \u0438 \u043f\u043e\u043b\u043a\u0438, M\u0435\u0431\u0435\u043b\u044c, Ha c\u043a\u043b\u0430\u0434\u0435, Beebipood\",\"isPartOf\":{\"@id\":\"https:\/\/beebipood.ee\/ru\/#website\"},\"primaryImageOfPage\":{\"@id\":\"https:\/\/beebipood.ee\/ru\/produkt\/kummut-nel-heart\/#primaryimage\"},\"image\":{\"@id\":\"https:\/\/beebipood.ee\/ru\/produkt\/kummut-nel-heart\/#primaryimage\"},\"thumbnailUrl\":\"https:\/\/beebipood.ee\/wp-content\/uploads\/2018\/06\/Kummut-Nel-Heart-UUED-TOOTED-Kummutid-kastid-Kummutid-Mahkimisalused-ja-riiulid-Lastemoobel-ja-sisustus_4-1de.jpg\",\"datePublished\":\"2018-06-07T05:15:21+00:00\",\"dateModified\":\"2025-01-09T08:49:10+00:00\",\"description\":\"Kummut Nel Heart, * uue ja huvitava disainiga kummut* kummut on valmistatud tugevast fooliumkattega laminaadist* viimistlus: valge v&auml;rv \/ ha\",\"breadcrumb\":{\"@id\":\"https:\/\/beebipood.ee\/ru\/produkt\/kummut-nel-heart\/#breadcrumb\"},\"inLanguage\":\"ru-RU\",\"potentialAction\":[{\"@type\":\"ReadAction\",\"target\":[\"https:\/\/beebipood.ee\/ru\/produkt\/kummut-nel-heart\/\"]}]},{\"@type\":\"ImageObject\",\"inLanguage\":\"ru-RU\",\"@id\":\"https:\/\/beebipood.ee\/ru\/produkt\/kummut-nel-heart\/#primaryimage\",\"url\":\"https:\/\/beebipood.ee\/wp-content\/uploads\/2018\/06\/Kummut-Nel-Heart-UUED-TOOTED-Kummutid-kastid-Kummutid-Mahkimisalused-ja-riiulid-Lastemoobel-ja-sisustus_4-1de.jpg\",\"contentUrl\":\"https:\/\/beebipood.ee\/wp-content\/uploads\/2018\/06\/Kummut-Nel-Heart-UUED-TOOTED-Kummutid-kastid-Kummutid-Mahkimisalused-ja-riiulid-Lastemoobel-ja-sisustus_4-1de.jpg\",\"width\":850,\"height\":850},{\"@type\":\"BreadcrumbList\",\"@id\":\"https:\/\/beebipood.ee\/ru\/produkt\/kummut-nel-heart\/#breadcrumb\",\"itemListElement\":[{\"@type\":\"ListItem\",\"position\":1,\"name\":\"Home\",\"item\":\"https:\/\/beebipood.ee\/ru\/\"},{\"@type\":\"ListItem\",\"position\":2,\"name\":\"\u041a\u0430\u0442\u0430\u043b\u043e\u0433 \u0442\u043e\u0432\u0430\u0440\u043e\u0432\",\"item\":\"https:\/\/beebipood.ee\/tooted\/\"},{\"@type\":\"ListItem\",\"position\":3,\"name\":\"Kummut Nel Heart\"}]},{\"@type\":\"WebSite\",\"@id\":\"https:\/\/beebipood.ee\/ru\/#website\",\"url\":\"https:\/\/beebipood.ee\/ru\/\",\"name\":\"Beebipood\",\"description\":\"Lastekaubad, beebikaubad, m\u00e4nguasjad\",\"publisher\":{\"@id\":\"https:\/\/beebipood.ee\/ru\/#organization\"},\"potentialAction\":[{\"@type\":\"SearchAction\",\"target\":{\"@type\":\"EntryPoint\",\"urlTemplate\":\"https:\/\/beebipood.ee\/ru\/?s={search_term_string}\"},\"query-input\":{\"@type\":\"PropertyValueSpecification\",\"valueRequired\":true,\"valueName\":\"search_term_string\"}}],\"inLanguage\":\"ru-RU\"},{\"@type\":\"Organization\",\"@id\":\"https:\/\/beebipood.ee\/ru\/#organization\",\"name\":\"Beebipood\",\"url\":\"https:\/\/beebipood.ee\/ru\/\",\"logo\":{\"@type\":\"ImageObject\",\"inLanguage\":\"ru-RU\",\"@id\":\"https:\/\/beebipood.ee\/ru\/#\/schema\/logo\/image\/\",\"url\":\"https:\/\/beebipood.ee\/wp-content\/uploads\/2025\/03\/beebipood.ee-logo-1.svg\",\"contentUrl\":\"https:\/\/beebipood.ee\/wp-content\/uploads\/2025\/03\/beebipood.ee-logo-1.svg\",\"caption\":\"Beebipood\"},\"image\":{\"@id\":\"https:\/\/beebipood.ee\/ru\/#\/schema\/logo\/image\/\"}}]}<\/script>\n<!-- \/ Yoast SEO plugin. -->","yoast_head_json":{"title":"Kummut Nel Heart, K\u043e\u043c\u043e\u0434\u044b, \u044f\u0449\u0438\u043a\u0438, K\u043e\u043c\u043e\u0434\u044b, \u041f\u0435\u043b\u0435\u043d\u0430\u043b\u044c\u043d\u044b\u0435 \u0441\u0442\u043e\u043b\u0438\u043a\u0438 \u0438 \u043f\u043e\u043b\u043a\u0438, M\u0435\u0431\u0435\u043b\u044c, Ha c\u043a\u043b\u0430\u0434\u0435, Beebipood","description":"Kummut Nel Heart, * uue ja huvitava disainiga kummut* kummut on valmistatud tugevast fooliumkattega laminaadist* viimistlus: valge v&auml;rv \/ ha","robots":{"index":"index","follow":"follow","max-snippet":"max-snippet:-1","max-image-preview":"max-image-preview:large","max-video-preview":"max-video-preview:-1"},"canonical":"https:\/\/beebipood.ee\/ru\/produkt\/kummut-nel-heart\/","og_locale":"ru_RU","og_type":"article","og_title":"Kummut Nel Heart, K\u043e\u043c\u043e\u0434\u044b, \u044f\u0449\u0438\u043a\u0438, K\u043e\u043c\u043e\u0434\u044b, \u041f\u0435\u043b\u0435\u043d\u0430\u043b\u044c\u043d\u044b\u0435 \u0441\u0442\u043e\u043b\u0438\u043a\u0438 \u0438 \u043f\u043e\u043b\u043a\u0438, M\u0435\u0431\u0435\u043b\u044c, Ha c\u043a\u043b\u0430\u0434\u0435, Beebipood","og_description":"Kummut Nel Heart, * uue ja huvitava disainiga kummut* kummut on valmistatud tugevast fooliumkattega laminaadist* viimistlus: valge v&auml;rv \/ ha","og_url":"https:\/\/beebipood.ee\/ru\/produkt\/kummut-nel-heart\/","og_site_name":"Beebipood","article_modified_time":"2025-01-09T08:49:10+00:00","og_image":[{"width":850,"height":850,"url":"https:\/\/beebipood.ee\/wp-content\/uploads\/2018\/06\/Kummut-Nel-Heart-UUED-TOOTED-Kummutid-kastid-Kummutid-Mahkimisalused-ja-riiulid-Lastemoobel-ja-sisustus_4-1de.jpg","type":"image\/jpeg"}],"twitter_card":"summary_large_image","schema":{"@context":"https:\/\/schema.org","@graph":[{"@type":"WebPage","@id":"https:\/\/beebipood.ee\/ru\/produkt\/kummut-nel-heart\/","url":"https:\/\/beebipood.ee\/ru\/produkt\/kummut-nel-heart\/","name":"Kummut Nel Heart, K\u043e\u043c\u043e\u0434\u044b, \u044f\u0449\u0438\u043a\u0438, K\u043e\u043c\u043e\u0434\u044b, \u041f\u0435\u043b\u0435\u043d\u0430\u043b\u044c\u043d\u044b\u0435 \u0441\u0442\u043e\u043b\u0438\u043a\u0438 \u0438 \u043f\u043e\u043b\u043a\u0438, M\u0435\u0431\u0435\u043b\u044c, Ha c\u043a\u043b\u0430\u0434\u0435, Beebipood","isPartOf":{"@id":"https:\/\/beebipood.ee\/ru\/#website"},"primaryImageOfPage":{"@id":"https:\/\/beebipood.ee\/ru\/produkt\/kummut-nel-heart\/#primaryimage"},"image":{"@id":"https:\/\/beebipood.ee\/ru\/produkt\/kummut-nel-heart\/#primaryimage"},"thumbnailUrl":"https:\/\/beebipood.ee\/wp-content\/uploads\/2018\/06\/Kummut-Nel-Heart-UUED-TOOTED-Kummutid-kastid-Kummutid-Mahkimisalused-ja-riiulid-Lastemoobel-ja-sisustus_4-1de.jpg","datePublished":"2018-06-07T05:15:21+00:00","dateModified":"2025-01-09T08:49:10+00:00","description":"Kummut Nel Heart, * uue ja huvitava disainiga kummut* kummut on valmistatud tugevast fooliumkattega laminaadist* viimistlus: valge v&auml;rv \/ ha","breadcrumb":{"@id":"https:\/\/beebipood.ee\/ru\/produkt\/kummut-nel-heart\/#breadcrumb"},"inLanguage":"ru-RU","potentialAction":[{"@type":"ReadAction","target":["https:\/\/beebipood.ee\/ru\/produkt\/kummut-nel-heart\/"]}]},{"@type":"ImageObject","inLanguage":"ru-RU","@id":"https:\/\/beebipood.ee\/ru\/produkt\/kummut-nel-heart\/#primaryimage","url":"https:\/\/beebipood.ee\/wp-content\/uploads\/2018\/06\/Kummut-Nel-Heart-UUED-TOOTED-Kummutid-kastid-Kummutid-Mahkimisalused-ja-riiulid-Lastemoobel-ja-sisustus_4-1de.jpg","contentUrl":"https:\/\/beebipood.ee\/wp-content\/uploads\/2018\/06\/Kummut-Nel-Heart-UUED-TOOTED-Kummutid-kastid-Kummutid-Mahkimisalused-ja-riiulid-Lastemoobel-ja-sisustus_4-1de.jpg","width":850,"height":850},{"@type":"BreadcrumbList","@id":"https:\/\/beebipood.ee\/ru\/produkt\/kummut-nel-heart\/#breadcrumb","itemListElement":[{"@type":"ListItem","position":1,"name":"Home","item":"https:\/\/beebipood.ee\/ru\/"},{"@type":"ListItem","position":2,"name":"\u041a\u0430\u0442\u0430\u043b\u043e\u0433 \u0442\u043e\u0432\u0430\u0440\u043e\u0432","item":"https:\/\/beebipood.ee\/tooted\/"},{"@type":"ListItem","position":3,"name":"Kummut Nel Heart"}]},{"@type":"WebSite","@id":"https:\/\/beebipood.ee\/ru\/#website","url":"https:\/\/beebipood.ee\/ru\/","name":"Beebipood","description":"Lastekaubad, beebikaubad, m\u00e4nguasjad","publisher":{"@id":"https:\/\/beebipood.ee\/ru\/#organization"},"potentialAction":[{"@type":"SearchAction","target":{"@type":"EntryPoint","urlTemplate":"https:\/\/beebipood.ee\/ru\/?s={search_term_string}"},"query-input":{"@type":"PropertyValueSpecification","valueRequired":true,"valueName":"search_term_string"}}],"inLanguage":"ru-RU"},{"@type":"Organization","@id":"https:\/\/beebipood.ee\/ru\/#organization","name":"Beebipood","url":"https:\/\/beebipood.ee\/ru\/","logo":{"@type":"ImageObject","inLanguage":"ru-RU","@id":"https:\/\/beebipood.ee\/ru\/#\/schema\/logo\/image\/","url":"https:\/\/beebipood.ee\/wp-content\/uploads\/2025\/03\/beebipood.ee-logo-1.svg","contentUrl":"https:\/\/beebipood.ee\/wp-content\/uploads\/2025\/03\/beebipood.ee-logo-1.svg","caption":"Beebipood"},"image":{"@id":"https:\/\/beebipood.ee\/ru\/#\/schema\/logo\/image\/"}}]}},"brands":[{"id":11946,"name":"Klups","slug":"klups-ru"}],"_links":{"self":[{"href":"https:\/\/beebipood.ee\/ru\/wp-json\/wp\/v2\/product\/458209","targetHints":{"allow":["GET"]}}],"collection":[{"href":"https:\/\/beebipood.ee\/ru\/wp-json\/wp\/v2\/product"}],"about":[{"href":"https:\/\/beebipood.ee\/ru\/wp-json\/wp\/v2\/types\/product"}],"wp:featuredmedia":[{"embeddable":true,"href":"https:\/\/beebipood.ee\/ru\/wp-json\/wp\/v2\/media\/124486"}],"wp:attachment":[{"href":"https:\/\/beebipood.ee\/ru\/wp-json\/wp\/v2\/media?parent=458209"}],"wp:term":[{"taxonomy":"pwb-brand","embeddable":true,"href":"https:\/\/beebipood.ee\/ru\/wp-json\/wp\/v2\/pwb-brand?post=458209"},{"taxonomy":"product_brand","embeddable":true,"href":"https:\/\/beebipood.ee\/ru\/wp-json\/wp\/v2\/product_brand?post=458209"},{"taxonomy":"product_cat","embeddable":true,"href":"https:\/\/beebipood.ee\/ru\/wp-json\/wp\/v2\/product_cat?post=458209"},{"taxonomy":"product_tag","embeddable":true,"href":"https:\/\/beebipood.ee\/ru\/wp-json\/wp\/v2\/product_tag?post=458209"}],"curies":[{"name":"wp","href":"https:\/\/api.w.org\/{rel}","templated":true}]}}