{"id":458223,"date":"2018-06-16T06:31:58","date_gmt":"2018-06-16T03:31:58","guid":{"rendered":"https:\/\/beebipood.ee\/toode\/vedrumadrats-sleepwell-blue-children-80x200-2\/"},"modified":"2025-01-09T10:49:09","modified_gmt":"2025-01-09T08:49:09","slug":"vedrumadrats-sleepwell-blue-children-80x200-2","status":"publish","type":"product","link":"https:\/\/beebipood.ee\/ru\/produkt\/vedrumadrats-sleepwell-blue-children-80x200-2\/","title":{"rendered":"Vedrumadrats Sleepwell Blue Children 80&#215;200"},"content":{"rendered":"<p>Erim\u00f5\u00f5duline madrats!<br \/>Vedrumadrats BLUE Children &#8212; Lihtne ja mugav lahendus lastevoodisse<br \/>Klassikaline mini-bonell vedrustus<br \/>M\u00f5lemad pooled on vooderdatud kvaliteetse porolooniga<br \/>Hele stretch-kangas on tolmulestavastase, 100% naturaalse Sensity\u2122 t\u00f6\u00f6tlusega<br \/>L\u00f5busate lammastega kaunistatud \u00e4\u00e4rispaelalt saab laps neid enne uinumist kokku lugeda<br \/>Madratsikate on eemaldatav ja pestav kuni 40-kraadises vees<br \/>Porolooni on heaks kiitnud Eesti Allergialiit <br \/>Kangas ja vatiin vastavad rahvusvahelisele \u00d6ko-Tex 100 standardile<br \/>Toote k\u00f5rgus 13 cm, rullpakendis<br \/>Toodetud Eestis<br \/>Pehme<\/p>\n","protected":false},"excerpt":{"rendered":"<p>Erim\u00f5\u00f5duline madrats!Vedrumadrats BLUE Children &#8212; Lihtne ja mugav lahendus lastevoodisseKlassikaline mini-bonell vedrustusM\u00f5lemad pooled on vooderdatud kvaliteetse poroloonigaHele stretch-kangas on tolmulestavastase, 100% naturaalse Sensity\u2122 t\u00f6\u00f6tlusegaL\u00f5busate lammastega kaunistatud \u00e4\u00e4rispaelalt saab laps neid enne uinumist kokku lugedaMadratsikate on eemaldatav ja pestav kuni 40-kraadises veesPorolooni on heaks kiitnud Eesti Allergialiit Kangas ja vatiin vastavad rahvusvahelisele \u00d6ko-Tex 100 standardileToote k\u00f5rgus [&hellip;]<\/p>\n","protected":false},"featured_media":124691,"template":"","meta":{"_acf_changed":false},"pwb-brand":[11949],"product_brand":[],"product_cat":[11599,11563,11789],"product_tag":[],"class_list":{"0":"post-458223","1":"product","2":"type-product","3":"status-publish","4":"has-post-thumbnail","6":"pwb-brand-sleepwell-ru","7":"product_cat-kuni-80cm-laiused-ru","8":"product_cat-madratsid-ja-kattemadratsid-ru","9":"product_cat-lastemoobel-ja-sisustus-ru","10":"pa_manufacturer-sleepwell-ru","12":"first","13":"outofstock","14":"taxable","15":"shipping-taxable","16":"purchasable","17":"product-type-simple"},"exclude_global_add_ons":[],"addons":[],"acf":[],"yoast_head":"<!-- This site is optimized with the Yoast SEO plugin v27.1.1 - https:\/\/yoast.com\/product\/yoast-seo-wordpress\/ -->\n<title>Vedrumadrats Sleepwell Blue Children 80x200, \u041c\u0430\u0442\u0440\u0430\u0441\u044b \u0438 \u043c\u0430\u0442\u0440\u0430\u0441\u044b-\u043f\u043e\u043a\u0440\u044b\u0432\u0430\u043b\u0430, \u0421\u041a\u0418\u0414\u041a\u0418, \u0428\u0438\u0440\u0438\u043d\u043e\u0439 \u0434\u043e 80 c\u043c, M\u0435\u0431\u0435\u043b\u044c, Ha c\u043a\u043b\u0430\u0434\u0435, Ladu t\u00fchjaks, Beebipood<\/title>\n<meta name=\"description\" content=\"Vedrumadrats Sleepwell Blue Children 80x200, Erim&otilde;&otilde;duline madrats!Vedrumadrats BLUE Children - Lihtne ja mugav lahendus lastevoodisse&lt;br\" \/>\n<meta name=\"robots\" content=\"index, follow, max-snippet:-1, max-image-preview:large, max-video-preview:-1\" \/>\n<link rel=\"canonical\" href=\"https:\/\/beebipood.ee\/ru\/produkt\/vedrumadrats-sleepwell-blue-children-80x200-2\/\" \/>\n<meta property=\"og:locale\" content=\"ru_RU\" \/>\n<meta property=\"og:type\" content=\"article\" \/>\n<meta property=\"og:title\" content=\"Vedrumadrats Sleepwell Blue Children 80x200, \u041c\u0430\u0442\u0440\u0430\u0441\u044b \u0438 \u043c\u0430\u0442\u0440\u0430\u0441\u044b-\u043f\u043e\u043a\u0440\u044b\u0432\u0430\u043b\u0430, \u0421\u041a\u0418\u0414\u041a\u0418, \u0428\u0438\u0440\u0438\u043d\u043e\u0439 \u0434\u043e 80 c\u043c, M\u0435\u0431\u0435\u043b\u044c, Ha c\u043a\u043b\u0430\u0434\u0435, Ladu t\u00fchjaks, Beebipood\" \/>\n<meta property=\"og:description\" content=\"Vedrumadrats Sleepwell Blue Children 80x200, Erim&otilde;&otilde;duline madrats!Vedrumadrats BLUE Children - Lihtne ja mugav lahendus lastevoodisse&lt;br\" \/>\n<meta property=\"og:url\" content=\"https:\/\/beebipood.ee\/ru\/produkt\/vedrumadrats-sleepwell-blue-children-80x200-2\/\" \/>\n<meta property=\"og:site_name\" content=\"Beebipood\" \/>\n<meta property=\"article:modified_time\" content=\"2025-01-09T08:49:09+00:00\" \/>\n<meta property=\"og:image\" content=\"https:\/\/beebipood.ee\/wp-content\/uploads\/2018\/06\/Vedrumadrats-Sleepwell-Blue-Children-80x180-Madratsid-ja-kattemadratsid-Kuni-80cm-laiused-Lastemoobel-ja-sisustus-Sleepwell-20_2-3a9.png\" \/>\n\t<meta property=\"og:image:width\" content=\"1280\" \/>\n\t<meta property=\"og:image:height\" content=\"853\" \/>\n\t<meta property=\"og:image:type\" content=\"image\/png\" \/>\n<meta name=\"twitter:card\" content=\"summary_large_image\" \/>\n<script type=\"application\/ld+json\" class=\"yoast-schema-graph\">{\"@context\":\"https:\/\/schema.org\",\"@graph\":[{\"@type\":\"WebPage\",\"@id\":\"https:\/\/beebipood.ee\/ru\/produkt\/vedrumadrats-sleepwell-blue-children-80x200-2\/\",\"url\":\"https:\/\/beebipood.ee\/ru\/produkt\/vedrumadrats-sleepwell-blue-children-80x200-2\/\",\"name\":\"Vedrumadrats Sleepwell Blue Children 80x200, \u041c\u0430\u0442\u0440\u0430\u0441\u044b \u0438 \u043c\u0430\u0442\u0440\u0430\u0441\u044b-\u043f\u043e\u043a\u0440\u044b\u0432\u0430\u043b\u0430, \u0421\u041a\u0418\u0414\u041a\u0418, \u0428\u0438\u0440\u0438\u043d\u043e\u0439 \u0434\u043e 80 c\u043c, M\u0435\u0431\u0435\u043b\u044c, Ha c\u043a\u043b\u0430\u0434\u0435, Ladu t\u00fchjaks, Beebipood\",\"isPartOf\":{\"@id\":\"https:\/\/beebipood.ee\/ru\/#website\"},\"primaryImageOfPage\":{\"@id\":\"https:\/\/beebipood.ee\/ru\/produkt\/vedrumadrats-sleepwell-blue-children-80x200-2\/#primaryimage\"},\"image\":{\"@id\":\"https:\/\/beebipood.ee\/ru\/produkt\/vedrumadrats-sleepwell-blue-children-80x200-2\/#primaryimage\"},\"thumbnailUrl\":\"https:\/\/beebipood.ee\/wp-content\/uploads\/2018\/06\/Vedrumadrats-Sleepwell-Blue-Children-80x180-Madratsid-ja-kattemadratsid-Kuni-80cm-laiused-Lastemoobel-ja-sisustus-Sleepwell-20_2-3a9.png\",\"datePublished\":\"2018-06-16T03:31:58+00:00\",\"dateModified\":\"2025-01-09T08:49:09+00:00\",\"description\":\"Vedrumadrats Sleepwell Blue Children 80x200, Erim&otilde;&otilde;duline madrats!Vedrumadrats BLUE Children - Lihtne ja mugav lahendus lastevoodisse&lt;br\",\"breadcrumb\":{\"@id\":\"https:\/\/beebipood.ee\/ru\/produkt\/vedrumadrats-sleepwell-blue-children-80x200-2\/#breadcrumb\"},\"inLanguage\":\"ru-RU\",\"potentialAction\":[{\"@type\":\"ReadAction\",\"target\":[\"https:\/\/beebipood.ee\/ru\/produkt\/vedrumadrats-sleepwell-blue-children-80x200-2\/\"]}]},{\"@type\":\"ImageObject\",\"inLanguage\":\"ru-RU\",\"@id\":\"https:\/\/beebipood.ee\/ru\/produkt\/vedrumadrats-sleepwell-blue-children-80x200-2\/#primaryimage\",\"url\":\"https:\/\/beebipood.ee\/wp-content\/uploads\/2018\/06\/Vedrumadrats-Sleepwell-Blue-Children-80x180-Madratsid-ja-kattemadratsid-Kuni-80cm-laiused-Lastemoobel-ja-sisustus-Sleepwell-20_2-3a9.png\",\"contentUrl\":\"https:\/\/beebipood.ee\/wp-content\/uploads\/2018\/06\/Vedrumadrats-Sleepwell-Blue-Children-80x180-Madratsid-ja-kattemadratsid-Kuni-80cm-laiused-Lastemoobel-ja-sisustus-Sleepwell-20_2-3a9.png\",\"width\":1280,\"height\":853},{\"@type\":\"BreadcrumbList\",\"@id\":\"https:\/\/beebipood.ee\/ru\/produkt\/vedrumadrats-sleepwell-blue-children-80x200-2\/#breadcrumb\",\"itemListElement\":[{\"@type\":\"ListItem\",\"position\":1,\"name\":\"Home\",\"item\":\"https:\/\/beebipood.ee\/ru\/\"},{\"@type\":\"ListItem\",\"position\":2,\"name\":\"\u041a\u0430\u0442\u0430\u043b\u043e\u0433 \u0442\u043e\u0432\u0430\u0440\u043e\u0432\",\"item\":\"https:\/\/beebipood.ee\/tooted\/\"},{\"@type\":\"ListItem\",\"position\":3,\"name\":\"Vedrumadrats Sleepwell Blue Children 80&#215;200\"}]},{\"@type\":\"WebSite\",\"@id\":\"https:\/\/beebipood.ee\/ru\/#website\",\"url\":\"https:\/\/beebipood.ee\/ru\/\",\"name\":\"Beebipood\",\"description\":\"Lastekaubad, beebikaubad, m\u00e4nguasjad\",\"publisher\":{\"@id\":\"https:\/\/beebipood.ee\/ru\/#organization\"},\"potentialAction\":[{\"@type\":\"SearchAction\",\"target\":{\"@type\":\"EntryPoint\",\"urlTemplate\":\"https:\/\/beebipood.ee\/ru\/?s={search_term_string}\"},\"query-input\":{\"@type\":\"PropertyValueSpecification\",\"valueRequired\":true,\"valueName\":\"search_term_string\"}}],\"inLanguage\":\"ru-RU\"},{\"@type\":\"Organization\",\"@id\":\"https:\/\/beebipood.ee\/ru\/#organization\",\"name\":\"Beebipood\",\"url\":\"https:\/\/beebipood.ee\/ru\/\",\"logo\":{\"@type\":\"ImageObject\",\"inLanguage\":\"ru-RU\",\"@id\":\"https:\/\/beebipood.ee\/ru\/#\/schema\/logo\/image\/\",\"url\":\"https:\/\/beebipood.ee\/wp-content\/uploads\/2025\/03\/beebipood.ee-logo-1.svg\",\"contentUrl\":\"https:\/\/beebipood.ee\/wp-content\/uploads\/2025\/03\/beebipood.ee-logo-1.svg\",\"caption\":\"Beebipood\"},\"image\":{\"@id\":\"https:\/\/beebipood.ee\/ru\/#\/schema\/logo\/image\/\"}}]}<\/script>\n<!-- \/ Yoast SEO plugin. -->","yoast_head_json":{"title":"Vedrumadrats Sleepwell Blue Children 80x200, \u041c\u0430\u0442\u0440\u0430\u0441\u044b \u0438 \u043c\u0430\u0442\u0440\u0430\u0441\u044b-\u043f\u043e\u043a\u0440\u044b\u0432\u0430\u043b\u0430, \u0421\u041a\u0418\u0414\u041a\u0418, \u0428\u0438\u0440\u0438\u043d\u043e\u0439 \u0434\u043e 80 c\u043c, M\u0435\u0431\u0435\u043b\u044c, Ha c\u043a\u043b\u0430\u0434\u0435, Ladu t\u00fchjaks, Beebipood","description":"Vedrumadrats Sleepwell Blue Children 80x200, Erim&otilde;&otilde;duline madrats!Vedrumadrats BLUE Children - Lihtne ja mugav lahendus lastevoodisse&lt;br","robots":{"index":"index","follow":"follow","max-snippet":"max-snippet:-1","max-image-preview":"max-image-preview:large","max-video-preview":"max-video-preview:-1"},"canonical":"https:\/\/beebipood.ee\/ru\/produkt\/vedrumadrats-sleepwell-blue-children-80x200-2\/","og_locale":"ru_RU","og_type":"article","og_title":"Vedrumadrats Sleepwell Blue Children 80x200, \u041c\u0430\u0442\u0440\u0430\u0441\u044b \u0438 \u043c\u0430\u0442\u0440\u0430\u0441\u044b-\u043f\u043e\u043a\u0440\u044b\u0432\u0430\u043b\u0430, \u0421\u041a\u0418\u0414\u041a\u0418, \u0428\u0438\u0440\u0438\u043d\u043e\u0439 \u0434\u043e 80 c\u043c, M\u0435\u0431\u0435\u043b\u044c, Ha c\u043a\u043b\u0430\u0434\u0435, Ladu t\u00fchjaks, Beebipood","og_description":"Vedrumadrats Sleepwell Blue Children 80x200, Erim&otilde;&otilde;duline madrats!Vedrumadrats BLUE Children - Lihtne ja mugav lahendus lastevoodisse&lt;br","og_url":"https:\/\/beebipood.ee\/ru\/produkt\/vedrumadrats-sleepwell-blue-children-80x200-2\/","og_site_name":"Beebipood","article_modified_time":"2025-01-09T08:49:09+00:00","og_image":[{"width":1280,"height":853,"url":"https:\/\/beebipood.ee\/wp-content\/uploads\/2018\/06\/Vedrumadrats-Sleepwell-Blue-Children-80x180-Madratsid-ja-kattemadratsid-Kuni-80cm-laiused-Lastemoobel-ja-sisustus-Sleepwell-20_2-3a9.png","type":"image\/png"}],"twitter_card":"summary_large_image","schema":{"@context":"https:\/\/schema.org","@graph":[{"@type":"WebPage","@id":"https:\/\/beebipood.ee\/ru\/produkt\/vedrumadrats-sleepwell-blue-children-80x200-2\/","url":"https:\/\/beebipood.ee\/ru\/produkt\/vedrumadrats-sleepwell-blue-children-80x200-2\/","name":"Vedrumadrats Sleepwell Blue Children 80x200, \u041c\u0430\u0442\u0440\u0430\u0441\u044b \u0438 \u043c\u0430\u0442\u0440\u0430\u0441\u044b-\u043f\u043e\u043a\u0440\u044b\u0432\u0430\u043b\u0430, \u0421\u041a\u0418\u0414\u041a\u0418, \u0428\u0438\u0440\u0438\u043d\u043e\u0439 \u0434\u043e 80 c\u043c, M\u0435\u0431\u0435\u043b\u044c, Ha c\u043a\u043b\u0430\u0434\u0435, Ladu t\u00fchjaks, Beebipood","isPartOf":{"@id":"https:\/\/beebipood.ee\/ru\/#website"},"primaryImageOfPage":{"@id":"https:\/\/beebipood.ee\/ru\/produkt\/vedrumadrats-sleepwell-blue-children-80x200-2\/#primaryimage"},"image":{"@id":"https:\/\/beebipood.ee\/ru\/produkt\/vedrumadrats-sleepwell-blue-children-80x200-2\/#primaryimage"},"thumbnailUrl":"https:\/\/beebipood.ee\/wp-content\/uploads\/2018\/06\/Vedrumadrats-Sleepwell-Blue-Children-80x180-Madratsid-ja-kattemadratsid-Kuni-80cm-laiused-Lastemoobel-ja-sisustus-Sleepwell-20_2-3a9.png","datePublished":"2018-06-16T03:31:58+00:00","dateModified":"2025-01-09T08:49:09+00:00","description":"Vedrumadrats Sleepwell Blue Children 80x200, Erim&otilde;&otilde;duline madrats!Vedrumadrats BLUE Children - Lihtne ja mugav lahendus lastevoodisse&lt;br","breadcrumb":{"@id":"https:\/\/beebipood.ee\/ru\/produkt\/vedrumadrats-sleepwell-blue-children-80x200-2\/#breadcrumb"},"inLanguage":"ru-RU","potentialAction":[{"@type":"ReadAction","target":["https:\/\/beebipood.ee\/ru\/produkt\/vedrumadrats-sleepwell-blue-children-80x200-2\/"]}]},{"@type":"ImageObject","inLanguage":"ru-RU","@id":"https:\/\/beebipood.ee\/ru\/produkt\/vedrumadrats-sleepwell-blue-children-80x200-2\/#primaryimage","url":"https:\/\/beebipood.ee\/wp-content\/uploads\/2018\/06\/Vedrumadrats-Sleepwell-Blue-Children-80x180-Madratsid-ja-kattemadratsid-Kuni-80cm-laiused-Lastemoobel-ja-sisustus-Sleepwell-20_2-3a9.png","contentUrl":"https:\/\/beebipood.ee\/wp-content\/uploads\/2018\/06\/Vedrumadrats-Sleepwell-Blue-Children-80x180-Madratsid-ja-kattemadratsid-Kuni-80cm-laiused-Lastemoobel-ja-sisustus-Sleepwell-20_2-3a9.png","width":1280,"height":853},{"@type":"BreadcrumbList","@id":"https:\/\/beebipood.ee\/ru\/produkt\/vedrumadrats-sleepwell-blue-children-80x200-2\/#breadcrumb","itemListElement":[{"@type":"ListItem","position":1,"name":"Home","item":"https:\/\/beebipood.ee\/ru\/"},{"@type":"ListItem","position":2,"name":"\u041a\u0430\u0442\u0430\u043b\u043e\u0433 \u0442\u043e\u0432\u0430\u0440\u043e\u0432","item":"https:\/\/beebipood.ee\/tooted\/"},{"@type":"ListItem","position":3,"name":"Vedrumadrats Sleepwell Blue Children 80&#215;200"}]},{"@type":"WebSite","@id":"https:\/\/beebipood.ee\/ru\/#website","url":"https:\/\/beebipood.ee\/ru\/","name":"Beebipood","description":"Lastekaubad, beebikaubad, m\u00e4nguasjad","publisher":{"@id":"https:\/\/beebipood.ee\/ru\/#organization"},"potentialAction":[{"@type":"SearchAction","target":{"@type":"EntryPoint","urlTemplate":"https:\/\/beebipood.ee\/ru\/?s={search_term_string}"},"query-input":{"@type":"PropertyValueSpecification","valueRequired":true,"valueName":"search_term_string"}}],"inLanguage":"ru-RU"},{"@type":"Organization","@id":"https:\/\/beebipood.ee\/ru\/#organization","name":"Beebipood","url":"https:\/\/beebipood.ee\/ru\/","logo":{"@type":"ImageObject","inLanguage":"ru-RU","@id":"https:\/\/beebipood.ee\/ru\/#\/schema\/logo\/image\/","url":"https:\/\/beebipood.ee\/wp-content\/uploads\/2025\/03\/beebipood.ee-logo-1.svg","contentUrl":"https:\/\/beebipood.ee\/wp-content\/uploads\/2025\/03\/beebipood.ee-logo-1.svg","caption":"Beebipood"},"image":{"@id":"https:\/\/beebipood.ee\/ru\/#\/schema\/logo\/image\/"}}]}},"brands":[{"id":11949,"name":"Sleepwell","slug":"sleepwell-ru"}],"_links":{"self":[{"href":"https:\/\/beebipood.ee\/ru\/wp-json\/wp\/v2\/product\/458223","targetHints":{"allow":["GET"]}}],"collection":[{"href":"https:\/\/beebipood.ee\/ru\/wp-json\/wp\/v2\/product"}],"about":[{"href":"https:\/\/beebipood.ee\/ru\/wp-json\/wp\/v2\/types\/product"}],"wp:featuredmedia":[{"embeddable":true,"href":"https:\/\/beebipood.ee\/ru\/wp-json\/wp\/v2\/media\/124691"}],"wp:attachment":[{"href":"https:\/\/beebipood.ee\/ru\/wp-json\/wp\/v2\/media?parent=458223"}],"wp:term":[{"taxonomy":"pwb-brand","embeddable":true,"href":"https:\/\/beebipood.ee\/ru\/wp-json\/wp\/v2\/pwb-brand?post=458223"},{"taxonomy":"product_brand","embeddable":true,"href":"https:\/\/beebipood.ee\/ru\/wp-json\/wp\/v2\/product_brand?post=458223"},{"taxonomy":"product_cat","embeddable":true,"href":"https:\/\/beebipood.ee\/ru\/wp-json\/wp\/v2\/product_cat?post=458223"},{"taxonomy":"product_tag","embeddable":true,"href":"https:\/\/beebipood.ee\/ru\/wp-json\/wp\/v2\/product_tag?post=458223"}],"curies":[{"name":"wp","href":"https:\/\/api.w.org\/{rel}","templated":true}]}}