{"id":458231,"date":"2018-06-20T08:43:28","date_gmt":"2018-06-20T05:43:28","guid":{"rendered":"https:\/\/beebipood.ee\/toode\/thule-elm-360-i-size-turvatool-light-grey\/"},"modified":"2025-03-31T01:00:49","modified_gmt":"2025-03-30T22:00:49","slug":"thule-elm-360-i-size-turvatool-light-grey","status":"publish","type":"product","link":"https:\/\/beebipood.ee\/ru\/produkt\/thule-elm-360-i-size-turvatool-light-grey\/","title":{"rendered":"Thule Elm 360\u00b0 i-Size turvatool, Light Grey"},"content":{"rendered":"<p>Thule Elm turvatool on loodud uudishimulikke v\u00e4ikseid inimesi silmas pidades.<br \/>Kohandatud turvalisus ja mugavus teie kasvavale lapsele.<br \/>Eksklusiivne Thule Impact kaitse System, <br \/>mis on loodud pakkuma teie v\u00e4ikelapsele k\u00f5ikeh\u00f5lmavat ohutust. <br \/>Lisaks 5-punktilisele polsterdatud turvav\u00f6\u00f6s\u00fcsteemile ja suurele kaitsvale peatoele <br \/>\u00fcmbritseb Thule Impact Protection System teie last turvalise kaitsekihiga, <br \/>kaitstes teda iga nurga alt, tagades, et iga autos\u00f5it oleks nii ohutu kui v\u00f5imalik.<br \/>EasyDock tehnoloogia tagab turvatooli kinnitamise Thule Alfi alusele lihtsalt ja mugavalt.<br \/>Thule SenseAffirm s\u00fcsteemi digitaalne ekraan annab reaalajas tagasisidet, <br \/>andes teile selge signaali, et olete turvatooli \u00f5igesti kinnitanud, v\u00e4listades k\u00f5ik kahtlused.<br \/><span style=\"text-decoration: underline;\">Intuitiivne paigaldamine<\/span><br \/>EasyDock tehnoloogia v\u00f5imaldab Thule Elmi h\u00f5lpsasti paigaldada Thule Alfi ISOFIX alusele. <br \/>Digitaalne ekraan annab kohese visuaalse kinnituse \u00f5ige ja turvalise paigalduse kohta<br \/><span style=\"text-decoration: underline;\">Esmaklassiline ohutus<\/span><br \/>Thule Impact Protection System ja 5-punktiline polsterdatud turvarihmad <br \/>tagavad teie v\u00e4ikelapsele k\u00f5rgeima ohutustaseme. <br \/>H\u00f5lpsasti sissel\u00fclitatav funktsioon muudab lukustuse sujuvamaks, <br \/>nii et saate keskenduda teele<br \/><span style=\"text-decoration: underline;\">Thule SenseAffirm s\u00fcsteem<\/span><br \/>Enam pole vaja arvata, kas teie turvatool on \u00f5igesti paigaldatud. <br \/>Digitaalne ekraan annab t\u00e4pseid juhiseid reguleerimiseks, <br \/>kinnitades teile, et k\u00f5ik on alati ideaalselt paigas<br \/><span style=\"text-decoration: underline;\">Sujuv p\u00f6\u00f6rlemine<\/span><br \/>Alus p\u00f6\u00f6rleb 360 kraadi, et teie last oleks lihtne istmele panna <br \/>v\u00f5i sealt v\u00e4lja v\u00f5tta ning kohandub teie kasvava lapse vajadustega<br \/>Lihtne panna istmele, lihtne v\u00f5tta istmelt \u00e4ra<br \/>Istmel on m\u00f5lemal k\u00fcljel magnetid, mis hoiavad turvarihma pandla lahti ja valmis, <br \/>samal ajal kui asetate lapse istmele v\u00f5i v\u00f5tate istmelt \u00e4ra<br \/><span style=\"text-decoration: underline;\">Reguleeritav mugavus<\/span><br \/>Kolm istme kaldeasendit.<br \/>Esmaklassilised polsterdatud katted muudavad teie v\u00e4ikelapse s\u00f5idu hubaseks.<br \/><span style=\"text-decoration: underline;\">Kohanduv disain<\/span><br \/>Peatuge ja turvarihmasid saab m\u00f5lemat reguleerida sujuvalt, ilma kindlate astmeteta, <br \/>v\u00f5imaldades neid lapse kasvades ideaalselt kohandada lapse pikkusele.<br \/>Turvalise p\u00f6\u00f6ramise lukk<br \/>S\u00f5idusuuna muutmiseks tuleb turvatoolo p\u00f6\u00f6ramiseks vajutada tooli vabastusklahvi. <br \/>See on vanematele meeldetuletuseks, et tagada turvatooli \u00f5ige s\u00f5idusuund.<br \/><span style=\"text-decoration: underline;\">Peidetud vabastusnupp<\/span><br \/>Peidetud vabastusnupp turvatooli aluselt eemaldamiseks <br \/>lukustatakse s\u00f5idure\u017eiimi ajal, v\u00e4ltides juhuslikku v\u00e4\u00e4rkasutust<br \/><span style=\"text-decoration: underline;\"><br \/>N\u00e4itajad<\/span><br \/>Sertifitseerimine: EN R129\/3 i-Size <br \/>Paigaldamine s\u00f5idukisse: Thule Alfi ISOFIX alusega <br \/>S\u00f5idusuund: n\u00e4oga ja seljaga<br \/>Lapse vanus: 6 kuud &#8212; ca. 4 aastat<br \/>Lapse pikkus: 67 cm &#8212; 105 cm<br \/>Maksimaalne lapse kaal: 18 kg<br \/>M\u00f5\u00f5dud: 61 x 73 x 44 cm (K x P x L)<br \/>Toote kaal: 7,7 kg<br \/>Masinpestav 30\u00b0 juures<\/p>\n","protected":false},"excerpt":{"rendered":"<p>Thule Elm turvatool on loodud uudishimulikke v\u00e4ikseid inimesi silmas pidades.Kohandatud turvalisus ja mugavus teie kasvavale lapsele.Eksklusiivne Thule Impact kaitse System, mis on loodud pakkuma teie v\u00e4ikelapsele k\u00f5ikeh\u00f5lmavat ohutust. Lisaks 5-punktilisele polsterdatud turvav\u00f6\u00f6s\u00fcsteemile ja suurele kaitsvale peatoele \u00fcmbritseb Thule Impact Protection System teie last turvalise kaitsekihiga, kaitstes teda iga nurga alt, tagades, et iga autos\u00f5it oleks [&hellip;]<\/p>\n","protected":false},"featured_media":362957,"template":"","meta":{"_acf_changed":false},"pwb-brand":[11980],"product_brand":[],"product_cat":[11573,11727,11731,11791],"product_tag":[],"class_list":{"0":"post-458231","1":"product","2":"type-product","3":"status-publish","4":"has-post-thumbnail","6":"pwb-brand-thule-ru","7":"product_cat-sooduspakkumised-ru","8":"product_cat-turvatoolid-hallid-ru","9":"product_cat-turvatoolid-9-18-kg-ru","10":"product_cat-turvavarustus-ru","11":"pa_manufacturer-thule-ru","13":"first","14":"onbackorder","15":"sale","16":"taxable","17":"shipping-taxable","18":"purchasable","19":"product-type-simple"},"exclude_global_add_ons":[],"addons":[],"acf":[],"yoast_head":"<!-- This site is optimized with the Yoast SEO plugin v27.1.1 - https:\/\/yoast.com\/product\/yoast-seo-wordpress\/ -->\n<title>Thule Elm 360\u00b0 i-Size turvatool, Light Grey, \u0421\u041a\u0418\u0414\u041a\u0418, \u041d\u041e\u0412\u042b\u0415 \u0422\u041e\u0412\u0410\u0420\u042b, \u0410\u0432\u0442\u043e\u043a\u0440\u0435\u0441\u043b\u0430, \u043b\u044e\u043b\u044c\u043a\u0438, \u0410\u0432\u0442\u043e\u043a\u0440\u0435\u0441\u043b\u0430 9-18 \u043a\u0433, \u0421\u043d\u0430\u0440\u044f\u0436\u0435\u043d\u0438\u044f \u0431\u0435\u0437\u043e\u043f\u0430\u0441\u043d\u043e\u0441\u0442\u0438, Beebipood<\/title>\n<meta name=\"description\" content=\"Thule Elm 360\u00b0 i-Size turvatool, Light Grey, Thule Elm turvatool on loodud uudishimulikke v&auml;ikseid inimesi silmas pidades.Kohandatud turvalisus j\" \/>\n<meta name=\"robots\" content=\"index, follow, max-snippet:-1, max-image-preview:large, max-video-preview:-1\" \/>\n<link rel=\"canonical\" href=\"https:\/\/beebipood.ee\/ru\/produkt\/thule-elm-360-i-size-turvatool-light-grey\/\" \/>\n<meta property=\"og:locale\" content=\"ru_RU\" \/>\n<meta property=\"og:type\" content=\"article\" \/>\n<meta property=\"og:title\" content=\"Thule Elm 360\u00b0 i-Size turvatool, Light Grey, \u0421\u041a\u0418\u0414\u041a\u0418, \u041d\u041e\u0412\u042b\u0415 \u0422\u041e\u0412\u0410\u0420\u042b, \u0410\u0432\u0442\u043e\u043a\u0440\u0435\u0441\u043b\u0430, \u043b\u044e\u043b\u044c\u043a\u0438, \u0410\u0432\u0442\u043e\u043a\u0440\u0435\u0441\u043b\u0430 9-18 \u043a\u0433, \u0421\u043d\u0430\u0440\u044f\u0436\u0435\u043d\u0438\u044f \u0431\u0435\u0437\u043e\u043f\u0430\u0441\u043d\u043e\u0441\u0442\u0438, Beebipood\" \/>\n<meta property=\"og:description\" content=\"Thule Elm 360\u00b0 i-Size turvatool, Light Grey, Thule Elm turvatool on loodud uudishimulikke v&auml;ikseid inimesi silmas pidades.Kohandatud turvalisus j\" \/>\n<meta property=\"og:url\" content=\"https:\/\/beebipood.ee\/ru\/produkt\/thule-elm-360-i-size-turvatool-light-grey\/\" \/>\n<meta property=\"og:site_name\" content=\"Beebipood\" \/>\n<meta property=\"article:modified_time\" content=\"2025-03-30T22:00:49+00:00\" \/>\n<meta property=\"og:image\" content=\"https:\/\/beebipood.ee\/wp-content\/uploads\/2018\/06\/Thule-Elm-360-iSize-turvatool-Light-Grey-UUED-TOOTED-Turvatoolid-hallid-Turvatoolid-918-kg-Turvavarustus_4-a3a.jpg\" \/>\n\t<meta property=\"og:image:width\" content=\"1200\" \/>\n\t<meta property=\"og:image:height\" content=\"1200\" \/>\n\t<meta property=\"og:image:type\" content=\"image\/jpeg\" \/>\n<meta name=\"twitter:card\" content=\"summary_large_image\" \/>\n<meta name=\"twitter:label1\" content=\"\u041f\u0440\u0438\u043c\u0435\u0440\u043d\u043e\u0435 \u0432\u0440\u0435\u043c\u044f \u0434\u043b\u044f \u0447\u0442\u0435\u043d\u0438\u044f\" \/>\n\t<meta name=\"twitter:data1\" content=\"2 \u043c\u0438\u043d\u0443\u0442\u044b\" \/>\n<script type=\"application\/ld+json\" class=\"yoast-schema-graph\">{\"@context\":\"https:\/\/schema.org\",\"@graph\":[{\"@type\":\"WebPage\",\"@id\":\"https:\/\/beebipood.ee\/ru\/produkt\/thule-elm-360-i-size-turvatool-light-grey\/\",\"url\":\"https:\/\/beebipood.ee\/ru\/produkt\/thule-elm-360-i-size-turvatool-light-grey\/\",\"name\":\"Thule Elm 360\u00b0 i-Size turvatool, Light Grey, \u0421\u041a\u0418\u0414\u041a\u0418, \u041d\u041e\u0412\u042b\u0415 \u0422\u041e\u0412\u0410\u0420\u042b, \u0410\u0432\u0442\u043e\u043a\u0440\u0435\u0441\u043b\u0430, \u043b\u044e\u043b\u044c\u043a\u0438, \u0410\u0432\u0442\u043e\u043a\u0440\u0435\u0441\u043b\u0430 9-18 \u043a\u0433, \u0421\u043d\u0430\u0440\u044f\u0436\u0435\u043d\u0438\u044f \u0431\u0435\u0437\u043e\u043f\u0430\u0441\u043d\u043e\u0441\u0442\u0438, Beebipood\",\"isPartOf\":{\"@id\":\"https:\/\/beebipood.ee\/ru\/#website\"},\"primaryImageOfPage\":{\"@id\":\"https:\/\/beebipood.ee\/ru\/produkt\/thule-elm-360-i-size-turvatool-light-grey\/#primaryimage\"},\"image\":{\"@id\":\"https:\/\/beebipood.ee\/ru\/produkt\/thule-elm-360-i-size-turvatool-light-grey\/#primaryimage\"},\"thumbnailUrl\":\"https:\/\/beebipood.ee\/wp-content\/uploads\/2018\/06\/Thule-Elm-360-iSize-turvatool-Light-Grey-UUED-TOOTED-Turvatoolid-hallid-Turvatoolid-918-kg-Turvavarustus_4-a3a.jpg\",\"datePublished\":\"2018-06-20T05:43:28+00:00\",\"dateModified\":\"2025-03-30T22:00:49+00:00\",\"description\":\"Thule Elm 360\u00b0 i-Size turvatool, Light Grey, Thule Elm turvatool on loodud uudishimulikke v&auml;ikseid inimesi silmas pidades.Kohandatud turvalisus j\",\"breadcrumb\":{\"@id\":\"https:\/\/beebipood.ee\/ru\/produkt\/thule-elm-360-i-size-turvatool-light-grey\/#breadcrumb\"},\"inLanguage\":\"ru-RU\",\"potentialAction\":[{\"@type\":\"ReadAction\",\"target\":[\"https:\/\/beebipood.ee\/ru\/produkt\/thule-elm-360-i-size-turvatool-light-grey\/\"]}]},{\"@type\":\"ImageObject\",\"inLanguage\":\"ru-RU\",\"@id\":\"https:\/\/beebipood.ee\/ru\/produkt\/thule-elm-360-i-size-turvatool-light-grey\/#primaryimage\",\"url\":\"https:\/\/beebipood.ee\/wp-content\/uploads\/2018\/06\/Thule-Elm-360-iSize-turvatool-Light-Grey-UUED-TOOTED-Turvatoolid-hallid-Turvatoolid-918-kg-Turvavarustus_4-a3a.jpg\",\"contentUrl\":\"https:\/\/beebipood.ee\/wp-content\/uploads\/2018\/06\/Thule-Elm-360-iSize-turvatool-Light-Grey-UUED-TOOTED-Turvatoolid-hallid-Turvatoolid-918-kg-Turvavarustus_4-a3a.jpg\",\"width\":1200,\"height\":1200},{\"@type\":\"BreadcrumbList\",\"@id\":\"https:\/\/beebipood.ee\/ru\/produkt\/thule-elm-360-i-size-turvatool-light-grey\/#breadcrumb\",\"itemListElement\":[{\"@type\":\"ListItem\",\"position\":1,\"name\":\"Home\",\"item\":\"https:\/\/beebipood.ee\/ru\/\"},{\"@type\":\"ListItem\",\"position\":2,\"name\":\"\u041a\u0430\u0442\u0430\u043b\u043e\u0433 \u0442\u043e\u0432\u0430\u0440\u043e\u0432\",\"item\":\"https:\/\/beebipood.ee\/tooted\/\"},{\"@type\":\"ListItem\",\"position\":3,\"name\":\"Thule Elm 360\u00b0 i-Size turvatool, Light Grey\"}]},{\"@type\":\"WebSite\",\"@id\":\"https:\/\/beebipood.ee\/ru\/#website\",\"url\":\"https:\/\/beebipood.ee\/ru\/\",\"name\":\"Beebipood\",\"description\":\"Lastekaubad, beebikaubad, m\u00e4nguasjad\",\"publisher\":{\"@id\":\"https:\/\/beebipood.ee\/ru\/#organization\"},\"potentialAction\":[{\"@type\":\"SearchAction\",\"target\":{\"@type\":\"EntryPoint\",\"urlTemplate\":\"https:\/\/beebipood.ee\/ru\/?s={search_term_string}\"},\"query-input\":{\"@type\":\"PropertyValueSpecification\",\"valueRequired\":true,\"valueName\":\"search_term_string\"}}],\"inLanguage\":\"ru-RU\"},{\"@type\":\"Organization\",\"@id\":\"https:\/\/beebipood.ee\/ru\/#organization\",\"name\":\"Beebipood\",\"url\":\"https:\/\/beebipood.ee\/ru\/\",\"logo\":{\"@type\":\"ImageObject\",\"inLanguage\":\"ru-RU\",\"@id\":\"https:\/\/beebipood.ee\/ru\/#\/schema\/logo\/image\/\",\"url\":\"https:\/\/beebipood.ee\/wp-content\/uploads\/2025\/03\/beebipood.ee-logo-1.svg\",\"contentUrl\":\"https:\/\/beebipood.ee\/wp-content\/uploads\/2025\/03\/beebipood.ee-logo-1.svg\",\"caption\":\"Beebipood\"},\"image\":{\"@id\":\"https:\/\/beebipood.ee\/ru\/#\/schema\/logo\/image\/\"}}]}<\/script>\n<!-- \/ Yoast SEO plugin. -->","yoast_head_json":{"title":"Thule Elm 360\u00b0 i-Size turvatool, Light Grey, \u0421\u041a\u0418\u0414\u041a\u0418, \u041d\u041e\u0412\u042b\u0415 \u0422\u041e\u0412\u0410\u0420\u042b, \u0410\u0432\u0442\u043e\u043a\u0440\u0435\u0441\u043b\u0430, \u043b\u044e\u043b\u044c\u043a\u0438, \u0410\u0432\u0442\u043e\u043a\u0440\u0435\u0441\u043b\u0430 9-18 \u043a\u0433, \u0421\u043d\u0430\u0440\u044f\u0436\u0435\u043d\u0438\u044f \u0431\u0435\u0437\u043e\u043f\u0430\u0441\u043d\u043e\u0441\u0442\u0438, Beebipood","description":"Thule Elm 360\u00b0 i-Size turvatool, Light Grey, Thule Elm turvatool on loodud uudishimulikke v&auml;ikseid inimesi silmas pidades.Kohandatud turvalisus j","robots":{"index":"index","follow":"follow","max-snippet":"max-snippet:-1","max-image-preview":"max-image-preview:large","max-video-preview":"max-video-preview:-1"},"canonical":"https:\/\/beebipood.ee\/ru\/produkt\/thule-elm-360-i-size-turvatool-light-grey\/","og_locale":"ru_RU","og_type":"article","og_title":"Thule Elm 360\u00b0 i-Size turvatool, Light Grey, \u0421\u041a\u0418\u0414\u041a\u0418, \u041d\u041e\u0412\u042b\u0415 \u0422\u041e\u0412\u0410\u0420\u042b, \u0410\u0432\u0442\u043e\u043a\u0440\u0435\u0441\u043b\u0430, \u043b\u044e\u043b\u044c\u043a\u0438, \u0410\u0432\u0442\u043e\u043a\u0440\u0435\u0441\u043b\u0430 9-18 \u043a\u0433, \u0421\u043d\u0430\u0440\u044f\u0436\u0435\u043d\u0438\u044f \u0431\u0435\u0437\u043e\u043f\u0430\u0441\u043d\u043e\u0441\u0442\u0438, Beebipood","og_description":"Thule Elm 360\u00b0 i-Size turvatool, Light Grey, Thule Elm turvatool on loodud uudishimulikke v&auml;ikseid inimesi silmas pidades.Kohandatud turvalisus j","og_url":"https:\/\/beebipood.ee\/ru\/produkt\/thule-elm-360-i-size-turvatool-light-grey\/","og_site_name":"Beebipood","article_modified_time":"2025-03-30T22:00:49+00:00","og_image":[{"width":1200,"height":1200,"url":"https:\/\/beebipood.ee\/wp-content\/uploads\/2018\/06\/Thule-Elm-360-iSize-turvatool-Light-Grey-UUED-TOOTED-Turvatoolid-hallid-Turvatoolid-918-kg-Turvavarustus_4-a3a.jpg","type":"image\/jpeg"}],"twitter_card":"summary_large_image","twitter_misc":{"\u041f\u0440\u0438\u043c\u0435\u0440\u043d\u043e\u0435 \u0432\u0440\u0435\u043c\u044f \u0434\u043b\u044f \u0447\u0442\u0435\u043d\u0438\u044f":"2 \u043c\u0438\u043d\u0443\u0442\u044b"},"schema":{"@context":"https:\/\/schema.org","@graph":[{"@type":"WebPage","@id":"https:\/\/beebipood.ee\/ru\/produkt\/thule-elm-360-i-size-turvatool-light-grey\/","url":"https:\/\/beebipood.ee\/ru\/produkt\/thule-elm-360-i-size-turvatool-light-grey\/","name":"Thule Elm 360\u00b0 i-Size turvatool, Light Grey, \u0421\u041a\u0418\u0414\u041a\u0418, \u041d\u041e\u0412\u042b\u0415 \u0422\u041e\u0412\u0410\u0420\u042b, \u0410\u0432\u0442\u043e\u043a\u0440\u0435\u0441\u043b\u0430, \u043b\u044e\u043b\u044c\u043a\u0438, \u0410\u0432\u0442\u043e\u043a\u0440\u0435\u0441\u043b\u0430 9-18 \u043a\u0433, \u0421\u043d\u0430\u0440\u044f\u0436\u0435\u043d\u0438\u044f \u0431\u0435\u0437\u043e\u043f\u0430\u0441\u043d\u043e\u0441\u0442\u0438, Beebipood","isPartOf":{"@id":"https:\/\/beebipood.ee\/ru\/#website"},"primaryImageOfPage":{"@id":"https:\/\/beebipood.ee\/ru\/produkt\/thule-elm-360-i-size-turvatool-light-grey\/#primaryimage"},"image":{"@id":"https:\/\/beebipood.ee\/ru\/produkt\/thule-elm-360-i-size-turvatool-light-grey\/#primaryimage"},"thumbnailUrl":"https:\/\/beebipood.ee\/wp-content\/uploads\/2018\/06\/Thule-Elm-360-iSize-turvatool-Light-Grey-UUED-TOOTED-Turvatoolid-hallid-Turvatoolid-918-kg-Turvavarustus_4-a3a.jpg","datePublished":"2018-06-20T05:43:28+00:00","dateModified":"2025-03-30T22:00:49+00:00","description":"Thule Elm 360\u00b0 i-Size turvatool, Light Grey, Thule Elm turvatool on loodud uudishimulikke v&auml;ikseid inimesi silmas pidades.Kohandatud turvalisus j","breadcrumb":{"@id":"https:\/\/beebipood.ee\/ru\/produkt\/thule-elm-360-i-size-turvatool-light-grey\/#breadcrumb"},"inLanguage":"ru-RU","potentialAction":[{"@type":"ReadAction","target":["https:\/\/beebipood.ee\/ru\/produkt\/thule-elm-360-i-size-turvatool-light-grey\/"]}]},{"@type":"ImageObject","inLanguage":"ru-RU","@id":"https:\/\/beebipood.ee\/ru\/produkt\/thule-elm-360-i-size-turvatool-light-grey\/#primaryimage","url":"https:\/\/beebipood.ee\/wp-content\/uploads\/2018\/06\/Thule-Elm-360-iSize-turvatool-Light-Grey-UUED-TOOTED-Turvatoolid-hallid-Turvatoolid-918-kg-Turvavarustus_4-a3a.jpg","contentUrl":"https:\/\/beebipood.ee\/wp-content\/uploads\/2018\/06\/Thule-Elm-360-iSize-turvatool-Light-Grey-UUED-TOOTED-Turvatoolid-hallid-Turvatoolid-918-kg-Turvavarustus_4-a3a.jpg","width":1200,"height":1200},{"@type":"BreadcrumbList","@id":"https:\/\/beebipood.ee\/ru\/produkt\/thule-elm-360-i-size-turvatool-light-grey\/#breadcrumb","itemListElement":[{"@type":"ListItem","position":1,"name":"Home","item":"https:\/\/beebipood.ee\/ru\/"},{"@type":"ListItem","position":2,"name":"\u041a\u0430\u0442\u0430\u043b\u043e\u0433 \u0442\u043e\u0432\u0430\u0440\u043e\u0432","item":"https:\/\/beebipood.ee\/tooted\/"},{"@type":"ListItem","position":3,"name":"Thule Elm 360\u00b0 i-Size turvatool, Light Grey"}]},{"@type":"WebSite","@id":"https:\/\/beebipood.ee\/ru\/#website","url":"https:\/\/beebipood.ee\/ru\/","name":"Beebipood","description":"Lastekaubad, beebikaubad, m\u00e4nguasjad","publisher":{"@id":"https:\/\/beebipood.ee\/ru\/#organization"},"potentialAction":[{"@type":"SearchAction","target":{"@type":"EntryPoint","urlTemplate":"https:\/\/beebipood.ee\/ru\/?s={search_term_string}"},"query-input":{"@type":"PropertyValueSpecification","valueRequired":true,"valueName":"search_term_string"}}],"inLanguage":"ru-RU"},{"@type":"Organization","@id":"https:\/\/beebipood.ee\/ru\/#organization","name":"Beebipood","url":"https:\/\/beebipood.ee\/ru\/","logo":{"@type":"ImageObject","inLanguage":"ru-RU","@id":"https:\/\/beebipood.ee\/ru\/#\/schema\/logo\/image\/","url":"https:\/\/beebipood.ee\/wp-content\/uploads\/2025\/03\/beebipood.ee-logo-1.svg","contentUrl":"https:\/\/beebipood.ee\/wp-content\/uploads\/2025\/03\/beebipood.ee-logo-1.svg","caption":"Beebipood"},"image":{"@id":"https:\/\/beebipood.ee\/ru\/#\/schema\/logo\/image\/"}}]}},"brands":[{"id":11980,"name":"THULE","slug":"thule-ru"}],"_links":{"self":[{"href":"https:\/\/beebipood.ee\/ru\/wp-json\/wp\/v2\/product\/458231","targetHints":{"allow":["GET"]}}],"collection":[{"href":"https:\/\/beebipood.ee\/ru\/wp-json\/wp\/v2\/product"}],"about":[{"href":"https:\/\/beebipood.ee\/ru\/wp-json\/wp\/v2\/types\/product"}],"wp:featuredmedia":[{"embeddable":true,"href":"https:\/\/beebipood.ee\/ru\/wp-json\/wp\/v2\/media\/362957"}],"wp:attachment":[{"href":"https:\/\/beebipood.ee\/ru\/wp-json\/wp\/v2\/media?parent=458231"}],"wp:term":[{"taxonomy":"pwb-brand","embeddable":true,"href":"https:\/\/beebipood.ee\/ru\/wp-json\/wp\/v2\/pwb-brand?post=458231"},{"taxonomy":"product_brand","embeddable":true,"href":"https:\/\/beebipood.ee\/ru\/wp-json\/wp\/v2\/product_brand?post=458231"},{"taxonomy":"product_cat","embeddable":true,"href":"https:\/\/beebipood.ee\/ru\/wp-json\/wp\/v2\/product_cat?post=458231"},{"taxonomy":"product_tag","embeddable":true,"href":"https:\/\/beebipood.ee\/ru\/wp-json\/wp\/v2\/product_tag?post=458231"}],"curies":[{"name":"wp","href":"https:\/\/api.w.org\/{rel}","templated":true}]}}