{"id":458241,"date":"2018-06-20T13:11:08","date_gmt":"2018-06-20T10:11:08","guid":{"rendered":"https:\/\/beebipood.ee\/toode\/kiwi-plus-inhalaator\/"},"modified":"2025-03-05T07:10:46","modified_gmt":"2025-03-05T05:10:46","slug":"kiwi-plus-inhalaator","status":"publish","type":"product","link":"https:\/\/beebipood.ee\/ru\/produkt\/kiwi-plus-inhalaator\/","title":{"rendered":"KIWI Plus inhalaator"},"content":{"rendered":"<p>KIWI inhalaator on Eestis enimm\u00fc\u00fcdud v\u00f5rkinhalaator. <br \/>T\u00e4nu 2. p\u00f5lvkonna ravimikambrile on pihustatavad ravimiosakesed v\u00e4iksemad <br \/>kui paljudel teistel v\u00f5rkinhalaatoritel, mist\u00f5ttu j\u00f5uab ravimi <br \/>v\u00f5i soolalahuse aur kiiresti ja s\u00fcgavale hingamisteedesse. <br \/>Eesti enimm\u00fc\u00fcdud v\u00f5rkinhalaator on juba aastaid olnud t\u00f5eline emade ja laste lemmik. <br \/>Sa saad kasutada KIWI Plus inhalaatorit k\u00f5igil oma pereliikmetel! KIWI inhalaatoriga:<br \/>v\u00f5id kasutada ravimeid v\u00f5i soolalahust alates lapse 1. elukuust;<br \/>saad kasutada k\u00f5iki ravimeid (sh ka hormoone), <br \/>v\u00e4lja arvatud \u00f5li v\u00f5i h\u00fcaluroonhapet sisaldavaid v\u00f5i setetega lahuseid;<br \/>v\u00f5id olla kindel, et seade on l\u00e4binud katsetused salbutamooli, budesoniidi ja ipratroopiumbromiidiga;<br \/>on rahul ning seadmele on andnud oma tunnustuse ka Eesti Allergialiit.<br \/>HEA VIHJE! Kasuta KIWI inhalaatorit ka siis, kui su laps v\u00f5i sa ise olete nohus!<br \/>Inhalaatorist tulev aur pehmendab ninaeritist ja seda on kergem v\u00e4lja nuusata.<br \/>Kui hingamine on kergem, magab laps paremini ja ta tuju on parem! KIWIl on kaasas spetsiaalne ninaotsak, <br \/>aga v\u00e4iksema lapse puhul v\u00f5id kasutada ka maski. <\/p>\n<p><span style=\"text-decoration: underline;\">KIWI PLUS inhalaatori eelised:<\/span><br \/>-pihustatava auru osakesed on v\u00e4ga v\u00e4ikesed (1,51hingamisteed ja inhalaator \u03bcm) <br \/>ning p\u00e4\u00e4sevad s\u00fcgavale hingamisteedesse (eriti oluline alumiste hingamisteede p\u00f5letike korral); <br \/>-huulik kurguprobleemide puhul kasutamiseks; <br \/>liitiumaku, mis peab \u00fche laadimisega vastu kuni 220 minutit;<br \/>-BPA\/DEHP-vaba (bisfenooli- ja ftalaadivaba);<br \/>-maskid on spetsiaalsest SoftTouch materjalist, <br \/>mis hoiab v\u00e4ga h\u00e4sti oma kuju nina ja suu \u00fcmber ega lase aurul kaduma minna;<br \/>-pihustamismaht 0,30 ml\/min, mille t\u00f5ttu on inhalaatori m\u00f5ju kiire;<br \/>-KIWI inhalaator on h\u00e4\u00e4letu (vaiksem kui sosin).<\/p>\n<p>Ainulaadne isepuhastusre\u017eiim teeb seadme eest hoolitsemise mugavaks! <br \/>Uus KIWI on \u00fcks v\u00e4hestest v\u00f5rkinhalaatoritest, <br \/>mil on spetsiaalne 30-sekundiline isepuhastusre\u017eiim. <br \/>See eelis aitab sul seadet t\u00f6\u00f6korras hoida ja v\u00e4hendada ravimikambri ummistumise riski.<br \/>Palun puhasta KIWI inhalaator kohe peale igat kasutamiskorda destilleeritud veega <br \/>(st \u00e4ra kasuta tugeva joana langevat kraanivett ei k\u00fclma ega kuumana) <br \/>ja \u00e4ra j\u00e4ta kunagi soola- v\u00f5i ravimilahust seadme ravimikambrisse. <br \/>Peale puhastamist lase kambril korralikult kuivada!<br \/>\u00c4ra kuivata ravimikambrit r\u00e4tikuga ega torgi seda s\u00f5rme v\u00f5i vatitikuga. <\/p>\n<p><span style=\"text-decoration: underline;\">Tehnilised andmed ja komplekti sisu:<\/span><br \/>\u200bpihustatavate osakeste suurus MMAD (EN 13544-1) 1,51 \u03bcm (osakeste m\u00f5\u00f5tmisel on j\u00e4lgitud vastavust Euroopa prEN13544-1 standardile);<br \/>aerosooli v\u00e4ljutamiskiirus (EN 13544-1) 0,22 ml\/min;<br \/>aerosooli v\u00e4ljund (EN 13544-1) 1,58 ml;<br \/>pihustamismaht 0,30 ml\/min (2 ml NaCl 0,9%);<br \/>ravimikambri maht 8 ml, ravimi j\u00e4\u00e4kmaht 0,1 ml;<br \/>m\u00fcratase 38,2 dB (A) &#8212; vaikne nagu sosin;<br \/>automaatne puhastusre\u017eiim;<br \/>liitiumakud\/kasutamisaeg: umbes 220 minutit \u00fche laadimisega; kokku 300 t\u00e4ists\u00fcklit ehk 1100 tundi (aku ei ole vahetatav);<br \/>komplektis 2 maski (mask lastele alates 1. elukuust ja t\u00e4iskasvanute mask), <br \/>spetsiaalne ninaotsak (vt \u00fceval olevat pilti), laadija ning k\u00f5va vutlar seadme turvaliseks hoidmiseks;<br \/>universaalne alalisvooluadapter komplektis (100-240 V \/ 50-60 Hz).<br \/>KIWI Plus inhalaatoril on 2-aastane garantii. <\/p>\n<p><strong>NB!<\/strong> KIWI ravimikambri garantii on 1 aasta. <br \/>Sagedase kasutamise korral soovitab tootja ravimikambrit <br \/>vahetada \u00fcks kord aastas &#8212; nii tagad parema ravitulemuse.<\/p>\n","protected":false},"excerpt":{"rendered":"<p>KIWI inhalaator on Eestis enimm\u00fc\u00fcdud v\u00f5rkinhalaator. T\u00e4nu 2. p\u00f5lvkonna ravimikambrile on pihustatavad ravimiosakesed v\u00e4iksemad kui paljudel teistel v\u00f5rkinhalaatoritel, mist\u00f5ttu j\u00f5uab ravimi v\u00f5i soolalahuse aur kiiresti ja s\u00fcgavale hingamisteedesse. Eesti enimm\u00fc\u00fcdud v\u00f5rkinhalaator on juba aastaid olnud t\u00f5eline emade ja laste lemmik. Sa saad kasutada KIWI Plus inhalaatorit k\u00f5igil oma pereliikmetel! KIWI inhalaatoriga:v\u00f5id kasutada ravimeid v\u00f5i soolalahust [&hellip;]<\/p>\n","protected":false},"featured_media":125001,"template":"","meta":{"_acf_changed":false},"pwb-brand":[],"product_brand":[],"product_cat":[11715,11709],"product_tag":[],"class_list":{"0":"post-458241","1":"product","2":"type-product","3":"status-publish","4":"has-post-thumbnail","6":"product_cat-hugieenitarbed-ru","7":"product_cat-sootmistoolid-beebi-ja-lastetarbed-mahkimine-hugieen-ru","9":"first","10":"onbackorder","11":"taxable","12":"shipping-taxable","13":"purchasable","14":"product-type-simple"},"exclude_global_add_ons":[],"addons":[],"acf":[],"yoast_head":"<!-- This site is optimized with the Yoast SEO plugin v27.3 - https:\/\/yoast.com\/product\/yoast-seo-wordpress\/ -->\n<title>KIWI Plus inhalaator, \u041f\u0440\u0438\u043d\u0430\u0434\u043b\u0435\u0436\u043d\u043e\u0441\u0442\u0438 \u0434\u043b\u044f \u043c\u043b\u0430\u0434\u0435\u043d\u0446\u0435\u0432, \u0413\u0438\u0433\u0438\u0435\u043d\u0430, Beebipood<\/title>\n<meta name=\"description\" content=\"KIWI Plus inhalaator, KIWI inhalaator on Eestis enimm&uuml;&uuml;dud v&otilde;rkinhalaator. T&auml;nu 2. p&otilde;lvkonna ravimikambrile on pihustatava\" \/>\n<meta name=\"robots\" content=\"index, follow, max-snippet:-1, max-image-preview:large, max-video-preview:-1\" \/>\n<link rel=\"canonical\" href=\"https:\/\/beebipood.ee\/ru\/produkt\/kiwi-plus-inhalaator\/\" \/>\n<meta property=\"og:locale\" content=\"ru_RU\" \/>\n<meta property=\"og:type\" content=\"article\" \/>\n<meta property=\"og:title\" content=\"KIWI Plus inhalaator, \u041f\u0440\u0438\u043d\u0430\u0434\u043b\u0435\u0436\u043d\u043e\u0441\u0442\u0438 \u0434\u043b\u044f \u043c\u043b\u0430\u0434\u0435\u043d\u0446\u0435\u0432, \u0413\u0438\u0433\u0438\u0435\u043d\u0430, Beebipood\" \/>\n<meta property=\"og:description\" content=\"KIWI Plus inhalaator, KIWI inhalaator on Eestis enimm&uuml;&uuml;dud v&otilde;rkinhalaator. T&auml;nu 2. p&otilde;lvkonna ravimikambrile on pihustatava\" \/>\n<meta property=\"og:url\" content=\"https:\/\/beebipood.ee\/ru\/produkt\/kiwi-plus-inhalaator\/\" \/>\n<meta property=\"og:site_name\" content=\"Beebipood\" \/>\n<meta property=\"article:modified_time\" content=\"2025-03-05T05:10:46+00:00\" \/>\n<meta property=\"og:image\" content=\"https:\/\/beebipood.ee\/wp-content\/uploads\/2018\/06\/kiwi_plus_inhalaator-6bd.png\" \/>\n\t<meta property=\"og:image:width\" content=\"800\" \/>\n\t<meta property=\"og:image:height\" content=\"600\" \/>\n\t<meta property=\"og:image:type\" content=\"image\/png\" \/>\n<meta name=\"twitter:card\" content=\"summary_large_image\" \/>\n<meta name=\"twitter:label1\" content=\"\u041f\u0440\u0438\u043c\u0435\u0440\u043d\u043e\u0435 \u0432\u0440\u0435\u043c\u044f \u0434\u043b\u044f \u0447\u0442\u0435\u043d\u0438\u044f\" \/>\n\t<meta name=\"twitter:data1\" content=\"2 \u043c\u0438\u043d\u0443\u0442\u044b\" \/>\n<script type=\"application\/ld+json\" class=\"yoast-schema-graph\">{\"@context\":\"https:\\\/\\\/schema.org\",\"@graph\":[{\"@type\":\"WebPage\",\"@id\":\"https:\\\/\\\/beebipood.ee\\\/ru\\\/produkt\\\/kiwi-plus-inhalaator\\\/\",\"url\":\"https:\\\/\\\/beebipood.ee\\\/ru\\\/produkt\\\/kiwi-plus-inhalaator\\\/\",\"name\":\"KIWI Plus inhalaator, \u041f\u0440\u0438\u043d\u0430\u0434\u043b\u0435\u0436\u043d\u043e\u0441\u0442\u0438 \u0434\u043b\u044f \u043c\u043b\u0430\u0434\u0435\u043d\u0446\u0435\u0432, \u0413\u0438\u0433\u0438\u0435\u043d\u0430, Beebipood\",\"isPartOf\":{\"@id\":\"https:\\\/\\\/beebipood.ee\\\/ru\\\/#website\"},\"primaryImageOfPage\":{\"@id\":\"https:\\\/\\\/beebipood.ee\\\/ru\\\/produkt\\\/kiwi-plus-inhalaator\\\/#primaryimage\"},\"image\":{\"@id\":\"https:\\\/\\\/beebipood.ee\\\/ru\\\/produkt\\\/kiwi-plus-inhalaator\\\/#primaryimage\"},\"thumbnailUrl\":\"https:\\\/\\\/beebipood.ee\\\/wp-content\\\/uploads\\\/2018\\\/06\\\/kiwi_plus_inhalaator-6bd.png\",\"datePublished\":\"2018-06-20T10:11:08+00:00\",\"dateModified\":\"2025-03-05T05:10:46+00:00\",\"description\":\"KIWI Plus inhalaator, KIWI inhalaator on Eestis enimm&uuml;&uuml;dud v&otilde;rkinhalaator. T&auml;nu 2. p&otilde;lvkonna ravimikambrile on pihustatava\",\"breadcrumb\":{\"@id\":\"https:\\\/\\\/beebipood.ee\\\/ru\\\/produkt\\\/kiwi-plus-inhalaator\\\/#breadcrumb\"},\"inLanguage\":\"ru-RU\",\"potentialAction\":[{\"@type\":\"ReadAction\",\"target\":[\"https:\\\/\\\/beebipood.ee\\\/ru\\\/produkt\\\/kiwi-plus-inhalaator\\\/\"]}]},{\"@type\":\"ImageObject\",\"inLanguage\":\"ru-RU\",\"@id\":\"https:\\\/\\\/beebipood.ee\\\/ru\\\/produkt\\\/kiwi-plus-inhalaator\\\/#primaryimage\",\"url\":\"https:\\\/\\\/beebipood.ee\\\/wp-content\\\/uploads\\\/2018\\\/06\\\/kiwi_plus_inhalaator-6bd.png\",\"contentUrl\":\"https:\\\/\\\/beebipood.ee\\\/wp-content\\\/uploads\\\/2018\\\/06\\\/kiwi_plus_inhalaator-6bd.png\",\"width\":800,\"height\":600},{\"@type\":\"BreadcrumbList\",\"@id\":\"https:\\\/\\\/beebipood.ee\\\/ru\\\/produkt\\\/kiwi-plus-inhalaator\\\/#breadcrumb\",\"itemListElement\":[{\"@type\":\"ListItem\",\"position\":1,\"name\":\"Home\",\"item\":\"https:\\\/\\\/beebipood.ee\\\/ru\\\/\"},{\"@type\":\"ListItem\",\"position\":2,\"name\":\"\u041a\u0430\u0442\u0430\u043b\u043e\u0433 \u0442\u043e\u0432\u0430\u0440\u043e\u0432\",\"item\":\"https:\\\/\\\/beebipood.ee\\\/tooted\\\/\"},{\"@type\":\"ListItem\",\"position\":3,\"name\":\"KIWI Plus inhalaator\"}]},{\"@type\":\"WebSite\",\"@id\":\"https:\\\/\\\/beebipood.ee\\\/ru\\\/#website\",\"url\":\"https:\\\/\\\/beebipood.ee\\\/ru\\\/\",\"name\":\"Beebipood\",\"description\":\"Lastekaubad, beebikaubad, m\u00e4nguasjad\",\"publisher\":{\"@id\":\"https:\\\/\\\/beebipood.ee\\\/ru\\\/#organization\"},\"potentialAction\":[{\"@type\":\"SearchAction\",\"target\":{\"@type\":\"EntryPoint\",\"urlTemplate\":\"https:\\\/\\\/beebipood.ee\\\/ru\\\/?s={search_term_string}\"},\"query-input\":{\"@type\":\"PropertyValueSpecification\",\"valueRequired\":true,\"valueName\":\"search_term_string\"}}],\"inLanguage\":\"ru-RU\"},{\"@type\":\"Organization\",\"@id\":\"https:\\\/\\\/beebipood.ee\\\/ru\\\/#organization\",\"name\":\"Beebipood\",\"url\":\"https:\\\/\\\/beebipood.ee\\\/ru\\\/\",\"logo\":{\"@type\":\"ImageObject\",\"inLanguage\":\"ru-RU\",\"@id\":\"https:\\\/\\\/beebipood.ee\\\/ru\\\/#\\\/schema\\\/logo\\\/image\\\/\",\"url\":\"https:\\\/\\\/beebipood.ee\\\/wp-content\\\/uploads\\\/2025\\\/03\\\/beebipood.ee-logo-1.svg\",\"contentUrl\":\"https:\\\/\\\/beebipood.ee\\\/wp-content\\\/uploads\\\/2025\\\/03\\\/beebipood.ee-logo-1.svg\",\"caption\":\"Beebipood\"},\"image\":{\"@id\":\"https:\\\/\\\/beebipood.ee\\\/ru\\\/#\\\/schema\\\/logo\\\/image\\\/\"}}]}<\/script>\n<!-- \/ Yoast SEO plugin. -->","yoast_head_json":{"title":"KIWI Plus inhalaator, \u041f\u0440\u0438\u043d\u0430\u0434\u043b\u0435\u0436\u043d\u043e\u0441\u0442\u0438 \u0434\u043b\u044f \u043c\u043b\u0430\u0434\u0435\u043d\u0446\u0435\u0432, \u0413\u0438\u0433\u0438\u0435\u043d\u0430, Beebipood","description":"KIWI Plus inhalaator, KIWI inhalaator on Eestis enimm&uuml;&uuml;dud v&otilde;rkinhalaator. T&auml;nu 2. p&otilde;lvkonna ravimikambrile on pihustatava","robots":{"index":"index","follow":"follow","max-snippet":"max-snippet:-1","max-image-preview":"max-image-preview:large","max-video-preview":"max-video-preview:-1"},"canonical":"https:\/\/beebipood.ee\/ru\/produkt\/kiwi-plus-inhalaator\/","og_locale":"ru_RU","og_type":"article","og_title":"KIWI Plus inhalaator, \u041f\u0440\u0438\u043d\u0430\u0434\u043b\u0435\u0436\u043d\u043e\u0441\u0442\u0438 \u0434\u043b\u044f \u043c\u043b\u0430\u0434\u0435\u043d\u0446\u0435\u0432, \u0413\u0438\u0433\u0438\u0435\u043d\u0430, Beebipood","og_description":"KIWI Plus inhalaator, KIWI inhalaator on Eestis enimm&uuml;&uuml;dud v&otilde;rkinhalaator. T&auml;nu 2. p&otilde;lvkonna ravimikambrile on pihustatava","og_url":"https:\/\/beebipood.ee\/ru\/produkt\/kiwi-plus-inhalaator\/","og_site_name":"Beebipood","article_modified_time":"2025-03-05T05:10:46+00:00","og_image":[{"width":800,"height":600,"url":"https:\/\/beebipood.ee\/wp-content\/uploads\/2018\/06\/kiwi_plus_inhalaator-6bd.png","type":"image\/png"}],"twitter_card":"summary_large_image","twitter_misc":{"\u041f\u0440\u0438\u043c\u0435\u0440\u043d\u043e\u0435 \u0432\u0440\u0435\u043c\u044f \u0434\u043b\u044f \u0447\u0442\u0435\u043d\u0438\u044f":"2 \u043c\u0438\u043d\u0443\u0442\u044b"},"schema":{"@context":"https:\/\/schema.org","@graph":[{"@type":"WebPage","@id":"https:\/\/beebipood.ee\/ru\/produkt\/kiwi-plus-inhalaator\/","url":"https:\/\/beebipood.ee\/ru\/produkt\/kiwi-plus-inhalaator\/","name":"KIWI Plus inhalaator, \u041f\u0440\u0438\u043d\u0430\u0434\u043b\u0435\u0436\u043d\u043e\u0441\u0442\u0438 \u0434\u043b\u044f \u043c\u043b\u0430\u0434\u0435\u043d\u0446\u0435\u0432, \u0413\u0438\u0433\u0438\u0435\u043d\u0430, Beebipood","isPartOf":{"@id":"https:\/\/beebipood.ee\/ru\/#website"},"primaryImageOfPage":{"@id":"https:\/\/beebipood.ee\/ru\/produkt\/kiwi-plus-inhalaator\/#primaryimage"},"image":{"@id":"https:\/\/beebipood.ee\/ru\/produkt\/kiwi-plus-inhalaator\/#primaryimage"},"thumbnailUrl":"https:\/\/beebipood.ee\/wp-content\/uploads\/2018\/06\/kiwi_plus_inhalaator-6bd.png","datePublished":"2018-06-20T10:11:08+00:00","dateModified":"2025-03-05T05:10:46+00:00","description":"KIWI Plus inhalaator, KIWI inhalaator on Eestis enimm&uuml;&uuml;dud v&otilde;rkinhalaator. T&auml;nu 2. p&otilde;lvkonna ravimikambrile on pihustatava","breadcrumb":{"@id":"https:\/\/beebipood.ee\/ru\/produkt\/kiwi-plus-inhalaator\/#breadcrumb"},"inLanguage":"ru-RU","potentialAction":[{"@type":"ReadAction","target":["https:\/\/beebipood.ee\/ru\/produkt\/kiwi-plus-inhalaator\/"]}]},{"@type":"ImageObject","inLanguage":"ru-RU","@id":"https:\/\/beebipood.ee\/ru\/produkt\/kiwi-plus-inhalaator\/#primaryimage","url":"https:\/\/beebipood.ee\/wp-content\/uploads\/2018\/06\/kiwi_plus_inhalaator-6bd.png","contentUrl":"https:\/\/beebipood.ee\/wp-content\/uploads\/2018\/06\/kiwi_plus_inhalaator-6bd.png","width":800,"height":600},{"@type":"BreadcrumbList","@id":"https:\/\/beebipood.ee\/ru\/produkt\/kiwi-plus-inhalaator\/#breadcrumb","itemListElement":[{"@type":"ListItem","position":1,"name":"Home","item":"https:\/\/beebipood.ee\/ru\/"},{"@type":"ListItem","position":2,"name":"\u041a\u0430\u0442\u0430\u043b\u043e\u0433 \u0442\u043e\u0432\u0430\u0440\u043e\u0432","item":"https:\/\/beebipood.ee\/tooted\/"},{"@type":"ListItem","position":3,"name":"KIWI Plus inhalaator"}]},{"@type":"WebSite","@id":"https:\/\/beebipood.ee\/ru\/#website","url":"https:\/\/beebipood.ee\/ru\/","name":"Beebipood","description":"Lastekaubad, beebikaubad, m\u00e4nguasjad","publisher":{"@id":"https:\/\/beebipood.ee\/ru\/#organization"},"potentialAction":[{"@type":"SearchAction","target":{"@type":"EntryPoint","urlTemplate":"https:\/\/beebipood.ee\/ru\/?s={search_term_string}"},"query-input":{"@type":"PropertyValueSpecification","valueRequired":true,"valueName":"search_term_string"}}],"inLanguage":"ru-RU"},{"@type":"Organization","@id":"https:\/\/beebipood.ee\/ru\/#organization","name":"Beebipood","url":"https:\/\/beebipood.ee\/ru\/","logo":{"@type":"ImageObject","inLanguage":"ru-RU","@id":"https:\/\/beebipood.ee\/ru\/#\/schema\/logo\/image\/","url":"https:\/\/beebipood.ee\/wp-content\/uploads\/2025\/03\/beebipood.ee-logo-1.svg","contentUrl":"https:\/\/beebipood.ee\/wp-content\/uploads\/2025\/03\/beebipood.ee-logo-1.svg","caption":"Beebipood"},"image":{"@id":"https:\/\/beebipood.ee\/ru\/#\/schema\/logo\/image\/"}}]}},"brands":[],"_links":{"self":[{"href":"https:\/\/beebipood.ee\/ru\/wp-json\/wp\/v2\/product\/458241","targetHints":{"allow":["GET"]}}],"collection":[{"href":"https:\/\/beebipood.ee\/ru\/wp-json\/wp\/v2\/product"}],"about":[{"href":"https:\/\/beebipood.ee\/ru\/wp-json\/wp\/v2\/types\/product"}],"wp:featuredmedia":[{"embeddable":true,"href":"https:\/\/beebipood.ee\/ru\/wp-json\/wp\/v2\/media\/125001"}],"wp:attachment":[{"href":"https:\/\/beebipood.ee\/ru\/wp-json\/wp\/v2\/media?parent=458241"}],"wp:term":[{"taxonomy":"pwb-brand","embeddable":true,"href":"https:\/\/beebipood.ee\/ru\/wp-json\/wp\/v2\/pwb-brand?post=458241"},{"taxonomy":"product_brand","embeddable":true,"href":"https:\/\/beebipood.ee\/ru\/wp-json\/wp\/v2\/product_brand?post=458241"},{"taxonomy":"product_cat","embeddable":true,"href":"https:\/\/beebipood.ee\/ru\/wp-json\/wp\/v2\/product_cat?post=458241"},{"taxonomy":"product_tag","embeddable":true,"href":"https:\/\/beebipood.ee\/ru\/wp-json\/wp\/v2\/product_tag?post=458241"}],"curies":[{"name":"wp","href":"https:\/\/api.w.org\/{rel}","templated":true}]}}