{"id":458251,"date":"2018-07-26T09:55:01","date_gmt":"2018-07-26T06:55:01","guid":{"rendered":"https:\/\/beebipood.ee\/toode\/axkid-geggamoja-isekinnituv-paikesekaitse-auto-aknale-dreamer\/"},"modified":"2025-01-09T10:49:08","modified_gmt":"2025-01-09T08:49:08","slug":"axkid-geggamoja-isekinnituv-paikesekaitse-auto-aknale-dreamer","status":"publish","type":"product","link":"https:\/\/beebipood.ee\/ru\/produkt\/axkid-geggamoja-isekinnituv-paikesekaitse-auto-aknale-dreamer\/","title":{"rendered":"Axkid Geggamoja isekinnituv p\u00e4ikesekaitse auto aknale, Dreamer"},"content":{"rendered":"<p>Axkid x Geggamoja p\u00e4ikesekaitsed kinnituvad ise <br \/>ja seet\u00f5ttu saab neid h\u00f5lpsasti akna k\u00fclge kinnitada<br \/>ning soovi korral autode vahel liigutada.<br \/>P\u00e4ikesekaitsed on kokkupandavad, <br \/>et minimeerida ruumi p\u00e4rast nende akendelt eemaldamist. <br \/>Geggamoja kollektsioon on Axkid ja Rootsi laster\u00f5ivaste firma Geggamoja koost\u00f6\u00f6,<br \/>mis on tuntud oma ainulaadse disaini ja kvaliteedi poolest.<br \/>Antud kollektsioon on midagi uut ja midagi, mis meeldiks lastele<br \/>ning, mis julgustaks autos\u00f5itu nautima.<br \/>\u00dches pakendis on kaks t\u00fckki <br \/>Laius: 44cm, k\u00f5rgus: 38cm<\/p>\n","protected":false},"excerpt":{"rendered":"<p>Axkid x Geggamoja p\u00e4ikesekaitsed kinnituvad ise ja seet\u00f5ttu saab neid h\u00f5lpsasti akna k\u00fclge kinnitadaning soovi korral autode vahel liigutada.P\u00e4ikesekaitsed on kokkupandavad, et minimeerida ruumi p\u00e4rast nende akendelt eemaldamist. Geggamoja kollektsioon on Axkid ja Rootsi laster\u00f5ivaste firma Geggamoja koost\u00f6\u00f6,mis on tuntud oma ainulaadse disaini ja kvaliteedi poolest.Antud kollektsioon on midagi uut ja midagi, mis meeldiks lastelening, [&hellip;]<\/p>\n","protected":false},"featured_media":125225,"template":"","meta":{"_acf_changed":false},"pwb-brand":[11955],"product_brand":[],"product_cat":[11813,11727,11725,11871,11797,11791],"product_tag":[],"class_list":{"0":"post-458251","1":"product","2":"type-product","3":"status-publish","4":"has-post-thumbnail","6":"pwb-brand-axkid-ru","7":"product_cat-axkid-ru","8":"product_cat-turvatoolid-hallid-ru","9":"product_cat-lisatarvikud-ru","10":"product_cat-axkid-lisavarustus-ru","11":"product_cat-lisatarvikud-ru-1","12":"product_cat-turvavarustus-ru","13":"pa_manufacturer-axkid-ru","15":"first","16":"instock","17":"taxable","18":"shipping-taxable","19":"purchasable","20":"product-type-simple"},"exclude_global_add_ons":[],"addons":[],"acf":[],"yoast_head":"<!-- This site is optimized with the Yoast SEO plugin v27.3 - https:\/\/yoast.com\/product\/yoast-seo-wordpress\/ -->\n<title>Axkid Geggamoja isekinnituv p\u00e4ikesekaitse auto aknale, Dreamer, \u041d\u041e\u0412\u042b\u0415 \u0422\u041e\u0412\u0410\u0420\u042b, \u041a\u043e\u043b\u044f\u0441\u043a\u0438, \u041f\u0440\u0438\u043d\u0430\u0434\u043b\u0435\u0436\u043d\u043e\u0441\u0442\u0438, \u0410\u0432\u0442\u043e\u043a\u0440\u0435\u0441\u043b\u0430, \u043b\u044e\u043b\u044c\u043a\u0438, \u0421\u043d\u0430\u0440\u044f\u0436\u0435\u043d\u0438\u044f \u0431\u0435\u0437\u043e\u043f\u0430\u0441\u043d\u043e\u0441\u0442\u0438, \u0410\u043a\u0441\u0435\u0441\u0441\u0443\u0430\u0440\u044b, Axkid, Axkid a\u043a\u0441\u0435\u0441\u0441\u0443\u0430\u0440\u044b, Beebipood<\/title>\n<meta name=\"description\" content=\"Axkid Geggamoja isekinnituv p\u00e4ikesekaitse auto aknale, Dreamer, Axkid x Geggamoja p&auml;ikesekaitsed kinnituvad ise ja seet&otilde;ttu saab neid h&amp;ot\" \/>\n<meta name=\"robots\" content=\"index, follow, max-snippet:-1, max-image-preview:large, max-video-preview:-1\" \/>\n<link rel=\"canonical\" href=\"https:\/\/beebipood.ee\/ru\/produkt\/axkid-geggamoja-isekinnituv-paikesekaitse-auto-aknale-dreamer\/\" \/>\n<meta property=\"og:locale\" content=\"ru_RU\" \/>\n<meta property=\"og:type\" content=\"article\" \/>\n<meta property=\"og:title\" content=\"Axkid Geggamoja isekinnituv p\u00e4ikesekaitse auto aknale, Dreamer, \u041d\u041e\u0412\u042b\u0415 \u0422\u041e\u0412\u0410\u0420\u042b, \u041a\u043e\u043b\u044f\u0441\u043a\u0438, \u041f\u0440\u0438\u043d\u0430\u0434\u043b\u0435\u0436\u043d\u043e\u0441\u0442\u0438, \u0410\u0432\u0442\u043e\u043a\u0440\u0435\u0441\u043b\u0430, \u043b\u044e\u043b\u044c\u043a\u0438, \u0421\u043d\u0430\u0440\u044f\u0436\u0435\u043d\u0438\u044f \u0431\u0435\u0437\u043e\u043f\u0430\u0441\u043d\u043e\u0441\u0442\u0438, \u0410\u043a\u0441\u0435\u0441\u0441\u0443\u0430\u0440\u044b, Axkid, Axkid a\u043a\u0441\u0435\u0441\u0441\u0443\u0430\u0440\u044b, Beebipood\" \/>\n<meta property=\"og:description\" content=\"Axkid Geggamoja isekinnituv p\u00e4ikesekaitse auto aknale, Dreamer, Axkid x Geggamoja p&auml;ikesekaitsed kinnituvad ise ja seet&otilde;ttu saab neid h&amp;ot\" \/>\n<meta property=\"og:url\" content=\"https:\/\/beebipood.ee\/ru\/produkt\/axkid-geggamoja-isekinnituv-paikesekaitse-auto-aknale-dreamer\/\" \/>\n<meta property=\"og:site_name\" content=\"Beebipood\" \/>\n<meta property=\"article:modified_time\" content=\"2025-01-09T08:49:08+00:00\" \/>\n<meta property=\"og:image\" content=\"https:\/\/beebipood.ee\/wp-content\/uploads\/2018\/07\/Axkid-Geggamoja-isekinnituv-paikesekaitse-auto-aknale-Dreamer-UUED-TOOTED-Lastevankrid-ja-karud-Lisavarustus-Turvatoolid-hallid-Turvavarustus-Lisatarvikud-Axkid-Axkid-lisavarustus_2-ca8-scaled.jpg\" \/>\n\t<meta property=\"og:image:width\" content=\"2560\" \/>\n\t<meta property=\"og:image:height\" content=\"2560\" \/>\n\t<meta property=\"og:image:type\" content=\"image\/jpeg\" \/>\n<meta name=\"twitter:card\" content=\"summary_large_image\" \/>\n<script type=\"application\/ld+json\" class=\"yoast-schema-graph\">{\"@context\":\"https:\\\/\\\/schema.org\",\"@graph\":[{\"@type\":\"WebPage\",\"@id\":\"https:\\\/\\\/beebipood.ee\\\/ru\\\/produkt\\\/axkid-geggamoja-isekinnituv-paikesekaitse-auto-aknale-dreamer\\\/\",\"url\":\"https:\\\/\\\/beebipood.ee\\\/ru\\\/produkt\\\/axkid-geggamoja-isekinnituv-paikesekaitse-auto-aknale-dreamer\\\/\",\"name\":\"Axkid Geggamoja isekinnituv p\u00e4ikesekaitse auto aknale, Dreamer, \u041d\u041e\u0412\u042b\u0415 \u0422\u041e\u0412\u0410\u0420\u042b, \u041a\u043e\u043b\u044f\u0441\u043a\u0438, \u041f\u0440\u0438\u043d\u0430\u0434\u043b\u0435\u0436\u043d\u043e\u0441\u0442\u0438, \u0410\u0432\u0442\u043e\u043a\u0440\u0435\u0441\u043b\u0430, \u043b\u044e\u043b\u044c\u043a\u0438, \u0421\u043d\u0430\u0440\u044f\u0436\u0435\u043d\u0438\u044f \u0431\u0435\u0437\u043e\u043f\u0430\u0441\u043d\u043e\u0441\u0442\u0438, \u0410\u043a\u0441\u0435\u0441\u0441\u0443\u0430\u0440\u044b, Axkid, Axkid a\u043a\u0441\u0435\u0441\u0441\u0443\u0430\u0440\u044b, Beebipood\",\"isPartOf\":{\"@id\":\"https:\\\/\\\/beebipood.ee\\\/ru\\\/#website\"},\"primaryImageOfPage\":{\"@id\":\"https:\\\/\\\/beebipood.ee\\\/ru\\\/produkt\\\/axkid-geggamoja-isekinnituv-paikesekaitse-auto-aknale-dreamer\\\/#primaryimage\"},\"image\":{\"@id\":\"https:\\\/\\\/beebipood.ee\\\/ru\\\/produkt\\\/axkid-geggamoja-isekinnituv-paikesekaitse-auto-aknale-dreamer\\\/#primaryimage\"},\"thumbnailUrl\":\"https:\\\/\\\/beebipood.ee\\\/wp-content\\\/uploads\\\/2018\\\/07\\\/Axkid-Geggamoja-isekinnituv-paikesekaitse-auto-aknale-Dreamer-UUED-TOOTED-Lastevankrid-ja-karud-Lisavarustus-Turvatoolid-hallid-Turvavarustus-Lisatarvikud-Axkid-Axkid-lisavarustus_2-ca8-scaled.jpg\",\"datePublished\":\"2018-07-26T06:55:01+00:00\",\"dateModified\":\"2025-01-09T08:49:08+00:00\",\"description\":\"Axkid Geggamoja isekinnituv p\u00e4ikesekaitse auto aknale, Dreamer, Axkid x Geggamoja p&auml;ikesekaitsed kinnituvad ise ja seet&otilde;ttu saab neid h&ot\",\"breadcrumb\":{\"@id\":\"https:\\\/\\\/beebipood.ee\\\/ru\\\/produkt\\\/axkid-geggamoja-isekinnituv-paikesekaitse-auto-aknale-dreamer\\\/#breadcrumb\"},\"inLanguage\":\"ru-RU\",\"potentialAction\":[{\"@type\":\"ReadAction\",\"target\":[\"https:\\\/\\\/beebipood.ee\\\/ru\\\/produkt\\\/axkid-geggamoja-isekinnituv-paikesekaitse-auto-aknale-dreamer\\\/\"]}]},{\"@type\":\"ImageObject\",\"inLanguage\":\"ru-RU\",\"@id\":\"https:\\\/\\\/beebipood.ee\\\/ru\\\/produkt\\\/axkid-geggamoja-isekinnituv-paikesekaitse-auto-aknale-dreamer\\\/#primaryimage\",\"url\":\"https:\\\/\\\/beebipood.ee\\\/wp-content\\\/uploads\\\/2018\\\/07\\\/Axkid-Geggamoja-isekinnituv-paikesekaitse-auto-aknale-Dreamer-UUED-TOOTED-Lastevankrid-ja-karud-Lisavarustus-Turvatoolid-hallid-Turvavarustus-Lisatarvikud-Axkid-Axkid-lisavarustus_2-ca8-scaled.jpg\",\"contentUrl\":\"https:\\\/\\\/beebipood.ee\\\/wp-content\\\/uploads\\\/2018\\\/07\\\/Axkid-Geggamoja-isekinnituv-paikesekaitse-auto-aknale-Dreamer-UUED-TOOTED-Lastevankrid-ja-karud-Lisavarustus-Turvatoolid-hallid-Turvavarustus-Lisatarvikud-Axkid-Axkid-lisavarustus_2-ca8-scaled.jpg\",\"width\":2560,\"height\":2560},{\"@type\":\"BreadcrumbList\",\"@id\":\"https:\\\/\\\/beebipood.ee\\\/ru\\\/produkt\\\/axkid-geggamoja-isekinnituv-paikesekaitse-auto-aknale-dreamer\\\/#breadcrumb\",\"itemListElement\":[{\"@type\":\"ListItem\",\"position\":1,\"name\":\"Home\",\"item\":\"https:\\\/\\\/beebipood.ee\\\/ru\\\/\"},{\"@type\":\"ListItem\",\"position\":2,\"name\":\"\u041a\u0430\u0442\u0430\u043b\u043e\u0433 \u0442\u043e\u0432\u0430\u0440\u043e\u0432\",\"item\":\"https:\\\/\\\/beebipood.ee\\\/tooted\\\/\"},{\"@type\":\"ListItem\",\"position\":3,\"name\":\"Axkid Geggamoja isekinnituv p\u00e4ikesekaitse auto aknale, Dreamer\"}]},{\"@type\":\"WebSite\",\"@id\":\"https:\\\/\\\/beebipood.ee\\\/ru\\\/#website\",\"url\":\"https:\\\/\\\/beebipood.ee\\\/ru\\\/\",\"name\":\"Beebipood\",\"description\":\"Lastekaubad, beebikaubad, m\u00e4nguasjad\",\"publisher\":{\"@id\":\"https:\\\/\\\/beebipood.ee\\\/ru\\\/#organization\"},\"potentialAction\":[{\"@type\":\"SearchAction\",\"target\":{\"@type\":\"EntryPoint\",\"urlTemplate\":\"https:\\\/\\\/beebipood.ee\\\/ru\\\/?s={search_term_string}\"},\"query-input\":{\"@type\":\"PropertyValueSpecification\",\"valueRequired\":true,\"valueName\":\"search_term_string\"}}],\"inLanguage\":\"ru-RU\"},{\"@type\":\"Organization\",\"@id\":\"https:\\\/\\\/beebipood.ee\\\/ru\\\/#organization\",\"name\":\"Beebipood\",\"url\":\"https:\\\/\\\/beebipood.ee\\\/ru\\\/\",\"logo\":{\"@type\":\"ImageObject\",\"inLanguage\":\"ru-RU\",\"@id\":\"https:\\\/\\\/beebipood.ee\\\/ru\\\/#\\\/schema\\\/logo\\\/image\\\/\",\"url\":\"https:\\\/\\\/beebipood.ee\\\/wp-content\\\/uploads\\\/2025\\\/03\\\/beebipood.ee-logo-1.svg\",\"contentUrl\":\"https:\\\/\\\/beebipood.ee\\\/wp-content\\\/uploads\\\/2025\\\/03\\\/beebipood.ee-logo-1.svg\",\"caption\":\"Beebipood\"},\"image\":{\"@id\":\"https:\\\/\\\/beebipood.ee\\\/ru\\\/#\\\/schema\\\/logo\\\/image\\\/\"}}]}<\/script>\n<!-- \/ Yoast SEO plugin. -->","yoast_head_json":{"title":"Axkid Geggamoja isekinnituv p\u00e4ikesekaitse auto aknale, Dreamer, \u041d\u041e\u0412\u042b\u0415 \u0422\u041e\u0412\u0410\u0420\u042b, \u041a\u043e\u043b\u044f\u0441\u043a\u0438, \u041f\u0440\u0438\u043d\u0430\u0434\u043b\u0435\u0436\u043d\u043e\u0441\u0442\u0438, \u0410\u0432\u0442\u043e\u043a\u0440\u0435\u0441\u043b\u0430, \u043b\u044e\u043b\u044c\u043a\u0438, \u0421\u043d\u0430\u0440\u044f\u0436\u0435\u043d\u0438\u044f \u0431\u0435\u0437\u043e\u043f\u0430\u0441\u043d\u043e\u0441\u0442\u0438, \u0410\u043a\u0441\u0435\u0441\u0441\u0443\u0430\u0440\u044b, Axkid, Axkid a\u043a\u0441\u0435\u0441\u0441\u0443\u0430\u0440\u044b, Beebipood","description":"Axkid Geggamoja isekinnituv p\u00e4ikesekaitse auto aknale, Dreamer, Axkid x Geggamoja p&auml;ikesekaitsed kinnituvad ise ja seet&otilde;ttu saab neid h&ot","robots":{"index":"index","follow":"follow","max-snippet":"max-snippet:-1","max-image-preview":"max-image-preview:large","max-video-preview":"max-video-preview:-1"},"canonical":"https:\/\/beebipood.ee\/ru\/produkt\/axkid-geggamoja-isekinnituv-paikesekaitse-auto-aknale-dreamer\/","og_locale":"ru_RU","og_type":"article","og_title":"Axkid Geggamoja isekinnituv p\u00e4ikesekaitse auto aknale, Dreamer, \u041d\u041e\u0412\u042b\u0415 \u0422\u041e\u0412\u0410\u0420\u042b, \u041a\u043e\u043b\u044f\u0441\u043a\u0438, \u041f\u0440\u0438\u043d\u0430\u0434\u043b\u0435\u0436\u043d\u043e\u0441\u0442\u0438, \u0410\u0432\u0442\u043e\u043a\u0440\u0435\u0441\u043b\u0430, \u043b\u044e\u043b\u044c\u043a\u0438, \u0421\u043d\u0430\u0440\u044f\u0436\u0435\u043d\u0438\u044f \u0431\u0435\u0437\u043e\u043f\u0430\u0441\u043d\u043e\u0441\u0442\u0438, \u0410\u043a\u0441\u0435\u0441\u0441\u0443\u0430\u0440\u044b, Axkid, Axkid a\u043a\u0441\u0435\u0441\u0441\u0443\u0430\u0440\u044b, Beebipood","og_description":"Axkid Geggamoja isekinnituv p\u00e4ikesekaitse auto aknale, Dreamer, Axkid x Geggamoja p&auml;ikesekaitsed kinnituvad ise ja seet&otilde;ttu saab neid h&ot","og_url":"https:\/\/beebipood.ee\/ru\/produkt\/axkid-geggamoja-isekinnituv-paikesekaitse-auto-aknale-dreamer\/","og_site_name":"Beebipood","article_modified_time":"2025-01-09T08:49:08+00:00","og_image":[{"width":2560,"height":2560,"url":"https:\/\/beebipood.ee\/wp-content\/uploads\/2018\/07\/Axkid-Geggamoja-isekinnituv-paikesekaitse-auto-aknale-Dreamer-UUED-TOOTED-Lastevankrid-ja-karud-Lisavarustus-Turvatoolid-hallid-Turvavarustus-Lisatarvikud-Axkid-Axkid-lisavarustus_2-ca8-scaled.jpg","type":"image\/jpeg"}],"twitter_card":"summary_large_image","schema":{"@context":"https:\/\/schema.org","@graph":[{"@type":"WebPage","@id":"https:\/\/beebipood.ee\/ru\/produkt\/axkid-geggamoja-isekinnituv-paikesekaitse-auto-aknale-dreamer\/","url":"https:\/\/beebipood.ee\/ru\/produkt\/axkid-geggamoja-isekinnituv-paikesekaitse-auto-aknale-dreamer\/","name":"Axkid Geggamoja isekinnituv p\u00e4ikesekaitse auto aknale, Dreamer, \u041d\u041e\u0412\u042b\u0415 \u0422\u041e\u0412\u0410\u0420\u042b, \u041a\u043e\u043b\u044f\u0441\u043a\u0438, \u041f\u0440\u0438\u043d\u0430\u0434\u043b\u0435\u0436\u043d\u043e\u0441\u0442\u0438, \u0410\u0432\u0442\u043e\u043a\u0440\u0435\u0441\u043b\u0430, \u043b\u044e\u043b\u044c\u043a\u0438, \u0421\u043d\u0430\u0440\u044f\u0436\u0435\u043d\u0438\u044f \u0431\u0435\u0437\u043e\u043f\u0430\u0441\u043d\u043e\u0441\u0442\u0438, \u0410\u043a\u0441\u0435\u0441\u0441\u0443\u0430\u0440\u044b, Axkid, Axkid a\u043a\u0441\u0435\u0441\u0441\u0443\u0430\u0440\u044b, Beebipood","isPartOf":{"@id":"https:\/\/beebipood.ee\/ru\/#website"},"primaryImageOfPage":{"@id":"https:\/\/beebipood.ee\/ru\/produkt\/axkid-geggamoja-isekinnituv-paikesekaitse-auto-aknale-dreamer\/#primaryimage"},"image":{"@id":"https:\/\/beebipood.ee\/ru\/produkt\/axkid-geggamoja-isekinnituv-paikesekaitse-auto-aknale-dreamer\/#primaryimage"},"thumbnailUrl":"https:\/\/beebipood.ee\/wp-content\/uploads\/2018\/07\/Axkid-Geggamoja-isekinnituv-paikesekaitse-auto-aknale-Dreamer-UUED-TOOTED-Lastevankrid-ja-karud-Lisavarustus-Turvatoolid-hallid-Turvavarustus-Lisatarvikud-Axkid-Axkid-lisavarustus_2-ca8-scaled.jpg","datePublished":"2018-07-26T06:55:01+00:00","dateModified":"2025-01-09T08:49:08+00:00","description":"Axkid Geggamoja isekinnituv p\u00e4ikesekaitse auto aknale, Dreamer, Axkid x Geggamoja p&auml;ikesekaitsed kinnituvad ise ja seet&otilde;ttu saab neid h&ot","breadcrumb":{"@id":"https:\/\/beebipood.ee\/ru\/produkt\/axkid-geggamoja-isekinnituv-paikesekaitse-auto-aknale-dreamer\/#breadcrumb"},"inLanguage":"ru-RU","potentialAction":[{"@type":"ReadAction","target":["https:\/\/beebipood.ee\/ru\/produkt\/axkid-geggamoja-isekinnituv-paikesekaitse-auto-aknale-dreamer\/"]}]},{"@type":"ImageObject","inLanguage":"ru-RU","@id":"https:\/\/beebipood.ee\/ru\/produkt\/axkid-geggamoja-isekinnituv-paikesekaitse-auto-aknale-dreamer\/#primaryimage","url":"https:\/\/beebipood.ee\/wp-content\/uploads\/2018\/07\/Axkid-Geggamoja-isekinnituv-paikesekaitse-auto-aknale-Dreamer-UUED-TOOTED-Lastevankrid-ja-karud-Lisavarustus-Turvatoolid-hallid-Turvavarustus-Lisatarvikud-Axkid-Axkid-lisavarustus_2-ca8-scaled.jpg","contentUrl":"https:\/\/beebipood.ee\/wp-content\/uploads\/2018\/07\/Axkid-Geggamoja-isekinnituv-paikesekaitse-auto-aknale-Dreamer-UUED-TOOTED-Lastevankrid-ja-karud-Lisavarustus-Turvatoolid-hallid-Turvavarustus-Lisatarvikud-Axkid-Axkid-lisavarustus_2-ca8-scaled.jpg","width":2560,"height":2560},{"@type":"BreadcrumbList","@id":"https:\/\/beebipood.ee\/ru\/produkt\/axkid-geggamoja-isekinnituv-paikesekaitse-auto-aknale-dreamer\/#breadcrumb","itemListElement":[{"@type":"ListItem","position":1,"name":"Home","item":"https:\/\/beebipood.ee\/ru\/"},{"@type":"ListItem","position":2,"name":"\u041a\u0430\u0442\u0430\u043b\u043e\u0433 \u0442\u043e\u0432\u0430\u0440\u043e\u0432","item":"https:\/\/beebipood.ee\/tooted\/"},{"@type":"ListItem","position":3,"name":"Axkid Geggamoja isekinnituv p\u00e4ikesekaitse auto aknale, Dreamer"}]},{"@type":"WebSite","@id":"https:\/\/beebipood.ee\/ru\/#website","url":"https:\/\/beebipood.ee\/ru\/","name":"Beebipood","description":"Lastekaubad, beebikaubad, m\u00e4nguasjad","publisher":{"@id":"https:\/\/beebipood.ee\/ru\/#organization"},"potentialAction":[{"@type":"SearchAction","target":{"@type":"EntryPoint","urlTemplate":"https:\/\/beebipood.ee\/ru\/?s={search_term_string}"},"query-input":{"@type":"PropertyValueSpecification","valueRequired":true,"valueName":"search_term_string"}}],"inLanguage":"ru-RU"},{"@type":"Organization","@id":"https:\/\/beebipood.ee\/ru\/#organization","name":"Beebipood","url":"https:\/\/beebipood.ee\/ru\/","logo":{"@type":"ImageObject","inLanguage":"ru-RU","@id":"https:\/\/beebipood.ee\/ru\/#\/schema\/logo\/image\/","url":"https:\/\/beebipood.ee\/wp-content\/uploads\/2025\/03\/beebipood.ee-logo-1.svg","contentUrl":"https:\/\/beebipood.ee\/wp-content\/uploads\/2025\/03\/beebipood.ee-logo-1.svg","caption":"Beebipood"},"image":{"@id":"https:\/\/beebipood.ee\/ru\/#\/schema\/logo\/image\/"}}]}},"brands":[{"id":11955,"name":"Axkid","slug":"axkid-ru"}],"_links":{"self":[{"href":"https:\/\/beebipood.ee\/ru\/wp-json\/wp\/v2\/product\/458251","targetHints":{"allow":["GET"]}}],"collection":[{"href":"https:\/\/beebipood.ee\/ru\/wp-json\/wp\/v2\/product"}],"about":[{"href":"https:\/\/beebipood.ee\/ru\/wp-json\/wp\/v2\/types\/product"}],"wp:featuredmedia":[{"embeddable":true,"href":"https:\/\/beebipood.ee\/ru\/wp-json\/wp\/v2\/media\/125225"}],"wp:attachment":[{"href":"https:\/\/beebipood.ee\/ru\/wp-json\/wp\/v2\/media?parent=458251"}],"wp:term":[{"taxonomy":"pwb-brand","embeddable":true,"href":"https:\/\/beebipood.ee\/ru\/wp-json\/wp\/v2\/pwb-brand?post=458251"},{"taxonomy":"product_brand","embeddable":true,"href":"https:\/\/beebipood.ee\/ru\/wp-json\/wp\/v2\/product_brand?post=458251"},{"taxonomy":"product_cat","embeddable":true,"href":"https:\/\/beebipood.ee\/ru\/wp-json\/wp\/v2\/product_cat?post=458251"},{"taxonomy":"product_tag","embeddable":true,"href":"https:\/\/beebipood.ee\/ru\/wp-json\/wp\/v2\/product_tag?post=458251"}],"curies":[{"name":"wp","href":"https:\/\/api.w.org\/{rel}","templated":true}]}}