{"id":458257,"date":"2018-08-13T13:44:02","date_gmt":"2018-08-13T10:44:02","guid":{"rendered":"https:\/\/beebipood.ee\/toode\/kummut-snap-kolme-sahtliga\/"},"modified":"2025-01-09T10:49:08","modified_gmt":"2025-01-09T08:49:08","slug":"kummut-snap-kolme-sahtliga","status":"publish","type":"product","link":"https:\/\/beebipood.ee\/ru\/produkt\/kummut-snap-kolme-sahtliga\/","title":{"rendered":"Kummut Snap kolme sahtliga, valge"},"content":{"rendered":"<ul>\n<li>valmistatud p\u00f6\u00f6gi puidust, MDF&#8217;st ja\u00a0melamiinist<\/li>\n<li><span>sisemised komponendid on\u00a0valmistatud\u00a0melamiinist<\/span><\/li>\n<li>viimistlus:\u00a0<span>valge \/ p\u00f6\u00f6k<\/span><\/li>\n<li>sobib nii poisi kui t\u00fcdruku tuppa<\/li>\n<li>valmistamisel on kasutatud kaasaegset tehnoloogiat ja A-klass tarvikuid ning furnituure<\/li>\n<li>parim toode perele kes hindab kvaliteeti ning huvitavat disain<\/li>\n<li>kummutil on kolm mahukat sahtlit<\/li>\n<li>sahtlid on varustatud aeglaselt sulguvate furnituuridega<\/li>\n<li>viimistlemisel on kasutatud ainult sertifitseeritud orgaanilisi v\u00e4rve<\/li>\n<li>toode vastab k\u00f5ikidele\u00a0<span>EN turvastandarditele<\/span><\/li>\n<\/ul>\n","protected":false},"excerpt":{"rendered":"<p>valmistatud p\u00f6\u00f6gi puidust, MDF&#8217;st ja\u00a0melamiinist sisemised komponendid on\u00a0valmistatud\u00a0melamiinist viimistlus:\u00a0valge \/ p\u00f6\u00f6k sobib nii poisi kui t\u00fcdruku tuppa valmistamisel on kasutatud kaasaegset tehnoloogiat ja A-klass tarvikuid ning furnituure parim toode perele kes hindab kvaliteeti ning huvitavat disain kummutil on kolm mahukat sahtlit sahtlid on varustatud aeglaselt sulguvate furnituuridega viimistlemisel on kasutatud ainult sertifitseeritud orgaanilisi v\u00e4rve toode [&hellip;]<\/p>\n","protected":false},"featured_media":125311,"template":"","meta":{"_acf_changed":false},"pwb-brand":[],"product_brand":[],"product_cat":[11627,11623,11789,11793],"product_tag":[],"class_list":{"0":"post-458257","1":"product","2":"type-product","3":"status-publish","4":"has-post-thumbnail","6":"product_cat-kummutid-ru","7":"product_cat-kummutid-kastid-ru","8":"product_cat-lastemoobel-ja-sisustus-ru","9":"product_cat-laos-ru","11":"first","12":"onbackorder","13":"sale","14":"taxable","15":"shipping-taxable","16":"purchasable","17":"product-type-simple"},"exclude_global_add_ons":[],"addons":[],"acf":[],"yoast_head":"<!-- This site is optimized with the Yoast SEO plugin v27.3 - https:\/\/yoast.com\/product\/yoast-seo-wordpress\/ -->\n<title>Kummut Snap kolme sahtliga, valge, K\u043e\u043c\u043e\u0434\u044b, \u044f\u0449\u0438\u043a\u0438, K\u043e\u043c\u043e\u0434\u044b, M\u0435\u0431\u0435\u043b\u044c, Ha c\u043a\u043b\u0430\u0434\u0435, Beebipood<\/title>\n<meta name=\"description\" content=\"Kummut Snap kolme sahtliga, valge, valmistatud p&ouml;&ouml;gi puidust, MDF&#039;st ja&nbsp;melamiinist sisemised komponendid on&nbsp;valmi\" \/>\n<meta name=\"robots\" content=\"index, follow, max-snippet:-1, max-image-preview:large, max-video-preview:-1\" \/>\n<link rel=\"canonical\" href=\"https:\/\/beebipood.ee\/ru\/produkt\/kummut-snap-kolme-sahtliga\/\" \/>\n<meta property=\"og:locale\" content=\"ru_RU\" \/>\n<meta property=\"og:type\" content=\"article\" \/>\n<meta property=\"og:title\" content=\"Kummut Snap kolme sahtliga, valge, K\u043e\u043c\u043e\u0434\u044b, \u044f\u0449\u0438\u043a\u0438, K\u043e\u043c\u043e\u0434\u044b, M\u0435\u0431\u0435\u043b\u044c, Ha c\u043a\u043b\u0430\u0434\u0435, Beebipood\" \/>\n<meta property=\"og:description\" content=\"Kummut Snap kolme sahtliga, valge, valmistatud p&ouml;&ouml;gi puidust, MDF&#039;st ja&nbsp;melamiinist sisemised komponendid on&nbsp;valmi\" \/>\n<meta property=\"og:url\" content=\"https:\/\/beebipood.ee\/ru\/produkt\/kummut-snap-kolme-sahtliga\/\" \/>\n<meta property=\"og:site_name\" content=\"Beebipood\" \/>\n<meta property=\"article:modified_time\" content=\"2025-01-09T08:49:08+00:00\" \/>\n<meta property=\"og:image\" content=\"https:\/\/beebipood.ee\/wp-content\/uploads\/2018\/08\/Kummut-Snap-kolme-sahtliga-UUED-TOOTED-Kummutid-kastid-Kummutid-Lastemoobel-ja-sisustus_1-3a9-scaled.jpg\" \/>\n\t<meta property=\"og:image:width\" content=\"2560\" \/>\n\t<meta property=\"og:image:height\" content=\"2267\" \/>\n\t<meta property=\"og:image:type\" content=\"image\/jpeg\" \/>\n<meta name=\"twitter:card\" content=\"summary_large_image\" \/>\n<script type=\"application\/ld+json\" class=\"yoast-schema-graph\">{\"@context\":\"https:\\\/\\\/schema.org\",\"@graph\":[{\"@type\":\"WebPage\",\"@id\":\"https:\\\/\\\/beebipood.ee\\\/ru\\\/produkt\\\/kummut-snap-kolme-sahtliga\\\/\",\"url\":\"https:\\\/\\\/beebipood.ee\\\/ru\\\/produkt\\\/kummut-snap-kolme-sahtliga\\\/\",\"name\":\"Kummut Snap kolme sahtliga, valge, K\u043e\u043c\u043e\u0434\u044b, \u044f\u0449\u0438\u043a\u0438, K\u043e\u043c\u043e\u0434\u044b, M\u0435\u0431\u0435\u043b\u044c, Ha c\u043a\u043b\u0430\u0434\u0435, Beebipood\",\"isPartOf\":{\"@id\":\"https:\\\/\\\/beebipood.ee\\\/ru\\\/#website\"},\"primaryImageOfPage\":{\"@id\":\"https:\\\/\\\/beebipood.ee\\\/ru\\\/produkt\\\/kummut-snap-kolme-sahtliga\\\/#primaryimage\"},\"image\":{\"@id\":\"https:\\\/\\\/beebipood.ee\\\/ru\\\/produkt\\\/kummut-snap-kolme-sahtliga\\\/#primaryimage\"},\"thumbnailUrl\":\"https:\\\/\\\/beebipood.ee\\\/wp-content\\\/uploads\\\/2018\\\/08\\\/Kummut-Snap-kolme-sahtliga-UUED-TOOTED-Kummutid-kastid-Kummutid-Lastemoobel-ja-sisustus_1-3a9-scaled.jpg\",\"datePublished\":\"2018-08-13T10:44:02+00:00\",\"dateModified\":\"2025-01-09T08:49:08+00:00\",\"description\":\"Kummut Snap kolme sahtliga, valge, valmistatud p&ouml;&ouml;gi puidust, MDF'st ja&nbsp;melamiinist sisemised komponendid on&nbsp;valmi\",\"breadcrumb\":{\"@id\":\"https:\\\/\\\/beebipood.ee\\\/ru\\\/produkt\\\/kummut-snap-kolme-sahtliga\\\/#breadcrumb\"},\"inLanguage\":\"ru-RU\",\"potentialAction\":[{\"@type\":\"ReadAction\",\"target\":[\"https:\\\/\\\/beebipood.ee\\\/ru\\\/produkt\\\/kummut-snap-kolme-sahtliga\\\/\"]}]},{\"@type\":\"ImageObject\",\"inLanguage\":\"ru-RU\",\"@id\":\"https:\\\/\\\/beebipood.ee\\\/ru\\\/produkt\\\/kummut-snap-kolme-sahtliga\\\/#primaryimage\",\"url\":\"https:\\\/\\\/beebipood.ee\\\/wp-content\\\/uploads\\\/2018\\\/08\\\/Kummut-Snap-kolme-sahtliga-UUED-TOOTED-Kummutid-kastid-Kummutid-Lastemoobel-ja-sisustus_1-3a9-scaled.jpg\",\"contentUrl\":\"https:\\\/\\\/beebipood.ee\\\/wp-content\\\/uploads\\\/2018\\\/08\\\/Kummut-Snap-kolme-sahtliga-UUED-TOOTED-Kummutid-kastid-Kummutid-Lastemoobel-ja-sisustus_1-3a9-scaled.jpg\",\"width\":2560,\"height\":2267},{\"@type\":\"BreadcrumbList\",\"@id\":\"https:\\\/\\\/beebipood.ee\\\/ru\\\/produkt\\\/kummut-snap-kolme-sahtliga\\\/#breadcrumb\",\"itemListElement\":[{\"@type\":\"ListItem\",\"position\":1,\"name\":\"Home\",\"item\":\"https:\\\/\\\/beebipood.ee\\\/ru\\\/\"},{\"@type\":\"ListItem\",\"position\":2,\"name\":\"\u041a\u0430\u0442\u0430\u043b\u043e\u0433 \u0442\u043e\u0432\u0430\u0440\u043e\u0432\",\"item\":\"https:\\\/\\\/beebipood.ee\\\/tooted\\\/\"},{\"@type\":\"ListItem\",\"position\":3,\"name\":\"Kummut Snap kolme sahtliga, valge\"}]},{\"@type\":\"WebSite\",\"@id\":\"https:\\\/\\\/beebipood.ee\\\/ru\\\/#website\",\"url\":\"https:\\\/\\\/beebipood.ee\\\/ru\\\/\",\"name\":\"Beebipood\",\"description\":\"Lastekaubad, beebikaubad, m\u00e4nguasjad\",\"publisher\":{\"@id\":\"https:\\\/\\\/beebipood.ee\\\/ru\\\/#organization\"},\"potentialAction\":[{\"@type\":\"SearchAction\",\"target\":{\"@type\":\"EntryPoint\",\"urlTemplate\":\"https:\\\/\\\/beebipood.ee\\\/ru\\\/?s={search_term_string}\"},\"query-input\":{\"@type\":\"PropertyValueSpecification\",\"valueRequired\":true,\"valueName\":\"search_term_string\"}}],\"inLanguage\":\"ru-RU\"},{\"@type\":\"Organization\",\"@id\":\"https:\\\/\\\/beebipood.ee\\\/ru\\\/#organization\",\"name\":\"Beebipood\",\"url\":\"https:\\\/\\\/beebipood.ee\\\/ru\\\/\",\"logo\":{\"@type\":\"ImageObject\",\"inLanguage\":\"ru-RU\",\"@id\":\"https:\\\/\\\/beebipood.ee\\\/ru\\\/#\\\/schema\\\/logo\\\/image\\\/\",\"url\":\"https:\\\/\\\/beebipood.ee\\\/wp-content\\\/uploads\\\/2025\\\/03\\\/beebipood.ee-logo-1.svg\",\"contentUrl\":\"https:\\\/\\\/beebipood.ee\\\/wp-content\\\/uploads\\\/2025\\\/03\\\/beebipood.ee-logo-1.svg\",\"caption\":\"Beebipood\"},\"image\":{\"@id\":\"https:\\\/\\\/beebipood.ee\\\/ru\\\/#\\\/schema\\\/logo\\\/image\\\/\"}}]}<\/script>\n<!-- \/ Yoast SEO plugin. -->","yoast_head_json":{"title":"Kummut Snap kolme sahtliga, valge, K\u043e\u043c\u043e\u0434\u044b, \u044f\u0449\u0438\u043a\u0438, K\u043e\u043c\u043e\u0434\u044b, M\u0435\u0431\u0435\u043b\u044c, Ha c\u043a\u043b\u0430\u0434\u0435, Beebipood","description":"Kummut Snap kolme sahtliga, valge, valmistatud p&ouml;&ouml;gi puidust, MDF'st ja&nbsp;melamiinist sisemised komponendid on&nbsp;valmi","robots":{"index":"index","follow":"follow","max-snippet":"max-snippet:-1","max-image-preview":"max-image-preview:large","max-video-preview":"max-video-preview:-1"},"canonical":"https:\/\/beebipood.ee\/ru\/produkt\/kummut-snap-kolme-sahtliga\/","og_locale":"ru_RU","og_type":"article","og_title":"Kummut Snap kolme sahtliga, valge, K\u043e\u043c\u043e\u0434\u044b, \u044f\u0449\u0438\u043a\u0438, K\u043e\u043c\u043e\u0434\u044b, M\u0435\u0431\u0435\u043b\u044c, Ha c\u043a\u043b\u0430\u0434\u0435, Beebipood","og_description":"Kummut Snap kolme sahtliga, valge, valmistatud p&ouml;&ouml;gi puidust, MDF'st ja&nbsp;melamiinist sisemised komponendid on&nbsp;valmi","og_url":"https:\/\/beebipood.ee\/ru\/produkt\/kummut-snap-kolme-sahtliga\/","og_site_name":"Beebipood","article_modified_time":"2025-01-09T08:49:08+00:00","og_image":[{"width":2560,"height":2267,"url":"https:\/\/beebipood.ee\/wp-content\/uploads\/2018\/08\/Kummut-Snap-kolme-sahtliga-UUED-TOOTED-Kummutid-kastid-Kummutid-Lastemoobel-ja-sisustus_1-3a9-scaled.jpg","type":"image\/jpeg"}],"twitter_card":"summary_large_image","schema":{"@context":"https:\/\/schema.org","@graph":[{"@type":"WebPage","@id":"https:\/\/beebipood.ee\/ru\/produkt\/kummut-snap-kolme-sahtliga\/","url":"https:\/\/beebipood.ee\/ru\/produkt\/kummut-snap-kolme-sahtliga\/","name":"Kummut Snap kolme sahtliga, valge, K\u043e\u043c\u043e\u0434\u044b, \u044f\u0449\u0438\u043a\u0438, K\u043e\u043c\u043e\u0434\u044b, M\u0435\u0431\u0435\u043b\u044c, Ha c\u043a\u043b\u0430\u0434\u0435, Beebipood","isPartOf":{"@id":"https:\/\/beebipood.ee\/ru\/#website"},"primaryImageOfPage":{"@id":"https:\/\/beebipood.ee\/ru\/produkt\/kummut-snap-kolme-sahtliga\/#primaryimage"},"image":{"@id":"https:\/\/beebipood.ee\/ru\/produkt\/kummut-snap-kolme-sahtliga\/#primaryimage"},"thumbnailUrl":"https:\/\/beebipood.ee\/wp-content\/uploads\/2018\/08\/Kummut-Snap-kolme-sahtliga-UUED-TOOTED-Kummutid-kastid-Kummutid-Lastemoobel-ja-sisustus_1-3a9-scaled.jpg","datePublished":"2018-08-13T10:44:02+00:00","dateModified":"2025-01-09T08:49:08+00:00","description":"Kummut Snap kolme sahtliga, valge, valmistatud p&ouml;&ouml;gi puidust, MDF'st ja&nbsp;melamiinist sisemised komponendid on&nbsp;valmi","breadcrumb":{"@id":"https:\/\/beebipood.ee\/ru\/produkt\/kummut-snap-kolme-sahtliga\/#breadcrumb"},"inLanguage":"ru-RU","potentialAction":[{"@type":"ReadAction","target":["https:\/\/beebipood.ee\/ru\/produkt\/kummut-snap-kolme-sahtliga\/"]}]},{"@type":"ImageObject","inLanguage":"ru-RU","@id":"https:\/\/beebipood.ee\/ru\/produkt\/kummut-snap-kolme-sahtliga\/#primaryimage","url":"https:\/\/beebipood.ee\/wp-content\/uploads\/2018\/08\/Kummut-Snap-kolme-sahtliga-UUED-TOOTED-Kummutid-kastid-Kummutid-Lastemoobel-ja-sisustus_1-3a9-scaled.jpg","contentUrl":"https:\/\/beebipood.ee\/wp-content\/uploads\/2018\/08\/Kummut-Snap-kolme-sahtliga-UUED-TOOTED-Kummutid-kastid-Kummutid-Lastemoobel-ja-sisustus_1-3a9-scaled.jpg","width":2560,"height":2267},{"@type":"BreadcrumbList","@id":"https:\/\/beebipood.ee\/ru\/produkt\/kummut-snap-kolme-sahtliga\/#breadcrumb","itemListElement":[{"@type":"ListItem","position":1,"name":"Home","item":"https:\/\/beebipood.ee\/ru\/"},{"@type":"ListItem","position":2,"name":"\u041a\u0430\u0442\u0430\u043b\u043e\u0433 \u0442\u043e\u0432\u0430\u0440\u043e\u0432","item":"https:\/\/beebipood.ee\/tooted\/"},{"@type":"ListItem","position":3,"name":"Kummut Snap kolme sahtliga, valge"}]},{"@type":"WebSite","@id":"https:\/\/beebipood.ee\/ru\/#website","url":"https:\/\/beebipood.ee\/ru\/","name":"Beebipood","description":"Lastekaubad, beebikaubad, m\u00e4nguasjad","publisher":{"@id":"https:\/\/beebipood.ee\/ru\/#organization"},"potentialAction":[{"@type":"SearchAction","target":{"@type":"EntryPoint","urlTemplate":"https:\/\/beebipood.ee\/ru\/?s={search_term_string}"},"query-input":{"@type":"PropertyValueSpecification","valueRequired":true,"valueName":"search_term_string"}}],"inLanguage":"ru-RU"},{"@type":"Organization","@id":"https:\/\/beebipood.ee\/ru\/#organization","name":"Beebipood","url":"https:\/\/beebipood.ee\/ru\/","logo":{"@type":"ImageObject","inLanguage":"ru-RU","@id":"https:\/\/beebipood.ee\/ru\/#\/schema\/logo\/image\/","url":"https:\/\/beebipood.ee\/wp-content\/uploads\/2025\/03\/beebipood.ee-logo-1.svg","contentUrl":"https:\/\/beebipood.ee\/wp-content\/uploads\/2025\/03\/beebipood.ee-logo-1.svg","caption":"Beebipood"},"image":{"@id":"https:\/\/beebipood.ee\/ru\/#\/schema\/logo\/image\/"}}]}},"brands":[],"_links":{"self":[{"href":"https:\/\/beebipood.ee\/ru\/wp-json\/wp\/v2\/product\/458257","targetHints":{"allow":["GET"]}}],"collection":[{"href":"https:\/\/beebipood.ee\/ru\/wp-json\/wp\/v2\/product"}],"about":[{"href":"https:\/\/beebipood.ee\/ru\/wp-json\/wp\/v2\/types\/product"}],"wp:featuredmedia":[{"embeddable":true,"href":"https:\/\/beebipood.ee\/ru\/wp-json\/wp\/v2\/media\/125311"}],"wp:attachment":[{"href":"https:\/\/beebipood.ee\/ru\/wp-json\/wp\/v2\/media?parent=458257"}],"wp:term":[{"taxonomy":"pwb-brand","embeddable":true,"href":"https:\/\/beebipood.ee\/ru\/wp-json\/wp\/v2\/pwb-brand?post=458257"},{"taxonomy":"product_brand","embeddable":true,"href":"https:\/\/beebipood.ee\/ru\/wp-json\/wp\/v2\/product_brand?post=458257"},{"taxonomy":"product_cat","embeddable":true,"href":"https:\/\/beebipood.ee\/ru\/wp-json\/wp\/v2\/product_cat?post=458257"},{"taxonomy":"product_tag","embeddable":true,"href":"https:\/\/beebipood.ee\/ru\/wp-json\/wp\/v2\/product_tag?post=458257"}],"curies":[{"name":"wp","href":"https:\/\/api.w.org\/{rel}","templated":true}]}}